{"id":3973,"date":"2012-07-04T08:20:32","date_gmt":"2012-07-04T08:20:32","guid":{"rendered":"https:\/\/www.allgeier.com\/de\/?page_id=3973"},"modified":"2025-02-05T18:36:50","modified_gmt":"2025-02-05T18:36:50","slug":"allgeier-holding-se-allgeier-holding-se-veroeffentlicht-entscheidung-zur-abgabe-eines-uebernahmeangebotes-an-die-aktionaere-der-easy-software-ag","status":"publish","type":"page","link":"https:\/\/www.allgeier.com\/de\/pressroom\/press-releases\/allgeier-holding-se-allgeier-holding-se-veroeffentlicht-entscheidung-zur-abgabe-eines-uebernahmeangebotes-an-die-aktionaere-der-easy-software-ag\/","title":{"rendered":"ALLGEIER HOLDING SE: Allgeier Holding SE ver\u00f6ffentlicht Entscheidung zur Abgabe eines \u00dcbernahmeangebotes an die Aktion\u00e4re der EASY SOFTWARE AG"},"content":{"rendered":"<table class=\"news_layout\" border=\"0\" cellpadding=\"0\" cellspacing=\"0\">\n<tr>\n<td><\/p>\n<p>ALLGEIER HOLDING SE \/ Schlagwort(e): \u00dcbernahmeangebot<\/p>\n<p>04.07.2012 \/ 10:20<\/p>\n<hr \/>\n<div class=\"break-word\">\n<p> M\u00fcnchen, 04.07.2012 &#8211; Vorstand und Aufsichtsrat der Allgeier Holding SE (WKN 508630 \/ ISIN DE0005086300) haben am gestrigen Dienstag entschieden, den Aktion\u00e4ren der EASY SOFTWARE AG im Wege eines freiwilligen \u00f6ffentlichen \u00dcbernahmeangebots anzubieten, ihre auf den Inhaber lautenden St\u00fcckaktien der EASY SOFTWARE AG zu einem Preis von EUR 4,00 je Aktie in bar zu erwerben. Das Angebot gem\u00e4\u00df \u00a7 10 Absatz 1 i.V.m. \u00a7\u00a7 29, 34 Wp\u00dcG wird unter der Bedingung des Erreichens einer Mindestannahmeschwelle von 75 Prozent des zum Zeitpunkt des Ablaufs der Annahmefrist existierenden Grundkapitals der EASY SOFTWARE AG sowie weiterer in der Angebotsunterlage noch mitzuteilender Bedingungen stehen.<\/p>\n<p> Beide Partner w\u00fcrden von der \u00dcbernahme profitieren: Gemeinsam geh\u00f6ren EASY und Allgeier klar zu den marktf\u00fchrenden Softwareanbietern in Deutschland im ECM-Bereich. Das Produkt- und Leistungsportfolio der EASY mit der starken Expertise und Produktpr\u00e4senz im Bereich Dokumentenmanagement und das der Allgeier mit den Schwerpunkten ERP, ECM und Business Solutions in der Division IT Solutions stellen eine ideale Erg\u00e4nzung dar. Durch ein geb\u00fcndeltes Produkt- und L\u00f6sungsgesch\u00e4ft in diesem Bereich w\u00fcrde eine starke und stabile Einheit mit deutlichem Umsatz- und Ergebnispotential entstehen. Allgeier geht davon aus, dass beide Gesellschaften kulturell gut harmonisieren w\u00fcrden, da sie \u00fcber eine \u00e4hnliche mittelst\u00e4ndische Kultur, vergleichbare strategische Ziele und ein \u00fcbereinstimmendes Marktverst\u00e4ndnis verf\u00fcgen.<\/p>\n<p> Allgeier f\u00fchrt die Gruppenunternehmen nach einem dezentralen F\u00fchrungsprinzip. Auf diese Weise verbindet Allgeier als Full Service-Dienstleister die Vorteile einer internationalen, b\u00f6rsennotierten IT-Gesellschaft &#8211; wie Produktbreite, Gr\u00f6\u00dfe oder Prozessst\u00e4rke &#8211; mit den besonderen Vorz\u00fcgen schlagkr\u00e4ftiger mittelst\u00e4ndischer Einheiten, f\u00fcr die Flexibilit\u00e4t und ein umfassender pers\u00f6nlicher Service eine Selbstverst\u00e4ndlichkeit sind. Alle Gesch\u00e4ftsf\u00fchrer oder Vorst\u00e4nde der Allgeier Unternehmen agieren als selbstst\u00e4ndige Unternehmer im Rahmen strategisch abgestimmter Planungen.<\/p>\n<p> Mit dem an die Aktion\u00e4re der EASY SOFTWARE AG abgegebenen \u00dcbernahmeangebot bekunden Vorstand und Aufsichtsrat der Allgeier Holding SE ihr ernsthaftes Interesse an einer gemeinsamen Zukunft beider Unternehmen unter dem Dach der Allgeier Holding SE.<\/p>\n<p> Kontakt:<br \/> Allgeier Holding SE<br \/> Dr. Christopher Gro\u00dfe<br \/> Wehrlestra\u00dfe 12<br \/> 81679 M\u00fcnchen<br \/> Tel.: +49 (0)89\/998421-0<br \/> Fax: +49 (0)89\/998421-11<br \/> E-Mail: ir@allgeier.com<br \/> Web: www.allgeier.com<\/p>\n<p> Die Allgeier Holding SE mit Sitz in M\u00fcnchen ist eine der f\u00fchrenden Beratungs- und Servicegesellschaften im deutschsprachigen Raum. Mit \u00fcber 2.500 angestellten Mitarbeitern und rund 1.500 freiberuflichen IT-Experten bietet Allgeier ihren Kunden einen Komplettservice-Ansatz von der Konzeption \u00fcber die Umsetzung bis hin zum Betrieb von IT-Landschaften. Sechs Divisionen, jede mit einem fachlichen oder branchenbezogenen Schwerpunkt, arbeiten gemeinsam f\u00fcr \u00fcber 2.000 Kunden aus nahezu allen Branchen. Allgeier verbindet die Expertise und Kundenn\u00e4he mittelst\u00e4ndischer Einheiten mit der Leistungsst\u00e4rke und Flexibilit\u00e4t einer internationalen, b\u00f6rsennotierten Gruppe. Die stark wachsende Gruppe verf\u00fcgt aktuell \u00fcber mehr als 50 Niederlassungen im deutschsprachigen Raum und 23 weitere Standorte im \u00fcbrigen Europa sowie in Indien, Mexiko und den USA. Die Gesellschaft ist am regulierten Markt der Frankfurter Wertpapierb\u00f6rse im General Standard gelistet (WKN 508630 \/ ISIN DE0005086300). Weitere Informationen unter: <a href=\"http:\/\/www.allgeier.com\">www.allgeier.com<\/a>.<\/p>\n<\/div>\n<p>\tEnde der Corporate News<\/p>\n<hr \/>\n<p>04.07.2012 Ver\u00f6ffentlichung einer Corporate News\/Finanznachricht, \u00fcbermittelt durch die DGAP &#8211; ein Unternehmen der EquityStory AG. <br \/>F\u00fcr den Inhalt der Mitteilung ist der Emittent \/ Herausgeber verantwortlich.<\/p>\n<p>Die DGAP Distributionsservices umfassen gesetzliche Meldepflichten, Corporate News\/Finanznachrichten und Pressemitteilungen. <br \/>Medienarchiv unter http:\/\/www.dgap-medientreff.de und http:\/\/www.dgap.de<\/p>\n<hr \/>\n<p><\/td>\n<\/tr>\n<\/table>\n<table class=\"news_layout\" border=\"0\" cellpadding=\"0\" cellspacing=\"0\" width=\"100%\">\n<tr>\n<td>\n<hr \/>\n<\/td>\n<\/tr>\n<tr>\n<td align=\"left\">176566\u00a0\u00a004.07.2012<\/td>\n<\/tr>\n<\/table>\n","protected":false},"excerpt":{"rendered":"<p>ALLGEIER HOLDING SE \/ Schlagwort(e): \u00dcbernahmeangebot 04.07.2012 \/ 10:20 M\u00fcnchen, 04.07.2012 &#8211; Vorstand und Aufsichtsrat der Allgeier Holding SE (WKN 508630 \/ ISIN DE0005086300) haben am gestrigen Dienstag entschieden, den Aktion\u00e4ren der EASY SOFTWARE AG im Wege eines freiwilligen \u00f6ffentlichen<\/p>\n","protected":false},"author":4,"featured_media":0,"parent":1169,"menu_order":0,"comment_status":"close","ping_status":"closed","template":"","meta":{"_acf_changed":false,"footnotes":""},"categories":[7],"tags":[],"class_list":["post-3973","page","type-page","status-publish","hentry","category-pressemitteilungen"],"acf":[],"yoast_head":"<!-- This site is optimized with the Yoast SEO plugin v27.4 - https:\/\/yoast.com\/product\/yoast-seo-wordpress\/ -->\n<title>ALLGEIER HOLDING SE: Allgeier Holding SE ver\u00f6ffentlicht Entscheidung zur Abgabe eines \u00dcbernahmeangebotes an die Aktion\u00e4re der EASY SOFTWARE AG - Allgeier SE<\/title>\n<meta name=\"robots\" content=\"index, follow, max-snippet:-1, max-image-preview:large, max-video-preview:-1\" \/>\n<link rel=\"canonical\" href=\"https:\/\/www.allgeier.com\/de\/pressroom\/press-releases\/allgeier-holding-se-allgeier-holding-se-veroeffentlicht-entscheidung-zur-abgabe-eines-uebernahmeangebotes-an-die-aktionaere-der-easy-software-ag\/\" \/>\n<meta property=\"og:locale\" content=\"de_DE\" \/>\n<meta property=\"og:type\" content=\"article\" \/>\n<meta property=\"og:title\" content=\"ALLGEIER HOLDING SE: Allgeier Holding SE ver\u00f6ffentlicht Entscheidung zur Abgabe eines \u00dcbernahmeangebotes an die Aktion\u00e4re der EASY SOFTWARE AG - Allgeier SE\" \/>\n<meta property=\"og:description\" content=\"ALLGEIER HOLDING SE \/ Schlagwort(e): \u00dcbernahmeangebot 04.07.2012 \/ 10:20 M\u00fcnchen, 04.07.2012 - Vorstand und Aufsichtsrat der Allgeier Holding SE (WKN 508630 \/ ISIN DE0005086300) haben am gestrigen Dienstag entschieden, den Aktion\u00e4ren der EASY SOFTWARE AG im Wege eines freiwilligen \u00f6ffentlichen\" \/>\n<meta property=\"og:url\" content=\"https:\/\/www.allgeier.com\/de\/pressroom\/press-releases\/allgeier-holding-se-allgeier-holding-se-veroeffentlicht-entscheidung-zur-abgabe-eines-uebernahmeangebotes-an-die-aktionaere-der-easy-software-ag\/\" \/>\n<meta property=\"og:site_name\" content=\"Allgeier SE\" \/>\n<meta property=\"article:modified_time\" content=\"2025-02-05T18:36:50+00:00\" \/>\n<meta name=\"twitter:card\" content=\"summary_large_image\" \/>\n<meta name=\"twitter:label1\" content=\"Gesch\u00e4tzte Lesezeit\" \/>\n\t<meta name=\"twitter:data1\" content=\"3\u00a0Minuten\" \/>\n<script type=\"application\/ld+json\" class=\"yoast-schema-graph\">{\"@context\":\"https:\\\/\\\/schema.org\",\"@graph\":[{\"@type\":\"WebPage\",\"@id\":\"https:\\\/\\\/www.allgeier.com\\\/de\\\/pressroom\\\/press-releases\\\/allgeier-holding-se-allgeier-holding-se-veroeffentlicht-entscheidung-zur-abgabe-eines-uebernahmeangebotes-an-die-aktionaere-der-easy-software-ag\\\/\",\"url\":\"https:\\\/\\\/www.allgeier.com\\\/de\\\/pressroom\\\/press-releases\\\/allgeier-holding-se-allgeier-holding-se-veroeffentlicht-entscheidung-zur-abgabe-eines-uebernahmeangebotes-an-die-aktionaere-der-easy-software-ag\\\/\",\"name\":\"ALLGEIER HOLDING SE: Allgeier Holding SE ver\u00f6ffentlicht Entscheidung zur Abgabe eines \u00dcbernahmeangebotes an die Aktion\u00e4re der EASY SOFTWARE AG - Allgeier SE\",\"isPartOf\":{\"@id\":\"https:\\\/\\\/www.allgeier.com\\\/de\\\/#website\"},\"datePublished\":\"2012-07-04T08:20:32+00:00\",\"dateModified\":\"2025-02-05T18:36:50+00:00\",\"breadcrumb\":{\"@id\":\"https:\\\/\\\/www.allgeier.com\\\/de\\\/pressroom\\\/press-releases\\\/allgeier-holding-se-allgeier-holding-se-veroeffentlicht-entscheidung-zur-abgabe-eines-uebernahmeangebotes-an-die-aktionaere-der-easy-software-ag\\\/#breadcrumb\"},\"inLanguage\":\"de\",\"potentialAction\":[{\"@type\":\"ReadAction\",\"target\":[\"https:\\\/\\\/www.allgeier.com\\\/de\\\/pressroom\\\/press-releases\\\/allgeier-holding-se-allgeier-holding-se-veroeffentlicht-entscheidung-zur-abgabe-eines-uebernahmeangebotes-an-die-aktionaere-der-easy-software-ag\\\/\"]}]},{\"@type\":\"BreadcrumbList\",\"@id\":\"https:\\\/\\\/www.allgeier.com\\\/de\\\/pressroom\\\/press-releases\\\/allgeier-holding-se-allgeier-holding-se-veroeffentlicht-entscheidung-zur-abgabe-eines-uebernahmeangebotes-an-die-aktionaere-der-easy-software-ag\\\/#breadcrumb\",\"itemListElement\":[{\"@type\":\"ListItem\",\"position\":1,\"name\":\"Home\",\"item\":\"https:\\\/\\\/www.allgeier.com\\\/de\\\/\"},{\"@type\":\"ListItem\",\"position\":2,\"name\":\"Presse\",\"item\":\"https:\\\/\\\/www.allgeier.com\\\/de\\\/pressroom\\\/\"},{\"@type\":\"ListItem\",\"position\":3,\"name\":\"Pressemitteilungen\",\"item\":\"https:\\\/\\\/www.allgeier.com\\\/de\\\/pressroom\\\/press-releases\\\/\"},{\"@type\":\"ListItem\",\"position\":4,\"name\":\"ALLGEIER HOLDING SE: Allgeier Holding SE ver\u00f6ffentlicht Entscheidung zur Abgabe eines \u00dcbernahmeangebotes an die Aktion\u00e4re der EASY SOFTWARE AG\"}]},{\"@type\":\"WebSite\",\"@id\":\"https:\\\/\\\/www.allgeier.com\\\/de\\\/#website\",\"url\":\"https:\\\/\\\/www.allgeier.com\\\/de\\\/\",\"name\":\"Allgeier SE\",\"description\":\"Software &amp; IT Services for digital transformation\",\"potentialAction\":[{\"@type\":\"SearchAction\",\"target\":{\"@type\":\"EntryPoint\",\"urlTemplate\":\"https:\\\/\\\/www.allgeier.com\\\/de\\\/?s={search_term_string}\"},\"query-input\":{\"@type\":\"PropertyValueSpecification\",\"valueRequired\":true,\"valueName\":\"search_term_string\"}}],\"inLanguage\":\"de\"}]}<\/script>\n<!-- \/ Yoast SEO plugin. -->","yoast_head_json":{"title":"ALLGEIER HOLDING SE: Allgeier Holding SE ver\u00f6ffentlicht Entscheidung zur Abgabe eines \u00dcbernahmeangebotes an die Aktion\u00e4re der EASY SOFTWARE AG - Allgeier SE","robots":{"index":"index","follow":"follow","max-snippet":"max-snippet:-1","max-image-preview":"max-image-preview:large","max-video-preview":"max-video-preview:-1"},"canonical":"https:\/\/www.allgeier.com\/de\/pressroom\/press-releases\/allgeier-holding-se-allgeier-holding-se-veroeffentlicht-entscheidung-zur-abgabe-eines-uebernahmeangebotes-an-die-aktionaere-der-easy-software-ag\/","og_locale":"de_DE","og_type":"article","og_title":"ALLGEIER HOLDING SE: Allgeier Holding SE ver\u00f6ffentlicht Entscheidung zur Abgabe eines \u00dcbernahmeangebotes an die Aktion\u00e4re der EASY SOFTWARE AG - Allgeier SE","og_description":"ALLGEIER HOLDING SE \/ Schlagwort(e): \u00dcbernahmeangebot 04.07.2012 \/ 10:20 M\u00fcnchen, 04.07.2012 - Vorstand und Aufsichtsrat der Allgeier Holding SE (WKN 508630 \/ ISIN DE0005086300) haben am gestrigen Dienstag entschieden, den Aktion\u00e4ren der EASY SOFTWARE AG im Wege eines freiwilligen \u00f6ffentlichen","og_url":"https:\/\/www.allgeier.com\/de\/pressroom\/press-releases\/allgeier-holding-se-allgeier-holding-se-veroeffentlicht-entscheidung-zur-abgabe-eines-uebernahmeangebotes-an-die-aktionaere-der-easy-software-ag\/","og_site_name":"Allgeier SE","article_modified_time":"2025-02-05T18:36:50+00:00","twitter_card":"summary_large_image","twitter_misc":{"Gesch\u00e4tzte Lesezeit":"3\u00a0Minuten"},"schema":{"@context":"https:\/\/schema.org","@graph":[{"@type":"WebPage","@id":"https:\/\/www.allgeier.com\/de\/pressroom\/press-releases\/allgeier-holding-se-allgeier-holding-se-veroeffentlicht-entscheidung-zur-abgabe-eines-uebernahmeangebotes-an-die-aktionaere-der-easy-software-ag\/","url":"https:\/\/www.allgeier.com\/de\/pressroom\/press-releases\/allgeier-holding-se-allgeier-holding-se-veroeffentlicht-entscheidung-zur-abgabe-eines-uebernahmeangebotes-an-die-aktionaere-der-easy-software-ag\/","name":"ALLGEIER HOLDING SE: Allgeier Holding SE ver\u00f6ffentlicht Entscheidung zur Abgabe eines \u00dcbernahmeangebotes an die Aktion\u00e4re der EASY SOFTWARE AG - Allgeier SE","isPartOf":{"@id":"https:\/\/www.allgeier.com\/de\/#website"},"datePublished":"2012-07-04T08:20:32+00:00","dateModified":"2025-02-05T18:36:50+00:00","breadcrumb":{"@id":"https:\/\/www.allgeier.com\/de\/pressroom\/press-releases\/allgeier-holding-se-allgeier-holding-se-veroeffentlicht-entscheidung-zur-abgabe-eines-uebernahmeangebotes-an-die-aktionaere-der-easy-software-ag\/#breadcrumb"},"inLanguage":"de","potentialAction":[{"@type":"ReadAction","target":["https:\/\/www.allgeier.com\/de\/pressroom\/press-releases\/allgeier-holding-se-allgeier-holding-se-veroeffentlicht-entscheidung-zur-abgabe-eines-uebernahmeangebotes-an-die-aktionaere-der-easy-software-ag\/"]}]},{"@type":"BreadcrumbList","@id":"https:\/\/www.allgeier.com\/de\/pressroom\/press-releases\/allgeier-holding-se-allgeier-holding-se-veroeffentlicht-entscheidung-zur-abgabe-eines-uebernahmeangebotes-an-die-aktionaere-der-easy-software-ag\/#breadcrumb","itemListElement":[{"@type":"ListItem","position":1,"name":"Home","item":"https:\/\/www.allgeier.com\/de\/"},{"@type":"ListItem","position":2,"name":"Presse","item":"https:\/\/www.allgeier.com\/de\/pressroom\/"},{"@type":"ListItem","position":3,"name":"Pressemitteilungen","item":"https:\/\/www.allgeier.com\/de\/pressroom\/press-releases\/"},{"@type":"ListItem","position":4,"name":"ALLGEIER HOLDING SE: Allgeier Holding SE ver\u00f6ffentlicht Entscheidung zur Abgabe eines \u00dcbernahmeangebotes an die Aktion\u00e4re der EASY SOFTWARE AG"}]},{"@type":"WebSite","@id":"https:\/\/www.allgeier.com\/de\/#website","url":"https:\/\/www.allgeier.com\/de\/","name":"Allgeier SE","description":"Software &amp; IT Services for digital transformation","potentialAction":[{"@type":"SearchAction","target":{"@type":"EntryPoint","urlTemplate":"https:\/\/www.allgeier.com\/de\/?s={search_term_string}"},"query-input":{"@type":"PropertyValueSpecification","valueRequired":true,"valueName":"search_term_string"}}],"inLanguage":"de"}]}},"_links":{"self":[{"href":"https:\/\/www.allgeier.com\/de\/wp-json\/wp\/v2\/pages\/3973","targetHints":{"allow":["GET"]}}],"collection":[{"href":"https:\/\/www.allgeier.com\/de\/wp-json\/wp\/v2\/pages"}],"about":[{"href":"https:\/\/www.allgeier.com\/de\/wp-json\/wp\/v2\/types\/page"}],"author":[{"embeddable":true,"href":"https:\/\/www.allgeier.com\/de\/wp-json\/wp\/v2\/users\/4"}],"replies":[{"embeddable":true,"href":"https:\/\/www.allgeier.com\/de\/wp-json\/wp\/v2\/comments?post=3973"}],"version-history":[{"count":1,"href":"https:\/\/www.allgeier.com\/de\/wp-json\/wp\/v2\/pages\/3973\/revisions"}],"predecessor-version":[{"id":3974,"href":"https:\/\/www.allgeier.com\/de\/wp-json\/wp\/v2\/pages\/3973\/revisions\/3974"}],"up":[{"embeddable":true,"href":"https:\/\/www.allgeier.com\/de\/wp-json\/wp\/v2\/pages\/1169"}],"wp:attachment":[{"href":"https:\/\/www.allgeier.com\/de\/wp-json\/wp\/v2\/media?parent=3973"}],"wp:term":[{"taxonomy":"category","embeddable":true,"href":"https:\/\/www.allgeier.com\/de\/wp-json\/wp\/v2\/categories?post=3973"},{"taxonomy":"post_tag","embeddable":true,"href":"https:\/\/www.allgeier.com\/de\/wp-json\/wp\/v2\/tags?post=3973"}],"curies":[{"name":"wp","href":"https:\/\/api.w.org\/{rel}","templated":true}]}}