{"id":3991,"date":"2010-07-30T12:51:08","date_gmt":"2010-07-30T12:51:08","guid":{"rendered":"https:\/\/www.allgeier.com\/de\/?page_id=3991"},"modified":"2025-02-05T18:36:52","modified_gmt":"2025-02-05T18:36:52","slug":"allgeier-und-terna-schmieden-erp-allianz","status":"publish","type":"page","link":"https:\/\/www.allgeier.com\/de\/pressroom\/press-releases\/allgeier-und-terna-schmieden-erp-allianz\/","title":{"rendered":"Allgeier und Terna schmieden ERP-Allianz"},"content":{"rendered":"<p><b>ALLGEIER HOLDING AG \/ Firmen\u00fcbernahme<\/b>30.07.2010 14:51Ver\u00f6ffentlichung einer Corporate News, \u00fcbermitteltdurch die DGAP &#8211; ein Unternehmen der EquityStory AG.F\u00fcr den Inhalt der Mitteilung ist der Emittent \/ Herausgeber verantwortlich.&#8212;&#8212;&#8212;&#8212;&#8212;&#8212;&#8212;&#8212;&#8212;&#8212;&#8212;&#8212;&#8212;&#8212;&#8212;&#8212;&#8212;&#8212;&#8212;&#8212;&#8212;&#8212;&#8212;&#8212;&#8212;M\u00fcnchen, Innsbruck 30. Juli 2010 &#8211; Die Terna GmbH und der deutscheIT-Dienstleister, Allgeier Holding AG, geben eine strategische Allianz f\u00fcrdie Vermarktung von Business Softwareapplikationen bekannt. Hierzubeteiligt sich Allgeier mit 100% an Terna, einem Anbieter von internationalf\u00fchrenden ERP-Softwarel\u00f6sungen mit Sitz in Innsbruck und Niederlassungen inN\u00fcrnberg, Wien, Linz und Zug.Starkes Wachstum, kontinuierlich positive ErgebnisseDie Terna-Gruppe besch\u00e4ftigt 90 Mitarbeiter und erzielte im Gesch\u00e4ftsjahr2009 einen Umsatz von \u00fcber 10 Mio. Euro. In den kommenden Jahren wird einweiteres Umsatzwachstum erwartet. In der Vergangenheit konnte dieGesellschaft durch ein deutliches Wachstum, kontinuierlich positiveErgebnisse und eine starke Marktpr\u00e4senz \u00fcberzeugen. Terna ist fokussiertauf den Vertrieb und die Implementierung der international f\u00fchrendenERP-Softwarel\u00f6sungen Microsoft Dynamics AX und Lawson M3. Das Unternehmenz\u00e4hlt zu den Top 2 Vertriebspartnern f\u00fcr Lawson-L\u00f6sungen in Europa und istdie Nummer 2 bei der Vermarktung von Microsoft Dynamics AX in \u00d6sterreich.Durch strategische Partnerschaften mit international f\u00fchrenden Herstellernwie Microsoft, Lawson und IBM konnte innerhalb von f\u00fcnf Jahren einmittelst\u00e4ndisches IT-Unternehmen aufgebaut werden, das insgesamt mehr als160 ERP-Kunden betreut.Mit den Kernkompetenzen ERP-Software und Gesch\u00e4ftsprozessmanagement bietetdas Unternehmen seinen Kunden nicht nur die softwareseitige Abbildung derGesch\u00e4ftsanforderungen, sondern sieht sich vor allem auch als Partnerseiner Kunden, wenn es darum geht, die Wettbewerbsf\u00e4higkeit durch dieOptimierung von Unternehmensabl\u00e4ufen zu steigern.Vermarktung der ERP-L\u00f6sungen in der D-A-CH-RegionTerna gewinnt mit Allgeier einen strategischen Partner, um den Kunden einnoch breiteres Kompetenzspektrum zu bieten und das geplante Wachstum in derD-A-CH-Region zu realisieren. Terna ist schon heute eines der am st\u00e4rkstenwachsenden IT-Unternehmen \u00d6sterreichs. Mit Allgeier steigt derERP-Spezialist nun zu einem der wichtigsten Anbieter im gesamtendeutschsprachigen ERP-Markt auf.Im April dieses Jahres hat die Allgeier Holding bereits die Mehrheit an derSchweizerischen BSR &amp; Partner AG erworben und damit ihr Gesch\u00e4ftsfeldIT-Solutions gest\u00e4rkt. Mit Terna wird dieser Bereich ausgebaut und derwachstumsstarke Markt f\u00fcr ERP-L\u00f6sungen bedient. Hierzu wird Terna von\u00d6sterreich aus die Vermarktung ihres L\u00f6sungsangebots auch in Deutschlandund in der Schweiz vorantreiben und dazu das weit gef\u00e4cherte Netzwerk derAllgeier Gesellschaften nutzen.Terna Gesch\u00e4ftsf\u00fchrer bleiben an BordTerna wurde 2005 von Christian Kranebitter, Peter Bereiter und ReinhardPalaver gegr\u00fcndet. Im Zuge des Verkaufs ihrer Anteile haben sich diebisherigen, gesch\u00e4ftsf\u00fchrenden Gesellschafter mit einem Aktienpaket an derAllgeier Holding AG beteiligt. Sie werden weiterhin die unternehmerischeVerantwortung tragen und als Gesch\u00e4ftsf\u00fchrer der Terna-Gruppe vorstehen.\u00dcber Terna: Die Terna GmbH wurde im August 2005 gegr\u00fcndet. Durch strategischePartnerschaften mit international f\u00fchrenden Herstellern wie Microsoft,Lawson und IBM konnte innerhalb von wenigen Jahren ein mittelst\u00e4ndischesIT-Unternehmen aufgebaut werden, welches heute zu den wichtigsten Anbieternvon ERP Softwarel\u00f6sungen im deutschsprachigen Raum geh\u00f6rt. Mittlerweilebesch\u00e4ftigt Terna mit Hauptsitz in Innsbruck 90 Mitarbeiter an insgesamtf\u00fcnf Standorten in \u00d6sterreich (Innsbruck, Wien, Linz), Deutschland(N\u00fcrnberg) und in der Schweiz (Zug). Die Kernkompetenzen umfassen dieImplementierung von ERP-Software im gehobenen Mittelstand, die Analyse undOptimierung von Gesch\u00e4ftsprozessen sowie die Auswahl optimal passenderBusiness-Software. Eindeutiges Differenzierungsmerkmal von Terna gegen\u00fcberdem Wettbewerb ist, dass sich Terna nicht ausschlie\u00dflich auf die technischeImplementierung von ERP-L\u00f6sungen konzentriert, sondern vor allem dieAnalyse und Optimierung bzw. Vereinfachung von Gesch\u00e4ftsprozessen in denVordergrund r\u00fcckt, um Kunden den gr\u00f6\u00dftm\u00f6glichen Nutzen bei ERP-Projektenverschaffen zu k\u00f6nnen.Kontakt:Allgeier Holding AGVorstandWehrlestr. 1281679 M\u00fcnchenTel. 089\/998421-0Fax  089\/998421-11www.allgeier.comKurzprofil Allgeier Holding AG:Die Allgeier Holding AG ist eine b\u00f6rsennotierte Dienstleistungsgruppe mitSitz in M\u00fcnchen. Die Unternehmen der Allgeier Gruppe konzentrieren sich aufden wachsenden Markt f\u00fcr IT Services sowie angrenzende Dienstleistungen zurFlexibilisierung von Arbeits- und Kostenstrukturen. Die Unternehmen derAllgeier Gruppe werden unter dem Dach der Allgeier Holding AG jeweils voneigenen Gesch\u00e4ftsf\u00fchrungen geleitet. Die einzelnen Gesellschaften arbeitenim Sinne mittelst\u00e4ndischer Unternehmen eigenst\u00e4ndig und nutzen zugleich dasgesamte Service- und Leistungsspektrum der Unternehmensgruppe. Die Holding\u00fcbernimmt dabei insbesondere die strategische Steuerung, das Management desGruppenwachstums, Konzernfinanzierung und -controlling sowie weiterezentrale Funktionen. Die Allgeier Gruppe umfasst 15 operativeTochtergesellschaften mit insgesamt 1.250 festen und 1.300 freienMitarbeitern und betreut \u00fcber 2.400 Kunden aus allen Branchen. InDeutschland verf\u00fcgt die Gesellschaft \u00fcber 42 Niederlassungen und 10 weiterein den Niederlanden, Belgien, Rum\u00e4nien, der Schweiz und \u00d6sterreich. DieAllgeier Holding AG ist am regulierten Markt der Frankfurter B\u00f6rse imSegment General Standard notiert (WKN 508630\/ISIN DE0005086300). WeitereInformationen unter: www.allgeier.com.30.07.2010 Ad-hoc-Meldungen, Finanznachrichten und Pressemitteilungen \u00fcbermittelt durch die DGAP.Medienarchiv unter http:\/\/www.dgap-medientreff.de und http:\/\/www.dgap.de&#8212;&#8212;&#8212;&#8212;&#8212;&#8212;&#8212;&#8212;&#8212;&#8212;&#8212;&#8212;&#8212;&#8212;&#8212;&#8212;&#8212;&#8212;&#8212;&#8212;&#8212;&#8212;&#8212;&#8212;&#8212; Sprache:      DeutschUnternehmen:  ALLGEIER HOLDING AG              Wehrlestra\u00dfe 12              81679 M\u00fcnchen              DeutschlandTelefon:      +49 (0) 89 &#8211; 99 84 21 0Fax:          +49 (0) 89 &#8211; 99 84 21 11E-Mail:       info@allgeier.comInternet:     http:\/\/www.allgeier.comISIN:         DE0005086300WKN:          508630Indizes:      CDAXB\u00f6rsen:       Regulierter Markt in Frankfurt (General Standard);              Freiverkehr in Berlin, D\u00fcsseldorf, Stuttgart, Hamburg Ende der Mitteilung                             DGAP News-Service &#8212;&#8212;&#8212;&#8212;&#8212;&#8212;&#8212;&#8212;&#8212;&#8212;&#8212;&#8212;&#8212;&#8212;&#8212;&#8212;&#8212;&#8212;&#8212;&#8212;&#8212;&#8212;&#8212;&#8212;&#8212;<\/p>\n","protected":false},"excerpt":{"rendered":"<p>M\u00fcnchen, Innsbruck 30. Juli 2010 &#8211; Die Terna GmbH und der deutsche IT-Dienstleister, Allgeier Holding AG, geben eine strategische Allianz f\u00fcr die Vermarktung von Business Softwareapplikationen bekannt. Hierzu beteiligt sich Allgeier mit 100% an Terna, einem Anbieter von international f\u00fchrenden ERP-Softwarel\u00f6sungen<\/p>\n","protected":false},"author":4,"featured_media":0,"parent":1169,"menu_order":0,"comment_status":"close","ping_status":"closed","template":"","meta":{"_acf_changed":false,"footnotes":""},"categories":[7],"tags":[],"class_list":["post-3991","page","type-page","status-publish","hentry","category-pressemitteilungen"],"acf":[],"yoast_head":"<!-- This site is optimized with the Yoast SEO plugin v27.4 - https:\/\/yoast.com\/product\/yoast-seo-wordpress\/ -->\n<title>Allgeier und Terna schmieden ERP-Allianz - Allgeier SE<\/title>\n<meta name=\"robots\" content=\"index, follow, max-snippet:-1, max-image-preview:large, max-video-preview:-1\" \/>\n<link rel=\"canonical\" href=\"https:\/\/www.allgeier.com\/de\/pressroom\/press-releases\/allgeier-und-terna-schmieden-erp-allianz\/\" \/>\n<meta property=\"og:locale\" content=\"de_DE\" \/>\n<meta property=\"og:type\" content=\"article\" \/>\n<meta property=\"og:title\" content=\"Allgeier und Terna schmieden ERP-Allianz - Allgeier SE\" \/>\n<meta property=\"og:description\" content=\"M\u00fcnchen, Innsbruck 30. Juli 2010 - Die Terna GmbH und der deutsche IT-Dienstleister, Allgeier Holding AG, geben eine strategische Allianz f\u00fcr die Vermarktung von Business Softwareapplikationen bekannt. Hierzu beteiligt sich Allgeier mit 100% an Terna, einem Anbieter von international f\u00fchrenden ERP-Softwarel\u00f6sungen\" \/>\n<meta property=\"og:url\" content=\"https:\/\/www.allgeier.com\/de\/pressroom\/press-releases\/allgeier-und-terna-schmieden-erp-allianz\/\" \/>\n<meta property=\"og:site_name\" content=\"Allgeier SE\" \/>\n<meta property=\"article:modified_time\" content=\"2025-02-05T18:36:52+00:00\" \/>\n<meta name=\"twitter:card\" content=\"summary_large_image\" \/>\n<meta name=\"twitter:label1\" content=\"Gesch\u00e4tzte Lesezeit\" \/>\n\t<meta name=\"twitter:data1\" content=\"4\u00a0Minuten\" \/>\n<script type=\"application\/ld+json\" class=\"yoast-schema-graph\">{\"@context\":\"https:\\\/\\\/schema.org\",\"@graph\":[{\"@type\":\"WebPage\",\"@id\":\"https:\\\/\\\/www.allgeier.com\\\/de\\\/pressroom\\\/press-releases\\\/allgeier-und-terna-schmieden-erp-allianz\\\/\",\"url\":\"https:\\\/\\\/www.allgeier.com\\\/de\\\/pressroom\\\/press-releases\\\/allgeier-und-terna-schmieden-erp-allianz\\\/\",\"name\":\"Allgeier und Terna schmieden ERP-Allianz - Allgeier SE\",\"isPartOf\":{\"@id\":\"https:\\\/\\\/www.allgeier.com\\\/de\\\/#website\"},\"datePublished\":\"2010-07-30T12:51:08+00:00\",\"dateModified\":\"2025-02-05T18:36:52+00:00\",\"breadcrumb\":{\"@id\":\"https:\\\/\\\/www.allgeier.com\\\/de\\\/pressroom\\\/press-releases\\\/allgeier-und-terna-schmieden-erp-allianz\\\/#breadcrumb\"},\"inLanguage\":\"de\",\"potentialAction\":[{\"@type\":\"ReadAction\",\"target\":[\"https:\\\/\\\/www.allgeier.com\\\/de\\\/pressroom\\\/press-releases\\\/allgeier-und-terna-schmieden-erp-allianz\\\/\"]}]},{\"@type\":\"BreadcrumbList\",\"@id\":\"https:\\\/\\\/www.allgeier.com\\\/de\\\/pressroom\\\/press-releases\\\/allgeier-und-terna-schmieden-erp-allianz\\\/#breadcrumb\",\"itemListElement\":[{\"@type\":\"ListItem\",\"position\":1,\"name\":\"Home\",\"item\":\"https:\\\/\\\/www.allgeier.com\\\/de\\\/\"},{\"@type\":\"ListItem\",\"position\":2,\"name\":\"Presse\",\"item\":\"https:\\\/\\\/www.allgeier.com\\\/de\\\/pressroom\\\/\"},{\"@type\":\"ListItem\",\"position\":3,\"name\":\"Pressemitteilungen\",\"item\":\"https:\\\/\\\/www.allgeier.com\\\/de\\\/pressroom\\\/press-releases\\\/\"},{\"@type\":\"ListItem\",\"position\":4,\"name\":\"Allgeier und Terna schmieden ERP-Allianz\"}]},{\"@type\":\"WebSite\",\"@id\":\"https:\\\/\\\/www.allgeier.com\\\/de\\\/#website\",\"url\":\"https:\\\/\\\/www.allgeier.com\\\/de\\\/\",\"name\":\"Allgeier SE\",\"description\":\"Software &amp; IT Services for digital transformation\",\"potentialAction\":[{\"@type\":\"SearchAction\",\"target\":{\"@type\":\"EntryPoint\",\"urlTemplate\":\"https:\\\/\\\/www.allgeier.com\\\/de\\\/?s={search_term_string}\"},\"query-input\":{\"@type\":\"PropertyValueSpecification\",\"valueRequired\":true,\"valueName\":\"search_term_string\"}}],\"inLanguage\":\"de\"}]}<\/script>\n<!-- \/ Yoast SEO plugin. -->","yoast_head_json":{"title":"Allgeier und Terna schmieden ERP-Allianz - Allgeier SE","robots":{"index":"index","follow":"follow","max-snippet":"max-snippet:-1","max-image-preview":"max-image-preview:large","max-video-preview":"max-video-preview:-1"},"canonical":"https:\/\/www.allgeier.com\/de\/pressroom\/press-releases\/allgeier-und-terna-schmieden-erp-allianz\/","og_locale":"de_DE","og_type":"article","og_title":"Allgeier und Terna schmieden ERP-Allianz - Allgeier SE","og_description":"M\u00fcnchen, Innsbruck 30. Juli 2010 - Die Terna GmbH und der deutsche IT-Dienstleister, Allgeier Holding AG, geben eine strategische Allianz f\u00fcr die Vermarktung von Business Softwareapplikationen bekannt. Hierzu beteiligt sich Allgeier mit 100% an Terna, einem Anbieter von international f\u00fchrenden ERP-Softwarel\u00f6sungen","og_url":"https:\/\/www.allgeier.com\/de\/pressroom\/press-releases\/allgeier-und-terna-schmieden-erp-allianz\/","og_site_name":"Allgeier SE","article_modified_time":"2025-02-05T18:36:52+00:00","twitter_card":"summary_large_image","twitter_misc":{"Gesch\u00e4tzte Lesezeit":"4\u00a0Minuten"},"schema":{"@context":"https:\/\/schema.org","@graph":[{"@type":"WebPage","@id":"https:\/\/www.allgeier.com\/de\/pressroom\/press-releases\/allgeier-und-terna-schmieden-erp-allianz\/","url":"https:\/\/www.allgeier.com\/de\/pressroom\/press-releases\/allgeier-und-terna-schmieden-erp-allianz\/","name":"Allgeier und Terna schmieden ERP-Allianz - Allgeier SE","isPartOf":{"@id":"https:\/\/www.allgeier.com\/de\/#website"},"datePublished":"2010-07-30T12:51:08+00:00","dateModified":"2025-02-05T18:36:52+00:00","breadcrumb":{"@id":"https:\/\/www.allgeier.com\/de\/pressroom\/press-releases\/allgeier-und-terna-schmieden-erp-allianz\/#breadcrumb"},"inLanguage":"de","potentialAction":[{"@type":"ReadAction","target":["https:\/\/www.allgeier.com\/de\/pressroom\/press-releases\/allgeier-und-terna-schmieden-erp-allianz\/"]}]},{"@type":"BreadcrumbList","@id":"https:\/\/www.allgeier.com\/de\/pressroom\/press-releases\/allgeier-und-terna-schmieden-erp-allianz\/#breadcrumb","itemListElement":[{"@type":"ListItem","position":1,"name":"Home","item":"https:\/\/www.allgeier.com\/de\/"},{"@type":"ListItem","position":2,"name":"Presse","item":"https:\/\/www.allgeier.com\/de\/pressroom\/"},{"@type":"ListItem","position":3,"name":"Pressemitteilungen","item":"https:\/\/www.allgeier.com\/de\/pressroom\/press-releases\/"},{"@type":"ListItem","position":4,"name":"Allgeier und Terna schmieden ERP-Allianz"}]},{"@type":"WebSite","@id":"https:\/\/www.allgeier.com\/de\/#website","url":"https:\/\/www.allgeier.com\/de\/","name":"Allgeier SE","description":"Software &amp; IT Services for digital transformation","potentialAction":[{"@type":"SearchAction","target":{"@type":"EntryPoint","urlTemplate":"https:\/\/www.allgeier.com\/de\/?s={search_term_string}"},"query-input":{"@type":"PropertyValueSpecification","valueRequired":true,"valueName":"search_term_string"}}],"inLanguage":"de"}]}},"_links":{"self":[{"href":"https:\/\/www.allgeier.com\/de\/wp-json\/wp\/v2\/pages\/3991","targetHints":{"allow":["GET"]}}],"collection":[{"href":"https:\/\/www.allgeier.com\/de\/wp-json\/wp\/v2\/pages"}],"about":[{"href":"https:\/\/www.allgeier.com\/de\/wp-json\/wp\/v2\/types\/page"}],"author":[{"embeddable":true,"href":"https:\/\/www.allgeier.com\/de\/wp-json\/wp\/v2\/users\/4"}],"replies":[{"embeddable":true,"href":"https:\/\/www.allgeier.com\/de\/wp-json\/wp\/v2\/comments?post=3991"}],"version-history":[{"count":1,"href":"https:\/\/www.allgeier.com\/de\/wp-json\/wp\/v2\/pages\/3991\/revisions"}],"predecessor-version":[{"id":3992,"href":"https:\/\/www.allgeier.com\/de\/wp-json\/wp\/v2\/pages\/3991\/revisions\/3992"}],"up":[{"embeddable":true,"href":"https:\/\/www.allgeier.com\/de\/wp-json\/wp\/v2\/pages\/1169"}],"wp:attachment":[{"href":"https:\/\/www.allgeier.com\/de\/wp-json\/wp\/v2\/media?parent=3991"}],"wp:term":[{"taxonomy":"category","embeddable":true,"href":"https:\/\/www.allgeier.com\/de\/wp-json\/wp\/v2\/categories?post=3991"},{"taxonomy":"post_tag","embeddable":true,"href":"https:\/\/www.allgeier.com\/de\/wp-json\/wp\/v2\/tags?post=3991"}],"curies":[{"name":"wp","href":"https:\/\/api.w.org\/{rel}","templated":true}]}}