{"id":3995,"date":"2009-03-26T12:19:24","date_gmt":"2009-03-26T13:19:24","guid":{"rendered":"https:\/\/www.allgeier.com\/de\/?page_id=3995"},"modified":"2025-02-05T18:36:49","modified_gmt":"2025-02-05T18:36:49","slug":"allgeier-gruppe-teilt-vorlaeufige-geschaeftsergebnisse-2008-mit","status":"publish","type":"page","link":"https:\/\/www.allgeier.com\/de\/pressroom\/press-releases\/allgeier-gruppe-teilt-vorlaeufige-geschaeftsergebnisse-2008-mit\/","title":{"rendered":"Allgeier Gruppe teilt vorl\u00e4ufige Gesch\u00e4ftsergebnisse 2008 mit"},"content":{"rendered":"<p><b>Allgeier Holding AG \/ Jahresergebnis<\/b>News, \u00fcbermittelt durch die DGAP &#8211; ein Unternehmen der EquityStory AG.F\u00fcr den Inhalt der Mitteilung ist der Herausgeber verantwortlich.&#8212;&#8212;&#8212;&#8212;&#8212;&#8212;&#8212;&#8212;&#8212;&#8212;&#8212;&#8212;&#8212;&#8212;&#8212;&#8212;&#8212;&#8212;&#8212;&#8212;&#8212;&#8212;&#8212;&#8212;&#8212;M\u00fcnchen, 26. M\u00e4rz 2009 &#8211; Die Allgeier Holding AG mit Sitz in M\u00fcnchen (ISINDE000508630\/ WKN 508630) blickt auf ein au\u00dferordentlich erfolgreichesGesch\u00e4ftsjahr 2008 zur\u00fcck. Das Gesch\u00e4ftsjahr war von den folgendenwesentlichen Faktoren gepr\u00e4gt:- Ver\u00e4u\u00dferung des Zeitarbeitsgesch\u00e4fts im Februar 2008, dieeinerseits zu einer Fokussierung auf das IT Gesch\u00e4ft und Reduzierung derGesamt-Konzerngr\u00f6\u00dfe und andererseits zu einem erheblichenVer\u00e4u\u00dferungsgewinn vor Steuern von 82,6 Mio. EUR und einer Erh\u00f6hung derKonzernliquidit\u00e4t per Ende 2008 auf 69,1 Mio. EUR f\u00fchrte- Starkes Wachstum von Umsatz und operativem Ergebnis desfortgef\u00fchrten Gesch\u00e4ftsbereichs IT um 34% bzw. 40% aufgrund des organischenWachstums- Akquisition von drei neuen Gruppenunternehmen.Deutliches Wachstum des fortgef\u00fchrten Gesch\u00e4ftsbereichs ITAllgeier setzt seinen Wachstumskurs auch nach dem Verkauf desZeitarbeitsgesch\u00e4fts sowohl mit einem deutlich \u00fcber dem Branchenschnittliegenden organischen Wachstum als auch durch weitere Akquisitionen fort.Im Laufe des Gesch\u00e4ftsjahres 2008 konnten die mittelst\u00e4ndischenIT-Dienstleistungsunternehmen TOPjects AG, Ixtra AG und Next GmbH f\u00fcr dieAllgeier Gruppe gewonnen werden. Der Umsatz im fortgef\u00fchrtenGesch\u00e4ftsbereich IT stieg von 133,4 Mio. EUR im Vorjahr um ca. 34% auf178,7 Mio. EUR per 31. Dezember 2008. In diesen IFRS Zahlen sind dieUmsatzanteile der in 2008 erworbenen Unternehmen zeitanteilig ab demErwerbszeitpunkt konsolidiert. In einer ProForma Betrachtung, unterEinbezug der gesamten Jahresums\u00e4tze der in 2008 erworbenen Unternehmen,betrug der Jahresumsatz 223,5 Mio. EUR, was einem organischen Wachstum vonca. 24% entspricht.Das Ergebnis vor Zinsen, Steuern sowie Abschreibungen auf Firmenwerte undKaufpreisallokationen (EBITA) nach IFRS des fortgef\u00fchrten Gesch\u00e4ftsbereichskonnte um rund 40% auf 10,9 Mio. EUR gesteigert werden (Vorjahr: 7,7 Mio.EUR). Gem\u00e4\u00df der zur Beurteilung der tats\u00e4chlichen Ertragskraft wichtigenProForma Betrachtung stieg das EBITA um 33,6% auf 14,7 Mio. EUR (Vorjahr:11 Mio. EUR). Die EBITA-Marge der Gruppenunternehmen liegt trotz desstarken Wachstums \u00fcber dem Vorjahreswert.Das Ergebnis vor Zinsen und Steuern (EBIT) nach IFRS des fortgef\u00fchrtenGesch\u00e4ftsbereichs betrug 3,1 Mio. EUR (Vorjahr: 4,8 Mio. EUR), das ProFormaEBIT betrug 6,9 Mio. EUR (Vorjahr: 8,1 Mio. EUR). Gegen\u00fcber dem Vorjahr istdas EBIT des fortgef\u00fchrten Gesch\u00e4ftsbereichs im Gesch\u00e4ftsjahr 2008 st\u00e4rkerdurch Abschreibungen auf die im Rahmen der Kaufpreisallokation aktiviertenVerm\u00f6gensgegenst\u00e4nde der akquirierten Gesellschaften und auf Firmenwertebelastet.Das Ergebnis vor Steuern (EBT) vor Ver\u00e4u\u00dferungsgewinn stieg von 3,1 Mio.EUR im Vorjahr auf 4,0 Mio. EUR in 2008.Erheblicher Gewinn und Liquidit\u00e4tszufluss aus der Ver\u00e4u\u00dferung desZeitarbeitsgesch\u00e4ftsDer Konzern erzielte bei der Ver\u00e4u\u00dferung des Zeitarbeitsgesch\u00e4ftseinschlie\u00dflich der vom K\u00e4ufer \u00fcbernommenen Forderungen und Schulden einenKaufpreis von 111,4 Mio. EUR und ein Ver\u00e4u\u00dferungsergebnis vor Ertragsteuernvon 82,6 Mio. EUR.Im Gesamtvergleich der Konzernzahlen 2008 mit 2007 ist zu beachten, dass inden Konzernzahlen 2007 neben dem IT-Gesch\u00e4ft auch das ver\u00e4u\u00dferteZeitarbeitsgesch\u00e4ft enthalten ist, dagegen die Konzernzahlen 2008 nur nochdas fortgef\u00fchrte IT-Gesch\u00e4ft zeigen. Dieser Vergleich zeigt die mit derFokussierung auf das IT-Gesch\u00e4ft einhergehende Reduzierung derGesamt-Konzerngr\u00f6\u00dfe: Gem\u00e4\u00df den vorl\u00e4ufigen Konzernzahlen betrug derKonzernumsatz per 31. Dezember 2008 nach IFRS 178,7 Mio. EUR (Vorjahr: 298Mio. EUR), das Ergebnis vor Zinsen, Steuern sowie Abschreibungen aufFirmenwerte und Kaufpreisallokationen (EBITA) 10,9 Mio. EUR (Vorjahr: 21,2Mio. EUR). Das Ergebnis vor Zinsen und Steuern (EBIT) nach IFRS betrug per31. Dezember 2008 3,1 Mio. EUR und einschlie\u00dflich Ver\u00e4u\u00dferungsgewinn 85,7Mio. EUR (Vorjahr: 15,7 Mio. EUR), das Konzernergebnis vor Steuern (EBT)betrug 4,0 Mio. EUR und einschlie\u00dflich Ver\u00e4u\u00dferungsgewinn 86,7 Mio. EUR(Vorjahr: 11,2 Mio. EUR).Die liquiden Mittel erh\u00f6hten sich auf 69,1 Mio. EUR (Vorjahr: 26 Mio. EUR,davon 12,5 Mio. EUR im fortgef\u00fchrten Gesch\u00e4ftsbereich). Die langfristigenund kurzfristigen verzinslichen Darlehen im Konzern verringerten sich zum31. Dezember 2008 auf 15,6 Mio. EUR (Vorjahr: 63,9 Mio. EUR, davon 17,4Mio. EUR im fortgef\u00fchrten Gesch\u00e4ftsbereich). Das Eigenkapital des Konzernsper 31. Dezember 2008 betrug 82,0 Mio. EUR (Vorjahr: 22,7 Mio. EUR).Insgesamt besch\u00e4ftigte die Allgeier Gruppe zum Jahresende 831 Mitarbeiterund 1.331 freiberuflich t\u00e4tige Experten.Alle vorstehend genannten Zahlen sind vorl\u00e4ufig und vom Wirtschaftspr\u00fcfernoch nicht testiert.Kontakt:Allgeier Holding AGVorstandWehrlestr. 1281679 M\u00fcnchenTel. 089-998421-0Fax  089-998421-11www.allgeier.comKurzprofil Allgeier Holding AG:Die Allgeier Holding AG ist eine Dienstleistungsgruppe, die sich auf denwachsenden Markt f\u00fcr Dienstleistungen zur Flexibilisierung von Arbeits- undKostenstrukturen fokussiert. Nach dem Verkauf der Zeitarbeitseinheitkonzentriert sich Allgeier auf den stark wachsenden Markt f\u00fcr IT-Servicessowie auf angrenzende Dienstleistungsgesch\u00e4fte. Die IT-ServiceGesellschaften unterst\u00fctzen Kunden bei der Umsetzung von Innovationen, derVerbesserung des Informationsflusses und der Optimierung vonGesch\u00e4ftsprozessen und der Bereitstellung von flexiblen IT-Experten. DieUnternehmen innerhalb von Allgeier arbeiten eigenst\u00e4ndig mit allenVorteilen mittelst\u00e4ndischer Flexibilit\u00e4t, Schnelligkeit,Serviceorientierung und Innovations\u00ackraft. Unter dem Dach von Allgeierverbinden sich diese Vorteile mit der Nutzung von Synergien, der Sicherheitund der Schlagkraft einer f\u00fchrenden b\u00f6rsennotierten Unternehmensgruppe.Durch ein breites Service-Leistungsspektrum sowie geb\u00fcndelte Kompetenz undGr\u00f6\u00dfe werden nachhaltig steigende Werte f\u00fcr Kunden und Investorengeschaffen. Die Allgeier-Gruppe besch\u00e4ftigt zurzeit 831 Mitarbeiter und1.331 freiberuflich t\u00e4tige Experten und kann auf eine breite Kundenstrukturquer durch alle deutschen Industrien verweisen. Die Allgeier Holding AG istam regulierten Markt der Frankfurter B\u00f6rse im Segment General Standardnotiert (WKN 508630\/ISIN DE000508630). Weitere Informationen unter:www.allgeier.com.26.03.2009  Finanznachrichten \u00fcbermittelt durch die DGAP&#8212;&#8212;&#8212;&#8212;&#8212;&#8212;&#8212;&#8212;&#8212;&#8212;&#8212;&#8212;&#8212;&#8212;&#8212;&#8212;&#8212;&#8212;&#8212;&#8212;&#8212;&#8212;&#8212;&#8212;&#8212; Sprache:      DeutschEmittent:     Allgeier Holding AG              Wehrlestrasse 12              81679 M\u00fcnchen              DeutschlandTelefon:      +49 (0)89 998 421-0Fax:          +49 (0)89 998 421-11E-Mail:       info@allgeier.comInternet:     www.allgeier-holding.comISIN:         DE0005086300WKN:          508630Indizes:      CDAXB\u00f6rsen:       Regulierter Markt in Frankfurt (General Standard);              Freiverkehr in Berlin, Stuttgart, Hamburg, D\u00fcsseldorf Ende der Mitteilung                             DGAP News-Service &#8212;&#8212;&#8212;&#8212;&#8212;&#8212;&#8212;&#8212;&#8212;&#8212;&#8212;&#8212;&#8212;&#8212;&#8212;&#8212;&#8212;&#8212;&#8212;&#8212;&#8212;&#8212;&#8212;&#8212;&#8212;<\/p>\n","protected":false},"excerpt":{"rendered":"<p>M\u00fcnchen, 26. M\u00e4rz 2009 &#8211; Die Allgeier Holding AG mit Sitz in M\u00fcnchen (ISIN DE000508630\/ WKN 508630) blickt auf ein au\u00dferordentlich erfolgreiches Gesch\u00e4ftsjahr 2008 zur\u00fcck. Das Gesch\u00e4ftsjahr war von den folgenden wesentlichen Faktoren gepr\u00e4gt: &#8211; Ver\u00e4u\u00dferung des Zeitarbeitsgesch\u00e4fts im Februar 2008, die<\/p>\n","protected":false},"author":4,"featured_media":0,"parent":1169,"menu_order":0,"comment_status":"close","ping_status":"closed","template":"","meta":{"_acf_changed":false,"footnotes":""},"categories":[7],"tags":[],"class_list":["post-3995","page","type-page","status-publish","hentry","category-pressemitteilungen"],"acf":[],"yoast_head":"<!-- This site is optimized with the Yoast SEO plugin v27.4 - https:\/\/yoast.com\/product\/yoast-seo-wordpress\/ -->\n<title>Allgeier Gruppe teilt vorl\u00e4ufige Gesch\u00e4ftsergebnisse 2008 mit - Allgeier SE<\/title>\n<meta name=\"robots\" content=\"index, follow, max-snippet:-1, max-image-preview:large, max-video-preview:-1\" \/>\n<link rel=\"canonical\" href=\"https:\/\/www.allgeier.com\/de\/pressroom\/press-releases\/allgeier-gruppe-teilt-vorlaeufige-geschaeftsergebnisse-2008-mit\/\" \/>\n<meta property=\"og:locale\" content=\"de_DE\" \/>\n<meta property=\"og:type\" content=\"article\" \/>\n<meta property=\"og:title\" content=\"Allgeier Gruppe teilt vorl\u00e4ufige Gesch\u00e4ftsergebnisse 2008 mit - Allgeier SE\" \/>\n<meta property=\"og:description\" content=\"M\u00fcnchen, 26. M\u00e4rz 2009 - Die Allgeier Holding AG mit Sitz in M\u00fcnchen (ISIN DE000508630\/ WKN 508630) blickt auf ein au\u00dferordentlich erfolgreiches Gesch\u00e4ftsjahr 2008 zur\u00fcck. Das Gesch\u00e4ftsjahr war von den folgenden wesentlichen Faktoren gepr\u00e4gt: - Ver\u00e4u\u00dferung des Zeitarbeitsgesch\u00e4fts im Februar 2008, die\" \/>\n<meta property=\"og:url\" content=\"https:\/\/www.allgeier.com\/de\/pressroom\/press-releases\/allgeier-gruppe-teilt-vorlaeufige-geschaeftsergebnisse-2008-mit\/\" \/>\n<meta property=\"og:site_name\" content=\"Allgeier SE\" \/>\n<meta property=\"article:modified_time\" content=\"2025-02-05T18:36:49+00:00\" \/>\n<meta name=\"twitter:card\" content=\"summary_large_image\" \/>\n<meta name=\"twitter:label1\" content=\"Gesch\u00e4tzte Lesezeit\" \/>\n\t<meta name=\"twitter:data1\" content=\"4\u00a0Minuten\" \/>\n<script type=\"application\/ld+json\" class=\"yoast-schema-graph\">{\"@context\":\"https:\\\/\\\/schema.org\",\"@graph\":[{\"@type\":\"WebPage\",\"@id\":\"https:\\\/\\\/www.allgeier.com\\\/de\\\/pressroom\\\/press-releases\\\/allgeier-gruppe-teilt-vorlaeufige-geschaeftsergebnisse-2008-mit\\\/\",\"url\":\"https:\\\/\\\/www.allgeier.com\\\/de\\\/pressroom\\\/press-releases\\\/allgeier-gruppe-teilt-vorlaeufige-geschaeftsergebnisse-2008-mit\\\/\",\"name\":\"Allgeier Gruppe teilt vorl\u00e4ufige Gesch\u00e4ftsergebnisse 2008 mit - Allgeier SE\",\"isPartOf\":{\"@id\":\"https:\\\/\\\/www.allgeier.com\\\/de\\\/#website\"},\"datePublished\":\"2009-03-26T13:19:24+00:00\",\"dateModified\":\"2025-02-05T18:36:49+00:00\",\"breadcrumb\":{\"@id\":\"https:\\\/\\\/www.allgeier.com\\\/de\\\/pressroom\\\/press-releases\\\/allgeier-gruppe-teilt-vorlaeufige-geschaeftsergebnisse-2008-mit\\\/#breadcrumb\"},\"inLanguage\":\"de\",\"potentialAction\":[{\"@type\":\"ReadAction\",\"target\":[\"https:\\\/\\\/www.allgeier.com\\\/de\\\/pressroom\\\/press-releases\\\/allgeier-gruppe-teilt-vorlaeufige-geschaeftsergebnisse-2008-mit\\\/\"]}]},{\"@type\":\"BreadcrumbList\",\"@id\":\"https:\\\/\\\/www.allgeier.com\\\/de\\\/pressroom\\\/press-releases\\\/allgeier-gruppe-teilt-vorlaeufige-geschaeftsergebnisse-2008-mit\\\/#breadcrumb\",\"itemListElement\":[{\"@type\":\"ListItem\",\"position\":1,\"name\":\"Home\",\"item\":\"https:\\\/\\\/www.allgeier.com\\\/de\\\/\"},{\"@type\":\"ListItem\",\"position\":2,\"name\":\"Presse\",\"item\":\"https:\\\/\\\/www.allgeier.com\\\/de\\\/pressroom\\\/\"},{\"@type\":\"ListItem\",\"position\":3,\"name\":\"Pressemitteilungen\",\"item\":\"https:\\\/\\\/www.allgeier.com\\\/de\\\/pressroom\\\/press-releases\\\/\"},{\"@type\":\"ListItem\",\"position\":4,\"name\":\"Allgeier Gruppe teilt vorl\u00e4ufige Gesch\u00e4ftsergebnisse 2008 mit\"}]},{\"@type\":\"WebSite\",\"@id\":\"https:\\\/\\\/www.allgeier.com\\\/de\\\/#website\",\"url\":\"https:\\\/\\\/www.allgeier.com\\\/de\\\/\",\"name\":\"Allgeier SE\",\"description\":\"Software &amp; IT Services for digital transformation\",\"potentialAction\":[{\"@type\":\"SearchAction\",\"target\":{\"@type\":\"EntryPoint\",\"urlTemplate\":\"https:\\\/\\\/www.allgeier.com\\\/de\\\/?s={search_term_string}\"},\"query-input\":{\"@type\":\"PropertyValueSpecification\",\"valueRequired\":true,\"valueName\":\"search_term_string\"}}],\"inLanguage\":\"de\"}]}<\/script>\n<!-- \/ Yoast SEO plugin. -->","yoast_head_json":{"title":"Allgeier Gruppe teilt vorl\u00e4ufige Gesch\u00e4ftsergebnisse 2008 mit - Allgeier SE","robots":{"index":"index","follow":"follow","max-snippet":"max-snippet:-1","max-image-preview":"max-image-preview:large","max-video-preview":"max-video-preview:-1"},"canonical":"https:\/\/www.allgeier.com\/de\/pressroom\/press-releases\/allgeier-gruppe-teilt-vorlaeufige-geschaeftsergebnisse-2008-mit\/","og_locale":"de_DE","og_type":"article","og_title":"Allgeier Gruppe teilt vorl\u00e4ufige Gesch\u00e4ftsergebnisse 2008 mit - Allgeier SE","og_description":"M\u00fcnchen, 26. M\u00e4rz 2009 - Die Allgeier Holding AG mit Sitz in M\u00fcnchen (ISIN DE000508630\/ WKN 508630) blickt auf ein au\u00dferordentlich erfolgreiches Gesch\u00e4ftsjahr 2008 zur\u00fcck. Das Gesch\u00e4ftsjahr war von den folgenden wesentlichen Faktoren gepr\u00e4gt: - Ver\u00e4u\u00dferung des Zeitarbeitsgesch\u00e4fts im Februar 2008, die","og_url":"https:\/\/www.allgeier.com\/de\/pressroom\/press-releases\/allgeier-gruppe-teilt-vorlaeufige-geschaeftsergebnisse-2008-mit\/","og_site_name":"Allgeier SE","article_modified_time":"2025-02-05T18:36:49+00:00","twitter_card":"summary_large_image","twitter_misc":{"Gesch\u00e4tzte Lesezeit":"4\u00a0Minuten"},"schema":{"@context":"https:\/\/schema.org","@graph":[{"@type":"WebPage","@id":"https:\/\/www.allgeier.com\/de\/pressroom\/press-releases\/allgeier-gruppe-teilt-vorlaeufige-geschaeftsergebnisse-2008-mit\/","url":"https:\/\/www.allgeier.com\/de\/pressroom\/press-releases\/allgeier-gruppe-teilt-vorlaeufige-geschaeftsergebnisse-2008-mit\/","name":"Allgeier Gruppe teilt vorl\u00e4ufige Gesch\u00e4ftsergebnisse 2008 mit - Allgeier SE","isPartOf":{"@id":"https:\/\/www.allgeier.com\/de\/#website"},"datePublished":"2009-03-26T13:19:24+00:00","dateModified":"2025-02-05T18:36:49+00:00","breadcrumb":{"@id":"https:\/\/www.allgeier.com\/de\/pressroom\/press-releases\/allgeier-gruppe-teilt-vorlaeufige-geschaeftsergebnisse-2008-mit\/#breadcrumb"},"inLanguage":"de","potentialAction":[{"@type":"ReadAction","target":["https:\/\/www.allgeier.com\/de\/pressroom\/press-releases\/allgeier-gruppe-teilt-vorlaeufige-geschaeftsergebnisse-2008-mit\/"]}]},{"@type":"BreadcrumbList","@id":"https:\/\/www.allgeier.com\/de\/pressroom\/press-releases\/allgeier-gruppe-teilt-vorlaeufige-geschaeftsergebnisse-2008-mit\/#breadcrumb","itemListElement":[{"@type":"ListItem","position":1,"name":"Home","item":"https:\/\/www.allgeier.com\/de\/"},{"@type":"ListItem","position":2,"name":"Presse","item":"https:\/\/www.allgeier.com\/de\/pressroom\/"},{"@type":"ListItem","position":3,"name":"Pressemitteilungen","item":"https:\/\/www.allgeier.com\/de\/pressroom\/press-releases\/"},{"@type":"ListItem","position":4,"name":"Allgeier Gruppe teilt vorl\u00e4ufige Gesch\u00e4ftsergebnisse 2008 mit"}]},{"@type":"WebSite","@id":"https:\/\/www.allgeier.com\/de\/#website","url":"https:\/\/www.allgeier.com\/de\/","name":"Allgeier SE","description":"Software &amp; IT Services for digital transformation","potentialAction":[{"@type":"SearchAction","target":{"@type":"EntryPoint","urlTemplate":"https:\/\/www.allgeier.com\/de\/?s={search_term_string}"},"query-input":{"@type":"PropertyValueSpecification","valueRequired":true,"valueName":"search_term_string"}}],"inLanguage":"de"}]}},"_links":{"self":[{"href":"https:\/\/www.allgeier.com\/de\/wp-json\/wp\/v2\/pages\/3995","targetHints":{"allow":["GET"]}}],"collection":[{"href":"https:\/\/www.allgeier.com\/de\/wp-json\/wp\/v2\/pages"}],"about":[{"href":"https:\/\/www.allgeier.com\/de\/wp-json\/wp\/v2\/types\/page"}],"author":[{"embeddable":true,"href":"https:\/\/www.allgeier.com\/de\/wp-json\/wp\/v2\/users\/4"}],"replies":[{"embeddable":true,"href":"https:\/\/www.allgeier.com\/de\/wp-json\/wp\/v2\/comments?post=3995"}],"version-history":[{"count":1,"href":"https:\/\/www.allgeier.com\/de\/wp-json\/wp\/v2\/pages\/3995\/revisions"}],"predecessor-version":[{"id":3996,"href":"https:\/\/www.allgeier.com\/de\/wp-json\/wp\/v2\/pages\/3995\/revisions\/3996"}],"up":[{"embeddable":true,"href":"https:\/\/www.allgeier.com\/de\/wp-json\/wp\/v2\/pages\/1169"}],"wp:attachment":[{"href":"https:\/\/www.allgeier.com\/de\/wp-json\/wp\/v2\/media?parent=3995"}],"wp:term":[{"taxonomy":"category","embeddable":true,"href":"https:\/\/www.allgeier.com\/de\/wp-json\/wp\/v2\/categories?post=3995"},{"taxonomy":"post_tag","embeddable":true,"href":"https:\/\/www.allgeier.com\/de\/wp-json\/wp\/v2\/tags?post=3995"}],"curies":[{"name":"wp","href":"https:\/\/api.w.org\/{rel}","templated":true}]}}