{"id":3999,"date":"2008-11-21T10:25:39","date_gmt":"2008-11-21T11:25:39","guid":{"rendered":"https:\/\/www.allgeier.com\/de\/?page_id=3999"},"modified":"2025-02-05T18:36:52","modified_gmt":"2025-02-05T18:36:52","slug":"allgeier-gruppenunternehmen-gewinnen-dataport-projekt","status":"publish","type":"page","link":"https:\/\/www.allgeier.com\/de\/pressroom\/press-releases\/allgeier-gruppenunternehmen-gewinnen-dataport-projekt\/","title":{"rendered":"Allgeier-Gruppenunternehmen gewinnen Dataport Projekt"},"content":{"rendered":"<p><b>Allgeier Holding AG \/ Sonstiges<\/b>Ver\u00f6ffentlichung einer Corporate News, \u00fcbermittelt durch die DGAP &#8211; einUnternehmen der EquityStory AG.F\u00fcr den Inhalt der Mitteilung ist der Emittent \/ Herausgeber verantwortlich.&#8212;&#8212;&#8212;&#8212;&#8212;&#8212;&#8212;&#8212;&#8212;&#8212;&#8212;&#8212;&#8212;&#8212;&#8212;&#8212;&#8212;&#8212;&#8212;&#8212;&#8212;&#8212;&#8212;&#8212;&#8212;Allgeier Gruppe demonstriert Leistungsf\u00e4higkeit in Gro\u00dfprojektenM\u00fcnchen, 21. November 2008. Allgeier vereint in ihrer Gruppe 12 operativeIT Gesellschaften mit mehr als 1.800 Mitarbeitern und 1.400 Kunden an 25Standorten. Gemeinsam verf\u00fcgen die Gruppenunternehmen \u00fcber ein breitesLeistungsspektrum im IT Service und Solutions Bereich. Im Rahmen vonGro\u00dfprojekten arbeiten die Gruppengesellschaften als Bietergemeinschaftenerfolgreich zusammen. So haben die Allgeier Gruppenunternehmen GoetzfriedAG, BOG IT Solutions GmbH, Allgeier IT Solutions GmbH, Softcon AG und mgmtechnology partners GmbH erneut einen Gro\u00dfauftrag gewonnen.Auftraggeber ist die Dataport Anstalt \u00f6ffentlichen Rechts, der zentraleDienstleister f\u00fcr Informations- und Kommunikationstechnik der \u00d6ffentlichenVerwaltungen in Schleswig-Holstein, Hamburg, Bremen und derSteuerverwaltung in Mecklenburg-Vorpommern. F\u00fcr die n\u00e4chsten vier Jahrewird die Bietergemeinschaft dort Dienstleistungen im IT-Betrieb im Volumenvon ca. 20 Mio. EUR erbringen.F\u00fchrender Anbieter f\u00fcr IT- und Personal-Service formiert sichAllgeier konzentriert sich auf den stark wachsenden Markt f\u00fcr IT-Servicessowie auf angrenzende Dienstleistungsgesch\u00e4fte. Mit dem gewonnenGro\u00dfauftrag demonstriert Allgeier die gewonnene und stetig wachsendeLeistungsf\u00e4higkeit der Gruppe. In diesem Jahr konnte die Gruppe durch dieAkquisition von zwei weiteren IT Dienstleistungsgesellschaften weitergest\u00e4rkt werden. Allgeier m\u00f6chte auch im kommenden Jahr ihr Wachstumfortsetzen und pr\u00fcft weitere Akquisitionen.Allgeier Holding AGDr. Holger von DanielsWehrlestra\u00dfe 12D-81679 M\u00fcnchenTel.: 089-998421-0Fax: 089-998421-11www.allgeier-holding.deKurzprofil Allgeier Holding AG:Die Allgeier Holding AG ist eine Dienstleistungsgruppe, die sich auf denwachsenden Markt f\u00fcr Dienstleistungen zur Flexibilisierung von Arbeits- undKostenstrukturen fokussiert. Nach dem Verkauf der Zeitarbeitseinheitkonzentriert sich Allgeier auf den stark wachsenden Markt f\u00fcr IT-Servicessowie auf angrenzende Dienstleistungsgesch\u00e4fte. Die IT-ServiceGesellschaften unterst\u00fctzen Kunden bei der Umsetzung von Innovationen, derVerbesserung des Informationsflusses, der Optimierung vonGesch\u00e4ftsprozessen und der Bereitstellung von flexiblen IT-Experten. DieUnternehmen innerhalb von Allgeier arbeiten eigenst\u00e4ndig mit allenVorteilen mittelst\u00e4ndischer Flexibilit\u00e4t, Schnelligkeit,Serviceorientierung und Innovations\u00ackraft. Unter dem Dach von Allgeierverbinden sich diese Vorteile mit der Nutzung von Synergien, der Sicherheitund der Schlagkraft einer f\u00fchrenden b\u00f6rsennotierten Unternehmensgruppe.Durch ein breites Service-Leistungsspektrum sowie geb\u00fcndelte Kompetenz undGr\u00f6\u00dfe werden nachhaltig steigende Werte f\u00fcr Kunden und Investorengeschaffen. Die Allgeier-Gruppe besch\u00e4ftigt zurzeit rund 1.800IT-Spezialisten und kann auf eine breite Kundenstruktur quer durch alledeutschen Industrien verweisen. Die Allgeier Holding AG ist am reguliertenMarkt der Frankfurter B\u00f6rse im Segment General Standard notiert (WKN508630\/ISIN DE000508630). Weitere Informationen unter: www.allgeier.com.21.11.2008  Finanznachrichten \u00fcbermittelt durch die DGAP&#8212;&#8212;&#8212;&#8212;&#8212;&#8212;&#8212;&#8212;&#8212;&#8212;&#8212;&#8212;&#8212;&#8212;&#8212;&#8212;&#8212;&#8212;&#8212;&#8212;&#8212;&#8212;&#8212;&#8212;&#8212; Sprache:      DeutschEmittent:     Allgeier Holding AG              Wehrlestrasse 12              81679 M\u00fcnchen              DeutschlandTelefon:      +49 (0)89 998 421-0Fax:          +49 (0)89 998 421-11E-Mail:       info@allgeier.comInternet:     www.allgeier-holding.comISIN:         DE0005086300WKN:          508630Indizes:      CDAXB\u00f6rsen:       Regulierter Markt in Frankfurt (General Standard);              Freiverkehr in Berlin, Stuttgart, Hamburg, D\u00fcsseldorf Ende der Mitteilung                             DGAP News-Service &#8212;&#8212;&#8212;&#8212;&#8212;&#8212;&#8212;&#8212;&#8212;&#8212;&#8212;&#8212;&#8212;&#8212;&#8212;&#8212;&#8212;&#8212;&#8212;&#8212;&#8212;&#8212;&#8212;&#8212;&#8212;<\/p>\n","protected":false},"excerpt":{"rendered":"<p>Allgeier Gruppe demonstriert Leistungsf\u00e4higkeit in Gro\u00dfprojekten M\u00fcnchen, 21. November 2008. Allgeier vereint in ihrer Gruppe 12 operative IT Gesellschaften mit mehr als 1.800 Mitarbeitern und 1.400 Kunden an 25 Standorten. Gemeinsam verf\u00fcgen die Gruppenunternehmen \u00fcber ein breites Leistungsspektrum<\/p>\n","protected":false},"author":4,"featured_media":0,"parent":1169,"menu_order":0,"comment_status":"close","ping_status":"closed","template":"","meta":{"_acf_changed":false,"footnotes":""},"categories":[7],"tags":[],"class_list":["post-3999","page","type-page","status-publish","hentry","category-pressemitteilungen"],"acf":[],"yoast_head":"<!-- This site is optimized with the Yoast SEO plugin v27.4 - https:\/\/yoast.com\/product\/yoast-seo-wordpress\/ -->\n<title>Allgeier-Gruppenunternehmen gewinnen Dataport Projekt - Allgeier SE<\/title>\n<meta name=\"robots\" content=\"index, follow, max-snippet:-1, max-image-preview:large, max-video-preview:-1\" \/>\n<link rel=\"canonical\" href=\"https:\/\/www.allgeier.com\/de\/pressroom\/press-releases\/allgeier-gruppenunternehmen-gewinnen-dataport-projekt\/\" \/>\n<meta property=\"og:locale\" content=\"de_DE\" \/>\n<meta property=\"og:type\" content=\"article\" \/>\n<meta property=\"og:title\" content=\"Allgeier-Gruppenunternehmen gewinnen Dataport Projekt - Allgeier SE\" \/>\n<meta property=\"og:description\" content=\"Allgeier Gruppe demonstriert Leistungsf\u00e4higkeit in Gro\u00dfprojekten M\u00fcnchen, 21. November 2008. Allgeier vereint in ihrer Gruppe 12 operative IT Gesellschaften mit mehr als 1.800 Mitarbeitern und 1.400 Kunden an 25 Standorten. Gemeinsam verf\u00fcgen die Gruppenunternehmen \u00fcber ein breites Leistungsspektrum\" \/>\n<meta property=\"og:url\" content=\"https:\/\/www.allgeier.com\/de\/pressroom\/press-releases\/allgeier-gruppenunternehmen-gewinnen-dataport-projekt\/\" \/>\n<meta property=\"og:site_name\" content=\"Allgeier SE\" \/>\n<meta property=\"article:modified_time\" content=\"2025-02-05T18:36:52+00:00\" \/>\n<meta name=\"twitter:card\" content=\"summary_large_image\" \/>\n<meta name=\"twitter:label1\" content=\"Gesch\u00e4tzte Lesezeit\" \/>\n\t<meta name=\"twitter:data1\" content=\"2\u00a0Minuten\" \/>\n<script type=\"application\/ld+json\" class=\"yoast-schema-graph\">{\"@context\":\"https:\\\/\\\/schema.org\",\"@graph\":[{\"@type\":\"WebPage\",\"@id\":\"https:\\\/\\\/www.allgeier.com\\\/de\\\/pressroom\\\/press-releases\\\/allgeier-gruppenunternehmen-gewinnen-dataport-projekt\\\/\",\"url\":\"https:\\\/\\\/www.allgeier.com\\\/de\\\/pressroom\\\/press-releases\\\/allgeier-gruppenunternehmen-gewinnen-dataport-projekt\\\/\",\"name\":\"Allgeier-Gruppenunternehmen gewinnen Dataport Projekt - Allgeier SE\",\"isPartOf\":{\"@id\":\"https:\\\/\\\/www.allgeier.com\\\/de\\\/#website\"},\"datePublished\":\"2008-11-21T11:25:39+00:00\",\"dateModified\":\"2025-02-05T18:36:52+00:00\",\"breadcrumb\":{\"@id\":\"https:\\\/\\\/www.allgeier.com\\\/de\\\/pressroom\\\/press-releases\\\/allgeier-gruppenunternehmen-gewinnen-dataport-projekt\\\/#breadcrumb\"},\"inLanguage\":\"de\",\"potentialAction\":[{\"@type\":\"ReadAction\",\"target\":[\"https:\\\/\\\/www.allgeier.com\\\/de\\\/pressroom\\\/press-releases\\\/allgeier-gruppenunternehmen-gewinnen-dataport-projekt\\\/\"]}]},{\"@type\":\"BreadcrumbList\",\"@id\":\"https:\\\/\\\/www.allgeier.com\\\/de\\\/pressroom\\\/press-releases\\\/allgeier-gruppenunternehmen-gewinnen-dataport-projekt\\\/#breadcrumb\",\"itemListElement\":[{\"@type\":\"ListItem\",\"position\":1,\"name\":\"Home\",\"item\":\"https:\\\/\\\/www.allgeier.com\\\/de\\\/\"},{\"@type\":\"ListItem\",\"position\":2,\"name\":\"Presse\",\"item\":\"https:\\\/\\\/www.allgeier.com\\\/de\\\/pressroom\\\/\"},{\"@type\":\"ListItem\",\"position\":3,\"name\":\"Pressemitteilungen\",\"item\":\"https:\\\/\\\/www.allgeier.com\\\/de\\\/pressroom\\\/press-releases\\\/\"},{\"@type\":\"ListItem\",\"position\":4,\"name\":\"Allgeier-Gruppenunternehmen gewinnen Dataport Projekt\"}]},{\"@type\":\"WebSite\",\"@id\":\"https:\\\/\\\/www.allgeier.com\\\/de\\\/#website\",\"url\":\"https:\\\/\\\/www.allgeier.com\\\/de\\\/\",\"name\":\"Allgeier SE\",\"description\":\"Software &amp; IT Services for digital transformation\",\"potentialAction\":[{\"@type\":\"SearchAction\",\"target\":{\"@type\":\"EntryPoint\",\"urlTemplate\":\"https:\\\/\\\/www.allgeier.com\\\/de\\\/?s={search_term_string}\"},\"query-input\":{\"@type\":\"PropertyValueSpecification\",\"valueRequired\":true,\"valueName\":\"search_term_string\"}}],\"inLanguage\":\"de\"}]}<\/script>\n<!-- \/ Yoast SEO plugin. -->","yoast_head_json":{"title":"Allgeier-Gruppenunternehmen gewinnen Dataport Projekt - Allgeier SE","robots":{"index":"index","follow":"follow","max-snippet":"max-snippet:-1","max-image-preview":"max-image-preview:large","max-video-preview":"max-video-preview:-1"},"canonical":"https:\/\/www.allgeier.com\/de\/pressroom\/press-releases\/allgeier-gruppenunternehmen-gewinnen-dataport-projekt\/","og_locale":"de_DE","og_type":"article","og_title":"Allgeier-Gruppenunternehmen gewinnen Dataport Projekt - Allgeier SE","og_description":"Allgeier Gruppe demonstriert Leistungsf\u00e4higkeit in Gro\u00dfprojekten M\u00fcnchen, 21. November 2008. Allgeier vereint in ihrer Gruppe 12 operative IT Gesellschaften mit mehr als 1.800 Mitarbeitern und 1.400 Kunden an 25 Standorten. Gemeinsam verf\u00fcgen die Gruppenunternehmen \u00fcber ein breites Leistungsspektrum","og_url":"https:\/\/www.allgeier.com\/de\/pressroom\/press-releases\/allgeier-gruppenunternehmen-gewinnen-dataport-projekt\/","og_site_name":"Allgeier SE","article_modified_time":"2025-02-05T18:36:52+00:00","twitter_card":"summary_large_image","twitter_misc":{"Gesch\u00e4tzte Lesezeit":"2\u00a0Minuten"},"schema":{"@context":"https:\/\/schema.org","@graph":[{"@type":"WebPage","@id":"https:\/\/www.allgeier.com\/de\/pressroom\/press-releases\/allgeier-gruppenunternehmen-gewinnen-dataport-projekt\/","url":"https:\/\/www.allgeier.com\/de\/pressroom\/press-releases\/allgeier-gruppenunternehmen-gewinnen-dataport-projekt\/","name":"Allgeier-Gruppenunternehmen gewinnen Dataport Projekt - Allgeier SE","isPartOf":{"@id":"https:\/\/www.allgeier.com\/de\/#website"},"datePublished":"2008-11-21T11:25:39+00:00","dateModified":"2025-02-05T18:36:52+00:00","breadcrumb":{"@id":"https:\/\/www.allgeier.com\/de\/pressroom\/press-releases\/allgeier-gruppenunternehmen-gewinnen-dataport-projekt\/#breadcrumb"},"inLanguage":"de","potentialAction":[{"@type":"ReadAction","target":["https:\/\/www.allgeier.com\/de\/pressroom\/press-releases\/allgeier-gruppenunternehmen-gewinnen-dataport-projekt\/"]}]},{"@type":"BreadcrumbList","@id":"https:\/\/www.allgeier.com\/de\/pressroom\/press-releases\/allgeier-gruppenunternehmen-gewinnen-dataport-projekt\/#breadcrumb","itemListElement":[{"@type":"ListItem","position":1,"name":"Home","item":"https:\/\/www.allgeier.com\/de\/"},{"@type":"ListItem","position":2,"name":"Presse","item":"https:\/\/www.allgeier.com\/de\/pressroom\/"},{"@type":"ListItem","position":3,"name":"Pressemitteilungen","item":"https:\/\/www.allgeier.com\/de\/pressroom\/press-releases\/"},{"@type":"ListItem","position":4,"name":"Allgeier-Gruppenunternehmen gewinnen Dataport Projekt"}]},{"@type":"WebSite","@id":"https:\/\/www.allgeier.com\/de\/#website","url":"https:\/\/www.allgeier.com\/de\/","name":"Allgeier SE","description":"Software &amp; IT Services for digital transformation","potentialAction":[{"@type":"SearchAction","target":{"@type":"EntryPoint","urlTemplate":"https:\/\/www.allgeier.com\/de\/?s={search_term_string}"},"query-input":{"@type":"PropertyValueSpecification","valueRequired":true,"valueName":"search_term_string"}}],"inLanguage":"de"}]}},"_links":{"self":[{"href":"https:\/\/www.allgeier.com\/de\/wp-json\/wp\/v2\/pages\/3999","targetHints":{"allow":["GET"]}}],"collection":[{"href":"https:\/\/www.allgeier.com\/de\/wp-json\/wp\/v2\/pages"}],"about":[{"href":"https:\/\/www.allgeier.com\/de\/wp-json\/wp\/v2\/types\/page"}],"author":[{"embeddable":true,"href":"https:\/\/www.allgeier.com\/de\/wp-json\/wp\/v2\/users\/4"}],"replies":[{"embeddable":true,"href":"https:\/\/www.allgeier.com\/de\/wp-json\/wp\/v2\/comments?post=3999"}],"version-history":[{"count":1,"href":"https:\/\/www.allgeier.com\/de\/wp-json\/wp\/v2\/pages\/3999\/revisions"}],"predecessor-version":[{"id":4000,"href":"https:\/\/www.allgeier.com\/de\/wp-json\/wp\/v2\/pages\/3999\/revisions\/4000"}],"up":[{"embeddable":true,"href":"https:\/\/www.allgeier.com\/de\/wp-json\/wp\/v2\/pages\/1169"}],"wp:attachment":[{"href":"https:\/\/www.allgeier.com\/de\/wp-json\/wp\/v2\/media?parent=3999"}],"wp:term":[{"taxonomy":"category","embeddable":true,"href":"https:\/\/www.allgeier.com\/de\/wp-json\/wp\/v2\/categories?post=3999"},{"taxonomy":"post_tag","embeddable":true,"href":"https:\/\/www.allgeier.com\/de\/wp-json\/wp\/v2\/tags?post=3999"}],"curies":[{"name":"wp","href":"https:\/\/api.w.org\/{rel}","templated":true}]}}