{"id":4003,"date":"2008-08-20T15:52:44","date_gmt":"2008-08-20T15:52:44","guid":{"rendered":"https:\/\/www.allgeier.com\/de\/?page_id=4003"},"modified":"2025-02-05T18:36:48","modified_gmt":"2025-02-05T18:36:48","slug":"allgeier-erwirbt-it-dienstleister-ixtra-ag","status":"publish","type":"page","link":"https:\/\/www.allgeier.com\/de\/pressroom\/press-releases\/allgeier-erwirbt-it-dienstleister-ixtra-ag\/","title":{"rendered":"Allgeier erwirbt IT-Dienstleister Ixtra AG"},"content":{"rendered":"<p><b>Allgeier Holding AG \/ Firmen\u00fcbernahme<\/b>Ver\u00f6ffentlichung einer Corporate News, \u00fcbermittelt durch die DGAP &#8211; einUnternehmen der EquityStory AG.F\u00fcr den Inhalt der Mitteilung ist der Emittent \/ Herausgeber verantwortlich.&#8212;&#8212;&#8212;&#8212;&#8212;&#8212;&#8212;&#8212;&#8212;&#8212;&#8212;&#8212;&#8212;&#8212;&#8212;&#8212;&#8212;&#8212;&#8212;&#8212;&#8212;&#8212;&#8212;&#8212;&#8212;IT-Service Anbieter baut Unternehmensgruppe weiter ausM\u00fcnchen, 20. August 2008. Die Allgeier Holding AG hat sich heute mit denAktion\u00e4ren der Ixtra AG, Ottobrunn, \u00fcber den Erwerb von 90 Prozent derAktien der Ixtra AG (10 Prozent h\u00e4lt die Gesellschaft als eigene Aktien)geeinigt und entsprechende Vertr\u00e4ge geschlossen. Der Gesamtkaufpreis liegtim mittleren einstelligen Millionenbereich und enth\u00e4lt ergebnisabh\u00e4ngigeEarn-Out-Komponenten.Die Allgeier Gruppe fokussiert sich auf den Bereich IT- undPersonal-Services. Die Akquisition der Ixtra AG ist nach der TOPjects AGdie zweite Akquisition in diesem Jahr. Allgeier baut dadurch ihre Positionim Markt weiter aus und verbessert ihre Stellung unter den Top 20 derIT-Service Gesellschaften in Deutschland. Inklusive der Ixtra AG und derTOPjects AG umfasst die Gruppe nun 12 operative Gesellschaften. Durch denErwerb konnte Allgeier ihr Servicespektrum und Ihre Fl\u00e4chenabdeckung weitervergr\u00f6\u00dfern.1989 in M\u00fcnchen gegr\u00fcndet, besch\u00e4ftigt die Ixtra AG heute mehr als 110Mitarbeiter bundesweit. Die Standorte der Gesellschaft befinden sich inM\u00fcnchen\/Ottobrunn, Berlin und Bad Homburg. 2007 erzielte die Gesellschaftbei einem Wachstum von \u00fcber 20% einen Umsatz von 9 Mio. EUR. DieGesellschaft erzielt seit Jahren ein positives Ergebnis und ein Wachstum\u00fcber Branchendurchschnitt. Ixtra \u00fcbernimmt f\u00fcr ihre Kunden alsPremium-Partner die Gesamtverantwortung f\u00fcr Softwareentwicklungsprojekte,unterst\u00fctzt kundeninterne Projekte durch die flexible Bereitstellung vonIT-Experten und bietet Managed Services an.Managementkurs und Marke werden fortgef\u00fchrtDie Ixtra AG wird unter dem Dach von Allgeier weiterhin eigenst\u00e4ndig unterihrem Markennamen agieren. Der bisherige Vorstand, Herr Franco Cerreto,beh\u00e4lt die unternehmerische Verantwortung der Ixtra AG. Die bisherigenAktion\u00e4re, Herr Peter Steinberg und Herr Joachim Bothe stehen ebenfallsweiterhin in enger Verbindung mit dem Unternehmen und sind zuk\u00fcnftig auchAktion\u00e4re der Allgeier Holding AG. Herr Peter Steinberg bleibt zudem imAufsichtsrat der Ixtra AG.Wachstumskurs gemeinsam fortsetzenDer Allgeier Verbund wird durch den Erwerb der Ixtra AG weiter gest\u00e4rkt undauch die Kunden, Mitarbeiter und Gesch\u00e4ftspartner von Ixtra werden von derGr\u00f6\u00dfe und Leistungsf\u00e4higkeit der Allgeier Gruppe profitieren. Die Ixtra AGreagiert mit dem Eintritt in die Allgeier Gruppe auf die Konsolidierung amIT-Servicemarkt. Kunden wollen verst\u00e4rkt mit wenigen gro\u00dfen, strategischenLieferanten mit einem breiten Servicespektrum arbeiten. Ihre derzeit starkePosition im Markt kann die Ixtra AG im Leistungsverbund der Allgeier weiterausbauen.Allgeier plant Unternehmensgruppe weiter auszubauenMit der j\u00fcngsten strategischen Akquisition vereint Allgeier nun bereits 12operative IT Gesellschaften mit mehr als 1.700 Mitarbeitern und 1.400Kunden an 28 Standorten. Trotz des aktuellen R\u00fcckgangs derKonjunkturprognosen erwartet Allgeier f\u00fcr 2008 eine Fortsetzung desWachstumskurses und pr\u00fcft zudem weitere Akquisitionen.Allgeier Holding AGDr. Holger von DanielsWehrlestra\u00dfe 12D-81679 M\u00fcnchenTel.: 089-998421-0Fax: 089-998421-11www.allgeier-holding.deKurzprofil Allgeier Holding AG:Die Allgeier Holding AG ist eine Dienstleistungsgruppe, die sich auf denwachsenden Markt f\u00fcr Dienstleistungen zur Flexibilisierung von Arbeits- undKostenstrukturen fokussiert. Nach dem Verkauf der Zeitarbeitseinheitkonzentriert sich Allgeier auf den stark wachsenden Markt f\u00fcr IT-Servicessowie auf angrenzende Dienstleistungsgesch\u00e4fte. Die IT-ServiceGesellschaften unterst\u00fctzen Kunden bei der Umsetzung von Innovationen, derVerbesserung des Informationsflusses und der Optimierung vonGesch\u00e4ftsprozessen und der Bereitstellung von flexiblen IT-Experten. DieUnternehmen innerhalb von Allgeier arbeiten eigenst\u00e4ndig mit allenVorteilen mittelst\u00e4ndischer Flexibilit\u00e4t, Schnelligkeit,Serviceorientierung und Innovations\u00ackraft. Unter dem Dach von Allgeierverbinden sich diese Vorteile mit der Nutzung von Synergien, der Sicherheitund der Schlagkraft einer f\u00fchrenden b\u00f6rsennotierten Unternehmensgruppe.Durch ein breites Service-Leistungsspektrum sowie geb\u00fcndelte Kompetenz undGr\u00f6\u00dfe werden nachhaltig steigende Werte f\u00fcr Kunden und Investorengeschaffen. Die Allgeier-Gruppe besch\u00e4ftigt zurzeit rund 1.700IT-Spezialisten und kann auf eine breite Kundenstruktur quer durch alledeutschen Industrien verweisen. Die Allgeier Holding AG ist am reguliertenMarkt der Frankfurter B\u00f6rse im Segment General Standard notiert (WKN508630\/ISIN DE000508630). Weitere Informationen unter: www.allgeier.com.Kurzprofil Ixtra AGDie Ixtra AG ist ein Software-Haus, das individuelle IT-L\u00f6sungen f\u00fcrerfolgskritische Gesch\u00e4ftsprozesse entwickelt. Das Unternehmen positioniertsich als Premium-Partner seiner Kunden und adressiert die Mitarbeit anstrategischen Projekten und Teilprojekten in drei Gesch\u00e4ftsbereichen:Gesch\u00e4ftsbereich Ixtra Solutions Ixtra AG \u00fcbernimmt die Gesamtverantwortung f\u00fcr Software- und IT-Projekteund realisiert mit ihren Software-Spezialisten modernste IT-L\u00f6sungen alsOutsourcing-Partner ihrer Kunden.Gesch\u00e4ftsbereich Ixtra Professional ServicesIxtra unterst\u00fctzt kundeninterne Projekte durch die flexible Bereitstellungvon Personalressourcen. Den kunden- und projekt\u00acspezifischen Anforderungenentsprechend w\u00e4hlen die Recruitment-Spezialisten der Ixtra AG erfahreneFachleute aus den Bereichen IT\/Software, Finanzen\/Controlling,Projektmanagement und Marketing\/Sales aus und stellen diese den Kunden inunterschiedlichen Anstellungsformen bereit: als Freiberufler,Festangestellte oder durch Arbeitnehmer\u00fcberlassung.Gesch\u00e4ftsbereich Ixtra Managed ServicesIxtra stellt Leistungen wie IMAC\/R- (Installation, Move, Add,Change\/Remove), Desktop-, Field- und Helpdesk-Services bereit.1989 in M\u00fcnchen gegr\u00fcndet, besch\u00e4ftigt die Ixtra AG heute mehr als 110Mitarbeiter bundesweit. Unsere Standorte befinden sich inM\u00fcnchen\/Ottobrunn, Berlin und Bad Homburg. Zu den Kunden geh\u00f6renGro\u00dfunternehmen aus unterschiedlichen Branchen, darunter BMW, TelefonicaO2, T-Online, T-Systems, Bundesdruckerei, Siemens, Tyco ElectronicsRaychem, Intel und BASF. Weitere Informationen unter www.ixtra.com.20.08.2008  Finanznachrichten \u00fcbermittelt durch die DGAP&#8212;&#8212;&#8212;&#8212;&#8212;&#8212;&#8212;&#8212;&#8212;&#8212;&#8212;&#8212;&#8212;&#8212;&#8212;&#8212;&#8212;&#8212;&#8212;&#8212;&#8212;&#8212;&#8212;&#8212;&#8212; Sprache:      DeutschEmittent:     Allgeier Holding AG              Wehrlestrasse 12              81679 M\u00fcnchen              DeutschlandTelefon:      +49 (0)89 998 421-0Fax:          +49 (0)89 998 421-11E-Mail:       info@allgeier.comInternet:     www.allgeier-holding.comISIN:         DE0005086300WKN:          508630Indizes:      CDAXB\u00f6rsen:       Regulierter Markt in Frankfurt (General Standard);              Freiverkehr in Berlin, Stuttgart, Hamburg, D\u00fcsseldorf Ende der Mitteilung                             DGAP News-Service &#8212;&#8212;&#8212;&#8212;&#8212;&#8212;&#8212;&#8212;&#8212;&#8212;&#8212;&#8212;&#8212;&#8212;&#8212;&#8212;&#8212;&#8212;&#8212;&#8212;&#8212;&#8212;&#8212;&#8212;&#8212;<\/p>\n","protected":false},"excerpt":{"rendered":"<p>IT-Service Anbieter baut Unternehmensgruppe weiter aus M\u00fcnchen, 20. August 2008. Die Allgeier Holding AG hat sich heute mit den Aktion\u00e4ren der Ixtra AG, Ottobrunn, \u00fcber den Erwerb von 90 Prozent der Aktien der Ixtra AG (10 Prozent h\u00e4lt die Gesellschaft als eigene Aktien) geeinigt und entsprechende Vertr\u00e4ge<\/p>\n","protected":false},"author":4,"featured_media":0,"parent":1169,"menu_order":0,"comment_status":"close","ping_status":"closed","template":"","meta":{"_acf_changed":false,"footnotes":""},"categories":[7],"tags":[],"class_list":["post-4003","page","type-page","status-publish","hentry","category-pressemitteilungen"],"acf":[],"yoast_head":"<!-- This site is optimized with the Yoast SEO plugin v27.4 - https:\/\/yoast.com\/product\/yoast-seo-wordpress\/ -->\n<title>Allgeier erwirbt IT-Dienstleister Ixtra AG - Allgeier SE<\/title>\n<meta name=\"robots\" content=\"index, follow, max-snippet:-1, max-image-preview:large, max-video-preview:-1\" \/>\n<link rel=\"canonical\" href=\"https:\/\/www.allgeier.com\/de\/pressroom\/press-releases\/allgeier-erwirbt-it-dienstleister-ixtra-ag\/\" \/>\n<meta property=\"og:locale\" content=\"de_DE\" \/>\n<meta property=\"og:type\" content=\"article\" \/>\n<meta property=\"og:title\" content=\"Allgeier erwirbt IT-Dienstleister Ixtra AG - Allgeier SE\" \/>\n<meta property=\"og:description\" content=\"IT-Service Anbieter baut Unternehmensgruppe weiter aus M\u00fcnchen, 20. August 2008. Die Allgeier Holding AG hat sich heute mit den Aktion\u00e4ren der Ixtra AG, Ottobrunn, \u00fcber den Erwerb von 90 Prozent der Aktien der Ixtra AG (10 Prozent h\u00e4lt die Gesellschaft als eigene Aktien) geeinigt und entsprechende Vertr\u00e4ge\" \/>\n<meta property=\"og:url\" content=\"https:\/\/www.allgeier.com\/de\/pressroom\/press-releases\/allgeier-erwirbt-it-dienstleister-ixtra-ag\/\" \/>\n<meta property=\"og:site_name\" content=\"Allgeier SE\" \/>\n<meta property=\"article:modified_time\" content=\"2025-02-05T18:36:48+00:00\" \/>\n<meta name=\"twitter:card\" content=\"summary_large_image\" \/>\n<meta name=\"twitter:label1\" content=\"Gesch\u00e4tzte Lesezeit\" \/>\n\t<meta name=\"twitter:data1\" content=\"4\u00a0Minuten\" \/>\n<script type=\"application\/ld+json\" class=\"yoast-schema-graph\">{\"@context\":\"https:\\\/\\\/schema.org\",\"@graph\":[{\"@type\":\"WebPage\",\"@id\":\"https:\\\/\\\/www.allgeier.com\\\/de\\\/pressroom\\\/press-releases\\\/allgeier-erwirbt-it-dienstleister-ixtra-ag\\\/\",\"url\":\"https:\\\/\\\/www.allgeier.com\\\/de\\\/pressroom\\\/press-releases\\\/allgeier-erwirbt-it-dienstleister-ixtra-ag\\\/\",\"name\":\"Allgeier erwirbt IT-Dienstleister Ixtra AG - Allgeier SE\",\"isPartOf\":{\"@id\":\"https:\\\/\\\/www.allgeier.com\\\/de\\\/#website\"},\"datePublished\":\"2008-08-20T15:52:44+00:00\",\"dateModified\":\"2025-02-05T18:36:48+00:00\",\"breadcrumb\":{\"@id\":\"https:\\\/\\\/www.allgeier.com\\\/de\\\/pressroom\\\/press-releases\\\/allgeier-erwirbt-it-dienstleister-ixtra-ag\\\/#breadcrumb\"},\"inLanguage\":\"de\",\"potentialAction\":[{\"@type\":\"ReadAction\",\"target\":[\"https:\\\/\\\/www.allgeier.com\\\/de\\\/pressroom\\\/press-releases\\\/allgeier-erwirbt-it-dienstleister-ixtra-ag\\\/\"]}]},{\"@type\":\"BreadcrumbList\",\"@id\":\"https:\\\/\\\/www.allgeier.com\\\/de\\\/pressroom\\\/press-releases\\\/allgeier-erwirbt-it-dienstleister-ixtra-ag\\\/#breadcrumb\",\"itemListElement\":[{\"@type\":\"ListItem\",\"position\":1,\"name\":\"Home\",\"item\":\"https:\\\/\\\/www.allgeier.com\\\/de\\\/\"},{\"@type\":\"ListItem\",\"position\":2,\"name\":\"Presse\",\"item\":\"https:\\\/\\\/www.allgeier.com\\\/de\\\/pressroom\\\/\"},{\"@type\":\"ListItem\",\"position\":3,\"name\":\"Pressemitteilungen\",\"item\":\"https:\\\/\\\/www.allgeier.com\\\/de\\\/pressroom\\\/press-releases\\\/\"},{\"@type\":\"ListItem\",\"position\":4,\"name\":\"Allgeier erwirbt IT-Dienstleister Ixtra AG\"}]},{\"@type\":\"WebSite\",\"@id\":\"https:\\\/\\\/www.allgeier.com\\\/de\\\/#website\",\"url\":\"https:\\\/\\\/www.allgeier.com\\\/de\\\/\",\"name\":\"Allgeier SE\",\"description\":\"Software &amp; IT Services for digital transformation\",\"potentialAction\":[{\"@type\":\"SearchAction\",\"target\":{\"@type\":\"EntryPoint\",\"urlTemplate\":\"https:\\\/\\\/www.allgeier.com\\\/de\\\/?s={search_term_string}\"},\"query-input\":{\"@type\":\"PropertyValueSpecification\",\"valueRequired\":true,\"valueName\":\"search_term_string\"}}],\"inLanguage\":\"de\"}]}<\/script>\n<!-- \/ Yoast SEO plugin. -->","yoast_head_json":{"title":"Allgeier erwirbt IT-Dienstleister Ixtra AG - Allgeier SE","robots":{"index":"index","follow":"follow","max-snippet":"max-snippet:-1","max-image-preview":"max-image-preview:large","max-video-preview":"max-video-preview:-1"},"canonical":"https:\/\/www.allgeier.com\/de\/pressroom\/press-releases\/allgeier-erwirbt-it-dienstleister-ixtra-ag\/","og_locale":"de_DE","og_type":"article","og_title":"Allgeier erwirbt IT-Dienstleister Ixtra AG - Allgeier SE","og_description":"IT-Service Anbieter baut Unternehmensgruppe weiter aus M\u00fcnchen, 20. August 2008. Die Allgeier Holding AG hat sich heute mit den Aktion\u00e4ren der Ixtra AG, Ottobrunn, \u00fcber den Erwerb von 90 Prozent der Aktien der Ixtra AG (10 Prozent h\u00e4lt die Gesellschaft als eigene Aktien) geeinigt und entsprechende Vertr\u00e4ge","og_url":"https:\/\/www.allgeier.com\/de\/pressroom\/press-releases\/allgeier-erwirbt-it-dienstleister-ixtra-ag\/","og_site_name":"Allgeier SE","article_modified_time":"2025-02-05T18:36:48+00:00","twitter_card":"summary_large_image","twitter_misc":{"Gesch\u00e4tzte Lesezeit":"4\u00a0Minuten"},"schema":{"@context":"https:\/\/schema.org","@graph":[{"@type":"WebPage","@id":"https:\/\/www.allgeier.com\/de\/pressroom\/press-releases\/allgeier-erwirbt-it-dienstleister-ixtra-ag\/","url":"https:\/\/www.allgeier.com\/de\/pressroom\/press-releases\/allgeier-erwirbt-it-dienstleister-ixtra-ag\/","name":"Allgeier erwirbt IT-Dienstleister Ixtra AG - Allgeier SE","isPartOf":{"@id":"https:\/\/www.allgeier.com\/de\/#website"},"datePublished":"2008-08-20T15:52:44+00:00","dateModified":"2025-02-05T18:36:48+00:00","breadcrumb":{"@id":"https:\/\/www.allgeier.com\/de\/pressroom\/press-releases\/allgeier-erwirbt-it-dienstleister-ixtra-ag\/#breadcrumb"},"inLanguage":"de","potentialAction":[{"@type":"ReadAction","target":["https:\/\/www.allgeier.com\/de\/pressroom\/press-releases\/allgeier-erwirbt-it-dienstleister-ixtra-ag\/"]}]},{"@type":"BreadcrumbList","@id":"https:\/\/www.allgeier.com\/de\/pressroom\/press-releases\/allgeier-erwirbt-it-dienstleister-ixtra-ag\/#breadcrumb","itemListElement":[{"@type":"ListItem","position":1,"name":"Home","item":"https:\/\/www.allgeier.com\/de\/"},{"@type":"ListItem","position":2,"name":"Presse","item":"https:\/\/www.allgeier.com\/de\/pressroom\/"},{"@type":"ListItem","position":3,"name":"Pressemitteilungen","item":"https:\/\/www.allgeier.com\/de\/pressroom\/press-releases\/"},{"@type":"ListItem","position":4,"name":"Allgeier erwirbt IT-Dienstleister Ixtra AG"}]},{"@type":"WebSite","@id":"https:\/\/www.allgeier.com\/de\/#website","url":"https:\/\/www.allgeier.com\/de\/","name":"Allgeier SE","description":"Software &amp; IT Services for digital transformation","potentialAction":[{"@type":"SearchAction","target":{"@type":"EntryPoint","urlTemplate":"https:\/\/www.allgeier.com\/de\/?s={search_term_string}"},"query-input":{"@type":"PropertyValueSpecification","valueRequired":true,"valueName":"search_term_string"}}],"inLanguage":"de"}]}},"_links":{"self":[{"href":"https:\/\/www.allgeier.com\/de\/wp-json\/wp\/v2\/pages\/4003","targetHints":{"allow":["GET"]}}],"collection":[{"href":"https:\/\/www.allgeier.com\/de\/wp-json\/wp\/v2\/pages"}],"about":[{"href":"https:\/\/www.allgeier.com\/de\/wp-json\/wp\/v2\/types\/page"}],"author":[{"embeddable":true,"href":"https:\/\/www.allgeier.com\/de\/wp-json\/wp\/v2\/users\/4"}],"replies":[{"embeddable":true,"href":"https:\/\/www.allgeier.com\/de\/wp-json\/wp\/v2\/comments?post=4003"}],"version-history":[{"count":1,"href":"https:\/\/www.allgeier.com\/de\/wp-json\/wp\/v2\/pages\/4003\/revisions"}],"predecessor-version":[{"id":4004,"href":"https:\/\/www.allgeier.com\/de\/wp-json\/wp\/v2\/pages\/4003\/revisions\/4004"}],"up":[{"embeddable":true,"href":"https:\/\/www.allgeier.com\/de\/wp-json\/wp\/v2\/pages\/1169"}],"wp:attachment":[{"href":"https:\/\/www.allgeier.com\/de\/wp-json\/wp\/v2\/media?parent=4003"}],"wp:term":[{"taxonomy":"category","embeddable":true,"href":"https:\/\/www.allgeier.com\/de\/wp-json\/wp\/v2\/categories?post=4003"},{"taxonomy":"post_tag","embeddable":true,"href":"https:\/\/www.allgeier.com\/de\/wp-json\/wp\/v2\/tags?post=4003"}],"curies":[{"name":"wp","href":"https:\/\/api.w.org\/{rel}","templated":true}]}}