{"id":4005,"date":"2008-08-14T14:27:59","date_gmt":"2008-08-14T14:27:59","guid":{"rendered":"https:\/\/www.allgeier.com\/de\/?page_id=4005"},"modified":"2025-02-05T18:36:50","modified_gmt":"2025-02-05T18:36:50","slug":"allgeier-holding-setzt-wachstumskurs-fort","status":"publish","type":"page","link":"https:\/\/www.allgeier.com\/de\/pressroom\/press-releases\/allgeier-holding-setzt-wachstumskurs-fort\/","title":{"rendered":"Allgeier Holding setzt Wachstumskurs fort"},"content":{"rendered":"<p><b>Allgeier Holding AG \/ Halbjahresergebnis<\/b>Ver\u00f6ffentlichung einer Corporate News, \u00fcbermittelt durch die DGAP &#8211; einUnternehmen der EquityStory AG.F\u00fcr den Inhalt der Mitteilung ist der Emittent \/ Herausgeber verantwortlich.&#8212;&#8212;&#8212;&#8212;&#8212;&#8212;&#8212;&#8212;&#8212;&#8212;&#8212;&#8212;&#8212;&#8212;&#8212;&#8212;&#8212;&#8212;&#8212;&#8212;&#8212;&#8212;&#8212;&#8212;&#8212;M\u00fcnchen, 14. August 2008. Die Konzerngesellschaften der Allgeier Holding AGsetzten auch im zweiten Quartal 2008 (1. April bis 30. Juni) ihre positiveEntwicklung fort und konnten damit ihre Position im Markt weiter festigen.Die Ums\u00e4tze stiegen im zweiten Quartal 2008 organisch um 20% auf 39,3 Mio.EUR (Q2 2007: 32,8 Mio. EUR). Im ersten Halbjahr resultiert daraus eineUmsatzsteigerung von 21% auf 73,5 Mio. EUR (1. HJ 2007: 60,6 Mio. EUR). Diesignifikante Umsatzsteigerung wirkt sich entsprechend positiv auf dieErtragslage aus. Das operative Ergebnis vor Ertr\u00e4gen und indirektenAufwendungen aus dem Verkauf des Zeitarbeitsbereichs, Abschreibungen aufKaufpreis-Allokationen (Amortizations), Zinsen und Steuern (EBITA operativ)des ersten Halbjahrs 2008 lag bei 3,4 Mio. EUR, 13% \u00fcber Vorjahr (1. HJ2007: 3,1 Mio. EUR). Das operative Ergebnis vor Ertr\u00e4gen und indirektenAufwendungen aus dem Verkauf, Zinsen und Steuern (EBIT operativ) stieg um39% von 1,4 Mio. EUR im zweiten Quartal 2007 auf 1,9 Mio. EUR in 2008 \u2013 imHalbjahr stieg das Ergebnis von 0,3 Mio. EUR in 2007 auf 2,5 Mio. EUR in2008 (+725%).Positive Entwicklung in beiden Gesch\u00e4ftsbereichenDabei trugen beide Gesch\u00e4ftsbereiche zu dem Wachstum bei. DieGruppengesellschaften im Gesch\u00e4ftsbereich IT Services konnten ihren Umsatzauch im zweiten Quartal weiter steigen, um 23% auf 34,0 Mio. EUR (Q2 2007:27,6 Mio. EUR). Im Halbjahr erreichten die Gesellschaften damit einenUmsatz von 62,7 Mio. EUR (1. HJ 2007: 51,1 Mio. EUR; + 23%). Das Ergebnisvor Zinsen, Steuern, Goodwill-Abschreibungen und Kaufpreis-Allokationen(EBITA) stieg im ersten Halbjahr 2008 im Vergleich zum Vorjahreszeitraumvon 4,3 Mio. EUR auf 4,5 Mio. EUR (+6%). Das Wachstum resultierteausschlie\u00dflich aus operativen Erfolgen, wurde also organisch erreicht.Auch der Gesch\u00e4ftsbereich IT Solutions entwickelte sich im zweiten Quartaldieses Jahres weiterhin positiv. Der Umsatz stieg im zweiten Quartal 2008auf 5,3 Mio. EUR (Q2 2007: 5,1 Mio. EUR). Damit lag der Umsatz im erstenHalbjahr 2008 mit 10,7 Mio. EUR um 12% h\u00f6her als im Vorjahr (1. HJ 2007:9,5 Mio. EUR). Das EBITA stieg im ersten Halbjahr 2008 im Vergleich zumVorjahreszeitraum von 0,1 Mio. EUR auf 0,5 Mio. EUR (+298%). Damit konntedie operative Marge von 1,4% im Vorjahr auf 5,0% im ersten Halbjahr 2008gesteigert werden.\u00c4nderungen in der KonzernstrukturWesentlich gepr\u00e4gt war das erste Halbjahr auch durch die \u00c4nderung derKonzernstruktur aufgrund des Verkaufs des Zeitarbeitsgesch\u00e4fts (vg.Ad-hoc-Mitteilungen vom 21. Februar 2008 und 14. M\u00e4rz 2008). Der Gewinn ausder Ver\u00e4u\u00dferung der Allgeier DL GmbH betrug im ersten Halbjahr 71,6 Mio.EUR. Aus der Endabrechnung des Verkaufs der Allgeier DL GmbH erwartetAllgeier einen weiteren Teilbetrag und damit insgesamt einen Ertrag aus derVer\u00e4u\u00dferung von rund 80 Mio. EUR.Neben den direkten Ertr\u00e4gen und Aufwendungen aus der Ver\u00e4u\u00dferung fielenzus\u00e4tzlich indirekt mit dem Verkauf in Verbindung stehende Personal- undsonstige betriebliche Aufwendungen in H\u00f6he von 6,4 Mio. EUR an. Nach Abzugdieser einmaligen Kosten betr\u00e4gt das Ergebnis vor Ertr\u00e4gen aus Verkauf,Zinsen und Steuern (EBIT) -3,8 Mio. EUR (1. HJ 2007: 2,97 Mio. EUR). DasKonzernergebnis vor Steuern (EBT) inklusive des Ertrags aus Ver\u00e4u\u00dferungbetr\u00e4gt 67,9 Mio. EUR (1. HJ 2007: 1,4 Mio. EUR).Wachstumsstrategie wird fortgesetztAllgeier vereint inklusive der j\u00fcngst durchgef\u00fchrten Akquisition derTOPjects AG 11 operative IT Gesellschaften mit mehr als 1.600 Mitarbeiternund 1.400 Kunden an 25 Standorten. Trotz des aktuellen R\u00fcckgangs derKonjunkturprognosen erwartet Allgeier f\u00fcr 2008 eine Fortsetzung desWachstumskurses und pr\u00fcft zudem weitere Akquisitionen.Allgeier Holding AGDr. Holger von DanielsWehrlestra\u00dfe 12D-81679 M\u00fcnchenTel.: 089-998421-0Fax: 089-998421-11www.allgeier-holding.deKurzprofil Allgeier Holding AG:Die Allgeier Holding AG ist eine Dienstleistungsgruppe, die sich auf denwachsenden Markt f\u00fcr Dienstleistungen zur Flexibilisierung von Arbeits- undKostenstrukturen fokussiert. Nach dem Verkauf der Zeitarbeitseinheitkonzentriert sich Allgeier auf den stark wachsenden Markt f\u00fcr IT-Servicessowie auf angrenzende Dienstleistungsgesch\u00e4fte. Die IT-ServiceGesellschaften unterst\u00fctzen Kunden bei der Umsetzung von Innovationen, derVerbesserung des Informationsflusses und der Optimierung vonGesch\u00e4ftsprozessen und der Bereitstellung von flexiblen IT-Experten. DieUnternehmen innerhalb von Allgeier arbeiten eigenst\u00e4ndig mit allenVorteilen mittelst\u00e4ndischer Flexibilit\u00e4t, Schnelligkeit,Serviceorientierung und Innovations\u00ackraft. Unter dem Dach von Allgeierverbinden sich diese Vorteile mit der Nutzung von Synergien, der Sicherheitund der Schlagkraft einer f\u00fchrenden b\u00f6rsennotierten Unternehmensgruppe.Durch ein breites Service-Leistungsspektrum sowie geb\u00fcndelte Kompetenz undGr\u00f6\u00dfe werden nachhaltig steigende Werte f\u00fcr Kunden und Investorengeschaffen. Die Allgeier-Gruppe besch\u00e4ftigt zurzeit rund 1.600IT-Spezialisten und kann auf eine breite Kundenstruktur quer durch alledeutschen Industrien verweisen. Die Allgeier Holding AG ist am reguliertenMarkt der Frankfurter B\u00f6rse im Segment General Standard notiert (WKN508630\/ISIN DE000508630). Weitere Informationen unter: www.allgeier.com.14.08.2008  Finanznachrichten \u00fcbermittelt durch die DGAP&#8212;&#8212;&#8212;&#8212;&#8212;&#8212;&#8212;&#8212;&#8212;&#8212;&#8212;&#8212;&#8212;&#8212;&#8212;&#8212;&#8212;&#8212;&#8212;&#8212;&#8212;&#8212;&#8212;&#8212;&#8212; Sprache:      DeutschEmittent:     Allgeier Holding AG              Wehrlestrasse 12              81679 M\u00fcnchen              DeutschlandTelefon:      +49 (0)89 998 421-0Fax:          +49 (0)89 998 421-11E-Mail:       info@allgeier.comInternet:     www.allgeier-holding.comISIN:         DE0005086300WKN:          508630Indizes:      CDAXB\u00f6rsen:       Regulierter Markt in Frankfurt (General Standard);              Freiverkehr in Berlin, Stuttgart, Hamburg, D\u00fcsseldorf Ende der Mitteilung                             DGAP News-Service &#8212;&#8212;&#8212;&#8212;&#8212;&#8212;&#8212;&#8212;&#8212;&#8212;&#8212;&#8212;&#8212;&#8212;&#8212;&#8212;&#8212;&#8212;&#8212;&#8212;&#8212;&#8212;&#8212;&#8212;&#8212;<\/p>\n","protected":false},"excerpt":{"rendered":"<p>M\u00fcnchen, 14. August 2008. Die Konzerngesellschaften der Allgeier Holding AG setzten auch im zweiten Quartal 2008 (1. April bis 30. Juni) ihre positive Entwicklung fort und konnten damit ihre Position im Markt weiter festigen. Die Ums\u00e4tze stiegen im zweiten Quartal 2008 organisch um 20% auf 39,3 Mio.<\/p>\n","protected":false},"author":4,"featured_media":0,"parent":1169,"menu_order":0,"comment_status":"close","ping_status":"closed","template":"","meta":{"_acf_changed":false,"footnotes":""},"categories":[7],"tags":[],"class_list":["post-4005","page","type-page","status-publish","hentry","category-pressemitteilungen"],"acf":[],"yoast_head":"<!-- This site is optimized with the Yoast SEO plugin v27.4 - https:\/\/yoast.com\/product\/yoast-seo-wordpress\/ -->\n<title>Allgeier Holding setzt Wachstumskurs fort - Allgeier SE<\/title>\n<meta name=\"robots\" content=\"index, follow, max-snippet:-1, max-image-preview:large, max-video-preview:-1\" \/>\n<link rel=\"canonical\" href=\"https:\/\/www.allgeier.com\/de\/pressroom\/press-releases\/allgeier-holding-setzt-wachstumskurs-fort\/\" \/>\n<meta property=\"og:locale\" content=\"de_DE\" \/>\n<meta property=\"og:type\" content=\"article\" \/>\n<meta property=\"og:title\" content=\"Allgeier Holding setzt Wachstumskurs fort - Allgeier SE\" \/>\n<meta property=\"og:description\" content=\"M\u00fcnchen, 14. August 2008. Die Konzerngesellschaften der Allgeier Holding AG setzten auch im zweiten Quartal 2008 (1. April bis 30. Juni) ihre positive Entwicklung fort und konnten damit ihre Position im Markt weiter festigen. Die Ums\u00e4tze stiegen im zweiten Quartal 2008 organisch um 20% auf 39,3 Mio.\" \/>\n<meta property=\"og:url\" content=\"https:\/\/www.allgeier.com\/de\/pressroom\/press-releases\/allgeier-holding-setzt-wachstumskurs-fort\/\" \/>\n<meta property=\"og:site_name\" content=\"Allgeier SE\" \/>\n<meta property=\"article:modified_time\" content=\"2025-02-05T18:36:50+00:00\" \/>\n<meta name=\"twitter:card\" content=\"summary_large_image\" \/>\n<meta name=\"twitter:label1\" content=\"Gesch\u00e4tzte Lesezeit\" \/>\n\t<meta name=\"twitter:data1\" content=\"4\u00a0Minuten\" \/>\n<script type=\"application\/ld+json\" class=\"yoast-schema-graph\">{\"@context\":\"https:\\\/\\\/schema.org\",\"@graph\":[{\"@type\":\"WebPage\",\"@id\":\"https:\\\/\\\/www.allgeier.com\\\/de\\\/pressroom\\\/press-releases\\\/allgeier-holding-setzt-wachstumskurs-fort\\\/\",\"url\":\"https:\\\/\\\/www.allgeier.com\\\/de\\\/pressroom\\\/press-releases\\\/allgeier-holding-setzt-wachstumskurs-fort\\\/\",\"name\":\"Allgeier Holding setzt Wachstumskurs fort - Allgeier SE\",\"isPartOf\":{\"@id\":\"https:\\\/\\\/www.allgeier.com\\\/de\\\/#website\"},\"datePublished\":\"2008-08-14T14:27:59+00:00\",\"dateModified\":\"2025-02-05T18:36:50+00:00\",\"breadcrumb\":{\"@id\":\"https:\\\/\\\/www.allgeier.com\\\/de\\\/pressroom\\\/press-releases\\\/allgeier-holding-setzt-wachstumskurs-fort\\\/#breadcrumb\"},\"inLanguage\":\"de\",\"potentialAction\":[{\"@type\":\"ReadAction\",\"target\":[\"https:\\\/\\\/www.allgeier.com\\\/de\\\/pressroom\\\/press-releases\\\/allgeier-holding-setzt-wachstumskurs-fort\\\/\"]}]},{\"@type\":\"BreadcrumbList\",\"@id\":\"https:\\\/\\\/www.allgeier.com\\\/de\\\/pressroom\\\/press-releases\\\/allgeier-holding-setzt-wachstumskurs-fort\\\/#breadcrumb\",\"itemListElement\":[{\"@type\":\"ListItem\",\"position\":1,\"name\":\"Home\",\"item\":\"https:\\\/\\\/www.allgeier.com\\\/de\\\/\"},{\"@type\":\"ListItem\",\"position\":2,\"name\":\"Presse\",\"item\":\"https:\\\/\\\/www.allgeier.com\\\/de\\\/pressroom\\\/\"},{\"@type\":\"ListItem\",\"position\":3,\"name\":\"Pressemitteilungen\",\"item\":\"https:\\\/\\\/www.allgeier.com\\\/de\\\/pressroom\\\/press-releases\\\/\"},{\"@type\":\"ListItem\",\"position\":4,\"name\":\"Allgeier Holding setzt Wachstumskurs fort\"}]},{\"@type\":\"WebSite\",\"@id\":\"https:\\\/\\\/www.allgeier.com\\\/de\\\/#website\",\"url\":\"https:\\\/\\\/www.allgeier.com\\\/de\\\/\",\"name\":\"Allgeier SE\",\"description\":\"Software &amp; IT Services for digital transformation\",\"potentialAction\":[{\"@type\":\"SearchAction\",\"target\":{\"@type\":\"EntryPoint\",\"urlTemplate\":\"https:\\\/\\\/www.allgeier.com\\\/de\\\/?s={search_term_string}\"},\"query-input\":{\"@type\":\"PropertyValueSpecification\",\"valueRequired\":true,\"valueName\":\"search_term_string\"}}],\"inLanguage\":\"de\"}]}<\/script>\n<!-- \/ Yoast SEO plugin. -->","yoast_head_json":{"title":"Allgeier Holding setzt Wachstumskurs fort - Allgeier SE","robots":{"index":"index","follow":"follow","max-snippet":"max-snippet:-1","max-image-preview":"max-image-preview:large","max-video-preview":"max-video-preview:-1"},"canonical":"https:\/\/www.allgeier.com\/de\/pressroom\/press-releases\/allgeier-holding-setzt-wachstumskurs-fort\/","og_locale":"de_DE","og_type":"article","og_title":"Allgeier Holding setzt Wachstumskurs fort - Allgeier SE","og_description":"M\u00fcnchen, 14. August 2008. Die Konzerngesellschaften der Allgeier Holding AG setzten auch im zweiten Quartal 2008 (1. April bis 30. Juni) ihre positive Entwicklung fort und konnten damit ihre Position im Markt weiter festigen. Die Ums\u00e4tze stiegen im zweiten Quartal 2008 organisch um 20% auf 39,3 Mio.","og_url":"https:\/\/www.allgeier.com\/de\/pressroom\/press-releases\/allgeier-holding-setzt-wachstumskurs-fort\/","og_site_name":"Allgeier SE","article_modified_time":"2025-02-05T18:36:50+00:00","twitter_card":"summary_large_image","twitter_misc":{"Gesch\u00e4tzte Lesezeit":"4\u00a0Minuten"},"schema":{"@context":"https:\/\/schema.org","@graph":[{"@type":"WebPage","@id":"https:\/\/www.allgeier.com\/de\/pressroom\/press-releases\/allgeier-holding-setzt-wachstumskurs-fort\/","url":"https:\/\/www.allgeier.com\/de\/pressroom\/press-releases\/allgeier-holding-setzt-wachstumskurs-fort\/","name":"Allgeier Holding setzt Wachstumskurs fort - Allgeier SE","isPartOf":{"@id":"https:\/\/www.allgeier.com\/de\/#website"},"datePublished":"2008-08-14T14:27:59+00:00","dateModified":"2025-02-05T18:36:50+00:00","breadcrumb":{"@id":"https:\/\/www.allgeier.com\/de\/pressroom\/press-releases\/allgeier-holding-setzt-wachstumskurs-fort\/#breadcrumb"},"inLanguage":"de","potentialAction":[{"@type":"ReadAction","target":["https:\/\/www.allgeier.com\/de\/pressroom\/press-releases\/allgeier-holding-setzt-wachstumskurs-fort\/"]}]},{"@type":"BreadcrumbList","@id":"https:\/\/www.allgeier.com\/de\/pressroom\/press-releases\/allgeier-holding-setzt-wachstumskurs-fort\/#breadcrumb","itemListElement":[{"@type":"ListItem","position":1,"name":"Home","item":"https:\/\/www.allgeier.com\/de\/"},{"@type":"ListItem","position":2,"name":"Presse","item":"https:\/\/www.allgeier.com\/de\/pressroom\/"},{"@type":"ListItem","position":3,"name":"Pressemitteilungen","item":"https:\/\/www.allgeier.com\/de\/pressroom\/press-releases\/"},{"@type":"ListItem","position":4,"name":"Allgeier Holding setzt Wachstumskurs fort"}]},{"@type":"WebSite","@id":"https:\/\/www.allgeier.com\/de\/#website","url":"https:\/\/www.allgeier.com\/de\/","name":"Allgeier SE","description":"Software &amp; IT Services for digital transformation","potentialAction":[{"@type":"SearchAction","target":{"@type":"EntryPoint","urlTemplate":"https:\/\/www.allgeier.com\/de\/?s={search_term_string}"},"query-input":{"@type":"PropertyValueSpecification","valueRequired":true,"valueName":"search_term_string"}}],"inLanguage":"de"}]}},"_links":{"self":[{"href":"https:\/\/www.allgeier.com\/de\/wp-json\/wp\/v2\/pages\/4005","targetHints":{"allow":["GET"]}}],"collection":[{"href":"https:\/\/www.allgeier.com\/de\/wp-json\/wp\/v2\/pages"}],"about":[{"href":"https:\/\/www.allgeier.com\/de\/wp-json\/wp\/v2\/types\/page"}],"author":[{"embeddable":true,"href":"https:\/\/www.allgeier.com\/de\/wp-json\/wp\/v2\/users\/4"}],"replies":[{"embeddable":true,"href":"https:\/\/www.allgeier.com\/de\/wp-json\/wp\/v2\/comments?post=4005"}],"version-history":[{"count":1,"href":"https:\/\/www.allgeier.com\/de\/wp-json\/wp\/v2\/pages\/4005\/revisions"}],"predecessor-version":[{"id":4006,"href":"https:\/\/www.allgeier.com\/de\/wp-json\/wp\/v2\/pages\/4005\/revisions\/4006"}],"up":[{"embeddable":true,"href":"https:\/\/www.allgeier.com\/de\/wp-json\/wp\/v2\/pages\/1169"}],"wp:attachment":[{"href":"https:\/\/www.allgeier.com\/de\/wp-json\/wp\/v2\/media?parent=4005"}],"wp:term":[{"taxonomy":"category","embeddable":true,"href":"https:\/\/www.allgeier.com\/de\/wp-json\/wp\/v2\/categories?post=4005"},{"taxonomy":"post_tag","embeddable":true,"href":"https:\/\/www.allgeier.com\/de\/wp-json\/wp\/v2\/tags?post=4005"}],"curies":[{"name":"wp","href":"https:\/\/api.w.org\/{rel}","templated":true}]}}