{"id":4007,"date":"2008-07-29T13:43:56","date_gmt":"2008-07-29T13:43:56","guid":{"rendered":"https:\/\/www.allgeier.com\/de\/?page_id=4007"},"modified":"2025-02-05T18:36:48","modified_gmt":"2025-02-05T18:36:48","slug":"allgeier-erwirbt-it-dienstleister-topjects-ag","status":"publish","type":"page","link":"https:\/\/www.allgeier.com\/de\/pressroom\/press-releases\/allgeier-erwirbt-it-dienstleister-topjects-ag\/","title":{"rendered":"Allgeier erwirbt IT-Dienstleister TOPjects AG"},"content":{"rendered":"<p><b>Allgeier Holding AG \/ Firmen\u00fcbernahme<\/b>Ver\u00f6ffentlichung einer Corporate News, \u00fcbermittelt durch die DGAP &#8211; einUnternehmen der EquityStory AG.F\u00fcr den Inhalt der Mitteilung ist der Emittent \/ Herausgeber verantwortlich.&#8212;&#8212;&#8212;&#8212;&#8212;&#8212;&#8212;&#8212;&#8212;&#8212;&#8212;&#8212;&#8212;&#8212;&#8212;&#8212;&#8212;&#8212;&#8212;&#8212;&#8212;&#8212;&#8212;&#8212;&#8212;F\u00fchrender Anbieter f\u00fcr IT- und Personal-Service formiert sichM\u00fcnchen, 29. Juli 2008. Die Allgeier Holding AG hat sich heute mit denAktion\u00e4ren der TOPjects AG, M\u00fcnchen, \u00fcber den Erwerb von 100 Prozent derAktien der TOPjects AG geeinigt und entsprechende Vertr\u00e4ge geschlossen. DieParteien werden die Transaktion mit der Erf\u00fcllung der vereinbartenClosing-Bedingungen abschlie\u00dfen.Die Allgeier Gruppe fokussiert sich auf den Bereich IT- undPersonal-Services. Mit dem Erwerb von TOPjects baut Allgeier ihre Positionim Markt weiter aus und verbessert ihre Stellung unter den Top 20 derIT-Service Gesellschaften in Deutschland. Inklusive der TOPjects AG umfasstdie Gruppe nun 11 operative Gesellschaften. Durch den Erwerb konnteAllgeier ihr Servicespektrum und Ihre Fl\u00e4chenabdeckung weiter vergr\u00f6\u00dfern.Die 1995 gegr\u00fcndete und seit 2001 als Aktiengesellschaft gef\u00fchrte TOPjectsAG besch\u00e4ftigt mehr als 300 IT-Spezialisten an den Standorten M\u00fcnchen,Frankfurt, Hamburg, K\u00f6ln und Leipzig. 2007 erzielte die Gesellschaft einenUmsatz von circa 21 Mio. EUR, was einem Zuwachs von circa 25% gegen\u00fcber demVorjahr entspricht. Mit fachlichen Schwerpunkten in derFinanzdienstleistungs- und Telekombranche sowie Fachthemen wie BusinessIntelligence und Application Management erzielt TOPjects seit Jahren einpositives Ergebnis und ein Wachstum deutlich \u00fcber Branchendurchschnitt.Kontinuit\u00e4t bei Marke und ManagementDie TOPjects AG wird unter dem Dach von Allgeier weiterhin eigenst\u00e4ndigunter ihrem Markennamen agieren. Der bisherige Vorstand, Herr Rainer Keserund Hr. Wolfgang Thies, beh\u00e4lt die unternehmerische Verantwortung derTOPjects AG und hat sich vertraglich f\u00fcr mindestens 3 Jahre verpflichtet.Der Vorstand ist nach der Transaktion auch Aktion\u00e4r der Allgeier HoldingAG.Wachstumskurs gemeinsam fortsetzenDie Konsolidierung am IT-Servicemarkt ist voll im Gange. Kunden wollenverst\u00e4rkt mit wenigen gro\u00dfen, strategischen Lieferanten mit einem breitenServicespektrum arbeiten. Der Allgeier Verbund wird durch den Erwerb derTOPjects AG weiter gest\u00e4rkt und auch die Kunden, Mitarbeiter undGesch\u00e4ftspartner von TOPjects werden von der Gr\u00f6\u00dfe und Leistungsf\u00e4higkeitder Allgeier Gruppe profitieren.Wachstumsstrategie wird fortgesetztMit der j\u00fcngsten strategischen Akquisition vereint Allgeier nun bereits 11operative IT Gesellschaften mit mehr als 1.600 Mitarbeitern und 1.400Kunden an 25 Standorten. Trotz des aktuellen R\u00fcckgangs derKonjunkturprognosen erwartet Allgeier f\u00fcr 2008 eine Fortsetzung desWachstumskurses und pr\u00fcft zudem weitere Akquisitionen.Kontakt:Allgeier Holding AGDr. Holger von DanielsWehrlestra\u00dfe 12D-81679 M\u00fcnchenTel.: 089-998421-0Fax: 089-998421-11www.allgeier-holding.deKurzprofil Allgeier Holding AG:Die Allgeier Holding AG ist eine Dienstleistungsgruppe, die sich auf denwachsenden Markt f\u00fcr Dienstleistungen zur Flexibilisierung von Arbeits- undKostenstrukturen fokussiert. Nach dem Verkauf der Zeitarbeitseinheitkonzentriert sich Allgeier auf den stark wachsenden Markt f\u00fcr IT-Servicessowie auf angrenzende Dienstleistungsgesch\u00e4fte. Die IT-ServiceGesellschaften unterst\u00fctzen Kunden bei der Umsetzung von Innovationen, derVerbesserung des Informationsflusses und der Optimierung vonGesch\u00e4ftsprozessen und der Bereitstellung von flexiblen IT-Experten. DieUnternehmen innerhalb von Allgeier arbeiten eigenst\u00e4ndig mit allenVorteilen mittelst\u00e4ndischer Flexibilit\u00e4t, Schnelligkeit,Serviceorientierung und Innovationskraft. Unter dem Dach von Allgeierverbinden sich diese Vorteile mit der Nutzung von Synergien, der Sicherheitund der Schlagkraft einer f\u00fchrenden b\u00f6rsennotierten Unternehmensgruppe.Durch ein breites Service-Leistungsspektrum sowie geb\u00fcndelte Kompetenz undGr\u00f6\u00dfe werden nachhaltig steigende Werte f\u00fcr Kunden und Investorengeschaffen. Die Allgeier-Gruppe besch\u00e4ftigt zurzeit rund 1.600IT-Spezialisten und kann auf eine breite Kundenstruktur quer durch alledeutschen Industrien verweisen. Die Allgeier Holding AG ist am reguliertenMarkt der Frankfurter B\u00f6rse im Segment General Standard notiert (WKN508630\/ISIN DE000508630). Weitere Informationen unter: www.allgeier.com.Kurzprofil TOPjects AG:TOPjects ist seit 1995 als IT-Dienstleistungsunternehmen erfolgreich amMarkt. Mit fachlichen Schwerpunkten in der Finanzdienstleistungs- undTelekombranche, sowie Fachthemen wie Business Intelligence und ApplicationManagement hat TOPjects in den vergangenen Jahren immer einbranchen\u00fcberdurchschnittliches Wachstum erzielt. Urspr\u00fcnglich als GmbHgegr\u00fcndet wurde TOPjects 2001 in eine Aktiengesellschaft umgewandelt,besch\u00e4ftigt heute circa 300 IT-Spezialisten und erzielte 2007 einen Umsatzvon \u00fcber 21 Mio. EUR. Neben dem Hauptsitz in M\u00fcnchen unterh\u00e4lt dasUnternehmen Gesch\u00e4ftstellen in Frankfurt, Hamburg, K\u00f6ln und Leipzig.Weitere Informationen finden Sie unter www.topjects.de.Wichtiger Hinweis: Diese Mitteilung enth\u00e4lt in die Zukunft gerichtete Aussagen, die aufAnnahmen und Erwartungen der Unternehmensleitung der Allgeier Holding AGberuhen. Auch bei sorgf\u00e4ltiger Herleitung dieser Annahmen und Erwartungenzum jetzigen Zeitpunkt, k\u00f6nnen die k\u00fcnftige tats\u00e4chliche Entwicklung unddie k\u00fcnftigen tats\u00e4chlichen Ergebnisse von diesen Annahmen und Erwartungenaufgrund verschiedener Faktoren abweichen. Die Allgeier Holding AG\u00fcbernimmt daher keine Gew\u00e4hrleistung und keine Haftung daf\u00fcr, dass diek\u00fcnftige Entwicklung und mit den in dieser Ad-hoc-Mitteilung ge\u00e4u\u00dfertenAnnahmen und Erwartungen \u00fcbereinstimmen werden.29.07.2008  Finanznachrichten \u00fcbermittelt durch die DGAP&#8212;&#8212;&#8212;&#8212;&#8212;&#8212;&#8212;&#8212;&#8212;&#8212;&#8212;&#8212;&#8212;&#8212;&#8212;&#8212;&#8212;&#8212;&#8212;&#8212;&#8212;&#8212;&#8212;&#8212;&#8212; Sprache:      DeutschEmittent:     Allgeier Holding AG              Wehrlestrasse 12              81679 M\u00fcnchen              DeutschlandTelefon:      +49 (0)89 998 421-0Fax:          +49 (0)89 998 421-11E-Mail:       info@allgeier.comInternet:     www.allgeier-holding.comISIN:         DE0005086300WKN:          508630Indizes:      CDAXB\u00f6rsen:       Regulierter Markt in Frankfurt (General Standard);              Freiverkehr in Berlin, Stuttgart, Hamburg, D\u00fcsseldorf Ende der Mitteilung                             DGAP News-Service &#8212;&#8212;&#8212;&#8212;&#8212;&#8212;&#8212;&#8212;&#8212;&#8212;&#8212;&#8212;&#8212;&#8212;&#8212;&#8212;&#8212;&#8212;&#8212;&#8212;&#8212;&#8212;&#8212;&#8212;&#8212;<\/p>\n","protected":false},"excerpt":{"rendered":"<p>F\u00fchrender Anbieter f\u00fcr IT- und Personal-Service formiert sich M\u00fcnchen, 29. Juli 2008. Die Allgeier Holding AG hat sich heute mit den Aktion\u00e4ren der TOPjects AG, M\u00fcnchen, \u00fcber den Erwerb von 100 Prozent der Aktien der TOPjects AG geeinigt und entsprechende Vertr\u00e4ge geschlossen. Die Parteien werden die<\/p>\n","protected":false},"author":4,"featured_media":0,"parent":1169,"menu_order":0,"comment_status":"close","ping_status":"closed","template":"","meta":{"_acf_changed":false,"footnotes":""},"categories":[7],"tags":[],"class_list":["post-4007","page","type-page","status-publish","hentry","category-pressemitteilungen"],"acf":[],"yoast_head":"<!-- This site is optimized with the Yoast SEO plugin v27.4 - https:\/\/yoast.com\/product\/yoast-seo-wordpress\/ -->\n<title>Allgeier erwirbt IT-Dienstleister TOPjects AG - Allgeier SE<\/title>\n<meta name=\"robots\" content=\"index, follow, max-snippet:-1, max-image-preview:large, max-video-preview:-1\" \/>\n<link rel=\"canonical\" href=\"https:\/\/www.allgeier.com\/de\/pressroom\/press-releases\/allgeier-erwirbt-it-dienstleister-topjects-ag\/\" \/>\n<meta property=\"og:locale\" content=\"de_DE\" \/>\n<meta property=\"og:type\" content=\"article\" \/>\n<meta property=\"og:title\" content=\"Allgeier erwirbt IT-Dienstleister TOPjects AG - Allgeier SE\" \/>\n<meta property=\"og:description\" content=\"F\u00fchrender Anbieter f\u00fcr IT- und Personal-Service formiert sich M\u00fcnchen, 29. Juli 2008. Die Allgeier Holding AG hat sich heute mit den Aktion\u00e4ren der TOPjects AG, M\u00fcnchen, \u00fcber den Erwerb von 100 Prozent der Aktien der TOPjects AG geeinigt und entsprechende Vertr\u00e4ge geschlossen. Die Parteien werden die\" \/>\n<meta property=\"og:url\" content=\"https:\/\/www.allgeier.com\/de\/pressroom\/press-releases\/allgeier-erwirbt-it-dienstleister-topjects-ag\/\" \/>\n<meta property=\"og:site_name\" content=\"Allgeier SE\" \/>\n<meta property=\"article:modified_time\" content=\"2025-02-05T18:36:48+00:00\" \/>\n<meta name=\"twitter:card\" content=\"summary_large_image\" \/>\n<meta name=\"twitter:label1\" content=\"Gesch\u00e4tzte Lesezeit\" \/>\n\t<meta name=\"twitter:data1\" content=\"4\u00a0Minuten\" \/>\n<script type=\"application\/ld+json\" class=\"yoast-schema-graph\">{\"@context\":\"https:\\\/\\\/schema.org\",\"@graph\":[{\"@type\":\"WebPage\",\"@id\":\"https:\\\/\\\/www.allgeier.com\\\/de\\\/pressroom\\\/press-releases\\\/allgeier-erwirbt-it-dienstleister-topjects-ag\\\/\",\"url\":\"https:\\\/\\\/www.allgeier.com\\\/de\\\/pressroom\\\/press-releases\\\/allgeier-erwirbt-it-dienstleister-topjects-ag\\\/\",\"name\":\"Allgeier erwirbt IT-Dienstleister TOPjects AG - Allgeier SE\",\"isPartOf\":{\"@id\":\"https:\\\/\\\/www.allgeier.com\\\/de\\\/#website\"},\"datePublished\":\"2008-07-29T13:43:56+00:00\",\"dateModified\":\"2025-02-05T18:36:48+00:00\",\"breadcrumb\":{\"@id\":\"https:\\\/\\\/www.allgeier.com\\\/de\\\/pressroom\\\/press-releases\\\/allgeier-erwirbt-it-dienstleister-topjects-ag\\\/#breadcrumb\"},\"inLanguage\":\"de\",\"potentialAction\":[{\"@type\":\"ReadAction\",\"target\":[\"https:\\\/\\\/www.allgeier.com\\\/de\\\/pressroom\\\/press-releases\\\/allgeier-erwirbt-it-dienstleister-topjects-ag\\\/\"]}]},{\"@type\":\"BreadcrumbList\",\"@id\":\"https:\\\/\\\/www.allgeier.com\\\/de\\\/pressroom\\\/press-releases\\\/allgeier-erwirbt-it-dienstleister-topjects-ag\\\/#breadcrumb\",\"itemListElement\":[{\"@type\":\"ListItem\",\"position\":1,\"name\":\"Home\",\"item\":\"https:\\\/\\\/www.allgeier.com\\\/de\\\/\"},{\"@type\":\"ListItem\",\"position\":2,\"name\":\"Presse\",\"item\":\"https:\\\/\\\/www.allgeier.com\\\/de\\\/pressroom\\\/\"},{\"@type\":\"ListItem\",\"position\":3,\"name\":\"Pressemitteilungen\",\"item\":\"https:\\\/\\\/www.allgeier.com\\\/de\\\/pressroom\\\/press-releases\\\/\"},{\"@type\":\"ListItem\",\"position\":4,\"name\":\"Allgeier erwirbt IT-Dienstleister TOPjects AG\"}]},{\"@type\":\"WebSite\",\"@id\":\"https:\\\/\\\/www.allgeier.com\\\/de\\\/#website\",\"url\":\"https:\\\/\\\/www.allgeier.com\\\/de\\\/\",\"name\":\"Allgeier SE\",\"description\":\"Software &amp; IT Services for digital transformation\",\"potentialAction\":[{\"@type\":\"SearchAction\",\"target\":{\"@type\":\"EntryPoint\",\"urlTemplate\":\"https:\\\/\\\/www.allgeier.com\\\/de\\\/?s={search_term_string}\"},\"query-input\":{\"@type\":\"PropertyValueSpecification\",\"valueRequired\":true,\"valueName\":\"search_term_string\"}}],\"inLanguage\":\"de\"}]}<\/script>\n<!-- \/ Yoast SEO plugin. -->","yoast_head_json":{"title":"Allgeier erwirbt IT-Dienstleister TOPjects AG - Allgeier SE","robots":{"index":"index","follow":"follow","max-snippet":"max-snippet:-1","max-image-preview":"max-image-preview:large","max-video-preview":"max-video-preview:-1"},"canonical":"https:\/\/www.allgeier.com\/de\/pressroom\/press-releases\/allgeier-erwirbt-it-dienstleister-topjects-ag\/","og_locale":"de_DE","og_type":"article","og_title":"Allgeier erwirbt IT-Dienstleister TOPjects AG - Allgeier SE","og_description":"F\u00fchrender Anbieter f\u00fcr IT- und Personal-Service formiert sich M\u00fcnchen, 29. Juli 2008. Die Allgeier Holding AG hat sich heute mit den Aktion\u00e4ren der TOPjects AG, M\u00fcnchen, \u00fcber den Erwerb von 100 Prozent der Aktien der TOPjects AG geeinigt und entsprechende Vertr\u00e4ge geschlossen. Die Parteien werden die","og_url":"https:\/\/www.allgeier.com\/de\/pressroom\/press-releases\/allgeier-erwirbt-it-dienstleister-topjects-ag\/","og_site_name":"Allgeier SE","article_modified_time":"2025-02-05T18:36:48+00:00","twitter_card":"summary_large_image","twitter_misc":{"Gesch\u00e4tzte Lesezeit":"4\u00a0Minuten"},"schema":{"@context":"https:\/\/schema.org","@graph":[{"@type":"WebPage","@id":"https:\/\/www.allgeier.com\/de\/pressroom\/press-releases\/allgeier-erwirbt-it-dienstleister-topjects-ag\/","url":"https:\/\/www.allgeier.com\/de\/pressroom\/press-releases\/allgeier-erwirbt-it-dienstleister-topjects-ag\/","name":"Allgeier erwirbt IT-Dienstleister TOPjects AG - Allgeier SE","isPartOf":{"@id":"https:\/\/www.allgeier.com\/de\/#website"},"datePublished":"2008-07-29T13:43:56+00:00","dateModified":"2025-02-05T18:36:48+00:00","breadcrumb":{"@id":"https:\/\/www.allgeier.com\/de\/pressroom\/press-releases\/allgeier-erwirbt-it-dienstleister-topjects-ag\/#breadcrumb"},"inLanguage":"de","potentialAction":[{"@type":"ReadAction","target":["https:\/\/www.allgeier.com\/de\/pressroom\/press-releases\/allgeier-erwirbt-it-dienstleister-topjects-ag\/"]}]},{"@type":"BreadcrumbList","@id":"https:\/\/www.allgeier.com\/de\/pressroom\/press-releases\/allgeier-erwirbt-it-dienstleister-topjects-ag\/#breadcrumb","itemListElement":[{"@type":"ListItem","position":1,"name":"Home","item":"https:\/\/www.allgeier.com\/de\/"},{"@type":"ListItem","position":2,"name":"Presse","item":"https:\/\/www.allgeier.com\/de\/pressroom\/"},{"@type":"ListItem","position":3,"name":"Pressemitteilungen","item":"https:\/\/www.allgeier.com\/de\/pressroom\/press-releases\/"},{"@type":"ListItem","position":4,"name":"Allgeier erwirbt IT-Dienstleister TOPjects AG"}]},{"@type":"WebSite","@id":"https:\/\/www.allgeier.com\/de\/#website","url":"https:\/\/www.allgeier.com\/de\/","name":"Allgeier SE","description":"Software &amp; IT Services for digital transformation","potentialAction":[{"@type":"SearchAction","target":{"@type":"EntryPoint","urlTemplate":"https:\/\/www.allgeier.com\/de\/?s={search_term_string}"},"query-input":{"@type":"PropertyValueSpecification","valueRequired":true,"valueName":"search_term_string"}}],"inLanguage":"de"}]}},"_links":{"self":[{"href":"https:\/\/www.allgeier.com\/de\/wp-json\/wp\/v2\/pages\/4007","targetHints":{"allow":["GET"]}}],"collection":[{"href":"https:\/\/www.allgeier.com\/de\/wp-json\/wp\/v2\/pages"}],"about":[{"href":"https:\/\/www.allgeier.com\/de\/wp-json\/wp\/v2\/types\/page"}],"author":[{"embeddable":true,"href":"https:\/\/www.allgeier.com\/de\/wp-json\/wp\/v2\/users\/4"}],"replies":[{"embeddable":true,"href":"https:\/\/www.allgeier.com\/de\/wp-json\/wp\/v2\/comments?post=4007"}],"version-history":[{"count":1,"href":"https:\/\/www.allgeier.com\/de\/wp-json\/wp\/v2\/pages\/4007\/revisions"}],"predecessor-version":[{"id":4008,"href":"https:\/\/www.allgeier.com\/de\/wp-json\/wp\/v2\/pages\/4007\/revisions\/4008"}],"up":[{"embeddable":true,"href":"https:\/\/www.allgeier.com\/de\/wp-json\/wp\/v2\/pages\/1169"}],"wp:attachment":[{"href":"https:\/\/www.allgeier.com\/de\/wp-json\/wp\/v2\/media?parent=4007"}],"wp:term":[{"taxonomy":"category","embeddable":true,"href":"https:\/\/www.allgeier.com\/de\/wp-json\/wp\/v2\/categories?post=4007"},{"taxonomy":"post_tag","embeddable":true,"href":"https:\/\/www.allgeier.com\/de\/wp-json\/wp\/v2\/tags?post=4007"}],"curies":[{"name":"wp","href":"https:\/\/api.w.org\/{rel}","templated":true}]}}