{"id":4009,"date":"2008-04-30T13:48:28","date_gmt":"2008-04-30T13:48:28","guid":{"rendered":"https:\/\/www.allgeier.com\/de\/?page_id=4009"},"modified":"2025-02-05T18:36:49","modified_gmt":"2025-02-05T18:36:49","slug":"allgeier-holding-ag-legt-jahresabschluss-2007-vor","status":"publish","type":"page","link":"https:\/\/www.allgeier.com\/de\/pressroom\/press-releases\/allgeier-holding-ag-legt-jahresabschluss-2007-vor\/","title":{"rendered":"Allgeier Holding AG legt Jahresabschluss 2007 vor"},"content":{"rendered":"<p><b>Allgeier Holding AG \/ Jahresergebnis<\/b>Ver\u00f6ffentlichung einer Corporate News, \u00fcbermittelt durch die DGAP &#8211; einUnternehmen der EquityStory AG.F\u00fcr den Inhalt der Mitteilung ist der Emittent \/ Herausgeber verantwortlich.&#8212;&#8212;&#8212;&#8212;&#8212;&#8212;&#8212;&#8212;&#8212;&#8212;&#8212;&#8212;&#8212;&#8212;&#8212;&#8212;&#8212;&#8212;&#8212;&#8212;&#8212;&#8212;&#8212;&#8212;&#8212;Allgeier Holding best\u00e4tigt die starken Gesch\u00e4ftsergebnisse 2007 undbest\u00e4tigt eingeschlagene StrategieM\u00fcnchen, 30. April 2008 \u2013 Der Aufsichtsrat der Allgeier Holding AG hat demtestierten Jahresabschluss der Allgeier Holding AG und dem Konzernabschlussf\u00fcr das Jahr 2007 zugestimmt.Konzernumsatz und Konzernergebnis (EBITA) um rund 80% gesteigertWie bereits in der Ad-hoc Meldung vom 24. April 2008 mitgeteilt, stieg derKonzernumsatz in 2007 um 79% auf 298,3 Mio. EUR (2006: 166,7 Mio. EUR). Indiesen IFRS Zahlen sind die Umsatzanteile der in 2007 erworbenenUnternehmen zeitanteilig ab dem Erwerbszeitpunkt konsolidiert. In einerProForma Betrachtung, unter Einbezug der gesamten Jahresums\u00e4tze der in 2007erworbenen Unternehmen, betrug der Jahresumsatz 337,4 Mio. EUR (2006: 282,9Mio. EUR). Dies entspricht einem organischen Wachstum von 19%.Das Ergebnis vor Zinsen, Steuern sowie Abschreibungen auf Firmenwerte undKaufpreisallokationen (EBITA) wurde um 79% auf 21,2 Mio. EUR gesteigert(Vorjahr: 11,9 Mio. EUR). In der zur Beurteilung der tats\u00e4chlichenErtragskraft aller zum Jahresende zum Konzern geh\u00f6rendenGruppengesellschaften besser geeigneten ProForma Betrachtung wurde imKonzern ein EBITA von 26,4 Mio. EUR erreicht (2006: 21,4 Mio. EUR).Das Ergebnis vor Zinsen und Steuern (EBIT) konnte in 2007 um 113% auf 15,7Mio. EUR gesteigert werden (2006: 7,35 Mio. EUR). Das ProForma EBIT stiegum 23% auf 20,8 Mio. EUR (2006: 16,9 Mio. EUR).Der Cash Flow aus der betrieblichen T\u00e4tigkeit stieg von 4,6 Mio. EUR in2006 auf 18,9 Mio. EUR in der Berichtsperiode (+310%).Gesch\u00e4ftsbereich IT weiter auf Wachstumskurs Der Gesch\u00e4ftsbereich IT wird in die zwei Segmente IT Services und ITSolutions gegliedert.Das Leistungsportfolio des Gesch\u00e4ftssegments IT Services erstreckt sich vonExpert Recruiting\/Management \u00fcber Beratung und L\u00f6sungsentwicklung bis hinzur Umsetzung und dem Betrieb von technisch komplexen IT Systeml\u00f6sungen imEnterpriseumfeld. Der Umsatz im Segment IT Services erh\u00f6hte sich um 55% auf113,1 Mio. EUR (2006: 72,9 Mio. EUR). Das organische Wachstum betrug dabei13,5%. Damit konnten die Segmentgesellschaften wie in den letzten JahrenMarktanteile gewinnen. Das EBITA konnte um 31% auf 9,6 Mio. EUR gesteigertwerden (Vorjahr: 7,3 Mio. EUR). Bedingt durch das starke Wachstum immargenschw\u00e4cheren Expert Leasing Gesch\u00e4ft ging die operative Marge(EBITA\/Umsatz) von 10,1% im Vorjahr auf 8,5% in der Berichtsperiode zur\u00fcck.In der zum Margenvergleich relevanten ProForma-Betrachtung blieb dieEBITA-Marge mit 8,5% konstant.Die Gesellschaften im Segment IT Solutions fokussieren sich auf dasSystemhausgesch\u00e4ft rund um Enterprise Ressource Planning (ERP),Dokumentenmanagement\/Workflow (DMS) sowie Email-Security Software. DasManagement des Segments IT Solutions konzentrierte sich in 2007 vornehmlichauf operative Performancesteigerungen. Der Umsatz stieg auf 20,5 Mio. EUR(2006: 20,2 Mio. EUR). Das EBITA konnte um 86% auf 1,4 Mio. EUR gesteigertwerden (Vorjahr: 0,7 Mio. EUR). Die operative Marge stieg von 3,7% auf6,8%.Gesch\u00e4ftsbereich Personal Services erreicht Top 10 im MarktDie Gruppengesellschaften im Gesch\u00e4ftsbereich Personal Services(Zeitarbeit) erzielten in 2007 einen Umsatz von 164,9 Mio. EUR (2006: 73,8Mio. EUR). Der ProForma Umsatz stieg auf 204,4 Mio. EUR (2006: 163,3 Mio.EUR). Dies entspricht einem organischen Wachstum von 25%. Das EBITA konnteum 118% auf 13,5 Mio. EUR gesteigert werden (2006: 6,2 Mio. EUR). DasProForma EBITA ist von 14,5 Mio. EUR in 2006 auf 18,7 Mio. EUR in 2007gestiegen (+29%). Die EBITA-Marge stieg leicht von 8,9% auf 9,1%.Allgeier h\u00e4lt an Zielen und Strategie fest Im Februar 2008 ver\u00e4u\u00dferte Allgeier Holding AG das im Gesch\u00e4ftsbereichPersonal Services gef\u00fchrte Zeitarbeitsgesch\u00e4ft. Durch den Verkauf hatAllgeier die Voraussetzung f\u00fcr neue Akquisitionen geschaffen. Leitlinie f\u00fcrdie weitere Entwicklung der Gruppe bleibt auch nach der Transaktion diebisherige Strategie. Der Gesch\u00e4ftsbereich IT soll deutlich ausgebautwerden. Im Jahr 2008 erwartet das Management eine Fortsetzung desWachstumskurses, basierend auf organischem Wachstum und weiterenAkquisitionen. Das Management hat dazu in den letzten Monaten zahlreicheGespr\u00e4che mit potentiellen neuen Gesellschaften f\u00fcr den Allgeier IT Bereichgef\u00fchrt.Allgeier Holding AG Dr. Holger von Daniels  Wehrlestra\u00dfe 12 D-81679 M\u00fcnchen Tel.: 089-998421-0 Fax: 089-998421-11 www.allgeier-holding.de Allgeier Holding AG Dr. Holger von Daniels  Wehrlestra\u00dfe 12 D-81679 M\u00fcnchen Tel.: 089-998421-0 Fax: 089-998421-11 www.allgeier-holding.de Kurzprofil Allgeier Holding AG:Die Allgeier Holding AG ist eine Dienstleistungsgruppe, die sich auf denwachsenden Markt f\u00fcr Dienstleistungen zur Flexibilisierung von Arbeits- undKostenstrukturen fokussiert. Nach dem Verkauf der Zeitarbeitseinheitkonzentriert sich Allgeier auf den stark wachsenden Markt f\u00fcr IT-Servicessowie auf angrenzende Dienstleistungsgesch\u00e4fte. Die Gesellschaften imBereich IT-Services unterst\u00fctzen Kunden bei der Umsetzung von Innovationen,der Verbesserung des Informationsflusses und der Optimierung vonGesch\u00e4ftsprozessen. Die Unternehmen innerhalb von Allgeier arbeiteneigenst\u00e4ndig mit allen Vorteilen mittelst\u00e4ndischer Flexibilit\u00e4t,Schnelligkeit, Serviceorientierung und Innovations\u00ackraft. Unter dem Dachvon Allgeier verbinden sich diese Vorteile mit der Nutzung von Synergien,der Sicherheit und der Schlagkraft einer f\u00fchrenden b\u00f6rsennotiertenUnternehmensgruppe. Durch ein breites Service-Leistungsspektrum sowiegeb\u00fcndelte Kompetenz und Gr\u00f6\u00dfe werden nachhaltig steigende Werte f\u00fcr Kundenund Investoren geschaffen. Die Allgeier-Gruppe besch\u00e4ftigt zurzeit rund1300 IT-Spezialisten und kann auf eine breite Kundenstruktur quer durchalle deutschen Industrien verweisen. Die Allgeier Holding AG ist amregulierten Markt der Frankfurter B\u00f6rse im Segment General Standard notiert(WKN 508630\/ISIN DE000508630). Weitere Informationen unter:www.allgeier.com.Wichtiger Hinweis: Diese Mitteilung enth\u00e4lt in die Zukunft gerichtete Aussagen, die aufAnnahmen und Sch\u00e4tzungen der Unternehmensleitung der Allgeier Holding AGberuhen. Auch wenn die Unternehmensleitung der Ansicht ist, dass dieseAnnahmen und Sch\u00e4tzungen zutreffend sind, k\u00f6nnen die k\u00fcnftige tats\u00e4chlicheEntwicklung und die k\u00fcnftigen tats\u00e4chlichen Ergebnisse von diesen Annahmenund Sch\u00e4tzungen aufgrund vielf\u00e4ltiger Faktoren erheblich abweichen. Zudiesen Faktoren k\u00f6nnen beispielsweise die Ver\u00e4nderung dergesamtwirtschaftlichen Lage, der Wechsel\u00ackurse, der Zinss\u00e4tze sowieVer\u00e4nderungen innerhalb der Marktentwicklung und der sich ver\u00e4ndertenWettbewerbssituation geh\u00f6ren. Die Allgeier Holding AG \u00fcbernimmt keineGew\u00e4hrleistung und keine Haftung daf\u00fcr, dass die k\u00fcnftige Entwicklung unddie k\u00fcnftig erzielten tats\u00e4chlichen Ergebnisse mit den in dieserAd-hoc-Mitteilung\/Pressemitteilung ge\u00e4u\u00dferten Annahmen und Sch\u00e4tzungen\u00fcbereinstimmen werden.30.04.2008  Finanznachrichten \u00fcbermittelt durch die DGAP&#8212;&#8212;&#8212;&#8212;&#8212;&#8212;&#8212;&#8212;&#8212;&#8212;&#8212;&#8212;&#8212;&#8212;&#8212;&#8212;&#8212;&#8212;&#8212;&#8212;&#8212;&#8212;&#8212;&#8212;&#8212; Sprache:      DeutschEmittent:     Allgeier Holding AG              Wehrlestrasse 12              81679 M\u00fcnchen              DeutschlandTelefon:      +49 (0)89 998 421-0Fax:          +49 (0)89 998 421-11E-Mail:       info@allgeier.comInternet:     www.allgeier-holding.comISIN:         DE0005086300WKN:          508630Indizes:      CDAXB\u00f6rsen:       Regulierter Markt in Frankfurt (General Standard);              Freiverkehr in Berlin, Stuttgart, Hamburg, D\u00fcsseldorf Ende der Mitteilung                             DGAP News-Service &#8212;&#8212;&#8212;&#8212;&#8212;&#8212;&#8212;&#8212;&#8212;&#8212;&#8212;&#8212;&#8212;&#8212;&#8212;&#8212;&#8212;&#8212;&#8212;&#8212;&#8212;&#8212;&#8212;&#8212;&#8212;<\/p>\n","protected":false},"excerpt":{"rendered":"<p>Allgeier Holding best\u00e4tigt die starken Gesch\u00e4ftsergebnisse 2007 und best\u00e4tigt eingeschlagene Strategie  M\u00fcnchen, 30. April 2008 \u2013 Der Aufsichtsrat der Allgeier Holding AG hat dem testierten Jahresabschluss der Allgeier Holding AG und dem Konzernabschluss f\u00fcr das Jahr 2007 zugestimmt. Konzernumsatz<\/p>\n","protected":false},"author":4,"featured_media":0,"parent":1169,"menu_order":0,"comment_status":"close","ping_status":"closed","template":"","meta":{"_acf_changed":false,"footnotes":""},"categories":[7],"tags":[],"class_list":["post-4009","page","type-page","status-publish","hentry","category-pressemitteilungen"],"acf":[],"yoast_head":"<!-- This site is optimized with the Yoast SEO plugin v27.4 - https:\/\/yoast.com\/product\/yoast-seo-wordpress\/ -->\n<title>Allgeier Holding AG legt Jahresabschluss 2007 vor - Allgeier SE<\/title>\n<meta name=\"robots\" content=\"index, follow, max-snippet:-1, max-image-preview:large, max-video-preview:-1\" \/>\n<link rel=\"canonical\" href=\"https:\/\/www.allgeier.com\/de\/pressroom\/press-releases\/allgeier-holding-ag-legt-jahresabschluss-2007-vor\/\" \/>\n<meta property=\"og:locale\" content=\"de_DE\" \/>\n<meta property=\"og:type\" content=\"article\" \/>\n<meta property=\"og:title\" content=\"Allgeier Holding AG legt Jahresabschluss 2007 vor - Allgeier SE\" \/>\n<meta property=\"og:description\" content=\"Allgeier Holding best\u00e4tigt die starken Gesch\u00e4ftsergebnisse 2007 und best\u00e4tigt eingeschlagene Strategie M\u00fcnchen, 30. April 2008 \u2013 Der Aufsichtsrat der Allgeier Holding AG hat dem testierten Jahresabschluss der Allgeier Holding AG und dem Konzernabschluss f\u00fcr das Jahr 2007 zugestimmt. Konzernumsatz\" \/>\n<meta property=\"og:url\" content=\"https:\/\/www.allgeier.com\/de\/pressroom\/press-releases\/allgeier-holding-ag-legt-jahresabschluss-2007-vor\/\" \/>\n<meta property=\"og:site_name\" content=\"Allgeier SE\" \/>\n<meta property=\"article:modified_time\" content=\"2025-02-05T18:36:49+00:00\" \/>\n<meta name=\"twitter:card\" content=\"summary_large_image\" \/>\n<meta name=\"twitter:label1\" content=\"Gesch\u00e4tzte Lesezeit\" \/>\n\t<meta name=\"twitter:data1\" content=\"5\u00a0Minuten\" \/>\n<script type=\"application\/ld+json\" class=\"yoast-schema-graph\">{\"@context\":\"https:\\\/\\\/schema.org\",\"@graph\":[{\"@type\":\"WebPage\",\"@id\":\"https:\\\/\\\/www.allgeier.com\\\/de\\\/pressroom\\\/press-releases\\\/allgeier-holding-ag-legt-jahresabschluss-2007-vor\\\/\",\"url\":\"https:\\\/\\\/www.allgeier.com\\\/de\\\/pressroom\\\/press-releases\\\/allgeier-holding-ag-legt-jahresabschluss-2007-vor\\\/\",\"name\":\"Allgeier Holding AG legt Jahresabschluss 2007 vor - Allgeier SE\",\"isPartOf\":{\"@id\":\"https:\\\/\\\/www.allgeier.com\\\/de\\\/#website\"},\"datePublished\":\"2008-04-30T13:48:28+00:00\",\"dateModified\":\"2025-02-05T18:36:49+00:00\",\"breadcrumb\":{\"@id\":\"https:\\\/\\\/www.allgeier.com\\\/de\\\/pressroom\\\/press-releases\\\/allgeier-holding-ag-legt-jahresabschluss-2007-vor\\\/#breadcrumb\"},\"inLanguage\":\"de\",\"potentialAction\":[{\"@type\":\"ReadAction\",\"target\":[\"https:\\\/\\\/www.allgeier.com\\\/de\\\/pressroom\\\/press-releases\\\/allgeier-holding-ag-legt-jahresabschluss-2007-vor\\\/\"]}]},{\"@type\":\"BreadcrumbList\",\"@id\":\"https:\\\/\\\/www.allgeier.com\\\/de\\\/pressroom\\\/press-releases\\\/allgeier-holding-ag-legt-jahresabschluss-2007-vor\\\/#breadcrumb\",\"itemListElement\":[{\"@type\":\"ListItem\",\"position\":1,\"name\":\"Home\",\"item\":\"https:\\\/\\\/www.allgeier.com\\\/de\\\/\"},{\"@type\":\"ListItem\",\"position\":2,\"name\":\"Presse\",\"item\":\"https:\\\/\\\/www.allgeier.com\\\/de\\\/pressroom\\\/\"},{\"@type\":\"ListItem\",\"position\":3,\"name\":\"Pressemitteilungen\",\"item\":\"https:\\\/\\\/www.allgeier.com\\\/de\\\/pressroom\\\/press-releases\\\/\"},{\"@type\":\"ListItem\",\"position\":4,\"name\":\"Allgeier Holding AG legt Jahresabschluss 2007 vor\"}]},{\"@type\":\"WebSite\",\"@id\":\"https:\\\/\\\/www.allgeier.com\\\/de\\\/#website\",\"url\":\"https:\\\/\\\/www.allgeier.com\\\/de\\\/\",\"name\":\"Allgeier SE\",\"description\":\"Software &amp; IT Services for digital transformation\",\"potentialAction\":[{\"@type\":\"SearchAction\",\"target\":{\"@type\":\"EntryPoint\",\"urlTemplate\":\"https:\\\/\\\/www.allgeier.com\\\/de\\\/?s={search_term_string}\"},\"query-input\":{\"@type\":\"PropertyValueSpecification\",\"valueRequired\":true,\"valueName\":\"search_term_string\"}}],\"inLanguage\":\"de\"}]}<\/script>\n<!-- \/ Yoast SEO plugin. -->","yoast_head_json":{"title":"Allgeier Holding AG legt Jahresabschluss 2007 vor - Allgeier SE","robots":{"index":"index","follow":"follow","max-snippet":"max-snippet:-1","max-image-preview":"max-image-preview:large","max-video-preview":"max-video-preview:-1"},"canonical":"https:\/\/www.allgeier.com\/de\/pressroom\/press-releases\/allgeier-holding-ag-legt-jahresabschluss-2007-vor\/","og_locale":"de_DE","og_type":"article","og_title":"Allgeier Holding AG legt Jahresabschluss 2007 vor - Allgeier SE","og_description":"Allgeier Holding best\u00e4tigt die starken Gesch\u00e4ftsergebnisse 2007 und best\u00e4tigt eingeschlagene Strategie M\u00fcnchen, 30. April 2008 \u2013 Der Aufsichtsrat der Allgeier Holding AG hat dem testierten Jahresabschluss der Allgeier Holding AG und dem Konzernabschluss f\u00fcr das Jahr 2007 zugestimmt. Konzernumsatz","og_url":"https:\/\/www.allgeier.com\/de\/pressroom\/press-releases\/allgeier-holding-ag-legt-jahresabschluss-2007-vor\/","og_site_name":"Allgeier SE","article_modified_time":"2025-02-05T18:36:49+00:00","twitter_card":"summary_large_image","twitter_misc":{"Gesch\u00e4tzte Lesezeit":"5\u00a0Minuten"},"schema":{"@context":"https:\/\/schema.org","@graph":[{"@type":"WebPage","@id":"https:\/\/www.allgeier.com\/de\/pressroom\/press-releases\/allgeier-holding-ag-legt-jahresabschluss-2007-vor\/","url":"https:\/\/www.allgeier.com\/de\/pressroom\/press-releases\/allgeier-holding-ag-legt-jahresabschluss-2007-vor\/","name":"Allgeier Holding AG legt Jahresabschluss 2007 vor - Allgeier SE","isPartOf":{"@id":"https:\/\/www.allgeier.com\/de\/#website"},"datePublished":"2008-04-30T13:48:28+00:00","dateModified":"2025-02-05T18:36:49+00:00","breadcrumb":{"@id":"https:\/\/www.allgeier.com\/de\/pressroom\/press-releases\/allgeier-holding-ag-legt-jahresabschluss-2007-vor\/#breadcrumb"},"inLanguage":"de","potentialAction":[{"@type":"ReadAction","target":["https:\/\/www.allgeier.com\/de\/pressroom\/press-releases\/allgeier-holding-ag-legt-jahresabschluss-2007-vor\/"]}]},{"@type":"BreadcrumbList","@id":"https:\/\/www.allgeier.com\/de\/pressroom\/press-releases\/allgeier-holding-ag-legt-jahresabschluss-2007-vor\/#breadcrumb","itemListElement":[{"@type":"ListItem","position":1,"name":"Home","item":"https:\/\/www.allgeier.com\/de\/"},{"@type":"ListItem","position":2,"name":"Presse","item":"https:\/\/www.allgeier.com\/de\/pressroom\/"},{"@type":"ListItem","position":3,"name":"Pressemitteilungen","item":"https:\/\/www.allgeier.com\/de\/pressroom\/press-releases\/"},{"@type":"ListItem","position":4,"name":"Allgeier Holding AG legt Jahresabschluss 2007 vor"}]},{"@type":"WebSite","@id":"https:\/\/www.allgeier.com\/de\/#website","url":"https:\/\/www.allgeier.com\/de\/","name":"Allgeier SE","description":"Software &amp; IT Services for digital transformation","potentialAction":[{"@type":"SearchAction","target":{"@type":"EntryPoint","urlTemplate":"https:\/\/www.allgeier.com\/de\/?s={search_term_string}"},"query-input":{"@type":"PropertyValueSpecification","valueRequired":true,"valueName":"search_term_string"}}],"inLanguage":"de"}]}},"_links":{"self":[{"href":"https:\/\/www.allgeier.com\/de\/wp-json\/wp\/v2\/pages\/4009","targetHints":{"allow":["GET"]}}],"collection":[{"href":"https:\/\/www.allgeier.com\/de\/wp-json\/wp\/v2\/pages"}],"about":[{"href":"https:\/\/www.allgeier.com\/de\/wp-json\/wp\/v2\/types\/page"}],"author":[{"embeddable":true,"href":"https:\/\/www.allgeier.com\/de\/wp-json\/wp\/v2\/users\/4"}],"replies":[{"embeddable":true,"href":"https:\/\/www.allgeier.com\/de\/wp-json\/wp\/v2\/comments?post=4009"}],"version-history":[{"count":1,"href":"https:\/\/www.allgeier.com\/de\/wp-json\/wp\/v2\/pages\/4009\/revisions"}],"predecessor-version":[{"id":4010,"href":"https:\/\/www.allgeier.com\/de\/wp-json\/wp\/v2\/pages\/4009\/revisions\/4010"}],"up":[{"embeddable":true,"href":"https:\/\/www.allgeier.com\/de\/wp-json\/wp\/v2\/pages\/1169"}],"wp:attachment":[{"href":"https:\/\/www.allgeier.com\/de\/wp-json\/wp\/v2\/media?parent=4009"}],"wp:term":[{"taxonomy":"category","embeddable":true,"href":"https:\/\/www.allgeier.com\/de\/wp-json\/wp\/v2\/categories?post=4009"},{"taxonomy":"post_tag","embeddable":true,"href":"https:\/\/www.allgeier.com\/de\/wp-json\/wp\/v2\/tags?post=4009"}],"curies":[{"name":"wp","href":"https:\/\/api.w.org\/{rel}","templated":true}]}}