{"id":4017,"date":"2007-08-20T16:07:55","date_gmt":"2007-08-20T16:07:55","guid":{"rendered":"https:\/\/www.allgeier.com\/de\/?page_id=4017"},"modified":"2025-02-05T18:36:53","modified_gmt":"2025-02-05T18:36:53","slug":"halbjahresergebnisse-2007-allgeier-holding-setzt-wachstumskurs-fort","status":"publish","type":"page","link":"https:\/\/www.allgeier.com\/de\/pressroom\/press-releases\/halbjahresergebnisse-2007-allgeier-holding-setzt-wachstumskurs-fort\/","title":{"rendered":"Halbjahresergebnisse 2007 &#8211; Allgeier Holding setzt Wachstumskurs fort"},"content":{"rendered":"<p><b>Allgeier Holding AG \/ Halbjahresergebnis<\/b>Ver\u00f6ffentlichung einer Corporate News, \u00fcbermittelt durch die DGAP &#8211; einUnternehmen der EquityStory AG.F\u00fcr den Inhalt der Mitteilung ist der Emittent \/ Herausgeber verantwortlich.&#8212;&#8212;&#8212;&#8212;&#8212;&#8212;&#8212;&#8212;&#8212;&#8212;&#8212;&#8212;&#8212;&#8212;&#8212;&#8212;&#8212;&#8212;&#8212;&#8212;&#8212;&#8212;&#8212;&#8212;&#8212;M\u00fcnchen, 21. August 2007. Die Allgeier Holding AG setzt auch im zweitenQuartal 2007 (1. April bis 30. Juni) ihre positive Entwicklung fort undkann damit ihre Position im Markt weiter festigen. Nach dem bereits starkenersten Quartal des aktuellen Gesch\u00e4ftsjahres weist dieDienstleistungsgruppe, die in den beiden Wachstumsm\u00e4rkten IT und PersonalServices (Zeitarbeit) aktiv ist, nun ein Rekordergebnis f\u00fcr das gesamteerste Halbjahr aus. Die Ums\u00e4tze stiegen von 33,1 Millionen Euro im zweitenQuartal 2006 um 108 Prozent auf 68,9 Millionen Euro in derVergleichsperiode 2007 an. Im ersten Halbjahr resultiert damit eineUmsatzsteigerung von 120 Prozent auf 127,4 (57,8) Millionen Euro. DasUmsatzwachstum im ersten Halbjahr wurde sowohl durch organisches Wachstum(+21 Prozent) der bestehenden Konzerngesellschaften als auch durch denErwerb erg\u00e4nzender Portfoliogesellschaften im Laufe des Gesch\u00e4ftsjahres2006 und im ersten Halbjahr 2007 erreicht. Dabei trugen beideGesch\u00e4ftsbereiche zu dem Wachstum bei. Der Bereich Personal-Servicesprofitiert in besonderer Weise von dem freundlichen Marktumfeld desGesamtmarkts f\u00fcr Zeitarbeit. Mit einem organischen Umsatzwachstum von 35Prozent im ersten Halbjahr 2007 verglichen zum Vorjahreszeitraum \u00fcbertrifftder Gesch\u00e4ftsbereich Personal Services weiterhin das ohnehin starkeMarktwachstum. Das Ergebnis vor Abschreibungen, Zinsen und Steuern (EBITDA) des zweitenQuartals 2007 liegt mit 4,2 Millionen Euro um 51 Prozent \u00fcber dem Wert von2,8 Millionen Euro im Vorjahr. Das EBITDA im ersten Halbjahr 2007 betr\u00e4gt7,4 (3,8) Millionen Euro und liegt damit um 97 Prozent \u00fcber demVorjahreswert. Das EBIT im ersten Halbjahr 2007 liegt mit 3,0 (1,8)Millionen Euro um 61 Prozent \u00fcber dem Ergebnis des Vorjahreszeitraum.Positive Entwicklung in beiden Gesch\u00e4ftsbereichenDer Umsatz im Gesch\u00e4ftsbereich Personal-Services stieg im zweiten Quartalum 192 Prozent auf 36,2 (12,4) Millionen Euro. Verglichen mit dem erstenHalbjahr 2006 stieg der Umsatz damit um 210 Prozent auf 66,7 (21,5)Millionen Euro. Das operative EBITDA vor Zinsen, Abschreibungen und Steuernwuchs im ersten Halbjahr um 283 Prozent auf 4,8 (1,2) Millionen Euro. Dieoperative EBITDA-Marge (vor Holding-Kosten und Effekten ausau\u00dferordentlichen Ertr\u00e4gen und Aufwendungen) im Gesch\u00e4ftsbereichPersonal-Services stieg von 5,8 Prozent auf 7,1 Prozent.Der Umsatz im Gesch\u00e4ftsbereich IT-Services stieg von 20,7 Millionen Euro imVergleichzeitraum des Vorjahres auf 32,8 Millionen Euro im zweiten Quartaldieses Jahres (+58 Prozent). Damit lag der Umsatz im ersten Halbjahr 2007mit 60,6 (36,3) Millionen Euro um 67 Prozent h\u00f6her als im Vorjahr. Das umSondereffekte bereinigte operative Ergebnis vor Zinsen, Abschreibungen undSteuern stieg im ersten Halbjahr von 3,6 Millionen Euro auf 4,4 MillionenEuro (+21 Prozent). Im ersten Halbjahr f\u00fchrt dies zu einem Wachstum von 21Prozent auf 4,4 (3,6) Millionen Euro. Das Wachstum resultierte dabeima\u00dfgeblich aus bereits in 2006 get\u00e4tigten Akquisitionen sowie einem starkenorganischen Wachstum im Expert Recruiting\/Expert Leasing-Gesch\u00e4ft.Marktposition durch weitere Akquisitionen ausgebautIm ersten Halbjahr 2007 konnte der Allgeier Konzern drei weitereAkquisitionen t\u00e4tigen und dadurch sowohl das Niederlassungsnetz als auchdas Leistungsspektrum strategisch erg\u00e4nzen. Die Gesch\u00e4ftsentwicklung imersten Halbjahr 2007 hat die Erwartungen des Managements erf\u00fcllt undteilweise sogar \u00fcbertroffen. Auch f\u00fcr das zweite Halbjahr erwartet dasManagement eine positive Gesch\u00e4ftsentwicklung in beiden Gesch\u00e4ftsfeldern.Allgeier Holding AGCarl Georg D\u00fcrschmidtVorstandWehrlestra\u00dfe 12D-81679 M\u00fcnchenTel.: 089-998421-0Fax: 089-998421-11www.allgeier-holding.deKurzprofil Allgeier Holding AG:Die Allgeier Holding AG ist eine Dienstleistungsgruppe, die in den zweiWachstumsm\u00e4rkten IT- und Personal-Services (Zeitarbeit) aktiv ist. DieGesellschaften im Bereich Personal Service bieten flexiblePersonalkapazit\u00e4t und Know-how \u2013 von der Aushilfe bis zum Interimsmanager.Im Bereich IT-Services werden Kunden bei der Umsetzung von Innovationen,der Verbesserung des Informationsflusses und der Optimierung vonGesch\u00e4ftsprozessen unterst\u00fctzt. Die Unternehmen innerhalb von Allgeierarbeiten eigenst\u00e4ndig mit allen Vorteilen mittelst\u00e4ndischer Flexibilit\u00e4t,Schnelligkeit, Serviceorientierung und Innovations\u00ackraft. Unter dem Dachvon Allgeier verbinden sich diese Vorteile mit der Nutzung von Synergien,der Sicherheit und der Schlagkraft einer f\u00fchrenden b\u00f6rsennotiertenUnternehmensgruppe. Durch ein breites Service-Leistungsspektrum sowiegeb\u00fcndelte Kompetenz und Gr\u00f6\u00dfe werden nachhaltig steigende Werte f\u00fcr Kundenund Investoren geschaffen. Die Allgeier-Gruppe besch\u00e4ftigt zurzeit rund7.500 Mit\u00acarbeiter und kann auf \u00fcber 4.500 Kunden verweisen. Die AllgeierHolding AG ist am Geregelten Markt der Frankfurter B\u00f6rse im Segment GeneralStandard notiert (WKN 508630\/ISIN DE000508630). Weitere Informationenunter: www.allgeier.com.Wichtiger Hinweis: Diese Mitteilung enth\u00e4lt in die Zukunft gerichtete Aussagen, die aufAnnahmen und Sch\u00e4tzungen der Unternehmensleitung der Allgeier Holding AGberuhen. Auch wenn die Unternehmensleitung der Ansicht ist, dass dieseAnnahmen und Sch\u00e4tzungen zutreffend sind, k\u00f6nnen die k\u00fcnftige tats\u00e4chlicheEntwicklung und die k\u00fcnftigen tats\u00e4chlichen Ergebnisse von diesen Annahmenund Sch\u00e4tzungen aufgrund vielf\u00e4ltiger Faktoren erheblich abweichen. Zudiesen Faktoren k\u00f6nnen beispielsweise die Ver\u00e4nderung dergesamtwirtschaftlichen Lage, der Wechselkurse, der Zinss\u00e4tze sowieVer\u00e4nderungen innerhalb der Marktentwicklung und der sich ver\u00e4ndertenWettbewerbssituation geh\u00f6ren. Die Allgeier Holding AG \u00fcbernimmt keineGew\u00e4hrleistung und keine Haftung daf\u00fcr, dass die k\u00fcnftige Entwicklung unddie k\u00fcnftig erzielten tats\u00e4chlichen Ergebnisse mit den in dieser Ad-hocMitteilung\/Pressemitteilung ge\u00e4u\u00dferten Annahmen und Sch\u00e4tzungen\u00fcbereinstimmen werden.20.08.2007  <a href=\"http:\/\/www.dgap.de\">Finanznachrichten \u00fcbermittelt durch die DGAP<\/a>&#8212;&#8212;&#8212;&#8212;&#8212;&#8212;&#8212;&#8212;&#8212;&#8212;&#8212;&#8212;&#8212;&#8212;&#8212;&#8212;&#8212;&#8212;&#8212;&#8212;&#8212;&#8212;&#8212;&#8212;&#8212; Sprache:      DeutschEmittent:     Allgeier Holding AG              Wehrlestrasse 12              81679 M\u00fcnchen              DeutschlandTelefon:      +49 (0)89 998 421-0Fax:          +49 (0)89 998 421-11E-mail:       info@allgeier.comInternet:     www.allgeier-holding.comISIN:         DE0005086300WKN:          508630Indizes:      CDAXB\u00f6rsen:       Geregelter Markt in Frankfurt (General Standard); Freiverkehr              in Berlin, Stuttgart, Hamburg, D\u00fcsseldorf Ende der Mitteilung                             DGAP News-Service &#8212;&#8212;&#8212;&#8212;&#8212;&#8212;&#8212;&#8212;&#8212;&#8212;&#8212;&#8212;&#8212;&#8212;&#8212;&#8212;&#8212;&#8212;&#8212;&#8212;&#8212;&#8212;&#8212;&#8212;&#8212;<\/p>\n","protected":false},"excerpt":{"rendered":"<p>M\u00fcnchen, 21. August 2007. Die Allgeier Holding AG setzt auch im zweiten Quartal 2007 (1. April bis 30. Juni) ihre positive Entwicklung fort und kann damit ihre Position im Markt weiter festigen. Nach dem bereits starken ersten Quartal des aktuellen Gesch\u00e4ftsjahres weist die Dienstleistungsgruppe, die<\/p>\n","protected":false},"author":4,"featured_media":0,"parent":1169,"menu_order":0,"comment_status":"close","ping_status":"closed","template":"","meta":{"_acf_changed":false,"footnotes":""},"categories":[7],"tags":[],"class_list":["post-4017","page","type-page","status-publish","hentry","category-pressemitteilungen"],"acf":[],"yoast_head":"<!-- This site is optimized with the Yoast SEO plugin v27.4 - https:\/\/yoast.com\/product\/yoast-seo-wordpress\/ -->\n<title>Halbjahresergebnisse 2007 - Allgeier Holding setzt Wachstumskurs fort - Allgeier SE<\/title>\n<meta name=\"robots\" content=\"index, follow, max-snippet:-1, max-image-preview:large, max-video-preview:-1\" \/>\n<link rel=\"canonical\" href=\"https:\/\/www.allgeier.com\/de\/pressroom\/press-releases\/halbjahresergebnisse-2007-allgeier-holding-setzt-wachstumskurs-fort\/\" \/>\n<meta property=\"og:locale\" content=\"de_DE\" \/>\n<meta property=\"og:type\" content=\"article\" \/>\n<meta property=\"og:title\" content=\"Halbjahresergebnisse 2007 - Allgeier Holding setzt Wachstumskurs fort - Allgeier SE\" \/>\n<meta property=\"og:description\" content=\"M\u00fcnchen, 21. August 2007. Die Allgeier Holding AG setzt auch im zweiten Quartal 2007 (1. April bis 30. Juni) ihre positive Entwicklung fort und kann damit ihre Position im Markt weiter festigen. Nach dem bereits starken ersten Quartal des aktuellen Gesch\u00e4ftsjahres weist die Dienstleistungsgruppe, die\" \/>\n<meta property=\"og:url\" content=\"https:\/\/www.allgeier.com\/de\/pressroom\/press-releases\/halbjahresergebnisse-2007-allgeier-holding-setzt-wachstumskurs-fort\/\" \/>\n<meta property=\"og:site_name\" content=\"Allgeier SE\" \/>\n<meta property=\"article:modified_time\" content=\"2025-02-05T18:36:53+00:00\" \/>\n<meta name=\"twitter:card\" content=\"summary_large_image\" \/>\n<meta name=\"twitter:label1\" content=\"Gesch\u00e4tzte Lesezeit\" \/>\n\t<meta name=\"twitter:data1\" content=\"4\u00a0Minuten\" \/>\n<script type=\"application\/ld+json\" class=\"yoast-schema-graph\">{\"@context\":\"https:\\\/\\\/schema.org\",\"@graph\":[{\"@type\":\"WebPage\",\"@id\":\"https:\\\/\\\/www.allgeier.com\\\/de\\\/pressroom\\\/press-releases\\\/halbjahresergebnisse-2007-allgeier-holding-setzt-wachstumskurs-fort\\\/\",\"url\":\"https:\\\/\\\/www.allgeier.com\\\/de\\\/pressroom\\\/press-releases\\\/halbjahresergebnisse-2007-allgeier-holding-setzt-wachstumskurs-fort\\\/\",\"name\":\"Halbjahresergebnisse 2007 - Allgeier Holding setzt Wachstumskurs fort - Allgeier SE\",\"isPartOf\":{\"@id\":\"https:\\\/\\\/www.allgeier.com\\\/de\\\/#website\"},\"datePublished\":\"2007-08-20T16:07:55+00:00\",\"dateModified\":\"2025-02-05T18:36:53+00:00\",\"breadcrumb\":{\"@id\":\"https:\\\/\\\/www.allgeier.com\\\/de\\\/pressroom\\\/press-releases\\\/halbjahresergebnisse-2007-allgeier-holding-setzt-wachstumskurs-fort\\\/#breadcrumb\"},\"inLanguage\":\"de\",\"potentialAction\":[{\"@type\":\"ReadAction\",\"target\":[\"https:\\\/\\\/www.allgeier.com\\\/de\\\/pressroom\\\/press-releases\\\/halbjahresergebnisse-2007-allgeier-holding-setzt-wachstumskurs-fort\\\/\"]}]},{\"@type\":\"BreadcrumbList\",\"@id\":\"https:\\\/\\\/www.allgeier.com\\\/de\\\/pressroom\\\/press-releases\\\/halbjahresergebnisse-2007-allgeier-holding-setzt-wachstumskurs-fort\\\/#breadcrumb\",\"itemListElement\":[{\"@type\":\"ListItem\",\"position\":1,\"name\":\"Home\",\"item\":\"https:\\\/\\\/www.allgeier.com\\\/de\\\/\"},{\"@type\":\"ListItem\",\"position\":2,\"name\":\"Presse\",\"item\":\"https:\\\/\\\/www.allgeier.com\\\/de\\\/pressroom\\\/\"},{\"@type\":\"ListItem\",\"position\":3,\"name\":\"Pressemitteilungen\",\"item\":\"https:\\\/\\\/www.allgeier.com\\\/de\\\/pressroom\\\/press-releases\\\/\"},{\"@type\":\"ListItem\",\"position\":4,\"name\":\"Halbjahresergebnisse 2007 &#8211; Allgeier Holding setzt Wachstumskurs fort\"}]},{\"@type\":\"WebSite\",\"@id\":\"https:\\\/\\\/www.allgeier.com\\\/de\\\/#website\",\"url\":\"https:\\\/\\\/www.allgeier.com\\\/de\\\/\",\"name\":\"Allgeier SE\",\"description\":\"Software &amp; IT Services for digital transformation\",\"potentialAction\":[{\"@type\":\"SearchAction\",\"target\":{\"@type\":\"EntryPoint\",\"urlTemplate\":\"https:\\\/\\\/www.allgeier.com\\\/de\\\/?s={search_term_string}\"},\"query-input\":{\"@type\":\"PropertyValueSpecification\",\"valueRequired\":true,\"valueName\":\"search_term_string\"}}],\"inLanguage\":\"de\"}]}<\/script>\n<!-- \/ Yoast SEO plugin. -->","yoast_head_json":{"title":"Halbjahresergebnisse 2007 - Allgeier Holding setzt Wachstumskurs fort - Allgeier SE","robots":{"index":"index","follow":"follow","max-snippet":"max-snippet:-1","max-image-preview":"max-image-preview:large","max-video-preview":"max-video-preview:-1"},"canonical":"https:\/\/www.allgeier.com\/de\/pressroom\/press-releases\/halbjahresergebnisse-2007-allgeier-holding-setzt-wachstumskurs-fort\/","og_locale":"de_DE","og_type":"article","og_title":"Halbjahresergebnisse 2007 - Allgeier Holding setzt Wachstumskurs fort - Allgeier SE","og_description":"M\u00fcnchen, 21. August 2007. Die Allgeier Holding AG setzt auch im zweiten Quartal 2007 (1. April bis 30. Juni) ihre positive Entwicklung fort und kann damit ihre Position im Markt weiter festigen. Nach dem bereits starken ersten Quartal des aktuellen Gesch\u00e4ftsjahres weist die Dienstleistungsgruppe, die","og_url":"https:\/\/www.allgeier.com\/de\/pressroom\/press-releases\/halbjahresergebnisse-2007-allgeier-holding-setzt-wachstumskurs-fort\/","og_site_name":"Allgeier SE","article_modified_time":"2025-02-05T18:36:53+00:00","twitter_card":"summary_large_image","twitter_misc":{"Gesch\u00e4tzte Lesezeit":"4\u00a0Minuten"},"schema":{"@context":"https:\/\/schema.org","@graph":[{"@type":"WebPage","@id":"https:\/\/www.allgeier.com\/de\/pressroom\/press-releases\/halbjahresergebnisse-2007-allgeier-holding-setzt-wachstumskurs-fort\/","url":"https:\/\/www.allgeier.com\/de\/pressroom\/press-releases\/halbjahresergebnisse-2007-allgeier-holding-setzt-wachstumskurs-fort\/","name":"Halbjahresergebnisse 2007 - Allgeier Holding setzt Wachstumskurs fort - Allgeier SE","isPartOf":{"@id":"https:\/\/www.allgeier.com\/de\/#website"},"datePublished":"2007-08-20T16:07:55+00:00","dateModified":"2025-02-05T18:36:53+00:00","breadcrumb":{"@id":"https:\/\/www.allgeier.com\/de\/pressroom\/press-releases\/halbjahresergebnisse-2007-allgeier-holding-setzt-wachstumskurs-fort\/#breadcrumb"},"inLanguage":"de","potentialAction":[{"@type":"ReadAction","target":["https:\/\/www.allgeier.com\/de\/pressroom\/press-releases\/halbjahresergebnisse-2007-allgeier-holding-setzt-wachstumskurs-fort\/"]}]},{"@type":"BreadcrumbList","@id":"https:\/\/www.allgeier.com\/de\/pressroom\/press-releases\/halbjahresergebnisse-2007-allgeier-holding-setzt-wachstumskurs-fort\/#breadcrumb","itemListElement":[{"@type":"ListItem","position":1,"name":"Home","item":"https:\/\/www.allgeier.com\/de\/"},{"@type":"ListItem","position":2,"name":"Presse","item":"https:\/\/www.allgeier.com\/de\/pressroom\/"},{"@type":"ListItem","position":3,"name":"Pressemitteilungen","item":"https:\/\/www.allgeier.com\/de\/pressroom\/press-releases\/"},{"@type":"ListItem","position":4,"name":"Halbjahresergebnisse 2007 &#8211; Allgeier Holding setzt Wachstumskurs fort"}]},{"@type":"WebSite","@id":"https:\/\/www.allgeier.com\/de\/#website","url":"https:\/\/www.allgeier.com\/de\/","name":"Allgeier SE","description":"Software &amp; IT Services for digital transformation","potentialAction":[{"@type":"SearchAction","target":{"@type":"EntryPoint","urlTemplate":"https:\/\/www.allgeier.com\/de\/?s={search_term_string}"},"query-input":{"@type":"PropertyValueSpecification","valueRequired":true,"valueName":"search_term_string"}}],"inLanguage":"de"}]}},"_links":{"self":[{"href":"https:\/\/www.allgeier.com\/de\/wp-json\/wp\/v2\/pages\/4017","targetHints":{"allow":["GET"]}}],"collection":[{"href":"https:\/\/www.allgeier.com\/de\/wp-json\/wp\/v2\/pages"}],"about":[{"href":"https:\/\/www.allgeier.com\/de\/wp-json\/wp\/v2\/types\/page"}],"author":[{"embeddable":true,"href":"https:\/\/www.allgeier.com\/de\/wp-json\/wp\/v2\/users\/4"}],"replies":[{"embeddable":true,"href":"https:\/\/www.allgeier.com\/de\/wp-json\/wp\/v2\/comments?post=4017"}],"version-history":[{"count":1,"href":"https:\/\/www.allgeier.com\/de\/wp-json\/wp\/v2\/pages\/4017\/revisions"}],"predecessor-version":[{"id":4018,"href":"https:\/\/www.allgeier.com\/de\/wp-json\/wp\/v2\/pages\/4017\/revisions\/4018"}],"up":[{"embeddable":true,"href":"https:\/\/www.allgeier.com\/de\/wp-json\/wp\/v2\/pages\/1169"}],"wp:attachment":[{"href":"https:\/\/www.allgeier.com\/de\/wp-json\/wp\/v2\/media?parent=4017"}],"wp:term":[{"taxonomy":"category","embeddable":true,"href":"https:\/\/www.allgeier.com\/de\/wp-json\/wp\/v2\/categories?post=4017"},{"taxonomy":"post_tag","embeddable":true,"href":"https:\/\/www.allgeier.com\/de\/wp-json\/wp\/v2\/tags?post=4017"}],"curies":[{"name":"wp","href":"https:\/\/api.w.org\/{rel}","templated":true}]}}