{"id":4021,"date":"2006-11-14T10:50:55","date_gmt":"2006-11-14T11:50:55","guid":{"rendered":"https:\/\/www.allgeier.com\/de\/?page_id=4021"},"modified":"2025-02-05T18:36:48","modified_gmt":"2025-02-05T18:36:48","slug":"allgeier-auch-im-dritten-quartal-auf-erfolgskurs","status":"publish","type":"page","link":"https:\/\/www.allgeier.com\/de\/pressroom\/press-releases\/allgeier-auch-im-dritten-quartal-auf-erfolgskurs\/","title":{"rendered":"Allgeier auch im dritten Quartal auf Erfolgskurs"},"content":{"rendered":"<p><b>Allgeier Holding AG \/ Quartalsergebnis<\/b>Corporate News \u00fcbermittelt durch die DGAP &#8211; ein Unternehmen der EquityStory AG.F\u00fcr den Inhalt der Mitteilung ist der Emittent verantwortlich.&#8212;&#8212;&#8212;&#8212;&#8212;&#8212;&#8212;&#8212;&#8212;&#8212;&#8212;&#8212;&#8212;&#8212;&#8212;&#8212;&#8212;&#8212;&#8212;&#8212;&#8212;&#8212;&#8212;&#8212;&#8212;Rekordumsatz und Wachstum in allen Gesch\u00e4ftsbereichenM\u00fcnchen, 14. November 2006. Mit einem Rekordumsatz von 47,3 Millionen Eurohat Allgeier das dritte Quartal (1.7. bis 30.9.2006) abgeschlossen und einepositive Gesch\u00e4ftsentwicklung im Jahr 2006 fortgesetzt. Gegen\u00fcber demdritten Quartal des Vorjahres (Umsatz: 18,9 Millionen Euro) verzeichneteder Dienstleister f\u00fcr Personal- und IT-Services ein Wachstum von 150Prozent. In den ersten neun Monaten dieses Jahres stieg der Konzernumsatzdamit auf insgesamt 105,1 Millionen Euro, was einer Steigerung von 141Prozent gegen\u00fcber dem Vorjahreszeitraum (43,6 Millionen Euro) entspricht.Das operative Konzernergebnis vor Abschreibungen, Zinsen und Steuern(EBITDA) wuchs damit in den ersten drei Quartalen dieses Jahres auf 9,8Millionen Euro. Das bedeutet im Vorjahresvergleich (4,2 Millionen Euro)eine Steigerung von 134 Prozent. Die EBITDA-Marge von 9,3 Prozent liegtdamit im Rahmen der Erwartungen. Vor Holdingkosten erzielte dieAllgeier-Gruppe ein EBITDA von 11,1 Millionen Euro, im Vorjahr waren es 5,1Millionen Euro (weitere Details zum Konzernergebnis am Ende derPressemitteilung). Der Erfolg in diesem Jahr basiert auf dem Wachstum inallen drei Gesch\u00e4ftsbereichen IT Solutions (65,6 Prozent), IT Services (125Prozent) und Personal Services (\u00fcber 1.000 Prozent). Dar\u00fcber hinaus konntedas Portfolio mit neu erworbenen Unternehmen \u2013 vor allem im BereichPersonal Services \u2013 deutlich erweitert werden. F\u00fcr das vierte Quartal 2006rechnet Allgeier mit einer Fortsetzung der positiven Gesch\u00e4ftsentwicklung.Das Unternehmen best\u00e4tigt die genannte Guidance von 140 Millionen EuroKonzernumsatz und einem Konzernergebnis (EBITDA) von 13 Millionen Euro.Portfolio gezielt erweitertMit mehreren strategischen Akquisitionen hat Allgeier im dritten Quartalseine Gesch\u00e4ftsbereiche Personal und IT Services gezielt ausgebaut. Damitsieht sich das Unternehmen in diesen Wachstumsm\u00e4rkten f\u00fcr die kommendenAufgaben noch besser aufgestellt. Neben der Esterbauer &amp; WindischPersonalservice GmbH mit Sitz im bayerischen Straubing und der TiempoPersonal-Leasing GmbH mit Sitz in Hamburg erwarb Allgeier den WiesbadenerRekrutierungsspezialisten Goetzfried AG. F\u00fcr den Ausbau desIT-Dienstleistungsgesch\u00e4fts in Osteuropa wurde zudem ein rum\u00e4nischesUnternehmen \u00fcbernommen.&#8217;Wir verzeichnen in diesem Jahr eine zunehmende Nachfrage bei IT undPersonal Services. Im dritten Quartal haben wir weitere wichtigeInvestitionen get\u00e4tigt, um unsere Position in diesen M\u00e4rkten zu festigenund auszubauen&#8216;, betont Allgeier-Vorstand Christian Eggenberger. &#8218;Auf Basisder get\u00e4tigten Akquisitionen ist Allgeier besser denn je in der Lage,Unternehmen passgenaue L\u00f6sungen unter anderem auch f\u00fcr die Flexibilisierungihrer IT-Prozesse und -Kapazit\u00e4ten zu bieten. Die Zahlen im dritten Quartalbest\u00e4tigen diese Entwicklung.&#8217;Detailinformationen zum Konzernergebnis:Das Konzernergebnis vor Zinsen und Steuern (EBIT) stieg in den ersten dreiQuartalen des Jahres 2006 mit 5,2 Millionen Euro um mehr als 90 Prozentgegen\u00fcber dem Vorjahr (2,7 Millionen Euro). Bereinigt um die darinenthaltenen Sondereffekte aus Erstkonsolidierungen (so genannteIntegrationskosten) lag das EBIT in den ersten neun Monaten bei 8,9Millionen Euro und konnte gegen\u00fcber dem Vorjahr (3 Millionen Euro) um 200Prozent gesteigert werden. Bereinigt um vorgenannte Integrationskosten lagdie EBIT-Marge bei 8,5 Prozent und verbesserte sich gegen\u00fcber dem Vorjahrum 1,7 Prozentpunkte. Vor Holding- und Integrationskosten lag das EBIT derAllgeier-Gruppe bei 10,3 Millionen Euro (Vorjahr: 4 Millionen Euro). Dasentspricht einer operativen EBIT-Marge von knapp 10 Prozent.Kontakt:Christian EggenbergerVorstandAllgeier Holding AGWehrlestr. 1281679 M\u00fcnchenTel. 089-998421-0Fax 089-998421-11www.allgeier-holding.de Kurzprofil Allgeier:Allgeier vereint erfolgreiche Unternehmen in den Wachstumsm\u00e4rktenPersonalservice und IT-Service. Die Gesellschaften im BereichPersonalservice bieten flexible Personalkapazit\u00e4t und Know-how &#8211; von derAushilfe bis zum Interimsmanager. Im Bereich IT-Service werden Kunden beider Umsetzung von Innovationen, der Verbesserung des Informationsflussesund der Optimierung von Gesch\u00e4ftsprozessen unterst\u00fctzt. Die Unternehmeninnerhalb von Allgeier arbeiten eigenst\u00e4ndig mit allen Vorteilenmittelst\u00e4ndischer Flexibilit\u00e4t, Schnelligkeit, Serviceorientierung undInnovationskraft. Unter dem Dach von Allgeier verbinden sich diese Vorteilemit der Nutzung von Synergien, der Sicherheit und der Schlagkraft einerf\u00fchrenden b\u00f6rsennotierten Unternehmensgruppe. Durch ein breitesService-Leistungsspektrum sowie geb\u00fcndelte Kompetenz und Gr\u00f6\u00dfe werdennachhaltig steigende Werte f\u00fcr Kunden und Investoren geschaffen. Allgeierbesch\u00e4ftigt \u00fcber 5.000 Mitarbeiter in 21 eigenst\u00e4ndigen Unternehmen und hatf\u00fcr das Gesch\u00e4ftsjahr 2006 ein Umsatzziel laut Guidance von 140 MillionenEuro. Weitere Informationen: www.allgeier-holding.deDGAP 14.11.2006 &#8212;&#8212;&#8212;&#8212;&#8212;&#8212;&#8212;&#8212;&#8212;&#8212;&#8212;&#8212;&#8212;&#8212;&#8212;&#8212;&#8212;&#8212;&#8212;&#8212;&#8212;&#8212;&#8212;&#8212;&#8212; Sprache:      DeutschEmittent:     Allgeier Holding AG              Wehrlestrasse 12              81679 M\u00fcnchen DeutschlandTelefon:      +49 (0)89 998 421-0Fax:          +49 (0)89 998 421-11E-mail:       info@allgeier.comWWW:          www.allgeier-holding.comISIN:         DE0005086300WKN:          508630Indizes:      CDAXB\u00f6rsen:       Geregelter Markt in Frankfurt (General Standard); Freiverkehr              in Berlin-Bremen, Stuttgart, Hamburg, D\u00fcsseldorf Ende der Mitteilung                             DGAP News-Service &#8212;&#8212;&#8212;&#8212;&#8212;&#8212;&#8212;&#8212;&#8212;&#8212;&#8212;&#8212;&#8212;&#8212;&#8212;&#8212;&#8212;&#8212;&#8212;&#8212;&#8212;&#8212;&#8212;&#8212;&#8212;<\/p>\n","protected":false},"excerpt":{"rendered":"<p>Rekordumsatz und Wachstum in allen Gesch\u00e4ftsbereichen M\u00fcnchen, 14. November 2006. Mit einem Rekordumsatz von 47,3 Millionen Euro hat Allgeier das dritte Quartal (1.7. bis 30.9.2006) abgeschlossen und eine positive Gesch\u00e4ftsentwicklung im Jahr 2006 fortgesetzt. Gegen\u00fcber dem dritten Quartal des Vorjahres<\/p>\n","protected":false},"author":4,"featured_media":0,"parent":1169,"menu_order":0,"comment_status":"close","ping_status":"closed","template":"","meta":{"_acf_changed":false,"footnotes":""},"categories":[7],"tags":[],"class_list":["post-4021","page","type-page","status-publish","hentry","category-pressemitteilungen"],"acf":[],"yoast_head":"<!-- This site is optimized with the Yoast SEO plugin v27.4 - https:\/\/yoast.com\/product\/yoast-seo-wordpress\/ -->\n<title>Allgeier auch im dritten Quartal auf Erfolgskurs - Allgeier SE<\/title>\n<meta name=\"robots\" content=\"index, follow, max-snippet:-1, max-image-preview:large, max-video-preview:-1\" \/>\n<link rel=\"canonical\" href=\"https:\/\/www.allgeier.com\/de\/pressroom\/press-releases\/allgeier-auch-im-dritten-quartal-auf-erfolgskurs\/\" \/>\n<meta property=\"og:locale\" content=\"de_DE\" \/>\n<meta property=\"og:type\" content=\"article\" \/>\n<meta property=\"og:title\" content=\"Allgeier auch im dritten Quartal auf Erfolgskurs - Allgeier SE\" \/>\n<meta property=\"og:description\" content=\"Rekordumsatz und Wachstum in allen Gesch\u00e4ftsbereichen M\u00fcnchen, 14. November 2006. Mit einem Rekordumsatz von 47,3 Millionen Euro hat Allgeier das dritte Quartal (1.7. bis 30.9.2006) abgeschlossen und eine positive Gesch\u00e4ftsentwicklung im Jahr 2006 fortgesetzt. Gegen\u00fcber dem dritten Quartal des Vorjahres\" \/>\n<meta property=\"og:url\" content=\"https:\/\/www.allgeier.com\/de\/pressroom\/press-releases\/allgeier-auch-im-dritten-quartal-auf-erfolgskurs\/\" \/>\n<meta property=\"og:site_name\" content=\"Allgeier SE\" \/>\n<meta property=\"article:modified_time\" content=\"2025-02-05T18:36:48+00:00\" \/>\n<meta name=\"twitter:card\" content=\"summary_large_image\" \/>\n<meta name=\"twitter:label1\" content=\"Gesch\u00e4tzte Lesezeit\" \/>\n\t<meta name=\"twitter:data1\" content=\"3\u00a0Minuten\" \/>\n<script type=\"application\/ld+json\" class=\"yoast-schema-graph\">{\"@context\":\"https:\\\/\\\/schema.org\",\"@graph\":[{\"@type\":\"WebPage\",\"@id\":\"https:\\\/\\\/www.allgeier.com\\\/de\\\/pressroom\\\/press-releases\\\/allgeier-auch-im-dritten-quartal-auf-erfolgskurs\\\/\",\"url\":\"https:\\\/\\\/www.allgeier.com\\\/de\\\/pressroom\\\/press-releases\\\/allgeier-auch-im-dritten-quartal-auf-erfolgskurs\\\/\",\"name\":\"Allgeier auch im dritten Quartal auf Erfolgskurs - Allgeier SE\",\"isPartOf\":{\"@id\":\"https:\\\/\\\/www.allgeier.com\\\/de\\\/#website\"},\"datePublished\":\"2006-11-14T11:50:55+00:00\",\"dateModified\":\"2025-02-05T18:36:48+00:00\",\"breadcrumb\":{\"@id\":\"https:\\\/\\\/www.allgeier.com\\\/de\\\/pressroom\\\/press-releases\\\/allgeier-auch-im-dritten-quartal-auf-erfolgskurs\\\/#breadcrumb\"},\"inLanguage\":\"de\",\"potentialAction\":[{\"@type\":\"ReadAction\",\"target\":[\"https:\\\/\\\/www.allgeier.com\\\/de\\\/pressroom\\\/press-releases\\\/allgeier-auch-im-dritten-quartal-auf-erfolgskurs\\\/\"]}]},{\"@type\":\"BreadcrumbList\",\"@id\":\"https:\\\/\\\/www.allgeier.com\\\/de\\\/pressroom\\\/press-releases\\\/allgeier-auch-im-dritten-quartal-auf-erfolgskurs\\\/#breadcrumb\",\"itemListElement\":[{\"@type\":\"ListItem\",\"position\":1,\"name\":\"Home\",\"item\":\"https:\\\/\\\/www.allgeier.com\\\/de\\\/\"},{\"@type\":\"ListItem\",\"position\":2,\"name\":\"Presse\",\"item\":\"https:\\\/\\\/www.allgeier.com\\\/de\\\/pressroom\\\/\"},{\"@type\":\"ListItem\",\"position\":3,\"name\":\"Pressemitteilungen\",\"item\":\"https:\\\/\\\/www.allgeier.com\\\/de\\\/pressroom\\\/press-releases\\\/\"},{\"@type\":\"ListItem\",\"position\":4,\"name\":\"Allgeier auch im dritten Quartal auf Erfolgskurs\"}]},{\"@type\":\"WebSite\",\"@id\":\"https:\\\/\\\/www.allgeier.com\\\/de\\\/#website\",\"url\":\"https:\\\/\\\/www.allgeier.com\\\/de\\\/\",\"name\":\"Allgeier SE\",\"description\":\"Software &amp; IT Services for digital transformation\",\"potentialAction\":[{\"@type\":\"SearchAction\",\"target\":{\"@type\":\"EntryPoint\",\"urlTemplate\":\"https:\\\/\\\/www.allgeier.com\\\/de\\\/?s={search_term_string}\"},\"query-input\":{\"@type\":\"PropertyValueSpecification\",\"valueRequired\":true,\"valueName\":\"search_term_string\"}}],\"inLanguage\":\"de\"}]}<\/script>\n<!-- \/ Yoast SEO plugin. -->","yoast_head_json":{"title":"Allgeier auch im dritten Quartal auf Erfolgskurs - Allgeier SE","robots":{"index":"index","follow":"follow","max-snippet":"max-snippet:-1","max-image-preview":"max-image-preview:large","max-video-preview":"max-video-preview:-1"},"canonical":"https:\/\/www.allgeier.com\/de\/pressroom\/press-releases\/allgeier-auch-im-dritten-quartal-auf-erfolgskurs\/","og_locale":"de_DE","og_type":"article","og_title":"Allgeier auch im dritten Quartal auf Erfolgskurs - Allgeier SE","og_description":"Rekordumsatz und Wachstum in allen Gesch\u00e4ftsbereichen M\u00fcnchen, 14. November 2006. Mit einem Rekordumsatz von 47,3 Millionen Euro hat Allgeier das dritte Quartal (1.7. bis 30.9.2006) abgeschlossen und eine positive Gesch\u00e4ftsentwicklung im Jahr 2006 fortgesetzt. Gegen\u00fcber dem dritten Quartal des Vorjahres","og_url":"https:\/\/www.allgeier.com\/de\/pressroom\/press-releases\/allgeier-auch-im-dritten-quartal-auf-erfolgskurs\/","og_site_name":"Allgeier SE","article_modified_time":"2025-02-05T18:36:48+00:00","twitter_card":"summary_large_image","twitter_misc":{"Gesch\u00e4tzte Lesezeit":"3\u00a0Minuten"},"schema":{"@context":"https:\/\/schema.org","@graph":[{"@type":"WebPage","@id":"https:\/\/www.allgeier.com\/de\/pressroom\/press-releases\/allgeier-auch-im-dritten-quartal-auf-erfolgskurs\/","url":"https:\/\/www.allgeier.com\/de\/pressroom\/press-releases\/allgeier-auch-im-dritten-quartal-auf-erfolgskurs\/","name":"Allgeier auch im dritten Quartal auf Erfolgskurs - Allgeier SE","isPartOf":{"@id":"https:\/\/www.allgeier.com\/de\/#website"},"datePublished":"2006-11-14T11:50:55+00:00","dateModified":"2025-02-05T18:36:48+00:00","breadcrumb":{"@id":"https:\/\/www.allgeier.com\/de\/pressroom\/press-releases\/allgeier-auch-im-dritten-quartal-auf-erfolgskurs\/#breadcrumb"},"inLanguage":"de","potentialAction":[{"@type":"ReadAction","target":["https:\/\/www.allgeier.com\/de\/pressroom\/press-releases\/allgeier-auch-im-dritten-quartal-auf-erfolgskurs\/"]}]},{"@type":"BreadcrumbList","@id":"https:\/\/www.allgeier.com\/de\/pressroom\/press-releases\/allgeier-auch-im-dritten-quartal-auf-erfolgskurs\/#breadcrumb","itemListElement":[{"@type":"ListItem","position":1,"name":"Home","item":"https:\/\/www.allgeier.com\/de\/"},{"@type":"ListItem","position":2,"name":"Presse","item":"https:\/\/www.allgeier.com\/de\/pressroom\/"},{"@type":"ListItem","position":3,"name":"Pressemitteilungen","item":"https:\/\/www.allgeier.com\/de\/pressroom\/press-releases\/"},{"@type":"ListItem","position":4,"name":"Allgeier auch im dritten Quartal auf Erfolgskurs"}]},{"@type":"WebSite","@id":"https:\/\/www.allgeier.com\/de\/#website","url":"https:\/\/www.allgeier.com\/de\/","name":"Allgeier SE","description":"Software &amp; IT Services for digital transformation","potentialAction":[{"@type":"SearchAction","target":{"@type":"EntryPoint","urlTemplate":"https:\/\/www.allgeier.com\/de\/?s={search_term_string}"},"query-input":{"@type":"PropertyValueSpecification","valueRequired":true,"valueName":"search_term_string"}}],"inLanguage":"de"}]}},"_links":{"self":[{"href":"https:\/\/www.allgeier.com\/de\/wp-json\/wp\/v2\/pages\/4021","targetHints":{"allow":["GET"]}}],"collection":[{"href":"https:\/\/www.allgeier.com\/de\/wp-json\/wp\/v2\/pages"}],"about":[{"href":"https:\/\/www.allgeier.com\/de\/wp-json\/wp\/v2\/types\/page"}],"author":[{"embeddable":true,"href":"https:\/\/www.allgeier.com\/de\/wp-json\/wp\/v2\/users\/4"}],"replies":[{"embeddable":true,"href":"https:\/\/www.allgeier.com\/de\/wp-json\/wp\/v2\/comments?post=4021"}],"version-history":[{"count":1,"href":"https:\/\/www.allgeier.com\/de\/wp-json\/wp\/v2\/pages\/4021\/revisions"}],"predecessor-version":[{"id":4022,"href":"https:\/\/www.allgeier.com\/de\/wp-json\/wp\/v2\/pages\/4021\/revisions\/4022"}],"up":[{"embeddable":true,"href":"https:\/\/www.allgeier.com\/de\/wp-json\/wp\/v2\/pages\/1169"}],"wp:attachment":[{"href":"https:\/\/www.allgeier.com\/de\/wp-json\/wp\/v2\/media?parent=4021"}],"wp:term":[{"taxonomy":"category","embeddable":true,"href":"https:\/\/www.allgeier.com\/de\/wp-json\/wp\/v2\/categories?post=4021"},{"taxonomy":"post_tag","embeddable":true,"href":"https:\/\/www.allgeier.com\/de\/wp-json\/wp\/v2\/tags?post=4021"}],"curies":[{"name":"wp","href":"https:\/\/api.w.org\/{rel}","templated":true}]}}