{"id":4023,"date":"2006-08-29T12:59:43","date_gmt":"2006-08-29T12:59:43","guid":{"rendered":"https:\/\/www.allgeier.com\/de\/?page_id=4023"},"modified":"2025-02-05T18:36:49","modified_gmt":"2025-02-05T18:36:49","slug":"allgeier-erwirbt-rekrutierungsspezialist-goetzfried-ag","status":"publish","type":"page","link":"https:\/\/www.allgeier.com\/de\/pressroom\/press-releases\/allgeier-erwirbt-rekrutierungsspezialist-goetzfried-ag\/","title":{"rendered":"Allgeier erwirbt Rekrutierungsspezialist Goetzfried AG"},"content":{"rendered":"<p><b>Allgeier Holding AG \/ Firmen\u00fcbernahme<\/b>Corporate News \u00fcbermittelt durch die DGAP &#8211; ein Unternehmen der EquityStory AG.F\u00fcr den Inhalt der Mitteilung ist der Emittent verantwortlich.&#8212;&#8212;&#8212;&#8212;&#8212;&#8212;&#8212;&#8212;&#8212;&#8212;&#8212;&#8212;&#8212;&#8212;&#8212;&#8212;&#8212;&#8212;&#8212;&#8212;&#8212;&#8212;&#8212;&#8212;&#8212;Key-Player am Markt f\u00fcr Personal- und IT-Service formiert sichM\u00fcnchen, 29.August 2006. Die M\u00fcnchner Allgeier Holding AG hat sich heutemit den Aktion\u00e4ren der Wiesbadener Goetzfried AG \u00fcber den Erwerb von 100Prozent der Aktien der Goetzfried AG geeinigt und entsprechende Vertr\u00e4gegeschlossen.  Die Parteien werden die Transaktion nun mit der Erf\u00fcllung dervereinbarten Closing-Bedingungen abschlie\u00dfen.Die Goetzfried AG ist renommierter Dienstleister im Bereich Rekrutierungund Management von IT-Spezialisten und Ingenieuren f\u00fcr den zeitlichbefristeten Einsatz. Mit diesem Schritt setzt Allgeier seine Strategiekonsequent fort, sich als f\u00fchrender Dienstleister im Markt f\u00fcr Personal-und IT-Service zu positionieren. Das durch Goetzfried erweiterteDienstleistungsangebot von Allgeier zielt auf Kunden, die Personalkapazit\u00e4tund Know-how im Bereich IT und Engineering flexibel halten m\u00f6chten, um soschneller auf ver\u00e4nderte Marktbedingungen zu reagieren und ihre Fixkostenniedrig zu halten. Die bereits 1987 gegr\u00fcndete und seit 2000 als Aktiengesellschaft gef\u00fchrteGoetzfried AG besch\u00e4ftigt 410 Mitarbeiter, die f\u00fcr Kunden aller Branchenaktiv sind. Im k\u00fcrzlich abgelaufenen Gesch\u00e4ftsjahr (1. Juli 2005 \u2013 30. Juni2006) erzielte das profitable Unternehmen einen Umsatz von knapp 29Millionen Euro, was einem Zuwachs von mehr als 40 Prozent gegen\u00fcber demVorjahr entspricht. In allen Gesch\u00e4ftsjahren der Firmengeschichte wurde einpositives Ergebnis erzielt. Vom Hauptsitz in Wiesbaden und von denStandorten in Frankfurt, K\u00f6ln, Reutlingen und Z\u00fcrich aus unterst\u00fctzt dieGoetzfried AG \u00fcber 200 Kunden mit IT-Spezialisten und Ingenieuren f\u00fcr dentempor\u00e4ren Einsatz.Kontinuit\u00e4t bei Marke und ManagementDie Goetzfried AG wird unter dem Dach von Allgeier weiterhin eigenst\u00e4ndigunter ihrem Markennamen agieren. Der Gr\u00fcnder Thomas G\u00f6tzfried beh\u00e4lt dabeidie unternehmerische Verantwortung als Vorstandsvorsitzender der GoetzfriedAG und beteiligt sich an Allgeier mit einem Aktientausch im Wert von zehnProzent der Goetzfried-Aktien. Auch die Besetzung des Managements steht imZeichen der Kontinuit\u00e4t: Sven Herzberg verantwortet weiter als Vorstand denVertrieb. Zudem wird der Leiter der Ressorts Qualit\u00e4t\/Controlling\/FinanzenMarco G\u00fcnder in den Vorstand der Goetzfried AG berufen.Wachstumskurs gemeinsam fortsetzen&#8217;Die Goetzfried AG ist ein bedeutender Anbieter im Markt f\u00fcr Personal- undIT-Service. Das Gesch\u00e4ftsmodell des Unternehmens als Dienstleister f\u00fcr dieFlexibilisierung von Personalkapazit\u00e4ten ist ein wichtiger Bestandteilunserer k\u00fcnftigen gemeinsamen Strategie\u201c, sagt Carl Georg D\u00fcrschmidt,Vorstandsvorsitzender von Allgeier. &#8218;Die intensiven Gespr\u00e4che im Vorfelddes Zusammenschlusses haben gegenseitiges Vertrauen geschaffen und sindBasis daf\u00fcr, dass die langj\u00e4hrig erfolgreiche Gesch\u00e4ftsstrategie vonGoetzfried zusammen mit der Allgeier Holding konsequent fortgesetzt undausgebaut wird\u201c, erkl\u00e4rt Thomas G\u00f6tzfried, Vorstandsvorsitzender derGoetzfried AG. &#8218;Unsere Kunden erhalten einen Mehrwert und werden vonunserer neuen Gr\u00f6\u00dfe und Leistungsf\u00e4higkeit im Gruppenverbund profitieren.Unser Angebot basiert jetzt auf einem vergr\u00f6\u00dferten Spezialistennetzwerk,erweiterter Repr\u00e4sentanz sowie einer noch umfangreicherenLeistungskompetenz im Personal- und IT-Service.\u201cAkquisitionsstrategie zahlt sich ausMit den j\u00fcngsten strategischen Akquisitionen vereint Allgeier nun bereits21 eigenst\u00e4ndige Unternehmen mit mehr als 5.000 Mitarbeitern. Allgeierinvestiert dabei in die besonders wachstumstr\u00e4chtigen M\u00e4rkte Personal- undIT-Service. Mit der Goetzfried AG wird als weiterem unternehmerischenAkzent ein Bindeglied zwischen diesen beiden Gesch\u00e4ftsbereichen geschaffen.Die Strategie zahlt sich aus &#8211; f\u00fcr das Jahr 2006 rechnet Allgeier bereitsmit einem Rekordumsatz von 140 Millionen Euro und einem EBIT von 9Millionen Euro. Die Guidance f\u00fcr 2007, auf Basis der neu erworbenenGesellschaften, sieht bereits einen konsolidierten Umsatz von 210 MillionenEuro und ein EBIT von 14 Millionen Euro vor. Damit d\u00fcrfte Allgeier zu einemder f\u00fchrender Anbieter in ihrem Marktsegment in Deutschland aufsteigen.Kontakt:Carl Georg D\u00fcrschmidtVorstandAllgeier Holding AGWehrlestr. 1281679 M\u00fcnchenTel. 089-998421-0Fax 089-998421-11www.allgeier-holding.de Kurzprofil Allgeier: Allgeier vereint erfolgreiche Unternehmen in denWachstumsm\u00e4rkten Personalservice und IT-Service. Die Gesellschaften imBereich Personalservice bieten flexible Personalkapazit\u00e4t und Know-how \u2013von der Aushilfe bis zum Interimsmanager. Im Bereich IT-Service werdenKunden bei der Umsetzung von Innovationen, der Verbesserung desInformationsflusses und der Optimierung von Gesch\u00e4ftsprozessen unterst\u00fctzt.Die Unternehmen innerhalb von Allgeier arbeiten eigenst\u00e4ndig mit allenVorteilen mittelst\u00e4ndischer Flexibilit\u00e4t, Schnelligkeit,Serviceorientierung und Innovationskraft. Unter dem Dach von Allgeierverbinden sich diese Vorteile mit der Nutzung von Synergien, der Sicherheitund der Schlagkraft einer f\u00fchrenden b\u00f6rsennotierten Unternehmensgruppe.Durch ein breites Service-Leistungsspektrum sowie geb\u00fcndelte Kompetenz undGr\u00f6\u00dfe werden nachhaltig steigende Werte f\u00fcr Kunden und Investorengeschaffen. Allgeier besch\u00e4ftigt \u00fcber 5.000 Mitarbeiter in 21eigenst\u00e4ndigen Unternehmen und hat f\u00fcr das Gesch\u00e4ftsjahr 2006 einUmsatzziel laut Guidance von 140 Millionen Euro. Weitere Informationen:www.allgeier.comKurzprofil Goetzfried AG: Die Goetzfried AG ist Dienstleister f\u00fcr dieRekrutierung und das Management von IT-Personal und Ingenieuren f\u00fcr denzeitlich befristeten Einsatz. Auf Basis eines eigenen Kontaktnetzwerkes mitmehr als 20.000 Spezialisten und Zugriff auf die g\u00e4ngigen Jobportale werdenKunden aus allen Branchen bedient, wenn ein Projekt flexibel mitFachkr\u00e4ften verst\u00e4rkt werden soll oder kurzfristig ein Engpass imTagesgesch\u00e4ft zu \u00fcberbr\u00fccken ist. Derzeit besch\u00e4ftigt das Unternehmen rund410 Mitarbeiter und erzielte im Gesch\u00e4ftsjahr 2005\/2006 einen Umsatz vonca. 29 Mio. Euro. Neben dem Hauptsitz in Wiesbaden werden von denStandorten Frankfurt, K\u00f6ln, Reutlingen und Z\u00fcrich \u00fcber 200 Kunden (z.B.Allianz Konzern, Heidelberger Druck, SEB Bank, Land Hessen, DaimlerChrysler Konzern und O2) mit IT-Spezialisten und Ingenieuren f\u00fcr dentempor\u00e4ren Einsatz bedient. Weitere Informationen: www.goetzfried-ag.comWichtiger Hinweis: Diese Ad-hoc Mitteilung\/Pressemitteilung enth\u00e4lt in dieZukunft gerichtete Aussagen, die auf Annahmen und Sch\u00e4tzungen derUnternehmensleitung der Allgeier Holding AG beruhen. Auch wenn dieUnternehmensleitung der Ansicht ist, dass diese Annahmen und Sch\u00e4tzungenzutreffend sind, k\u00f6nnen die k\u00fcnftige tats\u00e4chliche Entwicklung und diek\u00fcnftigen tats\u00e4chlichen Ergebnisse von diesen Annahmen und Sch\u00e4tzungenaufgrund vielf\u00e4ltiger Faktoren erheblich abweichen. Zu diesen Faktorenk\u00f6nnen beispielsweise die Ver\u00e4nderung der gesamtwirtschaftlichen Lage, derWechselkurse, der Zinss\u00e4tze sowie Ver\u00e4nderungen innerhalb derMarktentwicklung und der sich ver\u00e4nderten Wettbewerbssituation geh\u00f6ren. DieAllgeier Holding AG \u00fcbernimmt keine Gew\u00e4hrleistung und keine Haftung daf\u00fcr,dass die k\u00fcnftige Entwicklung und die k\u00fcnftig erzielten tats\u00e4chlichenErgebnisse mit den in dieser Ad-hoc Mitteilung\/Pressemitteilung ge\u00e4u\u00dfertenAnnahmen und Sch\u00e4tzungen \u00fcbereinstimmen werden.DGAP 29.08.2006 &#8212;&#8212;&#8212;&#8212;&#8212;&#8212;&#8212;&#8212;&#8212;&#8212;&#8212;&#8212;&#8212;&#8212;&#8212;&#8212;&#8212;&#8212;&#8212;&#8212;&#8212;&#8212;&#8212;&#8212;&#8212; Sprache:      DeutschEmittent:     Allgeier Holding AG              Wehrlestrasse 12              81679 M\u00fcnchen DeutschlandTelefon:      +49 (0)89 998 421-0Fax:          +49 (0)89 998 421-11E-mail:       info@allgeier.comWWW:          www.allgeier-holding.comISIN:         DE0005086300WKN:          508630Indizes:      CDAXB\u00f6rsen:       Geregelter Markt in Frankfurt (General Standard); Freiverkehr              in Berlin-Bremen, Stuttgart, Hamburg, D\u00fcsseldorf Ende der Mitteilung                             DGAP News-Service &#8212;&#8212;&#8212;&#8212;&#8212;&#8212;&#8212;&#8212;&#8212;&#8212;&#8212;&#8212;&#8212;&#8212;&#8212;&#8212;&#8212;&#8212;&#8212;&#8212;&#8212;&#8212;&#8212;&#8212;&#8212;<\/p>\n","protected":false},"excerpt":{"rendered":"<p>Key-Player am Markt f\u00fcr Personal- und IT-Service formiert sich M\u00fcnchen, 29.August 2006. Die M\u00fcnchner Allgeier Holding AG hat sich heute mit den Aktion\u00e4ren der Wiesbadener Goetzfried AG \u00fcber den Erwerb von 100 Prozent der Aktien der Goetzfried AG geeinigt und entsprechende Vertr\u00e4ge geschlossen. Die<\/p>\n","protected":false},"author":4,"featured_media":0,"parent":1169,"menu_order":0,"comment_status":"close","ping_status":"closed","template":"","meta":{"_acf_changed":false,"footnotes":""},"categories":[7],"tags":[],"class_list":["post-4023","page","type-page","status-publish","hentry","category-pressemitteilungen"],"acf":[],"yoast_head":"<!-- This site is optimized with the Yoast SEO plugin v27.4 - https:\/\/yoast.com\/product\/yoast-seo-wordpress\/ -->\n<title>Allgeier erwirbt Rekrutierungsspezialist Goetzfried AG - Allgeier SE<\/title>\n<meta name=\"robots\" content=\"index, follow, max-snippet:-1, max-image-preview:large, max-video-preview:-1\" \/>\n<link rel=\"canonical\" href=\"https:\/\/www.allgeier.com\/de\/pressroom\/press-releases\/allgeier-erwirbt-rekrutierungsspezialist-goetzfried-ag\/\" \/>\n<meta property=\"og:locale\" content=\"de_DE\" \/>\n<meta property=\"og:type\" content=\"article\" \/>\n<meta property=\"og:title\" content=\"Allgeier erwirbt Rekrutierungsspezialist Goetzfried AG - Allgeier SE\" \/>\n<meta property=\"og:description\" content=\"Key-Player am Markt f\u00fcr Personal- und IT-Service formiert sich M\u00fcnchen, 29.August 2006. Die M\u00fcnchner Allgeier Holding AG hat sich heute mit den Aktion\u00e4ren der Wiesbadener Goetzfried AG \u00fcber den Erwerb von 100 Prozent der Aktien der Goetzfried AG geeinigt und entsprechende Vertr\u00e4ge geschlossen. Die\" \/>\n<meta property=\"og:url\" content=\"https:\/\/www.allgeier.com\/de\/pressroom\/press-releases\/allgeier-erwirbt-rekrutierungsspezialist-goetzfried-ag\/\" \/>\n<meta property=\"og:site_name\" content=\"Allgeier SE\" \/>\n<meta property=\"article:modified_time\" content=\"2025-02-05T18:36:49+00:00\" \/>\n<meta name=\"twitter:card\" content=\"summary_large_image\" \/>\n<meta name=\"twitter:label1\" content=\"Gesch\u00e4tzte Lesezeit\" \/>\n\t<meta name=\"twitter:data1\" content=\"5\u00a0Minuten\" \/>\n<script type=\"application\/ld+json\" class=\"yoast-schema-graph\">{\"@context\":\"https:\\\/\\\/schema.org\",\"@graph\":[{\"@type\":\"WebPage\",\"@id\":\"https:\\\/\\\/www.allgeier.com\\\/de\\\/pressroom\\\/press-releases\\\/allgeier-erwirbt-rekrutierungsspezialist-goetzfried-ag\\\/\",\"url\":\"https:\\\/\\\/www.allgeier.com\\\/de\\\/pressroom\\\/press-releases\\\/allgeier-erwirbt-rekrutierungsspezialist-goetzfried-ag\\\/\",\"name\":\"Allgeier erwirbt Rekrutierungsspezialist Goetzfried AG - Allgeier SE\",\"isPartOf\":{\"@id\":\"https:\\\/\\\/www.allgeier.com\\\/de\\\/#website\"},\"datePublished\":\"2006-08-29T12:59:43+00:00\",\"dateModified\":\"2025-02-05T18:36:49+00:00\",\"breadcrumb\":{\"@id\":\"https:\\\/\\\/www.allgeier.com\\\/de\\\/pressroom\\\/press-releases\\\/allgeier-erwirbt-rekrutierungsspezialist-goetzfried-ag\\\/#breadcrumb\"},\"inLanguage\":\"de\",\"potentialAction\":[{\"@type\":\"ReadAction\",\"target\":[\"https:\\\/\\\/www.allgeier.com\\\/de\\\/pressroom\\\/press-releases\\\/allgeier-erwirbt-rekrutierungsspezialist-goetzfried-ag\\\/\"]}]},{\"@type\":\"BreadcrumbList\",\"@id\":\"https:\\\/\\\/www.allgeier.com\\\/de\\\/pressroom\\\/press-releases\\\/allgeier-erwirbt-rekrutierungsspezialist-goetzfried-ag\\\/#breadcrumb\",\"itemListElement\":[{\"@type\":\"ListItem\",\"position\":1,\"name\":\"Home\",\"item\":\"https:\\\/\\\/www.allgeier.com\\\/de\\\/\"},{\"@type\":\"ListItem\",\"position\":2,\"name\":\"Presse\",\"item\":\"https:\\\/\\\/www.allgeier.com\\\/de\\\/pressroom\\\/\"},{\"@type\":\"ListItem\",\"position\":3,\"name\":\"Pressemitteilungen\",\"item\":\"https:\\\/\\\/www.allgeier.com\\\/de\\\/pressroom\\\/press-releases\\\/\"},{\"@type\":\"ListItem\",\"position\":4,\"name\":\"Allgeier erwirbt Rekrutierungsspezialist Goetzfried AG\"}]},{\"@type\":\"WebSite\",\"@id\":\"https:\\\/\\\/www.allgeier.com\\\/de\\\/#website\",\"url\":\"https:\\\/\\\/www.allgeier.com\\\/de\\\/\",\"name\":\"Allgeier SE\",\"description\":\"Software &amp; IT Services for digital transformation\",\"potentialAction\":[{\"@type\":\"SearchAction\",\"target\":{\"@type\":\"EntryPoint\",\"urlTemplate\":\"https:\\\/\\\/www.allgeier.com\\\/de\\\/?s={search_term_string}\"},\"query-input\":{\"@type\":\"PropertyValueSpecification\",\"valueRequired\":true,\"valueName\":\"search_term_string\"}}],\"inLanguage\":\"de\"}]}<\/script>\n<!-- \/ Yoast SEO plugin. -->","yoast_head_json":{"title":"Allgeier erwirbt Rekrutierungsspezialist Goetzfried AG - Allgeier SE","robots":{"index":"index","follow":"follow","max-snippet":"max-snippet:-1","max-image-preview":"max-image-preview:large","max-video-preview":"max-video-preview:-1"},"canonical":"https:\/\/www.allgeier.com\/de\/pressroom\/press-releases\/allgeier-erwirbt-rekrutierungsspezialist-goetzfried-ag\/","og_locale":"de_DE","og_type":"article","og_title":"Allgeier erwirbt Rekrutierungsspezialist Goetzfried AG - Allgeier SE","og_description":"Key-Player am Markt f\u00fcr Personal- und IT-Service formiert sich M\u00fcnchen, 29.August 2006. Die M\u00fcnchner Allgeier Holding AG hat sich heute mit den Aktion\u00e4ren der Wiesbadener Goetzfried AG \u00fcber den Erwerb von 100 Prozent der Aktien der Goetzfried AG geeinigt und entsprechende Vertr\u00e4ge geschlossen. Die","og_url":"https:\/\/www.allgeier.com\/de\/pressroom\/press-releases\/allgeier-erwirbt-rekrutierungsspezialist-goetzfried-ag\/","og_site_name":"Allgeier SE","article_modified_time":"2025-02-05T18:36:49+00:00","twitter_card":"summary_large_image","twitter_misc":{"Gesch\u00e4tzte Lesezeit":"5\u00a0Minuten"},"schema":{"@context":"https:\/\/schema.org","@graph":[{"@type":"WebPage","@id":"https:\/\/www.allgeier.com\/de\/pressroom\/press-releases\/allgeier-erwirbt-rekrutierungsspezialist-goetzfried-ag\/","url":"https:\/\/www.allgeier.com\/de\/pressroom\/press-releases\/allgeier-erwirbt-rekrutierungsspezialist-goetzfried-ag\/","name":"Allgeier erwirbt Rekrutierungsspezialist Goetzfried AG - Allgeier SE","isPartOf":{"@id":"https:\/\/www.allgeier.com\/de\/#website"},"datePublished":"2006-08-29T12:59:43+00:00","dateModified":"2025-02-05T18:36:49+00:00","breadcrumb":{"@id":"https:\/\/www.allgeier.com\/de\/pressroom\/press-releases\/allgeier-erwirbt-rekrutierungsspezialist-goetzfried-ag\/#breadcrumb"},"inLanguage":"de","potentialAction":[{"@type":"ReadAction","target":["https:\/\/www.allgeier.com\/de\/pressroom\/press-releases\/allgeier-erwirbt-rekrutierungsspezialist-goetzfried-ag\/"]}]},{"@type":"BreadcrumbList","@id":"https:\/\/www.allgeier.com\/de\/pressroom\/press-releases\/allgeier-erwirbt-rekrutierungsspezialist-goetzfried-ag\/#breadcrumb","itemListElement":[{"@type":"ListItem","position":1,"name":"Home","item":"https:\/\/www.allgeier.com\/de\/"},{"@type":"ListItem","position":2,"name":"Presse","item":"https:\/\/www.allgeier.com\/de\/pressroom\/"},{"@type":"ListItem","position":3,"name":"Pressemitteilungen","item":"https:\/\/www.allgeier.com\/de\/pressroom\/press-releases\/"},{"@type":"ListItem","position":4,"name":"Allgeier erwirbt Rekrutierungsspezialist Goetzfried AG"}]},{"@type":"WebSite","@id":"https:\/\/www.allgeier.com\/de\/#website","url":"https:\/\/www.allgeier.com\/de\/","name":"Allgeier SE","description":"Software &amp; IT Services for digital transformation","potentialAction":[{"@type":"SearchAction","target":{"@type":"EntryPoint","urlTemplate":"https:\/\/www.allgeier.com\/de\/?s={search_term_string}"},"query-input":{"@type":"PropertyValueSpecification","valueRequired":true,"valueName":"search_term_string"}}],"inLanguage":"de"}]}},"_links":{"self":[{"href":"https:\/\/www.allgeier.com\/de\/wp-json\/wp\/v2\/pages\/4023","targetHints":{"allow":["GET"]}}],"collection":[{"href":"https:\/\/www.allgeier.com\/de\/wp-json\/wp\/v2\/pages"}],"about":[{"href":"https:\/\/www.allgeier.com\/de\/wp-json\/wp\/v2\/types\/page"}],"author":[{"embeddable":true,"href":"https:\/\/www.allgeier.com\/de\/wp-json\/wp\/v2\/users\/4"}],"replies":[{"embeddable":true,"href":"https:\/\/www.allgeier.com\/de\/wp-json\/wp\/v2\/comments?post=4023"}],"version-history":[{"count":1,"href":"https:\/\/www.allgeier.com\/de\/wp-json\/wp\/v2\/pages\/4023\/revisions"}],"predecessor-version":[{"id":4024,"href":"https:\/\/www.allgeier.com\/de\/wp-json\/wp\/v2\/pages\/4023\/revisions\/4024"}],"up":[{"embeddable":true,"href":"https:\/\/www.allgeier.com\/de\/wp-json\/wp\/v2\/pages\/1169"}],"wp:attachment":[{"href":"https:\/\/www.allgeier.com\/de\/wp-json\/wp\/v2\/media?parent=4023"}],"wp:term":[{"taxonomy":"category","embeddable":true,"href":"https:\/\/www.allgeier.com\/de\/wp-json\/wp\/v2\/categories?post=4023"},{"taxonomy":"post_tag","embeddable":true,"href":"https:\/\/www.allgeier.com\/de\/wp-json\/wp\/v2\/tags?post=4023"}],"curies":[{"name":"wp","href":"https:\/\/api.w.org\/{rel}","templated":true}]}}