{"id":4027,"date":"2006-03-17T15:08:33","date_gmt":"2006-03-17T16:08:33","guid":{"rendered":"https:\/\/www.allgeier.com\/de\/?page_id=4027"},"modified":"2025-02-05T18:36:48","modified_gmt":"2025-02-05T18:36:48","slug":"allgeier-erwirbt-mgm-technology-partners","status":"publish","type":"page","link":"https:\/\/www.allgeier.com\/de\/pressroom\/press-releases\/allgeier-erwirbt-mgm-technology-partners\/","title":{"rendered":"Allgeier erwirbt mgm technology partners"},"content":{"rendered":"<p><b>Allgeier Holding AG \/ Firmen\u00fcbernahme<\/b>Corporate-Mitteilung \u00fcbermittelt durch die DGAP &#8211; ein Unternehmen der EquityStory AG.F\u00fcr den Inhalt der Mitteilung ist der Emittent verantwortlich.&#8212;&#8212;&#8212;&#8212;&#8212;&#8212;&#8212;&#8212;&#8212;&#8212;&#8212;&#8212;&#8212;&#8212;&#8212;&#8212;&#8212;&#8212;&#8212;&#8212;&#8212;&#8212;&#8212;&#8212;&#8212;Gesch\u00e4ftsbereich IT-Services w\u00e4chst um Systeml\u00f6sungsspezialistenM\u00fcnchen, 17. M\u00e4rz 2006 &#8211; Die Allgeier-Gruppe hat heute einen Vertrag zur\u00dcbernahme s\u00e4mtlicher Gesch\u00e4ftsanteile an der M\u00fcnchner mgm technologypartners GmbH abge-schlossen. mgm ist ein IT-Services-Unternehmen, das inder Beratung und Implementie-rung innovativer Systeml\u00f6sungen zuhause ist.Die Muttergesellschaft und ihre drei Tochterunternehmen besch\u00e4ftigeninsgesamt 150 IT-Experten an vier Standorten in M\u00fcnchen, Hamburg, Grenobleund Prag und erwirtschafteten 2005 einen Umsatz von rund 14,5 MillionenEuro. Seit ihrer Gr\u00fcndung vor 12 Jahren ist mgm stetig gewachsen underzielte regelm\u00e4\u00dfig gute Ergebnisse.Der Kaufpreis f\u00fcr die mgm technology partners liegt im oberen einstelligenMillionenbe-reich. Zus\u00e4tzlich sind ergebnisabh\u00e4ngige Earnout-Zahlungenvereinbart. Organisatorisch wird mgm technology partners in den IT-ServiceBereich, der unter der Allgeier IT Services AG gef\u00fchrt wird, eingegliedert.Herr Hamarz Mehmanesh, der gemeinsam mit Herrn Dr. Homayoun Mehmaneche diemgm technology partners gegr\u00fcndet und als Gesch\u00e4ftsf\u00fchrer gef\u00fchrt hat,bleibt weiterhin Gesch\u00e4ftsf\u00fchrer des Unternehmens. Im Rahmen derTransaktion beteiligt er sich \u00fcber eine Management Beteiligungsgesellschaftmit 20 % am Stammkapital der MGM MBO GmbH, die die Anteile an der mgmtechno-logy partners erworben hat.Mit der \u00dcbernahme setzt die Allgeier Holding AG ihre Strategie desWachstums durch Akquisitionen fort, mit denen die Bereiche IT-Services undPersonal-Services konsequent ausgebaut werden sollen. Mit der \u00dcbernahme vonmgm technology partners besch\u00e4ftigt die Gruppe nunmehr 500 IT-Experten, dief\u00fcr Kunden aller Gr\u00f6\u00dfenordnungen komplexe IT-L\u00f6sungen undIT-Dienstleistungen anbieten.Kontakt:Allgeier Holding AGCarl Georg D\u00fcrschmidtVorstandWehrlestr. 1281679 M\u00fcnchenTel. 089 \u2013 998421-0Fax 089 \u2013 998421-11E-Mail: ir@allgeier-holding.dewww.allgeier-holding.deDas UnternehmenDie Allgeier Holding AG fungiert als F\u00fchrungsholding einer europaweitagierenden Unternehmensgruppe, die sich auf zwei wachstumsstarke M\u00e4rktekonzentriert: IT-Services und Personal-Services. Mit unseren IT-Servicesunterst\u00fctzen wir Unternehmen bei der Umsetzung von Innovationen, derVerbesserung des Informationsflusses und der Optimierung vonGesch\u00e4ftsabl\u00e4ufen. Die on-demand Personal-Services helfen unseren Kunden,ihre Prozesse und Kapazit\u00e4ten flexibel an die Auftragslage anzupassen. Ende2005 besch\u00e4ftigte die Allgeier-Gruppe \u00fcber 2000 Mitarbeiter in neuneigenst\u00e4ndigen, leistungsf\u00e4higen Mit-telstands-Unternehmen. Die AllgeierHolding AG hat ihren Sitz in M\u00fcnchen und ist am geregelten Markt derFrankfurter B\u00f6rse im Segment General Standard notiert (WKN 508630\/ISIN DE000508630).DGAP 17.03.2006 &#8212;&#8212;&#8212;&#8212;&#8212;&#8212;&#8212;&#8212;&#8212;&#8212;&#8212;&#8212;&#8212;&#8212;&#8212;&#8212;&#8212;&#8212;&#8212;&#8212;&#8212;&#8212;&#8212;&#8212;&#8212; Sprache:      DeutschEmittent:     Allgeier Holding AG              Wehrlestrasse 12              81679 M\u00fcnchen DeutschlandTelefon:      +49 (0)89 998 421-0Fax:          +49 (0)89 998 421-11Email:        info@allgeier.comWWW:          www.allgeier-holding.comISIN:         DE0005086300WKN:          508630Indizes:      CDAXB\u00f6rsen:       Geregelter Markt in Frankfurt (General Standard); Freiverkehr              in Berlin-Bremen, Hannover, D\u00fcsseldorf, Hamburg, Stuttgart Ende der Mitteilung                             DGAP News-Service &#8212;&#8212;&#8212;&#8212;&#8212;&#8212;&#8212;&#8212;&#8212;&#8212;&#8212;&#8212;&#8212;&#8212;&#8212;&#8212;&#8212;&#8212;&#8212;&#8212;&#8212;&#8212;&#8212;&#8212;&#8212;<\/p>\n","protected":false},"excerpt":{"rendered":"<p>Gesch\u00e4ftsbereich IT-Services w\u00e4chst um Systeml\u00f6sungsspezialisten M\u00fcnchen, 17. M\u00e4rz 2006 &#8211; Die Allgeier-Gruppe hat heute einen Vertrag zur \u00dcbernahme s\u00e4mtlicher Gesch\u00e4ftsanteile an der M\u00fcnchner mgm technology partners GmbH abge-schlossen. mgm ist ein IT-Services-Unternehmen, das in der Beratung und Implementie-rung<\/p>\n","protected":false},"author":4,"featured_media":0,"parent":1169,"menu_order":0,"comment_status":"close","ping_status":"closed","template":"","meta":{"_acf_changed":false,"footnotes":""},"categories":[7],"tags":[],"class_list":["post-4027","page","type-page","status-publish","hentry","category-pressemitteilungen"],"acf":[],"yoast_head":"<!-- This site is optimized with the Yoast SEO plugin v27.4 - https:\/\/yoast.com\/product\/yoast-seo-wordpress\/ -->\n<title>Allgeier erwirbt mgm technology partners - Allgeier SE<\/title>\n<meta name=\"robots\" content=\"index, follow, max-snippet:-1, max-image-preview:large, max-video-preview:-1\" \/>\n<link rel=\"canonical\" href=\"https:\/\/www.allgeier.com\/de\/pressroom\/press-releases\/allgeier-erwirbt-mgm-technology-partners\/\" \/>\n<meta property=\"og:locale\" content=\"de_DE\" \/>\n<meta property=\"og:type\" content=\"article\" \/>\n<meta property=\"og:title\" content=\"Allgeier erwirbt mgm technology partners - Allgeier SE\" \/>\n<meta property=\"og:description\" content=\"Gesch\u00e4ftsbereich IT-Services w\u00e4chst um Systeml\u00f6sungsspezialisten M\u00fcnchen, 17. M\u00e4rz 2006 - Die Allgeier-Gruppe hat heute einen Vertrag zur \u00dcbernahme s\u00e4mtlicher Gesch\u00e4ftsanteile an der M\u00fcnchner mgm technology partners GmbH abge-schlossen. mgm ist ein IT-Services-Unternehmen, das in der Beratung und Implementie-rung\" \/>\n<meta property=\"og:url\" content=\"https:\/\/www.allgeier.com\/de\/pressroom\/press-releases\/allgeier-erwirbt-mgm-technology-partners\/\" \/>\n<meta property=\"og:site_name\" content=\"Allgeier SE\" \/>\n<meta property=\"article:modified_time\" content=\"2025-02-05T18:36:48+00:00\" \/>\n<meta name=\"twitter:card\" content=\"summary_large_image\" \/>\n<meta name=\"twitter:label1\" content=\"Gesch\u00e4tzte Lesezeit\" \/>\n\t<meta name=\"twitter:data1\" content=\"2\u00a0Minuten\" \/>\n<script type=\"application\/ld+json\" class=\"yoast-schema-graph\">{\"@context\":\"https:\\\/\\\/schema.org\",\"@graph\":[{\"@type\":\"WebPage\",\"@id\":\"https:\\\/\\\/www.allgeier.com\\\/de\\\/pressroom\\\/press-releases\\\/allgeier-erwirbt-mgm-technology-partners\\\/\",\"url\":\"https:\\\/\\\/www.allgeier.com\\\/de\\\/pressroom\\\/press-releases\\\/allgeier-erwirbt-mgm-technology-partners\\\/\",\"name\":\"Allgeier erwirbt mgm technology partners - Allgeier SE\",\"isPartOf\":{\"@id\":\"https:\\\/\\\/www.allgeier.com\\\/de\\\/#website\"},\"datePublished\":\"2006-03-17T16:08:33+00:00\",\"dateModified\":\"2025-02-05T18:36:48+00:00\",\"breadcrumb\":{\"@id\":\"https:\\\/\\\/www.allgeier.com\\\/de\\\/pressroom\\\/press-releases\\\/allgeier-erwirbt-mgm-technology-partners\\\/#breadcrumb\"},\"inLanguage\":\"de\",\"potentialAction\":[{\"@type\":\"ReadAction\",\"target\":[\"https:\\\/\\\/www.allgeier.com\\\/de\\\/pressroom\\\/press-releases\\\/allgeier-erwirbt-mgm-technology-partners\\\/\"]}]},{\"@type\":\"BreadcrumbList\",\"@id\":\"https:\\\/\\\/www.allgeier.com\\\/de\\\/pressroom\\\/press-releases\\\/allgeier-erwirbt-mgm-technology-partners\\\/#breadcrumb\",\"itemListElement\":[{\"@type\":\"ListItem\",\"position\":1,\"name\":\"Home\",\"item\":\"https:\\\/\\\/www.allgeier.com\\\/de\\\/\"},{\"@type\":\"ListItem\",\"position\":2,\"name\":\"Presse\",\"item\":\"https:\\\/\\\/www.allgeier.com\\\/de\\\/pressroom\\\/\"},{\"@type\":\"ListItem\",\"position\":3,\"name\":\"Pressemitteilungen\",\"item\":\"https:\\\/\\\/www.allgeier.com\\\/de\\\/pressroom\\\/press-releases\\\/\"},{\"@type\":\"ListItem\",\"position\":4,\"name\":\"Allgeier erwirbt mgm technology partners\"}]},{\"@type\":\"WebSite\",\"@id\":\"https:\\\/\\\/www.allgeier.com\\\/de\\\/#website\",\"url\":\"https:\\\/\\\/www.allgeier.com\\\/de\\\/\",\"name\":\"Allgeier SE\",\"description\":\"Software &amp; IT Services for digital transformation\",\"potentialAction\":[{\"@type\":\"SearchAction\",\"target\":{\"@type\":\"EntryPoint\",\"urlTemplate\":\"https:\\\/\\\/www.allgeier.com\\\/de\\\/?s={search_term_string}\"},\"query-input\":{\"@type\":\"PropertyValueSpecification\",\"valueRequired\":true,\"valueName\":\"search_term_string\"}}],\"inLanguage\":\"de\"}]}<\/script>\n<!-- \/ Yoast SEO plugin. -->","yoast_head_json":{"title":"Allgeier erwirbt mgm technology partners - Allgeier SE","robots":{"index":"index","follow":"follow","max-snippet":"max-snippet:-1","max-image-preview":"max-image-preview:large","max-video-preview":"max-video-preview:-1"},"canonical":"https:\/\/www.allgeier.com\/de\/pressroom\/press-releases\/allgeier-erwirbt-mgm-technology-partners\/","og_locale":"de_DE","og_type":"article","og_title":"Allgeier erwirbt mgm technology partners - Allgeier SE","og_description":"Gesch\u00e4ftsbereich IT-Services w\u00e4chst um Systeml\u00f6sungsspezialisten M\u00fcnchen, 17. M\u00e4rz 2006 - Die Allgeier-Gruppe hat heute einen Vertrag zur \u00dcbernahme s\u00e4mtlicher Gesch\u00e4ftsanteile an der M\u00fcnchner mgm technology partners GmbH abge-schlossen. mgm ist ein IT-Services-Unternehmen, das in der Beratung und Implementie-rung","og_url":"https:\/\/www.allgeier.com\/de\/pressroom\/press-releases\/allgeier-erwirbt-mgm-technology-partners\/","og_site_name":"Allgeier SE","article_modified_time":"2025-02-05T18:36:48+00:00","twitter_card":"summary_large_image","twitter_misc":{"Gesch\u00e4tzte Lesezeit":"2\u00a0Minuten"},"schema":{"@context":"https:\/\/schema.org","@graph":[{"@type":"WebPage","@id":"https:\/\/www.allgeier.com\/de\/pressroom\/press-releases\/allgeier-erwirbt-mgm-technology-partners\/","url":"https:\/\/www.allgeier.com\/de\/pressroom\/press-releases\/allgeier-erwirbt-mgm-technology-partners\/","name":"Allgeier erwirbt mgm technology partners - Allgeier SE","isPartOf":{"@id":"https:\/\/www.allgeier.com\/de\/#website"},"datePublished":"2006-03-17T16:08:33+00:00","dateModified":"2025-02-05T18:36:48+00:00","breadcrumb":{"@id":"https:\/\/www.allgeier.com\/de\/pressroom\/press-releases\/allgeier-erwirbt-mgm-technology-partners\/#breadcrumb"},"inLanguage":"de","potentialAction":[{"@type":"ReadAction","target":["https:\/\/www.allgeier.com\/de\/pressroom\/press-releases\/allgeier-erwirbt-mgm-technology-partners\/"]}]},{"@type":"BreadcrumbList","@id":"https:\/\/www.allgeier.com\/de\/pressroom\/press-releases\/allgeier-erwirbt-mgm-technology-partners\/#breadcrumb","itemListElement":[{"@type":"ListItem","position":1,"name":"Home","item":"https:\/\/www.allgeier.com\/de\/"},{"@type":"ListItem","position":2,"name":"Presse","item":"https:\/\/www.allgeier.com\/de\/pressroom\/"},{"@type":"ListItem","position":3,"name":"Pressemitteilungen","item":"https:\/\/www.allgeier.com\/de\/pressroom\/press-releases\/"},{"@type":"ListItem","position":4,"name":"Allgeier erwirbt mgm technology partners"}]},{"@type":"WebSite","@id":"https:\/\/www.allgeier.com\/de\/#website","url":"https:\/\/www.allgeier.com\/de\/","name":"Allgeier SE","description":"Software &amp; IT Services for digital transformation","potentialAction":[{"@type":"SearchAction","target":{"@type":"EntryPoint","urlTemplate":"https:\/\/www.allgeier.com\/de\/?s={search_term_string}"},"query-input":{"@type":"PropertyValueSpecification","valueRequired":true,"valueName":"search_term_string"}}],"inLanguage":"de"}]}},"_links":{"self":[{"href":"https:\/\/www.allgeier.com\/de\/wp-json\/wp\/v2\/pages\/4027","targetHints":{"allow":["GET"]}}],"collection":[{"href":"https:\/\/www.allgeier.com\/de\/wp-json\/wp\/v2\/pages"}],"about":[{"href":"https:\/\/www.allgeier.com\/de\/wp-json\/wp\/v2\/types\/page"}],"author":[{"embeddable":true,"href":"https:\/\/www.allgeier.com\/de\/wp-json\/wp\/v2\/users\/4"}],"replies":[{"embeddable":true,"href":"https:\/\/www.allgeier.com\/de\/wp-json\/wp\/v2\/comments?post=4027"}],"version-history":[{"count":1,"href":"https:\/\/www.allgeier.com\/de\/wp-json\/wp\/v2\/pages\/4027\/revisions"}],"predecessor-version":[{"id":4028,"href":"https:\/\/www.allgeier.com\/de\/wp-json\/wp\/v2\/pages\/4027\/revisions\/4028"}],"up":[{"embeddable":true,"href":"https:\/\/www.allgeier.com\/de\/wp-json\/wp\/v2\/pages\/1169"}],"wp:attachment":[{"href":"https:\/\/www.allgeier.com\/de\/wp-json\/wp\/v2\/media?parent=4027"}],"wp:term":[{"taxonomy":"category","embeddable":true,"href":"https:\/\/www.allgeier.com\/de\/wp-json\/wp\/v2\/categories?post=4027"},{"taxonomy":"post_tag","embeddable":true,"href":"https:\/\/www.allgeier.com\/de\/wp-json\/wp\/v2\/tags?post=4027"}],"curies":[{"name":"wp","href":"https:\/\/api.w.org\/{rel}","templated":true}]}}