{"id":5068,"date":"2013-06-18T13:01:55","date_gmt":"2013-06-18T13:01:55","guid":{"rendered":"https:\/\/www.allgeier.com\/de\/?page_id=5068"},"modified":"2023-01-22T16:40:25","modified_gmt":"2023-01-22T16:40:25","slug":"dgap-dd-allgeier-se-deutsch-221","status":"publish","type":"page","link":"https:\/\/www.allgeier.com\/de\/investor-relations\/directors-dealings\/dgap-dd-allgeier-se-deutsch-221\/","title":{"rendered":"DGAP-DD: ALLGEIER SE deutsch"},"content":{"rendered":"<p>Mitteilung \u00fcber Gesch\u00e4fte von F\u00fchrungspersonen nach \u00a715a WpHGDirectors&#8216;-Dealings-Mitteilung \u00fcbermittelt durch die DGAP.F\u00fcr den Inhalt der Mitteilung ist der Mitteilungspflichtige verantwortlich.&#8212;&#8212;&#8212;&#8212;&#8212;&#8212;&#8212;&#8212;&#8212;&#8212;&#8212;&#8212;&#8212;&#8212;&#8212;&#8212;&#8212;&#8212;&#8212;&#8212;&#8212;&#8212;&#8212;&#8212;&#8212;Angaben zum MitteilungspflichtigenName: DinselVorname: DetlefFunktion: Verwaltungs- oder AufsichtsorganAngaben zum mitteilungspflichtigen Gesch\u00e4ftBezeichnung des Finanzinstruments: St\u00fcckaktieISIN\/WKN des Finanzinstruments: DE0005086300Gesch\u00e4ftsart: KaufDatum: 17.06.2013Kurs\/Preis: 12,80W\u00e4hrung: EURSt\u00fcckzahl: 10000,00Gesamtvolumen: 128000,00Ort: FrankfurtAngaben zum ver\u00f6ffentlichungspflichtigen UnternehmenEmittent: ALLGEIER SEWehrlestra\u00dfe 1281679 M\u00fcnchenDeutschlandISIN: DE0005086300WKN: 508630Ende der Directors&#8216; Dealings-Mitteilung (c) DGAP 18.06.2013Die DGAP Distributionsservices umfassen gesetzliche Meldepflichten,Corporate News\/Finanznachrichten und Pressemitteilungen.DGAP-Medienarchive unter www.dgap-medientreff.de und www.dgap.deID 17183<\/p>\n","protected":false},"excerpt":{"rendered":"<p>Angaben zum Mitteilungspflichtigen Name: Dinsel Vorname: Detlef Funktion: Verwaltungs- oder Aufsichtsorgan Angaben zum mitteilungspflichtigen Gesch\u00e4ft Bezeichnung des Finanzinstruments: St\u00fcckaktie ISIN\/WKN des Finanzinstruments: DE0005086300 Gesch\u00e4ftsart: Kauf Datum: 17.06.2013 Kurs\/Preis: 12,80 W\u00e4hrung:<\/p>\n","protected":false},"author":4,"featured_media":0,"parent":4613,"menu_order":0,"comment_status":"close","ping_status":"closed","template":"","meta":{"_acf_changed":false,"footnotes":""},"categories":[],"tags":[],"class_list":["post-5068","page","type-page","status-publish","hentry"],"acf":[],"yoast_head":"<!-- This site is optimized with the Yoast SEO plugin v27.4 - https:\/\/yoast.com\/product\/yoast-seo-wordpress\/ -->\n<title>DGAP-DD: ALLGEIER SE deutsch - Allgeier SE<\/title>\n<meta name=\"robots\" content=\"index, follow, max-snippet:-1, max-image-preview:large, max-video-preview:-1\" \/>\n<link rel=\"canonical\" href=\"https:\/\/www.allgeier.com\/de\/investor-relations\/directors-dealings\/dgap-dd-allgeier-se-deutsch-221\/\" \/>\n<meta property=\"og:locale\" content=\"de_DE\" \/>\n<meta property=\"og:type\" content=\"article\" \/>\n<meta property=\"og:title\" content=\"DGAP-DD: ALLGEIER SE deutsch - Allgeier SE\" \/>\n<meta property=\"og:description\" content=\"Angaben zum Mitteilungspflichtigen Name: Dinsel Vorname: Detlef Funktion: Verwaltungs- oder Aufsichtsorgan Angaben zum mitteilungspflichtigen Gesch\u00e4ft Bezeichnung des Finanzinstruments: St\u00fcckaktie ISIN\/WKN des Finanzinstruments: DE0005086300 Gesch\u00e4ftsart: Kauf Datum: 17.06.2013 Kurs\/Preis: 12,80 W\u00e4hrung:\" \/>\n<meta property=\"og:url\" content=\"https:\/\/www.allgeier.com\/de\/investor-relations\/directors-dealings\/dgap-dd-allgeier-se-deutsch-221\/\" \/>\n<meta property=\"og:site_name\" content=\"Allgeier SE\" \/>\n<meta property=\"article:modified_time\" content=\"2023-01-22T16:40:25+00:00\" \/>\n<meta name=\"twitter:card\" content=\"summary_large_image\" \/>\n<script type=\"application\/ld+json\" class=\"yoast-schema-graph\">{\"@context\":\"https:\\\/\\\/schema.org\",\"@graph\":[{\"@type\":\"WebPage\",\"@id\":\"https:\\\/\\\/www.allgeier.com\\\/de\\\/investor-relations\\\/directors-dealings\\\/dgap-dd-allgeier-se-deutsch-221\\\/\",\"url\":\"https:\\\/\\\/www.allgeier.com\\\/de\\\/investor-relations\\\/directors-dealings\\\/dgap-dd-allgeier-se-deutsch-221\\\/\",\"name\":\"DGAP-DD: ALLGEIER SE deutsch - Allgeier SE\",\"isPartOf\":{\"@id\":\"https:\\\/\\\/www.allgeier.com\\\/de\\\/#website\"},\"datePublished\":\"2013-06-18T13:01:55+00:00\",\"dateModified\":\"2023-01-22T16:40:25+00:00\",\"breadcrumb\":{\"@id\":\"https:\\\/\\\/www.allgeier.com\\\/de\\\/investor-relations\\\/directors-dealings\\\/dgap-dd-allgeier-se-deutsch-221\\\/#breadcrumb\"},\"inLanguage\":\"de\",\"potentialAction\":[{\"@type\":\"ReadAction\",\"target\":[\"https:\\\/\\\/www.allgeier.com\\\/de\\\/investor-relations\\\/directors-dealings\\\/dgap-dd-allgeier-se-deutsch-221\\\/\"]}]},{\"@type\":\"BreadcrumbList\",\"@id\":\"https:\\\/\\\/www.allgeier.com\\\/de\\\/investor-relations\\\/directors-dealings\\\/dgap-dd-allgeier-se-deutsch-221\\\/#breadcrumb\",\"itemListElement\":[{\"@type\":\"ListItem\",\"position\":1,\"name\":\"Home\",\"item\":\"https:\\\/\\\/www.allgeier.com\\\/de\\\/\"},{\"@type\":\"ListItem\",\"position\":2,\"name\":\"Investor Relations\",\"item\":\"https:\\\/\\\/www.allgeier.com\\\/de\\\/investor-relations\\\/\"},{\"@type\":\"ListItem\",\"position\":3,\"name\":\"Directors&#8217; Dealings\",\"item\":\"https:\\\/\\\/www.allgeier.com\\\/de\\\/investor-relations\\\/directors-dealings\\\/\"},{\"@type\":\"ListItem\",\"position\":4,\"name\":\"DGAP-DD: ALLGEIER SE deutsch\"}]},{\"@type\":\"WebSite\",\"@id\":\"https:\\\/\\\/www.allgeier.com\\\/de\\\/#website\",\"url\":\"https:\\\/\\\/www.allgeier.com\\\/de\\\/\",\"name\":\"Allgeier SE\",\"description\":\"Software &amp; IT Services for digital transformation\",\"potentialAction\":[{\"@type\":\"SearchAction\",\"target\":{\"@type\":\"EntryPoint\",\"urlTemplate\":\"https:\\\/\\\/www.allgeier.com\\\/de\\\/?s={search_term_string}\"},\"query-input\":{\"@type\":\"PropertyValueSpecification\",\"valueRequired\":true,\"valueName\":\"search_term_string\"}}],\"inLanguage\":\"de\"}]}<\/script>\n<!-- \/ Yoast SEO plugin. -->","yoast_head_json":{"title":"DGAP-DD: ALLGEIER SE deutsch - Allgeier SE","robots":{"index":"index","follow":"follow","max-snippet":"max-snippet:-1","max-image-preview":"max-image-preview:large","max-video-preview":"max-video-preview:-1"},"canonical":"https:\/\/www.allgeier.com\/de\/investor-relations\/directors-dealings\/dgap-dd-allgeier-se-deutsch-221\/","og_locale":"de_DE","og_type":"article","og_title":"DGAP-DD: ALLGEIER SE deutsch - Allgeier SE","og_description":"Angaben zum Mitteilungspflichtigen Name: Dinsel Vorname: Detlef Funktion: Verwaltungs- oder Aufsichtsorgan Angaben zum mitteilungspflichtigen Gesch\u00e4ft Bezeichnung des Finanzinstruments: St\u00fcckaktie ISIN\/WKN des Finanzinstruments: DE0005086300 Gesch\u00e4ftsart: Kauf Datum: 17.06.2013 Kurs\/Preis: 12,80 W\u00e4hrung:","og_url":"https:\/\/www.allgeier.com\/de\/investor-relations\/directors-dealings\/dgap-dd-allgeier-se-deutsch-221\/","og_site_name":"Allgeier SE","article_modified_time":"2023-01-22T16:40:25+00:00","twitter_card":"summary_large_image","schema":{"@context":"https:\/\/schema.org","@graph":[{"@type":"WebPage","@id":"https:\/\/www.allgeier.com\/de\/investor-relations\/directors-dealings\/dgap-dd-allgeier-se-deutsch-221\/","url":"https:\/\/www.allgeier.com\/de\/investor-relations\/directors-dealings\/dgap-dd-allgeier-se-deutsch-221\/","name":"DGAP-DD: ALLGEIER SE deutsch - Allgeier SE","isPartOf":{"@id":"https:\/\/www.allgeier.com\/de\/#website"},"datePublished":"2013-06-18T13:01:55+00:00","dateModified":"2023-01-22T16:40:25+00:00","breadcrumb":{"@id":"https:\/\/www.allgeier.com\/de\/investor-relations\/directors-dealings\/dgap-dd-allgeier-se-deutsch-221\/#breadcrumb"},"inLanguage":"de","potentialAction":[{"@type":"ReadAction","target":["https:\/\/www.allgeier.com\/de\/investor-relations\/directors-dealings\/dgap-dd-allgeier-se-deutsch-221\/"]}]},{"@type":"BreadcrumbList","@id":"https:\/\/www.allgeier.com\/de\/investor-relations\/directors-dealings\/dgap-dd-allgeier-se-deutsch-221\/#breadcrumb","itemListElement":[{"@type":"ListItem","position":1,"name":"Home","item":"https:\/\/www.allgeier.com\/de\/"},{"@type":"ListItem","position":2,"name":"Investor Relations","item":"https:\/\/www.allgeier.com\/de\/investor-relations\/"},{"@type":"ListItem","position":3,"name":"Directors&#8217; Dealings","item":"https:\/\/www.allgeier.com\/de\/investor-relations\/directors-dealings\/"},{"@type":"ListItem","position":4,"name":"DGAP-DD: ALLGEIER SE deutsch"}]},{"@type":"WebSite","@id":"https:\/\/www.allgeier.com\/de\/#website","url":"https:\/\/www.allgeier.com\/de\/","name":"Allgeier SE","description":"Software &amp; IT Services for digital transformation","potentialAction":[{"@type":"SearchAction","target":{"@type":"EntryPoint","urlTemplate":"https:\/\/www.allgeier.com\/de\/?s={search_term_string}"},"query-input":{"@type":"PropertyValueSpecification","valueRequired":true,"valueName":"search_term_string"}}],"inLanguage":"de"}]}},"_links":{"self":[{"href":"https:\/\/www.allgeier.com\/de\/wp-json\/wp\/v2\/pages\/5068","targetHints":{"allow":["GET"]}}],"collection":[{"href":"https:\/\/www.allgeier.com\/de\/wp-json\/wp\/v2\/pages"}],"about":[{"href":"https:\/\/www.allgeier.com\/de\/wp-json\/wp\/v2\/types\/page"}],"author":[{"embeddable":true,"href":"https:\/\/www.allgeier.com\/de\/wp-json\/wp\/v2\/users\/4"}],"replies":[{"embeddable":true,"href":"https:\/\/www.allgeier.com\/de\/wp-json\/wp\/v2\/comments?post=5068"}],"version-history":[{"count":1,"href":"https:\/\/www.allgeier.com\/de\/wp-json\/wp\/v2\/pages\/5068\/revisions"}],"predecessor-version":[{"id":5069,"href":"https:\/\/www.allgeier.com\/de\/wp-json\/wp\/v2\/pages\/5068\/revisions\/5069"}],"up":[{"embeddable":true,"href":"https:\/\/www.allgeier.com\/de\/wp-json\/wp\/v2\/pages\/4613"}],"wp:attachment":[{"href":"https:\/\/www.allgeier.com\/de\/wp-json\/wp\/v2\/media?parent=5068"}],"wp:term":[{"taxonomy":"category","embeddable":true,"href":"https:\/\/www.allgeier.com\/de\/wp-json\/wp\/v2\/categories?post=5068"},{"taxonomy":"post_tag","embeddable":true,"href":"https:\/\/www.allgeier.com\/de\/wp-json\/wp\/v2\/tags?post=5068"}],"curies":[{"name":"wp","href":"https:\/\/api.w.org\/{rel}","templated":true}]}}