{"id":5198,"date":"2008-06-09T13:02:04","date_gmt":"2008-06-09T13:02:04","guid":{"rendered":"https:\/\/www.allgeier.com\/de\/?page_id=5198"},"modified":"2023-01-22T16:40:31","modified_gmt":"2023-01-22T16:40:31","slug":"dgap-dd-allgeier-holding-ag-deutsch-64","status":"publish","type":"page","link":"https:\/\/www.allgeier.com\/de\/investor-relations\/directors-dealings\/dgap-dd-allgeier-holding-ag-deutsch-64\/","title":{"rendered":"DGAP-DD: Allgeier Holding AG deutsch"},"content":{"rendered":"<p>Mitteilung \u00fcber Gesch\u00e4fte von F\u00fchrungspersonen nach \u00a715a WpHGDirectors&#8216;-Dealings-Mitteilung \u00fcbermittelt durch die DGAP.F\u00fcr den Inhalt der Mitteilung ist der Mitteilungspflichtige verantwortlich.&#8212;&#8212;&#8212;&#8212;&#8212;&#8212;&#8212;&#8212;&#8212;&#8212;&#8212;&#8212;&#8212;&#8212;&#8212;&#8212;&#8212;&#8212;&#8212;&#8212;&#8212;&#8212;&#8212;&#8212;&#8212;&#8212;Angaben zum MitteilungspflichtigenFirma: Initium AGPerson mit F\u00fchrungsaufgabe welche die Mitteilungspflicht der juristischen Person ausl\u00f6stAngaben zur Person mit F\u00fchrungsaufgabenFunktion: Gesch\u00e4ftsf\u00fchrendes OrganAngaben zum mitteilungspflichtigen Gesch\u00e4ftBezeichnung des Finanzinstruments: St\u00fcckaktieISIN\/WKN des Finanzinstruments: DE0005086300Gesch\u00e4ftsart: VERKAUFDatum: 03.06.2008Kurs\/Preis: 11,30W\u00e4hrung: EURSt\u00fcckzahl: 283538Gesamtvolumen: 3203979,40Ort: au\u00dferb\u00f6rslichZu ver\u00f6ffentlichende Erl\u00e4uterung:Korrekturmitteilung nach \u00a7 15a WpHG der Mitteilung vom 06.06.2008 mit ID6204, Korrektur der Gesch\u00e4ftsartAngaben zum ver\u00f6ffentlichungspflichtigen UnternehmenEmittent: Allgeier Holding AGWehrlestrasse 1281679 M\u00fcnchenDeutschlandISIN: DE0005086300WKN: 508630Ende der Directors&#8216; Dealings-Mitteilung (c) DGAP 09.06.2008 Finanznachrichten \u00fcbermittelt durch die DGAPID 6222<\/p>\n","protected":false},"excerpt":{"rendered":"<p>Angaben zum Mitteilungspflichtigen Firma: Initium AG Person mit F\u00fchrungsaufgabe welche die Mitteilungspflicht der juristischen Person ausl\u00f6st Angaben zur Person mit F\u00fchrungsaufgaben Funktion: Gesch\u00e4ftsf\u00fchrendes Organ Angaben zum mitteilungspflichtigen Gesch\u00e4ft Bezeichnung des Finanzinstruments: St\u00fcckaktie<\/p>\n","protected":false},"author":4,"featured_media":0,"parent":4613,"menu_order":0,"comment_status":"close","ping_status":"closed","template":"","meta":{"_acf_changed":false,"footnotes":""},"categories":[],"tags":[],"class_list":["post-5198","page","type-page","status-publish","hentry"],"acf":[],"yoast_head":"<!-- This site is optimized with the Yoast SEO plugin v27.4 - https:\/\/yoast.com\/product\/yoast-seo-wordpress\/ -->\n<title>DGAP-DD: Allgeier Holding AG deutsch - Allgeier SE<\/title>\n<meta name=\"robots\" content=\"index, follow, max-snippet:-1, max-image-preview:large, max-video-preview:-1\" \/>\n<link rel=\"canonical\" href=\"https:\/\/www.allgeier.com\/de\/investor-relations\/directors-dealings\/dgap-dd-allgeier-holding-ag-deutsch-64\/\" \/>\n<meta property=\"og:locale\" content=\"de_DE\" \/>\n<meta property=\"og:type\" content=\"article\" \/>\n<meta property=\"og:title\" content=\"DGAP-DD: Allgeier Holding AG deutsch - Allgeier SE\" \/>\n<meta property=\"og:description\" content=\"Angaben zum Mitteilungspflichtigen Firma: Initium AG Person mit F\u00fchrungsaufgabe welche die Mitteilungspflicht der juristischen Person ausl\u00f6st Angaben zur Person mit F\u00fchrungsaufgaben Funktion: Gesch\u00e4ftsf\u00fchrendes Organ Angaben zum mitteilungspflichtigen Gesch\u00e4ft Bezeichnung des Finanzinstruments: St\u00fcckaktie\" \/>\n<meta property=\"og:url\" content=\"https:\/\/www.allgeier.com\/de\/investor-relations\/directors-dealings\/dgap-dd-allgeier-holding-ag-deutsch-64\/\" \/>\n<meta property=\"og:site_name\" content=\"Allgeier SE\" \/>\n<meta property=\"article:modified_time\" content=\"2023-01-22T16:40:31+00:00\" \/>\n<meta name=\"twitter:card\" content=\"summary_large_image\" \/>\n<meta name=\"twitter:label1\" content=\"Gesch\u00e4tzte Lesezeit\" \/>\n\t<meta name=\"twitter:data1\" content=\"1\u00a0Minute\" \/>\n<script type=\"application\/ld+json\" class=\"yoast-schema-graph\">{\"@context\":\"https:\\\/\\\/schema.org\",\"@graph\":[{\"@type\":\"WebPage\",\"@id\":\"https:\\\/\\\/www.allgeier.com\\\/de\\\/investor-relations\\\/directors-dealings\\\/dgap-dd-allgeier-holding-ag-deutsch-64\\\/\",\"url\":\"https:\\\/\\\/www.allgeier.com\\\/de\\\/investor-relations\\\/directors-dealings\\\/dgap-dd-allgeier-holding-ag-deutsch-64\\\/\",\"name\":\"DGAP-DD: Allgeier Holding AG deutsch - Allgeier SE\",\"isPartOf\":{\"@id\":\"https:\\\/\\\/www.allgeier.com\\\/de\\\/#website\"},\"datePublished\":\"2008-06-09T13:02:04+00:00\",\"dateModified\":\"2023-01-22T16:40:31+00:00\",\"breadcrumb\":{\"@id\":\"https:\\\/\\\/www.allgeier.com\\\/de\\\/investor-relations\\\/directors-dealings\\\/dgap-dd-allgeier-holding-ag-deutsch-64\\\/#breadcrumb\"},\"inLanguage\":\"de\",\"potentialAction\":[{\"@type\":\"ReadAction\",\"target\":[\"https:\\\/\\\/www.allgeier.com\\\/de\\\/investor-relations\\\/directors-dealings\\\/dgap-dd-allgeier-holding-ag-deutsch-64\\\/\"]}]},{\"@type\":\"BreadcrumbList\",\"@id\":\"https:\\\/\\\/www.allgeier.com\\\/de\\\/investor-relations\\\/directors-dealings\\\/dgap-dd-allgeier-holding-ag-deutsch-64\\\/#breadcrumb\",\"itemListElement\":[{\"@type\":\"ListItem\",\"position\":1,\"name\":\"Home\",\"item\":\"https:\\\/\\\/www.allgeier.com\\\/de\\\/\"},{\"@type\":\"ListItem\",\"position\":2,\"name\":\"Investor Relations\",\"item\":\"https:\\\/\\\/www.allgeier.com\\\/de\\\/investor-relations\\\/\"},{\"@type\":\"ListItem\",\"position\":3,\"name\":\"Directors&#8217; Dealings\",\"item\":\"https:\\\/\\\/www.allgeier.com\\\/de\\\/investor-relations\\\/directors-dealings\\\/\"},{\"@type\":\"ListItem\",\"position\":4,\"name\":\"DGAP-DD: Allgeier Holding AG deutsch\"}]},{\"@type\":\"WebSite\",\"@id\":\"https:\\\/\\\/www.allgeier.com\\\/de\\\/#website\",\"url\":\"https:\\\/\\\/www.allgeier.com\\\/de\\\/\",\"name\":\"Allgeier SE\",\"description\":\"Software &amp; IT Services for digital transformation\",\"potentialAction\":[{\"@type\":\"SearchAction\",\"target\":{\"@type\":\"EntryPoint\",\"urlTemplate\":\"https:\\\/\\\/www.allgeier.com\\\/de\\\/?s={search_term_string}\"},\"query-input\":{\"@type\":\"PropertyValueSpecification\",\"valueRequired\":true,\"valueName\":\"search_term_string\"}}],\"inLanguage\":\"de\"}]}<\/script>\n<!-- \/ Yoast SEO plugin. -->","yoast_head_json":{"title":"DGAP-DD: Allgeier Holding AG deutsch - Allgeier SE","robots":{"index":"index","follow":"follow","max-snippet":"max-snippet:-1","max-image-preview":"max-image-preview:large","max-video-preview":"max-video-preview:-1"},"canonical":"https:\/\/www.allgeier.com\/de\/investor-relations\/directors-dealings\/dgap-dd-allgeier-holding-ag-deutsch-64\/","og_locale":"de_DE","og_type":"article","og_title":"DGAP-DD: Allgeier Holding AG deutsch - Allgeier SE","og_description":"Angaben zum Mitteilungspflichtigen Firma: Initium AG Person mit F\u00fchrungsaufgabe welche die Mitteilungspflicht der juristischen Person ausl\u00f6st Angaben zur Person mit F\u00fchrungsaufgaben Funktion: Gesch\u00e4ftsf\u00fchrendes Organ Angaben zum mitteilungspflichtigen Gesch\u00e4ft Bezeichnung des Finanzinstruments: St\u00fcckaktie","og_url":"https:\/\/www.allgeier.com\/de\/investor-relations\/directors-dealings\/dgap-dd-allgeier-holding-ag-deutsch-64\/","og_site_name":"Allgeier SE","article_modified_time":"2023-01-22T16:40:31+00:00","twitter_card":"summary_large_image","twitter_misc":{"Gesch\u00e4tzte Lesezeit":"1\u00a0Minute"},"schema":{"@context":"https:\/\/schema.org","@graph":[{"@type":"WebPage","@id":"https:\/\/www.allgeier.com\/de\/investor-relations\/directors-dealings\/dgap-dd-allgeier-holding-ag-deutsch-64\/","url":"https:\/\/www.allgeier.com\/de\/investor-relations\/directors-dealings\/dgap-dd-allgeier-holding-ag-deutsch-64\/","name":"DGAP-DD: Allgeier Holding AG deutsch - Allgeier SE","isPartOf":{"@id":"https:\/\/www.allgeier.com\/de\/#website"},"datePublished":"2008-06-09T13:02:04+00:00","dateModified":"2023-01-22T16:40:31+00:00","breadcrumb":{"@id":"https:\/\/www.allgeier.com\/de\/investor-relations\/directors-dealings\/dgap-dd-allgeier-holding-ag-deutsch-64\/#breadcrumb"},"inLanguage":"de","potentialAction":[{"@type":"ReadAction","target":["https:\/\/www.allgeier.com\/de\/investor-relations\/directors-dealings\/dgap-dd-allgeier-holding-ag-deutsch-64\/"]}]},{"@type":"BreadcrumbList","@id":"https:\/\/www.allgeier.com\/de\/investor-relations\/directors-dealings\/dgap-dd-allgeier-holding-ag-deutsch-64\/#breadcrumb","itemListElement":[{"@type":"ListItem","position":1,"name":"Home","item":"https:\/\/www.allgeier.com\/de\/"},{"@type":"ListItem","position":2,"name":"Investor Relations","item":"https:\/\/www.allgeier.com\/de\/investor-relations\/"},{"@type":"ListItem","position":3,"name":"Directors&#8217; Dealings","item":"https:\/\/www.allgeier.com\/de\/investor-relations\/directors-dealings\/"},{"@type":"ListItem","position":4,"name":"DGAP-DD: Allgeier Holding AG deutsch"}]},{"@type":"WebSite","@id":"https:\/\/www.allgeier.com\/de\/#website","url":"https:\/\/www.allgeier.com\/de\/","name":"Allgeier SE","description":"Software &amp; IT Services for digital transformation","potentialAction":[{"@type":"SearchAction","target":{"@type":"EntryPoint","urlTemplate":"https:\/\/www.allgeier.com\/de\/?s={search_term_string}"},"query-input":{"@type":"PropertyValueSpecification","valueRequired":true,"valueName":"search_term_string"}}],"inLanguage":"de"}]}},"_links":{"self":[{"href":"https:\/\/www.allgeier.com\/de\/wp-json\/wp\/v2\/pages\/5198","targetHints":{"allow":["GET"]}}],"collection":[{"href":"https:\/\/www.allgeier.com\/de\/wp-json\/wp\/v2\/pages"}],"about":[{"href":"https:\/\/www.allgeier.com\/de\/wp-json\/wp\/v2\/types\/page"}],"author":[{"embeddable":true,"href":"https:\/\/www.allgeier.com\/de\/wp-json\/wp\/v2\/users\/4"}],"replies":[{"embeddable":true,"href":"https:\/\/www.allgeier.com\/de\/wp-json\/wp\/v2\/comments?post=5198"}],"version-history":[{"count":1,"href":"https:\/\/www.allgeier.com\/de\/wp-json\/wp\/v2\/pages\/5198\/revisions"}],"predecessor-version":[{"id":5199,"href":"https:\/\/www.allgeier.com\/de\/wp-json\/wp\/v2\/pages\/5198\/revisions\/5199"}],"up":[{"embeddable":true,"href":"https:\/\/www.allgeier.com\/de\/wp-json\/wp\/v2\/pages\/4613"}],"wp:attachment":[{"href":"https:\/\/www.allgeier.com\/de\/wp-json\/wp\/v2\/media?parent=5198"}],"wp:term":[{"taxonomy":"category","embeddable":true,"href":"https:\/\/www.allgeier.com\/de\/wp-json\/wp\/v2\/categories?post=5198"},{"taxonomy":"post_tag","embeddable":true,"href":"https:\/\/www.allgeier.com\/de\/wp-json\/wp\/v2\/tags?post=5198"}],"curies":[{"name":"wp","href":"https:\/\/api.w.org\/{rel}","templated":true}]}}