{"id":5250,"date":"2012-06-14T14:15:42","date_gmt":"2012-06-14T14:15:42","guid":{"rendered":"https:\/\/www.allgeier.com\/de\/?page_id=5250"},"modified":"2025-02-05T18:36:50","modified_gmt":"2025-02-05T18:36:50","slug":"allgeier-holding-se-www-allgeier-com-nach-relaunch-noch-aktueller-informativer-und-kundenfreundlicher","status":"publish","type":"page","link":"https:\/\/www.allgeier.com\/de\/pressroom\/press-releases\/allgeier-holding-se-www-allgeier-com-nach-relaunch-noch-aktueller-informativer-und-kundenfreundlicher\/","title":{"rendered":"Allgeier Holding SE: www.allgeier.com nach Relaunch noch aktueller, informativer und kundenfreundlicher"},"content":{"rendered":"<table class=\"news_layout\" border=\"0\" cellpadding=\"0\" cellspacing=\"0\">\n<tr>\n<td><\/p>\n<p>ALLGEIER HOLDING SE \/ Schlagwort(e): Sonstiges<\/p>\n<p>14.06.2012 \/ 16:15<\/p>\n<hr \/>\n<div class=\"break-word\">\n<p> Allgeier Holding SE: www.allgeier.com nach Relaunch noch aktueller, informativer und kundenfreundlicher<\/p>\n<p> M\u00fcnchen, 14.06.2012 &#8211; Die Allgeier Holding SE (WKN 508630 \/ ISIN DE0005086300) hat einen Relaunch ihrer Internetpr\u00e4senz www.allgeier.com vorgenommen. Im Mittelpunkt des neuen Internetauftritts stehen Kundenfreundlichkeit und Marktgerechtigkeit: Dank einer klaren Gestaltung und einer intuitiven Benutzerf\u00fchrung sind alle relevanten Informationen fortan f\u00fcr viele unterschiedliche Zielgruppen noch einfacher und rascher zug\u00e4nglich. Die neue Webseite bietet stets aktuelle Neuigkeiten, umfassende Informationen und Hintergr\u00fcnde der in M\u00fcnchen ans\u00e4ssigen IT Services- und Beratungsgesellschaft und ihrer Divisionen. Mit der Erweiterung und Neugestaltung der Allgeier Homepage folgt das Unternehmen dem erfolgreichen Ausbau der internationalen Gesch\u00e4ftst\u00e4tigkeit und seinem starken Wachstum der vergangenen Jahre. Konzept und Umsetzung der neuen Unternehmenshomepage wurden von der Allgeier Division Nagarro &#8211; Allgeier Software Services realisiert. Die Division Nagarro &#8211; Allgeier Software Services ist auf Entwicklung, Test, Implementierung, Wartung und Management komplexer und qualitativ hochwertiger unternehmenskritischer Software f\u00fcr Gro\u00dfunternehmen und Softwarehersteller spezialisiert.<br \/> \u00a0<\/p>\n<p> Das Herzst\u00fcck der neuen Webrepr\u00e4sentanz www.allgeier.com bildet das breite Allgeier Leistungs- und Produktportfolio. Mit \u00fcber 2.500 Mitarbeitern und rund 1.500 freiberuflichen IT-Experten bietet Allgeier ihren Kunden einen Komplettservice-Ansatz von der Konzeption \u00fcber die Umsetzung bis hin zum Betrieb von IT-Landschaften. Die neu gestaltete Homepage greift die Divisionalisierung der bew\u00e4hrten Allgeier Angebote und Dienstleistungen auf. Allgeier verf\u00fcgt \u00fcber sechs Divisionen mit individuellen fachlichen oder branchenbezogenen Schwerpunkten. In den vergangenen Jahren hat Allgeier durch eine enge Orientierung an den Bed\u00fcrfnissen der Kunden und den Anforderungen des Marktes die Position als Top-IT-Dienstleister gefestigt. Allgeier baut die bestehenden Kompetenzen gezielt aus und nimmt dabei vor allem stark wachsende, innovative Technologiefelder in den Fokus. Mit der Strategie einer st\u00e4rkeren Divisionalisierung setzt Allgeier auf weiteres Wachstum und kann zugleich die wesentlichen Zukunftstrends konsequent besetzen und entwickeln.<\/p>\n<p> Kontakt:<br \/> Allgeier Holding SE<br \/> Dr. Christopher Gro\u00dfe<br \/> Wehrlestra\u00dfe 12<br \/> 81679 M\u00fcnchen<br \/> Tel.: +49 (0)89\/998421-0<br \/> Fax: +49 (0)89\/998421-11<br \/> E-Mail: ir@allgeier.com<br \/> Web: www.allgeier.com<\/p>\n<p> Die Allgeier Holding SE mit Sitz in M\u00fcnchen ist eine der f\u00fchrenden Beratungs- und Servicegesellschaften im deutschsprachigen Raum. Mit \u00fcber 2.500 angestellten Mitarbeitern und rund 1.500 freiberuflichen IT-Experten bietet Allgeier ihren Kunden einen Komplettservice-Ansatz von der Konzeption \u00fcber die Umsetzung bis hin zum Betrieb von IT-Landschaften. Sechs Divisionen, jede mit einem fachlichen oder branchenbezogenen Schwerpunkt, arbeiten gemeinsam f\u00fcr \u00fcber 2.000 Kunden aus nahezu allen Branchen. Allgeier verbindet die Expertise und Kundenn\u00e4he mittelst\u00e4ndischer Einheiten mit der Leistungsst\u00e4rke und Flexibilit\u00e4t einer internationalen, b\u00f6rsennotierten Gruppe. Die stark wachsende Gruppe verf\u00fcgt aktuell \u00fcber mehr als 50 Niederlassungen im deutschsprachigen Raum und 23 weitere Standorte im \u00fcbrigen Europa sowie in Indien, Mexiko und den USA. Die Gesellschaft ist am regulierten Markt der Frankfurter Wertpapierb\u00f6rse im General Standard gelistet (WKN 508630 \/ ISIN DE0005086300). Weitere Informationen unter: www.allgeier.com.<\/p>\n<\/div>\n<p>\tEnde der Corporate News<\/p>\n<hr \/>\n<p>14.06.2012 Ver\u00f6ffentlichung einer Corporate News\/Finanznachricht, \u00fcbermittelt durch die DGAP &#8211; ein Unternehmen der EquityStory AG. <br \/>F\u00fcr den Inhalt der Mitteilung ist der Emittent \/ Herausgeber verantwortlich.<\/p>\n<p>Die DGAP Distributionsservices umfassen gesetzliche Meldepflichten, Corporate News\/Finanznachrichten und Pressemitteilungen. <br \/>Medienarchiv unter http:\/\/www.dgap-medientreff.de und http:\/\/www.dgap.de<\/p>\n<hr \/>\n<p><\/td>\n<\/tr>\n<\/table>\n<table class=\"news_layout\" border=\"0\" cellpadding=\"0\" cellspacing=\"0\" width=\"100%\">\n<tr>\n<td>\n<hr \/>\n<\/td>\n<\/tr>\n<tr>\n<td align=\"left\">174053\u00a0\u00a014.06.2012<\/td>\n<\/tr>\n<\/table>\n","protected":false},"excerpt":{"rendered":"<p>ALLGEIER HOLDING SE \/ Schlagwort(e): Sonstiges 14.06.2012 \/ 16:15 Allgeier Holding SE: www.allgeier.com nach Relaunch noch aktueller, informativer und kundenfreundlicher M\u00fcnchen, 14.06.2012 &#8211; Die Allgeier Holding SE (WKN 508630 \/ ISIN DE0005086300) hat einen Relaunch ihrer Internetpr\u00e4senz<\/p>\n","protected":false},"author":4,"featured_media":0,"parent":1169,"menu_order":0,"comment_status":"close","ping_status":"closed","template":"","meta":{"_acf_changed":false,"footnotes":""},"categories":[7],"tags":[],"class_list":["post-5250","page","type-page","status-publish","hentry","category-pressemitteilungen"],"acf":[],"yoast_head":"<!-- This site is optimized with the Yoast SEO plugin v27.4 - https:\/\/yoast.com\/product\/yoast-seo-wordpress\/ -->\n<title>Allgeier Holding SE: www.allgeier.com nach Relaunch noch aktueller, informativer und kundenfreundlicher - Allgeier SE<\/title>\n<meta name=\"robots\" content=\"index, follow, max-snippet:-1, max-image-preview:large, max-video-preview:-1\" \/>\n<link rel=\"canonical\" href=\"https:\/\/www.allgeier.com\/de\/pressroom\/press-releases\/allgeier-holding-se-www-allgeier-com-nach-relaunch-noch-aktueller-informativer-und-kundenfreundlicher\/\" \/>\n<meta property=\"og:locale\" content=\"de_DE\" \/>\n<meta property=\"og:type\" content=\"article\" \/>\n<meta property=\"og:title\" content=\"Allgeier Holding SE: www.allgeier.com nach Relaunch noch aktueller, informativer und kundenfreundlicher - Allgeier SE\" \/>\n<meta property=\"og:description\" content=\"ALLGEIER HOLDING SE \/ Schlagwort(e): Sonstiges 14.06.2012 \/ 16:15 Allgeier Holding SE: www.allgeier.com nach Relaunch noch aktueller, informativer und kundenfreundlicher M\u00fcnchen, 14.06.2012 - Die Allgeier Holding SE (WKN 508630 \/ ISIN DE0005086300) hat einen Relaunch ihrer Internetpr\u00e4senz\" \/>\n<meta property=\"og:url\" content=\"https:\/\/www.allgeier.com\/de\/pressroom\/press-releases\/allgeier-holding-se-www-allgeier-com-nach-relaunch-noch-aktueller-informativer-und-kundenfreundlicher\/\" \/>\n<meta property=\"og:site_name\" content=\"Allgeier SE\" \/>\n<meta property=\"article:modified_time\" content=\"2025-02-05T18:36:50+00:00\" \/>\n<meta name=\"twitter:card\" content=\"summary_large_image\" \/>\n<meta name=\"twitter:label1\" content=\"Gesch\u00e4tzte Lesezeit\" \/>\n\t<meta name=\"twitter:data1\" content=\"3\u00a0Minuten\" \/>\n<script type=\"application\/ld+json\" class=\"yoast-schema-graph\">{\"@context\":\"https:\\\/\\\/schema.org\",\"@graph\":[{\"@type\":\"WebPage\",\"@id\":\"https:\\\/\\\/www.allgeier.com\\\/de\\\/pressroom\\\/press-releases\\\/allgeier-holding-se-www-allgeier-com-nach-relaunch-noch-aktueller-informativer-und-kundenfreundlicher\\\/\",\"url\":\"https:\\\/\\\/www.allgeier.com\\\/de\\\/pressroom\\\/press-releases\\\/allgeier-holding-se-www-allgeier-com-nach-relaunch-noch-aktueller-informativer-und-kundenfreundlicher\\\/\",\"name\":\"Allgeier Holding SE: www.allgeier.com nach Relaunch noch aktueller, informativer und kundenfreundlicher - Allgeier SE\",\"isPartOf\":{\"@id\":\"https:\\\/\\\/www.allgeier.com\\\/de\\\/#website\"},\"datePublished\":\"2012-06-14T14:15:42+00:00\",\"dateModified\":\"2025-02-05T18:36:50+00:00\",\"breadcrumb\":{\"@id\":\"https:\\\/\\\/www.allgeier.com\\\/de\\\/pressroom\\\/press-releases\\\/allgeier-holding-se-www-allgeier-com-nach-relaunch-noch-aktueller-informativer-und-kundenfreundlicher\\\/#breadcrumb\"},\"inLanguage\":\"de\",\"potentialAction\":[{\"@type\":\"ReadAction\",\"target\":[\"https:\\\/\\\/www.allgeier.com\\\/de\\\/pressroom\\\/press-releases\\\/allgeier-holding-se-www-allgeier-com-nach-relaunch-noch-aktueller-informativer-und-kundenfreundlicher\\\/\"]}]},{\"@type\":\"BreadcrumbList\",\"@id\":\"https:\\\/\\\/www.allgeier.com\\\/de\\\/pressroom\\\/press-releases\\\/allgeier-holding-se-www-allgeier-com-nach-relaunch-noch-aktueller-informativer-und-kundenfreundlicher\\\/#breadcrumb\",\"itemListElement\":[{\"@type\":\"ListItem\",\"position\":1,\"name\":\"Home\",\"item\":\"https:\\\/\\\/www.allgeier.com\\\/de\\\/\"},{\"@type\":\"ListItem\",\"position\":2,\"name\":\"Presse\",\"item\":\"https:\\\/\\\/www.allgeier.com\\\/de\\\/pressroom\\\/\"},{\"@type\":\"ListItem\",\"position\":3,\"name\":\"Pressemitteilungen\",\"item\":\"https:\\\/\\\/www.allgeier.com\\\/de\\\/pressroom\\\/press-releases\\\/\"},{\"@type\":\"ListItem\",\"position\":4,\"name\":\"Allgeier Holding SE: www.allgeier.com nach Relaunch noch aktueller, informativer und kundenfreundlicher\"}]},{\"@type\":\"WebSite\",\"@id\":\"https:\\\/\\\/www.allgeier.com\\\/de\\\/#website\",\"url\":\"https:\\\/\\\/www.allgeier.com\\\/de\\\/\",\"name\":\"Allgeier SE\",\"description\":\"Software &amp; IT Services for digital transformation\",\"potentialAction\":[{\"@type\":\"SearchAction\",\"target\":{\"@type\":\"EntryPoint\",\"urlTemplate\":\"https:\\\/\\\/www.allgeier.com\\\/de\\\/?s={search_term_string}\"},\"query-input\":{\"@type\":\"PropertyValueSpecification\",\"valueRequired\":true,\"valueName\":\"search_term_string\"}}],\"inLanguage\":\"de\"}]}<\/script>\n<!-- \/ Yoast SEO plugin. -->","yoast_head_json":{"title":"Allgeier Holding SE: www.allgeier.com nach Relaunch noch aktueller, informativer und kundenfreundlicher - Allgeier SE","robots":{"index":"index","follow":"follow","max-snippet":"max-snippet:-1","max-image-preview":"max-image-preview:large","max-video-preview":"max-video-preview:-1"},"canonical":"https:\/\/www.allgeier.com\/de\/pressroom\/press-releases\/allgeier-holding-se-www-allgeier-com-nach-relaunch-noch-aktueller-informativer-und-kundenfreundlicher\/","og_locale":"de_DE","og_type":"article","og_title":"Allgeier Holding SE: www.allgeier.com nach Relaunch noch aktueller, informativer und kundenfreundlicher - Allgeier SE","og_description":"ALLGEIER HOLDING SE \/ Schlagwort(e): Sonstiges 14.06.2012 \/ 16:15 Allgeier Holding SE: www.allgeier.com nach Relaunch noch aktueller, informativer und kundenfreundlicher M\u00fcnchen, 14.06.2012 - Die Allgeier Holding SE (WKN 508630 \/ ISIN DE0005086300) hat einen Relaunch ihrer Internetpr\u00e4senz","og_url":"https:\/\/www.allgeier.com\/de\/pressroom\/press-releases\/allgeier-holding-se-www-allgeier-com-nach-relaunch-noch-aktueller-informativer-und-kundenfreundlicher\/","og_site_name":"Allgeier SE","article_modified_time":"2025-02-05T18:36:50+00:00","twitter_card":"summary_large_image","twitter_misc":{"Gesch\u00e4tzte Lesezeit":"3\u00a0Minuten"},"schema":{"@context":"https:\/\/schema.org","@graph":[{"@type":"WebPage","@id":"https:\/\/www.allgeier.com\/de\/pressroom\/press-releases\/allgeier-holding-se-www-allgeier-com-nach-relaunch-noch-aktueller-informativer-und-kundenfreundlicher\/","url":"https:\/\/www.allgeier.com\/de\/pressroom\/press-releases\/allgeier-holding-se-www-allgeier-com-nach-relaunch-noch-aktueller-informativer-und-kundenfreundlicher\/","name":"Allgeier Holding SE: www.allgeier.com nach Relaunch noch aktueller, informativer und kundenfreundlicher - Allgeier SE","isPartOf":{"@id":"https:\/\/www.allgeier.com\/de\/#website"},"datePublished":"2012-06-14T14:15:42+00:00","dateModified":"2025-02-05T18:36:50+00:00","breadcrumb":{"@id":"https:\/\/www.allgeier.com\/de\/pressroom\/press-releases\/allgeier-holding-se-www-allgeier-com-nach-relaunch-noch-aktueller-informativer-und-kundenfreundlicher\/#breadcrumb"},"inLanguage":"de","potentialAction":[{"@type":"ReadAction","target":["https:\/\/www.allgeier.com\/de\/pressroom\/press-releases\/allgeier-holding-se-www-allgeier-com-nach-relaunch-noch-aktueller-informativer-und-kundenfreundlicher\/"]}]},{"@type":"BreadcrumbList","@id":"https:\/\/www.allgeier.com\/de\/pressroom\/press-releases\/allgeier-holding-se-www-allgeier-com-nach-relaunch-noch-aktueller-informativer-und-kundenfreundlicher\/#breadcrumb","itemListElement":[{"@type":"ListItem","position":1,"name":"Home","item":"https:\/\/www.allgeier.com\/de\/"},{"@type":"ListItem","position":2,"name":"Presse","item":"https:\/\/www.allgeier.com\/de\/pressroom\/"},{"@type":"ListItem","position":3,"name":"Pressemitteilungen","item":"https:\/\/www.allgeier.com\/de\/pressroom\/press-releases\/"},{"@type":"ListItem","position":4,"name":"Allgeier Holding SE: www.allgeier.com nach Relaunch noch aktueller, informativer und kundenfreundlicher"}]},{"@type":"WebSite","@id":"https:\/\/www.allgeier.com\/de\/#website","url":"https:\/\/www.allgeier.com\/de\/","name":"Allgeier SE","description":"Software &amp; IT Services for digital transformation","potentialAction":[{"@type":"SearchAction","target":{"@type":"EntryPoint","urlTemplate":"https:\/\/www.allgeier.com\/de\/?s={search_term_string}"},"query-input":{"@type":"PropertyValueSpecification","valueRequired":true,"valueName":"search_term_string"}}],"inLanguage":"de"}]}},"_links":{"self":[{"href":"https:\/\/www.allgeier.com\/de\/wp-json\/wp\/v2\/pages\/5250","targetHints":{"allow":["GET"]}}],"collection":[{"href":"https:\/\/www.allgeier.com\/de\/wp-json\/wp\/v2\/pages"}],"about":[{"href":"https:\/\/www.allgeier.com\/de\/wp-json\/wp\/v2\/types\/page"}],"author":[{"embeddable":true,"href":"https:\/\/www.allgeier.com\/de\/wp-json\/wp\/v2\/users\/4"}],"replies":[{"embeddable":true,"href":"https:\/\/www.allgeier.com\/de\/wp-json\/wp\/v2\/comments?post=5250"}],"version-history":[{"count":1,"href":"https:\/\/www.allgeier.com\/de\/wp-json\/wp\/v2\/pages\/5250\/revisions"}],"predecessor-version":[{"id":5251,"href":"https:\/\/www.allgeier.com\/de\/wp-json\/wp\/v2\/pages\/5250\/revisions\/5251"}],"up":[{"embeddable":true,"href":"https:\/\/www.allgeier.com\/de\/wp-json\/wp\/v2\/pages\/1169"}],"wp:attachment":[{"href":"https:\/\/www.allgeier.com\/de\/wp-json\/wp\/v2\/media?parent=5250"}],"wp:term":[{"taxonomy":"category","embeddable":true,"href":"https:\/\/www.allgeier.com\/de\/wp-json\/wp\/v2\/categories?post=5250"},{"taxonomy":"post_tag","embeddable":true,"href":"https:\/\/www.allgeier.com\/de\/wp-json\/wp\/v2\/tags?post=5250"}],"curies":[{"name":"wp","href":"https:\/\/api.w.org\/{rel}","templated":true}]}}