{"id":5256,"date":"2021-06-30T11:14:11","date_gmt":"2021-06-30T11:14:11","guid":{"rendered":"https:\/\/www.allgeier.com\/de\/?page_id=5256"},"modified":"2025-02-05T18:36:51","modified_gmt":"2025-02-05T18:36:51","slug":"allgeier-se-it-und-software-services-gruppe-schaerft-mit-der-akquisition-der-it-novum-gmbh-ihr-profil-fuer-open-source-softwareloesungen","status":"publish","type":"page","link":"https:\/\/www.allgeier.com\/de\/pressroom\/press-releases\/allgeier-se-it-und-software-services-gruppe-schaerft-mit-der-akquisition-der-it-novum-gmbh-ihr-profil-fuer-open-source-softwareloesungen\/","title":{"rendered":"Allgeier SE: IT- und Software-Services-Gruppe sch\u00e4rft mit der Akquisition der it-novum GmbH ihr Profil f\u00fcr Open Source-Softwarel\u00f6sungen"},"content":{"rendered":"<table class=\"news_layout style2015\" border=\"0\" cellpadding=\"0\" cellspacing=\"0\">\n<tr>\n<td>\n<p class=\"news_top\">DGAP-Media \/ <span class=\"news_top_date\">30.06.2021 \/ 13:14 <\/span><\/p>\n<div class=\"break-word  news_main\">\n<ul>\n<li style=\"margin-left: 40px\">Allgeier SE st\u00e4rkt mit der Akquisition der it-novum GmbH den Gesch\u00e4ftsbereich Enterprise IT<\/li>\n<li style=\"margin-left: 40px\">Mit der \u00dcbernahme gehen alle Mitarbeiter, L\u00f6sungen und Produkte von it-novum auf die Allgeier SE \u00fcber. Die Eigenst\u00e4ndigkeit von it-novum bleibt gewahrt<\/li>\n<\/ul>\n<p><b><em>M\u00fcnchen, 30. Juni 2021 &#8211; <\/em>Allgeier SE, eines der f\u00fchrenden Technologie-Unternehmen f\u00fcr digitale Transformation mit Sitz in M\u00fcnchen, \u00fcbernimmt den Business Open Source-Spezialisten it-novum GmbH von der KAP AG. Mit der Akquisition sch\u00e4rft die Allgeier Gruppe ihr Profil in den Feldern Open Source-basierte Softwarel\u00f6sungen und \u00d6ffentliche Auftraggeber weiter und treibt Innovationsthemen wie Smart City, IoT, digitale Prozesse und Robotic Process Automation voran.<\/b><\/p>\n<p>Michael Kienle, Gesch\u00e4ftsf\u00fchrer von it-novum, begr\u00fc\u00dft den Wechsel zur Allgeier Gruppe: &#8222;Ich freue mich sehr, dass wir unsere zukunftsweisenden L\u00f6sungen zuk\u00fcnftig unter dem Dach eines der Top IT-Dienstleister im deutschsprachigen Raum entwickeln d\u00fcrfen. Mit 20 Jahren Projekterfahrung im Business Open Source-Umfeld f\u00fcr Gro\u00dfkunden, die \u00f6ffentliche Hand und den gehobenen Mittelstand k\u00f6nnen wir zukunftstr\u00e4chtiges und wertsch\u00f6pfendes Technologie-Know-how in den Unternehmensverbund einbringen. Das betrifft auch unsere Business-Expertise bei L\u00f6sungen wie Smart City, IoT oder digitalen Prozessen. Ich verspreche mir viel von dem Zugriff auf das Expertennetzwerk und das ausdifferenzierte IT- und Software-Services-Portfolio der Allgeier SE, weil wir dadurch eine noch bessere Wachstums- und Entwicklungsperspektive erhalten.&#8220;<\/p>\n<p>&#8222;Die Kombination aus innovativen Business Open Source-Technologien, attraktiven Kunden aus Public Sector und freier Wirtschaft und tiefgreifenden Prozesskenntnissen von L\u00f6sungen rund um wesentliche Innovations- und Wachstumsthemen hat uns sehr gereizt&#8220;, sagt Hubert Rohrer, Vorstand der Allgeier SE. &#8222;Unser Ziel ist es, f\u00fcr unsere \u00fcber 2.000 Kunden moderne, datengetriebene Digitalisierungsthemen anzubieten, um dem hohen Bedarf nach L\u00f6sungen zur digitalen Transformation noch besser zu begegnen. Daf\u00fcr sind die Produkte und Leistungen von it-novum eine perfekte Erweiterung unseres umfassenden IT-Dienstleistungs- und Softwareportfolios.&#8220;<\/p>\n<p><b>Keine \u00c4nderungen f\u00fcr Kunden<\/b><br \/>F\u00fcr die Kunden von it-novum \u00e4ndert sich durch die \u00dcbernahme nichts. &#8222;it-novum bleibt nach wie vor Ansprechpartner f\u00fcr Support- und Implementierungsfragen&#8220;, betont Michael Kienle. &#8222;Unsere Kunden werden aber durch die Einbettung in eine starken IT- und Software-Dienstleistungsgruppe von vielen zus\u00e4tzlichen Beratungsleistungen und Services profitieren. Der Zugriff auf die Experten von Allgeier SE erm\u00f6glicht es uns, zuk\u00fcnftig auch sehr spezielle und technische Kundenanforderungen optimal und nahezu vollst\u00e4ndig abzudecken.&#8220;<\/p>\n<p>Die Allgeier Enterprise IT ist ein Konzernsegment der Allgeier SE. Das Portfolio der Allgeier Enterprise IT umfasst das Gesamtspektrum an IT-L\u00f6sungen und -Services f\u00fcr gesch\u00e4ftsrelevante Prozesse in Unternehmen und dem Public Sector. Etablierte Business Software-Standardl\u00f6sungen sowie die langj\u00e4hrige Erfahrung in der Umsetzung von kundenindividuellen Softwareprojekten geh\u00f6ren zum umfassenden IT-Leistungsangebot, ebenso wie die Erbringung von kundenspezifischen Dienstleistungen und Managed Services-Leistungen.<\/p>\n<p>it-novum GmbH ist seit 2001 f\u00fcr innovative IT-L\u00f6sungen und Produkte bekannt, die auf Open Source-Technologien basieren. Die Monitoring-L\u00f6sung openITCOCKPIT ist seit 2005 auf dem Markt und wurde im vergangenen Jahr in der vollst\u00e4ndig \u00fcberarbeiteten Version 4.0 herausgegeben. Auch das offene Storage Management-Tool openATTIC wurde von it-novum entwickelt und 2016 von SUSE gekauft. Daneben hat it-novum eine Reihe innovativer Datenkonnektoren f\u00fcr SAP-Module und Datenplattformen wie Pentaho entwickelt. it-novum ist einer der f\u00fchrenden Beratungs- und Integrationspartner vieler offener Produkte und Technologien im deutschsprachigen Raum mit Niederlassungen in Deutschland, \u00d6sterreich und der Schweiz.<\/p>\n<p><b>\u00dcber Allgeier SE:<\/b><br \/>Allgeier SE ist eines der f\u00fchrenden Technologie-Unternehmen f\u00fcr digitale Transformation: Die stark wachsende Gruppe mit Hauptsitz in M\u00fcnchen f\u00fchrt ihre Kunden durch die Herausforderungen des digitalen Wandels, um deren zuk\u00fcnftigen Erfolg sicherzustellen. Allgeier verf\u00fcgt \u00fcber eine breite und stabile Kundenbasis aus global agierenden Konzernen, leistungsstarken mittelst\u00e4ndischen Unternehmen sowie Auftraggebern des \u00f6ffentlichen Sektors. Den \u00fcber 2.000 Kunden bietet Allgeier ein vollumf\u00e4ngliches IT- und Software-Services-Portfolio, das von High-End-Softwareentwicklung bis hin zu Business Efficiency Solutions zur Unterst\u00fctzung der Digitalisierung und Transformation gesch\u00e4ftskritischer Prozesse reicht. Allgeier erzielt dabei Durchbr\u00fcche hin zu neuen digitalen Gesch\u00e4ftsmodellen, definiert strategische Priorit\u00e4ten und realisiert mit hoher Flexibilit\u00e4t und Skalierbarkeit bahnbrechende Projekte, um agile und intelligente Organisationen f\u00fcr das digitale Zeitalter zu gestalten. In den Segmenten Enterprise IT und mgm technology partners sind rund 2.400 angestellte Mitarbeiter und \u00fcber 800 freiberufliche Experten in insgesamt 65 Niederlassungen in der DACH-Region, in Frankreich und der Tschechischen Republik sowie in den USA und in Vietnam t\u00e4tig. Im Gesch\u00e4ftsjahr 2020 erzielte Allgeier im fortgef\u00fchrten Gesch\u00e4ft einen Umsatz von 352 Mio. Euro. Gem\u00e4\u00df L\u00fcnendonk(R)-Liste 2021 z\u00e4hlt Allgeier zu den f\u00fchrenden IT-Beratungs- und Systemintegrations-Unternehmen in Deutschland. Allgeier SE ist am Regulierten Markt der Frankfurter Wertpapierb\u00f6rse im General Standard gelistet (WKN A2GS63, ISIN DE000A2GS633).<\/p>\n<p><b>\u00dcber it-novum<\/b><br \/>Die it-novum GmbH z\u00e4hlt zu den Vorreitern, wenn es um Business Open Source-L\u00f6sungen in gesch\u00e4ftsrelevanten und gesch\u00e4ftskritischen Einsatzfeldern geht. Der Schwerpunkt liegt auf der Kombination von innovativen Open Source Technologien mit einer fachlichen L\u00f6sungsorientierung rund um moderne Themen wie Digitalisierung, Big Data etc. Zudem ist it-novum einer der f\u00fchrenden Beratungs- und Integrationspartner vieler Open Source Produkte und Technologien im deutschsprachigen Raum mit Niederlassungen in Deutschland, \u00d6sterreich und der Schweiz. Sehr erfolgreiche Open Source-basierte L\u00f6sungen bietet it-novum in Bereichen wie Service Management (Umfassendes Monitoring mit der seit Jahren selbst entwickelten openITCOCKPIT Suite, Helpdesk- und Ticketsysteme auf Basis von OTRS, IT-Dokumentation auf Basis von i-doit), Content- und Dokumentenmanagement (Portale, Collaboration, Erfassung und Steuerung von Inhalten auf Basis von Alfresco, Ephesoft, Nuxeo, Liferay, UIPath) sowie Big Data Analytics (Reporting, Analyse, Datenintegration auf Basis von Pentaho, Jedox, Hadoop, Thingsboard, Confluent, Hop und viele mehr). 2001 als Tochter der KAP AG gegr\u00fcndet, besch\u00e4ftigt it-novum heute \u00fcber 85 Mitarbeiter an den Standorten Fulda, D\u00fcsseldorf, Dortmund und Wien. Im Februar 2018 wurde die Schweizer Niederlassung in Z\u00fcrich er\u00f6ffnet, im Juni 2021 wurde it-novum vom IT-Dienstleister Allgeier SE akquiriert.<\/p>\n<p><strong>Bildmaterial:<\/strong><br \/><img loading=\"lazy\" decoding=\"async\" alt=\"it-novum\" class=\"news-image\" data-image-name=\"it-novum.jpg\" data-image-size=\"15982\" height=\"146\" src=\"https:\/\/eqs-cockpit.com\/cgi-bin\/fncls.ssp?fn=download2_file&amp;code_str=7a38430177338e55934d5c856903a2f6\" width=\"500\" \/><\/p>\n<div class=\"news-image-title\" style=\"text-align:left\">it-novum GmbH wird Teil der Allgeier Gruppe<\/p>\n<p><img decoding=\"async\" alt=\"Die\" class=\"news-image\" data-image-name=\"Allgeier_Logo_Full_Color_With_Claim.jpg\" data-image-size=\"349324\" src=\"https:\/\/eqs-cockpit.com\/cgi-bin\/fncls.ssp?fn=download2_file&amp;code_str=0b444d524ab11814260b1c5b8c117874\" \/><\/p>\n<div class=\"news-image-title\" style=\"text-align:left\">Die Allgeier SE sch\u00e4rft mit der Akquisition ihr Profil f\u00fcr Open Source-Softwarel\u00f6sungen<\/div>\n<\/div>\n<p><b>Kontakt:<\/b><\/p>\n<p>Allgeier SE<br \/>Dr. Christopher Gro\u00dfe<br \/>Einsteinstra\u00dfe 172<br \/>81677 M\u00fcnchen<br \/>Tel.: +49 (0)89\/998421-0<br \/>Fax: +49 (0)89\/998421-11<br \/><a href=\"mailto:pr@allgeier.com\">pr@allgeier.com<\/a><br \/><a href=\"https:\/\/eqs-cockpit.com\/cgi-bin\/fncls.ssp?fn=redirect&amp;url=f7a71e6582574a658221d7c7e5016043&amp;application_id=1213842&amp;site_id=news_data&amp;application_name=news\" target=\"_blank\" rel=\"noopener\">www.allgeier.com<\/a><\/p>\n<p>Allgeier Enterprise IT<br \/>Cornelia Gutsche<br \/>Hans-Bredow-Str. 60<br \/>28307 Bremen<br \/>Tel: +49 421 43841 371<br \/><a href=\"mailto:presse@allgeier-it.de\" target=\"_blank\" rel=\"noopener\">presse@allgeier-it.de<\/a><br \/><a href=\"https:\/\/eqs-cockpit.com\/cgi-bin\/fncls.ssp?fn=redirect&amp;url=f7a71e6582574a658221d7c7e5016043&amp;application_id=1213842&amp;site_id=news_data&amp;application_name=news\" target=\"_blank\" rel=\"noopener\">www.allgeier.com<\/a><\/p>\n<p>it-novum GmbH<br \/>Ruth Heidingsfelder<br \/>Edelzeller Str. 44<br \/>36043 Fulda<br \/>Tel.: +49 (0)661-103-333<br \/>Fax: +49 (0)661-103-597<br \/><a href=\"mailto:ruth.heidingsfelder@it-novum.com\" target=\"_blank\" rel=\"noopener\">ruth.heidingsfelder@it-novum.com<\/a><br \/><a href=\"https:\/\/eqs-cockpit.com\/cgi-bin\/fncls.ssp?fn=redirect&amp;url=59ce12bcc012f168d583211c7c5ec5b5&amp;application_id=1213842&amp;site_id=news_data&amp;application_name=news\" target=\"_blank\" rel=\"noopener\">www.it-novum.com<\/a><\/p>\n<\/div>\n<p>Ende der Pressemitteilung<\/p>\n<hr \/>\n<p>Emittent\/Herausgeber: ALLGEIER SE<br \/>Schlagwort(e): Informationstechnologie<\/p>\n<hr \/>\n<\/td>\n<\/tr>\n<\/table>\n<p><\/p>\n","protected":false},"excerpt":{"rendered":"<p>DGAP-Media \/ 30.06.2021 \/ 13:14  Allgeier SE st\u00e4rkt mit der Akquisition der it-novum GmbH den Gesch\u00e4ftsbereich Enterprise IT Mit der \u00dcbernahme gehen alle Mitarbeiter, L\u00f6sungen und Produkte von it-novum auf die Allgeier SE \u00fcber. Die Eigenst\u00e4ndigkeit von it-novum bleibt gewahrtM\u00fcnchen, 30. Juni 2021 &#8211;<\/p>\n","protected":false},"author":4,"featured_media":0,"parent":1169,"menu_order":0,"comment_status":"close","ping_status":"closed","template":"","meta":{"_acf_changed":false,"footnotes":""},"categories":[7],"tags":[],"class_list":["post-5256","page","type-page","status-publish","hentry","category-pressemitteilungen"],"acf":[],"yoast_head":"<!-- This site is optimized with the Yoast SEO plugin v27.4 - https:\/\/yoast.com\/product\/yoast-seo-wordpress\/ -->\n<title>Allgeier SE: IT- und Software-Services-Gruppe sch\u00e4rft mit der Akquisition der it-novum GmbH ihr Profil f\u00fcr Open Source-Softwarel\u00f6sungen - Allgeier SE<\/title>\n<meta name=\"robots\" content=\"index, follow, max-snippet:-1, max-image-preview:large, max-video-preview:-1\" \/>\n<link rel=\"canonical\" href=\"https:\/\/www.allgeier.com\/de\/pressroom\/press-releases\/allgeier-se-it-und-software-services-gruppe-schaerft-mit-der-akquisition-der-it-novum-gmbh-ihr-profil-fuer-open-source-softwareloesungen\/\" \/>\n<meta property=\"og:locale\" content=\"de_DE\" \/>\n<meta property=\"og:type\" content=\"article\" \/>\n<meta property=\"og:title\" content=\"Allgeier SE: IT- und Software-Services-Gruppe sch\u00e4rft mit der Akquisition der it-novum GmbH ihr Profil f\u00fcr Open Source-Softwarel\u00f6sungen - Allgeier SE\" \/>\n<meta property=\"og:description\" content=\"DGAP-Media \/ 30.06.2021 \/ 13:14 Allgeier SE st\u00e4rkt mit der Akquisition der it-novum GmbH den Gesch\u00e4ftsbereich Enterprise IT Mit der \u00dcbernahme gehen alle Mitarbeiter, L\u00f6sungen und Produkte von it-novum auf die Allgeier SE \u00fcber. Die Eigenst\u00e4ndigkeit von it-novum bleibt gewahrtM\u00fcnchen, 30. Juni 2021 -\" \/>\n<meta property=\"og:url\" content=\"https:\/\/www.allgeier.com\/de\/pressroom\/press-releases\/allgeier-se-it-und-software-services-gruppe-schaerft-mit-der-akquisition-der-it-novum-gmbh-ihr-profil-fuer-open-source-softwareloesungen\/\" \/>\n<meta property=\"og:site_name\" content=\"Allgeier SE\" \/>\n<meta property=\"article:modified_time\" content=\"2025-02-05T18:36:51+00:00\" \/>\n<meta property=\"og:image\" content=\"https:\/\/eqs-cockpit.com\/cgi-bin\/fncls.ssp?fn=download2_file&amp;code_str=7a38430177338e55934d5c856903a2f6\" \/>\n<meta name=\"twitter:card\" content=\"summary_large_image\" \/>\n<meta name=\"twitter:label1\" content=\"Gesch\u00e4tzte Lesezeit\" \/>\n\t<meta name=\"twitter:data1\" content=\"5\u00a0Minuten\" \/>\n<script type=\"application\/ld+json\" class=\"yoast-schema-graph\">{\"@context\":\"https:\\\/\\\/schema.org\",\"@graph\":[{\"@type\":\"WebPage\",\"@id\":\"https:\\\/\\\/www.allgeier.com\\\/de\\\/pressroom\\\/press-releases\\\/allgeier-se-it-und-software-services-gruppe-schaerft-mit-der-akquisition-der-it-novum-gmbh-ihr-profil-fuer-open-source-softwareloesungen\\\/\",\"url\":\"https:\\\/\\\/www.allgeier.com\\\/de\\\/pressroom\\\/press-releases\\\/allgeier-se-it-und-software-services-gruppe-schaerft-mit-der-akquisition-der-it-novum-gmbh-ihr-profil-fuer-open-source-softwareloesungen\\\/\",\"name\":\"Allgeier SE: IT- und Software-Services-Gruppe sch\u00e4rft mit der Akquisition der it-novum GmbH ihr Profil f\u00fcr Open Source-Softwarel\u00f6sungen - Allgeier SE\",\"isPartOf\":{\"@id\":\"https:\\\/\\\/www.allgeier.com\\\/de\\\/#website\"},\"primaryImageOfPage\":{\"@id\":\"https:\\\/\\\/www.allgeier.com\\\/de\\\/pressroom\\\/press-releases\\\/allgeier-se-it-und-software-services-gruppe-schaerft-mit-der-akquisition-der-it-novum-gmbh-ihr-profil-fuer-open-source-softwareloesungen\\\/#primaryimage\"},\"image\":{\"@id\":\"https:\\\/\\\/www.allgeier.com\\\/de\\\/pressroom\\\/press-releases\\\/allgeier-se-it-und-software-services-gruppe-schaerft-mit-der-akquisition-der-it-novum-gmbh-ihr-profil-fuer-open-source-softwareloesungen\\\/#primaryimage\"},\"thumbnailUrl\":\"https:\\\/\\\/eqs-cockpit.com\\\/cgi-bin\\\/fncls.ssp?fn=download2_file&amp;code_str=7a38430177338e55934d5c856903a2f6\",\"datePublished\":\"2021-06-30T11:14:11+00:00\",\"dateModified\":\"2025-02-05T18:36:51+00:00\",\"breadcrumb\":{\"@id\":\"https:\\\/\\\/www.allgeier.com\\\/de\\\/pressroom\\\/press-releases\\\/allgeier-se-it-und-software-services-gruppe-schaerft-mit-der-akquisition-der-it-novum-gmbh-ihr-profil-fuer-open-source-softwareloesungen\\\/#breadcrumb\"},\"inLanguage\":\"de\",\"potentialAction\":[{\"@type\":\"ReadAction\",\"target\":[\"https:\\\/\\\/www.allgeier.com\\\/de\\\/pressroom\\\/press-releases\\\/allgeier-se-it-und-software-services-gruppe-schaerft-mit-der-akquisition-der-it-novum-gmbh-ihr-profil-fuer-open-source-softwareloesungen\\\/\"]}]},{\"@type\":\"ImageObject\",\"inLanguage\":\"de\",\"@id\":\"https:\\\/\\\/www.allgeier.com\\\/de\\\/pressroom\\\/press-releases\\\/allgeier-se-it-und-software-services-gruppe-schaerft-mit-der-akquisition-der-it-novum-gmbh-ihr-profil-fuer-open-source-softwareloesungen\\\/#primaryimage\",\"url\":\"https:\\\/\\\/eqs-cockpit.com\\\/cgi-bin\\\/fncls.ssp?fn=download2_file&amp;code_str=7a38430177338e55934d5c856903a2f6\",\"contentUrl\":\"https:\\\/\\\/eqs-cockpit.com\\\/cgi-bin\\\/fncls.ssp?fn=download2_file&amp;code_str=7a38430177338e55934d5c856903a2f6\"},{\"@type\":\"BreadcrumbList\",\"@id\":\"https:\\\/\\\/www.allgeier.com\\\/de\\\/pressroom\\\/press-releases\\\/allgeier-se-it-und-software-services-gruppe-schaerft-mit-der-akquisition-der-it-novum-gmbh-ihr-profil-fuer-open-source-softwareloesungen\\\/#breadcrumb\",\"itemListElement\":[{\"@type\":\"ListItem\",\"position\":1,\"name\":\"Home\",\"item\":\"https:\\\/\\\/www.allgeier.com\\\/de\\\/\"},{\"@type\":\"ListItem\",\"position\":2,\"name\":\"Presse\",\"item\":\"https:\\\/\\\/www.allgeier.com\\\/de\\\/pressroom\\\/\"},{\"@type\":\"ListItem\",\"position\":3,\"name\":\"Pressemitteilungen\",\"item\":\"https:\\\/\\\/www.allgeier.com\\\/de\\\/pressroom\\\/press-releases\\\/\"},{\"@type\":\"ListItem\",\"position\":4,\"name\":\"Allgeier SE: IT- und Software-Services-Gruppe sch\u00e4rft mit der Akquisition der it-novum GmbH ihr Profil f\u00fcr Open Source-Softwarel\u00f6sungen\"}]},{\"@type\":\"WebSite\",\"@id\":\"https:\\\/\\\/www.allgeier.com\\\/de\\\/#website\",\"url\":\"https:\\\/\\\/www.allgeier.com\\\/de\\\/\",\"name\":\"Allgeier SE\",\"description\":\"Software &amp; IT Services for digital transformation\",\"potentialAction\":[{\"@type\":\"SearchAction\",\"target\":{\"@type\":\"EntryPoint\",\"urlTemplate\":\"https:\\\/\\\/www.allgeier.com\\\/de\\\/?s={search_term_string}\"},\"query-input\":{\"@type\":\"PropertyValueSpecification\",\"valueRequired\":true,\"valueName\":\"search_term_string\"}}],\"inLanguage\":\"de\"}]}<\/script>\n<!-- \/ Yoast SEO plugin. -->","yoast_head_json":{"title":"Allgeier SE: IT- und Software-Services-Gruppe sch\u00e4rft mit der Akquisition der it-novum GmbH ihr Profil f\u00fcr Open Source-Softwarel\u00f6sungen - Allgeier SE","robots":{"index":"index","follow":"follow","max-snippet":"max-snippet:-1","max-image-preview":"max-image-preview:large","max-video-preview":"max-video-preview:-1"},"canonical":"https:\/\/www.allgeier.com\/de\/pressroom\/press-releases\/allgeier-se-it-und-software-services-gruppe-schaerft-mit-der-akquisition-der-it-novum-gmbh-ihr-profil-fuer-open-source-softwareloesungen\/","og_locale":"de_DE","og_type":"article","og_title":"Allgeier SE: IT- und Software-Services-Gruppe sch\u00e4rft mit der Akquisition der it-novum GmbH ihr Profil f\u00fcr Open Source-Softwarel\u00f6sungen - Allgeier SE","og_description":"DGAP-Media \/ 30.06.2021 \/ 13:14 Allgeier SE st\u00e4rkt mit der Akquisition der it-novum GmbH den Gesch\u00e4ftsbereich Enterprise IT Mit der \u00dcbernahme gehen alle Mitarbeiter, L\u00f6sungen und Produkte von it-novum auf die Allgeier SE \u00fcber. Die Eigenst\u00e4ndigkeit von it-novum bleibt gewahrtM\u00fcnchen, 30. Juni 2021 -","og_url":"https:\/\/www.allgeier.com\/de\/pressroom\/press-releases\/allgeier-se-it-und-software-services-gruppe-schaerft-mit-der-akquisition-der-it-novum-gmbh-ihr-profil-fuer-open-source-softwareloesungen\/","og_site_name":"Allgeier SE","article_modified_time":"2025-02-05T18:36:51+00:00","og_image":[{"url":"https:\/\/eqs-cockpit.com\/cgi-bin\/fncls.ssp?fn=download2_file&amp;code_str=7a38430177338e55934d5c856903a2f6","type":"","width":"","height":""}],"twitter_card":"summary_large_image","twitter_misc":{"Gesch\u00e4tzte Lesezeit":"5\u00a0Minuten"},"schema":{"@context":"https:\/\/schema.org","@graph":[{"@type":"WebPage","@id":"https:\/\/www.allgeier.com\/de\/pressroom\/press-releases\/allgeier-se-it-und-software-services-gruppe-schaerft-mit-der-akquisition-der-it-novum-gmbh-ihr-profil-fuer-open-source-softwareloesungen\/","url":"https:\/\/www.allgeier.com\/de\/pressroom\/press-releases\/allgeier-se-it-und-software-services-gruppe-schaerft-mit-der-akquisition-der-it-novum-gmbh-ihr-profil-fuer-open-source-softwareloesungen\/","name":"Allgeier SE: IT- und Software-Services-Gruppe sch\u00e4rft mit der Akquisition der it-novum GmbH ihr Profil f\u00fcr Open Source-Softwarel\u00f6sungen - Allgeier SE","isPartOf":{"@id":"https:\/\/www.allgeier.com\/de\/#website"},"primaryImageOfPage":{"@id":"https:\/\/www.allgeier.com\/de\/pressroom\/press-releases\/allgeier-se-it-und-software-services-gruppe-schaerft-mit-der-akquisition-der-it-novum-gmbh-ihr-profil-fuer-open-source-softwareloesungen\/#primaryimage"},"image":{"@id":"https:\/\/www.allgeier.com\/de\/pressroom\/press-releases\/allgeier-se-it-und-software-services-gruppe-schaerft-mit-der-akquisition-der-it-novum-gmbh-ihr-profil-fuer-open-source-softwareloesungen\/#primaryimage"},"thumbnailUrl":"https:\/\/eqs-cockpit.com\/cgi-bin\/fncls.ssp?fn=download2_file&amp;code_str=7a38430177338e55934d5c856903a2f6","datePublished":"2021-06-30T11:14:11+00:00","dateModified":"2025-02-05T18:36:51+00:00","breadcrumb":{"@id":"https:\/\/www.allgeier.com\/de\/pressroom\/press-releases\/allgeier-se-it-und-software-services-gruppe-schaerft-mit-der-akquisition-der-it-novum-gmbh-ihr-profil-fuer-open-source-softwareloesungen\/#breadcrumb"},"inLanguage":"de","potentialAction":[{"@type":"ReadAction","target":["https:\/\/www.allgeier.com\/de\/pressroom\/press-releases\/allgeier-se-it-und-software-services-gruppe-schaerft-mit-der-akquisition-der-it-novum-gmbh-ihr-profil-fuer-open-source-softwareloesungen\/"]}]},{"@type":"ImageObject","inLanguage":"de","@id":"https:\/\/www.allgeier.com\/de\/pressroom\/press-releases\/allgeier-se-it-und-software-services-gruppe-schaerft-mit-der-akquisition-der-it-novum-gmbh-ihr-profil-fuer-open-source-softwareloesungen\/#primaryimage","url":"https:\/\/eqs-cockpit.com\/cgi-bin\/fncls.ssp?fn=download2_file&amp;code_str=7a38430177338e55934d5c856903a2f6","contentUrl":"https:\/\/eqs-cockpit.com\/cgi-bin\/fncls.ssp?fn=download2_file&amp;code_str=7a38430177338e55934d5c856903a2f6"},{"@type":"BreadcrumbList","@id":"https:\/\/www.allgeier.com\/de\/pressroom\/press-releases\/allgeier-se-it-und-software-services-gruppe-schaerft-mit-der-akquisition-der-it-novum-gmbh-ihr-profil-fuer-open-source-softwareloesungen\/#breadcrumb","itemListElement":[{"@type":"ListItem","position":1,"name":"Home","item":"https:\/\/www.allgeier.com\/de\/"},{"@type":"ListItem","position":2,"name":"Presse","item":"https:\/\/www.allgeier.com\/de\/pressroom\/"},{"@type":"ListItem","position":3,"name":"Pressemitteilungen","item":"https:\/\/www.allgeier.com\/de\/pressroom\/press-releases\/"},{"@type":"ListItem","position":4,"name":"Allgeier SE: IT- und Software-Services-Gruppe sch\u00e4rft mit der Akquisition der it-novum GmbH ihr Profil f\u00fcr Open Source-Softwarel\u00f6sungen"}]},{"@type":"WebSite","@id":"https:\/\/www.allgeier.com\/de\/#website","url":"https:\/\/www.allgeier.com\/de\/","name":"Allgeier SE","description":"Software &amp; IT Services for digital transformation","potentialAction":[{"@type":"SearchAction","target":{"@type":"EntryPoint","urlTemplate":"https:\/\/www.allgeier.com\/de\/?s={search_term_string}"},"query-input":{"@type":"PropertyValueSpecification","valueRequired":true,"valueName":"search_term_string"}}],"inLanguage":"de"}]}},"_links":{"self":[{"href":"https:\/\/www.allgeier.com\/de\/wp-json\/wp\/v2\/pages\/5256","targetHints":{"allow":["GET"]}}],"collection":[{"href":"https:\/\/www.allgeier.com\/de\/wp-json\/wp\/v2\/pages"}],"about":[{"href":"https:\/\/www.allgeier.com\/de\/wp-json\/wp\/v2\/types\/page"}],"author":[{"embeddable":true,"href":"https:\/\/www.allgeier.com\/de\/wp-json\/wp\/v2\/users\/4"}],"replies":[{"embeddable":true,"href":"https:\/\/www.allgeier.com\/de\/wp-json\/wp\/v2\/comments?post=5256"}],"version-history":[{"count":1,"href":"https:\/\/www.allgeier.com\/de\/wp-json\/wp\/v2\/pages\/5256\/revisions"}],"predecessor-version":[{"id":5257,"href":"https:\/\/www.allgeier.com\/de\/wp-json\/wp\/v2\/pages\/5256\/revisions\/5257"}],"up":[{"embeddable":true,"href":"https:\/\/www.allgeier.com\/de\/wp-json\/wp\/v2\/pages\/1169"}],"wp:attachment":[{"href":"https:\/\/www.allgeier.com\/de\/wp-json\/wp\/v2\/media?parent=5256"}],"wp:term":[{"taxonomy":"category","embeddable":true,"href":"https:\/\/www.allgeier.com\/de\/wp-json\/wp\/v2\/categories?post=5256"},{"taxonomy":"post_tag","embeddable":true,"href":"https:\/\/www.allgeier.com\/de\/wp-json\/wp\/v2\/tags?post=5256"}],"curies":[{"name":"wp","href":"https:\/\/api.w.org\/{rel}","templated":true}]}}