{"id":5266,"date":"2014-05-19T12:56:53","date_gmt":"2014-05-19T12:56:53","guid":{"rendered":"https:\/\/www.allgeier.com\/de\/?page_id=5266"},"modified":"2025-02-05T18:36:51","modified_gmt":"2025-02-05T18:36:51","slug":"allgeier-se-allgeier-companies-laufen-fuer-den-guten-zweck-durch-deutschland","status":"publish","type":"page","link":"https:\/\/www.allgeier.com\/de\/pressroom\/press-releases\/allgeier-se-allgeier-companies-laufen-fuer-den-guten-zweck-durch-deutschland\/","title":{"rendered":"Allgeier SE: Allgeier Companies laufen f\u00fcr den guten Zweck durch Deutschland"},"content":{"rendered":"<table class=\"news_layout\" border=\"0\" cellpadding=\"0\" cellspacing=\"0\">\n<tr>\n<td><\/p>\n<p>(DGAP-Media \/ 19.05.2014 \/ 14:56)<\/p>\n<div class=\"break-word\">\n<p><i>M\u00fcnchen, 19.05.2014 &#8211;<\/i> <b>Es ist endlich wieder soweit: Zum wiederholten Male findet bundesweit die B2RUN Firmenlaufmeisterschaft statt. In insgesamt 11 St\u00e4dten k\u00f6nnen sich laufbegeisterte Unternehmen f\u00fcr den guten Zweck unter Beweis stellen und dabei Geld f\u00fcr die Stiftung &#8222;RTL &#8211; Wir helfen Kindern&#8220; sammeln. Erstmalig in diesem Jahr nehmen zahlreiche Unternehmen der Allgeier Gruppe aus Standorten in ganz Deutschland unter dem Motto &#8222;Work together &#8211; Run together&#8220; als gemeinsames Team teil.<\/b><\/p>\n<p>Der B2RUN ist die gr\u00f6\u00dfte Firmenlaufmeisterschaft Deutschlands. Seit dem ersten Lauf in M\u00fcnchen vor zehn Jahren erstreckt sie sich mittlerweile auf 11 Gro\u00dfst\u00e4dte, in denen sich rund 100.000 Teilnehmer aus 5.000 Unternehmen und Institutionen f\u00fcr das gro\u00dfe Finale in Berlin qualifizieren k\u00f6nnen. Alle L\u00e4ufe haben eine Streckenl\u00e4nge von etwa 6,4 km und enden mit dem Zieleinlauf in Deutschlands gr\u00f6\u00dften Stadien.<\/p>\n<p>Die laufbegeisterten Tochterunternehmen der Allgeier SE werden in diesem Jahr als ein gro\u00dfes Team gemeinsam \u00fcber insgesamt sechs Standorte hinweg an den Start gehen. Den Anfang machen die BSH IT Solutions und die Allgeier IT Solutions am 05. Juni in Bremen. Danach wird der Staffelstab an die Schwesterunternehmen innocate solutions und Goetzfried AG f\u00fcr die L\u00e4ufe in D\u00fcsseldorf, Hamburg und Frankfurt \u00fcbergeben. Der gr\u00f6\u00dfte Teil des Allgeier Company Teams wird am 15. Juli in M\u00fcnchen laufen, vertreten durch Xiopia, WK EDV, SOFTCON AG, TOPjects, TECOPS und das Mutterunternehmen Allgeier SE. Der Abschluss der findet am 03. September mit weiteren L\u00e4ufern der Goetzfried AG in Berlin statt.<\/p>\n<p>Neben dem Ansporn, f\u00fcr einen guten Zweck an den Start zu gehen und die eigene Gesundheit und gleichzeitig den Teamgeist zu f\u00f6rdern, unterst\u00fctzt die Allgeier SE die Stiftung &#8222;RTL &#8211; Wir helfen Kindern&#8220; zus\u00e4tzlich mit einer Spende \u00fcber 1 Euro je B2RUN-Kilometer, der von den Mitgliedern des Allgeier Company Teams gelaufen wird.<\/p>\n<p><b>Das Allgeier Company Team stellt sich vor:<\/b><\/p>\n<p>Die b\u00f6rsennotierte <b>Allgeier SE<\/b> ist eines der f\u00fchrenden IT-Unternehmen im deutschsprachigen Raum. Allgeier besch\u00e4ftigt \u00fcber 6.000 Mitarbeiter an mehr als 100 Standorten in 16 L\u00e4ndern. <a href=\"http:\/\/www.allgeier.com\/\" target=\"_blank\" rel=\"noopener\">www.allgeier.com<\/a><\/p>\n<p>Die <b>Allgeier IT Solutions<\/b> setzt ihren Schwerpunkt als Tochter der Allgeier SE auf die Entwicklung und Vermarktung ganzheitlicher L\u00f6sungen und Services in den Bereichen ECM, ERP, Inputmanagement, Security sowie Business Services. <a href=\"http:\/\/www.allgeier-it.de\/\" target=\"_blank\" rel=\"noopener\">www.allgeier-it.de<\/a><\/p>\n<p>Die <b>BSH IT Solutions <\/b>hat sich als herstellerunabh\u00e4ngiger L\u00f6sungsanbieter auf den IT-Infrastrukturbereich fokussiert. Wichtige Gesch\u00e4ftsfelder sind die Virtualisierung, Archivierung und das Clientmanagement. <a href=\"http:\/\/www.bsh-it.de\/\" target=\"_blank\" rel=\"noopener\">www.bsh-it.de<\/a><\/p>\n<p>Die <b>Goetzfried AG<\/b> geh\u00f6rt zu den f\u00fchrenden IT- und Personaldienstleistern in Deutschland. Das Leistungsspektrum umfasst die Rekrutierung, Vermittlung und das Management von IT-Experten und Ingenieuren, die Realisierung von Engineering-Projekten, die Planung und Umsetzung von IT-Infrastrukturl\u00f6sungen sowie die Konzeption und Entwicklung von Software. <a href=\"http:\/\/www.goetzfried-ag.com\/\" target=\"_blank\" rel=\"noopener\">www.goetzfried-ag.com<\/a><\/p>\n<p><b>innocate solutions<\/b> (seit 2014 im Verbund) ist strategischer Dienstleister der Allgeier Gruppe f\u00fcr Kommunikations- und Produktivit\u00e4tsl\u00f6sungen auf der Basis von Microsoft Technologien und begleitet seine Kunden auch in den Themen Projekt- und Anforderungsmanagement. <a href=\"http:\/\/www.innocate.de\/\" target=\"_blank\" rel=\"noopener\">www.innocate.de<\/a><\/p>\n<p>Die <b>SOFTCON AG<\/b> ist auf Entwicklung, Test, Implementierung, Wartung und Management komplexer unternehmenskritischer Software spezialisiert. Die Bereiche SAP ERP, AMS, SharePoint und mobile L\u00f6sungen f\u00fcr unterschiedlichste Anwendungsbereiche stehen hierbei im Vordergrund. Mit ihrer 30j\u00e4hrigen Marktpr\u00e4senz z\u00e4hlt SOFTCON zu den etablierten IT-Dienstleistern in Deutschland. <a href=\"http:\/\/www.softcon.de\/\" target=\"_blank\" rel=\"noopener\">www.softcon.de<\/a><\/p>\n<p>Der Personaldienstleister <b>TECOPS<\/b> ist seit 2012 Teil der Gruppe. Das Unternehmen ist auf die \u00dcberlassung und Vermittlung von IT- und kaufm\u00e4nnischen Fachkr\u00e4ften, IT-Experten, IT Interim- und Projektmanager spezialisiert und realisiert individuelle Personalmodelle. <a href=\"http:\/\/www.tecops.de\/\" target=\"_blank\" rel=\"noopener\">www.tecops.de<\/a><\/p>\n<p><b>TOPjects<\/b> ist seit 2008 Teil der Gruppe und unterst\u00fctzt Unternehmen als IT-Personaldienstleister in allen Bereichen der Softwareentwicklung und des Services rund um Applikations- und Betriebsthemen sowie f\u00fcr das Third-Party-Management. <a href=\"http:\/\/www.topjects.de\/\" target=\"_blank\" rel=\"noopener\">www.topjects.de<\/a><\/p>\n<p>Die <b>WK EDV<\/b> (seit Ende 2013 Teil der Gruppe) ist auf individuelle Softwarel\u00f6sungen, Projektmanagement und Managed IT Services f\u00fcr mittlere und gro\u00dfe Unternehmen spezialisiert. <a href=\"http:\/\/www.wk-edv.de\/\" target=\"_blank\" rel=\"noopener\">www.wk-edv.de<\/a><\/p>\n<p>Die <b>Xiopia GmbH<\/b> entstand 2010 aus den Allgeier-Tochtergesellschaften GFU Kiefer + Partner und Ixtra AG und etablierte sich mit vereinten Kr\u00e4ften erfolgreich im deutschen IT-Dienstleistungsmarkt f\u00fcr Software- und Infrastruktur-L\u00f6sungen. <a href=\"http:\/\/www.xiopia.com\/\" target=\"_blank\" rel=\"noopener\">www.xiopia.com<\/a><\/p>\n<p>Kontakt:<\/p>\n<p>Allgeier SE<br \/>Corporate Communications &amp; Investor Relations<br \/>Dr. Christopher Gro\u00dfe<br \/>Wehrlestra\u00dfe 12<br \/>81679 M\u00fcnchen<br \/>Tel.: +49 (0)89\/998421-0<br \/>Fax: +49 (0)89\/998421-11<br \/>E-Mail: pr@allgeier.com<br \/>Web: <a href=\"http:\/\/www.allgeier.com\/\" target=\"_blank\" rel=\"noopener\">www.allgeier.com<\/a><\/p>\n<p>Allgeier SE ist eines der f\u00fchrenden IT-Unternehmen f\u00fcr Business Performance: Mit einer auf Innovationen und Zukunftstrends ausgerichteten Wachstumsstrategie sowie einem integrativen unternehmerischen Modell verbindet Allgeier die Vorteile eines internationalen Anbieters mit den Tugenden mittelst\u00e4ndischer Unternehmer. Operative Divisionen mit individuellen fachlichen oder branchenbezogenen Schwerpunkten arbeiten gemeinsam in drei Segmenten f\u00fcr \u00fcber 2.000 Kunden aus nahezu allen Branchen. Mit \u00fcber 4.900 angestellten Mitarbeitern und mehr als 1.100 freiberuflichen Experten bietet Allgeier den Kunden als One-Stop-Shop ein umfassendes L\u00f6sungs- und Leistungsportfolio. Zu den Kunden von Allgeier z\u00e4hlen global arbeitende Konzerne genauso wie innovative mittelst\u00e4ndische Betriebe, die sich durch leistungsstarke IT-L\u00f6sungen, intelligente Software und flexible Personaldienstleistungen strategische Vorteile sichern wollen. Die stark wachsende Gruppe mit Hauptsitz in M\u00fcnchen verf\u00fcgt \u00fcber mehr als 100 Niederlassungen im deutschsprachigen Raum, im \u00fcbrigen Europa sowie in Indien, Mexiko und den USA. 2013 erzielte Allgeier einen Umsatz von 478 Mio. Euro. Allgeier SE belegt in der L\u00fcnendonk(R)-Liste 2013 &#8222;F\u00fchrende deutsche mittelst\u00e4ndische IT-Beratungs- und Systemintegrations-Unternehmen&#8220; den ersten Platz. Die Division Allgeier Experts ist nach L\u00fcnendonk(R)-Marktsegmentstudie 2013 &#8222;Der Markt f\u00fcr Rekrutierung, Vermittlung und Steuerung von IT-Freelancern in Deutschland&#8220; unter den TOP 3 IT-Personaldienstleistern in Deutschland. Die Gesellschaft ist am Regulierten Markt der Frankfurter Wertpapierb\u00f6rse im General Standard gelistet (WKN 508630, ISIN DE0005086300). Weitere Informationen unter: www.allgeier.com.<\/p>\n<p>\u00a0<\/div>\n<p>\tEnde der Pressemitteilung<\/p>\n<hr \/>\n<p>Emittent\/Herausgeber: ALLGEIER SE<br \/>Schlagwort(e): Informationstechnologie<\/p>\n<p>19.05.2014 Ver\u00f6ffentlichung einer Pressemitteilung, \u00fcbermittelt durch die DGAP &#8211; ein Unternehmen der EQS Group AG. <br \/>F\u00fcr den Inhalt der Mitteilung ist der Emittent \/ Herausgeber verantwortlich.<\/p>\n<p>Die DGAP Distributionsservices umfassen gesetzliche Meldepflichten, Corporate News\/Finanznachrichten und Pressemitteilungen. <br \/>Medienarchiv unter http:\/\/www.dgap-medientreff.de und http:\/\/www.dgap.de<\/p>\n<hr \/>\n<p><\/td>\n<\/tr>\n<\/table>\n<table class=\"news_layout\" border=\"0\" cellpadding=\"0\" cellspacing=\"0\" width=\"100%\">\n<tr>\n<td>\n<hr \/>\n<\/td>\n<\/tr>\n<tr>\n<td align=\"left\">269308\u00a0\u00a019.05.2014<\/td>\n<\/tr>\n<\/table>\n","protected":false},"excerpt":{"rendered":"<p>DGAP-Media \/ 19.05.2014 \/ 14:56) M\u00fcnchen, 19.05.2014 &#8211; Es ist endlich wieder soweit: Zum wiederholten Male findet bundesweit die B2RUN Firmenlaufmeisterschaft statt. In insgesamt 11 St\u00e4dten k\u00f6nnen sich laufbegeisterte Unternehmen f\u00fcr den guten Zweck unter Beweis stellen und dabei Geld f\u00fcr die Stiftung<\/p>\n","protected":false},"author":4,"featured_media":0,"parent":1169,"menu_order":0,"comment_status":"close","ping_status":"closed","template":"","meta":{"_acf_changed":false,"footnotes":""},"categories":[7],"tags":[],"class_list":["post-5266","page","type-page","status-publish","hentry","category-pressemitteilungen"],"acf":[],"yoast_head":"<!-- This site is optimized with the Yoast SEO plugin v27.4 - https:\/\/yoast.com\/product\/yoast-seo-wordpress\/ -->\n<title>Allgeier SE: Allgeier Companies laufen f\u00fcr den guten Zweck durch Deutschland - Allgeier SE<\/title>\n<meta name=\"robots\" content=\"index, follow, max-snippet:-1, max-image-preview:large, max-video-preview:-1\" \/>\n<link rel=\"canonical\" href=\"https:\/\/www.allgeier.com\/de\/pressroom\/press-releases\/allgeier-se-allgeier-companies-laufen-fuer-den-guten-zweck-durch-deutschland\/\" \/>\n<meta property=\"og:locale\" content=\"de_DE\" \/>\n<meta property=\"og:type\" content=\"article\" \/>\n<meta property=\"og:title\" content=\"Allgeier SE: Allgeier Companies laufen f\u00fcr den guten Zweck durch Deutschland - Allgeier SE\" \/>\n<meta property=\"og:description\" content=\"DGAP-Media \/ 19.05.2014 \/ 14:56) M\u00fcnchen, 19.05.2014 - Es ist endlich wieder soweit: Zum wiederholten Male findet bundesweit die B2RUN Firmenlaufmeisterschaft statt. In insgesamt 11 St\u00e4dten k\u00f6nnen sich laufbegeisterte Unternehmen f\u00fcr den guten Zweck unter Beweis stellen und dabei Geld f\u00fcr die Stiftung\" \/>\n<meta property=\"og:url\" content=\"https:\/\/www.allgeier.com\/de\/pressroom\/press-releases\/allgeier-se-allgeier-companies-laufen-fuer-den-guten-zweck-durch-deutschland\/\" \/>\n<meta property=\"og:site_name\" content=\"Allgeier SE\" \/>\n<meta property=\"article:modified_time\" content=\"2025-02-05T18:36:51+00:00\" \/>\n<meta name=\"twitter:card\" content=\"summary_large_image\" \/>\n<meta name=\"twitter:label1\" content=\"Gesch\u00e4tzte Lesezeit\" \/>\n\t<meta name=\"twitter:data1\" content=\"5\u00a0Minuten\" \/>\n<script type=\"application\/ld+json\" class=\"yoast-schema-graph\">{\"@context\":\"https:\\\/\\\/schema.org\",\"@graph\":[{\"@type\":\"WebPage\",\"@id\":\"https:\\\/\\\/www.allgeier.com\\\/de\\\/pressroom\\\/press-releases\\\/allgeier-se-allgeier-companies-laufen-fuer-den-guten-zweck-durch-deutschland\\\/\",\"url\":\"https:\\\/\\\/www.allgeier.com\\\/de\\\/pressroom\\\/press-releases\\\/allgeier-se-allgeier-companies-laufen-fuer-den-guten-zweck-durch-deutschland\\\/\",\"name\":\"Allgeier SE: Allgeier Companies laufen f\u00fcr den guten Zweck durch Deutschland - Allgeier SE\",\"isPartOf\":{\"@id\":\"https:\\\/\\\/www.allgeier.com\\\/de\\\/#website\"},\"datePublished\":\"2014-05-19T12:56:53+00:00\",\"dateModified\":\"2025-02-05T18:36:51+00:00\",\"breadcrumb\":{\"@id\":\"https:\\\/\\\/www.allgeier.com\\\/de\\\/pressroom\\\/press-releases\\\/allgeier-se-allgeier-companies-laufen-fuer-den-guten-zweck-durch-deutschland\\\/#breadcrumb\"},\"inLanguage\":\"de\",\"potentialAction\":[{\"@type\":\"ReadAction\",\"target\":[\"https:\\\/\\\/www.allgeier.com\\\/de\\\/pressroom\\\/press-releases\\\/allgeier-se-allgeier-companies-laufen-fuer-den-guten-zweck-durch-deutschland\\\/\"]}]},{\"@type\":\"BreadcrumbList\",\"@id\":\"https:\\\/\\\/www.allgeier.com\\\/de\\\/pressroom\\\/press-releases\\\/allgeier-se-allgeier-companies-laufen-fuer-den-guten-zweck-durch-deutschland\\\/#breadcrumb\",\"itemListElement\":[{\"@type\":\"ListItem\",\"position\":1,\"name\":\"Home\",\"item\":\"https:\\\/\\\/www.allgeier.com\\\/de\\\/\"},{\"@type\":\"ListItem\",\"position\":2,\"name\":\"Presse\",\"item\":\"https:\\\/\\\/www.allgeier.com\\\/de\\\/pressroom\\\/\"},{\"@type\":\"ListItem\",\"position\":3,\"name\":\"Pressemitteilungen\",\"item\":\"https:\\\/\\\/www.allgeier.com\\\/de\\\/pressroom\\\/press-releases\\\/\"},{\"@type\":\"ListItem\",\"position\":4,\"name\":\"Allgeier SE: Allgeier Companies laufen f\u00fcr den guten Zweck durch Deutschland\"}]},{\"@type\":\"WebSite\",\"@id\":\"https:\\\/\\\/www.allgeier.com\\\/de\\\/#website\",\"url\":\"https:\\\/\\\/www.allgeier.com\\\/de\\\/\",\"name\":\"Allgeier SE\",\"description\":\"Software &amp; IT Services for digital transformation\",\"potentialAction\":[{\"@type\":\"SearchAction\",\"target\":{\"@type\":\"EntryPoint\",\"urlTemplate\":\"https:\\\/\\\/www.allgeier.com\\\/de\\\/?s={search_term_string}\"},\"query-input\":{\"@type\":\"PropertyValueSpecification\",\"valueRequired\":true,\"valueName\":\"search_term_string\"}}],\"inLanguage\":\"de\"}]}<\/script>\n<!-- \/ Yoast SEO plugin. -->","yoast_head_json":{"title":"Allgeier SE: Allgeier Companies laufen f\u00fcr den guten Zweck durch Deutschland - Allgeier SE","robots":{"index":"index","follow":"follow","max-snippet":"max-snippet:-1","max-image-preview":"max-image-preview:large","max-video-preview":"max-video-preview:-1"},"canonical":"https:\/\/www.allgeier.com\/de\/pressroom\/press-releases\/allgeier-se-allgeier-companies-laufen-fuer-den-guten-zweck-durch-deutschland\/","og_locale":"de_DE","og_type":"article","og_title":"Allgeier SE: Allgeier Companies laufen f\u00fcr den guten Zweck durch Deutschland - Allgeier SE","og_description":"DGAP-Media \/ 19.05.2014 \/ 14:56) M\u00fcnchen, 19.05.2014 - Es ist endlich wieder soweit: Zum wiederholten Male findet bundesweit die B2RUN Firmenlaufmeisterschaft statt. In insgesamt 11 St\u00e4dten k\u00f6nnen sich laufbegeisterte Unternehmen f\u00fcr den guten Zweck unter Beweis stellen und dabei Geld f\u00fcr die Stiftung","og_url":"https:\/\/www.allgeier.com\/de\/pressroom\/press-releases\/allgeier-se-allgeier-companies-laufen-fuer-den-guten-zweck-durch-deutschland\/","og_site_name":"Allgeier SE","article_modified_time":"2025-02-05T18:36:51+00:00","twitter_card":"summary_large_image","twitter_misc":{"Gesch\u00e4tzte Lesezeit":"5\u00a0Minuten"},"schema":{"@context":"https:\/\/schema.org","@graph":[{"@type":"WebPage","@id":"https:\/\/www.allgeier.com\/de\/pressroom\/press-releases\/allgeier-se-allgeier-companies-laufen-fuer-den-guten-zweck-durch-deutschland\/","url":"https:\/\/www.allgeier.com\/de\/pressroom\/press-releases\/allgeier-se-allgeier-companies-laufen-fuer-den-guten-zweck-durch-deutschland\/","name":"Allgeier SE: Allgeier Companies laufen f\u00fcr den guten Zweck durch Deutschland - Allgeier SE","isPartOf":{"@id":"https:\/\/www.allgeier.com\/de\/#website"},"datePublished":"2014-05-19T12:56:53+00:00","dateModified":"2025-02-05T18:36:51+00:00","breadcrumb":{"@id":"https:\/\/www.allgeier.com\/de\/pressroom\/press-releases\/allgeier-se-allgeier-companies-laufen-fuer-den-guten-zweck-durch-deutschland\/#breadcrumb"},"inLanguage":"de","potentialAction":[{"@type":"ReadAction","target":["https:\/\/www.allgeier.com\/de\/pressroom\/press-releases\/allgeier-se-allgeier-companies-laufen-fuer-den-guten-zweck-durch-deutschland\/"]}]},{"@type":"BreadcrumbList","@id":"https:\/\/www.allgeier.com\/de\/pressroom\/press-releases\/allgeier-se-allgeier-companies-laufen-fuer-den-guten-zweck-durch-deutschland\/#breadcrumb","itemListElement":[{"@type":"ListItem","position":1,"name":"Home","item":"https:\/\/www.allgeier.com\/de\/"},{"@type":"ListItem","position":2,"name":"Presse","item":"https:\/\/www.allgeier.com\/de\/pressroom\/"},{"@type":"ListItem","position":3,"name":"Pressemitteilungen","item":"https:\/\/www.allgeier.com\/de\/pressroom\/press-releases\/"},{"@type":"ListItem","position":4,"name":"Allgeier SE: Allgeier Companies laufen f\u00fcr den guten Zweck durch Deutschland"}]},{"@type":"WebSite","@id":"https:\/\/www.allgeier.com\/de\/#website","url":"https:\/\/www.allgeier.com\/de\/","name":"Allgeier SE","description":"Software &amp; IT Services for digital transformation","potentialAction":[{"@type":"SearchAction","target":{"@type":"EntryPoint","urlTemplate":"https:\/\/www.allgeier.com\/de\/?s={search_term_string}"},"query-input":{"@type":"PropertyValueSpecification","valueRequired":true,"valueName":"search_term_string"}}],"inLanguage":"de"}]}},"_links":{"self":[{"href":"https:\/\/www.allgeier.com\/de\/wp-json\/wp\/v2\/pages\/5266","targetHints":{"allow":["GET"]}}],"collection":[{"href":"https:\/\/www.allgeier.com\/de\/wp-json\/wp\/v2\/pages"}],"about":[{"href":"https:\/\/www.allgeier.com\/de\/wp-json\/wp\/v2\/types\/page"}],"author":[{"embeddable":true,"href":"https:\/\/www.allgeier.com\/de\/wp-json\/wp\/v2\/users\/4"}],"replies":[{"embeddable":true,"href":"https:\/\/www.allgeier.com\/de\/wp-json\/wp\/v2\/comments?post=5266"}],"version-history":[{"count":1,"href":"https:\/\/www.allgeier.com\/de\/wp-json\/wp\/v2\/pages\/5266\/revisions"}],"predecessor-version":[{"id":5267,"href":"https:\/\/www.allgeier.com\/de\/wp-json\/wp\/v2\/pages\/5266\/revisions\/5267"}],"up":[{"embeddable":true,"href":"https:\/\/www.allgeier.com\/de\/wp-json\/wp\/v2\/pages\/1169"}],"wp:attachment":[{"href":"https:\/\/www.allgeier.com\/de\/wp-json\/wp\/v2\/media?parent=5266"}],"wp:term":[{"taxonomy":"category","embeddable":true,"href":"https:\/\/www.allgeier.com\/de\/wp-json\/wp\/v2\/categories?post=5266"},{"taxonomy":"post_tag","embeddable":true,"href":"https:\/\/www.allgeier.com\/de\/wp-json\/wp\/v2\/tags?post=5266"}],"curies":[{"name":"wp","href":"https:\/\/api.w.org\/{rel}","templated":true}]}}