{"id":5276,"date":"2009-11-27T14:21:32","date_gmt":"2009-11-27T15:21:32","guid":{"rendered":"https:\/\/www.allgeier.com\/de\/?page_id=5276"},"modified":"2025-02-05T18:36:48","modified_gmt":"2025-02-05T18:36:48","slug":"allgeier-erwirbt-it-dienstleister-didas-ag","status":"publish","type":"page","link":"https:\/\/www.allgeier.com\/de\/pressroom\/press-releases\/allgeier-erwirbt-it-dienstleister-didas-ag\/","title":{"rendered":"Allgeier erwirbt IT-Dienstleister DIDAS AG"},"content":{"rendered":"<p><b>ALLGEIER HOLDING AG \/ Computer\/Telekommunikation<\/b>27.11.2009 Ver\u00f6ffentlichung einer Pressemitteilung, \u00fcbermitteltdurch die DGAP &#8211; ein Unternehmen der EquityStory AG.F\u00fcr den Inhalt der Mitteilung ist der Herausgeber verantwortlich.&#8212;&#8212;&#8212;&#8212;&#8212;&#8212;&#8212;&#8212;&#8212;&#8212;&#8212;&#8212;&#8212;&#8212;&#8212;&#8212;&#8212;&#8212;&#8212;&#8212;&#8212;&#8212;&#8212;&#8212;&#8212;Dritte Akquisition in 2009 zum Ausbau des IT Solutions BereichsM\u00fcnchen, 27. November 2009. Die Allgeier Holding AG hat sich am 25.November mit den Aktion\u00e4ren der DIDAS AG mit Sitz in M\u00fcnchen \u00fcber denErwerb von 100 Prozent der Aktien der DIDAS AG geeinigt und einenentsprechenden Kaufvertrag f\u00fcr die Durchf\u00fchrung der Transaktion mit Wirkungzum 1. Januar 2010 geschlossen. Die Allgeier Gruppe baut dadurch ihrePosition im Markt weiter aus und verbessert ihre Stellung unter denf\u00fchrenden IT-Service-Gesellschaften in Deutschland.DIDAS besch\u00e4ftigt bundesweit ca. 120 Mitarbeiter und fokussiert sich aufdie Bereiche System-Consulting, Field Services, SAP-Services und verf\u00fcgtbei zahlreichen Herstellern \u00fcber einen Partner-Status. Die Standorte derGesellschaft befinden sich in M\u00fcnchen, Berlin, D\u00fcsseldorf, N\u00fcrnberg,Frankfurt und Stuttgart. 2008 erzielte die Gesellschaft einen Umsatz vonca. 30 Mio. EUR. Die Gesellschaft erzielt seit Jahren ein positivesErgebnis und konstantes Wachstum.Kontinuit\u00e4t bei Marke und ManagementDie DIDAS AG wird unter dem Dach von Allgeier weiterhin eigenst\u00e4ndig unterihrem Markennamen agieren. Der Vorstand Herr Manfred Gutknecht beh\u00e4lt dieunternehmerische Verantwortung und f\u00fchrt die Gesch\u00e4fte der Gesellschaft inden n\u00e4chsten Jahren weiter.Ausbau des Gesch\u00e4ftsbereichs IT SolutionsDie Akquisition der DIDAS AG ist nach dem Erwerb wesentlicherUnternehmensteile der Comparex Services GmbH und der a&amp;o systems + servicesgermany GmbH die dritte Akquisition in diesem Jahr. Allgeier verfolgte mitden Akquisitionen das Ziel, den Gesch\u00e4ftsbereich IT Solutions deutlichauszubauen und das Servicespektrum und die Fl\u00e4chenabdeckung zu erweitern.Das Leistungsspektrum der Allgeier IT Solutions umfasst die ThemengebieteSecurity, E-Mail- und Web-Sicherheit, IT-Infrastruktur, die EnterpriseContent Management-L\u00f6sung scanview(R) sowie ERP (Enterprise ResourcePlanning) f\u00fcr den Mittelstand. Im Bereich ERP entwickelt und vertreibt dieAllgeier IT Solutions die f\u00fcr die Holz- und Baustoffbranche spezialisierteL\u00f6sung Syntona(R) logic und die auf Microsoft Dynamics basierende L\u00f6sungSyntona(R) NAV.Der Infrastruktur-Service der Allgeier IT Solutions wurde durch die neustenAkquisitionen deutlich ausgebaut. So wurden zun\u00e4chst mit DWDM-,Rechenzentrums- und Multivendor-Dienstleistungen die wesentlichenUnternehmensteile der Comparex Services in die Allgeier Data CenterServices GmbH \u00fcberf\u00fchrt. In einem weiteren Schritt entstand die SolveosGmbH (ehemals a&amp;o systems + services germany GmbH), die unter anderem aufTelekommunikation, Field Services und Rechenzentrums-Services spezialisiertist. Mit der Integration der DIDAS werden die Infrastruktur-Services nunnochmals verst\u00e4rkt. Der Gesch\u00e4ftsbereich IT Solutions verf\u00fcgt inklusive derneuen Gesellschaften \u00fcber ein Umsatzvolumen von ca. 100 Mio. EUR, z\u00e4hlt\u00fcber 2.000 namhafte Kunden und \u00fcber 400 Mitarbeiter.Allgeier und DIDAS werden durch die Akquisition strategisch gest\u00e4rkt Der Konsolidierungstrend am IT-Servicemarkt verst\u00e4rkt sich derzeit vor demHintergrund der schwachen Konjunktur. Kunden wollen mit wenigen,ausgew\u00e4hlten IT-Service-Partnern mit einem breiten Servicespektrumzusammenarbeiten. Ihre derzeit schon starke Position am Markt wird DIDASdurch den Eintritt in den Allgeier-Verbund, insbesondere durch dieLeistungsf\u00e4higkeit des Bereichs IT Solutions und das Leistungsspektrum derweiteren Allgeier Gesellschaften, deutlich st\u00e4rken. Kunden, Mitarbeiter undGesch\u00e4ftspartner von DIDAS werden damit weiterhin von der Zuverl\u00e4ssigkeitund Qualit\u00e4t der Leistungen von DIDAS und zus\u00e4tzlich von der Gr\u00f6\u00dfe undLeistungsf\u00e4higkeit der Allgeier Gruppe profitieren.Allgeier plant weiteren Ausbau der UnternehmensgruppeMit der j\u00fcngsten strategischen Akquisition vereint Allgeier 13 operativeIT-Gesellschaften, die mit mehr als 1.200 Mitarbeitern und ca. 1.200freiberuflichen Experten mehr als 2.000 Kunden an \u00fcber 40 Standortenbetreuen. Trotz der im Jahr 2009 allgegenw\u00e4rtigen Wirtschaftskrise konnteAllgeier die Gelegenheit nutzen und sich in 2009 deutlich verst\u00e4rken.Allgeier plant, ihren Wachstumskurs auch in den kommenden Jahren durchweitere Akquisitionen fortzusetzen.Allgeier Holding AGDr. Holger von DanielsVorstandWehrlestra\u00dfe 12D-81679 M\u00fcnchenTel.: 089-998421-0Fax: 089-998421-11www.allgeier-holding.deKurzprofil Allgeier Holding AG:Die Allgeier Holding AG ist eine Dienstleistungsgruppe, die sich auf denwachsenden Markt f\u00fcr Dienstleistungen zur Flexibilisierung von Arbeits- undKostenstrukturen fokussiert. Nach dem Verkauf der Zeitarbeitseinheitkonzentriert sich Allgeier auf den stark wachsenden Markt f\u00fcr IT-Servicessowie auf angrenzende Dienstleistungsgesch\u00e4fte. Die IT-ServiceGesellschaften unterst\u00fctzen Kunden bei der Umsetzung von Innovationen, derVerbesserung des Informationsflusses und der Optimierung vonGesch\u00e4ftsprozessen und der Bereitstellung von flexiblen IT-Experten. DieUnternehmen innerhalb von Allgeier arbeiten eigenst\u00e4ndig mit allenVorteilen mittelst\u00e4ndischer Flexibilit\u00e4t, Schnelligkeit,Serviceorientierung und Innovationskraft. Unter dem Dach von Allgeierverbinden sich diese Vorteile mit der Nutzung von Synergien, der Sicherheitund der Schlagkraft einer f\u00fchrenden b\u00f6rsennotierten Unternehmensgruppe.Durch ein breites Service-Leistungsspektrum sowie geb\u00fcndelte Kompetenz undGr\u00f6\u00dfe werden nachhaltig steigende Werte f\u00fcr Kunden und Investorengeschaffen. Die Allgeier-Gruppe besch\u00e4ftigt zurzeit rund 2.400 angestellteund freiberufliche IT-Spezialisten und kann auf eine breite Kundenstrukturquer durch alle deutschen Industrien verweisen. Die Allgeier Holding AG istam regulierten Markt der Frankfurter B\u00f6rse im Segment General Standardnotiert (WKN 508630\/ISIN DE000508630). Weitere Informationen unter:www.allgeier.com.Weitere Informationen zu DIDAS finden Sie unter www.didas.de.27.11.2009  Finanznachrichten \u00fcbermittelt durch die DGAP. Medienarchiv unter http:\/\/www.dgap-medientreff.de und http:\/\/www.dgap.de&#8212;&#8212;&#8212;&#8212;&#8212;&#8212;&#8212;&#8212;&#8212;&#8212;&#8212;&#8212;&#8212;&#8212;&#8212;&#8212;&#8212;&#8212;&#8212;&#8212;&#8212;&#8212;&#8212;&#8212;&#8212; Sprache:      DeutschUnternehmen:  ALLGEIER HOLDING AG              Wehrlestra\u00dfe 12              81679 M\u00fcnchen              DeutschlandInternet:     http:\/\/www.allgeier.com Ende der Mitteilung                             DGAP-Media &#8212;&#8212;&#8212;&#8212;&#8212;&#8212;&#8212;&#8212;&#8212;&#8212;&#8212;&#8212;&#8212;&#8212;&#8212;&#8212;&#8212;&#8212;&#8212;&#8212;&#8212;&#8212;&#8212;&#8212;&#8212;<\/p>\n","protected":false},"excerpt":{"rendered":"<p>Dritte Akquisition in 2009 zum Ausbau des IT Solutions Bereichs M\u00fcnchen, 27. November 2009. Die Allgeier Holding AG hat sich am 25. November mit den Aktion\u00e4ren der DIDAS AG mit Sitz in M\u00fcnchen \u00fcber den Erwerb von 100 Prozent der Aktien der DIDAS AG geeinigt und einen entsprechenden Kaufvertrag f\u00fcr die<\/p>\n","protected":false},"author":4,"featured_media":0,"parent":1169,"menu_order":0,"comment_status":"close","ping_status":"closed","template":"","meta":{"_acf_changed":false,"footnotes":""},"categories":[7],"tags":[],"class_list":["post-5276","page","type-page","status-publish","hentry","category-pressemitteilungen"],"acf":[],"yoast_head":"<!-- This site is optimized with the Yoast SEO plugin v27.4 - https:\/\/yoast.com\/product\/yoast-seo-wordpress\/ -->\n<title>Allgeier erwirbt IT-Dienstleister DIDAS AG - Allgeier SE<\/title>\n<meta name=\"robots\" content=\"index, follow, max-snippet:-1, max-image-preview:large, max-video-preview:-1\" \/>\n<link rel=\"canonical\" href=\"https:\/\/www.allgeier.com\/de\/pressroom\/press-releases\/allgeier-erwirbt-it-dienstleister-didas-ag\/\" \/>\n<meta property=\"og:locale\" content=\"de_DE\" \/>\n<meta property=\"og:type\" content=\"article\" \/>\n<meta property=\"og:title\" content=\"Allgeier erwirbt IT-Dienstleister DIDAS AG - Allgeier SE\" \/>\n<meta property=\"og:description\" content=\"Dritte Akquisition in 2009 zum Ausbau des IT Solutions Bereichs M\u00fcnchen, 27. November 2009. Die Allgeier Holding AG hat sich am 25. November mit den Aktion\u00e4ren der DIDAS AG mit Sitz in M\u00fcnchen \u00fcber den Erwerb von 100 Prozent der Aktien der DIDAS AG geeinigt und einen entsprechenden Kaufvertrag f\u00fcr die\" \/>\n<meta property=\"og:url\" content=\"https:\/\/www.allgeier.com\/de\/pressroom\/press-releases\/allgeier-erwirbt-it-dienstleister-didas-ag\/\" \/>\n<meta property=\"og:site_name\" content=\"Allgeier SE\" \/>\n<meta property=\"article:modified_time\" content=\"2025-02-05T18:36:48+00:00\" \/>\n<meta name=\"twitter:card\" content=\"summary_large_image\" \/>\n<meta name=\"twitter:label1\" content=\"Gesch\u00e4tzte Lesezeit\" \/>\n\t<meta name=\"twitter:data1\" content=\"4\u00a0Minuten\" \/>\n<script type=\"application\/ld+json\" class=\"yoast-schema-graph\">{\"@context\":\"https:\\\/\\\/schema.org\",\"@graph\":[{\"@type\":\"WebPage\",\"@id\":\"https:\\\/\\\/www.allgeier.com\\\/de\\\/pressroom\\\/press-releases\\\/allgeier-erwirbt-it-dienstleister-didas-ag\\\/\",\"url\":\"https:\\\/\\\/www.allgeier.com\\\/de\\\/pressroom\\\/press-releases\\\/allgeier-erwirbt-it-dienstleister-didas-ag\\\/\",\"name\":\"Allgeier erwirbt IT-Dienstleister DIDAS AG - Allgeier SE\",\"isPartOf\":{\"@id\":\"https:\\\/\\\/www.allgeier.com\\\/de\\\/#website\"},\"datePublished\":\"2009-11-27T15:21:32+00:00\",\"dateModified\":\"2025-02-05T18:36:48+00:00\",\"breadcrumb\":{\"@id\":\"https:\\\/\\\/www.allgeier.com\\\/de\\\/pressroom\\\/press-releases\\\/allgeier-erwirbt-it-dienstleister-didas-ag\\\/#breadcrumb\"},\"inLanguage\":\"de\",\"potentialAction\":[{\"@type\":\"ReadAction\",\"target\":[\"https:\\\/\\\/www.allgeier.com\\\/de\\\/pressroom\\\/press-releases\\\/allgeier-erwirbt-it-dienstleister-didas-ag\\\/\"]}]},{\"@type\":\"BreadcrumbList\",\"@id\":\"https:\\\/\\\/www.allgeier.com\\\/de\\\/pressroom\\\/press-releases\\\/allgeier-erwirbt-it-dienstleister-didas-ag\\\/#breadcrumb\",\"itemListElement\":[{\"@type\":\"ListItem\",\"position\":1,\"name\":\"Home\",\"item\":\"https:\\\/\\\/www.allgeier.com\\\/de\\\/\"},{\"@type\":\"ListItem\",\"position\":2,\"name\":\"Presse\",\"item\":\"https:\\\/\\\/www.allgeier.com\\\/de\\\/pressroom\\\/\"},{\"@type\":\"ListItem\",\"position\":3,\"name\":\"Pressemitteilungen\",\"item\":\"https:\\\/\\\/www.allgeier.com\\\/de\\\/pressroom\\\/press-releases\\\/\"},{\"@type\":\"ListItem\",\"position\":4,\"name\":\"Allgeier erwirbt IT-Dienstleister DIDAS AG\"}]},{\"@type\":\"WebSite\",\"@id\":\"https:\\\/\\\/www.allgeier.com\\\/de\\\/#website\",\"url\":\"https:\\\/\\\/www.allgeier.com\\\/de\\\/\",\"name\":\"Allgeier SE\",\"description\":\"Software &amp; IT Services for digital transformation\",\"potentialAction\":[{\"@type\":\"SearchAction\",\"target\":{\"@type\":\"EntryPoint\",\"urlTemplate\":\"https:\\\/\\\/www.allgeier.com\\\/de\\\/?s={search_term_string}\"},\"query-input\":{\"@type\":\"PropertyValueSpecification\",\"valueRequired\":true,\"valueName\":\"search_term_string\"}}],\"inLanguage\":\"de\"}]}<\/script>\n<!-- \/ Yoast SEO plugin. -->","yoast_head_json":{"title":"Allgeier erwirbt IT-Dienstleister DIDAS AG - Allgeier SE","robots":{"index":"index","follow":"follow","max-snippet":"max-snippet:-1","max-image-preview":"max-image-preview:large","max-video-preview":"max-video-preview:-1"},"canonical":"https:\/\/www.allgeier.com\/de\/pressroom\/press-releases\/allgeier-erwirbt-it-dienstleister-didas-ag\/","og_locale":"de_DE","og_type":"article","og_title":"Allgeier erwirbt IT-Dienstleister DIDAS AG - Allgeier SE","og_description":"Dritte Akquisition in 2009 zum Ausbau des IT Solutions Bereichs M\u00fcnchen, 27. November 2009. Die Allgeier Holding AG hat sich am 25. November mit den Aktion\u00e4ren der DIDAS AG mit Sitz in M\u00fcnchen \u00fcber den Erwerb von 100 Prozent der Aktien der DIDAS AG geeinigt und einen entsprechenden Kaufvertrag f\u00fcr die","og_url":"https:\/\/www.allgeier.com\/de\/pressroom\/press-releases\/allgeier-erwirbt-it-dienstleister-didas-ag\/","og_site_name":"Allgeier SE","article_modified_time":"2025-02-05T18:36:48+00:00","twitter_card":"summary_large_image","twitter_misc":{"Gesch\u00e4tzte Lesezeit":"4\u00a0Minuten"},"schema":{"@context":"https:\/\/schema.org","@graph":[{"@type":"WebPage","@id":"https:\/\/www.allgeier.com\/de\/pressroom\/press-releases\/allgeier-erwirbt-it-dienstleister-didas-ag\/","url":"https:\/\/www.allgeier.com\/de\/pressroom\/press-releases\/allgeier-erwirbt-it-dienstleister-didas-ag\/","name":"Allgeier erwirbt IT-Dienstleister DIDAS AG - Allgeier SE","isPartOf":{"@id":"https:\/\/www.allgeier.com\/de\/#website"},"datePublished":"2009-11-27T15:21:32+00:00","dateModified":"2025-02-05T18:36:48+00:00","breadcrumb":{"@id":"https:\/\/www.allgeier.com\/de\/pressroom\/press-releases\/allgeier-erwirbt-it-dienstleister-didas-ag\/#breadcrumb"},"inLanguage":"de","potentialAction":[{"@type":"ReadAction","target":["https:\/\/www.allgeier.com\/de\/pressroom\/press-releases\/allgeier-erwirbt-it-dienstleister-didas-ag\/"]}]},{"@type":"BreadcrumbList","@id":"https:\/\/www.allgeier.com\/de\/pressroom\/press-releases\/allgeier-erwirbt-it-dienstleister-didas-ag\/#breadcrumb","itemListElement":[{"@type":"ListItem","position":1,"name":"Home","item":"https:\/\/www.allgeier.com\/de\/"},{"@type":"ListItem","position":2,"name":"Presse","item":"https:\/\/www.allgeier.com\/de\/pressroom\/"},{"@type":"ListItem","position":3,"name":"Pressemitteilungen","item":"https:\/\/www.allgeier.com\/de\/pressroom\/press-releases\/"},{"@type":"ListItem","position":4,"name":"Allgeier erwirbt IT-Dienstleister DIDAS AG"}]},{"@type":"WebSite","@id":"https:\/\/www.allgeier.com\/de\/#website","url":"https:\/\/www.allgeier.com\/de\/","name":"Allgeier SE","description":"Software &amp; IT Services for digital transformation","potentialAction":[{"@type":"SearchAction","target":{"@type":"EntryPoint","urlTemplate":"https:\/\/www.allgeier.com\/de\/?s={search_term_string}"},"query-input":{"@type":"PropertyValueSpecification","valueRequired":true,"valueName":"search_term_string"}}],"inLanguage":"de"}]}},"_links":{"self":[{"href":"https:\/\/www.allgeier.com\/de\/wp-json\/wp\/v2\/pages\/5276","targetHints":{"allow":["GET"]}}],"collection":[{"href":"https:\/\/www.allgeier.com\/de\/wp-json\/wp\/v2\/pages"}],"about":[{"href":"https:\/\/www.allgeier.com\/de\/wp-json\/wp\/v2\/types\/page"}],"author":[{"embeddable":true,"href":"https:\/\/www.allgeier.com\/de\/wp-json\/wp\/v2\/users\/4"}],"replies":[{"embeddable":true,"href":"https:\/\/www.allgeier.com\/de\/wp-json\/wp\/v2\/comments?post=5276"}],"version-history":[{"count":1,"href":"https:\/\/www.allgeier.com\/de\/wp-json\/wp\/v2\/pages\/5276\/revisions"}],"predecessor-version":[{"id":5277,"href":"https:\/\/www.allgeier.com\/de\/wp-json\/wp\/v2\/pages\/5276\/revisions\/5277"}],"up":[{"embeddable":true,"href":"https:\/\/www.allgeier.com\/de\/wp-json\/wp\/v2\/pages\/1169"}],"wp:attachment":[{"href":"https:\/\/www.allgeier.com\/de\/wp-json\/wp\/v2\/media?parent=5276"}],"wp:term":[{"taxonomy":"category","embeddable":true,"href":"https:\/\/www.allgeier.com\/de\/wp-json\/wp\/v2\/categories?post=5276"},{"taxonomy":"post_tag","embeddable":true,"href":"https:\/\/www.allgeier.com\/de\/wp-json\/wp\/v2\/tags?post=5276"}],"curies":[{"name":"wp","href":"https:\/\/api.w.org\/{rel}","templated":true}]}}