{"id":5278,"date":"2009-10-28T11:03:07","date_gmt":"2009-10-28T12:03:07","guid":{"rendered":"https:\/\/www.allgeier.com\/de\/?page_id=5278"},"modified":"2025-02-05T18:36:49","modified_gmt":"2025-02-05T18:36:49","slug":"allgeier-gruppe-erhaelt-zuschlag-als-strategischer-partner-der-gothaer-systems","status":"publish","type":"page","link":"https:\/\/www.allgeier.com\/de\/pressroom\/press-releases\/allgeier-gruppe-erhaelt-zuschlag-als-strategischer-partner-der-gothaer-systems\/","title":{"rendered":"Allgeier Gruppe erh\u00e4lt Zuschlag als strategischer Partner der Gothaer Systems"},"content":{"rendered":"<p><b>ALLGEIER HOLDING AG \/ Computer\/Telekommunikation<\/b>28.10.2009 Ver\u00f6ffentlichung einer Pressemitteilung, \u00fcbermitteltdurch die DGAP &#8211; ein Unternehmen der EquityStory AG.F\u00fcr den Inhalt der Mitteilung ist der Herausgeber verantwortlich.&#8212;&#8212;&#8212;&#8212;&#8212;&#8212;&#8212;&#8212;&#8212;&#8212;&#8212;&#8212;&#8212;&#8212;&#8212;&#8212;&#8212;&#8212;&#8212;&#8212;&#8212;&#8212;&#8212;&#8212;&#8212;Kooperation im Bereich IT Services und Staffing \u00fcber 5 Jahre vereinbartM\u00fcnchen, 28. Oktober 2009. Die Allgeier Gruppenunternehmen U.N.P.- SoftwareGmbH, Goetzfried AG und Next GmbH verbuchen einen weiteren gemeinsamenAkquisitionserfolg. Die Gothaer Systems, internes IT\/TK- Konzernsystemhausdes Gothaer Konzerns, hat im Zuge ihrer Lieferantenkonsolidierung mit derAllgeier Gruppe eine strategische Partnerschaft im BereichIT-Dienstleistungen zur Unterst\u00fctzung des Projektgesch\u00e4ftes geschlossen.Inhalt der auf f\u00fcnf Jahre vereinbarten Zusammenarbeit ist der Zugriff aufdas gesamte Allgeier Leistungsspektrum der Bereiche IT Services undStaffing &amp; Recruiting durch die Gothaer Systems. Das angestrebteUmsatzvolumen f\u00fcr die Allgeier Gruppe bel\u00e4uft sich \u00fcber die Laufzeit desVertrages auf einen hohen zweistelligen Millionenbetrag.&#8217;Die Gothaer Systems konzentriert im Rahmen ihrer IT-Sourcing-Strategie denEinkauf von IT-Dienstleistungen mit benchmarkf\u00e4higen Prozess- undKostenstrukturen auf ausgew\u00e4hlte Kooperationspartner.&#8216; kommentiert NorbertPauels, Aufsichtsrat der U.N.P. Software GmbH. &#8218;Ein wichtiger Aspekt f\u00fcrdie Auswahl der Allgeier Gruppe war unsere bereits seit Jahren sehrerfolgreich praktizierte Zusammenarbeit mit der Gothaer Systems, in der wirdie Leistungsf\u00e4higkeit der Gruppe bewiesen haben.&#8217;Gemeinsam verf\u00fcgen die Allgeier Gruppenunternehmen \u00fcber ein breitesLeistungsspektrum im Bereich IT Service und IT Staffing. Im Rahmen vonGro\u00dfprojekten arbeiten die Allgeier Gruppengesellschaften sehr erfolgreichsowohl als Kooperationsgemeinschaft als auch als Bietergemeinschaftenzusammen.Kontakt:Allgeier Holding AGVorstandWehrlestr. 1281679 M\u00fcnchenTel. 089\/998421-0Fax  089\/998421-11www.allgeier.comKurzprofil Allgeier Holding AG:Die Allgeier Holding AG ist eine b\u00f6rsennotierte Dienstleistungsgruppe mitSitz in M\u00fcnchen. Die Unternehmen der Allgeier Gruppe konzentrieren sich aufden wachsenden Markt f\u00fcr IT Services sowie angrenzende Dienstleistungen zurFlexibilisierung von Arbeits- und Kostenstrukturen. Die Unternehmen derAllgeier Gruppe werden unter dem Dach der Allgeier Holding AG jeweils voneigenen Gesch\u00e4ftsf\u00fchrungen geleitet. Die einzelnen Gesellschaften arbeitenim Sinne mittelst\u00e4ndischer Unternehmen eigenst\u00e4ndig und nutzen zugleich dasgesamte Service- und Leistungsspektrum der Unternehmensgruppe. Die Holding\u00fcbernimmt dabei insbesondere die strategische Steuerung, das Management desGruppenwachstums, Konzernfinanzierung und -controlling sowie weiterezentrale Funktionen. Die Allgeier Gruppe besch\u00e4ftigt derzeit 831Mitarbeiter und 1.331 freiberuflich t\u00e4tige Experten und betreut Kunden ausallen Branchen in Deutschland. Die Allgeier Holding AG ist am reguliertenMarkt der Frankfurter B\u00f6rse im Segment General Standard notiert (WKN508630\/ISIN DE000508630). Weitere Informationen unter: www.allgeier.com.28.10.2009  Finanznachrichten \u00fcbermittelt durch die DGAP&#8212;&#8212;&#8212;&#8212;&#8212;&#8212;&#8212;&#8212;&#8212;&#8212;&#8212;&#8212;&#8212;&#8212;&#8212;&#8212;&#8212;&#8212;&#8212;&#8212;&#8212;&#8212;&#8212;&#8212;&#8212; Sprache:      DeutschUnternehmen:  ALLGEIER HOLDING AG              Wehrlestra\u00dfe 12              81679 M\u00fcnchen              DeutschlandInternet:     http:\/\/www.allgeier-holding.com Ende der Mitteilung                             DGAP-Media &#8212;&#8212;&#8212;&#8212;&#8212;&#8212;&#8212;&#8212;&#8212;&#8212;&#8212;&#8212;&#8212;&#8212;&#8212;&#8212;&#8212;&#8212;&#8212;&#8212;&#8212;&#8212;&#8212;&#8212;&#8212;<\/p>\n","protected":false},"excerpt":{"rendered":"<p>Kooperation im Bereich IT Services und Staffing \u00fcber 5 Jahre vereinbart M\u00fcnchen, 28. Oktober 2009. Die Allgeier Gruppenunternehmen U.N.P.- Software GmbH, Goetzfried AG und Next GmbH verbuchen einen weiteren gemeinsamen Akquisitionserfolg. Die Gothaer Systems, internes IT\/TK- Konzernsystemhaus des Gothaer<\/p>\n","protected":false},"author":4,"featured_media":0,"parent":1169,"menu_order":0,"comment_status":"close","ping_status":"closed","template":"","meta":{"_acf_changed":false,"footnotes":""},"categories":[7],"tags":[],"class_list":["post-5278","page","type-page","status-publish","hentry","category-pressemitteilungen"],"acf":[],"yoast_head":"<!-- This site is optimized with the Yoast SEO plugin v27.4 - https:\/\/yoast.com\/product\/yoast-seo-wordpress\/ -->\n<title>Allgeier Gruppe erh\u00e4lt Zuschlag als strategischer Partner der Gothaer Systems - Allgeier SE<\/title>\n<meta name=\"robots\" content=\"index, follow, max-snippet:-1, max-image-preview:large, max-video-preview:-1\" \/>\n<link rel=\"canonical\" href=\"https:\/\/www.allgeier.com\/de\/pressroom\/press-releases\/allgeier-gruppe-erhaelt-zuschlag-als-strategischer-partner-der-gothaer-systems\/\" \/>\n<meta property=\"og:locale\" content=\"de_DE\" \/>\n<meta property=\"og:type\" content=\"article\" \/>\n<meta property=\"og:title\" content=\"Allgeier Gruppe erh\u00e4lt Zuschlag als strategischer Partner der Gothaer Systems - Allgeier SE\" \/>\n<meta property=\"og:description\" content=\"Kooperation im Bereich IT Services und Staffing \u00fcber 5 Jahre vereinbart M\u00fcnchen, 28. Oktober 2009. Die Allgeier Gruppenunternehmen U.N.P.- Software GmbH, Goetzfried AG und Next GmbH verbuchen einen weiteren gemeinsamen Akquisitionserfolg. Die Gothaer Systems, internes IT\/TK- Konzernsystemhaus des Gothaer\" \/>\n<meta property=\"og:url\" content=\"https:\/\/www.allgeier.com\/de\/pressroom\/press-releases\/allgeier-gruppe-erhaelt-zuschlag-als-strategischer-partner-der-gothaer-systems\/\" \/>\n<meta property=\"og:site_name\" content=\"Allgeier SE\" \/>\n<meta property=\"article:modified_time\" content=\"2025-02-05T18:36:49+00:00\" \/>\n<meta name=\"twitter:card\" content=\"summary_large_image\" \/>\n<meta name=\"twitter:label1\" content=\"Gesch\u00e4tzte Lesezeit\" \/>\n\t<meta name=\"twitter:data1\" content=\"2\u00a0Minuten\" \/>\n<script type=\"application\/ld+json\" class=\"yoast-schema-graph\">{\"@context\":\"https:\\\/\\\/schema.org\",\"@graph\":[{\"@type\":\"WebPage\",\"@id\":\"https:\\\/\\\/www.allgeier.com\\\/de\\\/pressroom\\\/press-releases\\\/allgeier-gruppe-erhaelt-zuschlag-als-strategischer-partner-der-gothaer-systems\\\/\",\"url\":\"https:\\\/\\\/www.allgeier.com\\\/de\\\/pressroom\\\/press-releases\\\/allgeier-gruppe-erhaelt-zuschlag-als-strategischer-partner-der-gothaer-systems\\\/\",\"name\":\"Allgeier Gruppe erh\u00e4lt Zuschlag als strategischer Partner der Gothaer Systems - Allgeier SE\",\"isPartOf\":{\"@id\":\"https:\\\/\\\/www.allgeier.com\\\/de\\\/#website\"},\"datePublished\":\"2009-10-28T12:03:07+00:00\",\"dateModified\":\"2025-02-05T18:36:49+00:00\",\"breadcrumb\":{\"@id\":\"https:\\\/\\\/www.allgeier.com\\\/de\\\/pressroom\\\/press-releases\\\/allgeier-gruppe-erhaelt-zuschlag-als-strategischer-partner-der-gothaer-systems\\\/#breadcrumb\"},\"inLanguage\":\"de\",\"potentialAction\":[{\"@type\":\"ReadAction\",\"target\":[\"https:\\\/\\\/www.allgeier.com\\\/de\\\/pressroom\\\/press-releases\\\/allgeier-gruppe-erhaelt-zuschlag-als-strategischer-partner-der-gothaer-systems\\\/\"]}]},{\"@type\":\"BreadcrumbList\",\"@id\":\"https:\\\/\\\/www.allgeier.com\\\/de\\\/pressroom\\\/press-releases\\\/allgeier-gruppe-erhaelt-zuschlag-als-strategischer-partner-der-gothaer-systems\\\/#breadcrumb\",\"itemListElement\":[{\"@type\":\"ListItem\",\"position\":1,\"name\":\"Home\",\"item\":\"https:\\\/\\\/www.allgeier.com\\\/de\\\/\"},{\"@type\":\"ListItem\",\"position\":2,\"name\":\"Presse\",\"item\":\"https:\\\/\\\/www.allgeier.com\\\/de\\\/pressroom\\\/\"},{\"@type\":\"ListItem\",\"position\":3,\"name\":\"Pressemitteilungen\",\"item\":\"https:\\\/\\\/www.allgeier.com\\\/de\\\/pressroom\\\/press-releases\\\/\"},{\"@type\":\"ListItem\",\"position\":4,\"name\":\"Allgeier Gruppe erh\u00e4lt Zuschlag als strategischer Partner der Gothaer Systems\"}]},{\"@type\":\"WebSite\",\"@id\":\"https:\\\/\\\/www.allgeier.com\\\/de\\\/#website\",\"url\":\"https:\\\/\\\/www.allgeier.com\\\/de\\\/\",\"name\":\"Allgeier SE\",\"description\":\"Software &amp; IT Services for digital transformation\",\"potentialAction\":[{\"@type\":\"SearchAction\",\"target\":{\"@type\":\"EntryPoint\",\"urlTemplate\":\"https:\\\/\\\/www.allgeier.com\\\/de\\\/?s={search_term_string}\"},\"query-input\":{\"@type\":\"PropertyValueSpecification\",\"valueRequired\":true,\"valueName\":\"search_term_string\"}}],\"inLanguage\":\"de\"}]}<\/script>\n<!-- \/ Yoast SEO plugin. -->","yoast_head_json":{"title":"Allgeier Gruppe erh\u00e4lt Zuschlag als strategischer Partner der Gothaer Systems - Allgeier SE","robots":{"index":"index","follow":"follow","max-snippet":"max-snippet:-1","max-image-preview":"max-image-preview:large","max-video-preview":"max-video-preview:-1"},"canonical":"https:\/\/www.allgeier.com\/de\/pressroom\/press-releases\/allgeier-gruppe-erhaelt-zuschlag-als-strategischer-partner-der-gothaer-systems\/","og_locale":"de_DE","og_type":"article","og_title":"Allgeier Gruppe erh\u00e4lt Zuschlag als strategischer Partner der Gothaer Systems - Allgeier SE","og_description":"Kooperation im Bereich IT Services und Staffing \u00fcber 5 Jahre vereinbart M\u00fcnchen, 28. Oktober 2009. Die Allgeier Gruppenunternehmen U.N.P.- Software GmbH, Goetzfried AG und Next GmbH verbuchen einen weiteren gemeinsamen Akquisitionserfolg. Die Gothaer Systems, internes IT\/TK- Konzernsystemhaus des Gothaer","og_url":"https:\/\/www.allgeier.com\/de\/pressroom\/press-releases\/allgeier-gruppe-erhaelt-zuschlag-als-strategischer-partner-der-gothaer-systems\/","og_site_name":"Allgeier SE","article_modified_time":"2025-02-05T18:36:49+00:00","twitter_card":"summary_large_image","twitter_misc":{"Gesch\u00e4tzte Lesezeit":"2\u00a0Minuten"},"schema":{"@context":"https:\/\/schema.org","@graph":[{"@type":"WebPage","@id":"https:\/\/www.allgeier.com\/de\/pressroom\/press-releases\/allgeier-gruppe-erhaelt-zuschlag-als-strategischer-partner-der-gothaer-systems\/","url":"https:\/\/www.allgeier.com\/de\/pressroom\/press-releases\/allgeier-gruppe-erhaelt-zuschlag-als-strategischer-partner-der-gothaer-systems\/","name":"Allgeier Gruppe erh\u00e4lt Zuschlag als strategischer Partner der Gothaer Systems - Allgeier SE","isPartOf":{"@id":"https:\/\/www.allgeier.com\/de\/#website"},"datePublished":"2009-10-28T12:03:07+00:00","dateModified":"2025-02-05T18:36:49+00:00","breadcrumb":{"@id":"https:\/\/www.allgeier.com\/de\/pressroom\/press-releases\/allgeier-gruppe-erhaelt-zuschlag-als-strategischer-partner-der-gothaer-systems\/#breadcrumb"},"inLanguage":"de","potentialAction":[{"@type":"ReadAction","target":["https:\/\/www.allgeier.com\/de\/pressroom\/press-releases\/allgeier-gruppe-erhaelt-zuschlag-als-strategischer-partner-der-gothaer-systems\/"]}]},{"@type":"BreadcrumbList","@id":"https:\/\/www.allgeier.com\/de\/pressroom\/press-releases\/allgeier-gruppe-erhaelt-zuschlag-als-strategischer-partner-der-gothaer-systems\/#breadcrumb","itemListElement":[{"@type":"ListItem","position":1,"name":"Home","item":"https:\/\/www.allgeier.com\/de\/"},{"@type":"ListItem","position":2,"name":"Presse","item":"https:\/\/www.allgeier.com\/de\/pressroom\/"},{"@type":"ListItem","position":3,"name":"Pressemitteilungen","item":"https:\/\/www.allgeier.com\/de\/pressroom\/press-releases\/"},{"@type":"ListItem","position":4,"name":"Allgeier Gruppe erh\u00e4lt Zuschlag als strategischer Partner der Gothaer Systems"}]},{"@type":"WebSite","@id":"https:\/\/www.allgeier.com\/de\/#website","url":"https:\/\/www.allgeier.com\/de\/","name":"Allgeier SE","description":"Software &amp; IT Services for digital transformation","potentialAction":[{"@type":"SearchAction","target":{"@type":"EntryPoint","urlTemplate":"https:\/\/www.allgeier.com\/de\/?s={search_term_string}"},"query-input":{"@type":"PropertyValueSpecification","valueRequired":true,"valueName":"search_term_string"}}],"inLanguage":"de"}]}},"_links":{"self":[{"href":"https:\/\/www.allgeier.com\/de\/wp-json\/wp\/v2\/pages\/5278","targetHints":{"allow":["GET"]}}],"collection":[{"href":"https:\/\/www.allgeier.com\/de\/wp-json\/wp\/v2\/pages"}],"about":[{"href":"https:\/\/www.allgeier.com\/de\/wp-json\/wp\/v2\/types\/page"}],"author":[{"embeddable":true,"href":"https:\/\/www.allgeier.com\/de\/wp-json\/wp\/v2\/users\/4"}],"replies":[{"embeddable":true,"href":"https:\/\/www.allgeier.com\/de\/wp-json\/wp\/v2\/comments?post=5278"}],"version-history":[{"count":1,"href":"https:\/\/www.allgeier.com\/de\/wp-json\/wp\/v2\/pages\/5278\/revisions"}],"predecessor-version":[{"id":5279,"href":"https:\/\/www.allgeier.com\/de\/wp-json\/wp\/v2\/pages\/5278\/revisions\/5279"}],"up":[{"embeddable":true,"href":"https:\/\/www.allgeier.com\/de\/wp-json\/wp\/v2\/pages\/1169"}],"wp:attachment":[{"href":"https:\/\/www.allgeier.com\/de\/wp-json\/wp\/v2\/media?parent=5278"}],"wp:term":[{"taxonomy":"category","embeddable":true,"href":"https:\/\/www.allgeier.com\/de\/wp-json\/wp\/v2\/categories?post=5278"},{"taxonomy":"post_tag","embeddable":true,"href":"https:\/\/www.allgeier.com\/de\/wp-json\/wp\/v2\/tags?post=5278"}],"curies":[{"name":"wp","href":"https:\/\/api.w.org\/{rel}","templated":true}]}}