{"id":5350,"date":"2022-07-27T13:42:49","date_gmt":"2022-07-27T13:42:49","guid":{"rendered":"https:\/\/www.allgeier.com\/de\/?page_id=5350"},"modified":"2023-01-22T17:09:56","modified_gmt":"2023-01-22T17:09:56","slug":"allgeier-se-zeigt-im-ersten-halbjahr-2022-deutliches-umsatz-und-ergebniswachstum-und-bestaetigt-guidance-fuer-2022","status":"publish","type":"page","link":"https:\/\/www.allgeier.com\/de\/investor-relations\/adhoc-announcements\/allgeier-se-zeigt-im-ersten-halbjahr-2022-deutliches-umsatz-und-ergebniswachstum-und-bestaetigt-guidance-fuer-2022\/","title":{"rendered":"Allgeier SE zeigt im ersten Halbjahr 2022 deutliches Umsatz- und Ergebniswachstum und best\u00e4tigt Guidance f\u00fcr 2022"},"content":{"rendered":"<table class=\"news_layout style2015\" border=\"0\" cellpadding=\"0\" cellspacing=\"0\">\n<tr>\n<td>\n<p class=\"news_top\">ALLGEIER SE \/ Schlagwort(e): Halbjahresergebnis\/Vorl\u00e4ufiges Ergebnis<br \/>Allgeier SE zeigt im ersten Halbjahr 2022 deutliches Umsatz- und Ergebniswachstum und best\u00e4tigt Guidance f\u00fcr 2022<\/p>\n<p><span class=\"news_top_date\">27.07.2022 \/ 15:42 CET\/CEST<\/span><br \/>Ver\u00f6ffentlichung einer Insiderinformation nach Artikel 17 der Verordnung (EU) Nr. 596\/2014, \u00fcbermittelt durch DGAP &#8211; ein Service der EQS Group AG.<br \/>F\u00fcr den Inhalt der Mitteilung ist der Emittent \/ Herausgeber verantwortlich.<\/p>\n<hr \/>\n<div class=\"break-word news_main\"><i>M\u00fcnchen, 27. Juli 2022 \u2013<\/i> Allgeier SE (ISIN DE000A2GS633, WKN A2GS63) hat im ersten Halbjahr 2022 (01. Januar 2022 \u2013 30. Juni 2022) gem\u00e4\u00df vorl\u00e4ufiger Zahlen ein Umsatzwachstum von 19 Prozent erzielt und das Ergebnis \u00fcberproportional gesteigert. Die bereinigte EBITDA-Marge betrug 11 Prozent.<\/p>\n<p>Gesch\u00e4ftsentwicklung des fortgef\u00fchrten Gesch\u00e4fts im ersten Halbjahr 2022<\/p>\n<p>In Summe stieg der Umsatz im fortgef\u00fchrten Gesch\u00e4ft des Allgeier Konzerns in den ersten sechs Monaten des Jahres 2022 gegen\u00fcber dem ersten Halbjahr 2021 um 19 Prozent auf 228,8 Mio. Euro (Vorjahr: 192,4 Mio. Euro). Die Wertsch\u00f6pfung (definiert als Gesamtleistung abz\u00fcglich der den Ums\u00e4tzen direkt zurechenbaren Umsatz- und Personalkosten) erh\u00f6hte sich in diesem Zeitraum um 22 Prozent auf 70,3 Mio. Euro (Vorjahr: 57,6 Mio. Euro). Das bereinigte EBITDA (Ergebnis vor Abschreibungen auf Sachanlagen und Abschreibungen auf immaterielle Verm\u00f6gensgegenst\u00e4nde, Zinsen und Steuern, bereinigt um au\u00dferordentliche und periodenfremde Positionen) stieg um 38 Prozent auf 24,8 Mio. Euro (Vorjahr: 18,0 Mio. Euro). Das EBITDA (Ergebnis vor Abschreibungen auf Sachanlagen und Abschreibungen auf immaterielle Verm\u00f6gensgegenst\u00e4nde, Zinsen und Steuern) wuchs im Berichtszeitraum nach den au\u00dferordentlichen Positionen um 118 Prozent auf 25,9 Mio. Euro (Vorjahr: 11,9 Mio. Euro). Das EBIT (Ergebnis vor Zinsen und Steuern) betrug 12,9 Mio. Euro (Vorjahr: 3,8 Mio. Euro), entsprechend einer Steigerung um 239 Prozent.<\/p>\n<table class=\"news_layout_data_tabel news_layout_data_table\" cellspacing=\"0\" cellpadding=\"0\" border=\"0\">\n<tbody>\n<tr>\n<td valign=\"top\">Wichtige Konzernkennzahlen*<\/td>\n<td align=\"center\" valign=\"top\">1. Halbjahr 2022<\/td>\n<td align=\"center\" valign=\"top\">1. Halbjahr 2021<\/td>\n<td align=\"right\" valign=\"top\">Ver\u00e4nderung<\/td>\n<\/tr>\n<tr>\n<td valign=\"top\">Umsatzerl\u00f6se<\/td>\n<td align=\"right\" valign=\"top\">228,8<\/td>\n<td align=\"right\" valign=\"top\">192,4<\/td>\n<td align=\"right\" valign=\"top\">+ 19 %<\/td>\n<\/tr>\n<tr>\n<td valign=\"top\">Wertsch\u00f6pfung<\/td>\n<td align=\"right\" valign=\"top\">70,3<\/td>\n<td align=\"right\" valign=\"top\">57,6<\/td>\n<td align=\"right\" valign=\"top\">+ 22 %<\/td>\n<\/tr>\n<tr>\n<td valign=\"top\">Bereinigtes EBITDA<\/td>\n<td align=\"right\" valign=\"top\">24,8<\/td>\n<td align=\"right\" valign=\"top\">18,0<\/td>\n<td align=\"right\" valign=\"top\">+ 38 %<\/td>\n<\/tr>\n<tr>\n<td valign=\"top\">EBITDA<\/td>\n<td align=\"right\" valign=\"top\">25,9<\/td>\n<td align=\"right\" valign=\"top\">11,9<\/td>\n<td align=\"right\" valign=\"top\">+ 118 %<\/td>\n<\/tr>\n<tr>\n<td valign=\"top\">EBIT<\/td>\n<td align=\"right\" valign=\"top\">12,9<\/td>\n<td align=\"right\" valign=\"top\">3,8<\/td>\n<td align=\"right\" valign=\"top\">+ 239 %<\/td>\n<\/tr>\n<\/tbody>\n<\/table>\n<p>*Fortgef\u00fchrtes Gesch\u00e4ft nach IFRS, Angaben in Mio. Euro (soweit nicht anders vermerkt)<\/p>\n<p>Gesch\u00e4ftsentwicklung des fortgef\u00fchrten Gesch\u00e4fts im zweiten Quartal 2022<\/p>\n<p>Im zweiten Quartal 2022 (01. April 2022 \u2013 30. Juni 2022) steigerte der Allgeier Konzern im fortgef\u00fchrten Gesch\u00e4ft den Umsatz gegen\u00fcber dem Vergleichszeitraum des Vorjahres um 19 Prozent auf 116,7 Mio. Euro (Vorjahr: 97,8 Mio. Euro). Im selben Zeitraum stieg die Wertsch\u00f6pfung um 16 Prozent auf 33,1 Mio. Euro (Vorjahr: 28,5 Mio. Euro). Das bereinigte EBITDA des zweiten Quartals 2022 lag mit 13,5 Mio. Euro um 31 Prozent \u00fcber dem Ergebnis der Vorjahresperiode (Vorjahr: 10,3 Mio. Euro). Das EBITDA betrug 14,4 Mio. Euro (Vorjahr: 4,3 Mio. Euro), entsprechend einer Ausweitung um 235 Prozent gegen\u00fcber dem Vergleichszeitraum des Vorjahres. Das EBIT stieg auf 7,8 Mio. Euro (Vorjahr: 0,2 Mio. Euro).<\/p>\n<p>Eckdaten der Bilanz zum 30. Juni 2022<\/p>\n<p>Das Konzerneigenkapital erh\u00f6hte sich zum Bilanzstichtag 30. Juni 2022 gem\u00e4\u00df vorl\u00e4ufiger Zahlen auf 168 Mio. Euro (31. Dezember 2021: 163 Mio. Euro). Dem Allgeier Konzern standen zum Ende des zweiten Quartals 2022 liquide Mittel in H\u00f6he von 69 Mio. Euro zur Verf\u00fcgung (31. Dezember 2021: 69 Mio. Euro). Die Nettofinanzverbindlichkeiten des Konzerns sanken zum Bilanzstichtag auf 107 Mio. Euro, davon 43 Mio. Euro Verbindlichkeiten aus Miet- und Leasingvertr\u00e4gen (31. Dezember 2021: 114 Mio. Euro, davon 45 Mio. Euro Verbindlichkeiten aus Miet- und Leasingvertr\u00e4gen). Die kurz- und langfristigen Finanzschulden lagen zum Ende des ersten Halbjahres 2022 bei 134 Mio. Euro (31. Dezember 2021: 138 Mio. Euro). Die Bilanzsumme betrug zum 30. Juni 2022 493 Mio. Euro (31. Dezember 2021: 485 Mio. Euro).<\/p>\n<p>Ausblick auf die zweite Jahresh\u00e4lfte 2022<\/p>\n<p>Die Allgeier SE best\u00e4tigt Stand heute die Guidance f\u00fcr das Gesch\u00e4ftsjahr 2022, die in der Ad-hoc-Mitteilung vom 17. Dezember 2021 sowie im Allgeier SE Gesch\u00e4ftsbericht 2021 ver\u00f6ffentlicht wurde.<\/p>\n<p>Hinweise<\/p>\n<p>Der Halbjahresfinanzbericht 2022 der Allgeier SE wird am 15. August 2022 ver\u00f6ffentlicht und ist dann unter www.allgeier.com einzusehen.<\/p>\n<p>Alle genannten Zahlen wurden gem\u00e4\u00df IFRS erstellt, sind vorl\u00e4ufig und nicht auditiert.<\/p>\n<p>Es wird ferner darauf hingewiesen, dass Angaben f\u00fcr Zeitr\u00e4ume nach dem 30. Juni 2022 auf Annahmen und Sch\u00e4tzungen beruhende Erwartungen des Vorstands darstellen. Die k\u00fcnftigen tats\u00e4chlichen Entwicklungen und die k\u00fcnftigen tats\u00e4chlichen Ergebnisse k\u00f6nnen von diesen Annahmen und Sch\u00e4tzungen abweichen. Die Allgeier SE \u00fcbernimmt keine Gew\u00e4hrleistung und keine Haftung daf\u00fcr, dass die k\u00fcnftigen Entwicklungen und die k\u00fcnftig erzielten tats\u00e4chlichen Ergebnisse mit den in dieser Ad-hoc-Mitteilung ge\u00e4u\u00dferten Annahmen und Sch\u00e4tzungen \u00fcbereinstimmen werden.<\/p>\n<p>Dieses Dokument enth\u00e4lt \u2013 in einschl\u00e4gigen Rechnungslegungsrahmen nicht genau bestimmte \u2013 erg\u00e4nzende Finanzkennzahlen, die sogenannte alternative Leistungskennzahlen sind oder sein k\u00f6nnen. Diese erg\u00e4nzenden Finanzkennzahlen k\u00f6nnen als Analyseinstrument nur eingeschr\u00e4nkt tauglich sein und sollten f\u00fcr die Beurteilung der Verm\u00f6gens-, Finanz- und Ertragslage der Allgeier SE nicht isoliert oder als Alternative zu den im Konzernabschluss dargestellten und im Einklang mit einschl\u00e4gigen Rechnungslegungsrahmen ermittelten Finanzkennzahlen herangezogen werden. Andere Unternehmen, die alternative Leistungskennzahlen mit einer \u00e4hnlichen Bezeichnung darstellen oder berichten, k\u00f6nnen diese anders berechnen, so dass sie deshalb m\u00f6glicherweise nicht vergleichbar sind. Weitere Informationen zu den von der Allgeier SE verwendeten alternativen Leistungskennzahlen finden Sie im Gesch\u00e4ftsbericht 2021.<\/p>\n<p>Kontakt:<\/p>\n<p>Allgeier SE<br \/>Corporate Communications &amp; Investor Relations<br \/>Dr. Christopher Gro\u00dfe<br \/>Einsteinstra\u00dfe 172<br \/>81677 M\u00fcnchen<br \/>Tel.: +49 (0)89\/998421-0<br \/>Fax: +49 (0)89\/998421-11<br \/>E-Mail: ir@allgeier.com<br \/>Web: www.allgeier.com<\/p>\n<p style=\"text-align:justify\">Allgeier SE ist eines der f\u00fchrenden Technologie-Unternehmen f\u00fcr digitale Transformation: Die stark wachsende Gruppe mit Hauptsitz in M\u00fcnchen f\u00fchrt ihre Kunden durch die Herausforderungen des digitalen Wandels, um deren zuk\u00fcnftigen Erfolg sicherzustellen. Allgeier verf\u00fcgt \u00fcber eine breite und stabile Kundenbasis aus global agierenden Konzernen, leistungsstarken mittelst\u00e4ndischen Unternehmen sowie Auftraggebern des \u00f6ffentlichen Sektors. Den \u00fcber 2.000 Kunden bietet Allgeier ein vollumf\u00e4ngliches IT- und Software-Services-Portfolio, das von High-End-Softwareentwicklung bis hin zu Business Efficiency Solutions zur Unterst\u00fctzung der Digitalisierung und Transformation gesch\u00e4ftskritischer Prozesse reicht. Allgeier erzielt dabei Durchbr\u00fcche hin zu neuen digitalen Gesch\u00e4ftsmodellen, definiert strategische Priorit\u00e4ten und realisiert mit hoher Flexibilit\u00e4t und Skalierbarkeit bahnbrechende Projekte, um agile und intelligente Organisationen f\u00fcr das digitale Zeitalter zu gestalten. In den beiden Konzernsegmenten Enterprise IT und mgm technology partners sind \u00fcber 3.100 angestellte Mitarbeiter und mehr als 1.100 freiberufliche Experten an weltweit insgesamt 42 Standorten in der DACH-Region, in Frankreich und der Tschechischen Republik sowie in Indien, Vietnam und den USA t\u00e4tig. Im Gesch\u00e4ftsjahr 2021 erzielte Allgeier im fortgef\u00fchrten Gesch\u00e4ft einen Umsatz von 403 Mio. Euro. Gem\u00e4\u00df L\u00fcnendonk\u00ae-Liste 2022 z\u00e4hlt Allgeier zu den f\u00fchrenden IT-Service-Unternehmen in Deutschland. Allgeier SE ist am Regulierten Markt der Frankfurter Wertpapierb\u00f6rse im General Standard gelistet (WKN A2GS63, ISIN DE000A2GS633). Weitere Informationen unter: www.allgeier.com<\/p>\n<\/div>\n<hr \/>\n<hr \/>\n<\/td>\n<\/tr>\n<\/table>\n<p><\/p>\n<div class=\"\">\n<p class=\"\">\n<\/div>\n","protected":false},"excerpt":{"rendered":"<p>ALLGEIER SE \/ Schlagwort(e): Halbjahresergebnis\/Vorl\u00e4ufiges Ergebnis Allgeier SE zeigt im ersten Halbjahr 2022 deutliches Umsatz- und Ergebniswachstum und best\u00e4tigt Guidance f\u00fcr 2022 27.07.2022 \/ 15:42 CET\/CEST Ver\u00f6ffentlichung einer Insiderinformation nach Artikel 17 der Verordnung (EU) Nr. 596\/2014,<\/p>\n","protected":false},"author":4,"featured_media":0,"parent":1155,"menu_order":0,"comment_status":"close","ping_status":"closed","template":"","meta":{"_acf_changed":false,"footnotes":""},"categories":[],"tags":[],"class_list":["post-5350","page","type-page","status-publish","hentry"],"acf":[],"yoast_head":"<!-- This site is optimized with the Yoast SEO plugin v27.4 - https:\/\/yoast.com\/product\/yoast-seo-wordpress\/ -->\n<title>Allgeier SE zeigt im ersten Halbjahr 2022 deutliches Umsatz- und Ergebniswachstum und best\u00e4tigt Guidance f\u00fcr 2022 - Allgeier SE<\/title>\n<meta name=\"robots\" content=\"index, follow, max-snippet:-1, max-image-preview:large, max-video-preview:-1\" \/>\n<link rel=\"canonical\" href=\"https:\/\/www.allgeier.com\/de\/investor-relations\/adhoc-announcements\/allgeier-se-zeigt-im-ersten-halbjahr-2022-deutliches-umsatz-und-ergebniswachstum-und-bestaetigt-guidance-fuer-2022\/\" \/>\n<meta property=\"og:locale\" content=\"de_DE\" \/>\n<meta property=\"og:type\" content=\"article\" \/>\n<meta property=\"og:title\" content=\"Allgeier SE zeigt im ersten Halbjahr 2022 deutliches Umsatz- und Ergebniswachstum und best\u00e4tigt Guidance f\u00fcr 2022 - Allgeier SE\" \/>\n<meta property=\"og:description\" content=\"ALLGEIER SE \/ Schlagwort(e): Halbjahresergebnis\/Vorl\u00e4ufiges Ergebnis Allgeier SE zeigt im ersten Halbjahr 2022 deutliches Umsatz- und Ergebniswachstum und best\u00e4tigt Guidance f\u00fcr 2022 27.07.2022 \/ 15:42 CET\/CEST Ver\u00f6ffentlichung einer Insiderinformation nach Artikel 17 der Verordnung (EU) Nr. 596\/2014,\" \/>\n<meta property=\"og:url\" content=\"https:\/\/www.allgeier.com\/de\/investor-relations\/adhoc-announcements\/allgeier-se-zeigt-im-ersten-halbjahr-2022-deutliches-umsatz-und-ergebniswachstum-und-bestaetigt-guidance-fuer-2022\/\" \/>\n<meta property=\"og:site_name\" content=\"Allgeier SE\" \/>\n<meta property=\"article:modified_time\" content=\"2023-01-22T17:09:56+00:00\" \/>\n<meta name=\"twitter:card\" content=\"summary_large_image\" \/>\n<meta name=\"twitter:label1\" content=\"Gesch\u00e4tzte Lesezeit\" \/>\n\t<meta name=\"twitter:data1\" content=\"5\u00a0Minuten\" \/>\n<script type=\"application\/ld+json\" class=\"yoast-schema-graph\">{\"@context\":\"https:\\\/\\\/schema.org\",\"@graph\":[{\"@type\":\"WebPage\",\"@id\":\"https:\\\/\\\/www.allgeier.com\\\/de\\\/investor-relations\\\/adhoc-announcements\\\/allgeier-se-zeigt-im-ersten-halbjahr-2022-deutliches-umsatz-und-ergebniswachstum-und-bestaetigt-guidance-fuer-2022\\\/\",\"url\":\"https:\\\/\\\/www.allgeier.com\\\/de\\\/investor-relations\\\/adhoc-announcements\\\/allgeier-se-zeigt-im-ersten-halbjahr-2022-deutliches-umsatz-und-ergebniswachstum-und-bestaetigt-guidance-fuer-2022\\\/\",\"name\":\"Allgeier SE zeigt im ersten Halbjahr 2022 deutliches Umsatz- und Ergebniswachstum und best\u00e4tigt Guidance f\u00fcr 2022 - Allgeier SE\",\"isPartOf\":{\"@id\":\"https:\\\/\\\/www.allgeier.com\\\/de\\\/#website\"},\"datePublished\":\"2022-07-27T13:42:49+00:00\",\"dateModified\":\"2023-01-22T17:09:56+00:00\",\"breadcrumb\":{\"@id\":\"https:\\\/\\\/www.allgeier.com\\\/de\\\/investor-relations\\\/adhoc-announcements\\\/allgeier-se-zeigt-im-ersten-halbjahr-2022-deutliches-umsatz-und-ergebniswachstum-und-bestaetigt-guidance-fuer-2022\\\/#breadcrumb\"},\"inLanguage\":\"de\",\"potentialAction\":[{\"@type\":\"ReadAction\",\"target\":[\"https:\\\/\\\/www.allgeier.com\\\/de\\\/investor-relations\\\/adhoc-announcements\\\/allgeier-se-zeigt-im-ersten-halbjahr-2022-deutliches-umsatz-und-ergebniswachstum-und-bestaetigt-guidance-fuer-2022\\\/\"]}]},{\"@type\":\"BreadcrumbList\",\"@id\":\"https:\\\/\\\/www.allgeier.com\\\/de\\\/investor-relations\\\/adhoc-announcements\\\/allgeier-se-zeigt-im-ersten-halbjahr-2022-deutliches-umsatz-und-ergebniswachstum-und-bestaetigt-guidance-fuer-2022\\\/#breadcrumb\",\"itemListElement\":[{\"@type\":\"ListItem\",\"position\":1,\"name\":\"Home\",\"item\":\"https:\\\/\\\/www.allgeier.com\\\/de\\\/\"},{\"@type\":\"ListItem\",\"position\":2,\"name\":\"Investor Relations\",\"item\":\"https:\\\/\\\/www.allgeier.com\\\/de\\\/investor-relations\\\/\"},{\"@type\":\"ListItem\",\"position\":3,\"name\":\"Ad hoc-Mitteilungen\",\"item\":\"https:\\\/\\\/www.allgeier.com\\\/de\\\/investor-relations\\\/adhoc-announcements\\\/\"},{\"@type\":\"ListItem\",\"position\":4,\"name\":\"Allgeier SE zeigt im ersten Halbjahr 2022 deutliches Umsatz- und Ergebniswachstum und best\u00e4tigt Guidance f\u00fcr 2022\"}]},{\"@type\":\"WebSite\",\"@id\":\"https:\\\/\\\/www.allgeier.com\\\/de\\\/#website\",\"url\":\"https:\\\/\\\/www.allgeier.com\\\/de\\\/\",\"name\":\"Allgeier SE\",\"description\":\"Software &amp; IT Services for digital transformation\",\"potentialAction\":[{\"@type\":\"SearchAction\",\"target\":{\"@type\":\"EntryPoint\",\"urlTemplate\":\"https:\\\/\\\/www.allgeier.com\\\/de\\\/?s={search_term_string}\"},\"query-input\":{\"@type\":\"PropertyValueSpecification\",\"valueRequired\":true,\"valueName\":\"search_term_string\"}}],\"inLanguage\":\"de\"}]}<\/script>\n<!-- \/ Yoast SEO plugin. -->","yoast_head_json":{"title":"Allgeier SE zeigt im ersten Halbjahr 2022 deutliches Umsatz- und Ergebniswachstum und best\u00e4tigt Guidance f\u00fcr 2022 - Allgeier SE","robots":{"index":"index","follow":"follow","max-snippet":"max-snippet:-1","max-image-preview":"max-image-preview:large","max-video-preview":"max-video-preview:-1"},"canonical":"https:\/\/www.allgeier.com\/de\/investor-relations\/adhoc-announcements\/allgeier-se-zeigt-im-ersten-halbjahr-2022-deutliches-umsatz-und-ergebniswachstum-und-bestaetigt-guidance-fuer-2022\/","og_locale":"de_DE","og_type":"article","og_title":"Allgeier SE zeigt im ersten Halbjahr 2022 deutliches Umsatz- und Ergebniswachstum und best\u00e4tigt Guidance f\u00fcr 2022 - Allgeier SE","og_description":"ALLGEIER SE \/ Schlagwort(e): Halbjahresergebnis\/Vorl\u00e4ufiges Ergebnis Allgeier SE zeigt im ersten Halbjahr 2022 deutliches Umsatz- und Ergebniswachstum und best\u00e4tigt Guidance f\u00fcr 2022 27.07.2022 \/ 15:42 CET\/CEST Ver\u00f6ffentlichung einer Insiderinformation nach Artikel 17 der Verordnung (EU) Nr. 596\/2014,","og_url":"https:\/\/www.allgeier.com\/de\/investor-relations\/adhoc-announcements\/allgeier-se-zeigt-im-ersten-halbjahr-2022-deutliches-umsatz-und-ergebniswachstum-und-bestaetigt-guidance-fuer-2022\/","og_site_name":"Allgeier SE","article_modified_time":"2023-01-22T17:09:56+00:00","twitter_card":"summary_large_image","twitter_misc":{"Gesch\u00e4tzte Lesezeit":"5\u00a0Minuten"},"schema":{"@context":"https:\/\/schema.org","@graph":[{"@type":"WebPage","@id":"https:\/\/www.allgeier.com\/de\/investor-relations\/adhoc-announcements\/allgeier-se-zeigt-im-ersten-halbjahr-2022-deutliches-umsatz-und-ergebniswachstum-und-bestaetigt-guidance-fuer-2022\/","url":"https:\/\/www.allgeier.com\/de\/investor-relations\/adhoc-announcements\/allgeier-se-zeigt-im-ersten-halbjahr-2022-deutliches-umsatz-und-ergebniswachstum-und-bestaetigt-guidance-fuer-2022\/","name":"Allgeier SE zeigt im ersten Halbjahr 2022 deutliches Umsatz- und Ergebniswachstum und best\u00e4tigt Guidance f\u00fcr 2022 - Allgeier SE","isPartOf":{"@id":"https:\/\/www.allgeier.com\/de\/#website"},"datePublished":"2022-07-27T13:42:49+00:00","dateModified":"2023-01-22T17:09:56+00:00","breadcrumb":{"@id":"https:\/\/www.allgeier.com\/de\/investor-relations\/adhoc-announcements\/allgeier-se-zeigt-im-ersten-halbjahr-2022-deutliches-umsatz-und-ergebniswachstum-und-bestaetigt-guidance-fuer-2022\/#breadcrumb"},"inLanguage":"de","potentialAction":[{"@type":"ReadAction","target":["https:\/\/www.allgeier.com\/de\/investor-relations\/adhoc-announcements\/allgeier-se-zeigt-im-ersten-halbjahr-2022-deutliches-umsatz-und-ergebniswachstum-und-bestaetigt-guidance-fuer-2022\/"]}]},{"@type":"BreadcrumbList","@id":"https:\/\/www.allgeier.com\/de\/investor-relations\/adhoc-announcements\/allgeier-se-zeigt-im-ersten-halbjahr-2022-deutliches-umsatz-und-ergebniswachstum-und-bestaetigt-guidance-fuer-2022\/#breadcrumb","itemListElement":[{"@type":"ListItem","position":1,"name":"Home","item":"https:\/\/www.allgeier.com\/de\/"},{"@type":"ListItem","position":2,"name":"Investor Relations","item":"https:\/\/www.allgeier.com\/de\/investor-relations\/"},{"@type":"ListItem","position":3,"name":"Ad hoc-Mitteilungen","item":"https:\/\/www.allgeier.com\/de\/investor-relations\/adhoc-announcements\/"},{"@type":"ListItem","position":4,"name":"Allgeier SE zeigt im ersten Halbjahr 2022 deutliches Umsatz- und Ergebniswachstum und best\u00e4tigt Guidance f\u00fcr 2022"}]},{"@type":"WebSite","@id":"https:\/\/www.allgeier.com\/de\/#website","url":"https:\/\/www.allgeier.com\/de\/","name":"Allgeier SE","description":"Software &amp; IT Services for digital transformation","potentialAction":[{"@type":"SearchAction","target":{"@type":"EntryPoint","urlTemplate":"https:\/\/www.allgeier.com\/de\/?s={search_term_string}"},"query-input":{"@type":"PropertyValueSpecification","valueRequired":true,"valueName":"search_term_string"}}],"inLanguage":"de"}]}},"_links":{"self":[{"href":"https:\/\/www.allgeier.com\/de\/wp-json\/wp\/v2\/pages\/5350","targetHints":{"allow":["GET"]}}],"collection":[{"href":"https:\/\/www.allgeier.com\/de\/wp-json\/wp\/v2\/pages"}],"about":[{"href":"https:\/\/www.allgeier.com\/de\/wp-json\/wp\/v2\/types\/page"}],"author":[{"embeddable":true,"href":"https:\/\/www.allgeier.com\/de\/wp-json\/wp\/v2\/users\/4"}],"replies":[{"embeddable":true,"href":"https:\/\/www.allgeier.com\/de\/wp-json\/wp\/v2\/comments?post=5350"}],"version-history":[{"count":1,"href":"https:\/\/www.allgeier.com\/de\/wp-json\/wp\/v2\/pages\/5350\/revisions"}],"predecessor-version":[{"id":5351,"href":"https:\/\/www.allgeier.com\/de\/wp-json\/wp\/v2\/pages\/5350\/revisions\/5351"}],"up":[{"embeddable":true,"href":"https:\/\/www.allgeier.com\/de\/wp-json\/wp\/v2\/pages\/1155"}],"wp:attachment":[{"href":"https:\/\/www.allgeier.com\/de\/wp-json\/wp\/v2\/media?parent=5350"}],"wp:term":[{"taxonomy":"category","embeddable":true,"href":"https:\/\/www.allgeier.com\/de\/wp-json\/wp\/v2\/categories?post=5350"},{"taxonomy":"post_tag","embeddable":true,"href":"https:\/\/www.allgeier.com\/de\/wp-json\/wp\/v2\/tags?post=5350"}],"curies":[{"name":"wp","href":"https:\/\/api.w.org\/{rel}","templated":true}]}}