{"id":5372,"date":"2021-07-29T12:54:54","date_gmt":"2021-07-29T12:54:54","guid":{"rendered":"https:\/\/www.allgeier.com\/de\/?page_id=5372"},"modified":"2023-01-22T17:09:57","modified_gmt":"2023-01-22T17:09:57","slug":"allgeier-erzielt-im-ersten-halbjahr-2021-deutliches-umsatz-und-ergebniswachstum-und-hebt-die-guidance-fuer-das-jahr-2021-an","status":"publish","type":"page","link":"https:\/\/www.allgeier.com\/de\/investor-relations\/adhoc-announcements\/allgeier-erzielt-im-ersten-halbjahr-2021-deutliches-umsatz-und-ergebniswachstum-und-hebt-die-guidance-fuer-das-jahr-2021-an\/","title":{"rendered":"Allgeier erzielt im ersten Halbjahr 2021 deutliches Umsatz- und Ergebniswachstum und hebt die Guidance f\u00fcr das Jahr 2021 an"},"content":{"rendered":"<table class=\"news_layout style2015\" border=\"0\" cellpadding=\"0\" cellspacing=\"0\">\n<tr>\n<td>\n<p class=\"news_top\">ALLGEIER SE \/ Schlagwort(e): Halbjahresergebnis\/Prognose\u00e4nderung<br \/>Allgeier erzielt im ersten Halbjahr 2021 deutliches Umsatz- und Ergebniswachstum und hebt die Guidance f\u00fcr das Jahr 2021 an<\/p>\n<p><span class=\"news_top_date\">29.07.2021 \/ 14:54 CET\/CEST<\/span><br \/>Ver\u00f6ffentlichung einer Insiderinformation nach Artikel 17 der Verordnung (EU) Nr. 596\/2014, \u00fcbermittelt durch DGAP &#8211; ein Service der EQS Group AG.<br \/>F\u00fcr den Inhalt der Mitteilung ist der Emittent \/ Herausgeber verantwortlich.<\/p>\n<hr \/>\n<div class=\"break-word news_main\">\n<p><i>M\u00fcnchen, 29. Juli 2021 &#8211;<\/i> Allgeier SE (ISIN DE000A2GS633, WKN A2GS63) hat im ersten Halbjahr 2021 (01. Januar 2021 &#8211; 30. Juni 2021) gem\u00e4\u00df vorl\u00e4ufiger Zahlen ein Umsatzwachstum von 8 Prozent erzielt. Die bereinigte EBITDA-Marge betrug 9 Prozent.<\/p>\n<p>Gesch\u00e4ftsentwicklung des fortgef\u00fchrten Gesch\u00e4fts im ersten Halbjahr 2021<\/p>\n<p style=\"text-align: justify\">In Summe stieg der Umsatz im fortgef\u00fchrten Gesch\u00e4ft des Allgeier Konzerns im ersten Halbjahr 2021 gegen\u00fcber den ersten sechs Monaten des Jahres 2020 um 8 Prozent auf 192,4 Mio. Euro (Vorjahr: 178,4 Mio. Euro). Die Wertsch\u00f6pfung (definiert als Gesamtleistung abz\u00fcglich der den Ums\u00e4tzen direkt zurechenbaren Umsatz- und Personalkosten) erh\u00f6hte sich in diesem Zeitraum um 23 Prozent auf 57,6 Mio. Euro (Vorjahr: 46,7 Mio. Euro). Das bereinigte EBITDA (Ergebnis vor Abschreibungen auf Sachanlagen und Abschreibungen auf immaterielle Verm\u00f6gensgegenst\u00e4nde, Zinsen und Steuern, bereinigt um au\u00dferordentliche und periodenfremde Positionen) stieg um 77 Prozent auf 18,0 Mio. Euro (Vorjahr: 10,2 Mio. Euro). Bereinigt wird inbesondere eine au\u00dferordentliche Position mit einem Gesamtbetrag von 6,1 Mio. Euro, die aus der Bewertung von 900.000 im Juni 2021 ausgegebenen Aktienoptionen mit einer Laufzeit von zehn Jahren resultiert. Dieser Betrag wird den Personalkosten zugeordnet und reduziert damit die Ergebnispositionen im zweiten Quartal 2021, ist aber nicht cash-relevant, da f\u00fcr die sp\u00e4tere Aus\u00fcbung der Optionsrechte ein bedingtes Kapital besteht. Das EBITDA (Ergebnis vor Abschreibungen auf Sachanlagen und Abschreibungen auf immaterielle Verm\u00f6gensgegenst\u00e4nde, Zinsen und Steuern) wuchs im Berichtszeitraum nach den au\u00dferordentlichen Positionen um 50 Prozent auf 11,9 Mio. Euro (Vorjahr: 8,0 Mio. Euro). Das EBIT (Ergebnis vor Zinsen und Steuern) betrug 3,8 Mio. Euro (Vorjahr: 0,8 Mio. Euro). Bereinigt um die au\u00dferordentliche Position der Bewertung der Aktienoptionen w\u00fcrde das EBIT im ersten Halbjahr 2021 9,9 Mio. Euro betragen.<\/p>\n<table class=\"news_layout_data_tabel news_layout_data_table\" cellspacing=\"0\" cellpadding=\"0\" border=\"0\">\n<tbody>\n<tr>\n<td align=\"left\" valign=\"top\">Wichtige Konzernkennzahlen*<\/td>\n<td align=\"center\" valign=\"top\">1. HJ 2021<\/td>\n<td align=\"center\" valign=\"top\">1. HJ 2020<\/td>\n<td align=\"right\" valign=\"top\">Ver\u00e4nderung<\/td>\n<\/tr>\n<tr>\n<td align=\"left\" valign=\"top\">Umsatzerl\u00f6se<\/td>\n<td align=\"right\" valign=\"top\">192,4<\/td>\n<td align=\"right\" valign=\"top\">178,4<\/td>\n<td align=\"right\" valign=\"top\">+ 8 %<\/td>\n<\/tr>\n<tr>\n<td align=\"left\" valign=\"top\">Wertsch\u00f6pfung<\/td>\n<td align=\"right\" valign=\"top\">57,6<\/td>\n<td align=\"right\" valign=\"top\">44,7<\/td>\n<td align=\"right\" valign=\"top\">+ 23 %<\/td>\n<\/tr>\n<tr>\n<td align=\"left\" valign=\"top\">Bereinigtes EBITDA<\/td>\n<td align=\"right\" valign=\"top\">18,0<\/td>\n<td align=\"right\" valign=\"top\">10,2<\/td>\n<td align=\"right\" valign=\"top\">+ 77 %<\/td>\n<\/tr>\n<tr>\n<td align=\"left\" valign=\"top\">EBITDA<\/td>\n<td align=\"right\" valign=\"top\">11,9<\/td>\n<td align=\"right\" valign=\"top\">8,0<\/td>\n<td align=\"right\" valign=\"top\">+ 50 %<\/td>\n<\/tr>\n<tr>\n<td align=\"left\" valign=\"top\">EBIT<\/td>\n<td align=\"right\" valign=\"top\">3,8<\/td>\n<td align=\"right\" valign=\"top\">0,8<\/td>\n<td align=\"right\" valign=\"top\">+ 377 %<\/td>\n<\/tr>\n<\/tbody>\n<\/table>\n<p>\u00a0<\/p>\n<p>*Fortgef\u00fchrtes Gesch\u00e4ft nach IFRS, Angaben in Mio. Euro (soweit nicht anders vermerkt)<\/p>\n<p>Gesch\u00e4ftsentwicklung des fortgef\u00fchrten Gesch\u00e4fts im zweiten Quartal 2021<\/p>\n<p style=\"text-align: justify\">Im zweiten Quartal 2021 (01. April 2021 &#8211; 30. Juni 2021) steigerte der Allgeier Konzern im fortgef\u00fchrten Gesch\u00e4ft den Umsatz gegen\u00fcber dem Vergleichszeitraum des Vorjahres um 12 Prozent auf 97,7 Mio. Euro (Vorjahr: 86,6 Mio. Euro). Im selben Zeitraum stieg die Wertsch\u00f6pfung um 34 Prozent auf 28,5 Mio. Euro (Vorjahr: 21,2 Mio. Euro). Das bereinigte EBITDA lag mit 10,3 Mio. Euro um 69 Prozent \u00fcber dem Ergebnis der Vorjahresperiode (Vorjahr: 6,1 Mio. Euro). Das EBITDA des zweiten Quartals betrug aufgrund der au\u00dferordentlichen Positionen aus der Bewertung der Aktienoptionen 4,3 Mio. Euro (Vorjahr: 4,7 Mio. Euro), entsprechend eines R\u00fcckgangs um 9 Prozent gegen\u00fcber dem Vergleichszeitraum des Vorjahres. Das EBIT sank um 71 Prozent auf 0,2 Mio. Euro (Vorjahr: 0,6 Mio. Euro). Bereinigt um die au\u00dferordentliche Position der Bewertung der Aktienoptionen w\u00fcrde das EBIT im zweiten Quartal 2021 6,3 Mio. Euro betragen.<\/p>\n<p>Eckdaten der Bilanz zum 30. Juni 2021<\/p>\n<p style=\"text-align: justify\">Das Konzerneigenkapital erh\u00f6hte sich nach Aussch\u00fcttung der Dividenden in H\u00f6he von 5,7 Mio. Euro zum Bilanzstichtag 30. Juni 2021 gem\u00e4\u00df vorl\u00e4ufiger Zahlen auf 107,2 Mio. Euro (31. Dezember 2020: 105,5 Mio. Euro). Dem Allgeier Konzern standen zum Ende des zweiten Quartals 2021 liquide Mittel in H\u00f6he von 69,2 Mio. Euro zur Verf\u00fcgung (31. Dezember 2020: 60,8 Mio. Euro). Die Nettofinanzverbindlichkeiten des Konzerns (inkl. der Verbindlichkeiten aus Miet- und Leasingvertr\u00e4gen) beliefen sich zum Stichtag auf 41,5 Mio. Euro (31. Dezember 2020: Net Cash von 1,2 Mio. Euro). Insbesondere aufgrund der Akquitisionst\u00e4tigkeit w\u00e4hrend der ersten Jahresh\u00e4lfte erh\u00f6hten sich die kurz- und langfristigen Finanzschulden zum Bilanzstichtag auf 67,0 Mio. Euro (31. Dezember 2020: 28,6 Mio. Euro). Die Bilanzsumme betrug zum 30. Juni 2021 320,7 Mio. Euro (31. Dezember 2020: 243,9 Mio. Euro). In den Bilanzzahlen zum 30. Juni 2021 ist bereits die it-novum GmbH, Fulda, enthalten. Die Zahlung des Kaufpreises ist allerdings erst nach dem Bilanzstichtag erfolgt.<\/p>\n<p>Ausblick auf die zweite Jahresh\u00e4lfte 2021 mit neuer Guidance f\u00fcr das Gesch\u00e4ftsjahr 2021<\/p>\n<p style=\"text-align: justify\">Aufgrund des sehr erfreulichen Gesch\u00e4ftsverlaufs im ersten Halbjahr und der stabil positiven Aussicht auf das zweite Halbjahr hebt die Allgeier SE die Guidance f\u00fcr das Gesch\u00e4ftsjahr 2021 entsprechend an. F\u00fcr das Gesch\u00e4ftsjahr 2021 wird ein Umsatz in der Gr\u00f6\u00dfenordnung von 380 bis 420 Mio. Euro und ein bereinigtes EBITDA zwischen 39 und 43 Mio. Euro erwartet. Dabei erwartet Allgeier eine bereinigte EBITDA-Marge von 10 Prozent, was einen wesentlichen Meilenstein auf dem Weg zu einer deutlich zweistelligen EBITDA-Rendite darstellt.<\/p>\n<p>Hinweise<\/p>\n<p>Der Halbjahresfinanzbericht 2021 der Allgeier SE wird am 27. August 2021 ver\u00f6ffentlicht und ist dann unter www.allgeier.com einzusehen.<\/p>\n<p>Alle genannten Zahlen wurden gem\u00e4\u00df IFRS erstellt, sind vorl\u00e4ufig und nicht auditiert.<\/p>\n<p style=\"text-align: justify\">Es wird ferner darauf hingewiesen, dass Angaben f\u00fcr Zeitr\u00e4ume nach dem 30. Juni 2021 auf Annahmen und Sch\u00e4tzungen beruhende Erwartungen des Vorstands darstellen. Die k\u00fcnftigen tats\u00e4chlichen Entwicklungen und die k\u00fcnftigen tats\u00e4chlichen Ergebnisse k\u00f6nnen von diesen Annahmen und Sch\u00e4tzungen abweichen. Die Allgeier SE \u00fcbernimmt keine Gew\u00e4hrleistung und keine Haftung daf\u00fcr, dass die k\u00fcnftigen Entwicklungen und die k\u00fcnftig erzielten tats\u00e4chlichen Ergebnisse mit den in dieser Ad-hoc-Mitteilung ge\u00e4u\u00dferten Annahmen und Sch\u00e4tzungen \u00fcbereinstimmen werden.<\/p>\n<p style=\"text-align: justify\">Dieses Dokument enth\u00e4lt &#8211; in einschl\u00e4gigen Rechnungslegungsrahmen nicht genau bestimmte &#8211; erg\u00e4nzende Finanzkennzahlen, die sogenannte alternative Leistungskennzahlen sind oder sein k\u00f6nnen. Diese erg\u00e4nzenden Finanzkennzahlen k\u00f6nnen als Analyseinstrument nur eingeschr\u00e4nkt tauglich sein und sollten f\u00fcr die Beurteilung der Verm\u00f6gens-, Finanz- und Ertragslage der Allgeier SE nicht isoliert oder als Alternative zu den im Konzernabschluss dargestellten und im Einklang mit einschl\u00e4gigen Rechnungslegungsrahmen ermittelten Finanzkennzahlen herangezogen werden. Andere Unternehmen, die alternative Leistungskennzahlen mit einer \u00e4hnlichen Bezeichnung darstellen oder berichten, k\u00f6nnen diese anders berechnen, so dass sie deshalb m\u00f6glicherweise nicht vergleichbar sind. Weitere Informationen zu den von der Allgeier SE verwendeten alternativen Leistungskennzahlen finden Sie im Gesch\u00e4ftsbericht 2020.<\/p>\n<p>Kontakt:<\/p>\n<p>Allgeier SE<br \/>Corporate Communications &amp; Investor Relations<br \/>Dr. Christopher Gro\u00dfe<br \/>Einsteinstra\u00dfe 172<br \/>81677 M\u00fcnchen<br \/>Tel.: +49 (0)89\/998421-0<br \/>Fax: +49 (0)89\/998421-11<br \/>E-Mail: ir@allgeier.com<br \/>Web: www.allgeier.com<\/p>\n<p>Allgeier SE ist eines der f\u00fchrenden Technologie-Unternehmen f\u00fcr digitale Transformation: Die stark wachsende Gruppe mit Hauptsitz in M\u00fcnchen f\u00fchrt ihre Kunden durch die Herausforderungen des digitalen Wandels, um deren zuk\u00fcnftigen Erfolg sicherzustellen. Allgeier verf\u00fcgt \u00fcber eine breite und stabile Kundenbasis aus global agierenden Konzernen, leistungsstarken mittelst\u00e4ndischen Unternehmen sowie Auftraggebern des \u00f6ffentlichen Sektors. Den \u00fcber 2.000 Kunden bietet Allgeier ein vollumf\u00e4ngliches IT- und Software-Services-Portfolio, das von High-End-Softwareentwicklung bis hin zu Business Efficiency Solutions zur Unterst\u00fctzung der Digitalisierung und Transformation gesch\u00e4ftskritischer Prozesse reicht. Allgeier erzielt dabei Durchbr\u00fcche hin zu neuen digitalen Gesch\u00e4ftsmodellen, definiert strategische Priorit\u00e4ten und realisiert mit hoher Flexibilit\u00e4t und Skalierbarkeit bahnbrechende Projekte, um agile und intelligente Organisationen f\u00fcr das digitale Zeitalter zu gestalten. In den Segmenten Enterprise IT und mgm technology partners sind \u00fcber 2.500 angestellte Mitarbeiter und rund 700 freiberufliche Experten in insgesamt 71 Niederlassungen in der DACH-Region, in Frankreich und der Tschechischen Republik sowie in den USA und in Vietnam t\u00e4tig. Im Gesch\u00e4ftsjahr 2020 erzielte Allgeier im fortgef\u00fchrten Gesch\u00e4ft einen Umsatz von 352 Mio. Euro. Gem\u00e4\u00df L\u00fcnendonk(R)-Liste 2021 z\u00e4hlt Allgeier zu den f\u00fchrenden IT-Beratungs- und Systemintegrations-Unternehmen in Deutschland. Allgeier SE ist am Regulierten Markt der Frankfurter Wertpapierb\u00f6rse im General Standard gelistet (WKN A2GS63, ISIN DE000A2GS633). Weitere Informationen unter: www.allgeier.com<\/p>\n<\/div>\n<hr \/>\n<hr \/>\n<\/td>\n<\/tr>\n<\/table>\n<p><\/p>\n<div class=\"\">\n<p class=\"\">\n<\/div>\n","protected":false},"excerpt":{"rendered":"<p>ALLGEIER SE \/ Schlagwort(e): Halbjahresergebnis\/Prognose\u00e4nderung Allgeier erzielt im ersten Halbjahr 2021 deutliches Umsatz- und Ergebniswachstum und hebt die Guidance f\u00fcr das Jahr 2021 an 29.07.2021 \/ 14:54 CET\/CEST Ver\u00f6ffentlichung einer Insiderinformation nach Artikel 17 der Verordnung (EU) Nr. 596\/2014,<\/p>\n","protected":false},"author":4,"featured_media":0,"parent":1155,"menu_order":0,"comment_status":"close","ping_status":"closed","template":"","meta":{"_acf_changed":false,"footnotes":""},"categories":[],"tags":[],"class_list":["post-5372","page","type-page","status-publish","hentry"],"acf":[],"yoast_head":"<!-- This site is optimized with the Yoast SEO plugin v27.4 - https:\/\/yoast.com\/product\/yoast-seo-wordpress\/ -->\n<title>Allgeier erzielt im ersten Halbjahr 2021 deutliches Umsatz- und Ergebniswachstum und hebt die Guidance f\u00fcr das Jahr 2021 an - Allgeier SE<\/title>\n<meta name=\"robots\" content=\"index, follow, max-snippet:-1, max-image-preview:large, max-video-preview:-1\" \/>\n<link rel=\"canonical\" href=\"https:\/\/www.allgeier.com\/de\/investor-relations\/adhoc-announcements\/allgeier-erzielt-im-ersten-halbjahr-2021-deutliches-umsatz-und-ergebniswachstum-und-hebt-die-guidance-fuer-das-jahr-2021-an\/\" \/>\n<meta property=\"og:locale\" content=\"de_DE\" \/>\n<meta property=\"og:type\" content=\"article\" \/>\n<meta property=\"og:title\" content=\"Allgeier erzielt im ersten Halbjahr 2021 deutliches Umsatz- und Ergebniswachstum und hebt die Guidance f\u00fcr das Jahr 2021 an - Allgeier SE\" \/>\n<meta property=\"og:description\" content=\"ALLGEIER SE \/ Schlagwort(e): Halbjahresergebnis\/Prognose\u00e4nderung Allgeier erzielt im ersten Halbjahr 2021 deutliches Umsatz- und Ergebniswachstum und hebt die Guidance f\u00fcr das Jahr 2021 an 29.07.2021 \/ 14:54 CET\/CEST Ver\u00f6ffentlichung einer Insiderinformation nach Artikel 17 der Verordnung (EU) Nr. 596\/2014,\" \/>\n<meta property=\"og:url\" content=\"https:\/\/www.allgeier.com\/de\/investor-relations\/adhoc-announcements\/allgeier-erzielt-im-ersten-halbjahr-2021-deutliches-umsatz-und-ergebniswachstum-und-hebt-die-guidance-fuer-das-jahr-2021-an\/\" \/>\n<meta property=\"og:site_name\" content=\"Allgeier SE\" \/>\n<meta property=\"article:modified_time\" content=\"2023-01-22T17:09:57+00:00\" \/>\n<meta name=\"twitter:card\" content=\"summary_large_image\" \/>\n<meta name=\"twitter:label1\" content=\"Gesch\u00e4tzte Lesezeit\" \/>\n\t<meta name=\"twitter:data1\" content=\"6\u00a0Minuten\" \/>\n<script type=\"application\/ld+json\" class=\"yoast-schema-graph\">{\"@context\":\"https:\\\/\\\/schema.org\",\"@graph\":[{\"@type\":\"WebPage\",\"@id\":\"https:\\\/\\\/www.allgeier.com\\\/de\\\/investor-relations\\\/adhoc-announcements\\\/allgeier-erzielt-im-ersten-halbjahr-2021-deutliches-umsatz-und-ergebniswachstum-und-hebt-die-guidance-fuer-das-jahr-2021-an\\\/\",\"url\":\"https:\\\/\\\/www.allgeier.com\\\/de\\\/investor-relations\\\/adhoc-announcements\\\/allgeier-erzielt-im-ersten-halbjahr-2021-deutliches-umsatz-und-ergebniswachstum-und-hebt-die-guidance-fuer-das-jahr-2021-an\\\/\",\"name\":\"Allgeier erzielt im ersten Halbjahr 2021 deutliches Umsatz- und Ergebniswachstum und hebt die Guidance f\u00fcr das Jahr 2021 an - Allgeier SE\",\"isPartOf\":{\"@id\":\"https:\\\/\\\/www.allgeier.com\\\/de\\\/#website\"},\"datePublished\":\"2021-07-29T12:54:54+00:00\",\"dateModified\":\"2023-01-22T17:09:57+00:00\",\"breadcrumb\":{\"@id\":\"https:\\\/\\\/www.allgeier.com\\\/de\\\/investor-relations\\\/adhoc-announcements\\\/allgeier-erzielt-im-ersten-halbjahr-2021-deutliches-umsatz-und-ergebniswachstum-und-hebt-die-guidance-fuer-das-jahr-2021-an\\\/#breadcrumb\"},\"inLanguage\":\"de\",\"potentialAction\":[{\"@type\":\"ReadAction\",\"target\":[\"https:\\\/\\\/www.allgeier.com\\\/de\\\/investor-relations\\\/adhoc-announcements\\\/allgeier-erzielt-im-ersten-halbjahr-2021-deutliches-umsatz-und-ergebniswachstum-und-hebt-die-guidance-fuer-das-jahr-2021-an\\\/\"]}]},{\"@type\":\"BreadcrumbList\",\"@id\":\"https:\\\/\\\/www.allgeier.com\\\/de\\\/investor-relations\\\/adhoc-announcements\\\/allgeier-erzielt-im-ersten-halbjahr-2021-deutliches-umsatz-und-ergebniswachstum-und-hebt-die-guidance-fuer-das-jahr-2021-an\\\/#breadcrumb\",\"itemListElement\":[{\"@type\":\"ListItem\",\"position\":1,\"name\":\"Home\",\"item\":\"https:\\\/\\\/www.allgeier.com\\\/de\\\/\"},{\"@type\":\"ListItem\",\"position\":2,\"name\":\"Investor Relations\",\"item\":\"https:\\\/\\\/www.allgeier.com\\\/de\\\/investor-relations\\\/\"},{\"@type\":\"ListItem\",\"position\":3,\"name\":\"Ad hoc-Mitteilungen\",\"item\":\"https:\\\/\\\/www.allgeier.com\\\/de\\\/investor-relations\\\/adhoc-announcements\\\/\"},{\"@type\":\"ListItem\",\"position\":4,\"name\":\"Allgeier erzielt im ersten Halbjahr 2021 deutliches Umsatz- und Ergebniswachstum und hebt die Guidance f\u00fcr das Jahr 2021 an\"}]},{\"@type\":\"WebSite\",\"@id\":\"https:\\\/\\\/www.allgeier.com\\\/de\\\/#website\",\"url\":\"https:\\\/\\\/www.allgeier.com\\\/de\\\/\",\"name\":\"Allgeier SE\",\"description\":\"Software &amp; IT Services for digital transformation\",\"potentialAction\":[{\"@type\":\"SearchAction\",\"target\":{\"@type\":\"EntryPoint\",\"urlTemplate\":\"https:\\\/\\\/www.allgeier.com\\\/de\\\/?s={search_term_string}\"},\"query-input\":{\"@type\":\"PropertyValueSpecification\",\"valueRequired\":true,\"valueName\":\"search_term_string\"}}],\"inLanguage\":\"de\"}]}<\/script>\n<!-- \/ Yoast SEO plugin. -->","yoast_head_json":{"title":"Allgeier erzielt im ersten Halbjahr 2021 deutliches Umsatz- und Ergebniswachstum und hebt die Guidance f\u00fcr das Jahr 2021 an - Allgeier SE","robots":{"index":"index","follow":"follow","max-snippet":"max-snippet:-1","max-image-preview":"max-image-preview:large","max-video-preview":"max-video-preview:-1"},"canonical":"https:\/\/www.allgeier.com\/de\/investor-relations\/adhoc-announcements\/allgeier-erzielt-im-ersten-halbjahr-2021-deutliches-umsatz-und-ergebniswachstum-und-hebt-die-guidance-fuer-das-jahr-2021-an\/","og_locale":"de_DE","og_type":"article","og_title":"Allgeier erzielt im ersten Halbjahr 2021 deutliches Umsatz- und Ergebniswachstum und hebt die Guidance f\u00fcr das Jahr 2021 an - Allgeier SE","og_description":"ALLGEIER SE \/ Schlagwort(e): Halbjahresergebnis\/Prognose\u00e4nderung Allgeier erzielt im ersten Halbjahr 2021 deutliches Umsatz- und Ergebniswachstum und hebt die Guidance f\u00fcr das Jahr 2021 an 29.07.2021 \/ 14:54 CET\/CEST Ver\u00f6ffentlichung einer Insiderinformation nach Artikel 17 der Verordnung (EU) Nr. 596\/2014,","og_url":"https:\/\/www.allgeier.com\/de\/investor-relations\/adhoc-announcements\/allgeier-erzielt-im-ersten-halbjahr-2021-deutliches-umsatz-und-ergebniswachstum-und-hebt-die-guidance-fuer-das-jahr-2021-an\/","og_site_name":"Allgeier SE","article_modified_time":"2023-01-22T17:09:57+00:00","twitter_card":"summary_large_image","twitter_misc":{"Gesch\u00e4tzte Lesezeit":"6\u00a0Minuten"},"schema":{"@context":"https:\/\/schema.org","@graph":[{"@type":"WebPage","@id":"https:\/\/www.allgeier.com\/de\/investor-relations\/adhoc-announcements\/allgeier-erzielt-im-ersten-halbjahr-2021-deutliches-umsatz-und-ergebniswachstum-und-hebt-die-guidance-fuer-das-jahr-2021-an\/","url":"https:\/\/www.allgeier.com\/de\/investor-relations\/adhoc-announcements\/allgeier-erzielt-im-ersten-halbjahr-2021-deutliches-umsatz-und-ergebniswachstum-und-hebt-die-guidance-fuer-das-jahr-2021-an\/","name":"Allgeier erzielt im ersten Halbjahr 2021 deutliches Umsatz- und Ergebniswachstum und hebt die Guidance f\u00fcr das Jahr 2021 an - Allgeier SE","isPartOf":{"@id":"https:\/\/www.allgeier.com\/de\/#website"},"datePublished":"2021-07-29T12:54:54+00:00","dateModified":"2023-01-22T17:09:57+00:00","breadcrumb":{"@id":"https:\/\/www.allgeier.com\/de\/investor-relations\/adhoc-announcements\/allgeier-erzielt-im-ersten-halbjahr-2021-deutliches-umsatz-und-ergebniswachstum-und-hebt-die-guidance-fuer-das-jahr-2021-an\/#breadcrumb"},"inLanguage":"de","potentialAction":[{"@type":"ReadAction","target":["https:\/\/www.allgeier.com\/de\/investor-relations\/adhoc-announcements\/allgeier-erzielt-im-ersten-halbjahr-2021-deutliches-umsatz-und-ergebniswachstum-und-hebt-die-guidance-fuer-das-jahr-2021-an\/"]}]},{"@type":"BreadcrumbList","@id":"https:\/\/www.allgeier.com\/de\/investor-relations\/adhoc-announcements\/allgeier-erzielt-im-ersten-halbjahr-2021-deutliches-umsatz-und-ergebniswachstum-und-hebt-die-guidance-fuer-das-jahr-2021-an\/#breadcrumb","itemListElement":[{"@type":"ListItem","position":1,"name":"Home","item":"https:\/\/www.allgeier.com\/de\/"},{"@type":"ListItem","position":2,"name":"Investor Relations","item":"https:\/\/www.allgeier.com\/de\/investor-relations\/"},{"@type":"ListItem","position":3,"name":"Ad hoc-Mitteilungen","item":"https:\/\/www.allgeier.com\/de\/investor-relations\/adhoc-announcements\/"},{"@type":"ListItem","position":4,"name":"Allgeier erzielt im ersten Halbjahr 2021 deutliches Umsatz- und Ergebniswachstum und hebt die Guidance f\u00fcr das Jahr 2021 an"}]},{"@type":"WebSite","@id":"https:\/\/www.allgeier.com\/de\/#website","url":"https:\/\/www.allgeier.com\/de\/","name":"Allgeier SE","description":"Software &amp; IT Services for digital transformation","potentialAction":[{"@type":"SearchAction","target":{"@type":"EntryPoint","urlTemplate":"https:\/\/www.allgeier.com\/de\/?s={search_term_string}"},"query-input":{"@type":"PropertyValueSpecification","valueRequired":true,"valueName":"search_term_string"}}],"inLanguage":"de"}]}},"_links":{"self":[{"href":"https:\/\/www.allgeier.com\/de\/wp-json\/wp\/v2\/pages\/5372","targetHints":{"allow":["GET"]}}],"collection":[{"href":"https:\/\/www.allgeier.com\/de\/wp-json\/wp\/v2\/pages"}],"about":[{"href":"https:\/\/www.allgeier.com\/de\/wp-json\/wp\/v2\/types\/page"}],"author":[{"embeddable":true,"href":"https:\/\/www.allgeier.com\/de\/wp-json\/wp\/v2\/users\/4"}],"replies":[{"embeddable":true,"href":"https:\/\/www.allgeier.com\/de\/wp-json\/wp\/v2\/comments?post=5372"}],"version-history":[{"count":1,"href":"https:\/\/www.allgeier.com\/de\/wp-json\/wp\/v2\/pages\/5372\/revisions"}],"predecessor-version":[{"id":5373,"href":"https:\/\/www.allgeier.com\/de\/wp-json\/wp\/v2\/pages\/5372\/revisions\/5373"}],"up":[{"embeddable":true,"href":"https:\/\/www.allgeier.com\/de\/wp-json\/wp\/v2\/pages\/1155"}],"wp:attachment":[{"href":"https:\/\/www.allgeier.com\/de\/wp-json\/wp\/v2\/media?parent=5372"}],"wp:term":[{"taxonomy":"category","embeddable":true,"href":"https:\/\/www.allgeier.com\/de\/wp-json\/wp\/v2\/categories?post=5372"},{"taxonomy":"post_tag","embeddable":true,"href":"https:\/\/www.allgeier.com\/de\/wp-json\/wp\/v2\/tags?post=5372"}],"curies":[{"name":"wp","href":"https:\/\/api.w.org\/{rel}","templated":true}]}}