{"id":5378,"date":"2021-04-27T17:13:07","date_gmt":"2021-04-27T17:13:07","guid":{"rendered":"https:\/\/www.allgeier.com\/de\/?page_id=5378"},"modified":"2023-01-22T17:09:57","modified_gmt":"2023-01-22T17:09:57","slug":"allgeier-se-allgeier-startet-mit-umsatz-und-ergebniswachstum-ins-jahr-2021","status":"publish","type":"page","link":"https:\/\/www.allgeier.com\/de\/investor-relations\/adhoc-announcements\/allgeier-se-allgeier-startet-mit-umsatz-und-ergebniswachstum-ins-jahr-2021\/","title":{"rendered":"ALLGEIER SE: Allgeier startet mit Umsatz- und Ergebniswachstum ins Jahr 2021"},"content":{"rendered":"<table class=\"news_layout style2015\" border=\"0\" cellpadding=\"0\" cellspacing=\"0\">\n<tr>\n<td>\n<p class=\"news_top\">ALLGEIER SE \/ Schlagwort(e): Quartalsergebnis\/Prognose<br \/>ALLGEIER SE: Allgeier startet mit Umsatz- und Ergebniswachstum ins Jahr 2021<\/p>\n<p><span class=\"news_top_date\">27.04.2021 \/ 19:13 CET\/CEST<\/span><br \/>Ver\u00f6ffentlichung einer Insiderinformation nach Artikel 17 der Verordnung (EU) Nr. 596\/2014, \u00fcbermittelt durch DGAP &#8211; ein Service der EQS Group AG.<br \/>F\u00fcr den Inhalt der Mitteilung ist der Emittent \/ Herausgeber verantwortlich.<\/p>\n<hr \/>\n<div class=\"break-word news_main\">\n<p>Ver\u00f6ffentlichung einer Insiderinformation gem\u00e4\u00df Artikel 17 MAR<\/p>\n<p><i>M\u00fcnchen, 27. April 2021 &#8211;<\/i> Allgeier SE (ISIN DE000A2GS633, WKN A2GS63) hat im ersten Quartal 2021 ein Umsatzwachstum von 3 Prozent erzielt. Die bereinigte EBITDA-Marge betrug 8 Prozent.<\/p>\n<p>Gesch\u00e4ftsentwicklung des fortgef\u00fchrten Gesch\u00e4fts im ersten Quartal 2021<\/p>\n<p>Der Allgeier Konzern erzielte im ersten Quartal 2021 (01. Januar 2021 bis 31. M\u00e4rz 2021) im fortgef\u00fchrten Gesch\u00e4ft eine Gesamtleistung von 95 Mio. Euro (Vorjahr: 92 Mio. Euro). Dabei betrug die Wertsch\u00f6pfung (definiert als Gesamtleistung abz\u00fcglich der den Ums\u00e4tzen direkt zurechenbaren Umsatz- und Personalkosten) 29,1 Mio. Euro (Vorjahr: 23,5 Mio. Euro). Damit konnte die Wertsch\u00f6pfungsmarge auf 31 Prozent gesteigert werden (Vorjahr: 26 Prozent). Das bereinigte EBITDA (EBITDA vor Effekten, die betriebswirtschaftlich als au\u00dferordentlich oder periodenfremd qualifiziert werden) betrug 7,7 Mio. Euro (Vorjahr: 3,7 Mio. Euro). Das EBITDA lag bei 7,7 Mio. Euro (Vorjahr: 2,9 Mio. Euro). Das EBIT belief sich auf 3,6 Mio. Euro (Vorjahr: -0,2 Mio. Euro).<\/p>\n<p>Eckdaten der Bilanz zum 31. M\u00e4rz 2021<\/p>\n<p>Zum Bilanzstichtag 31. M\u00e4rz 2021 betrug das Konzern-Eigenkapital 107 Mio. Euro (31. Dezember 2020: 106 Mio. Euro). Dem Allgeier Konzern standen zum 31. M\u00e4rz 2021 liquide Mittel in H\u00f6he von 51,3 Mio. Euro zur Verf\u00fcgung (31. Dezember 2020: 60,8 Mio. Euro). Die kurz- und langfristigen Finanzschulden beliefen sich auf 42,4 Mio. Euro (31. Dezember 2020: 28,6 Mio. Euro).<\/p>\n<p>Best\u00e4tigung der Guidance 2021<\/p>\n<p>Die Allgeier SE best\u00e4tigt Stand heute die Guidance f\u00fcr das Gesch\u00e4ftsjahr 2021, die in der Ad-hoc-Mitteilung vom 16. Dezember 2020 ver\u00f6ffentlicht wurde. Diese sieht im Gesch\u00e4ftsjahr 2021 einen Umsatz in der Gr\u00f6\u00dfenordnung von 360 bis 400 Mio. Euro und ein EBITDA zwischen 31 und 35 Mio. Euro vor.<\/p>\n<p>Kontakt:<\/p>\n<p>Allgeier SE<br \/>Corporate Communications &amp; Investor Relations<br \/>Dr. Christopher Gro\u00dfe<br \/>Einsteinstra\u00dfe 172<br \/>81677 M\u00fcnchen<br \/>Tel.: +49 (0)89\/998421-0<br \/>Fax: +49 (0)89\/998421-11<br \/>E-Mail: ir@allgeier.com<br \/>Web: www.allgeier.com<\/p>\n<p>Allgeier SE ist eines der f\u00fchrenden Technologie-Unternehmen f\u00fcr digitale Transformation: Die stark wachsende Gruppe mit Hauptsitz in M\u00fcnchen f\u00fchrt ihre Kunden durch die Herausforderungen des digitalen Wandels, um deren zuk\u00fcnftigen Erfolg sicherzustellen. Allgeier verf\u00fcgt \u00fcber eine breite und stabile Kundenbasis aus global agierenden Konzernen, leistungsstarken mittelst\u00e4ndischen Unternehmen sowie Auftraggebern des \u00f6ffentlichen Sektors. Den \u00fcber 2.000 Kunden bietet Allgeier ein vollumf\u00e4ngliches IT- und Software-Services-Portfolio, das von High-End-Softwareentwicklung bis hin zu Business Efficiency Solutions zur Unterst\u00fctzung der Digitalisierung und Transformation gesch\u00e4ftskritischer Prozesse reicht. Allgeier erzielt dabei Durchbr\u00fcche hin zu neuen digitalen Gesch\u00e4ftsmodellen, definiert strategische Priorit\u00e4ten und realisiert mit hoher Flexibilit\u00e4t und Skalierbarkeit bahnbrechende Projekte, um agile und intelligente Organisationen f\u00fcr das digitale Zeitalter zu gestalten. In den Segmenten Enterprise IT und mgm technology partners sind rund 2.400 angestellte Mitarbeiter und \u00fcber 800 freiberufliche Experten in insgesamt 65 Niederlassungen in der DACH-Region, in Frankreich und der Tschechischen Republik sowie in den USA und in Vietnam t\u00e4tig. Im Gesch\u00e4ftsjahr 2020 erzielte Allgeier im fortgef\u00fchrten Gesch\u00e4ft einen Umsatz von 352 Mio. Euro. Gem\u00e4\u00df L\u00fcnendonk(R)-Liste 2020 z\u00e4hlt Allgeier zu den f\u00fchrenden IT-Beratungs- und Systemintegrations-Unternehmen in Deutschland. Allgeier SE ist am Regulierten Markt der Frankfurter Wertpapierb\u00f6rse im General Standard gelistet (WKN A2GS63, ISIN DE000A2GS633). Weitere Informationen unter: www.allgeier.com<\/p>\n<\/div>\n<hr \/>\n<hr \/>\n<\/td>\n<\/tr>\n<\/table>\n<p><\/p>\n<div class=\"\">\n<p class=\"\">\n<\/div>\n","protected":false},"excerpt":{"rendered":"<p>ALLGEIER SE \/ Schlagwort(e): Quartalsergebnis\/Prognose ALLGEIER SE: Allgeier startet mit Umsatz- und Ergebniswachstum ins Jahr 2021 27.04.2021 \/ 19:13 CET\/CEST Ver\u00f6ffentlichung einer Insiderinformation nach Artikel 17 der Verordnung (EU) Nr. 596\/2014, \u00fcbermittelt durch DGAP &#8211; ein Service der EQS Group<\/p>\n","protected":false},"author":4,"featured_media":0,"parent":1155,"menu_order":0,"comment_status":"close","ping_status":"closed","template":"","meta":{"_acf_changed":false,"footnotes":""},"categories":[],"tags":[],"class_list":["post-5378","page","type-page","status-publish","hentry"],"acf":[],"yoast_head":"<!-- This site is optimized with the Yoast SEO plugin v27.4 - https:\/\/yoast.com\/product\/yoast-seo-wordpress\/ -->\n<title>ALLGEIER SE: Allgeier startet mit Umsatz- und Ergebniswachstum ins Jahr 2021 - Allgeier SE<\/title>\n<meta name=\"robots\" content=\"index, follow, max-snippet:-1, max-image-preview:large, max-video-preview:-1\" \/>\n<link rel=\"canonical\" href=\"https:\/\/www.allgeier.com\/de\/investor-relations\/adhoc-announcements\/allgeier-se-allgeier-startet-mit-umsatz-und-ergebniswachstum-ins-jahr-2021\/\" \/>\n<meta property=\"og:locale\" content=\"de_DE\" \/>\n<meta property=\"og:type\" content=\"article\" \/>\n<meta property=\"og:title\" content=\"ALLGEIER SE: Allgeier startet mit Umsatz- und Ergebniswachstum ins Jahr 2021 - Allgeier SE\" \/>\n<meta property=\"og:description\" content=\"ALLGEIER SE \/ Schlagwort(e): Quartalsergebnis\/Prognose ALLGEIER SE: Allgeier startet mit Umsatz- und Ergebniswachstum ins Jahr 2021 27.04.2021 \/ 19:13 CET\/CEST Ver\u00f6ffentlichung einer Insiderinformation nach Artikel 17 der Verordnung (EU) Nr. 596\/2014, \u00fcbermittelt durch DGAP - ein Service der EQS Group\" \/>\n<meta property=\"og:url\" content=\"https:\/\/www.allgeier.com\/de\/investor-relations\/adhoc-announcements\/allgeier-se-allgeier-startet-mit-umsatz-und-ergebniswachstum-ins-jahr-2021\/\" \/>\n<meta property=\"og:site_name\" content=\"Allgeier SE\" \/>\n<meta property=\"article:modified_time\" content=\"2023-01-22T17:09:57+00:00\" \/>\n<meta name=\"twitter:card\" content=\"summary_large_image\" \/>\n<meta name=\"twitter:label1\" content=\"Gesch\u00e4tzte Lesezeit\" \/>\n\t<meta name=\"twitter:data1\" content=\"3\u00a0Minuten\" \/>\n<script type=\"application\/ld+json\" class=\"yoast-schema-graph\">{\"@context\":\"https:\\\/\\\/schema.org\",\"@graph\":[{\"@type\":\"WebPage\",\"@id\":\"https:\\\/\\\/www.allgeier.com\\\/de\\\/investor-relations\\\/adhoc-announcements\\\/allgeier-se-allgeier-startet-mit-umsatz-und-ergebniswachstum-ins-jahr-2021\\\/\",\"url\":\"https:\\\/\\\/www.allgeier.com\\\/de\\\/investor-relations\\\/adhoc-announcements\\\/allgeier-se-allgeier-startet-mit-umsatz-und-ergebniswachstum-ins-jahr-2021\\\/\",\"name\":\"ALLGEIER SE: Allgeier startet mit Umsatz- und Ergebniswachstum ins Jahr 2021 - Allgeier SE\",\"isPartOf\":{\"@id\":\"https:\\\/\\\/www.allgeier.com\\\/de\\\/#website\"},\"datePublished\":\"2021-04-27T17:13:07+00:00\",\"dateModified\":\"2023-01-22T17:09:57+00:00\",\"breadcrumb\":{\"@id\":\"https:\\\/\\\/www.allgeier.com\\\/de\\\/investor-relations\\\/adhoc-announcements\\\/allgeier-se-allgeier-startet-mit-umsatz-und-ergebniswachstum-ins-jahr-2021\\\/#breadcrumb\"},\"inLanguage\":\"de\",\"potentialAction\":[{\"@type\":\"ReadAction\",\"target\":[\"https:\\\/\\\/www.allgeier.com\\\/de\\\/investor-relations\\\/adhoc-announcements\\\/allgeier-se-allgeier-startet-mit-umsatz-und-ergebniswachstum-ins-jahr-2021\\\/\"]}]},{\"@type\":\"BreadcrumbList\",\"@id\":\"https:\\\/\\\/www.allgeier.com\\\/de\\\/investor-relations\\\/adhoc-announcements\\\/allgeier-se-allgeier-startet-mit-umsatz-und-ergebniswachstum-ins-jahr-2021\\\/#breadcrumb\",\"itemListElement\":[{\"@type\":\"ListItem\",\"position\":1,\"name\":\"Home\",\"item\":\"https:\\\/\\\/www.allgeier.com\\\/de\\\/\"},{\"@type\":\"ListItem\",\"position\":2,\"name\":\"Investor Relations\",\"item\":\"https:\\\/\\\/www.allgeier.com\\\/de\\\/investor-relations\\\/\"},{\"@type\":\"ListItem\",\"position\":3,\"name\":\"Ad hoc-Mitteilungen\",\"item\":\"https:\\\/\\\/www.allgeier.com\\\/de\\\/investor-relations\\\/adhoc-announcements\\\/\"},{\"@type\":\"ListItem\",\"position\":4,\"name\":\"ALLGEIER SE: Allgeier startet mit Umsatz- und Ergebniswachstum ins Jahr 2021\"}]},{\"@type\":\"WebSite\",\"@id\":\"https:\\\/\\\/www.allgeier.com\\\/de\\\/#website\",\"url\":\"https:\\\/\\\/www.allgeier.com\\\/de\\\/\",\"name\":\"Allgeier SE\",\"description\":\"Software &amp; IT Services for digital transformation\",\"potentialAction\":[{\"@type\":\"SearchAction\",\"target\":{\"@type\":\"EntryPoint\",\"urlTemplate\":\"https:\\\/\\\/www.allgeier.com\\\/de\\\/?s={search_term_string}\"},\"query-input\":{\"@type\":\"PropertyValueSpecification\",\"valueRequired\":true,\"valueName\":\"search_term_string\"}}],\"inLanguage\":\"de\"}]}<\/script>\n<!-- \/ Yoast SEO plugin. -->","yoast_head_json":{"title":"ALLGEIER SE: Allgeier startet mit Umsatz- und Ergebniswachstum ins Jahr 2021 - Allgeier SE","robots":{"index":"index","follow":"follow","max-snippet":"max-snippet:-1","max-image-preview":"max-image-preview:large","max-video-preview":"max-video-preview:-1"},"canonical":"https:\/\/www.allgeier.com\/de\/investor-relations\/adhoc-announcements\/allgeier-se-allgeier-startet-mit-umsatz-und-ergebniswachstum-ins-jahr-2021\/","og_locale":"de_DE","og_type":"article","og_title":"ALLGEIER SE: Allgeier startet mit Umsatz- und Ergebniswachstum ins Jahr 2021 - Allgeier SE","og_description":"ALLGEIER SE \/ Schlagwort(e): Quartalsergebnis\/Prognose ALLGEIER SE: Allgeier startet mit Umsatz- und Ergebniswachstum ins Jahr 2021 27.04.2021 \/ 19:13 CET\/CEST Ver\u00f6ffentlichung einer Insiderinformation nach Artikel 17 der Verordnung (EU) Nr. 596\/2014, \u00fcbermittelt durch DGAP - ein Service der EQS Group","og_url":"https:\/\/www.allgeier.com\/de\/investor-relations\/adhoc-announcements\/allgeier-se-allgeier-startet-mit-umsatz-und-ergebniswachstum-ins-jahr-2021\/","og_site_name":"Allgeier SE","article_modified_time":"2023-01-22T17:09:57+00:00","twitter_card":"summary_large_image","twitter_misc":{"Gesch\u00e4tzte Lesezeit":"3\u00a0Minuten"},"schema":{"@context":"https:\/\/schema.org","@graph":[{"@type":"WebPage","@id":"https:\/\/www.allgeier.com\/de\/investor-relations\/adhoc-announcements\/allgeier-se-allgeier-startet-mit-umsatz-und-ergebniswachstum-ins-jahr-2021\/","url":"https:\/\/www.allgeier.com\/de\/investor-relations\/adhoc-announcements\/allgeier-se-allgeier-startet-mit-umsatz-und-ergebniswachstum-ins-jahr-2021\/","name":"ALLGEIER SE: Allgeier startet mit Umsatz- und Ergebniswachstum ins Jahr 2021 - Allgeier SE","isPartOf":{"@id":"https:\/\/www.allgeier.com\/de\/#website"},"datePublished":"2021-04-27T17:13:07+00:00","dateModified":"2023-01-22T17:09:57+00:00","breadcrumb":{"@id":"https:\/\/www.allgeier.com\/de\/investor-relations\/adhoc-announcements\/allgeier-se-allgeier-startet-mit-umsatz-und-ergebniswachstum-ins-jahr-2021\/#breadcrumb"},"inLanguage":"de","potentialAction":[{"@type":"ReadAction","target":["https:\/\/www.allgeier.com\/de\/investor-relations\/adhoc-announcements\/allgeier-se-allgeier-startet-mit-umsatz-und-ergebniswachstum-ins-jahr-2021\/"]}]},{"@type":"BreadcrumbList","@id":"https:\/\/www.allgeier.com\/de\/investor-relations\/adhoc-announcements\/allgeier-se-allgeier-startet-mit-umsatz-und-ergebniswachstum-ins-jahr-2021\/#breadcrumb","itemListElement":[{"@type":"ListItem","position":1,"name":"Home","item":"https:\/\/www.allgeier.com\/de\/"},{"@type":"ListItem","position":2,"name":"Investor Relations","item":"https:\/\/www.allgeier.com\/de\/investor-relations\/"},{"@type":"ListItem","position":3,"name":"Ad hoc-Mitteilungen","item":"https:\/\/www.allgeier.com\/de\/investor-relations\/adhoc-announcements\/"},{"@type":"ListItem","position":4,"name":"ALLGEIER SE: Allgeier startet mit Umsatz- und Ergebniswachstum ins Jahr 2021"}]},{"@type":"WebSite","@id":"https:\/\/www.allgeier.com\/de\/#website","url":"https:\/\/www.allgeier.com\/de\/","name":"Allgeier SE","description":"Software &amp; IT Services for digital transformation","potentialAction":[{"@type":"SearchAction","target":{"@type":"EntryPoint","urlTemplate":"https:\/\/www.allgeier.com\/de\/?s={search_term_string}"},"query-input":{"@type":"PropertyValueSpecification","valueRequired":true,"valueName":"search_term_string"}}],"inLanguage":"de"}]}},"_links":{"self":[{"href":"https:\/\/www.allgeier.com\/de\/wp-json\/wp\/v2\/pages\/5378","targetHints":{"allow":["GET"]}}],"collection":[{"href":"https:\/\/www.allgeier.com\/de\/wp-json\/wp\/v2\/pages"}],"about":[{"href":"https:\/\/www.allgeier.com\/de\/wp-json\/wp\/v2\/types\/page"}],"author":[{"embeddable":true,"href":"https:\/\/www.allgeier.com\/de\/wp-json\/wp\/v2\/users\/4"}],"replies":[{"embeddable":true,"href":"https:\/\/www.allgeier.com\/de\/wp-json\/wp\/v2\/comments?post=5378"}],"version-history":[{"count":1,"href":"https:\/\/www.allgeier.com\/de\/wp-json\/wp\/v2\/pages\/5378\/revisions"}],"predecessor-version":[{"id":5379,"href":"https:\/\/www.allgeier.com\/de\/wp-json\/wp\/v2\/pages\/5378\/revisions\/5379"}],"up":[{"embeddable":true,"href":"https:\/\/www.allgeier.com\/de\/wp-json\/wp\/v2\/pages\/1155"}],"wp:attachment":[{"href":"https:\/\/www.allgeier.com\/de\/wp-json\/wp\/v2\/media?parent=5378"}],"wp:term":[{"taxonomy":"category","embeddable":true,"href":"https:\/\/www.allgeier.com\/de\/wp-json\/wp\/v2\/categories?post=5378"},{"taxonomy":"post_tag","embeddable":true,"href":"https:\/\/www.allgeier.com\/de\/wp-json\/wp\/v2\/tags?post=5378"}],"curies":[{"name":"wp","href":"https:\/\/api.w.org\/{rel}","templated":true}]}}