{"id":5394,"date":"2020-08-14T11:14:40","date_gmt":"2020-08-14T11:14:40","guid":{"rendered":"https:\/\/www.allgeier.com\/de\/?page_id=5394"},"modified":"2023-01-22T17:09:58","modified_gmt":"2023-01-22T17:09:58","slug":"allgeier-se-beschluss-zur-abspaltung-der-nagarro-gruppe-und-zu-dividende","status":"publish","type":"page","link":"https:\/\/www.allgeier.com\/de\/investor-relations\/adhoc-announcements\/allgeier-se-beschluss-zur-abspaltung-der-nagarro-gruppe-und-zu-dividende\/","title":{"rendered":"Allgeier SE: Beschluss zur Abspaltung der Nagarro Gruppe und zu Dividende"},"content":{"rendered":"<table class=\"news_layout style2015\" border=\"0\" cellpadding=\"0\" cellspacing=\"0\">\n<tr>\n<td>\n<p class=\"news_top\">ALLGEIER SE \/ Schlagwort(e): Strategische Unternehmensentscheidung\/Dividende<br \/>Allgeier SE: Beschluss zur Abspaltung der Nagarro Gruppe und zu Dividende<\/p>\n<p><span class=\"news_top_date\">14.08.2020 \/ 13:14 CET\/CEST<\/span><br \/>Ver\u00f6ffentlichung einer Insiderinformation nach Artikel 17 der Verordnung (EU) Nr. 596\/2014, \u00fcbermittelt durch DGAP &#8211; ein Service der EQS Group AG.<br \/>F\u00fcr den Inhalt der Mitteilung ist der Emittent \/ Herausgeber verantwortlich.<\/p>\n<hr \/>\n<div class=\"break-word news_main\">\n<div style=\"text-align: justify\"><span style=\"font-size:11pt\"><span><span style=\"font-family:Calibri,sans-serif\"><i>M\u00fcnchen, 14. August 2020<\/i> &#8211; Vorstand und Aufsichtsrat der <a name=\"_Hlk46737425\">Allgeier SE (ISIN DE000A2GS633, WKN A2GS63) <\/a>haben in ihren Sitzungen am heutigen Tag beschlossen, der Hauptversammlung der Allgeier SE die Abspaltung der Nagarro Gruppe zur Beschlussfassung vorzulegen. Die Hauptversammlung der Allgeier SE soll am 24. September 2020 stattfinden. Der Spaltungsvertrag zwischen Allgeier SE und Nagarro SE wird am heutigen Tag notariell beurkundet werden. Der Spaltungsbericht und der Spaltungsvertrag werden zusammen mit der Einladung zur Hauptversammlung der Allgeier SE im Laufe der kommenden Woche ver\u00f6ffentlicht werden.<\/span><\/span><\/span><\/p>\n<p><span style=\"font-size:11pt\"><span><span style=\"font-family:Calibri,sans-serif\">Ferner haben Vorstand und Aufsichtsrat der Allgeier SE aufgrund des positiven Gesch\u00e4ftsverlaufs 2019 entschieden, dass die Aussch\u00fcttung einer Dividende von 0,50 Euro je Aktie f\u00fcr das Gesch\u00e4ftsjahr 2019 angemessen und gerechtfertigt ist und werden der Hauptversammlung einen entsprechenden Beschlussvorschlag unterbreiten. Die Entscheidung haben Vorstand und Aufsichtsrat vor dem Hintergrund des anhaltend guten Gesch\u00e4ftsverlaufs im ersten Halbjahr 2020 getroffen. Schlie\u00dflich haben Vorstand und Aufsichtsrat beschlossen, dass die eigenen Aktien der Allgeier SE noch vor Wirksamwerden der Abspaltung der Nagarro Gruppe ver\u00e4u\u00dfert werden sollen. Die Allgeier SE h\u00e4lt derzeit 105.351 eigene Aktien. Die Ver\u00e4u\u00dferung der eigenen Aktien soll in den kommenden drei Monaten \u00fcber die B\u00f6rse oder als sogenannter Blocktrade an interessierte Investoren erfolgen.<\/span><\/span><\/span><\/div>\n<p><span style=\"font-size:11pt\"><span style=\"font-family:Calibri,sans-serif\">Kontakt:<\/p>\n<p>Allgeier SE<\/span><\/span><br \/><span style=\"font-size:11pt\"><span style=\"font-family:Calibri,sans-serif\">Corporate Communications &amp; Investor Relations<\/span><\/span><br \/><span style=\"font-size:11pt\"><span style=\"font-family:Calibri,sans-serif\">Dr. Christopher Gro\u00dfe<\/span><\/span><br \/><span style=\"font-size:11pt\"><span style=\"font-family:Calibri,sans-serif\">Einsteinstra\u00dfe 172<\/span><\/span><br \/><span style=\"font-size:11pt\"><span style=\"font-family:Calibri,sans-serif\">81677 M\u00fcnchen<\/span><\/span><br \/><span style=\"font-size:11pt\"><span style=\"font-family:Calibri,sans-serif\">Tel.: +49 (0)89\/998421-0<\/span><\/span><br \/><span style=\"font-size:11pt\"><span style=\"font-family:Calibri,sans-serif\">Fax: +49 (0)89\/998421-11<\/span><\/span><br \/><span style=\"font-size:11pt\"><span style=\"font-family:Calibri,sans-serif\">E-Mail: ir@allgeier.com<\/span><\/span><br \/><span style=\"font-size:11pt\"><span style=\"font-family:Calibri,sans-serif\">Web: www.allgeier.com<\/span><\/span><\/div>\n<hr \/>\n<hr \/>\n<\/td>\n<\/tr>\n<\/table>\n<p><\/p>\n<div class=\"\">\n<p class=\"\">\n<\/div>\n","protected":false},"excerpt":{"rendered":"<p>ALLGEIER SE \/ Schlagwort(e): Strategische Unternehmensentscheidung\/Dividende Allgeier SE: Beschluss zur Abspaltung der Nagarro Gruppe und zu Dividende 14.08.2020 \/ 13:14 CET\/CEST Ver\u00f6ffentlichung einer Insiderinformation nach Artikel 17 der Verordnung (EU) Nr. 596\/2014, \u00fcbermittelt durch DGAP &#8211; ein<\/p>\n","protected":false},"author":4,"featured_media":0,"parent":1155,"menu_order":0,"comment_status":"close","ping_status":"closed","template":"","meta":{"_acf_changed":false,"footnotes":""},"categories":[],"tags":[],"class_list":["post-5394","page","type-page","status-publish","hentry"],"acf":[],"yoast_head":"<!-- This site is optimized with the Yoast SEO plugin v27.4 - https:\/\/yoast.com\/product\/yoast-seo-wordpress\/ -->\n<title>Allgeier SE: Beschluss zur Abspaltung der Nagarro Gruppe und zu Dividende - Allgeier SE<\/title>\n<meta name=\"robots\" content=\"index, follow, max-snippet:-1, max-image-preview:large, max-video-preview:-1\" \/>\n<link rel=\"canonical\" href=\"https:\/\/www.allgeier.com\/de\/investor-relations\/adhoc-announcements\/allgeier-se-beschluss-zur-abspaltung-der-nagarro-gruppe-und-zu-dividende\/\" \/>\n<meta property=\"og:locale\" content=\"de_DE\" \/>\n<meta property=\"og:type\" content=\"article\" \/>\n<meta property=\"og:title\" content=\"Allgeier SE: Beschluss zur Abspaltung der Nagarro Gruppe und zu Dividende - Allgeier SE\" \/>\n<meta property=\"og:description\" content=\"ALLGEIER SE \/ Schlagwort(e): Strategische Unternehmensentscheidung\/Dividende Allgeier SE: Beschluss zur Abspaltung der Nagarro Gruppe und zu Dividende 14.08.2020 \/ 13:14 CET\/CEST Ver\u00f6ffentlichung einer Insiderinformation nach Artikel 17 der Verordnung (EU) Nr. 596\/2014, \u00fcbermittelt durch DGAP - ein\" \/>\n<meta property=\"og:url\" content=\"https:\/\/www.allgeier.com\/de\/investor-relations\/adhoc-announcements\/allgeier-se-beschluss-zur-abspaltung-der-nagarro-gruppe-und-zu-dividende\/\" \/>\n<meta property=\"og:site_name\" content=\"Allgeier SE\" \/>\n<meta property=\"article:modified_time\" content=\"2023-01-22T17:09:58+00:00\" \/>\n<meta name=\"twitter:card\" content=\"summary_large_image\" \/>\n<meta name=\"twitter:label1\" content=\"Gesch\u00e4tzte Lesezeit\" \/>\n\t<meta name=\"twitter:data1\" content=\"1\u00a0Minute\" \/>\n<script type=\"application\/ld+json\" class=\"yoast-schema-graph\">{\"@context\":\"https:\\\/\\\/schema.org\",\"@graph\":[{\"@type\":\"WebPage\",\"@id\":\"https:\\\/\\\/www.allgeier.com\\\/de\\\/investor-relations\\\/adhoc-announcements\\\/allgeier-se-beschluss-zur-abspaltung-der-nagarro-gruppe-und-zu-dividende\\\/\",\"url\":\"https:\\\/\\\/www.allgeier.com\\\/de\\\/investor-relations\\\/adhoc-announcements\\\/allgeier-se-beschluss-zur-abspaltung-der-nagarro-gruppe-und-zu-dividende\\\/\",\"name\":\"Allgeier SE: Beschluss zur Abspaltung der Nagarro Gruppe und zu Dividende - Allgeier SE\",\"isPartOf\":{\"@id\":\"https:\\\/\\\/www.allgeier.com\\\/de\\\/#website\"},\"datePublished\":\"2020-08-14T11:14:40+00:00\",\"dateModified\":\"2023-01-22T17:09:58+00:00\",\"breadcrumb\":{\"@id\":\"https:\\\/\\\/www.allgeier.com\\\/de\\\/investor-relations\\\/adhoc-announcements\\\/allgeier-se-beschluss-zur-abspaltung-der-nagarro-gruppe-und-zu-dividende\\\/#breadcrumb\"},\"inLanguage\":\"de\",\"potentialAction\":[{\"@type\":\"ReadAction\",\"target\":[\"https:\\\/\\\/www.allgeier.com\\\/de\\\/investor-relations\\\/adhoc-announcements\\\/allgeier-se-beschluss-zur-abspaltung-der-nagarro-gruppe-und-zu-dividende\\\/\"]}]},{\"@type\":\"BreadcrumbList\",\"@id\":\"https:\\\/\\\/www.allgeier.com\\\/de\\\/investor-relations\\\/adhoc-announcements\\\/allgeier-se-beschluss-zur-abspaltung-der-nagarro-gruppe-und-zu-dividende\\\/#breadcrumb\",\"itemListElement\":[{\"@type\":\"ListItem\",\"position\":1,\"name\":\"Home\",\"item\":\"https:\\\/\\\/www.allgeier.com\\\/de\\\/\"},{\"@type\":\"ListItem\",\"position\":2,\"name\":\"Investor Relations\",\"item\":\"https:\\\/\\\/www.allgeier.com\\\/de\\\/investor-relations\\\/\"},{\"@type\":\"ListItem\",\"position\":3,\"name\":\"Ad hoc-Mitteilungen\",\"item\":\"https:\\\/\\\/www.allgeier.com\\\/de\\\/investor-relations\\\/adhoc-announcements\\\/\"},{\"@type\":\"ListItem\",\"position\":4,\"name\":\"Allgeier SE: Beschluss zur Abspaltung der Nagarro Gruppe und zu Dividende\"}]},{\"@type\":\"WebSite\",\"@id\":\"https:\\\/\\\/www.allgeier.com\\\/de\\\/#website\",\"url\":\"https:\\\/\\\/www.allgeier.com\\\/de\\\/\",\"name\":\"Allgeier SE\",\"description\":\"Software &amp; IT Services for digital transformation\",\"potentialAction\":[{\"@type\":\"SearchAction\",\"target\":{\"@type\":\"EntryPoint\",\"urlTemplate\":\"https:\\\/\\\/www.allgeier.com\\\/de\\\/?s={search_term_string}\"},\"query-input\":{\"@type\":\"PropertyValueSpecification\",\"valueRequired\":true,\"valueName\":\"search_term_string\"}}],\"inLanguage\":\"de\"}]}<\/script>\n<!-- \/ Yoast SEO plugin. -->","yoast_head_json":{"title":"Allgeier SE: Beschluss zur Abspaltung der Nagarro Gruppe und zu Dividende - Allgeier SE","robots":{"index":"index","follow":"follow","max-snippet":"max-snippet:-1","max-image-preview":"max-image-preview:large","max-video-preview":"max-video-preview:-1"},"canonical":"https:\/\/www.allgeier.com\/de\/investor-relations\/adhoc-announcements\/allgeier-se-beschluss-zur-abspaltung-der-nagarro-gruppe-und-zu-dividende\/","og_locale":"de_DE","og_type":"article","og_title":"Allgeier SE: Beschluss zur Abspaltung der Nagarro Gruppe und zu Dividende - Allgeier SE","og_description":"ALLGEIER SE \/ Schlagwort(e): Strategische Unternehmensentscheidung\/Dividende Allgeier SE: Beschluss zur Abspaltung der Nagarro Gruppe und zu Dividende 14.08.2020 \/ 13:14 CET\/CEST Ver\u00f6ffentlichung einer Insiderinformation nach Artikel 17 der Verordnung (EU) Nr. 596\/2014, \u00fcbermittelt durch DGAP - ein","og_url":"https:\/\/www.allgeier.com\/de\/investor-relations\/adhoc-announcements\/allgeier-se-beschluss-zur-abspaltung-der-nagarro-gruppe-und-zu-dividende\/","og_site_name":"Allgeier SE","article_modified_time":"2023-01-22T17:09:58+00:00","twitter_card":"summary_large_image","twitter_misc":{"Gesch\u00e4tzte Lesezeit":"1\u00a0Minute"},"schema":{"@context":"https:\/\/schema.org","@graph":[{"@type":"WebPage","@id":"https:\/\/www.allgeier.com\/de\/investor-relations\/adhoc-announcements\/allgeier-se-beschluss-zur-abspaltung-der-nagarro-gruppe-und-zu-dividende\/","url":"https:\/\/www.allgeier.com\/de\/investor-relations\/adhoc-announcements\/allgeier-se-beschluss-zur-abspaltung-der-nagarro-gruppe-und-zu-dividende\/","name":"Allgeier SE: Beschluss zur Abspaltung der Nagarro Gruppe und zu Dividende - Allgeier SE","isPartOf":{"@id":"https:\/\/www.allgeier.com\/de\/#website"},"datePublished":"2020-08-14T11:14:40+00:00","dateModified":"2023-01-22T17:09:58+00:00","breadcrumb":{"@id":"https:\/\/www.allgeier.com\/de\/investor-relations\/adhoc-announcements\/allgeier-se-beschluss-zur-abspaltung-der-nagarro-gruppe-und-zu-dividende\/#breadcrumb"},"inLanguage":"de","potentialAction":[{"@type":"ReadAction","target":["https:\/\/www.allgeier.com\/de\/investor-relations\/adhoc-announcements\/allgeier-se-beschluss-zur-abspaltung-der-nagarro-gruppe-und-zu-dividende\/"]}]},{"@type":"BreadcrumbList","@id":"https:\/\/www.allgeier.com\/de\/investor-relations\/adhoc-announcements\/allgeier-se-beschluss-zur-abspaltung-der-nagarro-gruppe-und-zu-dividende\/#breadcrumb","itemListElement":[{"@type":"ListItem","position":1,"name":"Home","item":"https:\/\/www.allgeier.com\/de\/"},{"@type":"ListItem","position":2,"name":"Investor Relations","item":"https:\/\/www.allgeier.com\/de\/investor-relations\/"},{"@type":"ListItem","position":3,"name":"Ad hoc-Mitteilungen","item":"https:\/\/www.allgeier.com\/de\/investor-relations\/adhoc-announcements\/"},{"@type":"ListItem","position":4,"name":"Allgeier SE: Beschluss zur Abspaltung der Nagarro Gruppe und zu Dividende"}]},{"@type":"WebSite","@id":"https:\/\/www.allgeier.com\/de\/#website","url":"https:\/\/www.allgeier.com\/de\/","name":"Allgeier SE","description":"Software &amp; IT Services for digital transformation","potentialAction":[{"@type":"SearchAction","target":{"@type":"EntryPoint","urlTemplate":"https:\/\/www.allgeier.com\/de\/?s={search_term_string}"},"query-input":{"@type":"PropertyValueSpecification","valueRequired":true,"valueName":"search_term_string"}}],"inLanguage":"de"}]}},"_links":{"self":[{"href":"https:\/\/www.allgeier.com\/de\/wp-json\/wp\/v2\/pages\/5394","targetHints":{"allow":["GET"]}}],"collection":[{"href":"https:\/\/www.allgeier.com\/de\/wp-json\/wp\/v2\/pages"}],"about":[{"href":"https:\/\/www.allgeier.com\/de\/wp-json\/wp\/v2\/types\/page"}],"author":[{"embeddable":true,"href":"https:\/\/www.allgeier.com\/de\/wp-json\/wp\/v2\/users\/4"}],"replies":[{"embeddable":true,"href":"https:\/\/www.allgeier.com\/de\/wp-json\/wp\/v2\/comments?post=5394"}],"version-history":[{"count":1,"href":"https:\/\/www.allgeier.com\/de\/wp-json\/wp\/v2\/pages\/5394\/revisions"}],"predecessor-version":[{"id":5395,"href":"https:\/\/www.allgeier.com\/de\/wp-json\/wp\/v2\/pages\/5394\/revisions\/5395"}],"up":[{"embeddable":true,"href":"https:\/\/www.allgeier.com\/de\/wp-json\/wp\/v2\/pages\/1155"}],"wp:attachment":[{"href":"https:\/\/www.allgeier.com\/de\/wp-json\/wp\/v2\/media?parent=5394"}],"wp:term":[{"taxonomy":"category","embeddable":true,"href":"https:\/\/www.allgeier.com\/de\/wp-json\/wp\/v2\/categories?post=5394"},{"taxonomy":"post_tag","embeddable":true,"href":"https:\/\/www.allgeier.com\/de\/wp-json\/wp\/v2\/tags?post=5394"}],"curies":[{"name":"wp","href":"https:\/\/api.w.org\/{rel}","templated":true}]}}