{"id":5406,"date":"2019-12-13T15:52:39","date_gmt":"2019-12-13T16:52:39","guid":{"rendered":"https:\/\/www.allgeier.com\/de\/?page_id=5406"},"modified":"2023-01-22T17:09:59","modified_gmt":"2023-01-22T17:09:59","slug":"allgeier-se-erneuert-langfristige-finanzierung-zu-verbesserten-konditionen","status":"publish","type":"page","link":"https:\/\/www.allgeier.com\/de\/investor-relations\/adhoc-announcements\/allgeier-se-erneuert-langfristige-finanzierung-zu-verbesserten-konditionen\/","title":{"rendered":"Allgeier SE erneuert langfristige Finanzierung zu verbesserten Konditionen"},"content":{"rendered":"<table class=\"news_layout style2015\" border=\"0\" cellpadding=\"0\" cellspacing=\"0\">\n<tr>\n<td>\n<p class=\"news_top\">ALLGEIER SE \/ Schlagwort(e): Finanzierung<br \/>Allgeier SE erneuert langfristige Finanzierung zu verbesserten Konditionen<\/p>\n<p><span class=\"news_top_date\">13.12.2019 \/ 17:52 CET\/CEST<\/span><br \/>Ver\u00f6ffentlichung einer Insiderinformation nach Artikel 17 der Verordnung (EU) Nr. 596\/2014, \u00fcbermittelt durch DGAP &#8211; ein Service der EQS Group AG.<br \/>F\u00fcr den Inhalt der Mitteilung ist der Emittent \/ Herausgeber verantwortlich.<\/p>\n<hr \/>\n<div class=\"break-word news_main\">\n<p><i>M\u00fcnchen, 13. Dezember 2019 &#8211; <\/i>Am heutigen Tag hat die Allgeier SE (ISIN DE000A2GS633, WKN A2GS63), M\u00fcnchen, die zentrale Kreditfazilit\u00e4t f\u00fcr die Allgeier Gruppe neu abgeschlossen. Damit wird die langfristige Finanzierung der Allgeier Gruppe f\u00fcr weitere Jahre auf eine neue Basis gestellt und neuer Freiraum f\u00fcr k\u00fcnftige Akquisitionen und Investitionen geschaffen. Finanzierungspartner sind die Kreditinstitute Commerzbank, ING Bank, Landesbank Baden-W\u00fcrttemberg, Landesbank Hessen-Th\u00fcringen und Norddeutsche Landesbank. Allgeier wurde ma\u00dfgeblich von GCA Altium und Latham &amp; Watkins unterst\u00fctzt.<br \/>\u00a0<\/p>\n<p>Die flexibel nutzbare, revolvierende Kreditlinie hat eine H\u00f6he von bis zu 228 Mio. EUR. Die initiale Laufzeit betr\u00e4gt f\u00fcnf Jahre und kann zweimal um je ein Jahr verl\u00e4ngert werden. Die Konditionen wurden nochmals f\u00fcr eine passgenaue Nutzung zur Finanzierung von Akquisitionsvorhaben angepasst. Ferner erfolgte eine Anpassung auf den Standard IFRS 16.<br \/>\u00a0<\/p>\n<p>Mit der neuen Kreditfazilit\u00e4t verf\u00fcgt die Allgeier Gruppe \u00fcber ein deutlich erh\u00f6htes Volumen von bedarfsgenau nutzbaren Finanzierungsmitteln zu attraktiven Konditionen, das in Korrelation mit dem k\u00fcnftigen Wachstum der Gruppe abgerufen werden kann. Das Closing der Kreditlinie wird bis Ende Dezember 2019 erwartet.<br \/>\u00a0<\/p>\n<p>Kontakt:<\/p>\n<p>Allgeier SE<br \/>Corporate Communications &amp; Investor Relations<br \/>Dr. Christopher Gro\u00dfe<br \/>Einsteinstra\u00dfe 172<br \/>81677 M\u00fcnchen<br \/>Tel.: +49 (0)89\/998421-0<br \/>Fax: +49 (0)89\/998421-11<br \/>E-Mail: ir@allgeier.com<br \/>Web: www.allgeier.com<\/p>\n<p>Allgeier SE ist eines der f\u00fchrenden Technologie-Unternehmen f\u00fcr digitale Transformation: Allgeier f\u00fchrt seine Kunden durch die Herausforderungen der digitalen Transformation, um ihren zuk\u00fcnftigen Erfolg sicherzustellen. F\u00fcr globale Konzerne ebenso wie f\u00fcr markt- und branchenf\u00fchrende Unternehmen aus zahlreichen Branchen und M\u00e4rkten erzielt Allgeier Durchbr\u00fcche hin zu neuen digitalen Gesch\u00e4ftsmodellen, definiert strategische Priorit\u00e4ten und realisiert mit hoher Flexibilit\u00e4t und Zugkraft bahnbrechende Projekte, um agile und intelligente Organisationen f\u00fcr das digitale Zeitalter zu gestalten. Mit \u00fcber 10.000 angestellten Mitarbeitern und mehr als 1.000 freiberuflichen Experten bildet Allgeier mit einem hochflexiblen Delivery-Modell das komplette IT-Leistungsspektrum von Onsite \u00fcber Nearshore bis hin zu Offshore ab &#8211; mit starken Standbeinen in Indien, China, Vietnam und Osteuropa. Die stark wachsende Gruppe mit Hauptsitz in M\u00fcnchen verf\u00fcgt \u00fcber weltweit mehr als 140 Niederlassungen in 28 L\u00e4ndern auf f\u00fcnf Kontinenten. Im Gesch\u00e4ftsjahr 2018 erzielte Allgeier im fortgef\u00fchrten Gesch\u00e4ft mit mehr als 2.000 Kunden einen Umsatz von 687 Mio. Euro. Allgeier z\u00e4hlt gem\u00e4\u00df L\u00fcnendonk(R)-Liste 2019 zu den zehn f\u00fchrenden IT-Beratungs- und Systemintegrations-Unternehmen in Deutschland. Allgeier Experts ist nach L\u00fcnendonk(R)-Marktsegmentstudie 2019 &#8222;Der Markt f\u00fcr Rekrutierung, Vermittlung und Steuerung von IT-Freelancern in Deutschland&#8220; unter den TOP 3 IT-Personaldienstleistern in Deutschland. Allgeier SE ist am Regulierten Markt der Frankfurter Wertpapierb\u00f6rse im General Standard gelistet (WKN A2GS63, ISIN DE000A2GS633). Weitere Informationen unter: <a href=\"https:\/\/link.cockpit.eqs.com\/cgi-bin\/fncls.ssp?fn=redirect&amp;url=f7a71e6582574a658221d7c7e5016043&amp;application_id=935985&amp;site_id=news_data&amp;application_name=news\" target=\"_blank\" rel=\"noopener\">www.allgeier.com<\/a>.<\/p>\n<\/div>\n<hr \/>\n<hr \/>\n<\/td>\n<\/tr>\n<\/table>\n<p><\/p>\n<div class=\"\">\n<p class=\"\">\n<\/div>\n","protected":false},"excerpt":{"rendered":"<p>ALLGEIER SE \/ Schlagwort(e): Finanzierung Allgeier SE erneuert langfristige Finanzierung zu verbesserten Konditionen 13.12.2019 \/ 17:52 CET\/CEST Ver\u00f6ffentlichung einer Insiderinformation nach Artikel 17 der Verordnung (EU) Nr. 596\/2014, \u00fcbermittelt durch DGAP &#8211; ein Service der EQS Group AG. F\u00fcr den<\/p>\n","protected":false},"author":4,"featured_media":0,"parent":1155,"menu_order":0,"comment_status":"close","ping_status":"closed","template":"","meta":{"_acf_changed":false,"footnotes":""},"categories":[],"tags":[],"class_list":["post-5406","page","type-page","status-publish","hentry"],"acf":[],"yoast_head":"<!-- This site is optimized with the Yoast SEO plugin v27.4 - https:\/\/yoast.com\/product\/yoast-seo-wordpress\/ -->\n<title>Allgeier SE erneuert langfristige Finanzierung zu verbesserten Konditionen - Allgeier SE<\/title>\n<meta name=\"robots\" content=\"index, follow, max-snippet:-1, max-image-preview:large, max-video-preview:-1\" \/>\n<link rel=\"canonical\" href=\"https:\/\/www.allgeier.com\/de\/investor-relations\/adhoc-announcements\/allgeier-se-erneuert-langfristige-finanzierung-zu-verbesserten-konditionen\/\" \/>\n<meta property=\"og:locale\" content=\"de_DE\" \/>\n<meta property=\"og:type\" content=\"article\" \/>\n<meta property=\"og:title\" content=\"Allgeier SE erneuert langfristige Finanzierung zu verbesserten Konditionen - Allgeier SE\" \/>\n<meta property=\"og:description\" content=\"ALLGEIER SE \/ Schlagwort(e): Finanzierung Allgeier SE erneuert langfristige Finanzierung zu verbesserten Konditionen 13.12.2019 \/ 17:52 CET\/CEST Ver\u00f6ffentlichung einer Insiderinformation nach Artikel 17 der Verordnung (EU) Nr. 596\/2014, \u00fcbermittelt durch DGAP - ein Service der EQS Group AG. F\u00fcr den\" \/>\n<meta property=\"og:url\" content=\"https:\/\/www.allgeier.com\/de\/investor-relations\/adhoc-announcements\/allgeier-se-erneuert-langfristige-finanzierung-zu-verbesserten-konditionen\/\" \/>\n<meta property=\"og:site_name\" content=\"Allgeier SE\" \/>\n<meta property=\"article:modified_time\" content=\"2023-01-22T17:09:59+00:00\" \/>\n<meta name=\"twitter:card\" content=\"summary_large_image\" \/>\n<meta name=\"twitter:label1\" content=\"Gesch\u00e4tzte Lesezeit\" \/>\n\t<meta name=\"twitter:data1\" content=\"2\u00a0Minuten\" \/>\n<script type=\"application\/ld+json\" class=\"yoast-schema-graph\">{\"@context\":\"https:\\\/\\\/schema.org\",\"@graph\":[{\"@type\":\"WebPage\",\"@id\":\"https:\\\/\\\/www.allgeier.com\\\/de\\\/investor-relations\\\/adhoc-announcements\\\/allgeier-se-erneuert-langfristige-finanzierung-zu-verbesserten-konditionen\\\/\",\"url\":\"https:\\\/\\\/www.allgeier.com\\\/de\\\/investor-relations\\\/adhoc-announcements\\\/allgeier-se-erneuert-langfristige-finanzierung-zu-verbesserten-konditionen\\\/\",\"name\":\"Allgeier SE erneuert langfristige Finanzierung zu verbesserten Konditionen - Allgeier SE\",\"isPartOf\":{\"@id\":\"https:\\\/\\\/www.allgeier.com\\\/de\\\/#website\"},\"datePublished\":\"2019-12-13T16:52:39+00:00\",\"dateModified\":\"2023-01-22T17:09:59+00:00\",\"breadcrumb\":{\"@id\":\"https:\\\/\\\/www.allgeier.com\\\/de\\\/investor-relations\\\/adhoc-announcements\\\/allgeier-se-erneuert-langfristige-finanzierung-zu-verbesserten-konditionen\\\/#breadcrumb\"},\"inLanguage\":\"de\",\"potentialAction\":[{\"@type\":\"ReadAction\",\"target\":[\"https:\\\/\\\/www.allgeier.com\\\/de\\\/investor-relations\\\/adhoc-announcements\\\/allgeier-se-erneuert-langfristige-finanzierung-zu-verbesserten-konditionen\\\/\"]}]},{\"@type\":\"BreadcrumbList\",\"@id\":\"https:\\\/\\\/www.allgeier.com\\\/de\\\/investor-relations\\\/adhoc-announcements\\\/allgeier-se-erneuert-langfristige-finanzierung-zu-verbesserten-konditionen\\\/#breadcrumb\",\"itemListElement\":[{\"@type\":\"ListItem\",\"position\":1,\"name\":\"Home\",\"item\":\"https:\\\/\\\/www.allgeier.com\\\/de\\\/\"},{\"@type\":\"ListItem\",\"position\":2,\"name\":\"Investor Relations\",\"item\":\"https:\\\/\\\/www.allgeier.com\\\/de\\\/investor-relations\\\/\"},{\"@type\":\"ListItem\",\"position\":3,\"name\":\"Ad hoc-Mitteilungen\",\"item\":\"https:\\\/\\\/www.allgeier.com\\\/de\\\/investor-relations\\\/adhoc-announcements\\\/\"},{\"@type\":\"ListItem\",\"position\":4,\"name\":\"Allgeier SE erneuert langfristige Finanzierung zu verbesserten Konditionen\"}]},{\"@type\":\"WebSite\",\"@id\":\"https:\\\/\\\/www.allgeier.com\\\/de\\\/#website\",\"url\":\"https:\\\/\\\/www.allgeier.com\\\/de\\\/\",\"name\":\"Allgeier SE\",\"description\":\"Software &amp; IT Services for digital transformation\",\"potentialAction\":[{\"@type\":\"SearchAction\",\"target\":{\"@type\":\"EntryPoint\",\"urlTemplate\":\"https:\\\/\\\/www.allgeier.com\\\/de\\\/?s={search_term_string}\"},\"query-input\":{\"@type\":\"PropertyValueSpecification\",\"valueRequired\":true,\"valueName\":\"search_term_string\"}}],\"inLanguage\":\"de\"}]}<\/script>\n<!-- \/ Yoast SEO plugin. -->","yoast_head_json":{"title":"Allgeier SE erneuert langfristige Finanzierung zu verbesserten Konditionen - Allgeier SE","robots":{"index":"index","follow":"follow","max-snippet":"max-snippet:-1","max-image-preview":"max-image-preview:large","max-video-preview":"max-video-preview:-1"},"canonical":"https:\/\/www.allgeier.com\/de\/investor-relations\/adhoc-announcements\/allgeier-se-erneuert-langfristige-finanzierung-zu-verbesserten-konditionen\/","og_locale":"de_DE","og_type":"article","og_title":"Allgeier SE erneuert langfristige Finanzierung zu verbesserten Konditionen - Allgeier SE","og_description":"ALLGEIER SE \/ Schlagwort(e): Finanzierung Allgeier SE erneuert langfristige Finanzierung zu verbesserten Konditionen 13.12.2019 \/ 17:52 CET\/CEST Ver\u00f6ffentlichung einer Insiderinformation nach Artikel 17 der Verordnung (EU) Nr. 596\/2014, \u00fcbermittelt durch DGAP - ein Service der EQS Group AG. F\u00fcr den","og_url":"https:\/\/www.allgeier.com\/de\/investor-relations\/adhoc-announcements\/allgeier-se-erneuert-langfristige-finanzierung-zu-verbesserten-konditionen\/","og_site_name":"Allgeier SE","article_modified_time":"2023-01-22T17:09:59+00:00","twitter_card":"summary_large_image","twitter_misc":{"Gesch\u00e4tzte Lesezeit":"2\u00a0Minuten"},"schema":{"@context":"https:\/\/schema.org","@graph":[{"@type":"WebPage","@id":"https:\/\/www.allgeier.com\/de\/investor-relations\/adhoc-announcements\/allgeier-se-erneuert-langfristige-finanzierung-zu-verbesserten-konditionen\/","url":"https:\/\/www.allgeier.com\/de\/investor-relations\/adhoc-announcements\/allgeier-se-erneuert-langfristige-finanzierung-zu-verbesserten-konditionen\/","name":"Allgeier SE erneuert langfristige Finanzierung zu verbesserten Konditionen - Allgeier SE","isPartOf":{"@id":"https:\/\/www.allgeier.com\/de\/#website"},"datePublished":"2019-12-13T16:52:39+00:00","dateModified":"2023-01-22T17:09:59+00:00","breadcrumb":{"@id":"https:\/\/www.allgeier.com\/de\/investor-relations\/adhoc-announcements\/allgeier-se-erneuert-langfristige-finanzierung-zu-verbesserten-konditionen\/#breadcrumb"},"inLanguage":"de","potentialAction":[{"@type":"ReadAction","target":["https:\/\/www.allgeier.com\/de\/investor-relations\/adhoc-announcements\/allgeier-se-erneuert-langfristige-finanzierung-zu-verbesserten-konditionen\/"]}]},{"@type":"BreadcrumbList","@id":"https:\/\/www.allgeier.com\/de\/investor-relations\/adhoc-announcements\/allgeier-se-erneuert-langfristige-finanzierung-zu-verbesserten-konditionen\/#breadcrumb","itemListElement":[{"@type":"ListItem","position":1,"name":"Home","item":"https:\/\/www.allgeier.com\/de\/"},{"@type":"ListItem","position":2,"name":"Investor Relations","item":"https:\/\/www.allgeier.com\/de\/investor-relations\/"},{"@type":"ListItem","position":3,"name":"Ad hoc-Mitteilungen","item":"https:\/\/www.allgeier.com\/de\/investor-relations\/adhoc-announcements\/"},{"@type":"ListItem","position":4,"name":"Allgeier SE erneuert langfristige Finanzierung zu verbesserten Konditionen"}]},{"@type":"WebSite","@id":"https:\/\/www.allgeier.com\/de\/#website","url":"https:\/\/www.allgeier.com\/de\/","name":"Allgeier SE","description":"Software &amp; IT Services for digital transformation","potentialAction":[{"@type":"SearchAction","target":{"@type":"EntryPoint","urlTemplate":"https:\/\/www.allgeier.com\/de\/?s={search_term_string}"},"query-input":{"@type":"PropertyValueSpecification","valueRequired":true,"valueName":"search_term_string"}}],"inLanguage":"de"}]}},"_links":{"self":[{"href":"https:\/\/www.allgeier.com\/de\/wp-json\/wp\/v2\/pages\/5406","targetHints":{"allow":["GET"]}}],"collection":[{"href":"https:\/\/www.allgeier.com\/de\/wp-json\/wp\/v2\/pages"}],"about":[{"href":"https:\/\/www.allgeier.com\/de\/wp-json\/wp\/v2\/types\/page"}],"author":[{"embeddable":true,"href":"https:\/\/www.allgeier.com\/de\/wp-json\/wp\/v2\/users\/4"}],"replies":[{"embeddable":true,"href":"https:\/\/www.allgeier.com\/de\/wp-json\/wp\/v2\/comments?post=5406"}],"version-history":[{"count":1,"href":"https:\/\/www.allgeier.com\/de\/wp-json\/wp\/v2\/pages\/5406\/revisions"}],"predecessor-version":[{"id":5407,"href":"https:\/\/www.allgeier.com\/de\/wp-json\/wp\/v2\/pages\/5406\/revisions\/5407"}],"up":[{"embeddable":true,"href":"https:\/\/www.allgeier.com\/de\/wp-json\/wp\/v2\/pages\/1155"}],"wp:attachment":[{"href":"https:\/\/www.allgeier.com\/de\/wp-json\/wp\/v2\/media?parent=5406"}],"wp:term":[{"taxonomy":"category","embeddable":true,"href":"https:\/\/www.allgeier.com\/de\/wp-json\/wp\/v2\/categories?post=5406"},{"taxonomy":"post_tag","embeddable":true,"href":"https:\/\/www.allgeier.com\/de\/wp-json\/wp\/v2\/tags?post=5406"}],"curies":[{"name":"wp","href":"https:\/\/api.w.org\/{rel}","templated":true}]}}