{"id":5408,"date":"2019-12-09T17:15:58","date_gmt":"2019-12-09T18:15:58","guid":{"rendered":"https:\/\/www.allgeier.com\/de\/?page_id=5408"},"modified":"2023-01-22T17:09:59","modified_gmt":"2023-01-22T17:09:59","slug":"allgeier-se-forecast-2019-und-guidance-2020","status":"publish","type":"page","link":"https:\/\/www.allgeier.com\/de\/investor-relations\/adhoc-announcements\/allgeier-se-forecast-2019-und-guidance-2020\/","title":{"rendered":"Allgeier SE: Forecast 2019 und Guidance 2020"},"content":{"rendered":"<table class=\"news_layout style2015\" border=\"0\" cellpadding=\"0\" cellspacing=\"0\">\n<tr>\n<td>\n<p class=\"news_top\">ALLGEIER SE \/ Schlagwort(e): Prognose<br \/>Allgeier SE: Forecast 2019 und Guidance 2020<\/p>\n<p><span class=\"news_top_date\">09.12.2019 \/ 19:15 CET\/CEST<\/span><br \/>Ver\u00f6ffentlichung einer Insiderinformation nach Artikel 17 der Verordnung (EU) Nr. 596\/2014, \u00fcbermittelt durch DGAP &#8211; ein Service der EQS Group AG.<br \/>F\u00fcr den Inhalt der Mitteilung ist der Emittent \/ Herausgeber verantwortlich.<\/p>\n<hr \/>\n<div class=\"break-word news_main\">\n<p><i>M\u00fcnchen, 9. Dezember 2019 &#8211;<\/i> Der Vorstand der Allgeier SE (ISIN DE000A2GS633, WKN A2GS63), M\u00fcnchen, hat am heutigen Tag die Konzernplanung f\u00fcr das Jahr 2020 verabschiedet und auf Basis der vorl\u00e4ufigen Konzernzahlen per Oktober 2019 einen Forecast auf das Jahresende 2019 erstellt.<br \/>\u00a0<\/p>\n<p>Forecast 2019<\/p>\n<p>Im aktuellen Forecast f\u00fcr das Gesch\u00e4ftsjahr 2019 rechnet der Vorstand mit einem Umsatz von 770 bis 790 Millionen Euro; das entspricht einem Wachstum von 12 bis 15 Prozent gegen\u00fcber dem Vorjahr. Der erwartete Umsatz wird aufgrund der im Gesch\u00e4ftsjahr 2019 durchgef\u00fchrten Restrukturierung des Gesch\u00e4ftsbereichs Allgeier Experts und der damit verbundenen Aufgabe von margenschwachen Ums\u00e4tzen niedriger sein als urspr\u00fcnglich f\u00fcr den Gesamtkonzern prognostiziert. Allerdings erwartet der Vorstand dadurch eine \u00fcberproportionale Steigerung des bereinigten EBITDA (EBITDA vor Effekten, die betriebswirtschaftlich als au\u00dferordentlich oder periodenfremd qualifiziert werden) auf 64 bis 69 Millionen Euro; das entspricht einer Steigerung von 18 bis 21 Prozent gegen\u00fcber dem Vorjahr. Die erwartete bereinigte EBITDA-Marge betr\u00e4gt 8,3 bis 8,7 Prozent.<br \/>\u00a0<\/p>\n<p>Guidance 2020<\/p>\n<p>Die am heutigen Tag vom Aufsichtsrat genehmigte Planung f\u00fcr das Gesch\u00e4ftsjahr 2020 sieht f\u00fcr den Gesamtkonzern einen Umsatz in der Gr\u00f6\u00dfenordnung von 820 bis 840 Millionen Euro vor, was einem Umsatzwachstum zwischen 6 und 8 Prozent entspricht. Hintergrund ist eine weiterhin geplante deutliche Reduzierung von Gesch\u00e4ft mit niedrigen Margen im Bereich Allgeier Experts. Die bereinigte EBITDA-Marge f\u00fcr den Gesamtkonzern soll auf eine Gr\u00f6\u00dfenordnung von 11 bis 12 Prozent ansteigen, was einem bereinigten EBITDA in der Gr\u00f6\u00dfenordnung von 90 bis 100 Millionen Euro entspricht.<\/p>\n<p>Die vorgenannten Planzahlen beziehen sich auf das organische Konzernwachstum. Zuk\u00fcnftige Akquisitionen in den einzelnen Gesch\u00e4ftsbereichen k\u00f6nnen einen zus\u00e4tzlichen Beitrag zum Wachstum leisten.<br \/>\u00a0<\/p>\n<p>Hinweis<\/p>\n<p>Alle genannten Zahlen f\u00fcr 2019 und 2020 wurden gem\u00e4\u00df IFRS unter Anwendung des ab 2019 geltenden Standards IFRS 16 erstellt. Die Vergleichszahlen f\u00fcr 2018 wurden zum Zwecke der Vergleichbarkeit retrograd auf IFRS 16 angepasst. Es wird ferner darauf hingewiesen, dass alle genannten Zahlen f\u00fcr 2019 und 2020 auf Annahmen und Sch\u00e4tzungen beruhende Erwartungen des Vorstands darstellen. Auch wenn der Vorstand der Ansicht ist, dass diese Annahmen und Sch\u00e4tzungen zutreffend sind, k\u00f6nnen die k\u00fcnftigen tats\u00e4chlichen Entwicklungen und die k\u00fcnftigen tats\u00e4chlichen Ergebnisse von diesen Annahmen und Sch\u00e4tzungen abweichen. Die Allgeier SE \u00fcbernimmt keine Gew\u00e4hrleistung und keine Haftung daf\u00fcr, dass die k\u00fcnftigen Entwicklungen und die k\u00fcnftig erzielten tats\u00e4chlichen Ergebnisse mit den in dieser Ad-hoc-Mitteilung ge\u00e4u\u00dferten Annahmen und Sch\u00e4tzungen \u00fcbereinstimmen werden.<br \/>\u00a0<\/p>\n<p>Kontakt:<\/p>\n<p>Allgeier SE<br \/>Corporate Communications &amp; Investor Relations<br \/>Dr. Christopher Gro\u00dfe<br \/>Einsteinstra\u00dfe 172<br \/>81677 M\u00fcnchen<br \/>Tel.: +49 (0)89\/998421-0<br \/>Fax: +49 (0)89\/998421-11<br \/>E-Mail: ir@allgeier.com<br \/>Web: www.allgeier.com<br \/>\u00a0<\/p>\n<p>Allgeier SE ist eines der f\u00fchrenden Technologie-Unternehmen f\u00fcr digitale Transformation: Allgeier f\u00fchrt seine Kunden durch die Herausforderungen der digitalen Transformation, um ihren zuk\u00fcnftigen Erfolg sicherzustellen. F\u00fcr globale Konzerne ebenso wie f\u00fcr markt- und branchenf\u00fchrende Unternehmen aus zahlreichen Branchen und M\u00e4rkten erzielt Allgeier Durchbr\u00fcche hin zu neuen digitalen Gesch\u00e4ftsmodellen, definiert strategische Priorit\u00e4ten und realisiert mit hoher Flexibilit\u00e4t und Zugkraft bahnbrechende Projekte, um agile und intelligente Organisationen f\u00fcr das digitale Zeitalter zu gestalten. Mit \u00fcber 10.000 angestellten Mitarbeitern und mehr als 1.000 freiberuflichen Experten bildet Allgeier mit einem hochflexiblen Delivery-Modell das komplette IT-Leistungsspektrum von Onsite \u00fcber Nearshore bis hin zu Offshore ab &#8211; mit starken Standbeinen in Indien, China, Vietnam und Osteuropa. Die stark wachsende Gruppe mit Hauptsitz in M\u00fcnchen verf\u00fcgt \u00fcber weltweit mehr als 140 Niederlassungen in 28 L\u00e4ndern auf f\u00fcnf Kontinenten. Im Gesch\u00e4ftsjahr 2018 erzielte Allgeier im fortgef\u00fchrten Gesch\u00e4ft mit mehr als 2.000 Kunden einen Umsatz von 687 Mio. Euro. Allgeier z\u00e4hlt gem\u00e4\u00df L\u00fcnendonk(R)-Liste 2019 zu den zehn f\u00fchrenden IT-Beratungs- und Systemintegrations-Unternehmen in Deutschland. Allgeier Experts ist nach L\u00fcnendonk(R)-Marktsegmentstudie 2019 &#8222;Der Markt f\u00fcr Rekrutierung, Vermittlung und Steuerung von IT-Freelancern in Deutschland&#8220; unter den TOP 3 IT-Personaldienstleistern in Deutschland. Allgeier SE ist am Regulierten Markt der Frankfurter Wertpapierb\u00f6rse im General Standard gelistet (WKN A2GS63, ISIN DE000A2GS633). Weitere Informationen unter: <a href=\"https:\/\/link.cockpit.eqs.com\/cgi-bin\/fncls.ssp?fn=redirect&amp;url=f7a71e6582574a658221d7c7e5016043&amp;application_id=931881&amp;site_id=news_data&amp;application_name=news\" target=\"_blank\" rel=\"noopener\">www.allgeier.com<\/a>.<\/p>\n<p>\u00a0<\/div>\n<hr \/>\n<hr \/>\n<\/td>\n<\/tr>\n<\/table>\n<p><\/p>\n<div class=\"\">\n<p class=\"\">\n<\/div>\n","protected":false},"excerpt":{"rendered":"<p>ALLGEIER SE \/ Schlagwort(e): Prognose Allgeier SE: Forecast 2019 und Guidance 2020 09.12.2019 \/ 19:15 CET\/CEST Ver\u00f6ffentlichung einer Insiderinformation nach Artikel 17 der Verordnung (EU) Nr. 596\/2014, \u00fcbermittelt durch DGAP &#8211; ein Service der EQS Group AG. F\u00fcr den Inhalt der Mitteilung ist der Emittent<\/p>\n","protected":false},"author":4,"featured_media":0,"parent":1155,"menu_order":0,"comment_status":"close","ping_status":"closed","template":"","meta":{"_acf_changed":false,"footnotes":""},"categories":[],"tags":[],"class_list":["post-5408","page","type-page","status-publish","hentry"],"acf":[],"yoast_head":"<!-- This site is optimized with the Yoast SEO plugin v27.4 - https:\/\/yoast.com\/product\/yoast-seo-wordpress\/ -->\n<title>Allgeier SE: Forecast 2019 und Guidance 2020 - Allgeier SE<\/title>\n<meta name=\"robots\" content=\"index, follow, max-snippet:-1, max-image-preview:large, max-video-preview:-1\" \/>\n<link rel=\"canonical\" href=\"https:\/\/www.allgeier.com\/de\/investor-relations\/adhoc-announcements\/allgeier-se-forecast-2019-und-guidance-2020\/\" \/>\n<meta property=\"og:locale\" content=\"de_DE\" \/>\n<meta property=\"og:type\" content=\"article\" \/>\n<meta property=\"og:title\" content=\"Allgeier SE: Forecast 2019 und Guidance 2020 - Allgeier SE\" \/>\n<meta property=\"og:description\" content=\"ALLGEIER SE \/ Schlagwort(e): Prognose Allgeier SE: Forecast 2019 und Guidance 2020 09.12.2019 \/ 19:15 CET\/CEST Ver\u00f6ffentlichung einer Insiderinformation nach Artikel 17 der Verordnung (EU) Nr. 596\/2014, \u00fcbermittelt durch DGAP - ein Service der EQS Group AG. F\u00fcr den Inhalt der Mitteilung ist der Emittent\" \/>\n<meta property=\"og:url\" content=\"https:\/\/www.allgeier.com\/de\/investor-relations\/adhoc-announcements\/allgeier-se-forecast-2019-und-guidance-2020\/\" \/>\n<meta property=\"og:site_name\" content=\"Allgeier SE\" \/>\n<meta property=\"article:modified_time\" content=\"2023-01-22T17:09:59+00:00\" \/>\n<meta name=\"twitter:card\" content=\"summary_large_image\" \/>\n<meta name=\"twitter:label1\" content=\"Gesch\u00e4tzte Lesezeit\" \/>\n\t<meta name=\"twitter:data1\" content=\"3\u00a0Minuten\" \/>\n<script type=\"application\/ld+json\" class=\"yoast-schema-graph\">{\"@context\":\"https:\\\/\\\/schema.org\",\"@graph\":[{\"@type\":\"WebPage\",\"@id\":\"https:\\\/\\\/www.allgeier.com\\\/de\\\/investor-relations\\\/adhoc-announcements\\\/allgeier-se-forecast-2019-und-guidance-2020\\\/\",\"url\":\"https:\\\/\\\/www.allgeier.com\\\/de\\\/investor-relations\\\/adhoc-announcements\\\/allgeier-se-forecast-2019-und-guidance-2020\\\/\",\"name\":\"Allgeier SE: Forecast 2019 und Guidance 2020 - Allgeier SE\",\"isPartOf\":{\"@id\":\"https:\\\/\\\/www.allgeier.com\\\/de\\\/#website\"},\"datePublished\":\"2019-12-09T18:15:58+00:00\",\"dateModified\":\"2023-01-22T17:09:59+00:00\",\"breadcrumb\":{\"@id\":\"https:\\\/\\\/www.allgeier.com\\\/de\\\/investor-relations\\\/adhoc-announcements\\\/allgeier-se-forecast-2019-und-guidance-2020\\\/#breadcrumb\"},\"inLanguage\":\"de\",\"potentialAction\":[{\"@type\":\"ReadAction\",\"target\":[\"https:\\\/\\\/www.allgeier.com\\\/de\\\/investor-relations\\\/adhoc-announcements\\\/allgeier-se-forecast-2019-und-guidance-2020\\\/\"]}]},{\"@type\":\"BreadcrumbList\",\"@id\":\"https:\\\/\\\/www.allgeier.com\\\/de\\\/investor-relations\\\/adhoc-announcements\\\/allgeier-se-forecast-2019-und-guidance-2020\\\/#breadcrumb\",\"itemListElement\":[{\"@type\":\"ListItem\",\"position\":1,\"name\":\"Home\",\"item\":\"https:\\\/\\\/www.allgeier.com\\\/de\\\/\"},{\"@type\":\"ListItem\",\"position\":2,\"name\":\"Investor Relations\",\"item\":\"https:\\\/\\\/www.allgeier.com\\\/de\\\/investor-relations\\\/\"},{\"@type\":\"ListItem\",\"position\":3,\"name\":\"Ad hoc-Mitteilungen\",\"item\":\"https:\\\/\\\/www.allgeier.com\\\/de\\\/investor-relations\\\/adhoc-announcements\\\/\"},{\"@type\":\"ListItem\",\"position\":4,\"name\":\"Allgeier SE: Forecast 2019 und Guidance 2020\"}]},{\"@type\":\"WebSite\",\"@id\":\"https:\\\/\\\/www.allgeier.com\\\/de\\\/#website\",\"url\":\"https:\\\/\\\/www.allgeier.com\\\/de\\\/\",\"name\":\"Allgeier SE\",\"description\":\"Software &amp; IT Services for digital transformation\",\"potentialAction\":[{\"@type\":\"SearchAction\",\"target\":{\"@type\":\"EntryPoint\",\"urlTemplate\":\"https:\\\/\\\/www.allgeier.com\\\/de\\\/?s={search_term_string}\"},\"query-input\":{\"@type\":\"PropertyValueSpecification\",\"valueRequired\":true,\"valueName\":\"search_term_string\"}}],\"inLanguage\":\"de\"}]}<\/script>\n<!-- \/ Yoast SEO plugin. -->","yoast_head_json":{"title":"Allgeier SE: Forecast 2019 und Guidance 2020 - Allgeier SE","robots":{"index":"index","follow":"follow","max-snippet":"max-snippet:-1","max-image-preview":"max-image-preview:large","max-video-preview":"max-video-preview:-1"},"canonical":"https:\/\/www.allgeier.com\/de\/investor-relations\/adhoc-announcements\/allgeier-se-forecast-2019-und-guidance-2020\/","og_locale":"de_DE","og_type":"article","og_title":"Allgeier SE: Forecast 2019 und Guidance 2020 - Allgeier SE","og_description":"ALLGEIER SE \/ Schlagwort(e): Prognose Allgeier SE: Forecast 2019 und Guidance 2020 09.12.2019 \/ 19:15 CET\/CEST Ver\u00f6ffentlichung einer Insiderinformation nach Artikel 17 der Verordnung (EU) Nr. 596\/2014, \u00fcbermittelt durch DGAP - ein Service der EQS Group AG. F\u00fcr den Inhalt der Mitteilung ist der Emittent","og_url":"https:\/\/www.allgeier.com\/de\/investor-relations\/adhoc-announcements\/allgeier-se-forecast-2019-und-guidance-2020\/","og_site_name":"Allgeier SE","article_modified_time":"2023-01-22T17:09:59+00:00","twitter_card":"summary_large_image","twitter_misc":{"Gesch\u00e4tzte Lesezeit":"3\u00a0Minuten"},"schema":{"@context":"https:\/\/schema.org","@graph":[{"@type":"WebPage","@id":"https:\/\/www.allgeier.com\/de\/investor-relations\/adhoc-announcements\/allgeier-se-forecast-2019-und-guidance-2020\/","url":"https:\/\/www.allgeier.com\/de\/investor-relations\/adhoc-announcements\/allgeier-se-forecast-2019-und-guidance-2020\/","name":"Allgeier SE: Forecast 2019 und Guidance 2020 - Allgeier SE","isPartOf":{"@id":"https:\/\/www.allgeier.com\/de\/#website"},"datePublished":"2019-12-09T18:15:58+00:00","dateModified":"2023-01-22T17:09:59+00:00","breadcrumb":{"@id":"https:\/\/www.allgeier.com\/de\/investor-relations\/adhoc-announcements\/allgeier-se-forecast-2019-und-guidance-2020\/#breadcrumb"},"inLanguage":"de","potentialAction":[{"@type":"ReadAction","target":["https:\/\/www.allgeier.com\/de\/investor-relations\/adhoc-announcements\/allgeier-se-forecast-2019-und-guidance-2020\/"]}]},{"@type":"BreadcrumbList","@id":"https:\/\/www.allgeier.com\/de\/investor-relations\/adhoc-announcements\/allgeier-se-forecast-2019-und-guidance-2020\/#breadcrumb","itemListElement":[{"@type":"ListItem","position":1,"name":"Home","item":"https:\/\/www.allgeier.com\/de\/"},{"@type":"ListItem","position":2,"name":"Investor Relations","item":"https:\/\/www.allgeier.com\/de\/investor-relations\/"},{"@type":"ListItem","position":3,"name":"Ad hoc-Mitteilungen","item":"https:\/\/www.allgeier.com\/de\/investor-relations\/adhoc-announcements\/"},{"@type":"ListItem","position":4,"name":"Allgeier SE: Forecast 2019 und Guidance 2020"}]},{"@type":"WebSite","@id":"https:\/\/www.allgeier.com\/de\/#website","url":"https:\/\/www.allgeier.com\/de\/","name":"Allgeier SE","description":"Software &amp; IT Services for digital transformation","potentialAction":[{"@type":"SearchAction","target":{"@type":"EntryPoint","urlTemplate":"https:\/\/www.allgeier.com\/de\/?s={search_term_string}"},"query-input":{"@type":"PropertyValueSpecification","valueRequired":true,"valueName":"search_term_string"}}],"inLanguage":"de"}]}},"_links":{"self":[{"href":"https:\/\/www.allgeier.com\/de\/wp-json\/wp\/v2\/pages\/5408","targetHints":{"allow":["GET"]}}],"collection":[{"href":"https:\/\/www.allgeier.com\/de\/wp-json\/wp\/v2\/pages"}],"about":[{"href":"https:\/\/www.allgeier.com\/de\/wp-json\/wp\/v2\/types\/page"}],"author":[{"embeddable":true,"href":"https:\/\/www.allgeier.com\/de\/wp-json\/wp\/v2\/users\/4"}],"replies":[{"embeddable":true,"href":"https:\/\/www.allgeier.com\/de\/wp-json\/wp\/v2\/comments?post=5408"}],"version-history":[{"count":1,"href":"https:\/\/www.allgeier.com\/de\/wp-json\/wp\/v2\/pages\/5408\/revisions"}],"predecessor-version":[{"id":5409,"href":"https:\/\/www.allgeier.com\/de\/wp-json\/wp\/v2\/pages\/5408\/revisions\/5409"}],"up":[{"embeddable":true,"href":"https:\/\/www.allgeier.com\/de\/wp-json\/wp\/v2\/pages\/1155"}],"wp:attachment":[{"href":"https:\/\/www.allgeier.com\/de\/wp-json\/wp\/v2\/media?parent=5408"}],"wp:term":[{"taxonomy":"category","embeddable":true,"href":"https:\/\/www.allgeier.com\/de\/wp-json\/wp\/v2\/categories?post=5408"},{"taxonomy":"post_tag","embeddable":true,"href":"https:\/\/www.allgeier.com\/de\/wp-json\/wp\/v2\/tags?post=5408"}],"curies":[{"name":"wp","href":"https:\/\/api.w.org\/{rel}","templated":true}]}}