{"id":5410,"date":"2019-11-19T15:32:22","date_gmt":"2019-11-19T16:32:22","guid":{"rendered":"https:\/\/www.allgeier.com\/de\/?page_id=5410"},"modified":"2023-01-22T17:09:59","modified_gmt":"2023-01-22T17:09:59","slug":"allgeier-se-erlaeuterung-des-vorstands-zu-den-heute-veroeffentlichten-meldungen-ueber-eigengeschaefte-von-fuehrungskraeften-nach-art-19-mar","status":"publish","type":"page","link":"https:\/\/www.allgeier.com\/de\/investor-relations\/adhoc-announcements\/allgeier-se-erlaeuterung-des-vorstands-zu-den-heute-veroeffentlichten-meldungen-ueber-eigengeschaefte-von-fuehrungskraeften-nach-art-19-mar\/","title":{"rendered":"Allgeier SE: Erl\u00e4uterung des Vorstands zu den heute ver\u00f6ffentlichten Meldungen \u00fcber Eigengesch\u00e4fte von F\u00fchrungskr\u00e4ften nach Art. 19 MAR"},"content":{"rendered":"<table class=\"news_layout style2015\" border=\"0\" cellpadding=\"0\" cellspacing=\"0\">\n<tr>\n<td>\n<p class=\"news_top\">ALLGEIER SE \/ Schlagwort(e): Sonstiges<br \/>Allgeier SE: Erl\u00e4uterung des Vorstands zu den heute ver\u00f6ffentlichten Meldungen \u00fcber Eigengesch\u00e4fte von F\u00fchrungskr\u00e4ften nach Art. 19 MAR<\/p>\n<p><span class=\"news_top_date\">19.11.2019 \/ 17:32 CET\/CEST<\/span><br \/>Ver\u00f6ffentlichung einer Insiderinformation nach Artikel 17 der Verordnung (EU) Nr. 596\/2014, \u00fcbermittelt durch DGAP &#8211; ein Service der EQS Group AG.<br \/>F\u00fcr den Inhalt der Mitteilung ist der Emittent \/ Herausgeber verantwortlich.<\/p>\n<hr \/>\n<div class=\"break-word news_main\">\n<p><i>M\u00fcnchen, 19. November 2019 &#8211; <\/i>Der Vorstand der Allgeier SE gibt zu den heute gem\u00e4\u00df Art. 19 MAR ver\u00f6ffentlichten Meldungen \u00fcber Eigengesch\u00e4fte von F\u00fchrungskr\u00e4ften (Directors&#8216; Dealings) folgende erg\u00e4nzende Erl\u00e4uterung: Die Mitglieder des Vorstands Herr Carl Georg D\u00fcrschmidt, Herr Hubert Rohrer und Herr Dr. Marcus Goedsche haben am 15.11.2019 je 45.000 Optionsrechte auf Aktien der Allgeier SE ausge\u00fcbt. In Summe erwerben die Mitglieder des Vorstands damit 135.000 neue Aktien der Allgeier SE, die aus dem Bedingten Kapital entstehen. Carl Georg D\u00fcrschmidt wird die aus der Aus\u00fcbung der 45.000 Optionsrechte entstehenden Aktien im Nachgang an die Lantano Beteiligungen GmbH, M\u00fcnchen, \u00fcbertragen. Dr. Marcus Goedsche hat zur Finanzierung des Aus\u00fcbungspreises am 15.11.2019 je 10.000 Aktien der Allgeier SE an Lantano Beteiligungen GmbH und an den Vorsitzenden des Aufsichtsrats der Allgeier SE, Herrn Detlef Dinsel, ver\u00e4u\u00dfert.<br \/>\u00a0<\/p>\n<p>Kontakt:<\/p>\n<p>Allgeier SE<br \/>Corporate Communications &amp; Investor Relations<br \/>Dr. Christopher Gro\u00dfe<br \/>Einsteinstra\u00dfe 172<br \/>81677 M\u00fcnchen<br \/>Tel.: +49 (0)89\/998421-0<br \/>Fax: +49 (0)89\/998421-11<br \/>E-Mail: ir@allgeier.com<br \/>Web: www.allgeier.com<\/p>\n<p>Allgeier SE ist eines der f\u00fchrenden Technologie-Unternehmen f\u00fcr digitale Transformation: Allgeier f\u00fchrt seine Kunden durch die Herausforderungen der digitalen Transformation, um ihren zuk\u00fcnftigen Erfolg sicherzustellen. F\u00fcr globale Konzerne ebenso wie f\u00fcr markt- und branchenf\u00fchrende Unternehmen aus zahlreichen Branchen und M\u00e4rkten erzielt Allgeier Durchbr\u00fcche hin zu neuen digitalen Gesch\u00e4ftsmodellen, definiert strategische Priorit\u00e4ten und realisiert mit hoher Flexibilit\u00e4t und Zugkraft bahnbrechende Projekte, um agile und intelligente Organisationen f\u00fcr das digitale Zeitalter zu gestalten. Mit \u00fcber 10.000 angestellten Mitarbeitern und mehr als 1.000 freiberuflichen Experten bildet Allgeier mit einem hochflexiblen Delivery-Modell das komplette IT-Leistungsspektrum von Onsite \u00fcber Nearshore bis hin zu Offshore ab &#8211; mit starken Standbeinen in Indien, China, Vietnam und Osteuropa. Die stark wachsende Gruppe mit Hauptsitz in M\u00fcnchen verf\u00fcgt \u00fcber weltweit mehr als 140 Niederlassungen in 28 L\u00e4ndern auf f\u00fcnf Kontinenten. Im Gesch\u00e4ftsjahr 2018 erzielte Allgeier im fortgef\u00fchrten Gesch\u00e4ft mit mehr als 2.000 Kunden einen Umsatz von 687 Mio. Euro. Allgeier z\u00e4hlt gem\u00e4\u00df L\u00fcnendonk(R)-Liste 2019 zu den zehn f\u00fchrenden IT-Beratungs- und Systemintegrations-Unternehmen in Deutschland. Allgeier Experts ist nach L\u00fcnendonk(R)-Marktsegmentstudie 2019 &#8222;Der Markt f\u00fcr Rekrutierung, Vermittlung und Steuerung von IT-Freelancern in Deutschland&#8220; unter den TOP 3 IT-Personaldienstleistern in Deutschland. Allgeier SE ist am Regulierten Markt der Frankfurter Wertpapierb\u00f6rse im General Standard gelistet (WKN A2GS63, ISIN DE000A2GS633). Weitere Informationen unter: <a href=\"https:\/\/link.cockpit.eqs.com\/cgi-bin\/fncls.ssp?fn=redirect&amp;url=f7a71e6582574a658221d7c7e5016043&amp;application_id=916463&amp;site_id=news_data&amp;application_name=news\" target=\"_blank\" rel=\"noopener\">www.allgeier.com<\/a>.<\/p>\n<\/div>\n<hr \/>\n<hr \/>\n<\/td>\n<\/tr>\n<\/table>\n<p><\/p>\n<div class=\"\">\n<p class=\"\">\n<\/div>\n","protected":false},"excerpt":{"rendered":"<p>ALLGEIER SE \/ Schlagwort(e): Sonstiges Allgeier SE: Erl\u00e4uterung des Vorstands zu den heute ver\u00f6ffentlichten Meldungen \u00fcber Eigengesch\u00e4fte von F\u00fchrungskr\u00e4ften nach Art. 19 MAR 19.11.2019 \/ 17:32 CET\/CEST Ver\u00f6ffentlichung einer Insiderinformation nach Artikel 17 der Verordnung (EU) Nr. 596\/2014, \u00fcbermittelt<\/p>\n","protected":false},"author":4,"featured_media":0,"parent":1155,"menu_order":0,"comment_status":"close","ping_status":"closed","template":"","meta":{"_acf_changed":false,"footnotes":""},"categories":[],"tags":[],"class_list":["post-5410","page","type-page","status-publish","hentry"],"acf":[],"yoast_head":"<!-- This site is optimized with the Yoast SEO plugin v27.4 - https:\/\/yoast.com\/product\/yoast-seo-wordpress\/ -->\n<title>Allgeier SE: Erl\u00e4uterung des Vorstands zu den heute ver\u00f6ffentlichten Meldungen \u00fcber Eigengesch\u00e4fte von F\u00fchrungskr\u00e4ften nach Art. 19 MAR - Allgeier SE<\/title>\n<meta name=\"robots\" content=\"index, follow, max-snippet:-1, max-image-preview:large, max-video-preview:-1\" \/>\n<link rel=\"canonical\" href=\"https:\/\/www.allgeier.com\/de\/investor-relations\/adhoc-announcements\/allgeier-se-erlaeuterung-des-vorstands-zu-den-heute-veroeffentlichten-meldungen-ueber-eigengeschaefte-von-fuehrungskraeften-nach-art-19-mar\/\" \/>\n<meta property=\"og:locale\" content=\"de_DE\" \/>\n<meta property=\"og:type\" content=\"article\" \/>\n<meta property=\"og:title\" content=\"Allgeier SE: Erl\u00e4uterung des Vorstands zu den heute ver\u00f6ffentlichten Meldungen \u00fcber Eigengesch\u00e4fte von F\u00fchrungskr\u00e4ften nach Art. 19 MAR - Allgeier SE\" \/>\n<meta property=\"og:description\" content=\"ALLGEIER SE \/ Schlagwort(e): Sonstiges Allgeier SE: Erl\u00e4uterung des Vorstands zu den heute ver\u00f6ffentlichten Meldungen \u00fcber Eigengesch\u00e4fte von F\u00fchrungskr\u00e4ften nach Art. 19 MAR 19.11.2019 \/ 17:32 CET\/CEST Ver\u00f6ffentlichung einer Insiderinformation nach Artikel 17 der Verordnung (EU) Nr. 596\/2014, \u00fcbermittelt\" \/>\n<meta property=\"og:url\" content=\"https:\/\/www.allgeier.com\/de\/investor-relations\/adhoc-announcements\/allgeier-se-erlaeuterung-des-vorstands-zu-den-heute-veroeffentlichten-meldungen-ueber-eigengeschaefte-von-fuehrungskraeften-nach-art-19-mar\/\" \/>\n<meta property=\"og:site_name\" content=\"Allgeier SE\" \/>\n<meta property=\"article:modified_time\" content=\"2023-01-22T17:09:59+00:00\" \/>\n<meta name=\"twitter:card\" content=\"summary_large_image\" \/>\n<meta name=\"twitter:label1\" content=\"Gesch\u00e4tzte Lesezeit\" \/>\n\t<meta name=\"twitter:data1\" content=\"2\u00a0Minuten\" \/>\n<script type=\"application\/ld+json\" class=\"yoast-schema-graph\">{\"@context\":\"https:\\\/\\\/schema.org\",\"@graph\":[{\"@type\":\"WebPage\",\"@id\":\"https:\\\/\\\/www.allgeier.com\\\/de\\\/investor-relations\\\/adhoc-announcements\\\/allgeier-se-erlaeuterung-des-vorstands-zu-den-heute-veroeffentlichten-meldungen-ueber-eigengeschaefte-von-fuehrungskraeften-nach-art-19-mar\\\/\",\"url\":\"https:\\\/\\\/www.allgeier.com\\\/de\\\/investor-relations\\\/adhoc-announcements\\\/allgeier-se-erlaeuterung-des-vorstands-zu-den-heute-veroeffentlichten-meldungen-ueber-eigengeschaefte-von-fuehrungskraeften-nach-art-19-mar\\\/\",\"name\":\"Allgeier SE: Erl\u00e4uterung des Vorstands zu den heute ver\u00f6ffentlichten Meldungen \u00fcber Eigengesch\u00e4fte von F\u00fchrungskr\u00e4ften nach Art. 19 MAR - Allgeier SE\",\"isPartOf\":{\"@id\":\"https:\\\/\\\/www.allgeier.com\\\/de\\\/#website\"},\"datePublished\":\"2019-11-19T16:32:22+00:00\",\"dateModified\":\"2023-01-22T17:09:59+00:00\",\"breadcrumb\":{\"@id\":\"https:\\\/\\\/www.allgeier.com\\\/de\\\/investor-relations\\\/adhoc-announcements\\\/allgeier-se-erlaeuterung-des-vorstands-zu-den-heute-veroeffentlichten-meldungen-ueber-eigengeschaefte-von-fuehrungskraeften-nach-art-19-mar\\\/#breadcrumb\"},\"inLanguage\":\"de\",\"potentialAction\":[{\"@type\":\"ReadAction\",\"target\":[\"https:\\\/\\\/www.allgeier.com\\\/de\\\/investor-relations\\\/adhoc-announcements\\\/allgeier-se-erlaeuterung-des-vorstands-zu-den-heute-veroeffentlichten-meldungen-ueber-eigengeschaefte-von-fuehrungskraeften-nach-art-19-mar\\\/\"]}]},{\"@type\":\"BreadcrumbList\",\"@id\":\"https:\\\/\\\/www.allgeier.com\\\/de\\\/investor-relations\\\/adhoc-announcements\\\/allgeier-se-erlaeuterung-des-vorstands-zu-den-heute-veroeffentlichten-meldungen-ueber-eigengeschaefte-von-fuehrungskraeften-nach-art-19-mar\\\/#breadcrumb\",\"itemListElement\":[{\"@type\":\"ListItem\",\"position\":1,\"name\":\"Home\",\"item\":\"https:\\\/\\\/www.allgeier.com\\\/de\\\/\"},{\"@type\":\"ListItem\",\"position\":2,\"name\":\"Investor Relations\",\"item\":\"https:\\\/\\\/www.allgeier.com\\\/de\\\/investor-relations\\\/\"},{\"@type\":\"ListItem\",\"position\":3,\"name\":\"Ad hoc-Mitteilungen\",\"item\":\"https:\\\/\\\/www.allgeier.com\\\/de\\\/investor-relations\\\/adhoc-announcements\\\/\"},{\"@type\":\"ListItem\",\"position\":4,\"name\":\"Allgeier SE: Erl\u00e4uterung des Vorstands zu den heute ver\u00f6ffentlichten Meldungen \u00fcber Eigengesch\u00e4fte von F\u00fchrungskr\u00e4ften nach Art. 19 MAR\"}]},{\"@type\":\"WebSite\",\"@id\":\"https:\\\/\\\/www.allgeier.com\\\/de\\\/#website\",\"url\":\"https:\\\/\\\/www.allgeier.com\\\/de\\\/\",\"name\":\"Allgeier SE\",\"description\":\"Software &amp; IT Services for digital transformation\",\"potentialAction\":[{\"@type\":\"SearchAction\",\"target\":{\"@type\":\"EntryPoint\",\"urlTemplate\":\"https:\\\/\\\/www.allgeier.com\\\/de\\\/?s={search_term_string}\"},\"query-input\":{\"@type\":\"PropertyValueSpecification\",\"valueRequired\":true,\"valueName\":\"search_term_string\"}}],\"inLanguage\":\"de\"}]}<\/script>\n<!-- \/ Yoast SEO plugin. -->","yoast_head_json":{"title":"Allgeier SE: Erl\u00e4uterung des Vorstands zu den heute ver\u00f6ffentlichten Meldungen \u00fcber Eigengesch\u00e4fte von F\u00fchrungskr\u00e4ften nach Art. 19 MAR - Allgeier SE","robots":{"index":"index","follow":"follow","max-snippet":"max-snippet:-1","max-image-preview":"max-image-preview:large","max-video-preview":"max-video-preview:-1"},"canonical":"https:\/\/www.allgeier.com\/de\/investor-relations\/adhoc-announcements\/allgeier-se-erlaeuterung-des-vorstands-zu-den-heute-veroeffentlichten-meldungen-ueber-eigengeschaefte-von-fuehrungskraeften-nach-art-19-mar\/","og_locale":"de_DE","og_type":"article","og_title":"Allgeier SE: Erl\u00e4uterung des Vorstands zu den heute ver\u00f6ffentlichten Meldungen \u00fcber Eigengesch\u00e4fte von F\u00fchrungskr\u00e4ften nach Art. 19 MAR - Allgeier SE","og_description":"ALLGEIER SE \/ Schlagwort(e): Sonstiges Allgeier SE: Erl\u00e4uterung des Vorstands zu den heute ver\u00f6ffentlichten Meldungen \u00fcber Eigengesch\u00e4fte von F\u00fchrungskr\u00e4ften nach Art. 19 MAR 19.11.2019 \/ 17:32 CET\/CEST Ver\u00f6ffentlichung einer Insiderinformation nach Artikel 17 der Verordnung (EU) Nr. 596\/2014, \u00fcbermittelt","og_url":"https:\/\/www.allgeier.com\/de\/investor-relations\/adhoc-announcements\/allgeier-se-erlaeuterung-des-vorstands-zu-den-heute-veroeffentlichten-meldungen-ueber-eigengeschaefte-von-fuehrungskraeften-nach-art-19-mar\/","og_site_name":"Allgeier SE","article_modified_time":"2023-01-22T17:09:59+00:00","twitter_card":"summary_large_image","twitter_misc":{"Gesch\u00e4tzte Lesezeit":"2\u00a0Minuten"},"schema":{"@context":"https:\/\/schema.org","@graph":[{"@type":"WebPage","@id":"https:\/\/www.allgeier.com\/de\/investor-relations\/adhoc-announcements\/allgeier-se-erlaeuterung-des-vorstands-zu-den-heute-veroeffentlichten-meldungen-ueber-eigengeschaefte-von-fuehrungskraeften-nach-art-19-mar\/","url":"https:\/\/www.allgeier.com\/de\/investor-relations\/adhoc-announcements\/allgeier-se-erlaeuterung-des-vorstands-zu-den-heute-veroeffentlichten-meldungen-ueber-eigengeschaefte-von-fuehrungskraeften-nach-art-19-mar\/","name":"Allgeier SE: Erl\u00e4uterung des Vorstands zu den heute ver\u00f6ffentlichten Meldungen \u00fcber Eigengesch\u00e4fte von F\u00fchrungskr\u00e4ften nach Art. 19 MAR - Allgeier SE","isPartOf":{"@id":"https:\/\/www.allgeier.com\/de\/#website"},"datePublished":"2019-11-19T16:32:22+00:00","dateModified":"2023-01-22T17:09:59+00:00","breadcrumb":{"@id":"https:\/\/www.allgeier.com\/de\/investor-relations\/adhoc-announcements\/allgeier-se-erlaeuterung-des-vorstands-zu-den-heute-veroeffentlichten-meldungen-ueber-eigengeschaefte-von-fuehrungskraeften-nach-art-19-mar\/#breadcrumb"},"inLanguage":"de","potentialAction":[{"@type":"ReadAction","target":["https:\/\/www.allgeier.com\/de\/investor-relations\/adhoc-announcements\/allgeier-se-erlaeuterung-des-vorstands-zu-den-heute-veroeffentlichten-meldungen-ueber-eigengeschaefte-von-fuehrungskraeften-nach-art-19-mar\/"]}]},{"@type":"BreadcrumbList","@id":"https:\/\/www.allgeier.com\/de\/investor-relations\/adhoc-announcements\/allgeier-se-erlaeuterung-des-vorstands-zu-den-heute-veroeffentlichten-meldungen-ueber-eigengeschaefte-von-fuehrungskraeften-nach-art-19-mar\/#breadcrumb","itemListElement":[{"@type":"ListItem","position":1,"name":"Home","item":"https:\/\/www.allgeier.com\/de\/"},{"@type":"ListItem","position":2,"name":"Investor Relations","item":"https:\/\/www.allgeier.com\/de\/investor-relations\/"},{"@type":"ListItem","position":3,"name":"Ad hoc-Mitteilungen","item":"https:\/\/www.allgeier.com\/de\/investor-relations\/adhoc-announcements\/"},{"@type":"ListItem","position":4,"name":"Allgeier SE: Erl\u00e4uterung des Vorstands zu den heute ver\u00f6ffentlichten Meldungen \u00fcber Eigengesch\u00e4fte von F\u00fchrungskr\u00e4ften nach Art. 19 MAR"}]},{"@type":"WebSite","@id":"https:\/\/www.allgeier.com\/de\/#website","url":"https:\/\/www.allgeier.com\/de\/","name":"Allgeier SE","description":"Software &amp; IT Services for digital transformation","potentialAction":[{"@type":"SearchAction","target":{"@type":"EntryPoint","urlTemplate":"https:\/\/www.allgeier.com\/de\/?s={search_term_string}"},"query-input":{"@type":"PropertyValueSpecification","valueRequired":true,"valueName":"search_term_string"}}],"inLanguage":"de"}]}},"_links":{"self":[{"href":"https:\/\/www.allgeier.com\/de\/wp-json\/wp\/v2\/pages\/5410","targetHints":{"allow":["GET"]}}],"collection":[{"href":"https:\/\/www.allgeier.com\/de\/wp-json\/wp\/v2\/pages"}],"about":[{"href":"https:\/\/www.allgeier.com\/de\/wp-json\/wp\/v2\/types\/page"}],"author":[{"embeddable":true,"href":"https:\/\/www.allgeier.com\/de\/wp-json\/wp\/v2\/users\/4"}],"replies":[{"embeddable":true,"href":"https:\/\/www.allgeier.com\/de\/wp-json\/wp\/v2\/comments?post=5410"}],"version-history":[{"count":1,"href":"https:\/\/www.allgeier.com\/de\/wp-json\/wp\/v2\/pages\/5410\/revisions"}],"predecessor-version":[{"id":5411,"href":"https:\/\/www.allgeier.com\/de\/wp-json\/wp\/v2\/pages\/5410\/revisions\/5411"}],"up":[{"embeddable":true,"href":"https:\/\/www.allgeier.com\/de\/wp-json\/wp\/v2\/pages\/1155"}],"wp:attachment":[{"href":"https:\/\/www.allgeier.com\/de\/wp-json\/wp\/v2\/media?parent=5410"}],"wp:term":[{"taxonomy":"category","embeddable":true,"href":"https:\/\/www.allgeier.com\/de\/wp-json\/wp\/v2\/categories?post=5410"},{"taxonomy":"post_tag","embeddable":true,"href":"https:\/\/www.allgeier.com\/de\/wp-json\/wp\/v2\/tags?post=5410"}],"curies":[{"name":"wp","href":"https:\/\/api.w.org\/{rel}","templated":true}]}}