{"id":5412,"date":"2019-11-05T13:16:38","date_gmt":"2019-11-05T14:16:38","guid":{"rendered":"https:\/\/www.allgeier.com\/de\/?page_id=5412"},"modified":"2023-01-22T17:09:59","modified_gmt":"2023-01-22T17:09:59","slug":"allgeier-strebt-abspaltung-und-eigenstaendige-boersennotierung-des-globalen-technologie-und-softwareentwicklungsgeschaefts-an","status":"publish","type":"page","link":"https:\/\/www.allgeier.com\/de\/investor-relations\/adhoc-announcements\/allgeier-strebt-abspaltung-und-eigenstaendige-boersennotierung-des-globalen-technologie-und-softwareentwicklungsgeschaefts-an\/","title":{"rendered":"Allgeier strebt Abspaltung und eigenst\u00e4ndige B\u00f6rsennotierung des globalen Technologie- und Softwareentwicklungsgesch\u00e4fts an"},"content":{"rendered":"<table class=\"news_layout style2015\" border=\"0\" cellpadding=\"0\" cellspacing=\"0\">\n<tr>\n<td>\n<p class=\"news_top\">ALLGEIER SE \/ Schlagwort(e): Strategische Unternehmensentscheidung<br \/>Allgeier strebt Abspaltung und eigenst\u00e4ndige B\u00f6rsennotierung des globalen Technologie- und Softwareentwicklungsgesch\u00e4fts an <\/p>\n<p><span class=\"news_top_date\">05.11.2019 \/ 15:16 CET\/CEST<\/span><br \/>Ver\u00f6ffentlichung einer Insiderinformation nach Artikel 17 der Verordnung (EU) Nr. 596\/2014, \u00fcbermittelt durch DGAP &#8211; ein Service der EQS Group AG.<br \/>F\u00fcr den Inhalt der Mitteilung ist der Emittent \/ Herausgeber verantwortlich.<\/p>\n<hr \/>\n<div class=\"break-word news_main\">\n<p style=\"text-align: justify\"><i>M\u00fcnchen, 05. November 2019 &#8211; <\/i>Die Allgeier SE hat in ihrer Ad-hoc-Meldung vom 12. September 2019 mitgeteilt, dass der Vorstand mit Zustimmung des Aufsichtsrats der Allgeier SE die Verselbst\u00e4ndigung des Technologie- und Softwareentwicklungsgesch\u00e4fts der Gesellschaft pr\u00fcft.<br \/>\u00a0<\/p>\n<p style=\"text-align: justify\">In den heute gefassten Beschl\u00fcssen hat der Vorstand mit Zustimmung des Aufsichtsrats der Allgeier SE \u00fcber die strategische Neuausrichtung der Allgeier-Gruppe entschieden. Konkret soll ein innovativer Full-Service-Anbieter und Global Player f\u00fcr Software-Engineering und Technologiel\u00f6sungen durch Abspaltung aus der Allgeier SE auf eine eigenst\u00e4ndige b\u00f6rsennotierte Gesellschaft positioniert werden. Diese neue Gesch\u00e4ftseinheit soll auf Basis des unternehmerischen Organisationsmodells von Nagarro entwickelt werden, in dessen Rahmen Nagarro sechs Akquisitionen in sechs L\u00e4ndern integriert hat.<br \/>\u00a0<\/p>\n<p style=\"text-align: justify\">Mit Nagarro als Kern soll die Gesch\u00e4ftseinheit aus den folgenden weiteren Allgeier-Unternehmen bestehen, die vom globalen, branchenunabh\u00e4ngigen Trend der Digitalisierung getrieben werden: iQuest, t\u00e4tig in Rum\u00e4nien, der Schweiz, in Deutschland und Polen; Objectiva, t\u00e4tig in den USA und China; und das SAP-Gesch\u00e4ft von Allgeier Enterprise Services, t\u00e4tig in Deutschland, Frankreich und D\u00e4nemark. In diesen Unternehmen sind derzeit mehr als 7.000 Mitarbeiter in Projekten f\u00fcr Kunden in 25 L\u00e4ndern t\u00e4tig. Nach derzeitiger Einsch\u00e4tzung w\u00fcrde die abzuspaltende Gesch\u00e4ftseinheit auf Pro-forma-Basis im laufenden Gesch\u00e4ftsjahr f\u00fcr rund 50 % des Umsatzes des Allgeier-Konzerns stehen bei einer auf sie entfallenden EBITDA-Marge von 11 bis 12 %.<br \/>\u00a0<\/p>\n<p style=\"text-align: justify\">Ziel ist es, den Allgeier-Aktion\u00e4ren im Jahr 2020 einen entsprechenden Beschlussvorschlag f\u00fcr die Abspaltung der Gesch\u00e4ftseinheit vorzulegen, der eine eigenst\u00e4ndige B\u00f6rsennotierung in der zweiten Jahresh\u00e4lfte 2020 erm\u00f6glichen soll.<br \/>\u00a0<\/p>\n<p style=\"text-align: justify\">Allgeier SE wird die verbleibenden Gesch\u00e4ftseinheiten weiterentwickeln.<br \/>\u00a0<\/p>\n<p style=\"text-align: justify\">Kontakt:<\/p>\n<p>Allgeier SE<br \/>Corporate Communications &amp; Investor Relations<br \/>Dr. Christopher Gro\u00dfe<br \/>Einsteinstra\u00dfe 172<br \/>81677 M\u00fcnchen<br \/>Tel.: +49 (0)89\/998421-0<br \/>Fax: +49 (0)89\/998421-11<br \/>E-Mail: ir@allgeier.com<br \/>Web: www.allgeier.com<br \/>\u00a0<\/p>\n<p style=\"text-align: justify\">Allgeier SE ist eines der f\u00fchrenden Technologie-Unternehmen f\u00fcr digitale Transformation: Allgeier f\u00fchrt seine Kunden durch die Herausforderungen der digitalen Transformation, um ihren zuk\u00fcnftigen Erfolg sicherzustellen. F\u00fcr globale Konzerne ebenso wie f\u00fcr markt- und branchenf\u00fchrende Unternehmen aus zahlreichen Branchen und M\u00e4rkten erzielt Allgeier Durchbr\u00fcche hin zu neuen digitalen Gesch\u00e4ftsmodellen, definiert strategische Priorit\u00e4ten und realisiert mit hoher Flexibilit\u00e4t und Zugkraft bahnbrechende Projekte, um agile und intelligente Organisationen f\u00fcr das digitale Zeitalter zu gestalten. Mit \u00fcber 10.000 angestellten Mitarbeitern und mehr als 1.000 freiberuflichen Experten bildet Allgeier mit einem hochflexiblen Delivery-Modell das komplette IT-Leistungsspektrum von Onsite \u00fcber Nearshore bis hin zu Offshore ab &#8211; mit starken Standbeinen in Indien, China, Vietnam und Osteuropa. Die stark wachsende Gruppe mit Hauptsitz in M\u00fcnchen verf\u00fcgt \u00fcber weltweit mehr als 140 Niederlassungen in 28 L\u00e4ndern auf f\u00fcnf Kontinenten. Im Gesch\u00e4ftsjahr 2018 erzielte Allgeier im fortgef\u00fchrten Gesch\u00e4ft mit mehr als 2.000 Kunden einen Umsatz von 687 Mio. Euro. Allgeier z\u00e4hlt gem\u00e4\u00df L\u00fcnendonk(R)-Liste 2019 zu den zehn f\u00fchrenden IT-Beratungs- und Systemintegrations-Unternehmen in Deutschland. Allgeier Experts ist nach L\u00fcnendonk(R)-Marktsegmentstudie 2019 &#8222;Der Markt f\u00fcr Rekrutierung, Vermittlung und Steuerung von IT-Freelancern in Deutschland&#8220; unter den TOP 3 IT-Personaldienstleistern in Deutschland. Allgeier SE ist am Regulierten Markt der Frankfurter Wertpapierb\u00f6rse im General Standard gelistet (WKN A2GS63, ISIN DE000A2GS633). Weitere Informationen unter: <a href=\"https:\/\/link.cockpit.eqs.com\/cgi-bin\/fncls.ssp?fn=redirect&amp;url=f7a71e6582574a658221d7c7e5016043&amp;application_id=904795&amp;site_id=news_data&amp;application_name=news\" target=\"_blank\" rel=\"noopener\">www.allgeier.com<\/a>.<\/p>\n<div style=\"text-align: justify\">\n<p>\u00a0<\/div>\n<\/div>\n<hr \/>\n<hr \/>\n<\/td>\n<\/tr>\n<\/table>\n<p><\/p>\n<div class=\"\">\n<p class=\"\">\n<\/div>\n","protected":false},"excerpt":{"rendered":"<p>ALLGEIER SE \/ Schlagwort(e): Strategische Unternehmensentscheidung Allgeier strebt Abspaltung und eigenst\u00e4ndige B\u00f6rsennotierung des globalen Technologie- und Softwareentwicklungsgesch\u00e4fts an  05.11.2019 \/ 15:16 CET\/CEST Ver\u00f6ffentlichung einer Insiderinformation nach Artikel 17 der Verordnung (EU) Nr.<\/p>\n","protected":false},"author":4,"featured_media":0,"parent":1155,"menu_order":0,"comment_status":"close","ping_status":"closed","template":"","meta":{"_acf_changed":false,"footnotes":""},"categories":[],"tags":[],"class_list":["post-5412","page","type-page","status-publish","hentry"],"acf":[],"yoast_head":"<!-- This site is optimized with the Yoast SEO plugin v27.4 - https:\/\/yoast.com\/product\/yoast-seo-wordpress\/ -->\n<title>Allgeier strebt Abspaltung und eigenst\u00e4ndige B\u00f6rsennotierung des globalen Technologie- und Softwareentwicklungsgesch\u00e4fts an - Allgeier SE<\/title>\n<meta name=\"robots\" content=\"index, follow, max-snippet:-1, max-image-preview:large, max-video-preview:-1\" \/>\n<link rel=\"canonical\" href=\"https:\/\/www.allgeier.com\/de\/investor-relations\/adhoc-announcements\/allgeier-strebt-abspaltung-und-eigenstaendige-boersennotierung-des-globalen-technologie-und-softwareentwicklungsgeschaefts-an\/\" \/>\n<meta property=\"og:locale\" content=\"de_DE\" \/>\n<meta property=\"og:type\" content=\"article\" \/>\n<meta property=\"og:title\" content=\"Allgeier strebt Abspaltung und eigenst\u00e4ndige B\u00f6rsennotierung des globalen Technologie- und Softwareentwicklungsgesch\u00e4fts an - Allgeier SE\" \/>\n<meta property=\"og:description\" content=\"ALLGEIER SE \/ Schlagwort(e): Strategische Unternehmensentscheidung Allgeier strebt Abspaltung und eigenst\u00e4ndige B\u00f6rsennotierung des globalen Technologie- und Softwareentwicklungsgesch\u00e4fts an 05.11.2019 \/ 15:16 CET\/CEST Ver\u00f6ffentlichung einer Insiderinformation nach Artikel 17 der Verordnung (EU) Nr.\" \/>\n<meta property=\"og:url\" content=\"https:\/\/www.allgeier.com\/de\/investor-relations\/adhoc-announcements\/allgeier-strebt-abspaltung-und-eigenstaendige-boersennotierung-des-globalen-technologie-und-softwareentwicklungsgeschaefts-an\/\" \/>\n<meta property=\"og:site_name\" content=\"Allgeier SE\" \/>\n<meta property=\"article:modified_time\" content=\"2023-01-22T17:09:59+00:00\" \/>\n<meta name=\"twitter:card\" content=\"summary_large_image\" \/>\n<meta name=\"twitter:label1\" content=\"Gesch\u00e4tzte Lesezeit\" \/>\n\t<meta name=\"twitter:data1\" content=\"3\u00a0Minuten\" \/>\n<script type=\"application\/ld+json\" class=\"yoast-schema-graph\">{\"@context\":\"https:\\\/\\\/schema.org\",\"@graph\":[{\"@type\":\"WebPage\",\"@id\":\"https:\\\/\\\/www.allgeier.com\\\/de\\\/investor-relations\\\/adhoc-announcements\\\/allgeier-strebt-abspaltung-und-eigenstaendige-boersennotierung-des-globalen-technologie-und-softwareentwicklungsgeschaefts-an\\\/\",\"url\":\"https:\\\/\\\/www.allgeier.com\\\/de\\\/investor-relations\\\/adhoc-announcements\\\/allgeier-strebt-abspaltung-und-eigenstaendige-boersennotierung-des-globalen-technologie-und-softwareentwicklungsgeschaefts-an\\\/\",\"name\":\"Allgeier strebt Abspaltung und eigenst\u00e4ndige B\u00f6rsennotierung des globalen Technologie- und Softwareentwicklungsgesch\u00e4fts an - Allgeier SE\",\"isPartOf\":{\"@id\":\"https:\\\/\\\/www.allgeier.com\\\/de\\\/#website\"},\"datePublished\":\"2019-11-05T14:16:38+00:00\",\"dateModified\":\"2023-01-22T17:09:59+00:00\",\"breadcrumb\":{\"@id\":\"https:\\\/\\\/www.allgeier.com\\\/de\\\/investor-relations\\\/adhoc-announcements\\\/allgeier-strebt-abspaltung-und-eigenstaendige-boersennotierung-des-globalen-technologie-und-softwareentwicklungsgeschaefts-an\\\/#breadcrumb\"},\"inLanguage\":\"de\",\"potentialAction\":[{\"@type\":\"ReadAction\",\"target\":[\"https:\\\/\\\/www.allgeier.com\\\/de\\\/investor-relations\\\/adhoc-announcements\\\/allgeier-strebt-abspaltung-und-eigenstaendige-boersennotierung-des-globalen-technologie-und-softwareentwicklungsgeschaefts-an\\\/\"]}]},{\"@type\":\"BreadcrumbList\",\"@id\":\"https:\\\/\\\/www.allgeier.com\\\/de\\\/investor-relations\\\/adhoc-announcements\\\/allgeier-strebt-abspaltung-und-eigenstaendige-boersennotierung-des-globalen-technologie-und-softwareentwicklungsgeschaefts-an\\\/#breadcrumb\",\"itemListElement\":[{\"@type\":\"ListItem\",\"position\":1,\"name\":\"Home\",\"item\":\"https:\\\/\\\/www.allgeier.com\\\/de\\\/\"},{\"@type\":\"ListItem\",\"position\":2,\"name\":\"Investor Relations\",\"item\":\"https:\\\/\\\/www.allgeier.com\\\/de\\\/investor-relations\\\/\"},{\"@type\":\"ListItem\",\"position\":3,\"name\":\"Ad hoc-Mitteilungen\",\"item\":\"https:\\\/\\\/www.allgeier.com\\\/de\\\/investor-relations\\\/adhoc-announcements\\\/\"},{\"@type\":\"ListItem\",\"position\":4,\"name\":\"Allgeier strebt Abspaltung und eigenst\u00e4ndige B\u00f6rsennotierung des globalen Technologie- und Softwareentwicklungsgesch\u00e4fts an\"}]},{\"@type\":\"WebSite\",\"@id\":\"https:\\\/\\\/www.allgeier.com\\\/de\\\/#website\",\"url\":\"https:\\\/\\\/www.allgeier.com\\\/de\\\/\",\"name\":\"Allgeier SE\",\"description\":\"Software &amp; IT Services for digital transformation\",\"potentialAction\":[{\"@type\":\"SearchAction\",\"target\":{\"@type\":\"EntryPoint\",\"urlTemplate\":\"https:\\\/\\\/www.allgeier.com\\\/de\\\/?s={search_term_string}\"},\"query-input\":{\"@type\":\"PropertyValueSpecification\",\"valueRequired\":true,\"valueName\":\"search_term_string\"}}],\"inLanguage\":\"de\"}]}<\/script>\n<!-- \/ Yoast SEO plugin. -->","yoast_head_json":{"title":"Allgeier strebt Abspaltung und eigenst\u00e4ndige B\u00f6rsennotierung des globalen Technologie- und Softwareentwicklungsgesch\u00e4fts an - Allgeier SE","robots":{"index":"index","follow":"follow","max-snippet":"max-snippet:-1","max-image-preview":"max-image-preview:large","max-video-preview":"max-video-preview:-1"},"canonical":"https:\/\/www.allgeier.com\/de\/investor-relations\/adhoc-announcements\/allgeier-strebt-abspaltung-und-eigenstaendige-boersennotierung-des-globalen-technologie-und-softwareentwicklungsgeschaefts-an\/","og_locale":"de_DE","og_type":"article","og_title":"Allgeier strebt Abspaltung und eigenst\u00e4ndige B\u00f6rsennotierung des globalen Technologie- und Softwareentwicklungsgesch\u00e4fts an - Allgeier SE","og_description":"ALLGEIER SE \/ Schlagwort(e): Strategische Unternehmensentscheidung Allgeier strebt Abspaltung und eigenst\u00e4ndige B\u00f6rsennotierung des globalen Technologie- und Softwareentwicklungsgesch\u00e4fts an 05.11.2019 \/ 15:16 CET\/CEST Ver\u00f6ffentlichung einer Insiderinformation nach Artikel 17 der Verordnung (EU) Nr.","og_url":"https:\/\/www.allgeier.com\/de\/investor-relations\/adhoc-announcements\/allgeier-strebt-abspaltung-und-eigenstaendige-boersennotierung-des-globalen-technologie-und-softwareentwicklungsgeschaefts-an\/","og_site_name":"Allgeier SE","article_modified_time":"2023-01-22T17:09:59+00:00","twitter_card":"summary_large_image","twitter_misc":{"Gesch\u00e4tzte Lesezeit":"3\u00a0Minuten"},"schema":{"@context":"https:\/\/schema.org","@graph":[{"@type":"WebPage","@id":"https:\/\/www.allgeier.com\/de\/investor-relations\/adhoc-announcements\/allgeier-strebt-abspaltung-und-eigenstaendige-boersennotierung-des-globalen-technologie-und-softwareentwicklungsgeschaefts-an\/","url":"https:\/\/www.allgeier.com\/de\/investor-relations\/adhoc-announcements\/allgeier-strebt-abspaltung-und-eigenstaendige-boersennotierung-des-globalen-technologie-und-softwareentwicklungsgeschaefts-an\/","name":"Allgeier strebt Abspaltung und eigenst\u00e4ndige B\u00f6rsennotierung des globalen Technologie- und Softwareentwicklungsgesch\u00e4fts an - Allgeier SE","isPartOf":{"@id":"https:\/\/www.allgeier.com\/de\/#website"},"datePublished":"2019-11-05T14:16:38+00:00","dateModified":"2023-01-22T17:09:59+00:00","breadcrumb":{"@id":"https:\/\/www.allgeier.com\/de\/investor-relations\/adhoc-announcements\/allgeier-strebt-abspaltung-und-eigenstaendige-boersennotierung-des-globalen-technologie-und-softwareentwicklungsgeschaefts-an\/#breadcrumb"},"inLanguage":"de","potentialAction":[{"@type":"ReadAction","target":["https:\/\/www.allgeier.com\/de\/investor-relations\/adhoc-announcements\/allgeier-strebt-abspaltung-und-eigenstaendige-boersennotierung-des-globalen-technologie-und-softwareentwicklungsgeschaefts-an\/"]}]},{"@type":"BreadcrumbList","@id":"https:\/\/www.allgeier.com\/de\/investor-relations\/adhoc-announcements\/allgeier-strebt-abspaltung-und-eigenstaendige-boersennotierung-des-globalen-technologie-und-softwareentwicklungsgeschaefts-an\/#breadcrumb","itemListElement":[{"@type":"ListItem","position":1,"name":"Home","item":"https:\/\/www.allgeier.com\/de\/"},{"@type":"ListItem","position":2,"name":"Investor Relations","item":"https:\/\/www.allgeier.com\/de\/investor-relations\/"},{"@type":"ListItem","position":3,"name":"Ad hoc-Mitteilungen","item":"https:\/\/www.allgeier.com\/de\/investor-relations\/adhoc-announcements\/"},{"@type":"ListItem","position":4,"name":"Allgeier strebt Abspaltung und eigenst\u00e4ndige B\u00f6rsennotierung des globalen Technologie- und Softwareentwicklungsgesch\u00e4fts an"}]},{"@type":"WebSite","@id":"https:\/\/www.allgeier.com\/de\/#website","url":"https:\/\/www.allgeier.com\/de\/","name":"Allgeier SE","description":"Software &amp; IT Services for digital transformation","potentialAction":[{"@type":"SearchAction","target":{"@type":"EntryPoint","urlTemplate":"https:\/\/www.allgeier.com\/de\/?s={search_term_string}"},"query-input":{"@type":"PropertyValueSpecification","valueRequired":true,"valueName":"search_term_string"}}],"inLanguage":"de"}]}},"_links":{"self":[{"href":"https:\/\/www.allgeier.com\/de\/wp-json\/wp\/v2\/pages\/5412","targetHints":{"allow":["GET"]}}],"collection":[{"href":"https:\/\/www.allgeier.com\/de\/wp-json\/wp\/v2\/pages"}],"about":[{"href":"https:\/\/www.allgeier.com\/de\/wp-json\/wp\/v2\/types\/page"}],"author":[{"embeddable":true,"href":"https:\/\/www.allgeier.com\/de\/wp-json\/wp\/v2\/users\/4"}],"replies":[{"embeddable":true,"href":"https:\/\/www.allgeier.com\/de\/wp-json\/wp\/v2\/comments?post=5412"}],"version-history":[{"count":1,"href":"https:\/\/www.allgeier.com\/de\/wp-json\/wp\/v2\/pages\/5412\/revisions"}],"predecessor-version":[{"id":5413,"href":"https:\/\/www.allgeier.com\/de\/wp-json\/wp\/v2\/pages\/5412\/revisions\/5413"}],"up":[{"embeddable":true,"href":"https:\/\/www.allgeier.com\/de\/wp-json\/wp\/v2\/pages\/1155"}],"wp:attachment":[{"href":"https:\/\/www.allgeier.com\/de\/wp-json\/wp\/v2\/media?parent=5412"}],"wp:term":[{"taxonomy":"category","embeddable":true,"href":"https:\/\/www.allgeier.com\/de\/wp-json\/wp\/v2\/categories?post=5412"},{"taxonomy":"post_tag","embeddable":true,"href":"https:\/\/www.allgeier.com\/de\/wp-json\/wp\/v2\/tags?post=5412"}],"curies":[{"name":"wp","href":"https:\/\/api.w.org\/{rel}","templated":true}]}}