{"id":5416,"date":"2019-09-12T16:40:43","date_gmt":"2019-09-12T16:40:43","guid":{"rendered":"https:\/\/www.allgeier.com\/de\/?page_id=5416"},"modified":"2023-01-22T17:09:59","modified_gmt":"2023-01-22T17:09:59","slug":"allgeier-se-strategische-ausrichtung-der-allgeier-gruppe","status":"publish","type":"page","link":"https:\/\/www.allgeier.com\/de\/investor-relations\/adhoc-announcements\/allgeier-se-strategische-ausrichtung-der-allgeier-gruppe\/","title":{"rendered":"ALLGEIER SE: Strategische Ausrichtung der Allgeier Gruppe"},"content":{"rendered":"<table class=\"news_layout style2015\" border=\"0\" cellpadding=\"0\" cellspacing=\"0\">\n<tr>\n<td>\n<p class=\"news_top\">ALLGEIER SE \/ Schlagwort(e): Strategische Unternehmensentscheidung<br \/>ALLGEIER SE: Strategische Ausrichtung der Allgeier Gruppe<\/p>\n<p><span class=\"news_top_date\">12.09.2019 \/ 18:40 CET\/CEST<\/span><br \/>Ver\u00f6ffentlichung einer Insiderinformationen nach Artikel 17 der Verordnung (EU) Nr. 596\/2014, \u00fcbermittelt durch DGAP &#8211; ein Service der EQS Group AG.<br \/>F\u00fcr den Inhalt der Mitteilung ist der Emittent \/ Herausgeber verantwortlich.<\/p>\n<hr \/>\n<div class=\"break-word news_main\">\n<p style=\"text-align: justify\"><i>M\u00fcnchen, 12. September 2019 &#8211;<\/i> Mit Adhoc-Mitteilungen vom 09.07.2018 und 31.01.2019 hat Allgeier SE (ISIN DE000A2GS633, WKN A2GS63) mitgeteilt, dass der Vorstand eine strategische Auftrennung in zwei Unternehmenseinheiten anstrebt &#8211; ein zunehmend globales auf Technologie- und Softwareentwicklung ausgerichtetes Unternehmen sowie ein auf den deutschen Markt fokussiertes Personaldienstleistungsunternehmen. F\u00fcr den unter dem Namen Allgeier Experts firmierenden Personaldienstleister sollte \u00fcber einen IPO der Weg in die unternehmerische Eigenst\u00e4ndigkeit f\u00fchren.<\/p>\n<p style=\"text-align: justify\">Der Vorstand h\u00e4lt an dem strategischen Ziel einer Auftrennung fest, reagiert aber auf die vom Plan abweichende Gesch\u00e4ftsentwicklung der Allgeier Experts-Einheit und hat diese einem Restrukturierungs- und Effizienzsteigerungsprogramm unterzogen. Dabei wird das Gesch\u00e4ftsmodell der Allgeier Experts hin zu h\u00f6herer Wertsch\u00f6pfung weiterentwickelt und enger mit dem IT-Services-Gesch\u00e4ft verzahnt. Vor diesem Hintergrund verfolgt der Vorstand die urspr\u00fcngliche Planung eines separaten IPOs der Experts Einheit nicht weiter.<\/p>\n<p style=\"text-align: justify\">Nach Vorarbeiten der letzten Monate hat Allgeier im Rahmen der heutigen Vorstands- und Aufsichtsratssitzungen die Priorit\u00e4t auf das Formen und Verselbstst\u00e4ndigen der Technologie-Sparte gesetzt. Die weiteren Einzelheiten der k\u00fcnftigen Strategie und konkreten Auftrennung werden bis Ende 2019 entschieden.<\/p>\n<p>Kontakt:<\/p>\n<p>Allgeier SE<br \/>Corporate Communications &amp; Investor Relations<br \/>Dr. Christopher Gro\u00dfe<br \/>Wehrlestra\u00dfe 12<br \/>81679 M\u00fcnchen<br \/>Tel.: +49 (0)89\/998421-0<br \/>Fax: +49 (0)89\/998421-11<br \/>E-Mail: ir@allgeier.com<br \/>Web: www.allgeier.com<\/p>\n<p style=\"text-align: justify\">Allgeier SE ist eines der f\u00fchrenden IT-Unternehmen f\u00fcr digitale Transformation: Mit einer auf Innovationen und Zukunftstrends ausgerichteten Wachstumsstrategie sowie einem integrativen unternehmerischen Modell ergreift Allgeier die Chancen der Digitalisierung. Vier Segmente mit individuellen fachlichen und branchenbezogenen Schwerpunkten arbeiten gemeinsam f\u00fcr rund 3.000 Kunden aus nahezu allen Branchen. Mit \u00fcber 9.800 angestellten Mitarbeitern und rund 1.300 freiberuflichen Experten bietet Allgeier den Kunden als One-Stop-Shop ein umfassendes L\u00f6sungs- und Leistungsportfolio. Allgeier bildet mit einem hochflexiblen Delivery-Modell das komplette IT-Leistungsspektrum von Onsite \u00fcber Nearshore bis hin zu Offshore ab: Mit starken Standbeinen in Indien, China, Vietnam und Osteuropa werden Flexibilit\u00e4t und h\u00f6chste Skalierbarkeit der Leistungen sowie hochqualifiziertes Expertenwissen in der High-End-Softwareentwicklung sichergestellt. Zu den Kunden von Allgeier z\u00e4hlen global arbeitende Konzerne ebenso wie innovative mittelst\u00e4ndische Betriebe, die sich durch leistungsstarke IT-L\u00f6sungen, intelligente Software und flexible Personaldienstleistungen strategische Vorteile sichern wollen. Die stark wachsende Gruppe mit Hauptsitz in M\u00fcnchen verf\u00fcgt \u00fcber weltweit mehr als 140 Niederlassungen in vierzehn europ\u00e4ischen L\u00e4ndern sowie in Indien, China, Singapur, Vietnam, Thailand, Malaysia, Japan, den Vereinigten Arabischen Emiraten, S\u00fcdafrika, Mauritius, Australien, Mexiko, Kanada und in den USA. Im Gesch\u00e4ftsjahr 2018 erzielte Allgeier im fortgef\u00fchrten Gesch\u00e4ft einen Umsatz von 687 Mio. Euro. Allgeier z\u00e4hlt gem\u00e4\u00df L\u00fcnendonk(R)-Liste 2018 zu den zehn f\u00fchrenden IT-Beratungs- und Systemintegrations-Unternehmen in Deutschland. Allgeier Experts ist nach L\u00fcnendonk(R)-Marktsegmentstudie 2019 &#8222;Der Markt f\u00fcr Rekrutierung, Vermittlung und Steuerung von IT-Freelancern in Deutschland&#8220; unter den TOP 3 IT-Personaldienstleistern in Deutschland. Allgeier SE ist am Regulierten Markt der Frankfurter Wertpapierb\u00f6rse im General Standard gelistet (WKN A2GS63, ISIN DE000A2GS633). Weitere Informationen unter: www.allgeier.com.<\/p>\n<div style=\"text-align: justify\">\u00a0<\/div>\n<\/div>\n<hr \/>\n<hr \/>\n<\/td>\n<\/tr>\n<\/table>\n<p><\/p>\n<div class=\"\">\n<p class=\"\">\n<\/div>\n","protected":false},"excerpt":{"rendered":"<p>ALLGEIER SE \/ Schlagwort(e): Strategische Unternehmensentscheidung ALLGEIER SE: Strategische Ausrichtung der Allgeier Gruppe 12.09.2019 \/ 18:40 CET\/CEST Ver\u00f6ffentlichung einer Insiderinformationen nach Artikel 17 der Verordnung (EU) Nr. 596\/2014, \u00fcbermittelt durch DGAP &#8211; ein Service der EQS Group AG.<\/p>\n","protected":false},"author":4,"featured_media":0,"parent":1155,"menu_order":0,"comment_status":"close","ping_status":"closed","template":"","meta":{"_acf_changed":false,"footnotes":""},"categories":[],"tags":[],"class_list":["post-5416","page","type-page","status-publish","hentry"],"acf":[],"yoast_head":"<!-- This site is optimized with the Yoast SEO plugin v27.4 - https:\/\/yoast.com\/product\/yoast-seo-wordpress\/ -->\n<title>ALLGEIER SE: Strategische Ausrichtung der Allgeier Gruppe - Allgeier SE<\/title>\n<meta name=\"robots\" content=\"index, follow, max-snippet:-1, max-image-preview:large, max-video-preview:-1\" \/>\n<link rel=\"canonical\" href=\"https:\/\/www.allgeier.com\/de\/investor-relations\/adhoc-announcements\/allgeier-se-strategische-ausrichtung-der-allgeier-gruppe\/\" \/>\n<meta property=\"og:locale\" content=\"de_DE\" \/>\n<meta property=\"og:type\" content=\"article\" \/>\n<meta property=\"og:title\" content=\"ALLGEIER SE: Strategische Ausrichtung der Allgeier Gruppe - Allgeier SE\" \/>\n<meta property=\"og:description\" content=\"ALLGEIER SE \/ Schlagwort(e): Strategische Unternehmensentscheidung ALLGEIER SE: Strategische Ausrichtung der Allgeier Gruppe 12.09.2019 \/ 18:40 CET\/CEST Ver\u00f6ffentlichung einer Insiderinformationen nach Artikel 17 der Verordnung (EU) Nr. 596\/2014, \u00fcbermittelt durch DGAP - ein Service der EQS Group AG.\" \/>\n<meta property=\"og:url\" content=\"https:\/\/www.allgeier.com\/de\/investor-relations\/adhoc-announcements\/allgeier-se-strategische-ausrichtung-der-allgeier-gruppe\/\" \/>\n<meta property=\"og:site_name\" content=\"Allgeier SE\" \/>\n<meta property=\"article:modified_time\" content=\"2023-01-22T17:09:59+00:00\" \/>\n<meta name=\"twitter:card\" content=\"summary_large_image\" \/>\n<meta name=\"twitter:label1\" content=\"Gesch\u00e4tzte Lesezeit\" \/>\n\t<meta name=\"twitter:data1\" content=\"3\u00a0Minuten\" \/>\n<script type=\"application\/ld+json\" class=\"yoast-schema-graph\">{\"@context\":\"https:\\\/\\\/schema.org\",\"@graph\":[{\"@type\":\"WebPage\",\"@id\":\"https:\\\/\\\/www.allgeier.com\\\/de\\\/investor-relations\\\/adhoc-announcements\\\/allgeier-se-strategische-ausrichtung-der-allgeier-gruppe\\\/\",\"url\":\"https:\\\/\\\/www.allgeier.com\\\/de\\\/investor-relations\\\/adhoc-announcements\\\/allgeier-se-strategische-ausrichtung-der-allgeier-gruppe\\\/\",\"name\":\"ALLGEIER SE: Strategische Ausrichtung der Allgeier Gruppe - Allgeier SE\",\"isPartOf\":{\"@id\":\"https:\\\/\\\/www.allgeier.com\\\/de\\\/#website\"},\"datePublished\":\"2019-09-12T16:40:43+00:00\",\"dateModified\":\"2023-01-22T17:09:59+00:00\",\"breadcrumb\":{\"@id\":\"https:\\\/\\\/www.allgeier.com\\\/de\\\/investor-relations\\\/adhoc-announcements\\\/allgeier-se-strategische-ausrichtung-der-allgeier-gruppe\\\/#breadcrumb\"},\"inLanguage\":\"de\",\"potentialAction\":[{\"@type\":\"ReadAction\",\"target\":[\"https:\\\/\\\/www.allgeier.com\\\/de\\\/investor-relations\\\/adhoc-announcements\\\/allgeier-se-strategische-ausrichtung-der-allgeier-gruppe\\\/\"]}]},{\"@type\":\"BreadcrumbList\",\"@id\":\"https:\\\/\\\/www.allgeier.com\\\/de\\\/investor-relations\\\/adhoc-announcements\\\/allgeier-se-strategische-ausrichtung-der-allgeier-gruppe\\\/#breadcrumb\",\"itemListElement\":[{\"@type\":\"ListItem\",\"position\":1,\"name\":\"Home\",\"item\":\"https:\\\/\\\/www.allgeier.com\\\/de\\\/\"},{\"@type\":\"ListItem\",\"position\":2,\"name\":\"Investor Relations\",\"item\":\"https:\\\/\\\/www.allgeier.com\\\/de\\\/investor-relations\\\/\"},{\"@type\":\"ListItem\",\"position\":3,\"name\":\"Ad hoc-Mitteilungen\",\"item\":\"https:\\\/\\\/www.allgeier.com\\\/de\\\/investor-relations\\\/adhoc-announcements\\\/\"},{\"@type\":\"ListItem\",\"position\":4,\"name\":\"ALLGEIER SE: Strategische Ausrichtung der Allgeier Gruppe\"}]},{\"@type\":\"WebSite\",\"@id\":\"https:\\\/\\\/www.allgeier.com\\\/de\\\/#website\",\"url\":\"https:\\\/\\\/www.allgeier.com\\\/de\\\/\",\"name\":\"Allgeier SE\",\"description\":\"Software &amp; IT Services for digital transformation\",\"potentialAction\":[{\"@type\":\"SearchAction\",\"target\":{\"@type\":\"EntryPoint\",\"urlTemplate\":\"https:\\\/\\\/www.allgeier.com\\\/de\\\/?s={search_term_string}\"},\"query-input\":{\"@type\":\"PropertyValueSpecification\",\"valueRequired\":true,\"valueName\":\"search_term_string\"}}],\"inLanguage\":\"de\"}]}<\/script>\n<!-- \/ Yoast SEO plugin. -->","yoast_head_json":{"title":"ALLGEIER SE: Strategische Ausrichtung der Allgeier Gruppe - Allgeier SE","robots":{"index":"index","follow":"follow","max-snippet":"max-snippet:-1","max-image-preview":"max-image-preview:large","max-video-preview":"max-video-preview:-1"},"canonical":"https:\/\/www.allgeier.com\/de\/investor-relations\/adhoc-announcements\/allgeier-se-strategische-ausrichtung-der-allgeier-gruppe\/","og_locale":"de_DE","og_type":"article","og_title":"ALLGEIER SE: Strategische Ausrichtung der Allgeier Gruppe - Allgeier SE","og_description":"ALLGEIER SE \/ Schlagwort(e): Strategische Unternehmensentscheidung ALLGEIER SE: Strategische Ausrichtung der Allgeier Gruppe 12.09.2019 \/ 18:40 CET\/CEST Ver\u00f6ffentlichung einer Insiderinformationen nach Artikel 17 der Verordnung (EU) Nr. 596\/2014, \u00fcbermittelt durch DGAP - ein Service der EQS Group AG.","og_url":"https:\/\/www.allgeier.com\/de\/investor-relations\/adhoc-announcements\/allgeier-se-strategische-ausrichtung-der-allgeier-gruppe\/","og_site_name":"Allgeier SE","article_modified_time":"2023-01-22T17:09:59+00:00","twitter_card":"summary_large_image","twitter_misc":{"Gesch\u00e4tzte Lesezeit":"3\u00a0Minuten"},"schema":{"@context":"https:\/\/schema.org","@graph":[{"@type":"WebPage","@id":"https:\/\/www.allgeier.com\/de\/investor-relations\/adhoc-announcements\/allgeier-se-strategische-ausrichtung-der-allgeier-gruppe\/","url":"https:\/\/www.allgeier.com\/de\/investor-relations\/adhoc-announcements\/allgeier-se-strategische-ausrichtung-der-allgeier-gruppe\/","name":"ALLGEIER SE: Strategische Ausrichtung der Allgeier Gruppe - Allgeier SE","isPartOf":{"@id":"https:\/\/www.allgeier.com\/de\/#website"},"datePublished":"2019-09-12T16:40:43+00:00","dateModified":"2023-01-22T17:09:59+00:00","breadcrumb":{"@id":"https:\/\/www.allgeier.com\/de\/investor-relations\/adhoc-announcements\/allgeier-se-strategische-ausrichtung-der-allgeier-gruppe\/#breadcrumb"},"inLanguage":"de","potentialAction":[{"@type":"ReadAction","target":["https:\/\/www.allgeier.com\/de\/investor-relations\/adhoc-announcements\/allgeier-se-strategische-ausrichtung-der-allgeier-gruppe\/"]}]},{"@type":"BreadcrumbList","@id":"https:\/\/www.allgeier.com\/de\/investor-relations\/adhoc-announcements\/allgeier-se-strategische-ausrichtung-der-allgeier-gruppe\/#breadcrumb","itemListElement":[{"@type":"ListItem","position":1,"name":"Home","item":"https:\/\/www.allgeier.com\/de\/"},{"@type":"ListItem","position":2,"name":"Investor Relations","item":"https:\/\/www.allgeier.com\/de\/investor-relations\/"},{"@type":"ListItem","position":3,"name":"Ad hoc-Mitteilungen","item":"https:\/\/www.allgeier.com\/de\/investor-relations\/adhoc-announcements\/"},{"@type":"ListItem","position":4,"name":"ALLGEIER SE: Strategische Ausrichtung der Allgeier Gruppe"}]},{"@type":"WebSite","@id":"https:\/\/www.allgeier.com\/de\/#website","url":"https:\/\/www.allgeier.com\/de\/","name":"Allgeier SE","description":"Software &amp; IT Services for digital transformation","potentialAction":[{"@type":"SearchAction","target":{"@type":"EntryPoint","urlTemplate":"https:\/\/www.allgeier.com\/de\/?s={search_term_string}"},"query-input":{"@type":"PropertyValueSpecification","valueRequired":true,"valueName":"search_term_string"}}],"inLanguage":"de"}]}},"_links":{"self":[{"href":"https:\/\/www.allgeier.com\/de\/wp-json\/wp\/v2\/pages\/5416","targetHints":{"allow":["GET"]}}],"collection":[{"href":"https:\/\/www.allgeier.com\/de\/wp-json\/wp\/v2\/pages"}],"about":[{"href":"https:\/\/www.allgeier.com\/de\/wp-json\/wp\/v2\/types\/page"}],"author":[{"embeddable":true,"href":"https:\/\/www.allgeier.com\/de\/wp-json\/wp\/v2\/users\/4"}],"replies":[{"embeddable":true,"href":"https:\/\/www.allgeier.com\/de\/wp-json\/wp\/v2\/comments?post=5416"}],"version-history":[{"count":1,"href":"https:\/\/www.allgeier.com\/de\/wp-json\/wp\/v2\/pages\/5416\/revisions"}],"predecessor-version":[{"id":5417,"href":"https:\/\/www.allgeier.com\/de\/wp-json\/wp\/v2\/pages\/5416\/revisions\/5417"}],"up":[{"embeddable":true,"href":"https:\/\/www.allgeier.com\/de\/wp-json\/wp\/v2\/pages\/1155"}],"wp:attachment":[{"href":"https:\/\/www.allgeier.com\/de\/wp-json\/wp\/v2\/media?parent=5416"}],"wp:term":[{"taxonomy":"category","embeddable":true,"href":"https:\/\/www.allgeier.com\/de\/wp-json\/wp\/v2\/categories?post=5416"},{"taxonomy":"post_tag","embeddable":true,"href":"https:\/\/www.allgeier.com\/de\/wp-json\/wp\/v2\/tags?post=5416"}],"curies":[{"name":"wp","href":"https:\/\/api.w.org\/{rel}","templated":true}]}}