{"id":5418,"date":"2019-08-14T15:32:54","date_gmt":"2019-08-14T15:32:54","guid":{"rendered":"https:\/\/www.allgeier.com\/de\/?page_id=5418"},"modified":"2023-01-22T17:09:59","modified_gmt":"2023-01-22T17:09:59","slug":"allgeier-se-allgeier-erzielt-im-ersten-halbjahr-2019-weiteres-wachstum-in-umsatz-und-ebitda","status":"publish","type":"page","link":"https:\/\/www.allgeier.com\/de\/investor-relations\/adhoc-announcements\/allgeier-se-allgeier-erzielt-im-ersten-halbjahr-2019-weiteres-wachstum-in-umsatz-und-ebitda\/","title":{"rendered":"Allgeier SE: Allgeier erzielt im ersten Halbjahr 2019 weiteres Wachstum in Umsatz und EBITDA"},"content":{"rendered":"<table class=\"news_layout style2015\" border=\"0\" cellpadding=\"0\" cellspacing=\"0\">\n<tr>\n<td>\n<p class=\"news_top\">ALLGEIER SE \/ Schlagwort(e): Halbjahresergebnis<br \/>Allgeier SE: Allgeier erzielt im ersten Halbjahr 2019 weiteres Wachstum in Umsatz und EBITDA<\/p>\n<p><span class=\"news_top_date\">14.08.2019 \/ 17:32 CET\/CEST<\/span><br \/>Ver\u00f6ffentlichung einer Insiderinformationen nach Artikel 17 der Verordnung (EU) Nr. 596\/2014, \u00fcbermittelt durch DGAP &#8211; ein Service der EQS Group AG.<br \/>F\u00fcr den Inhalt der Mitteilung ist der Emittent \/ Herausgeber verantwortlich.<\/p>\n<hr \/>\n<div class=\"break-word news_main\">\n<p><b>Allgeier SE: Allgeier erzielt im ersten Halbjahr 2019 weiteres Wachstum in Umsatz und EBITDA<\/b><br \/>\u00a0<\/p>\n<p><i>M\u00fcnchen, 14. August 2019 &#8211;<\/i> Allgeier SE (ISIN DE000A2GS633, WKN A2GS63) erzielt im ersten Halbjahr 2019 (01. Januar 2019 &#8211; 30. Juni 2019) gem\u00e4\u00df vorl\u00e4ufiger Zahlen weiteres Wachstum in Umsatz und EBITDA entsprechend der Planung f\u00fcr das Gesch\u00e4ftsjahr 2019. Auf der einen Seite erzielten die beiden strategischen Konzernsegmente Technology und Enterprise Services gem\u00e4\u00df vorl\u00e4ufiger Zahlen insgesamt ein Umsatzwachstum von 33 Prozent und ein Ergebniswachstum (bereinigtes EBITDA) von 31 Prozent bei einer entsprechenden Marge von 13 Prozent. Im selben Zeitraum verzeichnete das Segment Experts Umsatzr\u00fcckg\u00e4nge von 7 Prozent und einen R\u00fcckgang des EBITDA um 5,7 Mio. Euro. Urs\u00e4chlich f\u00fcr die Entwicklung im Segment Experts ist die in der Vergangenheit bereits geplante strategische Neuausrichtung des Gesch\u00e4fts, die insbesondere im ersten Halbjahr 2019 mit erwarteten Umsatz- und Ergebnisr\u00fcckg\u00e4ngen sowie einmaligen Ergebnisbelastungen einherging.<br \/>\u00a0<\/p>\n<p>Gesch\u00e4ftsentwicklung im ersten Halbjahr 2019<br \/>\u00a0<\/p>\n<p>In Summe stieg der Konzernumsatz im ersten Halbjahr 2019 gegen\u00fcber den ersten sechs Monaten des Vorjahres gem\u00e4\u00df vorl\u00e4ufiger Zahlen um 16 Prozent auf 380,8 Mio. Euro (fortgef\u00fchrtes Gesch\u00e4ft des Vorjahres: 327,5 Mio. Euro). Die vorl\u00e4ufige Wertsch\u00f6pfung (definiert als Gesamtleistung abz\u00fcglich der den Ums\u00e4tzen direkt zurechenbaren Umsatz- und Personalkosten) erh\u00f6hte sich um 18 Prozent auf 106,1 Mio. Euro (Vorjahr: 90,0 Mio. Euro). Das vorl\u00e4ufige bereinigte Konzern-EBITDA der Periode (EBITDA vor Effekten, die betriebswirtschaftlich als au\u00dferordentlich oder periodenfremd qualifiziert werden) betrug 29,0 Mio. Euro (Vorjahr: 26,4 Mio. Euro), entsprechend einer Steigerung um 10 Prozent gegen\u00fcber dem Vergleichszeitraum 2018. Die Ergebnissteigerung wird von den strategischen Konzernsegmenten Technology und Enterprise Services getragen und entspricht den vom Konzern ge\u00e4u\u00dferten Prognoseerwartungen f\u00fcr das laufende Jahr. Dabei steigerten die beiden Segmente gem\u00e4\u00df vorl\u00e4ufiger Zahlen ihr bereinigtes EBITDA um 31 Prozent auf 31,8 Mio. Euro (Vorjahr: 24,3 Mio. Euro), w\u00e4hrend das Segment Experts ein bereinigtes EBITDA von 1,5 Mio. Euro erzielte (Vorjahr: 6,3 Mio. Euro). Das vorl\u00e4ufige Konzern-EBITDA wuchs im Berichtszeitraum um 15 Prozent auf 25,7 Mio. Euro (Vorjahr: 22,3 Mio. Euro). Das vorl\u00e4ufige Konzern-EBIT betrug 10,6 Mio. Euro (Vorjahr: 11,1 Mio. Euro).<br \/>\u00a0<\/p>\n<p>Gesch\u00e4ftsentwicklung im zweiten Quartal 2019<br \/>\u00a0<\/p>\n<p>Im zweiten Quartal 2019 (01. April 2019 &#8211; 30. Juni 2019) steigerte der Konzern den Umsatz gegen\u00fcber dem Vergleichszeitraum des Vorjahres gem\u00e4\u00df vorl\u00e4ufiger Zahlen um 11 Prozent auf 191,1 Mio. Euro (Vorjahr: 172,4 Mio. Euro). Im selben Zeitraum stieg die vorl\u00e4ufige Wertsch\u00f6pfung um 16 Prozent auf 54,2 Mio. Euro (Vorjahr: 46,8 Mio. Euro). Das vorl\u00e4ufige bereinigte Konzern-EBITDA lag mit 14,9 Mio. Euro um 6 Prozent unter dem Ergebnis der Vorjahresperiode (Vorjahr: 15,9 Mio. Euro). Das vorl\u00e4ufige Konzern-EBITDA des zweiten Quartals betrug 12,3 Mio. Euro (Vorjahr: 12,8 Mio. Euro), entsprechend einem R\u00fcckgang um 3 Prozent gegen\u00fcber dem Vergleichszeitraum des Vorjahres. Das vorl\u00e4ufige Konzern-EBIT (Ergebnis vor Zinsen und Steuern) betrug im selben Zeitraum 4,8 Mio. Euro (Vorjahr: 6,9 Mio. Euro).<br \/>\u00a0<\/p>\n<p>Erwerb der Farabi Technology Middle East LLC und der SOLUTIONS4MOBILITY L.L.C<br \/>\u00a0<\/p>\n<p>Am 02. April 2019 hat die Allgeier Nagarro Holding GmbH, M\u00fcnchen, Vertr\u00e4ge zum Erwerb der Farabi Technology Middle East LLC sowie der SOLUTIONS4MOBILITY L.L.C, beide mit Sitz in Dubai, Vereinigte Arabische Emirate, unterzeichnet. Die Gesellschaften sind Experten f\u00fcr die Entwicklung mobiler Applikationen zur Unterst\u00fctzung der digitalen Transformation. Allgeier erh\u00e4lt durch die Transaktion wertvolle Zug\u00e4nge zu markt- und branchenf\u00fchrenden Kunden im Mittleren Osten und st\u00e4rkt zudem ihre Beratungs- und Umsetzungskompetenz in den lokalen M\u00e4rkten. Die Erstkonsolidierung der Gesellschaften erfolgte am 01. April 2019.<br \/>\u00a0<\/p>\n<p>Umsetzung des IFRS 16<br \/>\u00a0<\/p>\n<p>Im ersten Halbjahr 2019 wurde der ab dem 01. Januar 2019 verpflichtend nach IFRS anzuwendende Standard zur Bilanzierung der Miet- und Leasingvertr\u00e4ge umgesetzt (IFRS 16). Der Allgeier Konzern nimmt die Umstellung nach der retrograden Methode vor, womit die Vorjahreszahlen an die Berichterstattung des ersten Halbjahres 2019 angepasst wurden und die Vergleichbarkeit der Zahlen gew\u00e4hrleistet ist.<br \/>\u00a0<\/p>\n<p>Eckdaten der Bilanz zum 30. Juni 2019<br \/>\u00a0<\/p>\n<p>Das vorl\u00e4ufige Konzerneigenkapital erh\u00f6hte sich zum Bilanzstichtag 30. Juni 2019 auf 158,9 Mio. Euro (31. Dezember 2018: 130,6 Mio. Euro). Dem Allgeier Konzern standen zum Ende des zweiten Quartals 2019 gem\u00e4\u00df vorl\u00e4ufiger Zahlen liquide Mittel in H\u00f6he von 72,7 Mio. Euro zur Verf\u00fcgung (31. Dezember 2018: 77,0 Mio. Euro). Die verzinslichen Finanzschulden fielen zum Stichtag 30. Juni 2019 gem\u00e4\u00df vorl\u00e4ufiger Zahlen auf 174,7 Mio. Euro (31. Dezember 2018: 181,7 Mio. Euro) &#8211; darunter 148,3 Mio. Euro langfristige Finanzschulden (31. Dezember 2018: 150,3 Mio. Euro).<br \/>Die vorl\u00e4ufige Bilanzsumme betrug zum Ende des zweiten Quartals 2019 553,6 Mio. Euro (31. Dezember 2018: 536,6 Mio. Euro).<br \/>\u00a0<\/p>\n<p>Ausblick auf die zweite Jahresh\u00e4lfte 2019<br \/>\u00a0<\/p>\n<p>Vor dem Hintergrund der Einsch\u00e4tzung des wirtschaftlichen Umfelds und der Gesch\u00e4ftsentwicklung h\u00e4lt der Vorstand f\u00fcr das laufende Gesch\u00e4ftsjahr an der im Gesch\u00e4ftsbericht 2018 vorgenommenen Umsatz- und Ergebnisprognose f\u00fcr den Gesamt-Konzern fest.<br \/>\u00a0<\/p>\n<p>Hinweis<\/p>\n<p>Alle genannten Zahlen des ersten Halbjahres 2019 sind gem\u00e4\u00df IFRS ermittelt und nicht auditiert. Der Halbjahresfinanzbericht 2019 der Allgeier SE wird am 29. August 2019 ver\u00f6ffentlicht und ist dann unter www.allgeier.com einzusehen.<br \/>\u00a0<\/p>\n<p>Kontakt:<\/p>\n<p>Allgeier SE<br \/>Corporate Communications &amp; Investor Relations<br \/>Dr. Christopher Gro\u00dfe<br \/>Wehrlestra\u00dfe 12<br \/>81679 M\u00fcnchen<br \/>Tel.: +49 (0)89\/998421-0<br \/>Fax: +49 (0)89\/998421-11<br \/>E-Mail: ir@allgeier.com<br \/>Web: www.allgeier.com<\/p>\n<p>Allgeier SE ist eines der f\u00fchrenden IT-Unternehmen f\u00fcr digitale Transformation: Mit einer auf Innovationen und Zukunftstrends ausgerichteten Wachstumsstrategie sowie einem integrativen unternehmerischen Modell ergreift Allgeier die Chancen der Digitalisierung. Vier Segmente mit individuellen fachlichen und branchenbezogenen Schwerpunkten arbeiten gemeinsam f\u00fcr rund 3.000 Kunden aus nahezu allen Branchen. Mit \u00fcber 9.800 angestellten Mitarbeitern und rund 1.300 freiberuflichen Experten bietet Allgeier den Kunden als One-Stop-Shop ein umfassendes L\u00f6sungs- und Leistungsportfolio. Allgeier bildet mit einem hochflexiblen Delivery-Modell das komplette IT-Leistungsspektrum von Onsite \u00fcber Nearshore bis hin zu Offshore ab: Mit starken Standbeinen in Indien, China, Vietnam und Osteuropa werden Flexibilit\u00e4t und h\u00f6chste Skalierbarkeit der Leistungen sowie hochqualifiziertes Expertenwissen in der High-End-Softwareentwicklung sichergestellt. Zu den Kunden von Allgeier z\u00e4hlen global arbeitende Konzerne ebenso wie innovative mittelst\u00e4ndische Betriebe, die sich durch leistungsstarke IT-L\u00f6sungen, intelligente Software und flexible Personaldienstleistungen strategische Vorteile sichern wollen. Die stark wachsende Gruppe mit Hauptsitz in M\u00fcnchen verf\u00fcgt \u00fcber weltweit mehr als 140 Niederlassungen in vierzehn europ\u00e4ischen L\u00e4ndern sowie in Indien, China, Singapur, Vietnam, Thailand, Malaysia, Japan, den Vereinigten Arabischen Emiraten, S\u00fcdafrika, Mauritius, Australien, Mexiko, Kanada und in den USA. Im Gesch\u00e4ftsjahr 2018 erzielte Allgeier im fortgef\u00fchrten Gesch\u00e4ft einen Umsatz von 687 Mio. Euro. Allgeier z\u00e4hlt gem\u00e4\u00df L\u00fcnendonk(R)-Liste 2018 zu den zehn f\u00fchrenden IT-Beratungs- und Systemintegrations-Unternehmen in Deutschland. Allgeier Experts ist nach L\u00fcnendonk(R)-Marktsegmentstudie 2019 &#8222;Der Markt f\u00fcr Rekrutierung, Vermittlung und Steuerung von IT-Freelancern in Deutschland&#8220; unter den TOP 3 IT-Personaldienstleistern in Deutschland. Allgeier SE ist am Regulierten Markt der Frankfurter Wertpapierb\u00f6rse im General Standard gelistet (WKN A2GS63, ISIN DE000A2GS633). Weitere Informationen unter: www.allgeier.com.<\/p>\n<\/div>\n<hr \/>\n<hr \/>\n<\/td>\n<\/tr>\n<\/table>\n<p><\/p>\n<div class=\"\">\n<p class=\"\">\n<\/div>\n","protected":false},"excerpt":{"rendered":"<p>ALLGEIER SE \/ Schlagwort(e): Halbjahresergebnis Allgeier SE: Allgeier erzielt im ersten Halbjahr 2019 weiteres Wachstum in Umsatz und EBITDA 14.08.2019 \/ 17:32 CET\/CEST Ver\u00f6ffentlichung einer Insiderinformationen nach Artikel 17 der Verordnung (EU) Nr. 596\/2014, \u00fcbermittelt durch DGAP &#8211; ein Service<\/p>\n","protected":false},"author":4,"featured_media":0,"parent":1155,"menu_order":0,"comment_status":"close","ping_status":"closed","template":"","meta":{"_acf_changed":false,"footnotes":""},"categories":[],"tags":[],"class_list":["post-5418","page","type-page","status-publish","hentry"],"acf":[],"yoast_head":"<!-- This site is optimized with the Yoast SEO plugin v27.4 - https:\/\/yoast.com\/product\/yoast-seo-wordpress\/ -->\n<title>Allgeier SE: Allgeier erzielt im ersten Halbjahr 2019 weiteres Wachstum in Umsatz und EBITDA - Allgeier SE<\/title>\n<meta name=\"robots\" content=\"index, follow, max-snippet:-1, max-image-preview:large, max-video-preview:-1\" \/>\n<link rel=\"canonical\" href=\"https:\/\/www.allgeier.com\/de\/investor-relations\/adhoc-announcements\/allgeier-se-allgeier-erzielt-im-ersten-halbjahr-2019-weiteres-wachstum-in-umsatz-und-ebitda\/\" \/>\n<meta property=\"og:locale\" content=\"de_DE\" \/>\n<meta property=\"og:type\" content=\"article\" \/>\n<meta property=\"og:title\" content=\"Allgeier SE: Allgeier erzielt im ersten Halbjahr 2019 weiteres Wachstum in Umsatz und EBITDA - Allgeier SE\" \/>\n<meta property=\"og:description\" content=\"ALLGEIER SE \/ Schlagwort(e): Halbjahresergebnis Allgeier SE: Allgeier erzielt im ersten Halbjahr 2019 weiteres Wachstum in Umsatz und EBITDA 14.08.2019 \/ 17:32 CET\/CEST Ver\u00f6ffentlichung einer Insiderinformationen nach Artikel 17 der Verordnung (EU) Nr. 596\/2014, \u00fcbermittelt durch DGAP - ein Service\" \/>\n<meta property=\"og:url\" content=\"https:\/\/www.allgeier.com\/de\/investor-relations\/adhoc-announcements\/allgeier-se-allgeier-erzielt-im-ersten-halbjahr-2019-weiteres-wachstum-in-umsatz-und-ebitda\/\" \/>\n<meta property=\"og:site_name\" content=\"Allgeier SE\" \/>\n<meta property=\"article:modified_time\" content=\"2023-01-22T17:09:59+00:00\" \/>\n<meta name=\"twitter:card\" content=\"summary_large_image\" \/>\n<meta name=\"twitter:label1\" content=\"Gesch\u00e4tzte Lesezeit\" \/>\n\t<meta name=\"twitter:data1\" content=\"6\u00a0Minuten\" \/>\n<script type=\"application\/ld+json\" class=\"yoast-schema-graph\">{\"@context\":\"https:\\\/\\\/schema.org\",\"@graph\":[{\"@type\":\"WebPage\",\"@id\":\"https:\\\/\\\/www.allgeier.com\\\/de\\\/investor-relations\\\/adhoc-announcements\\\/allgeier-se-allgeier-erzielt-im-ersten-halbjahr-2019-weiteres-wachstum-in-umsatz-und-ebitda\\\/\",\"url\":\"https:\\\/\\\/www.allgeier.com\\\/de\\\/investor-relations\\\/adhoc-announcements\\\/allgeier-se-allgeier-erzielt-im-ersten-halbjahr-2019-weiteres-wachstum-in-umsatz-und-ebitda\\\/\",\"name\":\"Allgeier SE: Allgeier erzielt im ersten Halbjahr 2019 weiteres Wachstum in Umsatz und EBITDA - Allgeier SE\",\"isPartOf\":{\"@id\":\"https:\\\/\\\/www.allgeier.com\\\/de\\\/#website\"},\"datePublished\":\"2019-08-14T15:32:54+00:00\",\"dateModified\":\"2023-01-22T17:09:59+00:00\",\"breadcrumb\":{\"@id\":\"https:\\\/\\\/www.allgeier.com\\\/de\\\/investor-relations\\\/adhoc-announcements\\\/allgeier-se-allgeier-erzielt-im-ersten-halbjahr-2019-weiteres-wachstum-in-umsatz-und-ebitda\\\/#breadcrumb\"},\"inLanguage\":\"de\",\"potentialAction\":[{\"@type\":\"ReadAction\",\"target\":[\"https:\\\/\\\/www.allgeier.com\\\/de\\\/investor-relations\\\/adhoc-announcements\\\/allgeier-se-allgeier-erzielt-im-ersten-halbjahr-2019-weiteres-wachstum-in-umsatz-und-ebitda\\\/\"]}]},{\"@type\":\"BreadcrumbList\",\"@id\":\"https:\\\/\\\/www.allgeier.com\\\/de\\\/investor-relations\\\/adhoc-announcements\\\/allgeier-se-allgeier-erzielt-im-ersten-halbjahr-2019-weiteres-wachstum-in-umsatz-und-ebitda\\\/#breadcrumb\",\"itemListElement\":[{\"@type\":\"ListItem\",\"position\":1,\"name\":\"Home\",\"item\":\"https:\\\/\\\/www.allgeier.com\\\/de\\\/\"},{\"@type\":\"ListItem\",\"position\":2,\"name\":\"Investor Relations\",\"item\":\"https:\\\/\\\/www.allgeier.com\\\/de\\\/investor-relations\\\/\"},{\"@type\":\"ListItem\",\"position\":3,\"name\":\"Ad hoc-Mitteilungen\",\"item\":\"https:\\\/\\\/www.allgeier.com\\\/de\\\/investor-relations\\\/adhoc-announcements\\\/\"},{\"@type\":\"ListItem\",\"position\":4,\"name\":\"Allgeier SE: Allgeier erzielt im ersten Halbjahr 2019 weiteres Wachstum in Umsatz und EBITDA\"}]},{\"@type\":\"WebSite\",\"@id\":\"https:\\\/\\\/www.allgeier.com\\\/de\\\/#website\",\"url\":\"https:\\\/\\\/www.allgeier.com\\\/de\\\/\",\"name\":\"Allgeier SE\",\"description\":\"Software &amp; IT Services for digital transformation\",\"potentialAction\":[{\"@type\":\"SearchAction\",\"target\":{\"@type\":\"EntryPoint\",\"urlTemplate\":\"https:\\\/\\\/www.allgeier.com\\\/de\\\/?s={search_term_string}\"},\"query-input\":{\"@type\":\"PropertyValueSpecification\",\"valueRequired\":true,\"valueName\":\"search_term_string\"}}],\"inLanguage\":\"de\"}]}<\/script>\n<!-- \/ Yoast SEO plugin. -->","yoast_head_json":{"title":"Allgeier SE: Allgeier erzielt im ersten Halbjahr 2019 weiteres Wachstum in Umsatz und EBITDA - Allgeier SE","robots":{"index":"index","follow":"follow","max-snippet":"max-snippet:-1","max-image-preview":"max-image-preview:large","max-video-preview":"max-video-preview:-1"},"canonical":"https:\/\/www.allgeier.com\/de\/investor-relations\/adhoc-announcements\/allgeier-se-allgeier-erzielt-im-ersten-halbjahr-2019-weiteres-wachstum-in-umsatz-und-ebitda\/","og_locale":"de_DE","og_type":"article","og_title":"Allgeier SE: Allgeier erzielt im ersten Halbjahr 2019 weiteres Wachstum in Umsatz und EBITDA - Allgeier SE","og_description":"ALLGEIER SE \/ Schlagwort(e): Halbjahresergebnis Allgeier SE: Allgeier erzielt im ersten Halbjahr 2019 weiteres Wachstum in Umsatz und EBITDA 14.08.2019 \/ 17:32 CET\/CEST Ver\u00f6ffentlichung einer Insiderinformationen nach Artikel 17 der Verordnung (EU) Nr. 596\/2014, \u00fcbermittelt durch DGAP - ein Service","og_url":"https:\/\/www.allgeier.com\/de\/investor-relations\/adhoc-announcements\/allgeier-se-allgeier-erzielt-im-ersten-halbjahr-2019-weiteres-wachstum-in-umsatz-und-ebitda\/","og_site_name":"Allgeier SE","article_modified_time":"2023-01-22T17:09:59+00:00","twitter_card":"summary_large_image","twitter_misc":{"Gesch\u00e4tzte Lesezeit":"6\u00a0Minuten"},"schema":{"@context":"https:\/\/schema.org","@graph":[{"@type":"WebPage","@id":"https:\/\/www.allgeier.com\/de\/investor-relations\/adhoc-announcements\/allgeier-se-allgeier-erzielt-im-ersten-halbjahr-2019-weiteres-wachstum-in-umsatz-und-ebitda\/","url":"https:\/\/www.allgeier.com\/de\/investor-relations\/adhoc-announcements\/allgeier-se-allgeier-erzielt-im-ersten-halbjahr-2019-weiteres-wachstum-in-umsatz-und-ebitda\/","name":"Allgeier SE: Allgeier erzielt im ersten Halbjahr 2019 weiteres Wachstum in Umsatz und EBITDA - Allgeier SE","isPartOf":{"@id":"https:\/\/www.allgeier.com\/de\/#website"},"datePublished":"2019-08-14T15:32:54+00:00","dateModified":"2023-01-22T17:09:59+00:00","breadcrumb":{"@id":"https:\/\/www.allgeier.com\/de\/investor-relations\/adhoc-announcements\/allgeier-se-allgeier-erzielt-im-ersten-halbjahr-2019-weiteres-wachstum-in-umsatz-und-ebitda\/#breadcrumb"},"inLanguage":"de","potentialAction":[{"@type":"ReadAction","target":["https:\/\/www.allgeier.com\/de\/investor-relations\/adhoc-announcements\/allgeier-se-allgeier-erzielt-im-ersten-halbjahr-2019-weiteres-wachstum-in-umsatz-und-ebitda\/"]}]},{"@type":"BreadcrumbList","@id":"https:\/\/www.allgeier.com\/de\/investor-relations\/adhoc-announcements\/allgeier-se-allgeier-erzielt-im-ersten-halbjahr-2019-weiteres-wachstum-in-umsatz-und-ebitda\/#breadcrumb","itemListElement":[{"@type":"ListItem","position":1,"name":"Home","item":"https:\/\/www.allgeier.com\/de\/"},{"@type":"ListItem","position":2,"name":"Investor Relations","item":"https:\/\/www.allgeier.com\/de\/investor-relations\/"},{"@type":"ListItem","position":3,"name":"Ad hoc-Mitteilungen","item":"https:\/\/www.allgeier.com\/de\/investor-relations\/adhoc-announcements\/"},{"@type":"ListItem","position":4,"name":"Allgeier SE: Allgeier erzielt im ersten Halbjahr 2019 weiteres Wachstum in Umsatz und EBITDA"}]},{"@type":"WebSite","@id":"https:\/\/www.allgeier.com\/de\/#website","url":"https:\/\/www.allgeier.com\/de\/","name":"Allgeier SE","description":"Software &amp; IT Services for digital transformation","potentialAction":[{"@type":"SearchAction","target":{"@type":"EntryPoint","urlTemplate":"https:\/\/www.allgeier.com\/de\/?s={search_term_string}"},"query-input":{"@type":"PropertyValueSpecification","valueRequired":true,"valueName":"search_term_string"}}],"inLanguage":"de"}]}},"_links":{"self":[{"href":"https:\/\/www.allgeier.com\/de\/wp-json\/wp\/v2\/pages\/5418","targetHints":{"allow":["GET"]}}],"collection":[{"href":"https:\/\/www.allgeier.com\/de\/wp-json\/wp\/v2\/pages"}],"about":[{"href":"https:\/\/www.allgeier.com\/de\/wp-json\/wp\/v2\/types\/page"}],"author":[{"embeddable":true,"href":"https:\/\/www.allgeier.com\/de\/wp-json\/wp\/v2\/users\/4"}],"replies":[{"embeddable":true,"href":"https:\/\/www.allgeier.com\/de\/wp-json\/wp\/v2\/comments?post=5418"}],"version-history":[{"count":1,"href":"https:\/\/www.allgeier.com\/de\/wp-json\/wp\/v2\/pages\/5418\/revisions"}],"predecessor-version":[{"id":5419,"href":"https:\/\/www.allgeier.com\/de\/wp-json\/wp\/v2\/pages\/5418\/revisions\/5419"}],"up":[{"embeddable":true,"href":"https:\/\/www.allgeier.com\/de\/wp-json\/wp\/v2\/pages\/1155"}],"wp:attachment":[{"href":"https:\/\/www.allgeier.com\/de\/wp-json\/wp\/v2\/media?parent=5418"}],"wp:term":[{"taxonomy":"category","embeddable":true,"href":"https:\/\/www.allgeier.com\/de\/wp-json\/wp\/v2\/categories?post=5418"},{"taxonomy":"post_tag","embeddable":true,"href":"https:\/\/www.allgeier.com\/de\/wp-json\/wp\/v2\/tags?post=5418"}],"curies":[{"name":"wp","href":"https:\/\/api.w.org\/{rel}","templated":true}]}}