{"id":5432,"date":"2019-01-31T15:28:26","date_gmt":"2019-01-31T16:28:26","guid":{"rendered":"https:\/\/www.allgeier.com\/de\/?page_id=5432"},"modified":"2023-01-22T17:10:00","modified_gmt":"2023-01-22T17:10:00","slug":"allgeier-se-vorstand-entscheidet-sich-fuer-ipo-der-allgeier-experts-se","status":"publish","type":"page","link":"https:\/\/www.allgeier.com\/de\/investor-relations\/adhoc-announcements\/allgeier-se-vorstand-entscheidet-sich-fuer-ipo-der-allgeier-experts-se\/","title":{"rendered":"Allgeier SE: Vorstand entscheidet sich f\u00fcr IPO der Allgeier Experts SE"},"content":{"rendered":"<table class=\"news_layout style2015\" border=\"0\" cellpadding=\"0\" cellspacing=\"0\">\n<tr>\n<td>\n<p class=\"news_top\">ALLGEIER SE \/ Schlagwort(e): B\u00f6rsengang<br \/>Allgeier SE: Vorstand entscheidet sich f\u00fcr IPO der Allgeier Experts SE<\/p>\n<p><span class=\"news_top_date\">31.01.2019 \/ 17:28 CET\/CEST<\/span><br \/>Ver\u00f6ffentlichung einer Insiderinformationen nach Artikel 17 der Verordnung (EU) Nr. 596\/2014, \u00fcbermittelt durch DGAP &#8211; ein Service der EQS Group AG.<br \/>F\u00fcr den Inhalt der Mitteilung ist der Emittent \/ Herausgeber verantwortlich.<\/p>\n<hr \/>\n<div class=\"break-word news_main\">\n<p><i>M\u00fcnchen, 31. Januar 2019 &#8211;<\/i> Der Vorstand der Allgeier SE (ISIN DE000A2GS633, WKN A2GS63) hat am heutigen Tag entschieden, dass die Tochtergesellschaft Allgeier Experts SE im laufenden Jahr eine eigenst\u00e4ndige B\u00f6rsennotierung erhalten soll. Die Gespr\u00e4che mit Investmentbanken m\u00fcnden damit nun in konkrete Vorbereitungen f\u00fcr einen B\u00f6rsengang, der abh\u00e4ngig von der Marktsituation im zweiten Halbjahr 2019 stattfinden soll.<\/p>\n<p>Die Allgeier Gruppe wird mit diesem strategischen Schritt mit Blick auf die kommenden Jahre in zwei eigenst\u00e4ndige Unternehmen aufgetrennt. In der Allgeier Experts SE ist das auf die Felder IT und Engineering spezialisierte Personaldienstleistungsgesch\u00e4ft der Allgeier Gruppe geb\u00fcndelt. Mit einem f\u00fcr 2019 geplanten Umsatz von mehr als 300 Mio. Euro ist die Allgeier Experts SE einer der f\u00fchrenden Full Service IT-Personaldienstleister im deutschen Markt. Mittelfristig ist ein deutliches Wachstum sowohl organisch als auch durch Akquisitionen in einem sich weiter konsolidierenden Markt geplant. Durch den Schritt in die eigenst\u00e4ndige B\u00f6rsennotierung wird die Allgeier Experts SE die Abh\u00e4ngigkeit von der Muttergesellschaft Allgeier SE verringern und sich unmittelbaren Zugang zu Finanzierungsmitteln verschaffen.<\/p>\n<p>Das in der Allgeier SE verbleibende Softwaregesch\u00e4ft plant f\u00fcr 2019 eine Umsatzgr\u00f6\u00dfenordnung von mehr als 500 Mio. EUR. Neben erheblichem organischen Wachstum sind weitere Akquisitionen beabsichtigt, um den Ausbau zu einem global aktiven Softwareentwicklungsunternehmen voranzutreiben. Die Allgeier SE vereint heute bereits mehr als 7.000 Software-Spezialisten in mehr als 25 L\u00e4ndern &#8211; davon mehr als 4.000 in Indien, \u00fcber 1.000 in Deutschland, rund 800 in Rum\u00e4nien sowie etwa 500 an den chinesischen Standorten.<\/p>\n<p>Beide Unternehmen werden mit deutlich gesch\u00e4rften Profilen und individuellen Equity Stories ihre Expansion noch konsequenter als bislang vorantreiben. Der unmittelbare Zugang zum Kapitalmarkt wie auch zu Fremdfinanzierung mit jeweils eigener Peer Group und Bewertungsumgebung wird beiden Unternehmen Beschleunigung im Wachstum erm\u00f6glichen. Das jeweils gesch\u00e4rfte spezifische Profil schafft k\u00fcnftig h\u00f6here Sichtbarkeit und Attraktivit\u00e4t sowohl im Kundenumfeld als insbesondere auch bei der Rekrutierung neuer Kollegen und Schl\u00fcsselmitarbeiter. Die k\u00fcnftige Zusammenarbeit der beiden weitgehend komplement\u00e4ren Unternehmen soll intensiv und auf Augenh\u00f6he fortgesetzt werden. Allgeier SE wird voraussichtlich nach dem B\u00f6rsengang der Allgeier Experts SE mittelfristig deren Ankeraktion\u00e4rin bleiben.<br \/>\u00a0<\/p>\n<p>Kontakt:<\/p>\n<p>Allgeier SE<br \/>Corporate Communications &amp; Investor Relations<br \/>Dr. Christopher Gro\u00dfe<br \/>Wehrlestra\u00dfe 12<br \/>81679 M\u00fcnchen<br \/>Tel.: +49 (0)89\/998421-0<br \/>Fax: +49 (0)89\/998421-11<br \/>E-Mail: ir@allgeier.com<br \/>Web: www.allgeier.com<\/p>\n<p>Allgeier SE ist eines der f\u00fchrenden IT-Unternehmen f\u00fcr digitale Transformation: Mit einer auf Innovationen und Zukunftstrends ausgerichteten Wachstumsstrategie sowie einem integrativen unternehmerischen Modell ergreift Allgeier die Chancen der Digitalisierung. Vier Segmente mit individuellen fachlichen und branchenbezogenen Schwerpunkten arbeiten gemeinsam f\u00fcr rund 3.000 Kunden aus nahezu allen Branchen. Mit \u00fcber 9.000 angestellten Mitarbeitern und mehr als 1.300 freiberuflichen Experten bietet Allgeier den Kunden als One-Stop-Shop ein umfassendes L\u00f6sungs- und Leistungsportfolio. Allgeier bildet mit einem hochflexiblen Delivery-Modell das komplette IT-Leistungsspektrum von Onsite \u00fcber Nearshore bis hin zu Offshore ab: Mit starken Standbeinen in Indien und China werden Flexibilit\u00e4t und h\u00f6chste Skalierbarkeit der Leistungen sowie hochqualifiziertes Expertenwissen in der High-End-Softwareentwicklung sichergestellt. Zu den Kunden von Allgeier z\u00e4hlen global arbeitende Konzerne ebenso wie innovative mittelst\u00e4ndische Betriebe, die sich durch leistungsstarke IT-L\u00f6sungen, intelligente Software und flexible Personaldienstleistungen strategische Vorteile sichern wollen. Die stark wachsende Gruppe mit Hauptsitz in M\u00fcnchen verf\u00fcgt \u00fcber 140 Niederlassungen in der DACH-Region, in elf weiteren europ\u00e4ischen L\u00e4ndern sowie in Indien, China, Thailand, Singapur, Vietnam, Malaysia, Japan, den Vereinigten Arabischen Emiraten, S\u00fcdafrika, Australien, Mexiko, Kanada und in den USA. Im Gesch\u00e4ftsjahr 2017 erzielte Allgeier im fortgef\u00fchrten Gesch\u00e4ft einen Konzernumsatz von 574 Mio. Euro. Allgeier SE z\u00e4hlt gem\u00e4\u00df L\u00fcnendonk(R)-Liste 2018 zu den zehn f\u00fchrenden IT-Beratungs- und Systemintegrations-Unternehmen in Deutschland. Allgeier Experts ist nach L\u00fcnendonk(R)-Marktsegmentstudie 2018 &#8222;Der Markt f\u00fcr Rekrutierung, Vermittlung und Steuerung von IT-Freelancern in Deutschland&#8220; unter den TOP 3 IT-Personaldienstleistern in Deutschland. Allgeier SE ist am Regulierten Markt der Frankfurter Wertpapierb\u00f6rse im General Standard gelistet (WKN A2GS63, ISIN DE000A2GS633). Weitere Informationen unter: www.allgeier.com.<\/p>\n<p>\u00a0<\/p><\/div>\n<hr \/>\n<hr \/>\n<\/td>\n<\/tr>\n<\/table>\n<p><\/p>\n<div class=\"\">\n<p class=\"\">\n<\/div>\n","protected":false},"excerpt":{"rendered":"<p>ALLGEIER SE \/ Schlagwort(e): B\u00f6rsengang Allgeier SE: Vorstand entscheidet sich f\u00fcr IPO der Allgeier Experts SE 31.01.2019 \/ 17:28 CET\/CEST Ver\u00f6ffentlichung einer Insiderinformationen nach Artikel 17 der Verordnung (EU) Nr. 596\/2014, \u00fcbermittelt durch DGAP &#8211; ein Service der EQS Group AG. F\u00fcr den Inhalt<\/p>\n","protected":false},"author":4,"featured_media":0,"parent":1155,"menu_order":0,"comment_status":"close","ping_status":"closed","template":"","meta":{"_acf_changed":false,"footnotes":""},"categories":[],"tags":[],"class_list":["post-5432","page","type-page","status-publish","hentry"],"acf":[],"yoast_head":"<!-- This site is optimized with the Yoast SEO plugin v27.4 - https:\/\/yoast.com\/product\/yoast-seo-wordpress\/ -->\n<title>Allgeier SE: Vorstand entscheidet sich f\u00fcr IPO der Allgeier Experts SE - Allgeier SE<\/title>\n<meta name=\"robots\" content=\"index, follow, max-snippet:-1, max-image-preview:large, max-video-preview:-1\" \/>\n<link rel=\"canonical\" href=\"https:\/\/www.allgeier.com\/de\/investor-relations\/adhoc-announcements\/allgeier-se-vorstand-entscheidet-sich-fuer-ipo-der-allgeier-experts-se\/\" \/>\n<meta property=\"og:locale\" content=\"de_DE\" \/>\n<meta property=\"og:type\" content=\"article\" \/>\n<meta property=\"og:title\" content=\"Allgeier SE: Vorstand entscheidet sich f\u00fcr IPO der Allgeier Experts SE - Allgeier SE\" \/>\n<meta property=\"og:description\" content=\"ALLGEIER SE \/ Schlagwort(e): B\u00f6rsengang Allgeier SE: Vorstand entscheidet sich f\u00fcr IPO der Allgeier Experts SE 31.01.2019 \/ 17:28 CET\/CEST Ver\u00f6ffentlichung einer Insiderinformationen nach Artikel 17 der Verordnung (EU) Nr. 596\/2014, \u00fcbermittelt durch DGAP - ein Service der EQS Group AG. F\u00fcr den Inhalt\" \/>\n<meta property=\"og:url\" content=\"https:\/\/www.allgeier.com\/de\/investor-relations\/adhoc-announcements\/allgeier-se-vorstand-entscheidet-sich-fuer-ipo-der-allgeier-experts-se\/\" \/>\n<meta property=\"og:site_name\" content=\"Allgeier SE\" \/>\n<meta property=\"article:modified_time\" content=\"2023-01-22T17:10:00+00:00\" \/>\n<meta name=\"twitter:card\" content=\"summary_large_image\" \/>\n<meta name=\"twitter:label1\" content=\"Gesch\u00e4tzte Lesezeit\" \/>\n\t<meta name=\"twitter:data1\" content=\"4\u00a0Minuten\" \/>\n<script type=\"application\/ld+json\" class=\"yoast-schema-graph\">{\"@context\":\"https:\\\/\\\/schema.org\",\"@graph\":[{\"@type\":\"WebPage\",\"@id\":\"https:\\\/\\\/www.allgeier.com\\\/de\\\/investor-relations\\\/adhoc-announcements\\\/allgeier-se-vorstand-entscheidet-sich-fuer-ipo-der-allgeier-experts-se\\\/\",\"url\":\"https:\\\/\\\/www.allgeier.com\\\/de\\\/investor-relations\\\/adhoc-announcements\\\/allgeier-se-vorstand-entscheidet-sich-fuer-ipo-der-allgeier-experts-se\\\/\",\"name\":\"Allgeier SE: Vorstand entscheidet sich f\u00fcr IPO der Allgeier Experts SE - Allgeier SE\",\"isPartOf\":{\"@id\":\"https:\\\/\\\/www.allgeier.com\\\/de\\\/#website\"},\"datePublished\":\"2019-01-31T16:28:26+00:00\",\"dateModified\":\"2023-01-22T17:10:00+00:00\",\"breadcrumb\":{\"@id\":\"https:\\\/\\\/www.allgeier.com\\\/de\\\/investor-relations\\\/adhoc-announcements\\\/allgeier-se-vorstand-entscheidet-sich-fuer-ipo-der-allgeier-experts-se\\\/#breadcrumb\"},\"inLanguage\":\"de\",\"potentialAction\":[{\"@type\":\"ReadAction\",\"target\":[\"https:\\\/\\\/www.allgeier.com\\\/de\\\/investor-relations\\\/adhoc-announcements\\\/allgeier-se-vorstand-entscheidet-sich-fuer-ipo-der-allgeier-experts-se\\\/\"]}]},{\"@type\":\"BreadcrumbList\",\"@id\":\"https:\\\/\\\/www.allgeier.com\\\/de\\\/investor-relations\\\/adhoc-announcements\\\/allgeier-se-vorstand-entscheidet-sich-fuer-ipo-der-allgeier-experts-se\\\/#breadcrumb\",\"itemListElement\":[{\"@type\":\"ListItem\",\"position\":1,\"name\":\"Home\",\"item\":\"https:\\\/\\\/www.allgeier.com\\\/de\\\/\"},{\"@type\":\"ListItem\",\"position\":2,\"name\":\"Investor Relations\",\"item\":\"https:\\\/\\\/www.allgeier.com\\\/de\\\/investor-relations\\\/\"},{\"@type\":\"ListItem\",\"position\":3,\"name\":\"Ad hoc-Mitteilungen\",\"item\":\"https:\\\/\\\/www.allgeier.com\\\/de\\\/investor-relations\\\/adhoc-announcements\\\/\"},{\"@type\":\"ListItem\",\"position\":4,\"name\":\"Allgeier SE: Vorstand entscheidet sich f\u00fcr IPO der Allgeier Experts SE\"}]},{\"@type\":\"WebSite\",\"@id\":\"https:\\\/\\\/www.allgeier.com\\\/de\\\/#website\",\"url\":\"https:\\\/\\\/www.allgeier.com\\\/de\\\/\",\"name\":\"Allgeier SE\",\"description\":\"Software &amp; IT Services for digital transformation\",\"potentialAction\":[{\"@type\":\"SearchAction\",\"target\":{\"@type\":\"EntryPoint\",\"urlTemplate\":\"https:\\\/\\\/www.allgeier.com\\\/de\\\/?s={search_term_string}\"},\"query-input\":{\"@type\":\"PropertyValueSpecification\",\"valueRequired\":true,\"valueName\":\"search_term_string\"}}],\"inLanguage\":\"de\"}]}<\/script>\n<!-- \/ Yoast SEO plugin. -->","yoast_head_json":{"title":"Allgeier SE: Vorstand entscheidet sich f\u00fcr IPO der Allgeier Experts SE - Allgeier SE","robots":{"index":"index","follow":"follow","max-snippet":"max-snippet:-1","max-image-preview":"max-image-preview:large","max-video-preview":"max-video-preview:-1"},"canonical":"https:\/\/www.allgeier.com\/de\/investor-relations\/adhoc-announcements\/allgeier-se-vorstand-entscheidet-sich-fuer-ipo-der-allgeier-experts-se\/","og_locale":"de_DE","og_type":"article","og_title":"Allgeier SE: Vorstand entscheidet sich f\u00fcr IPO der Allgeier Experts SE - Allgeier SE","og_description":"ALLGEIER SE \/ Schlagwort(e): B\u00f6rsengang Allgeier SE: Vorstand entscheidet sich f\u00fcr IPO der Allgeier Experts SE 31.01.2019 \/ 17:28 CET\/CEST Ver\u00f6ffentlichung einer Insiderinformationen nach Artikel 17 der Verordnung (EU) Nr. 596\/2014, \u00fcbermittelt durch DGAP - ein Service der EQS Group AG. F\u00fcr den Inhalt","og_url":"https:\/\/www.allgeier.com\/de\/investor-relations\/adhoc-announcements\/allgeier-se-vorstand-entscheidet-sich-fuer-ipo-der-allgeier-experts-se\/","og_site_name":"Allgeier SE","article_modified_time":"2023-01-22T17:10:00+00:00","twitter_card":"summary_large_image","twitter_misc":{"Gesch\u00e4tzte Lesezeit":"4\u00a0Minuten"},"schema":{"@context":"https:\/\/schema.org","@graph":[{"@type":"WebPage","@id":"https:\/\/www.allgeier.com\/de\/investor-relations\/adhoc-announcements\/allgeier-se-vorstand-entscheidet-sich-fuer-ipo-der-allgeier-experts-se\/","url":"https:\/\/www.allgeier.com\/de\/investor-relations\/adhoc-announcements\/allgeier-se-vorstand-entscheidet-sich-fuer-ipo-der-allgeier-experts-se\/","name":"Allgeier SE: Vorstand entscheidet sich f\u00fcr IPO der Allgeier Experts SE - Allgeier SE","isPartOf":{"@id":"https:\/\/www.allgeier.com\/de\/#website"},"datePublished":"2019-01-31T16:28:26+00:00","dateModified":"2023-01-22T17:10:00+00:00","breadcrumb":{"@id":"https:\/\/www.allgeier.com\/de\/investor-relations\/adhoc-announcements\/allgeier-se-vorstand-entscheidet-sich-fuer-ipo-der-allgeier-experts-se\/#breadcrumb"},"inLanguage":"de","potentialAction":[{"@type":"ReadAction","target":["https:\/\/www.allgeier.com\/de\/investor-relations\/adhoc-announcements\/allgeier-se-vorstand-entscheidet-sich-fuer-ipo-der-allgeier-experts-se\/"]}]},{"@type":"BreadcrumbList","@id":"https:\/\/www.allgeier.com\/de\/investor-relations\/adhoc-announcements\/allgeier-se-vorstand-entscheidet-sich-fuer-ipo-der-allgeier-experts-se\/#breadcrumb","itemListElement":[{"@type":"ListItem","position":1,"name":"Home","item":"https:\/\/www.allgeier.com\/de\/"},{"@type":"ListItem","position":2,"name":"Investor Relations","item":"https:\/\/www.allgeier.com\/de\/investor-relations\/"},{"@type":"ListItem","position":3,"name":"Ad hoc-Mitteilungen","item":"https:\/\/www.allgeier.com\/de\/investor-relations\/adhoc-announcements\/"},{"@type":"ListItem","position":4,"name":"Allgeier SE: Vorstand entscheidet sich f\u00fcr IPO der Allgeier Experts SE"}]},{"@type":"WebSite","@id":"https:\/\/www.allgeier.com\/de\/#website","url":"https:\/\/www.allgeier.com\/de\/","name":"Allgeier SE","description":"Software &amp; IT Services for digital transformation","potentialAction":[{"@type":"SearchAction","target":{"@type":"EntryPoint","urlTemplate":"https:\/\/www.allgeier.com\/de\/?s={search_term_string}"},"query-input":{"@type":"PropertyValueSpecification","valueRequired":true,"valueName":"search_term_string"}}],"inLanguage":"de"}]}},"_links":{"self":[{"href":"https:\/\/www.allgeier.com\/de\/wp-json\/wp\/v2\/pages\/5432","targetHints":{"allow":["GET"]}}],"collection":[{"href":"https:\/\/www.allgeier.com\/de\/wp-json\/wp\/v2\/pages"}],"about":[{"href":"https:\/\/www.allgeier.com\/de\/wp-json\/wp\/v2\/types\/page"}],"author":[{"embeddable":true,"href":"https:\/\/www.allgeier.com\/de\/wp-json\/wp\/v2\/users\/4"}],"replies":[{"embeddable":true,"href":"https:\/\/www.allgeier.com\/de\/wp-json\/wp\/v2\/comments?post=5432"}],"version-history":[{"count":1,"href":"https:\/\/www.allgeier.com\/de\/wp-json\/wp\/v2\/pages\/5432\/revisions"}],"predecessor-version":[{"id":5433,"href":"https:\/\/www.allgeier.com\/de\/wp-json\/wp\/v2\/pages\/5432\/revisions\/5433"}],"up":[{"embeddable":true,"href":"https:\/\/www.allgeier.com\/de\/wp-json\/wp\/v2\/pages\/1155"}],"wp:attachment":[{"href":"https:\/\/www.allgeier.com\/de\/wp-json\/wp\/v2\/media?parent=5432"}],"wp:term":[{"taxonomy":"category","embeddable":true,"href":"https:\/\/www.allgeier.com\/de\/wp-json\/wp\/v2\/categories?post=5432"},{"taxonomy":"post_tag","embeddable":true,"href":"https:\/\/www.allgeier.com\/de\/wp-json\/wp\/v2\/tags?post=5432"}],"curies":[{"name":"wp","href":"https:\/\/api.w.org\/{rel}","templated":true}]}}