{"id":5434,"date":"2018-12-11T17:15:02","date_gmt":"2018-12-11T18:15:02","guid":{"rendered":"https:\/\/www.allgeier.com\/de\/?page_id=5434"},"modified":"2023-01-22T17:10:00","modified_gmt":"2023-01-22T17:10:00","slug":"allgeier-se-forecast-2018-und-prognose-2019","status":"publish","type":"page","link":"https:\/\/www.allgeier.com\/de\/investor-relations\/adhoc-announcements\/allgeier-se-forecast-2018-und-prognose-2019\/","title":{"rendered":"Allgeier SE: Forecast 2018 und Prognose 2019"},"content":{"rendered":"<table class=\"news_layout style2015\" border=\"0\" cellpadding=\"0\" cellspacing=\"0\">\n<tr>\n<td>\n<p class=\"news_top\">ALLGEIER SE \/ Schlagwort(e): Prognose\/Planzahlen<br \/>Allgeier SE: Forecast 2018 und Prognose 2019<\/p>\n<p><span class=\"news_top_date\">11.12.2018 \/ 19:15 CET\/CEST<\/span><br \/>Ver\u00f6ffentlichung einer Insiderinformationen nach Artikel 17 der Verordnung (EU) Nr. 596\/2014, \u00fcbermittelt durch DGAP &#8211; ein Service der EQS Group AG.<br \/>F\u00fcr den Inhalt der Mitteilung ist der Emittent \/ Herausgeber verantwortlich.<\/p>\n<hr \/>\n<div class=\"break-word news_main\"><em>M\u00fcnchen, 11. Dezember 2018 &#8211;<\/em> Der Vorstand der Allgeier SE (ISIN DE000A2GS633, WKN A2GS63), M\u00fcnchen, hat am heutigen Tag die Konzernplanung f\u00fcr das Jahr 2019 verabschiedet und auf Basis der vorl\u00e4ufigen Konzernzahlen f\u00fcr Oktober 2018 einen Forecast auf das Jahresende 2018 erstellt.<\/p>\n<p>\u00a0<br \/>Im Gesch\u00e4ftsbericht f\u00fcr das Jahr 2017 hatte der Vorstand f\u00fcr das Jahr 2018 die folgende Prognose f\u00fcr die Gruppe abgegeben: Der Konzernumsatz sollte zwischen 18 und 23 Prozent wachsen. Das Konzern-EBITDA sollte \u00fcberproportional wachsen und eine EBITDA-Marge in der Gr\u00f6\u00dfenordnung zwischen 6,0 und 6,5 Prozent erreichen.<\/p>\n<p>\u00a0<br \/>Gemessen an dem aktuellen Forecast f\u00fcr das Gesamtjahr 2018 werden die genannten Ziele wie folgt erreicht: F\u00fcr den Gesamt-Konzern (fortgef\u00fchrte und nicht-fortgef\u00fchrte Gesch\u00e4ftsbereiche) erwartet der Vorstand f\u00fcr das Gesch\u00e4ftsjahr 2018 ein Wachstum des Umsatzes von 22 Prozent und ein Wachstum der Wertsch\u00f6pfung von 27 Prozent. Vor au\u00dferordentlichen und periodenfremden Effekten wird die EBITDA-Marge voraussichtlich 6,5 Prozent betragen. Die EBITDA-Marge betr\u00e4gt voraussichtlich 5,1 Prozent. F\u00fcr den Gesamt-Konzern bedeutet das einen erwarteten Umsatz von etwa 700 Mio. EUR, ein EBITDA von 35,6 Mio. EUR und ein um au\u00dferordentliche oder periodenfremde Effekte bereinigtes EBITDA von 45,4 Mio. EUR. Aufgrund der fortgeschrittenen Entscheidungslage hinsichtlich der angek\u00fcndigten Abtrennung des Segments Allgeier Experts (siehe Ad hoc-Mitteilung vom 09. Juli 2018) wird das Segment Experts im Konzernabschluss 2018 voraussichtlich als nicht-fortgef\u00fchrtes Gesch\u00e4ft gezeigt werden.<\/p>\n<p>\u00a0<br \/>Die Planung f\u00fcr das Gesch\u00e4ftsjahr 2019 zeigt eine Entwicklung, die den positiven Trend des Gesch\u00e4ftsjahres 2018 fortsetzt: F\u00fcr den Gesamt-Konzern (fortgef\u00fchrtes und nicht-fortgef\u00fchrtes Gesch\u00e4ft) wird ein Umsatzwachstum von 17 Prozent bei einer EBITDA-Marge zwischen 6,5 und 7,0 Prozent geplant. Das bedeutet einen geplanten Umsatz von rund 820 Mio. EUR und ein geplantes EBITDA von rund 56 Mio. EUR. Die Planung f\u00fcr die in 2018 erworbenen Gesellschaften ist noch vorl\u00e4ufig und wird im ersten Quartal 2019 final abgestimmt.<\/p>\n<p>\u00a0<br \/>Die Planung bezieht sich dabei ausschlie\u00dflich auf das organische Konzernwachstum. Zuk\u00fcnftige Akquisitionen in den einzelnen Gesch\u00e4ftsbereichen k\u00f6nnen einen zus\u00e4tzlichen Beitrag zum Wachstum leisten.<\/p>\n<p>\u00a0<br \/>Hinweis<\/p>\n<p>\u00a0<br \/>Es wird darauf hingewiesen, dass alle genannten Zahlen f\u00fcr 2018 Erwartungen des Vorstands darstellen und somit vorl\u00e4ufig sind. Alle in Zukunft gerichteten Aussagen zur Planung beruhen dabei auf Annahmen und Sch\u00e4tzungen des Konzernvorstands. Auch wenn der Vorstand der Ansicht ist, dass diese Annahmen und Sch\u00e4tzungen zutreffend sind, k\u00f6nnen die k\u00fcnftigen tats\u00e4chlichen Entwicklungen und die k\u00fcnftigen tats\u00e4chlichen Ergebnisse von diesen Annahmen und Sch\u00e4tzungen aufgrund vielf\u00e4ltiger Faktoren erheblich abweichen. Zu diesen Faktoren k\u00f6nnen beispielsweise die Ver\u00e4nderung der gesamtwirtschaftlichen Lage, der Wechselkurse, der Zinss\u00e4tze sowie Ver\u00e4nderungen innerhalb der Marktentwicklung und der sich ver\u00e4nderten Wettbewerbssituation geh\u00f6ren. Die Allgeier SE \u00fcbernimmt keine Gew\u00e4hrleistung und keine Haftung daf\u00fcr, dass die k\u00fcnftigen Entwicklungen und die k\u00fcnftig erzielten tats\u00e4chlichen Ergebnisse mit den in dieser Ad hoc-Mitteilung ge\u00e4u\u00dferten Annahmen und Sch\u00e4tzungen \u00fcbereinstimmen werden.<br \/>\u00a0<br \/>\u00a0<\/p>\n<p><em>Kontakt:<\/p>\n<p>Allgeier SE<\/em><br \/>Corporate Communications &amp; Investor Relations<br \/>Dr. Christopher Gro\u00dfe<br \/>Wehrlestra\u00dfe 12<br \/>81679 M\u00fcnchen<br \/>Tel.: +49 (0)89\/998421-0<br \/>Fax: +49 (0)89\/998421-11<br \/>E-Mail: ir@allgeier.com<br \/>Web: www.allgeier.com<\/p>\n<p>\u00a0<br \/>Allgeier SE ist eines der f\u00fchrenden IT-Unternehmen f\u00fcr digitale Transformation: Mit einer auf Innovationen und Zukunftstrends ausgerichteten Wachstumsstrategie sowie einem integrativen unternehmerischen Modell ergreift Allgeier die Chancen der Digitalisierung. Vier Segmente mit individuellen fachlichen und branchenbezogenen Schwerpunkten arbeiten gemeinsam f\u00fcr rund 3.000 Kunden aus nahezu allen Branchen. Mit \u00fcber 9.000 angestellten Mitarbeitern und mehr als 1.300 freiberuflichen Experten bietet Allgeier den Kunden als One-Stop-Shop ein umfassendes L\u00f6sungs- und Leistungsportfolio. Allgeier bildet mit einem hochflexiblen Delivery-Modell das komplette IT-Leistungsspektrum von Onsite \u00fcber Nearshore bis hin zu Offshore ab: Mit starken Standbeinen in Indien und China werden Flexibilit\u00e4t und h\u00f6chste Skalierbarkeit der Leistungen sowie hochqualifiziertes Expertenwissen in der High-End-Softwareentwicklung sichergestellt. Zu den Kunden von Allgeier z\u00e4hlen global arbeitende Konzerne ebenso wie innovative mittelst\u00e4ndische Betriebe, die sich durch leistungsstarke IT-L\u00f6sungen, intelligente Software und flexible Personaldienstleistungen strategische Vorteile sichern wollen. Die stark wachsende Gruppe mit Hauptsitz in M\u00fcnchen verf\u00fcgt \u00fcber rund 140 Niederlassungen in der DACH-Region, in elf weiteren europ\u00e4ischen L\u00e4ndern sowie in Indien, China, Singapur, Vietnam, Malaysia, Japan, den Vereinigten Arabischen Emiraten, S\u00fcdafrika, Australien, Mexiko und in den USA. Im Gesch\u00e4ftsjahr 2017 erzielte Allgeier im fortgef\u00fchrten Gesch\u00e4ft einen Konzernumsatz von 574 Mio. Euro. Allgeier SE z\u00e4hlt gem\u00e4\u00df L\u00fcnendonk(R)-Liste 2018 zu den zehn f\u00fchrenden IT-Beratungs- und Systemintegrations-Unternehmen in Deutschland. Allgeier Experts ist nach L\u00fcnendonk(R)-Marktsegmentstudie 2018 &#8222;Der Markt f\u00fcr Rekrutierung, Vermittlung und Steuerung von IT-Freelancern in Deutschland&#8220; unter den TOP 3 IT-Personaldienstleistern in Deutschland. Allgeier SE ist am Regulierten Markt der Frankfurter Wertpapierb\u00f6rse im General Standard gelistet (WKN A2GS63, ISIN DE000A2GS633). Weitere Informationen unter: www.allgeier.com.<br \/>\u00a0<\/div>\n<hr \/>\n<hr \/>\n<\/td>\n<\/tr>\n<\/table>\n<p><\/p>\n<div class=\"\">\n<p class=\"\">\n<\/div>\n","protected":false},"excerpt":{"rendered":"<p>ALLGEIER SE \/ Schlagwort(e): Prognose\/Planzahlen Allgeier SE: Forecast 2018 und Prognose 2019 11.12.2018 \/ 19:15 CET\/CEST Ver\u00f6ffentlichung einer Insiderinformationen nach Artikel 17 der Verordnung (EU) Nr. 596\/2014, \u00fcbermittelt durch DGAP &#8211; ein Service der EQS Group AG. F\u00fcr den Inhalt der Mitteilung<\/p>\n","protected":false},"author":4,"featured_media":0,"parent":1155,"menu_order":0,"comment_status":"close","ping_status":"closed","template":"","meta":{"_acf_changed":false,"footnotes":""},"categories":[],"tags":[],"class_list":["post-5434","page","type-page","status-publish","hentry"],"acf":[],"yoast_head":"<!-- This site is optimized with the Yoast SEO plugin v27.4 - https:\/\/yoast.com\/product\/yoast-seo-wordpress\/ -->\n<title>Allgeier SE: Forecast 2018 und Prognose 2019 - Allgeier SE<\/title>\n<meta name=\"robots\" content=\"index, follow, max-snippet:-1, max-image-preview:large, max-video-preview:-1\" \/>\n<link rel=\"canonical\" href=\"https:\/\/www.allgeier.com\/de\/investor-relations\/adhoc-announcements\/allgeier-se-forecast-2018-und-prognose-2019\/\" \/>\n<meta property=\"og:locale\" content=\"de_DE\" \/>\n<meta property=\"og:type\" content=\"article\" \/>\n<meta property=\"og:title\" content=\"Allgeier SE: Forecast 2018 und Prognose 2019 - Allgeier SE\" \/>\n<meta property=\"og:description\" content=\"ALLGEIER SE \/ Schlagwort(e): Prognose\/Planzahlen Allgeier SE: Forecast 2018 und Prognose 2019 11.12.2018 \/ 19:15 CET\/CEST Ver\u00f6ffentlichung einer Insiderinformationen nach Artikel 17 der Verordnung (EU) Nr. 596\/2014, \u00fcbermittelt durch DGAP - ein Service der EQS Group AG. F\u00fcr den Inhalt der Mitteilung\" \/>\n<meta property=\"og:url\" content=\"https:\/\/www.allgeier.com\/de\/investor-relations\/adhoc-announcements\/allgeier-se-forecast-2018-und-prognose-2019\/\" \/>\n<meta property=\"og:site_name\" content=\"Allgeier SE\" \/>\n<meta property=\"article:modified_time\" content=\"2023-01-22T17:10:00+00:00\" \/>\n<meta name=\"twitter:card\" content=\"summary_large_image\" \/>\n<meta name=\"twitter:label1\" content=\"Gesch\u00e4tzte Lesezeit\" \/>\n\t<meta name=\"twitter:data1\" content=\"4\u00a0Minuten\" \/>\n<script type=\"application\/ld+json\" class=\"yoast-schema-graph\">{\"@context\":\"https:\\\/\\\/schema.org\",\"@graph\":[{\"@type\":\"WebPage\",\"@id\":\"https:\\\/\\\/www.allgeier.com\\\/de\\\/investor-relations\\\/adhoc-announcements\\\/allgeier-se-forecast-2018-und-prognose-2019\\\/\",\"url\":\"https:\\\/\\\/www.allgeier.com\\\/de\\\/investor-relations\\\/adhoc-announcements\\\/allgeier-se-forecast-2018-und-prognose-2019\\\/\",\"name\":\"Allgeier SE: Forecast 2018 und Prognose 2019 - Allgeier SE\",\"isPartOf\":{\"@id\":\"https:\\\/\\\/www.allgeier.com\\\/de\\\/#website\"},\"datePublished\":\"2018-12-11T18:15:02+00:00\",\"dateModified\":\"2023-01-22T17:10:00+00:00\",\"breadcrumb\":{\"@id\":\"https:\\\/\\\/www.allgeier.com\\\/de\\\/investor-relations\\\/adhoc-announcements\\\/allgeier-se-forecast-2018-und-prognose-2019\\\/#breadcrumb\"},\"inLanguage\":\"de\",\"potentialAction\":[{\"@type\":\"ReadAction\",\"target\":[\"https:\\\/\\\/www.allgeier.com\\\/de\\\/investor-relations\\\/adhoc-announcements\\\/allgeier-se-forecast-2018-und-prognose-2019\\\/\"]}]},{\"@type\":\"BreadcrumbList\",\"@id\":\"https:\\\/\\\/www.allgeier.com\\\/de\\\/investor-relations\\\/adhoc-announcements\\\/allgeier-se-forecast-2018-und-prognose-2019\\\/#breadcrumb\",\"itemListElement\":[{\"@type\":\"ListItem\",\"position\":1,\"name\":\"Home\",\"item\":\"https:\\\/\\\/www.allgeier.com\\\/de\\\/\"},{\"@type\":\"ListItem\",\"position\":2,\"name\":\"Investor Relations\",\"item\":\"https:\\\/\\\/www.allgeier.com\\\/de\\\/investor-relations\\\/\"},{\"@type\":\"ListItem\",\"position\":3,\"name\":\"Ad hoc-Mitteilungen\",\"item\":\"https:\\\/\\\/www.allgeier.com\\\/de\\\/investor-relations\\\/adhoc-announcements\\\/\"},{\"@type\":\"ListItem\",\"position\":4,\"name\":\"Allgeier SE: Forecast 2018 und Prognose 2019\"}]},{\"@type\":\"WebSite\",\"@id\":\"https:\\\/\\\/www.allgeier.com\\\/de\\\/#website\",\"url\":\"https:\\\/\\\/www.allgeier.com\\\/de\\\/\",\"name\":\"Allgeier SE\",\"description\":\"Software &amp; IT Services for digital transformation\",\"potentialAction\":[{\"@type\":\"SearchAction\",\"target\":{\"@type\":\"EntryPoint\",\"urlTemplate\":\"https:\\\/\\\/www.allgeier.com\\\/de\\\/?s={search_term_string}\"},\"query-input\":{\"@type\":\"PropertyValueSpecification\",\"valueRequired\":true,\"valueName\":\"search_term_string\"}}],\"inLanguage\":\"de\"}]}<\/script>\n<!-- \/ Yoast SEO plugin. -->","yoast_head_json":{"title":"Allgeier SE: Forecast 2018 und Prognose 2019 - Allgeier SE","robots":{"index":"index","follow":"follow","max-snippet":"max-snippet:-1","max-image-preview":"max-image-preview:large","max-video-preview":"max-video-preview:-1"},"canonical":"https:\/\/www.allgeier.com\/de\/investor-relations\/adhoc-announcements\/allgeier-se-forecast-2018-und-prognose-2019\/","og_locale":"de_DE","og_type":"article","og_title":"Allgeier SE: Forecast 2018 und Prognose 2019 - Allgeier SE","og_description":"ALLGEIER SE \/ Schlagwort(e): Prognose\/Planzahlen Allgeier SE: Forecast 2018 und Prognose 2019 11.12.2018 \/ 19:15 CET\/CEST Ver\u00f6ffentlichung einer Insiderinformationen nach Artikel 17 der Verordnung (EU) Nr. 596\/2014, \u00fcbermittelt durch DGAP - ein Service der EQS Group AG. F\u00fcr den Inhalt der Mitteilung","og_url":"https:\/\/www.allgeier.com\/de\/investor-relations\/adhoc-announcements\/allgeier-se-forecast-2018-und-prognose-2019\/","og_site_name":"Allgeier SE","article_modified_time":"2023-01-22T17:10:00+00:00","twitter_card":"summary_large_image","twitter_misc":{"Gesch\u00e4tzte Lesezeit":"4\u00a0Minuten"},"schema":{"@context":"https:\/\/schema.org","@graph":[{"@type":"WebPage","@id":"https:\/\/www.allgeier.com\/de\/investor-relations\/adhoc-announcements\/allgeier-se-forecast-2018-und-prognose-2019\/","url":"https:\/\/www.allgeier.com\/de\/investor-relations\/adhoc-announcements\/allgeier-se-forecast-2018-und-prognose-2019\/","name":"Allgeier SE: Forecast 2018 und Prognose 2019 - Allgeier SE","isPartOf":{"@id":"https:\/\/www.allgeier.com\/de\/#website"},"datePublished":"2018-12-11T18:15:02+00:00","dateModified":"2023-01-22T17:10:00+00:00","breadcrumb":{"@id":"https:\/\/www.allgeier.com\/de\/investor-relations\/adhoc-announcements\/allgeier-se-forecast-2018-und-prognose-2019\/#breadcrumb"},"inLanguage":"de","potentialAction":[{"@type":"ReadAction","target":["https:\/\/www.allgeier.com\/de\/investor-relations\/adhoc-announcements\/allgeier-se-forecast-2018-und-prognose-2019\/"]}]},{"@type":"BreadcrumbList","@id":"https:\/\/www.allgeier.com\/de\/investor-relations\/adhoc-announcements\/allgeier-se-forecast-2018-und-prognose-2019\/#breadcrumb","itemListElement":[{"@type":"ListItem","position":1,"name":"Home","item":"https:\/\/www.allgeier.com\/de\/"},{"@type":"ListItem","position":2,"name":"Investor Relations","item":"https:\/\/www.allgeier.com\/de\/investor-relations\/"},{"@type":"ListItem","position":3,"name":"Ad hoc-Mitteilungen","item":"https:\/\/www.allgeier.com\/de\/investor-relations\/adhoc-announcements\/"},{"@type":"ListItem","position":4,"name":"Allgeier SE: Forecast 2018 und Prognose 2019"}]},{"@type":"WebSite","@id":"https:\/\/www.allgeier.com\/de\/#website","url":"https:\/\/www.allgeier.com\/de\/","name":"Allgeier SE","description":"Software &amp; IT Services for digital transformation","potentialAction":[{"@type":"SearchAction","target":{"@type":"EntryPoint","urlTemplate":"https:\/\/www.allgeier.com\/de\/?s={search_term_string}"},"query-input":{"@type":"PropertyValueSpecification","valueRequired":true,"valueName":"search_term_string"}}],"inLanguage":"de"}]}},"_links":{"self":[{"href":"https:\/\/www.allgeier.com\/de\/wp-json\/wp\/v2\/pages\/5434","targetHints":{"allow":["GET"]}}],"collection":[{"href":"https:\/\/www.allgeier.com\/de\/wp-json\/wp\/v2\/pages"}],"about":[{"href":"https:\/\/www.allgeier.com\/de\/wp-json\/wp\/v2\/types\/page"}],"author":[{"embeddable":true,"href":"https:\/\/www.allgeier.com\/de\/wp-json\/wp\/v2\/users\/4"}],"replies":[{"embeddable":true,"href":"https:\/\/www.allgeier.com\/de\/wp-json\/wp\/v2\/comments?post=5434"}],"version-history":[{"count":1,"href":"https:\/\/www.allgeier.com\/de\/wp-json\/wp\/v2\/pages\/5434\/revisions"}],"predecessor-version":[{"id":5435,"href":"https:\/\/www.allgeier.com\/de\/wp-json\/wp\/v2\/pages\/5434\/revisions\/5435"}],"up":[{"embeddable":true,"href":"https:\/\/www.allgeier.com\/de\/wp-json\/wp\/v2\/pages\/1155"}],"wp:attachment":[{"href":"https:\/\/www.allgeier.com\/de\/wp-json\/wp\/v2\/media?parent=5434"}],"wp:term":[{"taxonomy":"category","embeddable":true,"href":"https:\/\/www.allgeier.com\/de\/wp-json\/wp\/v2\/categories?post=5434"},{"taxonomy":"post_tag","embeddable":true,"href":"https:\/\/www.allgeier.com\/de\/wp-json\/wp\/v2\/tags?post=5434"}],"curies":[{"name":"wp","href":"https:\/\/api.w.org\/{rel}","templated":true}]}}