{"id":5442,"date":"2018-07-20T08:53:47","date_gmt":"2018-07-20T08:53:47","guid":{"rendered":"https:\/\/www.allgeier.com\/de\/?page_id=5442"},"modified":"2023-01-22T17:10:00","modified_gmt":"2023-01-22T17:10:00","slug":"allgeier-se-allgeier-erzielt-im-ersten-halbjahr-2018-deutliches-umsatz-und-ergebniswachstum","status":"publish","type":"page","link":"https:\/\/www.allgeier.com\/de\/investor-relations\/adhoc-announcements\/allgeier-se-allgeier-erzielt-im-ersten-halbjahr-2018-deutliches-umsatz-und-ergebniswachstum\/","title":{"rendered":"Allgeier SE: Allgeier erzielt im ersten Halbjahr 2018 deutliches Umsatz- und Ergebniswachstum"},"content":{"rendered":"<table class=\"news_layout style2015\" border=\"0\" cellpadding=\"0\" cellspacing=\"0\">\n<tr>\n<td>\n<p class=\"news_top\">ALLGEIER SE \/ Schlagwort(e): Halbjahresergebnis<br \/>Allgeier SE: Allgeier erzielt im ersten Halbjahr 2018 deutliches Umsatz- und Ergebniswachstum <\/p>\n<p><span class=\"news_top_date\">20.07.2018 \/ 10:53 CET\/CEST<\/span><br \/>Ver\u00f6ffentlichung einer Insiderinformationen nach Artikel 17 der Verordnung (EU) Nr. 596\/2014, \u00fcbermittelt durch DGAP &#8211; ein Service der EQS Group AG.<br \/>F\u00fcr den Inhalt der Mitteilung ist der Emittent \/ Herausgeber verantwortlich.<\/p>\n<hr \/>\n<div class=\"break-word news_main\">\n<p><i>M\u00fcnchen, 20. Juli 2018 &#8211;<\/i> Allgeier SE (ISIN DE000A2GS633, WKN A2GS63) erzielt im ersten Halbjahr 2018 (01. Januar 2018 &#8211; 30. Juni 2018) gem\u00e4\u00df vorl\u00e4ufiger Zahlen im fortgef\u00fchrten Gesch\u00e4ft ein anhaltendes Wachstum im Umsatz und ein deutliches Ergebniswachstum entsprechend der Planung f\u00fcr 2018.<br \/>\u00a0<\/p>\n<p>Gesch\u00e4ftsentwicklung im zweiten Quartal 2018<br \/>\u00a0<\/p>\n<p>Im zweiten Quartal 2018 (01. April 2018 &#8211; 30. Juni 2018) verzeichnete der Konzern im fortgef\u00fchrten Gesch\u00e4ft einen Anstieg des Umsatzes gegen\u00fcber dem Vergleichszeitraum des Vorjahres um 23 Prozent auf 173 Mio. Euro (Vorjahr: 141 Mio. Euro). Das vorl\u00e4ufige bereinigte Konzern-EBITDA (EBITDA vor Effekten, die betriebswirtschaftlich als au\u00dferordentlich oder periodenfremd qualifiziert werden) im fortgef\u00fchrten Gesch\u00e4ft lag mit 12,4 Mio. Euro um 160 Prozent \u00fcber dem Vorjahresergebnis (Vorjahr: 4,8 Mio. Euro). Die Ergebnissteigerung entspricht dabei den vom Konzern ge\u00e4u\u00dferten Prognoseerwartungen f\u00fcr das laufende Jahr. Das vorl\u00e4ufige Konzern-EBITDA des zweiten Quartals betrug im fortgef\u00fchrten Gesch\u00e4ft 9,3 Mio. Euro (Vorjahr: 4,7 Mio. Euro), entsprechend einer Steigerung um 99 Prozent gegen\u00fcber der Vorjahresperiode. Das vorl\u00e4ufige Konzern-EBIT (Ergebnis vor Zinsen und Steuern) des fortgef\u00fchrten Gesch\u00e4fts betrug im selben Zeitraum auf 6,3 Mio. Euro (Vorjahr: 1,4 Mio. Euro).<br \/>\u00a0<\/p>\n<p>Gesch\u00e4ftsentwicklung im ersten Halbjahr 2018<br \/>\u00a0<\/p>\n<p>In Summe stieg der vorl\u00e4ufige Konzernzumsatz des fortgef\u00fchrten Gesch\u00e4fts im ersten Halbjahr 2018 gegen\u00fcber den ersten sechs Monaten des Jahres 2017 um 20 Prozent auf 328 Mio. Euro (Vorjahr: 274 Mio. Euro). Das vorl\u00e4ufige bereinigte Konzern-EBITDA der Periode betrug im fortgef\u00fchrten Gesch\u00e4ft 20,0 Mio. Euro (Vorjahr: 9,3 Mio. Euro), entsprechend einer Steigerung um 114 Prozent gegen\u00fcber dem Vergleichszeitraum des Vorjahres. Das vorl\u00e4ufige Konzern-EBITDA des fortgef\u00fchrten Gesch\u00e4fts wuchs um 61 Prozent auf 16,0 Mio. Euro (Vorjahr: 10,0 Mio. Euro). Das vorl\u00e4ufige Konzern-EBIT des fortgef\u00fchrten Gesch\u00e4fts betrug 10,1 Mio. Euro (Vorjahr: 3,8 Mio. Euro).<\/p>\n<p>Zus\u00e4tzlich erzielte der Konzern einen Gewinn von insgesamt ca. 2,0 Mio. Euro aus der Ende M\u00e4rz 2018 erfolgten Ver\u00e4u\u00dferung der Allgeier Medical IT GmbH, Freiburg. Die Allgeier Medical IT GmbH erzielte im ersten Quartal 2018 eine Gesamtleistung von 0,7 Mio. Euro und ein EBITDA von 39 Tsd. Euro, die im aufgegebenen Gesch\u00e4ft ausgewiesen werden.<\/p>\n<p>Im Juni 2018 hat Allgeier einen Kaufvertrag zum Erwerb von 100 Prozent der Gesch\u00e4ftsanteile der Objectiva Software Solutions, Inc. mit Sitz in San Diego, Kalifornien, USA, unterzeichnet. Die Konsolidierung der Gesellschaft in den Konzern wird voraussichtlich im Juli 2018 erfolgen.<br \/>\u00a0<\/p>\n<p>Eckdaten der Bilanz zum 30. Juni 2018<br \/>\u00a0<\/p>\n<p>Das vorl\u00e4ufige Konzerneigenkapital betrug zum Bilanzstichtag 30. Juni 2018 130 Mio. Euro (31. Dezember 2017: 122,8 Mio. Euro). Dem Allgeier Konzern standen zum Ende des zweiten Quartals 2018 gem\u00e4\u00df vorl\u00e4ufiger Zahlen liquide Mittel in H\u00f6he von 70 Mio. Euro zur Verf\u00fcgung (31. Dezember 2017: 53,0 Mio. Euro). Die Finanzschulden stiegen zum Stichtag 30. Juni 2018 gem\u00e4\u00df vorl\u00e4ufiger Zahlen auf 140 Mio. Euro (31. Dezember 2017: 108,8 Mio. Euro) &#8211; darunter 120,5 Mio. Euro langfristige Finanzschulden (31. Dezember 2017: 95,4 Mio. Euro).<br \/>Die vorl\u00e4ufige Bilanzsumme betrug zum Ende des zweiten Quartals 2018 387 Mio. Euro (31. Dezember 2017: 337,9 Mio. Euro).<br \/>\u00a0<\/p>\n<p>Ausblick auf die zweite Jahresh\u00e4lfte 2018<br \/>\u00a0<\/p>\n<p>Der Vorstand erwartet f\u00fcr die zweite Jahresh\u00e4lfte 2018 gem\u00e4\u00df derzeitiger Planung anhaltendes Wachstum in Umsatz und Ergebnis. Der Umsatz im fortgef\u00fchrten Gesch\u00e4ft soll einschlie\u00dflich der Konsolidierung der Objectiva Software Solutions ab Juli 2018 gem\u00e4\u00df der Konzernplanung in den zweiten sechs Monaten 2018 in einer Gr\u00f6\u00dfenordnung von 25 bis 30 Prozent gegen\u00fcber dem Vergleichszeitraum des Vorjahres steigen.<\/p>\n<p>Alle genannten IFRS-Zahlen sind vorl\u00e4ufig. Alle Angaben zum Vorjahr beziehen sich auf das fortgef\u00fchrte Gesch\u00e4ft. Der Halbjahresfinanzbericht 2018 der Allgeier SE wird am 30. August 2018 ver\u00f6ffentlicht und ist dann unter www.allgeier.com einzusehen.<br \/>\u00a0<\/p>\n<p>Kontakt:<\/p>\n<p>Allgeier SE<br \/>Corporate Communications &amp; Investor Relations<br \/>Dr. Christopher Gro\u00dfe<br \/>Wehrlestra\u00dfe 12<br \/>81679 M\u00fcnchen<br \/>Tel.: +49 (0)89\/998421-0<br \/>Fax: +49 (0)89\/998421-11<br \/>E-Mail: ir@allgeier.com<br \/>Web: www.allgeier.com<\/p>\n<p>Allgeier SE ist eines der f\u00fchrenden IT-Unternehmen f\u00fcr digitale Transformation: Mit einer auf Innovationen und Zukunftstrends ausgerichteten Wachstumsstrategie sowie einem integrativen unternehmerischen Modell ergreift Allgeier die Chancen der Digitalisierung. Vier Segmente mit individuellen fachlichen und branchenbezogenen Schwerpunkten arbeiten gemeinsam f\u00fcr rund 3.000 Kunden aus nahezu allen Branchen. Mit rund 8.000 angestellten Mitarbeitern und mehr als 1.400 freiberuflichen Experten bietet Allgeier den Kunden als One-Stop-Shop ein umfassendes L\u00f6sungs- und Leistungsportfolio. Allgeier bildet mit einem hochflexiblen Delivery-Modell das komplette IT-Leistungsspektrum von Onsite \u00fcber Nearshore bis hin zu Offshore ab: Mit starken Standbeinen in Indien und China werden Flexibilit\u00e4t und h\u00f6chste Skalierbarkeit der Leistungen sowie hochqualifiziertes Expertenwissen in der High-End-Softwareentwicklung sichergestellt. Zu den Kunden von Allgeier z\u00e4hlen global arbeitende Konzerne genauso wie innovative mittelst\u00e4ndische Betriebe, die sich durch leistungsstarke IT-L\u00f6sungen, intelligente Software und flexible Personaldienstleistungen strategische Vorteile sichern wollen. Die stark wachsende Gruppe mit Hauptsitz in M\u00fcnchen verf\u00fcgt \u00fcber mehr als 120 Niederlassungen in der DACH-Region, zehn weiteren europ\u00e4ischen L\u00e4ndern sowie in Indien, China, Singapur, Vietnam, Malaysia, Japan, S\u00fcdafrika, Australien, Mexiko und den USA. Im Gesch\u00e4ftsjahr 2017 erzielte Allgeier im fortgef\u00fchrten Gesch\u00e4ft einen Konzernumsatz von 574 Mio. Euro. Die Gesellschaft ist am Regulierten Markt der Frankfurter Wertpapierb\u00f6rse im General Standard gelistet (WKN A2GS63, ISIN DE000A2GS633). Allgeier SE z\u00e4hlt gem\u00e4\u00df L\u00fcnendonk(R)-Liste 2018 zu den zehn f\u00fchrenden IT-Beratungs- und Systemintegrations-Unternehmen in Deutschland. In der L\u00fcnendonk(R)-Sonderanalyse 2017 &#8222;F\u00fchrende deutsche mittelst\u00e4ndische IT-Beratungs- und Systemintegrations-Unternehmen&#8220; belegt Allgeier den ersten Platz. Allgeier Experts ist nach L\u00fcnendonk(R)-Marktsegmentstudie 2017 &#8222;Der Markt f\u00fcr Rekrutierung, Vermittlung und Steuerung von IT-Freelancern in Deutschland&#8220; unter den TOP 3 IT-Personaldienstleistern in Deutschland. Allgeier SE ist am Regulierten Markt der Frankfurter Wertpapierb\u00f6rse im General Standard gelistet (WKN A2GS63, ISIN DE000A2GS633). Weitere Informationen unter: www.allgeier.com.<\/p>\n<p>\u00a0<\/p><\/div>\n<hr \/>\n<hr \/>\n<\/td>\n<\/tr>\n<\/table>\n<p><\/p>\n<div class=\"\">\n<p class=\"\">\n<\/div>\n","protected":false},"excerpt":{"rendered":"<p>ALLGEIER SE \/ Schlagwort(e): Halbjahresergebnis Allgeier SE: Allgeier erzielt im ersten Halbjahr 2018 deutliches Umsatz- und Ergebniswachstum  20.07.2018 \/ 10:53 CET\/CEST Ver\u00f6ffentlichung einer Insiderinformationen nach Artikel 17 der Verordnung (EU) Nr. 596\/2014, \u00fcbermittelt durch DGAP &#8211; ein Service<\/p>\n","protected":false},"author":4,"featured_media":0,"parent":1155,"menu_order":0,"comment_status":"close","ping_status":"closed","template":"","meta":{"_acf_changed":false,"footnotes":""},"categories":[],"tags":[],"class_list":["post-5442","page","type-page","status-publish","hentry"],"acf":[],"yoast_head":"<!-- This site is optimized with the Yoast SEO plugin v27.4 - https:\/\/yoast.com\/product\/yoast-seo-wordpress\/ -->\n<title>Allgeier SE: Allgeier erzielt im ersten Halbjahr 2018 deutliches Umsatz- und Ergebniswachstum - Allgeier SE<\/title>\n<meta name=\"robots\" content=\"index, follow, max-snippet:-1, max-image-preview:large, max-video-preview:-1\" \/>\n<link rel=\"canonical\" href=\"https:\/\/www.allgeier.com\/de\/investor-relations\/adhoc-announcements\/allgeier-se-allgeier-erzielt-im-ersten-halbjahr-2018-deutliches-umsatz-und-ergebniswachstum\/\" \/>\n<meta property=\"og:locale\" content=\"de_DE\" \/>\n<meta property=\"og:type\" content=\"article\" \/>\n<meta property=\"og:title\" content=\"Allgeier SE: Allgeier erzielt im ersten Halbjahr 2018 deutliches Umsatz- und Ergebniswachstum - Allgeier SE\" \/>\n<meta property=\"og:description\" content=\"ALLGEIER SE \/ Schlagwort(e): Halbjahresergebnis Allgeier SE: Allgeier erzielt im ersten Halbjahr 2018 deutliches Umsatz- und Ergebniswachstum 20.07.2018 \/ 10:53 CET\/CEST Ver\u00f6ffentlichung einer Insiderinformationen nach Artikel 17 der Verordnung (EU) Nr. 596\/2014, \u00fcbermittelt durch DGAP - ein Service\" \/>\n<meta property=\"og:url\" content=\"https:\/\/www.allgeier.com\/de\/investor-relations\/adhoc-announcements\/allgeier-se-allgeier-erzielt-im-ersten-halbjahr-2018-deutliches-umsatz-und-ergebniswachstum\/\" \/>\n<meta property=\"og:site_name\" content=\"Allgeier SE\" \/>\n<meta property=\"article:modified_time\" content=\"2023-01-22T17:10:00+00:00\" \/>\n<meta name=\"twitter:card\" content=\"summary_large_image\" \/>\n<meta name=\"twitter:label1\" content=\"Gesch\u00e4tzte Lesezeit\" \/>\n\t<meta name=\"twitter:data1\" content=\"5\u00a0Minuten\" \/>\n<script type=\"application\/ld+json\" class=\"yoast-schema-graph\">{\"@context\":\"https:\\\/\\\/schema.org\",\"@graph\":[{\"@type\":\"WebPage\",\"@id\":\"https:\\\/\\\/www.allgeier.com\\\/de\\\/investor-relations\\\/adhoc-announcements\\\/allgeier-se-allgeier-erzielt-im-ersten-halbjahr-2018-deutliches-umsatz-und-ergebniswachstum\\\/\",\"url\":\"https:\\\/\\\/www.allgeier.com\\\/de\\\/investor-relations\\\/adhoc-announcements\\\/allgeier-se-allgeier-erzielt-im-ersten-halbjahr-2018-deutliches-umsatz-und-ergebniswachstum\\\/\",\"name\":\"Allgeier SE: Allgeier erzielt im ersten Halbjahr 2018 deutliches Umsatz- und Ergebniswachstum - Allgeier SE\",\"isPartOf\":{\"@id\":\"https:\\\/\\\/www.allgeier.com\\\/de\\\/#website\"},\"datePublished\":\"2018-07-20T08:53:47+00:00\",\"dateModified\":\"2023-01-22T17:10:00+00:00\",\"breadcrumb\":{\"@id\":\"https:\\\/\\\/www.allgeier.com\\\/de\\\/investor-relations\\\/adhoc-announcements\\\/allgeier-se-allgeier-erzielt-im-ersten-halbjahr-2018-deutliches-umsatz-und-ergebniswachstum\\\/#breadcrumb\"},\"inLanguage\":\"de\",\"potentialAction\":[{\"@type\":\"ReadAction\",\"target\":[\"https:\\\/\\\/www.allgeier.com\\\/de\\\/investor-relations\\\/adhoc-announcements\\\/allgeier-se-allgeier-erzielt-im-ersten-halbjahr-2018-deutliches-umsatz-und-ergebniswachstum\\\/\"]}]},{\"@type\":\"BreadcrumbList\",\"@id\":\"https:\\\/\\\/www.allgeier.com\\\/de\\\/investor-relations\\\/adhoc-announcements\\\/allgeier-se-allgeier-erzielt-im-ersten-halbjahr-2018-deutliches-umsatz-und-ergebniswachstum\\\/#breadcrumb\",\"itemListElement\":[{\"@type\":\"ListItem\",\"position\":1,\"name\":\"Home\",\"item\":\"https:\\\/\\\/www.allgeier.com\\\/de\\\/\"},{\"@type\":\"ListItem\",\"position\":2,\"name\":\"Investor Relations\",\"item\":\"https:\\\/\\\/www.allgeier.com\\\/de\\\/investor-relations\\\/\"},{\"@type\":\"ListItem\",\"position\":3,\"name\":\"Ad hoc-Mitteilungen\",\"item\":\"https:\\\/\\\/www.allgeier.com\\\/de\\\/investor-relations\\\/adhoc-announcements\\\/\"},{\"@type\":\"ListItem\",\"position\":4,\"name\":\"Allgeier SE: Allgeier erzielt im ersten Halbjahr 2018 deutliches Umsatz- und Ergebniswachstum\"}]},{\"@type\":\"WebSite\",\"@id\":\"https:\\\/\\\/www.allgeier.com\\\/de\\\/#website\",\"url\":\"https:\\\/\\\/www.allgeier.com\\\/de\\\/\",\"name\":\"Allgeier SE\",\"description\":\"Software &amp; IT Services for digital transformation\",\"potentialAction\":[{\"@type\":\"SearchAction\",\"target\":{\"@type\":\"EntryPoint\",\"urlTemplate\":\"https:\\\/\\\/www.allgeier.com\\\/de\\\/?s={search_term_string}\"},\"query-input\":{\"@type\":\"PropertyValueSpecification\",\"valueRequired\":true,\"valueName\":\"search_term_string\"}}],\"inLanguage\":\"de\"}]}<\/script>\n<!-- \/ Yoast SEO plugin. -->","yoast_head_json":{"title":"Allgeier SE: Allgeier erzielt im ersten Halbjahr 2018 deutliches Umsatz- und Ergebniswachstum - Allgeier SE","robots":{"index":"index","follow":"follow","max-snippet":"max-snippet:-1","max-image-preview":"max-image-preview:large","max-video-preview":"max-video-preview:-1"},"canonical":"https:\/\/www.allgeier.com\/de\/investor-relations\/adhoc-announcements\/allgeier-se-allgeier-erzielt-im-ersten-halbjahr-2018-deutliches-umsatz-und-ergebniswachstum\/","og_locale":"de_DE","og_type":"article","og_title":"Allgeier SE: Allgeier erzielt im ersten Halbjahr 2018 deutliches Umsatz- und Ergebniswachstum - Allgeier SE","og_description":"ALLGEIER SE \/ Schlagwort(e): Halbjahresergebnis Allgeier SE: Allgeier erzielt im ersten Halbjahr 2018 deutliches Umsatz- und Ergebniswachstum 20.07.2018 \/ 10:53 CET\/CEST Ver\u00f6ffentlichung einer Insiderinformationen nach Artikel 17 der Verordnung (EU) Nr. 596\/2014, \u00fcbermittelt durch DGAP - ein Service","og_url":"https:\/\/www.allgeier.com\/de\/investor-relations\/adhoc-announcements\/allgeier-se-allgeier-erzielt-im-ersten-halbjahr-2018-deutliches-umsatz-und-ergebniswachstum\/","og_site_name":"Allgeier SE","article_modified_time":"2023-01-22T17:10:00+00:00","twitter_card":"summary_large_image","twitter_misc":{"Gesch\u00e4tzte Lesezeit":"5\u00a0Minuten"},"schema":{"@context":"https:\/\/schema.org","@graph":[{"@type":"WebPage","@id":"https:\/\/www.allgeier.com\/de\/investor-relations\/adhoc-announcements\/allgeier-se-allgeier-erzielt-im-ersten-halbjahr-2018-deutliches-umsatz-und-ergebniswachstum\/","url":"https:\/\/www.allgeier.com\/de\/investor-relations\/adhoc-announcements\/allgeier-se-allgeier-erzielt-im-ersten-halbjahr-2018-deutliches-umsatz-und-ergebniswachstum\/","name":"Allgeier SE: Allgeier erzielt im ersten Halbjahr 2018 deutliches Umsatz- und Ergebniswachstum - Allgeier SE","isPartOf":{"@id":"https:\/\/www.allgeier.com\/de\/#website"},"datePublished":"2018-07-20T08:53:47+00:00","dateModified":"2023-01-22T17:10:00+00:00","breadcrumb":{"@id":"https:\/\/www.allgeier.com\/de\/investor-relations\/adhoc-announcements\/allgeier-se-allgeier-erzielt-im-ersten-halbjahr-2018-deutliches-umsatz-und-ergebniswachstum\/#breadcrumb"},"inLanguage":"de","potentialAction":[{"@type":"ReadAction","target":["https:\/\/www.allgeier.com\/de\/investor-relations\/adhoc-announcements\/allgeier-se-allgeier-erzielt-im-ersten-halbjahr-2018-deutliches-umsatz-und-ergebniswachstum\/"]}]},{"@type":"BreadcrumbList","@id":"https:\/\/www.allgeier.com\/de\/investor-relations\/adhoc-announcements\/allgeier-se-allgeier-erzielt-im-ersten-halbjahr-2018-deutliches-umsatz-und-ergebniswachstum\/#breadcrumb","itemListElement":[{"@type":"ListItem","position":1,"name":"Home","item":"https:\/\/www.allgeier.com\/de\/"},{"@type":"ListItem","position":2,"name":"Investor Relations","item":"https:\/\/www.allgeier.com\/de\/investor-relations\/"},{"@type":"ListItem","position":3,"name":"Ad hoc-Mitteilungen","item":"https:\/\/www.allgeier.com\/de\/investor-relations\/adhoc-announcements\/"},{"@type":"ListItem","position":4,"name":"Allgeier SE: Allgeier erzielt im ersten Halbjahr 2018 deutliches Umsatz- und Ergebniswachstum"}]},{"@type":"WebSite","@id":"https:\/\/www.allgeier.com\/de\/#website","url":"https:\/\/www.allgeier.com\/de\/","name":"Allgeier SE","description":"Software &amp; IT Services for digital transformation","potentialAction":[{"@type":"SearchAction","target":{"@type":"EntryPoint","urlTemplate":"https:\/\/www.allgeier.com\/de\/?s={search_term_string}"},"query-input":{"@type":"PropertyValueSpecification","valueRequired":true,"valueName":"search_term_string"}}],"inLanguage":"de"}]}},"_links":{"self":[{"href":"https:\/\/www.allgeier.com\/de\/wp-json\/wp\/v2\/pages\/5442","targetHints":{"allow":["GET"]}}],"collection":[{"href":"https:\/\/www.allgeier.com\/de\/wp-json\/wp\/v2\/pages"}],"about":[{"href":"https:\/\/www.allgeier.com\/de\/wp-json\/wp\/v2\/types\/page"}],"author":[{"embeddable":true,"href":"https:\/\/www.allgeier.com\/de\/wp-json\/wp\/v2\/users\/4"}],"replies":[{"embeddable":true,"href":"https:\/\/www.allgeier.com\/de\/wp-json\/wp\/v2\/comments?post=5442"}],"version-history":[{"count":1,"href":"https:\/\/www.allgeier.com\/de\/wp-json\/wp\/v2\/pages\/5442\/revisions"}],"predecessor-version":[{"id":5443,"href":"https:\/\/www.allgeier.com\/de\/wp-json\/wp\/v2\/pages\/5442\/revisions\/5443"}],"up":[{"embeddable":true,"href":"https:\/\/www.allgeier.com\/de\/wp-json\/wp\/v2\/pages\/1155"}],"wp:attachment":[{"href":"https:\/\/www.allgeier.com\/de\/wp-json\/wp\/v2\/media?parent=5442"}],"wp:term":[{"taxonomy":"category","embeddable":true,"href":"https:\/\/www.allgeier.com\/de\/wp-json\/wp\/v2\/categories?post=5442"},{"taxonomy":"post_tag","embeddable":true,"href":"https:\/\/www.allgeier.com\/de\/wp-json\/wp\/v2\/tags?post=5442"}],"curies":[{"name":"wp","href":"https:\/\/api.w.org\/{rel}","templated":true}]}}