{"id":5444,"date":"2018-07-09T13:44:10","date_gmt":"2018-07-09T13:44:10","guid":{"rendered":"https:\/\/www.allgeier.com\/de\/?page_id=5444"},"modified":"2023-01-22T17:10:00","modified_gmt":"2023-01-22T17:10:00","slug":"allgeier-se-allgeier-setzt-neue-unternehmensstrategie","status":"publish","type":"page","link":"https:\/\/www.allgeier.com\/de\/investor-relations\/adhoc-announcements\/allgeier-se-allgeier-setzt-neue-unternehmensstrategie\/","title":{"rendered":"ALLGEIER SE: Allgeier setzt neue Unternehmensstrategie"},"content":{"rendered":"<table class=\"news_layout style2015\" border=\"0\" cellpadding=\"0\" cellspacing=\"0\">\n<tr>\n<td>\n<p class=\"news_top\">ALLGEIER SE \/ Schlagwort(e): Strategische Unternehmensentscheidung<br \/>ALLGEIER SE: Allgeier setzt neue Unternehmensstrategie<\/p>\n<p><span class=\"news_top_date\">09.07.2018 \/ 15:44 CET\/CEST<\/span><br \/>Ver\u00f6ffentlichung einer Insiderinformationen nach Artikel 17 der Verordnung (EU) Nr. 596\/2014, \u00fcbermittelt durch DGAP &#8211; ein Service der EQS Group AG.<br \/>F\u00fcr den Inhalt der Mitteilung ist der Emittent \/ Herausgeber verantwortlich.<\/p>\n<hr \/>\n<div class=\"break-word news_main\">\n<p><i>M\u00fcnchen, 09. Juli 2018 <\/i>&#8211; Der Vorstand der Allgeier SE (ISIN DE000A2GS633, WKN A2GS63) hat am heutigen Tag \u00fcber die weitere strategische Ausrichtung der Allgeier Gruppe entschieden.<br \/>\u00a0<\/p>\n<p>In fr\u00fcheren Jahren ist Allgeier stark durch Akquisitionen gewachsen und hat ein breites Portfolio verschiedener, unterschiedlich stark integrierter Unternehmen aufgebaut. In den vergangenen Jahren fokussiert Allgeier auf die drei Segmente Experts, Enterprise Services und Technology. W\u00e4hrend die beiden Bereiche Technology und Enterprise Services in den Themen Consulting, Softwareentwicklung und Software-Services st\u00e4rker zusammenwachsen, insbesondere auch durch die aktuellen Themen HANA, Cloud, IoT und Multi Channel Commerce, stellt Allgeier Experts mit dem spezialisierten Personaldienstleistungsgesch\u00e4ft im deutschsprachigem Raum eine deutlich komplement\u00e4re Aktivit\u00e4t mit einem sich unterscheidenden Gesch\u00e4ftsmodell dar. Damit besteht Allgeier heute aus zwei gro\u00dfen Gesch\u00e4ftseinheiten mit deutlich unterschiedlichen Gesch\u00e4ftsmodellen unter dem Dach der b\u00f6rsennotierten Allgeier SE.<br \/>\u00a0<\/p>\n<p>Der Vorstand hat die Entscheidung getroffen, beide Bereiche in den kommenden Jahren gezielter und st\u00e4rker eigenst\u00e4ndig auszubauen:<br \/>\u00a0<\/p>\n<p style=\"margin-left:40px\">&#8211; Das strategische Ziel f\u00fcr die Allgeier SE ist der intensive Ausbau des internationalen Software-Entwicklungs- und -Services-Gesch\u00e4fts, das heute in die Gesch\u00e4ftsbereiche Technology und Enterprise Services gegliedert ist. Ein n\u00e4chster Schritt war zuletzt die Akquisition der Objectiva Software Solutions, Inc., San Diego, USA. Weitere Akquisitionen sind beabsichtigt. Ziel ist es, eine moderne und skalierbare Matrix-Organisation mit sehr flachen Strukturen zu schaffen, die ausgerichtet ist nach M\u00e4rkten\/Geographies, Industry Verticals, Technologien\/Skills.<br \/>\u00a0<\/p>\n<p>Die k\u00fcnftige Integration wird nicht nach Legal Entitys oder F\u00fchrungs-Hierarchien erfolgen, sondern nach einer den Marktanforderungen folgenden modernen Matrix-Struktur.<br \/>\u00a0<\/p>\n<p style=\"margin-left:40px\">&#8211; F\u00fcr Allgeier Experts sieht der Vorstand nach der in den vergangenen beiden Jahren erfolgten Neuausrichtung ebenfalls ein deutliches Wachstumspotenzial. Allgeier Experts beabsichtigt, seine Marktstellung als eines der f\u00fchrenden Personaldienstleistungsunternehmen mit Spezialisierung auf den Technologie-Sektor, IT und Engineering deutlich mit Akquisitionen, dem Eintritt in weitere M\u00e4rkte, dem Ausbau des internationalen Recruitings mit entsprechenden Ausbildungskonzepten sowie neuen softwarebasierten Recruiting-Methoden auszubauen und stark zu expandieren.<br \/>\u00a0<\/p>\n<p>Damit r\u00fcckt auf Sicht eine Zweiteilung in die Bereiche Technology\/Software-Services einerseits und Experts andererseits in den Fokus. Aufgrund der Unterschiedlichkeit der beiden Unternehmenseinheiten sowohl im Gesch\u00e4ftsmodell als auch in Bezug auf ihre Peer Group und Kapitalmarktwahrnehmung k\u00f6nnen unter einem gemeinsamen Dach mit begrenzten Ressourcen weder die vorhandenen Wachstumschancen ausreichend genutzt noch eine faire Kapitalmarkt-Bewertung erzielt werden. F\u00fcr beide Unternehmensteile stellt eine st\u00e4rker eigenst\u00e4ndige Weiterentwicklung den deutlich attraktiveren Weg dar. Das eigene Bild und Standing im Markt kann erheblich gesch\u00e4rft werden. Der Zugang zu Finanzierungsquellen &#8211; sowohl Kapitalmarkt als auch Kreditinstitute oder private Finanzierungsquellen &#8211; soll f\u00fcr beide Einheiten direkt erfolgen k\u00f6nnen. Strategische Entwicklungsoptionen k\u00f6nnen jeweils zielgerichteter beurteilt und entschieden werden.<br \/>\u00a0<\/p>\n<p>Der Vorstand der Allgeier SE hat daher beschlossen, die beiden Unternehmensteile auf einer Zeitschiene der n\u00e4chsten 18 Monate zu trennen und den Bereich Allgeier Experts zu verselbst\u00e4ndigen. Alle M\u00f6glichkeiten werden mit Unterst\u00fctzung entsprechender professioneller Partner gepr\u00fcft. Dies reicht vom IPO einer der beiden Einheiten \u00fcber eine Aufspaltung in zwei selbstst\u00e4ndig gelistete Unternehmen sowie weiteren strategischen Optionen mit Blick auf private Finanzierungsquellen zur Vorbereitung einer eigenen Kapitalmarktf\u00e4higkeit sowie Akquisitionen oder Zusammenschl\u00fcsse zur Erreichung einer attraktiven Gr\u00f6\u00dfe.<br \/>\u00a0<\/p>\n<p>Vor allem soll der Schritt die Dynamik der Weiterentwicklung und die Profilierung im jeweiligen Gesch\u00e4ftsmodell stark erh\u00f6hen. Ziel ist es, mit der Separierung den Aufbau von zwei marktf\u00fchrenden Einheiten jeweils mit deutlicher Beschleunigung und Intensit\u00e4t fortf\u00fchren zu k\u00f6nnen:<br \/>\u00a0<\/p>\n<p style=\"margin-left:40px\">&#8211; Die Allgeier SE fokussiert ihre weitere Entwicklung auf die Bereiche Technology, bestehend aus den Unternehmen Nagarro, mgm technology partners und Objectiva, sowie Enterprise Services, die zusammen mit einem f\u00fcr 2018 geplanten Umsatz von rund 400 Mio. EUR, ca. 6.000 Mitarbeitern sowie Kunden in mehr als 30 L\u00e4ndern an der Schwelle stehen, ein global relevanter Player im Bereich Softwareentwicklung und Zukunftstechnologien zu sein. Dieser Weg soll mit weiteren gezielten Akquisitionen und einer intelligenten Struktur, die sowohl Integration als auch organisches Wachstum und Skalierung beg\u00fcnstigt, beschleunigt werden. Die Peer Group umfasst nach Einsch\u00e4tzung des Vorstands Unternehmen wie Globant, EPAM Systems, GlobalLogic, aber zu einem gewissen Grad auch Global Player wie Accenture, TCS, Infosys oder Cognizant. Im k\u00fcnftigen Wettbewerb wird es in Zeiten des massiven Umbruchs vor allem darauf ankommen, f\u00fcr die Kunden nicht nur qualifizierte Spezialisten, sondern die entscheidenden Ideen und Beitr\u00e4ge f\u00fcr die Neuaufstellung der Gesch\u00e4ftsmodelle der Kunden zu liefern. Hier sieht sich Allgeier bereits jetzt hervorragend aufgestellt.<br \/>\u00a0<\/p>\n<p style=\"margin-left:40px\">&#8211; Allgeier Experts steht nach der erfolgten Neuaufstellung und Abtrennung von der Allgeier SE mit einem durchgehenden Leistungsportfolio und einem f\u00fcr 2018 geplanten Umsatz von mehr als 300 Mio. EUR an der Schwelle, sich von einem der f\u00fchrenden deutschen Personal- und Rekrutierungsdienstleister zu einem st\u00e4rker international agierenden Player zu entwickeln. Dies erfordert weitere Investitionen in grenz\u00fcberschreitende Rekrutierungs- und Ausbildungskonzepte sowie auch die Erschlie\u00dfung neuer M\u00e4rkte durch organische Entwicklung sowie Akquisitionen und strategische Partnerschaften. Die Peer Group umfasst grunds\u00e4tzlich Unternehmen wie Adecco, Randstad\/Gulp, Manpower\/Experis, Recruit, Outsourcing, Technopro, Hays, Amadeus Fire oder Brunel. In einem ersten Schritt werden weitere Akquisitionen und Wachstum im heimischen deutschen Markt angestrebt, um die marktf\u00fchrende Stellung weiter auszubauen und die erzielte Wachstumsdynamik noch zu erh\u00f6hen.<br \/>\u00a0<\/p>\n<p>Die Einzelheiten der k\u00fcnftigen Aufstellung wird der Vorstand mit den jeweiligen Management-Teams erarbeiten. Dabei ist es das Ziel, die gute Zusammenarbeit zwischen beiden Unternehmenseinheiten weiterhin zu pflegen und auszubauen. Der Vorstand ist \u00fcberzeugt, dass sowohl die Allgeier SE als auch der Bereich Experts nach der Auftrennung und Verselbst\u00e4ndigung des Personaldienstleistungsgesch\u00e4fts eine Beschleunigung in ihrer Entwicklung erfahren werden.<br \/>\u00a0<\/p>\n<p>Kontakt:<\/p>\n<p>Allgeier SE<br \/>Corporate Communications &amp; Investor Relations<br \/>Dr. Christopher Gro\u00dfe<br \/>Wehrlestra\u00dfe 12<br \/>81679 M\u00fcnchen<br \/>Tel.: +49 (0)89\/998421-0<br \/>Fax: +49 (0)89\/998421-11<br \/>E-Mail: ir@allgeier.com<br \/>Web: www.allgeier.com<\/p>\n<p>Allgeier SE ist eines der f\u00fchrenden IT-Unternehmen f\u00fcr digitale Transformation: Mit einer auf Innovationen und Zukunftstrends ausgerichteten Wachstumsstrategie sowie einem integrativen unternehmerischen Modell ergreift Allgeier die Chancen der Digitalisierung. Drei Segmente mit individuellen fachlichen und branchenbezogenen Schwerpunkten arbeiten gemeinsam f\u00fcr rund 3.000 Kunden aus nahezu allen Branchen. Mit rund 8.000 angestellten Mitarbeitern und mehr als 1.400 freiberuflichen Experten bietet Allgeier den Kunden als One-Stop-Shop ein umfassendes L\u00f6sungs- und Leistungsportfolio. Allgeier bildet mit einem hochflexiblen Delivery-Modell das komplette IT-Leistungsspektrum von Onsite \u00fcber Nearshore bis hin zu Offshore ab: Mit starken Standbeinen in Indien und China werden Flexibilit\u00e4t und h\u00f6chste Skalierbarkeit der Leistungen sowie hochqualifiziertes Expertenwissen in der High-End-Softwareentwicklung sichergestellt. Zu den Kunden von Allgeier z\u00e4hlen global arbeitende Konzerne genauso wie innovative mittelst\u00e4ndische Betriebe, die sich durch leistungsstarke IT-L\u00f6sungen, intelligente Software und flexible Personaldienstleistungen strategische Vorteile sichern wollen. Die stark wachsende Gruppe mit Hauptsitz in M\u00fcnchen verf\u00fcgt \u00fcber mehr als 120 Niederlassungen in der DACH-Region, zehn weiteren europ\u00e4ischen L\u00e4ndern sowie in Indien, China, Singapur, Vietnam, Malaysia, Japan, S\u00fcdafrika, Australien, Mexiko und den USA. Im Gesch\u00e4ftsjahr 2017 erzielte Allgeier im fortgef\u00fchrten Gesch\u00e4ft einen Konzernumsatz von 574 Mio. Euro. Die Gesellschaft ist am Regulierten Markt der Frankfurter Wertpapierb\u00f6rse im General Standard gelistet (WKN A2GS63, ISIN DE000A2GS633). Allgeier SE belegt in der L\u00fcnendonk(R)-Sonderanalyse 2017 &#8222;F\u00fchrende deutsche mittelst\u00e4ndische IT-Beratungs- und Systemintegrations-Unternehmen&#8220; den ersten Platz. Allgeier Experts ist nach L\u00fcnendonk(R)-Marktsegmentstudie 2017 &#8222;Der Markt f\u00fcr Rekrutierung, Vermittlung und Steuerung von IT-Freelancern in Deutschland&#8220; unter den TOP 3 IT-Personaldienstleistern in Deutschland. Allgeier SE ist am Regulierten Markt der Frankfurter Wertpapierb\u00f6rse im General Standard gelistet (WKN A2GS63, ISIN DE000A2GS633). Weitere Informationen unter: www.allgeier.com.<\/p>\n<p>\u00a0<\/p>\n<\/div>\n<hr \/>\n<hr \/>\n<\/td>\n<\/tr>\n<\/table>\n<p><\/p>\n<div class=\"\">\n<p class=\"\">\n<\/div>\n","protected":false},"excerpt":{"rendered":"<p>ALLGEIER SE \/ Schlagwort(e): Strategische Unternehmensentscheidung ALLGEIER SE: Allgeier setzt neue Unternehmensstrategie 09.07.2018 \/ 15:44 CET\/CEST Ver\u00f6ffentlichung einer Insiderinformationen nach Artikel 17 der Verordnung (EU) Nr. 596\/2014, \u00fcbermittelt durch DGAP &#8211; ein Service der EQS Group AG. F\u00fcr<\/p>\n","protected":false},"author":4,"featured_media":0,"parent":1155,"menu_order":0,"comment_status":"close","ping_status":"closed","template":"","meta":{"_acf_changed":false,"footnotes":""},"categories":[],"tags":[],"class_list":["post-5444","page","type-page","status-publish","hentry"],"acf":[],"yoast_head":"<!-- This site is optimized with the Yoast SEO plugin v27.4 - https:\/\/yoast.com\/product\/yoast-seo-wordpress\/ -->\n<title>ALLGEIER SE: Allgeier setzt neue Unternehmensstrategie - Allgeier SE<\/title>\n<meta name=\"robots\" content=\"index, follow, max-snippet:-1, max-image-preview:large, max-video-preview:-1\" \/>\n<link rel=\"canonical\" href=\"https:\/\/www.allgeier.com\/de\/investor-relations\/adhoc-announcements\/allgeier-se-allgeier-setzt-neue-unternehmensstrategie\/\" \/>\n<meta property=\"og:locale\" content=\"de_DE\" \/>\n<meta property=\"og:type\" content=\"article\" \/>\n<meta property=\"og:title\" content=\"ALLGEIER SE: Allgeier setzt neue Unternehmensstrategie - Allgeier SE\" \/>\n<meta property=\"og:description\" content=\"ALLGEIER SE \/ Schlagwort(e): Strategische Unternehmensentscheidung ALLGEIER SE: Allgeier setzt neue Unternehmensstrategie 09.07.2018 \/ 15:44 CET\/CEST Ver\u00f6ffentlichung einer Insiderinformationen nach Artikel 17 der Verordnung (EU) Nr. 596\/2014, \u00fcbermittelt durch DGAP - ein Service der EQS Group AG. F\u00fcr\" \/>\n<meta property=\"og:url\" content=\"https:\/\/www.allgeier.com\/de\/investor-relations\/adhoc-announcements\/allgeier-se-allgeier-setzt-neue-unternehmensstrategie\/\" \/>\n<meta property=\"og:site_name\" content=\"Allgeier SE\" \/>\n<meta property=\"article:modified_time\" content=\"2023-01-22T17:10:00+00:00\" \/>\n<meta name=\"twitter:card\" content=\"summary_large_image\" \/>\n<meta name=\"twitter:label1\" content=\"Gesch\u00e4tzte Lesezeit\" \/>\n\t<meta name=\"twitter:data1\" content=\"6\u00a0Minuten\" \/>\n<script type=\"application\/ld+json\" class=\"yoast-schema-graph\">{\"@context\":\"https:\\\/\\\/schema.org\",\"@graph\":[{\"@type\":\"WebPage\",\"@id\":\"https:\\\/\\\/www.allgeier.com\\\/de\\\/investor-relations\\\/adhoc-announcements\\\/allgeier-se-allgeier-setzt-neue-unternehmensstrategie\\\/\",\"url\":\"https:\\\/\\\/www.allgeier.com\\\/de\\\/investor-relations\\\/adhoc-announcements\\\/allgeier-se-allgeier-setzt-neue-unternehmensstrategie\\\/\",\"name\":\"ALLGEIER SE: Allgeier setzt neue Unternehmensstrategie - Allgeier SE\",\"isPartOf\":{\"@id\":\"https:\\\/\\\/www.allgeier.com\\\/de\\\/#website\"},\"datePublished\":\"2018-07-09T13:44:10+00:00\",\"dateModified\":\"2023-01-22T17:10:00+00:00\",\"breadcrumb\":{\"@id\":\"https:\\\/\\\/www.allgeier.com\\\/de\\\/investor-relations\\\/adhoc-announcements\\\/allgeier-se-allgeier-setzt-neue-unternehmensstrategie\\\/#breadcrumb\"},\"inLanguage\":\"de\",\"potentialAction\":[{\"@type\":\"ReadAction\",\"target\":[\"https:\\\/\\\/www.allgeier.com\\\/de\\\/investor-relations\\\/adhoc-announcements\\\/allgeier-se-allgeier-setzt-neue-unternehmensstrategie\\\/\"]}]},{\"@type\":\"BreadcrumbList\",\"@id\":\"https:\\\/\\\/www.allgeier.com\\\/de\\\/investor-relations\\\/adhoc-announcements\\\/allgeier-se-allgeier-setzt-neue-unternehmensstrategie\\\/#breadcrumb\",\"itemListElement\":[{\"@type\":\"ListItem\",\"position\":1,\"name\":\"Home\",\"item\":\"https:\\\/\\\/www.allgeier.com\\\/de\\\/\"},{\"@type\":\"ListItem\",\"position\":2,\"name\":\"Investor Relations\",\"item\":\"https:\\\/\\\/www.allgeier.com\\\/de\\\/investor-relations\\\/\"},{\"@type\":\"ListItem\",\"position\":3,\"name\":\"Ad hoc-Mitteilungen\",\"item\":\"https:\\\/\\\/www.allgeier.com\\\/de\\\/investor-relations\\\/adhoc-announcements\\\/\"},{\"@type\":\"ListItem\",\"position\":4,\"name\":\"ALLGEIER SE: Allgeier setzt neue Unternehmensstrategie\"}]},{\"@type\":\"WebSite\",\"@id\":\"https:\\\/\\\/www.allgeier.com\\\/de\\\/#website\",\"url\":\"https:\\\/\\\/www.allgeier.com\\\/de\\\/\",\"name\":\"Allgeier SE\",\"description\":\"Software &amp; IT Services for digital transformation\",\"potentialAction\":[{\"@type\":\"SearchAction\",\"target\":{\"@type\":\"EntryPoint\",\"urlTemplate\":\"https:\\\/\\\/www.allgeier.com\\\/de\\\/?s={search_term_string}\"},\"query-input\":{\"@type\":\"PropertyValueSpecification\",\"valueRequired\":true,\"valueName\":\"search_term_string\"}}],\"inLanguage\":\"de\"}]}<\/script>\n<!-- \/ Yoast SEO plugin. -->","yoast_head_json":{"title":"ALLGEIER SE: Allgeier setzt neue Unternehmensstrategie - Allgeier SE","robots":{"index":"index","follow":"follow","max-snippet":"max-snippet:-1","max-image-preview":"max-image-preview:large","max-video-preview":"max-video-preview:-1"},"canonical":"https:\/\/www.allgeier.com\/de\/investor-relations\/adhoc-announcements\/allgeier-se-allgeier-setzt-neue-unternehmensstrategie\/","og_locale":"de_DE","og_type":"article","og_title":"ALLGEIER SE: Allgeier setzt neue Unternehmensstrategie - Allgeier SE","og_description":"ALLGEIER SE \/ Schlagwort(e): Strategische Unternehmensentscheidung ALLGEIER SE: Allgeier setzt neue Unternehmensstrategie 09.07.2018 \/ 15:44 CET\/CEST Ver\u00f6ffentlichung einer Insiderinformationen nach Artikel 17 der Verordnung (EU) Nr. 596\/2014, \u00fcbermittelt durch DGAP - ein Service der EQS Group AG. F\u00fcr","og_url":"https:\/\/www.allgeier.com\/de\/investor-relations\/adhoc-announcements\/allgeier-se-allgeier-setzt-neue-unternehmensstrategie\/","og_site_name":"Allgeier SE","article_modified_time":"2023-01-22T17:10:00+00:00","twitter_card":"summary_large_image","twitter_misc":{"Gesch\u00e4tzte Lesezeit":"6\u00a0Minuten"},"schema":{"@context":"https:\/\/schema.org","@graph":[{"@type":"WebPage","@id":"https:\/\/www.allgeier.com\/de\/investor-relations\/adhoc-announcements\/allgeier-se-allgeier-setzt-neue-unternehmensstrategie\/","url":"https:\/\/www.allgeier.com\/de\/investor-relations\/adhoc-announcements\/allgeier-se-allgeier-setzt-neue-unternehmensstrategie\/","name":"ALLGEIER SE: Allgeier setzt neue Unternehmensstrategie - Allgeier SE","isPartOf":{"@id":"https:\/\/www.allgeier.com\/de\/#website"},"datePublished":"2018-07-09T13:44:10+00:00","dateModified":"2023-01-22T17:10:00+00:00","breadcrumb":{"@id":"https:\/\/www.allgeier.com\/de\/investor-relations\/adhoc-announcements\/allgeier-se-allgeier-setzt-neue-unternehmensstrategie\/#breadcrumb"},"inLanguage":"de","potentialAction":[{"@type":"ReadAction","target":["https:\/\/www.allgeier.com\/de\/investor-relations\/adhoc-announcements\/allgeier-se-allgeier-setzt-neue-unternehmensstrategie\/"]}]},{"@type":"BreadcrumbList","@id":"https:\/\/www.allgeier.com\/de\/investor-relations\/adhoc-announcements\/allgeier-se-allgeier-setzt-neue-unternehmensstrategie\/#breadcrumb","itemListElement":[{"@type":"ListItem","position":1,"name":"Home","item":"https:\/\/www.allgeier.com\/de\/"},{"@type":"ListItem","position":2,"name":"Investor Relations","item":"https:\/\/www.allgeier.com\/de\/investor-relations\/"},{"@type":"ListItem","position":3,"name":"Ad hoc-Mitteilungen","item":"https:\/\/www.allgeier.com\/de\/investor-relations\/adhoc-announcements\/"},{"@type":"ListItem","position":4,"name":"ALLGEIER SE: Allgeier setzt neue Unternehmensstrategie"}]},{"@type":"WebSite","@id":"https:\/\/www.allgeier.com\/de\/#website","url":"https:\/\/www.allgeier.com\/de\/","name":"Allgeier SE","description":"Software &amp; IT Services for digital transformation","potentialAction":[{"@type":"SearchAction","target":{"@type":"EntryPoint","urlTemplate":"https:\/\/www.allgeier.com\/de\/?s={search_term_string}"},"query-input":{"@type":"PropertyValueSpecification","valueRequired":true,"valueName":"search_term_string"}}],"inLanguage":"de"}]}},"_links":{"self":[{"href":"https:\/\/www.allgeier.com\/de\/wp-json\/wp\/v2\/pages\/5444","targetHints":{"allow":["GET"]}}],"collection":[{"href":"https:\/\/www.allgeier.com\/de\/wp-json\/wp\/v2\/pages"}],"about":[{"href":"https:\/\/www.allgeier.com\/de\/wp-json\/wp\/v2\/types\/page"}],"author":[{"embeddable":true,"href":"https:\/\/www.allgeier.com\/de\/wp-json\/wp\/v2\/users\/4"}],"replies":[{"embeddable":true,"href":"https:\/\/www.allgeier.com\/de\/wp-json\/wp\/v2\/comments?post=5444"}],"version-history":[{"count":1,"href":"https:\/\/www.allgeier.com\/de\/wp-json\/wp\/v2\/pages\/5444\/revisions"}],"predecessor-version":[{"id":5445,"href":"https:\/\/www.allgeier.com\/de\/wp-json\/wp\/v2\/pages\/5444\/revisions\/5445"}],"up":[{"embeddable":true,"href":"https:\/\/www.allgeier.com\/de\/wp-json\/wp\/v2\/pages\/1155"}],"wp:attachment":[{"href":"https:\/\/www.allgeier.com\/de\/wp-json\/wp\/v2\/media?parent=5444"}],"wp:term":[{"taxonomy":"category","embeddable":true,"href":"https:\/\/www.allgeier.com\/de\/wp-json\/wp\/v2\/categories?post=5444"},{"taxonomy":"post_tag","embeddable":true,"href":"https:\/\/www.allgeier.com\/de\/wp-json\/wp\/v2\/tags?post=5444"}],"curies":[{"name":"wp","href":"https:\/\/api.w.org\/{rel}","templated":true}]}}