{"id":5448,"date":"2018-04-23T16:33:16","date_gmt":"2018-04-23T16:33:16","guid":{"rendered":"https:\/\/www.allgeier.com\/de\/?page_id=5448"},"modified":"2023-01-22T17:10:01","modified_gmt":"2023-01-22T17:10:01","slug":"allgeier-se-allgeier-erzielt-im-ersten-quartal-2018-deutliches-umsatz-und-ergebniswachstum","status":"publish","type":"page","link":"https:\/\/www.allgeier.com\/de\/investor-relations\/adhoc-announcements\/allgeier-se-allgeier-erzielt-im-ersten-quartal-2018-deutliches-umsatz-und-ergebniswachstum\/","title":{"rendered":"Allgeier SE: Allgeier erzielt im ersten Quartal 2018 deutliches Umsatz- und Ergebniswachstum"},"content":{"rendered":"<table class=\"news_layout style2015\" border=\"0\" cellpadding=\"0\" cellspacing=\"0\">\n<tr>\n<td>\n<p class=\"news_top\">ALLGEIER SE \/ Schlagwort(e): Quartalsergebnis<br \/>Allgeier SE: Allgeier erzielt im ersten Quartal 2018 deutliches Umsatz- und Ergebniswachstum<\/p>\n<p><span class=\"news_top_date\">23.04.2018 \/ 18:33 CET\/CEST<\/span><br \/>Ver\u00f6ffentlichung einer Insiderinformationen nach Artikel 17 der Verordnung (EU) Nr. 596\/2014, \u00fcbermittelt durch DGAP &#8211; ein Service der EQS Group AG.<br \/>F\u00fcr den Inhalt der Mitteilung ist der Emittent verantwortlich.<\/p>\n<hr \/>\n<div class=\"break-word news_main\">\n<p><i>M\u00fcnchen, 23.04.2018 &#8211;<\/i> Allgeier SE (ISIN DE000A2GS633, WKN A2GS63) erzielt im ersten Quartal 2018 (01. Januar 2018 &#8211; 31. M\u00e4rz 2018) gem\u00e4\u00df vorl\u00e4ufiger Zahlen ein anhaltendes Wachstum im Umsatz und ein deutliches Ergebniswachstum entsprechend der Planung f\u00fcr 2018.<br \/>\u00a0<\/p>\n<p>Umsatz- und Ergebnisentwicklung im ersten Quartal 2018<\/p>\n<p>Im ersten Quartal 2018 (01. Januar 2018 bis 31. M\u00e4rz 2018) lag die Gesamtleistung des Allgeier Konzerns bei 156,0 Mio. Euro und damit um 17 Prozent \u00fcber dem Wert des Vorjahres (133,8 Mio. Euro). Das bereinigte Konzern-EBITDA des fortgef\u00fchrten Gesch\u00e4fts (EBITDA vor Effekten, die betriebswirtschaftlich als au\u00dferordentlich oder periodenfremd qualifiziert werden) der ersten drei Monate 2018 stieg um 60 Prozent auf 7,4 Mio. Euro (Vorjahr: 4,6 Mio. Euro). Die Ergebnissteigerung entspricht dabei den vom Konzern ge\u00e4u\u00dferten Prognoseerwartungen f\u00fcr das laufende Jahr. Das EBITDA der Periode lag im fortgef\u00fchrten Gesch\u00e4ft bei 6,8 Mio. Euro (Vorjahr: 5,3 Mio. Euro), entsprechend einer Steigerung um 36 Prozent. Der Konzern erzielte damit im ersten Quartal 2018 ein EBIT des fortgef\u00fchrten Gesch\u00e4fts von 4,0 Mio. Euro (Vorjahr: 2,4 Mio. Euro). Dies entspricht einer Steigerung von 42 Prozent gegen\u00fcber dem Vergleichszeitraum des Vorjahres.<br \/>\u00a0<\/p>\n<p>Der Allgeier Konzern ver\u00e4u\u00dferte Ende M\u00e4rz 2018 die Allgeier Medical IT GmbH, Freiburg. Aus dieser Ver\u00e4u\u00dferung erhielt der Konzern einen Cash-Zufluss von netto 2,8 Mio. Euro und erzielte einen Gewinn aus der Ver\u00e4u\u00dferung der Gesellschaft von insgesamt ca. 2,0 Mio. Euro. Die Allgeier Medical IT GmbH erzielte im ersten Quartal 2018 eine Gesamtleistung von 0,7 Mio. Euro (Vorjahr: 0,8 Mio. Euro) und ein EBITDA von 39 Tsd. Euro (Vorjahr: 45 Tsd. Euro).<br \/>\u00a0<\/p>\n<p>Eckdaten der Bilanz zum 31. M\u00e4rz 2018<\/p>\n<p>Dem Allgeier Konzern standen zum Ende des ersten Quartals 2018 liquide Mittel in H\u00f6he von 46,8 Mio. Euro zur Verf\u00fcgung (31. Dezember 2017: 53,0 Mio. Euro). Die Finanzschulden stiegen zum Bilanzstichtag auf 115,4 Mio. Euro (31. Dezember 2017: 108,8 Mio. Euro), davon 95,4 Mio. Euro langfristige Finanzschulden (31. Dezember 2017: 95,4 Mio. Euro).<br \/>\u00a0<\/p>\n<p>Hinweis<\/p>\n<p>Alle genannten Zahlen des ersten Quartals 2018 sind gem\u00e4\u00df IFRS ermittelt und vorl\u00e4ufig. Eine freiwillige Zwischeninformation zum 31. M\u00e4rz 2018 der Allgeier SE wird am 15. Mai 2018 ver\u00f6ffentlicht und ist dann unter www.allgeier.com einzusehen.<br \/>\u00a0<\/p>\n<p>Kontakt:<\/p>\n<p>Allgeier SE<br \/>Corporate Communications &amp; Investor Relations<br \/>Dr. Christopher Gro\u00dfe<br \/>Wehrlestra\u00dfe 12<br \/>81679 M\u00fcnchen<br \/>Tel.: +49 (0)89\/998421-0<br \/>Fax: +49 (0)89\/998421-11<br \/>E-Mail: ir@allgeier.com<br \/>Web: www.allgeier.com<\/p>\n<p>Allgeier SE ist eines der f\u00fchrenden IT-Unternehmen f\u00fcr digitale Transformation: Mit einer auf Innovationen und Zukunftstrends ausgerichteten Wachstumsstrategie sowie einem integrativen unternehmerischen Modell ergreift Allgeier die Chancen der Digitalisierung. Vier Segmente mit individuellen fachlichen und branchenbezogenen Schwerpunkten arbeiten gemeinsam f\u00fcr rund 3.000 Kunden aus nahezu allen Branchen. Mit \u00fcber 7.100 angestellten Mitarbeitern und rund 1.400 freiberuflichen Experten bietet Allgeier den Kunden als One-Stop-Shop ein umfassendes L\u00f6sungs- und Leistungsportfolio. Allgeier bildet mit einem hochflexiblen Delivery-Modell das komplette IT-Leistungsspektrum von Onsite \u00fcber Nearshore bis hin zu Offshore ab: Mit einem starken Standbein in Indien werden Flexibilit\u00e4t und h\u00f6chste Skalierbarkeit der Leistungen sowie hochqualifiziertes Expertenwissen in der High-End-Softwareentwicklung sichergestellt. Zu den Kunden von Allgeier z\u00e4hlen global arbeitende Konzerne genauso wie innovative mittelst\u00e4ndische Betriebe, die sich durch leistungsstarke IT-L\u00f6sungen, intelligente Software und flexible Personaldienstleistungen strategische Vorteile sichern wollen. Die stark wachsende Gruppe mit Hauptsitz in M\u00fcnchen verf\u00fcgt \u00fcber 120 Niederlassungen in der DACH-Region, in neun weiteren europ\u00e4ischen L\u00e4ndern sowie in Indien, Singapur, Vietnam, Malaysia, Japan, Australien, Mexiko und den USA. 2017 erzielte Allgeier im fortgef\u00fchrten Gesch\u00e4ft einen Umsatz von 582 Mio. Euro. Allgeier SE belegt in der L\u00fcnendonk(R)-Sonderanalyse 2017 &#8222;F\u00fchrende deutsche mittelst\u00e4ndische IT-Beratungs- und Systemintegrations-Unternehmen&#8220; den ersten Platz. Allgeier Experts ist nach L\u00fcnendonk(R)-Marktsegmentstudie 2017 &#8222;Der Markt f\u00fcr Rekrutierung, Vermittlung und Steuerung von IT-Freelancern in Deutschland&#8220; unter den TOP 3 IT-Personaldienstleistern in Deutschland. Allgeier SE ist am Regulierten Markt der Frankfurter Wertpapierb\u00f6rse im General Standard gelistet (WKN A2GS63, ISIN DE000A2GS633). Weitere Informationen unter: www.allgeier.com.<\/p>\n<\/div>\n<hr \/>\n<hr \/>\n<\/td>\n<\/tr>\n<\/table>\n<p><\/p>\n<div class=\"\">\n<p class=\"\">\n<\/div>\n","protected":false},"excerpt":{"rendered":"<p>ALLGEIER SE \/ Schlagwort(e): Quartalsergebnis Allgeier SE: Allgeier erzielt im ersten Quartal 2018 deutliches Umsatz- und Ergebniswachstum 23.04.2018 \/ 18:33 CET\/CEST Ver\u00f6ffentlichung einer Insiderinformationen nach Artikel 17 der Verordnung (EU) Nr. 596\/2014, \u00fcbermittelt durch DGAP &#8211; ein Service der<\/p>\n","protected":false},"author":4,"featured_media":0,"parent":1155,"menu_order":0,"comment_status":"close","ping_status":"closed","template":"","meta":{"_acf_changed":false,"footnotes":""},"categories":[],"tags":[],"class_list":["post-5448","page","type-page","status-publish","hentry"],"acf":[],"yoast_head":"<!-- This site is optimized with the Yoast SEO plugin v27.3 - https:\/\/yoast.com\/product\/yoast-seo-wordpress\/ -->\n<title>Allgeier SE: Allgeier erzielt im ersten Quartal 2018 deutliches Umsatz- und Ergebniswachstum - Allgeier SE<\/title>\n<meta name=\"robots\" content=\"index, follow, max-snippet:-1, max-image-preview:large, max-video-preview:-1\" \/>\n<link rel=\"canonical\" href=\"https:\/\/www.allgeier.com\/de\/investor-relations\/adhoc-announcements\/allgeier-se-allgeier-erzielt-im-ersten-quartal-2018-deutliches-umsatz-und-ergebniswachstum\/\" \/>\n<meta property=\"og:locale\" content=\"de_DE\" \/>\n<meta property=\"og:type\" content=\"article\" \/>\n<meta property=\"og:title\" content=\"Allgeier SE: Allgeier erzielt im ersten Quartal 2018 deutliches Umsatz- und Ergebniswachstum - Allgeier SE\" \/>\n<meta property=\"og:description\" content=\"ALLGEIER SE \/ Schlagwort(e): Quartalsergebnis Allgeier SE: Allgeier erzielt im ersten Quartal 2018 deutliches Umsatz- und Ergebniswachstum 23.04.2018 \/ 18:33 CET\/CEST Ver\u00f6ffentlichung einer Insiderinformationen nach Artikel 17 der Verordnung (EU) Nr. 596\/2014, \u00fcbermittelt durch DGAP - ein Service der\" \/>\n<meta property=\"og:url\" content=\"https:\/\/www.allgeier.com\/de\/investor-relations\/adhoc-announcements\/allgeier-se-allgeier-erzielt-im-ersten-quartal-2018-deutliches-umsatz-und-ergebniswachstum\/\" \/>\n<meta property=\"og:site_name\" content=\"Allgeier SE\" \/>\n<meta property=\"article:modified_time\" content=\"2023-01-22T17:10:01+00:00\" \/>\n<meta name=\"twitter:card\" content=\"summary_large_image\" \/>\n<meta name=\"twitter:label1\" content=\"Gesch\u00e4tzte Lesezeit\" \/>\n\t<meta name=\"twitter:data1\" content=\"3\u00a0Minuten\" \/>\n<script type=\"application\/ld+json\" class=\"yoast-schema-graph\">{\"@context\":\"https:\\\/\\\/schema.org\",\"@graph\":[{\"@type\":\"WebPage\",\"@id\":\"https:\\\/\\\/www.allgeier.com\\\/de\\\/investor-relations\\\/adhoc-announcements\\\/allgeier-se-allgeier-erzielt-im-ersten-quartal-2018-deutliches-umsatz-und-ergebniswachstum\\\/\",\"url\":\"https:\\\/\\\/www.allgeier.com\\\/de\\\/investor-relations\\\/adhoc-announcements\\\/allgeier-se-allgeier-erzielt-im-ersten-quartal-2018-deutliches-umsatz-und-ergebniswachstum\\\/\",\"name\":\"Allgeier SE: Allgeier erzielt im ersten Quartal 2018 deutliches Umsatz- und Ergebniswachstum - Allgeier SE\",\"isPartOf\":{\"@id\":\"https:\\\/\\\/www.allgeier.com\\\/de\\\/#website\"},\"datePublished\":\"2018-04-23T16:33:16+00:00\",\"dateModified\":\"2023-01-22T17:10:01+00:00\",\"breadcrumb\":{\"@id\":\"https:\\\/\\\/www.allgeier.com\\\/de\\\/investor-relations\\\/adhoc-announcements\\\/allgeier-se-allgeier-erzielt-im-ersten-quartal-2018-deutliches-umsatz-und-ergebniswachstum\\\/#breadcrumb\"},\"inLanguage\":\"de\",\"potentialAction\":[{\"@type\":\"ReadAction\",\"target\":[\"https:\\\/\\\/www.allgeier.com\\\/de\\\/investor-relations\\\/adhoc-announcements\\\/allgeier-se-allgeier-erzielt-im-ersten-quartal-2018-deutliches-umsatz-und-ergebniswachstum\\\/\"]}]},{\"@type\":\"BreadcrumbList\",\"@id\":\"https:\\\/\\\/www.allgeier.com\\\/de\\\/investor-relations\\\/adhoc-announcements\\\/allgeier-se-allgeier-erzielt-im-ersten-quartal-2018-deutliches-umsatz-und-ergebniswachstum\\\/#breadcrumb\",\"itemListElement\":[{\"@type\":\"ListItem\",\"position\":1,\"name\":\"Home\",\"item\":\"https:\\\/\\\/www.allgeier.com\\\/de\\\/\"},{\"@type\":\"ListItem\",\"position\":2,\"name\":\"Investor Relations\",\"item\":\"https:\\\/\\\/www.allgeier.com\\\/de\\\/investor-relations\\\/\"},{\"@type\":\"ListItem\",\"position\":3,\"name\":\"Ad hoc-Mitteilungen\",\"item\":\"https:\\\/\\\/www.allgeier.com\\\/de\\\/investor-relations\\\/adhoc-announcements\\\/\"},{\"@type\":\"ListItem\",\"position\":4,\"name\":\"Allgeier SE: Allgeier erzielt im ersten Quartal 2018 deutliches Umsatz- und Ergebniswachstum\"}]},{\"@type\":\"WebSite\",\"@id\":\"https:\\\/\\\/www.allgeier.com\\\/de\\\/#website\",\"url\":\"https:\\\/\\\/www.allgeier.com\\\/de\\\/\",\"name\":\"Allgeier SE\",\"description\":\"Software &amp; IT Services for digital transformation\",\"potentialAction\":[{\"@type\":\"SearchAction\",\"target\":{\"@type\":\"EntryPoint\",\"urlTemplate\":\"https:\\\/\\\/www.allgeier.com\\\/de\\\/?s={search_term_string}\"},\"query-input\":{\"@type\":\"PropertyValueSpecification\",\"valueRequired\":true,\"valueName\":\"search_term_string\"}}],\"inLanguage\":\"de\"}]}<\/script>\n<!-- \/ Yoast SEO plugin. -->","yoast_head_json":{"title":"Allgeier SE: Allgeier erzielt im ersten Quartal 2018 deutliches Umsatz- und Ergebniswachstum - Allgeier SE","robots":{"index":"index","follow":"follow","max-snippet":"max-snippet:-1","max-image-preview":"max-image-preview:large","max-video-preview":"max-video-preview:-1"},"canonical":"https:\/\/www.allgeier.com\/de\/investor-relations\/adhoc-announcements\/allgeier-se-allgeier-erzielt-im-ersten-quartal-2018-deutliches-umsatz-und-ergebniswachstum\/","og_locale":"de_DE","og_type":"article","og_title":"Allgeier SE: Allgeier erzielt im ersten Quartal 2018 deutliches Umsatz- und Ergebniswachstum - Allgeier SE","og_description":"ALLGEIER SE \/ Schlagwort(e): Quartalsergebnis Allgeier SE: Allgeier erzielt im ersten Quartal 2018 deutliches Umsatz- und Ergebniswachstum 23.04.2018 \/ 18:33 CET\/CEST Ver\u00f6ffentlichung einer Insiderinformationen nach Artikel 17 der Verordnung (EU) Nr. 596\/2014, \u00fcbermittelt durch DGAP - ein Service der","og_url":"https:\/\/www.allgeier.com\/de\/investor-relations\/adhoc-announcements\/allgeier-se-allgeier-erzielt-im-ersten-quartal-2018-deutliches-umsatz-und-ergebniswachstum\/","og_site_name":"Allgeier SE","article_modified_time":"2023-01-22T17:10:01+00:00","twitter_card":"summary_large_image","twitter_misc":{"Gesch\u00e4tzte Lesezeit":"3\u00a0Minuten"},"schema":{"@context":"https:\/\/schema.org","@graph":[{"@type":"WebPage","@id":"https:\/\/www.allgeier.com\/de\/investor-relations\/adhoc-announcements\/allgeier-se-allgeier-erzielt-im-ersten-quartal-2018-deutliches-umsatz-und-ergebniswachstum\/","url":"https:\/\/www.allgeier.com\/de\/investor-relations\/adhoc-announcements\/allgeier-se-allgeier-erzielt-im-ersten-quartal-2018-deutliches-umsatz-und-ergebniswachstum\/","name":"Allgeier SE: Allgeier erzielt im ersten Quartal 2018 deutliches Umsatz- und Ergebniswachstum - Allgeier SE","isPartOf":{"@id":"https:\/\/www.allgeier.com\/de\/#website"},"datePublished":"2018-04-23T16:33:16+00:00","dateModified":"2023-01-22T17:10:01+00:00","breadcrumb":{"@id":"https:\/\/www.allgeier.com\/de\/investor-relations\/adhoc-announcements\/allgeier-se-allgeier-erzielt-im-ersten-quartal-2018-deutliches-umsatz-und-ergebniswachstum\/#breadcrumb"},"inLanguage":"de","potentialAction":[{"@type":"ReadAction","target":["https:\/\/www.allgeier.com\/de\/investor-relations\/adhoc-announcements\/allgeier-se-allgeier-erzielt-im-ersten-quartal-2018-deutliches-umsatz-und-ergebniswachstum\/"]}]},{"@type":"BreadcrumbList","@id":"https:\/\/www.allgeier.com\/de\/investor-relations\/adhoc-announcements\/allgeier-se-allgeier-erzielt-im-ersten-quartal-2018-deutliches-umsatz-und-ergebniswachstum\/#breadcrumb","itemListElement":[{"@type":"ListItem","position":1,"name":"Home","item":"https:\/\/www.allgeier.com\/de\/"},{"@type":"ListItem","position":2,"name":"Investor Relations","item":"https:\/\/www.allgeier.com\/de\/investor-relations\/"},{"@type":"ListItem","position":3,"name":"Ad hoc-Mitteilungen","item":"https:\/\/www.allgeier.com\/de\/investor-relations\/adhoc-announcements\/"},{"@type":"ListItem","position":4,"name":"Allgeier SE: Allgeier erzielt im ersten Quartal 2018 deutliches Umsatz- und Ergebniswachstum"}]},{"@type":"WebSite","@id":"https:\/\/www.allgeier.com\/de\/#website","url":"https:\/\/www.allgeier.com\/de\/","name":"Allgeier SE","description":"Software &amp; IT Services for digital transformation","potentialAction":[{"@type":"SearchAction","target":{"@type":"EntryPoint","urlTemplate":"https:\/\/www.allgeier.com\/de\/?s={search_term_string}"},"query-input":{"@type":"PropertyValueSpecification","valueRequired":true,"valueName":"search_term_string"}}],"inLanguage":"de"}]}},"_links":{"self":[{"href":"https:\/\/www.allgeier.com\/de\/wp-json\/wp\/v2\/pages\/5448","targetHints":{"allow":["GET"]}}],"collection":[{"href":"https:\/\/www.allgeier.com\/de\/wp-json\/wp\/v2\/pages"}],"about":[{"href":"https:\/\/www.allgeier.com\/de\/wp-json\/wp\/v2\/types\/page"}],"author":[{"embeddable":true,"href":"https:\/\/www.allgeier.com\/de\/wp-json\/wp\/v2\/users\/4"}],"replies":[{"embeddable":true,"href":"https:\/\/www.allgeier.com\/de\/wp-json\/wp\/v2\/comments?post=5448"}],"version-history":[{"count":1,"href":"https:\/\/www.allgeier.com\/de\/wp-json\/wp\/v2\/pages\/5448\/revisions"}],"predecessor-version":[{"id":5449,"href":"https:\/\/www.allgeier.com\/de\/wp-json\/wp\/v2\/pages\/5448\/revisions\/5449"}],"up":[{"embeddable":true,"href":"https:\/\/www.allgeier.com\/de\/wp-json\/wp\/v2\/pages\/1155"}],"wp:attachment":[{"href":"https:\/\/www.allgeier.com\/de\/wp-json\/wp\/v2\/media?parent=5448"}],"wp:term":[{"taxonomy":"category","embeddable":true,"href":"https:\/\/www.allgeier.com\/de\/wp-json\/wp\/v2\/categories?post=5448"},{"taxonomy":"post_tag","embeddable":true,"href":"https:\/\/www.allgeier.com\/de\/wp-json\/wp\/v2\/tags?post=5448"}],"curies":[{"name":"wp","href":"https:\/\/api.w.org\/{rel}","templated":true}]}}