{"id":5450,"date":"2018-04-23T16:19:13","date_gmt":"2018-04-23T16:19:13","guid":{"rendered":"https:\/\/www.allgeier.com\/de\/?page_id=5450"},"modified":"2023-01-22T17:10:01","modified_gmt":"2023-01-22T17:10:01","slug":"allgeier-se-aufsichtsrat-billigt-jahresabschluss-2017-und-schlaegt-dividende-vor","status":"publish","type":"page","link":"https:\/\/www.allgeier.com\/de\/investor-relations\/adhoc-announcements\/allgeier-se-aufsichtsrat-billigt-jahresabschluss-2017-und-schlaegt-dividende-vor\/","title":{"rendered":"Allgeier SE: Aufsichtsrat billigt Jahresabschluss 2017 und schl\u00e4gt Dividende vor"},"content":{"rendered":"<table class=\"news_layout style2015\" border=\"0\" cellpadding=\"0\" cellspacing=\"0\">\n<tr>\n<td>\n<p class=\"news_top\">ALLGEIER SE \/ Schlagwort(e): Jahresergebnis<br \/>Allgeier SE: Aufsichtsrat billigt Jahresabschluss 2017 und schl\u00e4gt Dividende vor<\/p>\n<p><span class=\"news_top_date\">23.04.2018 \/ 18:19 CET\/CEST<\/span><br \/>Ver\u00f6ffentlichung einer Insiderinformationen nach Artikel 17 der Verordnung (EU) Nr. 596\/2014, \u00fcbermittelt durch DGAP &#8211; ein Service der EQS Group AG.<br \/>F\u00fcr den Inhalt der Mitteilung ist der Emittent verantwortlich.<\/p>\n<hr \/>\n<div class=\"break-word news_main\">\n<p><i>M\u00fcnchen, 23.04.2018 &#8211; <\/i>Der Aufsichtsrat der Allgeier SE (ISIN DE000A2GS633, WKN A2GS63) hat in seiner heutigen Sitzung den testierten Jahres- und Konzernabschluss der Allgeier SE f\u00fcr das Gesch\u00e4ftsjahr 2017 gebilligt. Der Jahresabschluss ist damit festgestellt. Die finalen Konzernzahlen entsprechen im Wesentlichen den in der Ad hoc-Mitteilung vom 15. M\u00e4rz 2018 angek\u00fcndigten vorl\u00e4ufigen Zahlen.<br \/>\u00a0<\/p>\n<p>Umsatz- und Ergebnisentwicklung nach IFRS<\/p>\n<p>Der Konzern verzeichnete im Gesch\u00e4ftsjahr 2017 (01. Januar 2017 &#8211; 31. Dezember 2017) ein zweistelliges Wachstum in der Gesamtleistung und in der Wertsch\u00f6pfung. In Summe stieg die Gesamtleistung des Konzerns im Jahr 2017 gegen\u00fcber dem Vorjahr auf 578,6 Mio. Euro (Vorjahr: 501,0 Mio. Euro), was einem Wachstum von 15 Prozent entspricht. Zum Wachstum trugen insbesondere die Gesch\u00e4ftsbereiche Technology und Enterprise Services bei. Der Gesch\u00e4ftsbereich Enterprise Services erreichte im abgelaufenen Gesch\u00e4ftsjahr mit der Akquisition des Gesch\u00e4fts von Ciber Deutschland ein Umsatzwachstum von mehr als 100 Prozent. Die Konzern-Wertsch\u00f6pfung stieg um 16 Prozent auf 156,8 Mio. Euro (Vorjahr: 135,9 Mio. Euro). Das bereinigte Konzern-EBITDA (EBITDA vor Effekten, die betriebswirtschaftlich als au\u00dferordentlich oder periodenfremd qualifiziert werden) lag im Berichtszeitraum bei 29,3 Mio. Euro (Vorjahr: 33,8 Mio. Euro). Wie in fr\u00fcheren Ad hoc-Mitteilungen dargestellt, war insbesondere das Ergebnis des ersten Halbjahres 2017 belastet von den Kosten der Reorganisation des Gesch\u00e4ftsbereichs Experts und des in diesem Zuge erfolgten Personalaufbaus als Investition in k\u00fcnftiges Wachstum. Das Konzern-EBITDA (Ergebnis vor Abschreibungen auf Sachanlagen und Abschreibungen auf immaterielle Verm\u00f6gensgegenst\u00e4nde, Zinsen und Steuern) lag im Berichtsjahr bei 26,5 Mio. Euro (Vorjahr: 31,5 Mio. Euro). Das Konzern-EBIT (Ergebnis vor Zinsen und Steuern) der Periode lag im Berichtsjahr bei 13,5 Mio. Euro (Vorjahr: 17,8 Mio. Euro). Der Konzern erzielte in der Periode ein EBT (Ergebnis vor Steuern) in H\u00f6he von 11,0 Mio. Euro (Vorjahr: 13,9 Mio. Euro). Der Ertragsteueraufwand betrug im Berichtszeitraum 6,5 Mio. Euro (Vorjahr: 7,2 Mio. Euro). Nach Steuern erzielte der Konzern ein Ergebnis der Periode in H\u00f6he von 4,5 Mio. Euro (Vorjahr: 6,7 Mio. Euro). Das um die Abschreibungen aus Akquisitionst\u00e4tigkeit bereinigte und mit normalisierten Steuern gerechnete Ergebnis je Aktie betrug im Berichtsjahr 1,09 Euro (Vorjahr: 1,47 Euro).<br \/>\u00a0<\/p>\n<p>Eckdaten der Bilanz zum 31. Dezember 2017<\/p>\n<p>Zum Bilanzstichtag 31. Dezember 2017 betrug das Eigenkapital 122,8 Mio. Euro (Vorjahr: 116,9 Mio. Euro). Dem Allgeier Konzern standen zum Jahresende 2017 liquide Mittel in H\u00f6he von 53,0 Mio. Euro zur Verf\u00fcgung (Vorjahr: 71,8 Mio. Euro). Die kurz- und langfristigen Finanzschulden reduzierten sich zum Stichtag auf 108,8 Mio. Euro (Vorjahr: 113,6 Mio. Euro). Die Bilanzsumme lag zum 31. Dezember 2017 bei 337,9 Mio. Euro (31. Dezember 2016: 344,4 Mio. Euro).<br \/>\u00a0<\/p>\n<p>Gewinnverwendung<\/p>\n<p>Der Aufsichtsrat hat heute, am 23. April 2018, beschlossen, der Hauptversammlung vorzuschlagen, aus dem im Jahresabschluss der Allgeier SE ausgewiesenen Bilanzgewinn per 31. Dezember 2017 in H\u00f6he von 27.188.374,40 Euro eine Dividende in H\u00f6he von 0,50 Euro je Aktie an die Aktion\u00e4re auszusch\u00fctten. Der verbleibende Bilanzgewinn soll auf neue Rechnung vorgetragen werden.<br \/>\u00a0<\/p>\n<p>Ausblick auf das Gesch\u00e4ftsjahr 2018<\/p>\n<p>Die derzeitige Planung f\u00fcr das Gesch\u00e4ftsjahr 2018 zeigt eine Entwicklung, die den positiven Trend der zweiten Jahresh\u00e4lfte 2017 fortsetzt. So plant Allgeier SE f\u00fcr das Gesch\u00e4ftsjahr 2018 ein Wachstum des Konzernumsatzes zwischen 18 und 23 Prozent bei einer EBITDA-Marge zwischen 6,0 und 6,5 Prozent. Die Planzahlen beziehen sich dabei ausschlie\u00dflich auf die organische Entwicklung der aktuell bestehenden Gruppe einschlie\u00dflich des im Januar 2018 erworbenen Unternehmens Anecon ohne weitere Ver\u00e4nderungen des Portfolios. Weitere Akquisitionen in den einzelnen Gesch\u00e4ftsbereichen k\u00f6nnen einen zus\u00e4tzlichen Beitrag zum Wachstum leisten.<\/p>\n<p>Hinweis<\/p>\n<p>Der Allgeier Gesch\u00e4ftsbericht 2017 wird am 27. April 2018 ver\u00f6ffentlicht und ist dann unter www.allgeier.com einzusehen.<br \/>\u00a0<\/p>\n<p>Kontakt:<\/p>\n<p>Allgeier SE<br \/>Corporate Communications &amp; Investor Relations<br \/>Dr. Christopher Gro\u00dfe<br \/>Wehrlestra\u00dfe 12<br \/>81679 M\u00fcnchen<br \/>Tel.: +49 (0)89\/998421-0<br \/>Fax: +49 (0)89\/998421-11<br \/>E-Mail: ir@allgeier.com<br \/>Web: www.allgeier.com<br \/>\u00a0<\/p>\n<p>Allgeier SE ist eines der f\u00fchrenden IT-Unternehmen f\u00fcr digitale Transformation: Mit einer auf Innovationen und Zukunftstrends ausgerichteten Wachstumsstrategie sowie einem integrativen unternehmerischen Modell ergreift Allgeier die Chancen der Digitalisierung. Vier Segmente mit individuellen fachlichen und branchenbezogenen Schwerpunkten arbeiten gemeinsam f\u00fcr rund 3.000 Kunden aus nahezu allen Branchen. Mit \u00fcber 7.000 angestellten Mitarbeitern und rund 1.400 freiberuflichen Experten bietet Allgeier den Kunden als One-Stop-Shop ein umfassendes L\u00f6sungs- und Leistungsportfolio. Allgeier bildet mit einem hochflexiblen Delivery-Modell das komplette IT-Leistungsspektrum von Onsite \u00fcber Nearshore bis hin zu Offshore ab: Mit einem starken Standbein in Indien werden Flexibilit\u00e4t und h\u00f6chste Skalierbarkeit der Leistungen sowie hochqualifiziertes Expertenwissen in der High-End-Softwareentwicklung sichergestellt. Zu den Kunden von Allgeier z\u00e4hlen global arbeitende Konzerne genauso wie innovative mittelst\u00e4ndische Betriebe, die sich durch leistungsstarke IT-L\u00f6sungen, intelligente Software und flexible Personaldienstleistungen strategische Vorteile sichern wollen. Die stark wachsende Gruppe mit Hauptsitz in M\u00fcnchen verf\u00fcgt \u00fcber 120 Niederlassungen in der DACH-Region, in neun weiteren europ\u00e4ischen L\u00e4ndern sowie in Indien, Singapur, Vietnam, Malaysia, Japan, Australien, Mexiko und den USA. 2017 erzielte Allgeier einen Umsatz von 582 Mio. Euro. Allgeier SE belegt in der L\u00fcnendonk(R)-Sonderanalyse 2017 &#8222;F\u00fchrende deutsche mittelst\u00e4ndische IT-Beratungs- und Systemintegrations-Unternehmen&#8220; den ersten Platz. Allgeier Experts ist nach L\u00fcnendonk(R)-Marktsegmentstudie 2017 &#8222;Der Markt f\u00fcr Rekrutierung, Vermittlung und Steuerung von IT-Freelancern in Deutschland&#8220; unter den TOP 3 IT-Personaldienstleistern in Deutschland. Allgeier SE ist am Regulierten Markt der Frankfurter Wertpapierb\u00f6rse im General Standard gelistet (WKN A2GS63, ISIN DE000A2GS633). Weitere Informationen unter: www.allgeier.com.<\/p>\n<\/div>\n<hr \/>\n<hr \/>\n<\/td>\n<\/tr>\n<\/table>\n<p><\/p>\n<div class=\"\">\n<p class=\"\">\n<\/div>\n","protected":false},"excerpt":{"rendered":"<p>ALLGEIER SE \/ Schlagwort(e): Jahresergebnis Allgeier SE: Aufsichtsrat billigt Jahresabschluss 2017 und schl\u00e4gt Dividende vor 23.04.2018 \/ 18:19 CET\/CEST Ver\u00f6ffentlichung einer Insiderinformationen nach Artikel 17 der Verordnung (EU) Nr. 596\/2014, \u00fcbermittelt durch DGAP &#8211; ein Service der EQS Group AG.<\/p>\n","protected":false},"author":4,"featured_media":0,"parent":1155,"menu_order":0,"comment_status":"close","ping_status":"closed","template":"","meta":{"_acf_changed":false,"footnotes":""},"categories":[],"tags":[],"class_list":["post-5450","page","type-page","status-publish","hentry"],"acf":[],"yoast_head":"<!-- This site is optimized with the Yoast SEO plugin v27.4 - https:\/\/yoast.com\/product\/yoast-seo-wordpress\/ -->\n<title>Allgeier SE: Aufsichtsrat billigt Jahresabschluss 2017 und schl\u00e4gt Dividende vor - Allgeier SE<\/title>\n<meta name=\"robots\" content=\"index, follow, max-snippet:-1, max-image-preview:large, max-video-preview:-1\" \/>\n<link rel=\"canonical\" href=\"https:\/\/www.allgeier.com\/de\/investor-relations\/adhoc-announcements\/allgeier-se-aufsichtsrat-billigt-jahresabschluss-2017-und-schlaegt-dividende-vor\/\" \/>\n<meta property=\"og:locale\" content=\"de_DE\" \/>\n<meta property=\"og:type\" content=\"article\" \/>\n<meta property=\"og:title\" content=\"Allgeier SE: Aufsichtsrat billigt Jahresabschluss 2017 und schl\u00e4gt Dividende vor - Allgeier SE\" \/>\n<meta property=\"og:description\" content=\"ALLGEIER SE \/ Schlagwort(e): Jahresergebnis Allgeier SE: Aufsichtsrat billigt Jahresabschluss 2017 und schl\u00e4gt Dividende vor 23.04.2018 \/ 18:19 CET\/CEST Ver\u00f6ffentlichung einer Insiderinformationen nach Artikel 17 der Verordnung (EU) Nr. 596\/2014, \u00fcbermittelt durch DGAP - ein Service der EQS Group AG.\" \/>\n<meta property=\"og:url\" content=\"https:\/\/www.allgeier.com\/de\/investor-relations\/adhoc-announcements\/allgeier-se-aufsichtsrat-billigt-jahresabschluss-2017-und-schlaegt-dividende-vor\/\" \/>\n<meta property=\"og:site_name\" content=\"Allgeier SE\" \/>\n<meta property=\"article:modified_time\" content=\"2023-01-22T17:10:01+00:00\" \/>\n<meta name=\"twitter:card\" content=\"summary_large_image\" \/>\n<meta name=\"twitter:label1\" content=\"Gesch\u00e4tzte Lesezeit\" \/>\n\t<meta name=\"twitter:data1\" content=\"4\u00a0Minuten\" \/>\n<script type=\"application\/ld+json\" class=\"yoast-schema-graph\">{\"@context\":\"https:\\\/\\\/schema.org\",\"@graph\":[{\"@type\":\"WebPage\",\"@id\":\"https:\\\/\\\/www.allgeier.com\\\/de\\\/investor-relations\\\/adhoc-announcements\\\/allgeier-se-aufsichtsrat-billigt-jahresabschluss-2017-und-schlaegt-dividende-vor\\\/\",\"url\":\"https:\\\/\\\/www.allgeier.com\\\/de\\\/investor-relations\\\/adhoc-announcements\\\/allgeier-se-aufsichtsrat-billigt-jahresabschluss-2017-und-schlaegt-dividende-vor\\\/\",\"name\":\"Allgeier SE: Aufsichtsrat billigt Jahresabschluss 2017 und schl\u00e4gt Dividende vor - Allgeier SE\",\"isPartOf\":{\"@id\":\"https:\\\/\\\/www.allgeier.com\\\/de\\\/#website\"},\"datePublished\":\"2018-04-23T16:19:13+00:00\",\"dateModified\":\"2023-01-22T17:10:01+00:00\",\"breadcrumb\":{\"@id\":\"https:\\\/\\\/www.allgeier.com\\\/de\\\/investor-relations\\\/adhoc-announcements\\\/allgeier-se-aufsichtsrat-billigt-jahresabschluss-2017-und-schlaegt-dividende-vor\\\/#breadcrumb\"},\"inLanguage\":\"de\",\"potentialAction\":[{\"@type\":\"ReadAction\",\"target\":[\"https:\\\/\\\/www.allgeier.com\\\/de\\\/investor-relations\\\/adhoc-announcements\\\/allgeier-se-aufsichtsrat-billigt-jahresabschluss-2017-und-schlaegt-dividende-vor\\\/\"]}]},{\"@type\":\"BreadcrumbList\",\"@id\":\"https:\\\/\\\/www.allgeier.com\\\/de\\\/investor-relations\\\/adhoc-announcements\\\/allgeier-se-aufsichtsrat-billigt-jahresabschluss-2017-und-schlaegt-dividende-vor\\\/#breadcrumb\",\"itemListElement\":[{\"@type\":\"ListItem\",\"position\":1,\"name\":\"Home\",\"item\":\"https:\\\/\\\/www.allgeier.com\\\/de\\\/\"},{\"@type\":\"ListItem\",\"position\":2,\"name\":\"Investor Relations\",\"item\":\"https:\\\/\\\/www.allgeier.com\\\/de\\\/investor-relations\\\/\"},{\"@type\":\"ListItem\",\"position\":3,\"name\":\"Ad hoc-Mitteilungen\",\"item\":\"https:\\\/\\\/www.allgeier.com\\\/de\\\/investor-relations\\\/adhoc-announcements\\\/\"},{\"@type\":\"ListItem\",\"position\":4,\"name\":\"Allgeier SE: Aufsichtsrat billigt Jahresabschluss 2017 und schl\u00e4gt Dividende vor\"}]},{\"@type\":\"WebSite\",\"@id\":\"https:\\\/\\\/www.allgeier.com\\\/de\\\/#website\",\"url\":\"https:\\\/\\\/www.allgeier.com\\\/de\\\/\",\"name\":\"Allgeier SE\",\"description\":\"Software &amp; IT Services for digital transformation\",\"potentialAction\":[{\"@type\":\"SearchAction\",\"target\":{\"@type\":\"EntryPoint\",\"urlTemplate\":\"https:\\\/\\\/www.allgeier.com\\\/de\\\/?s={search_term_string}\"},\"query-input\":{\"@type\":\"PropertyValueSpecification\",\"valueRequired\":true,\"valueName\":\"search_term_string\"}}],\"inLanguage\":\"de\"}]}<\/script>\n<!-- \/ Yoast SEO plugin. -->","yoast_head_json":{"title":"Allgeier SE: Aufsichtsrat billigt Jahresabschluss 2017 und schl\u00e4gt Dividende vor - Allgeier SE","robots":{"index":"index","follow":"follow","max-snippet":"max-snippet:-1","max-image-preview":"max-image-preview:large","max-video-preview":"max-video-preview:-1"},"canonical":"https:\/\/www.allgeier.com\/de\/investor-relations\/adhoc-announcements\/allgeier-se-aufsichtsrat-billigt-jahresabschluss-2017-und-schlaegt-dividende-vor\/","og_locale":"de_DE","og_type":"article","og_title":"Allgeier SE: Aufsichtsrat billigt Jahresabschluss 2017 und schl\u00e4gt Dividende vor - Allgeier SE","og_description":"ALLGEIER SE \/ Schlagwort(e): Jahresergebnis Allgeier SE: Aufsichtsrat billigt Jahresabschluss 2017 und schl\u00e4gt Dividende vor 23.04.2018 \/ 18:19 CET\/CEST Ver\u00f6ffentlichung einer Insiderinformationen nach Artikel 17 der Verordnung (EU) Nr. 596\/2014, \u00fcbermittelt durch DGAP - ein Service der EQS Group AG.","og_url":"https:\/\/www.allgeier.com\/de\/investor-relations\/adhoc-announcements\/allgeier-se-aufsichtsrat-billigt-jahresabschluss-2017-und-schlaegt-dividende-vor\/","og_site_name":"Allgeier SE","article_modified_time":"2023-01-22T17:10:01+00:00","twitter_card":"summary_large_image","twitter_misc":{"Gesch\u00e4tzte Lesezeit":"4\u00a0Minuten"},"schema":{"@context":"https:\/\/schema.org","@graph":[{"@type":"WebPage","@id":"https:\/\/www.allgeier.com\/de\/investor-relations\/adhoc-announcements\/allgeier-se-aufsichtsrat-billigt-jahresabschluss-2017-und-schlaegt-dividende-vor\/","url":"https:\/\/www.allgeier.com\/de\/investor-relations\/adhoc-announcements\/allgeier-se-aufsichtsrat-billigt-jahresabschluss-2017-und-schlaegt-dividende-vor\/","name":"Allgeier SE: Aufsichtsrat billigt Jahresabschluss 2017 und schl\u00e4gt Dividende vor - Allgeier SE","isPartOf":{"@id":"https:\/\/www.allgeier.com\/de\/#website"},"datePublished":"2018-04-23T16:19:13+00:00","dateModified":"2023-01-22T17:10:01+00:00","breadcrumb":{"@id":"https:\/\/www.allgeier.com\/de\/investor-relations\/adhoc-announcements\/allgeier-se-aufsichtsrat-billigt-jahresabschluss-2017-und-schlaegt-dividende-vor\/#breadcrumb"},"inLanguage":"de","potentialAction":[{"@type":"ReadAction","target":["https:\/\/www.allgeier.com\/de\/investor-relations\/adhoc-announcements\/allgeier-se-aufsichtsrat-billigt-jahresabschluss-2017-und-schlaegt-dividende-vor\/"]}]},{"@type":"BreadcrumbList","@id":"https:\/\/www.allgeier.com\/de\/investor-relations\/adhoc-announcements\/allgeier-se-aufsichtsrat-billigt-jahresabschluss-2017-und-schlaegt-dividende-vor\/#breadcrumb","itemListElement":[{"@type":"ListItem","position":1,"name":"Home","item":"https:\/\/www.allgeier.com\/de\/"},{"@type":"ListItem","position":2,"name":"Investor Relations","item":"https:\/\/www.allgeier.com\/de\/investor-relations\/"},{"@type":"ListItem","position":3,"name":"Ad hoc-Mitteilungen","item":"https:\/\/www.allgeier.com\/de\/investor-relations\/adhoc-announcements\/"},{"@type":"ListItem","position":4,"name":"Allgeier SE: Aufsichtsrat billigt Jahresabschluss 2017 und schl\u00e4gt Dividende vor"}]},{"@type":"WebSite","@id":"https:\/\/www.allgeier.com\/de\/#website","url":"https:\/\/www.allgeier.com\/de\/","name":"Allgeier SE","description":"Software &amp; IT Services for digital transformation","potentialAction":[{"@type":"SearchAction","target":{"@type":"EntryPoint","urlTemplate":"https:\/\/www.allgeier.com\/de\/?s={search_term_string}"},"query-input":{"@type":"PropertyValueSpecification","valueRequired":true,"valueName":"search_term_string"}}],"inLanguage":"de"}]}},"_links":{"self":[{"href":"https:\/\/www.allgeier.com\/de\/wp-json\/wp\/v2\/pages\/5450","targetHints":{"allow":["GET"]}}],"collection":[{"href":"https:\/\/www.allgeier.com\/de\/wp-json\/wp\/v2\/pages"}],"about":[{"href":"https:\/\/www.allgeier.com\/de\/wp-json\/wp\/v2\/types\/page"}],"author":[{"embeddable":true,"href":"https:\/\/www.allgeier.com\/de\/wp-json\/wp\/v2\/users\/4"}],"replies":[{"embeddable":true,"href":"https:\/\/www.allgeier.com\/de\/wp-json\/wp\/v2\/comments?post=5450"}],"version-history":[{"count":1,"href":"https:\/\/www.allgeier.com\/de\/wp-json\/wp\/v2\/pages\/5450\/revisions"}],"predecessor-version":[{"id":5451,"href":"https:\/\/www.allgeier.com\/de\/wp-json\/wp\/v2\/pages\/5450\/revisions\/5451"}],"up":[{"embeddable":true,"href":"https:\/\/www.allgeier.com\/de\/wp-json\/wp\/v2\/pages\/1155"}],"wp:attachment":[{"href":"https:\/\/www.allgeier.com\/de\/wp-json\/wp\/v2\/media?parent=5450"}],"wp:term":[{"taxonomy":"category","embeddable":true,"href":"https:\/\/www.allgeier.com\/de\/wp-json\/wp\/v2\/categories?post=5450"},{"taxonomy":"post_tag","embeddable":true,"href":"https:\/\/www.allgeier.com\/de\/wp-json\/wp\/v2\/tags?post=5450"}],"curies":[{"name":"wp","href":"https:\/\/api.w.org\/{rel}","templated":true}]}}