{"id":5452,"date":"2018-03-15T15:34:41","date_gmt":"2018-03-15T16:34:41","guid":{"rendered":"https:\/\/www.allgeier.com\/de\/?page_id=5452"},"modified":"2023-01-22T17:10:01","modified_gmt":"2023-01-22T17:10:01","slug":"allgeier-se-allgeier-berichtet-im-geschaeftsjahr-2017-wachstum-in-umsatz-und-wertschoepfung","status":"publish","type":"page","link":"https:\/\/www.allgeier.com\/de\/investor-relations\/adhoc-announcements\/allgeier-se-allgeier-berichtet-im-geschaeftsjahr-2017-wachstum-in-umsatz-und-wertschoepfung\/","title":{"rendered":"Allgeier SE: Allgeier berichtet im Gesch\u00e4ftsjahr 2017 Wachstum in Umsatz und Wertsch\u00f6pfung"},"content":{"rendered":"<table class=\"news_layout style2015\" border=\"0\" cellpadding=\"0\" cellspacing=\"0\">\n<tr>\n<td>\n<p class=\"news_top\">ALLGEIER SE \/ Schlagwort(e): Vorl\u00e4ufiges Ergebnis<br \/>Allgeier SE: Allgeier berichtet im Gesch\u00e4ftsjahr 2017 Wachstum in Umsatz und Wertsch\u00f6pfung<\/p>\n<p><span class=\"news_top_date\">15.03.2018 \/ 17:34 CET\/CEST<\/span><br \/>Ver\u00f6ffentlichung einer Insiderinformationen nach Artikel 17 der Verordnung (EU) Nr. 596\/2014, \u00fcbermittelt durch DGAP &#8211; ein Service der EQS Group AG.<br \/>F\u00fcr den Inhalt der Mitteilung ist der Emittent verantwortlich.<\/p>\n<hr \/>\n<div class=\"break-word news_main\">\n<p>\u00a0<\/p>\n<p><i>M\u00fcnchen, 15. M\u00e4rz 2018 &#8211; <\/i>Allgeier SE (ISIN DE000A2GS633, WKN A2GS63), verzeichnet gem\u00e4\u00df vorl\u00e4ufiger Zahlen im Gesch\u00e4ftsjahr 2017 (01. Januar 2017 &#8211; 31. Dezember 2017) ein zweistelliges Wachstum in der Gesamtleistung und in der Wertsch\u00f6pfung. Die vorl\u00e4ufigen Zahlen entsprechen weitgehend dem mit Ad hoc-Mitteilung vom 18. Dezember 2017 ver\u00f6ffentlichten Forecast f\u00fcr das Gesamtjahr 2017.<br \/>\u00a0<\/p>\n<p>Gesch\u00e4ftsentwicklung im fortgef\u00fchrten Gesch\u00e4ft<br \/>\u00a0<\/p>\n<p>In Summe stieg die Gesamtleistung des Konzerns im Gesch\u00e4ftsjahr 2017 gegen\u00fcber dem Vorjahr auf 578 Mio. Euro (Vorjahr: 501 Mio. Euro), was einem Wachstum von 15 Prozent entspricht. Zum Wachstum trugen insbesondere die Gesch\u00e4ftsbereiche Technology und Enterprise Services bei. Der Gesch\u00e4ftsbereich Enterprise Services erreichte im abgelaufenen Gesch\u00e4ftsjahr mit der Akquisition des Gesch\u00e4fts von Ciber Deutschland ein Umsatzwachstum von mehr als 100 Prozent. Die Konzern-Wertsch\u00f6pfung stieg gem\u00e4\u00df vorl\u00e4ufiger Zahlen um 15 Prozent auf 156 Mio. Euro (Vorjahr: 136 Mio. Euro). Das bereinigte Konzern-EBITDA (EBITDA vor Effekten, die betriebswirtschaftlich als au\u00dferordentlich oder periodenfremd qualifiziert werden) lag im Berichtszeitraum bei 29,5 Mio. Euro (Vorjahr: 33,8 Mio. Euro). Wie in den Ad hoc-Mitteilungen vom 18. Dezember 2017 sowie vom 08. August 2017 dargestellt, war insbesondere das Ergebnis des ersten Halbjahres 2017 belastet von den Kosten der Reorganisation des Gesch\u00e4ftsbereichs Experts und des in diesem Zuge erfolgten Personalaufbaus als Investition in k\u00fcnftiges Wachstum. Das Konzern-EBITDA lag bei 26,3 Mio. Euro (Vorjahr: 31,5 Mio. Euro). Das Konzern-EBIT (Ergebnis vor Zinsen und Steuern) der Periode lag im Berichtsjahr bei 13,2 Mio. Euro (Vorjahr: 17,8 Mio. Euro). Der Konzern erzielte in der Periode ein vorl\u00e4ufiges EBT (Ergebnis vor Steuern) in H\u00f6he von 10,9 Mio. Euro (Vorjahr: 13,9 Mio. Euro).<br \/>\u00a0<\/p>\n<p>Eckdaten der Bilanz zum 31. Dezember 2017<br \/>\u00a0<\/p>\n<p>Das Eigenkapital stieg zum Bilanzstichtag 31. Dezember 2017 auf 122 Mio. Euro (Vorjahr: 116,9 Mio. Euro). Dem Allgeier Konzern standen zum Ende des Gesch\u00e4ftsjahres 2017 liquide Mittel in H\u00f6he von 53,0 Mio. Euro zur Verf\u00fcgung (Vorjahr: 71,8 Mio. Euro). Die vorl\u00e4ufigen kurz- und langfristigen Finanzschulden beliefen sich zum Bilanzstichtag auf 109,9 Mio. Euro (Vorjahr: 113,6 Mio. Euro). Die vorl\u00e4ufige Bilanzsumme betrug zum Jahresende 2017 338 Mio. Euro (Vorjahr: 344 Mio. Euro).<\/p>\n<p>Ausblick auf das Gesch\u00e4ftsjahr 2018<\/p>\n<p>Die derzeitige Planung f\u00fcr das Gesch\u00e4ftsjahr 2018 zeigt eine Entwicklung, die den positiven Trend des zweiten Halbjahres 2017 fortsetzt. So plant Allgeier SE f\u00fcr das Gesch\u00e4ftsjahr 2018 ein Wachstum des Konzernumsatzes von etwa 15 bis 20 Prozent bei einer EBITDA-Marge zwischen 6 und 6,5 Prozent. Die Planzahlen beziehen sich dabei ausschlie\u00dflich auf die organische Entwicklung der aktuell bestehenden Gruppe einschlie\u00dflich des im Januar 2018 erworbenen Unternehmens Anecon ohne weitere Ver\u00e4nderungen des Portfolios. Weitere Akquisitionen in den einzelnen Gesch\u00e4ftsbereichen k\u00f6nnen einen zus\u00e4tzlichen Beitrag zum Wachstum leisten.<\/p>\n<p>Hinweis<\/p>\n<p>Alle in dieser Mitteilung genannten IFRS-Zahlen f\u00fcr das Gesch\u00e4ftsjahr 2017 sind vorl\u00e4ufig und vom Konzernabschlusspr\u00fcfer noch nicht abschlie\u00dfend gepr\u00fcft. Die Aussagen f\u00fcr das Gesch\u00e4ftsjahr 2018 stellen Zukunftserwartungen aufgrund der vorliegenden Planung dar, mit deren Eintritt jedoch nicht sicher gerechnet werden kann.<\/p>\n<p>Kontakt:<\/p>\n<p>Allgeier SE<br \/>Corporate Communications &amp; Investor Relations<br \/>Dr. Christopher Gro\u00dfe<br \/>Wehrlestra\u00dfe 12<br \/>81679 M\u00fcnchen<br \/>Tel.: +49 (0)89\/998421-0<br \/>Fax: +49 (0)89\/998421-11<br \/>E-Mail: ir@allgeier.com<br \/>Web: www.allgeier.com<\/p>\n<p>Allgeier SE ist eines der f\u00fchrenden IT-Unternehmen f\u00fcr digitale Transformation: Mit einer auf Innovationen und Zukunftstrends ausgerichteten Wachstumsstrategie sowie einem integrativen unternehmerischen Modell ergreift Allgeier die Chancen der Digitalisierung. Drei Segmente mit individuellen fachlichen und branchenbezogenen Schwerpunkten arbeiten gemeinsam f\u00fcr rund 3.000 Kunden aus nahezu allen Branchen. Mit \u00fcber 7.000 angestellten Mitarbeitern und rund 1.400 freiberuflichen Experten bietet Allgeier den Kunden als One-Stop-Shop ein umfassendes L\u00f6sungs- und Leistungsportfolio. Allgeier bildet mit einem hochflexiblen Delivery-Modell das komplette IT-Leistungsspektrum von Onsite \u00fcber Nearshore bis hin zu Offshore ab: Mit einem starken Standbein in Indien werden Flexibilit\u00e4t und h\u00f6chste Skalierbarkeit der Leistungen sowie hochqualifiziertes Expertenwissen in der High-End-Softwareentwicklung sichergestellt. Zu den Kunden von Allgeier z\u00e4hlen global arbeitende Konzerne genauso wie innovative mittelst\u00e4ndische Betriebe, die sich durch leistungsstarke IT-L\u00f6sungen, intelligente Software und flexible Personaldienstleistungen strategische Vorteile sichern wollen. Die stark wachsende Gruppe mit Hauptsitz in M\u00fcnchen verf\u00fcgt \u00fcber 120 Niederlassungen in der DACH-Region, in neun weiteren europ\u00e4ischen L\u00e4ndern sowie in Indien, Singapur, Vietnam, Malaysia, Japan, Australien, Mexiko und den USA. 2017 erzielte Allgeier im fortgef\u00fchrten Gesch\u00e4ft einen Umsatz von 576 Mio. Euro. gem\u00e4\u00df vorl\u00e4ufiger Zahlen. Allgeier SE belegt in der L\u00fcnendonk(R)-Sonderanalyse 2017 &#8222;F\u00fchrende deutsche mittelst\u00e4ndische IT-Beratungs- und Systemintegrations-Unternehmen&#8220; den ersten Platz. Allgeier Experts ist nach L\u00fcnendonk(R)-Marktsegmentstudie 2017 &#8222;Der Markt f\u00fcr Rekrutierung, Vermittlung und Steuerung von IT-Freelancern in Deutschland&#8220; unter den TOP 3 IT-Personaldienstleistern in Deutschland. Allgeier SE ist am Regulierten Markt der Frankfurter Wertpapierb\u00f6rse im General Standard gelistet (WKN A2GS63, ISIN DE000A2GS633). Weitere Informationen unter: www.allgeier.com.<\/p>\n<\/div>\n<hr \/>\n<hr \/>\n<\/td>\n<\/tr>\n<\/table>\n<p><\/p>\n<div class=\"\">\n<p class=\"\">\n<\/div>\n","protected":false},"excerpt":{"rendered":"<p>ALLGEIER SE \/ Schlagwort(e): Vorl\u00e4ufiges Ergebnis Allgeier SE: Allgeier berichtet im Gesch\u00e4ftsjahr 2017 Wachstum in Umsatz und Wertsch\u00f6pfung 15.03.2018 \/ 17:34 CET\/CEST Ver\u00f6ffentlichung einer Insiderinformationen nach Artikel 17 der Verordnung (EU) Nr. 596\/2014, \u00fcbermittelt durch DGAP &#8211; ein Service<\/p>\n","protected":false},"author":4,"featured_media":0,"parent":1155,"menu_order":0,"comment_status":"close","ping_status":"closed","template":"","meta":{"_acf_changed":false,"footnotes":""},"categories":[],"tags":[],"class_list":["post-5452","page","type-page","status-publish","hentry"],"acf":[],"yoast_head":"<!-- This site is optimized with the Yoast SEO plugin v27.4 - https:\/\/yoast.com\/product\/yoast-seo-wordpress\/ -->\n<title>Allgeier SE: Allgeier berichtet im Gesch\u00e4ftsjahr 2017 Wachstum in Umsatz und Wertsch\u00f6pfung - Allgeier SE<\/title>\n<meta name=\"robots\" content=\"index, follow, max-snippet:-1, max-image-preview:large, max-video-preview:-1\" \/>\n<link rel=\"canonical\" href=\"https:\/\/www.allgeier.com\/de\/investor-relations\/adhoc-announcements\/allgeier-se-allgeier-berichtet-im-geschaeftsjahr-2017-wachstum-in-umsatz-und-wertschoepfung\/\" \/>\n<meta property=\"og:locale\" content=\"de_DE\" \/>\n<meta property=\"og:type\" content=\"article\" \/>\n<meta property=\"og:title\" content=\"Allgeier SE: Allgeier berichtet im Gesch\u00e4ftsjahr 2017 Wachstum in Umsatz und Wertsch\u00f6pfung - Allgeier SE\" \/>\n<meta property=\"og:description\" content=\"ALLGEIER SE \/ Schlagwort(e): Vorl\u00e4ufiges Ergebnis Allgeier SE: Allgeier berichtet im Gesch\u00e4ftsjahr 2017 Wachstum in Umsatz und Wertsch\u00f6pfung 15.03.2018 \/ 17:34 CET\/CEST Ver\u00f6ffentlichung einer Insiderinformationen nach Artikel 17 der Verordnung (EU) Nr. 596\/2014, \u00fcbermittelt durch DGAP - ein Service\" \/>\n<meta property=\"og:url\" content=\"https:\/\/www.allgeier.com\/de\/investor-relations\/adhoc-announcements\/allgeier-se-allgeier-berichtet-im-geschaeftsjahr-2017-wachstum-in-umsatz-und-wertschoepfung\/\" \/>\n<meta property=\"og:site_name\" content=\"Allgeier SE\" \/>\n<meta property=\"article:modified_time\" content=\"2023-01-22T17:10:01+00:00\" \/>\n<meta name=\"twitter:card\" content=\"summary_large_image\" \/>\n<meta name=\"twitter:label1\" content=\"Gesch\u00e4tzte Lesezeit\" \/>\n\t<meta name=\"twitter:data1\" content=\"4\u00a0Minuten\" \/>\n<script type=\"application\/ld+json\" class=\"yoast-schema-graph\">{\"@context\":\"https:\\\/\\\/schema.org\",\"@graph\":[{\"@type\":\"WebPage\",\"@id\":\"https:\\\/\\\/www.allgeier.com\\\/de\\\/investor-relations\\\/adhoc-announcements\\\/allgeier-se-allgeier-berichtet-im-geschaeftsjahr-2017-wachstum-in-umsatz-und-wertschoepfung\\\/\",\"url\":\"https:\\\/\\\/www.allgeier.com\\\/de\\\/investor-relations\\\/adhoc-announcements\\\/allgeier-se-allgeier-berichtet-im-geschaeftsjahr-2017-wachstum-in-umsatz-und-wertschoepfung\\\/\",\"name\":\"Allgeier SE: Allgeier berichtet im Gesch\u00e4ftsjahr 2017 Wachstum in Umsatz und Wertsch\u00f6pfung - Allgeier SE\",\"isPartOf\":{\"@id\":\"https:\\\/\\\/www.allgeier.com\\\/de\\\/#website\"},\"datePublished\":\"2018-03-15T16:34:41+00:00\",\"dateModified\":\"2023-01-22T17:10:01+00:00\",\"breadcrumb\":{\"@id\":\"https:\\\/\\\/www.allgeier.com\\\/de\\\/investor-relations\\\/adhoc-announcements\\\/allgeier-se-allgeier-berichtet-im-geschaeftsjahr-2017-wachstum-in-umsatz-und-wertschoepfung\\\/#breadcrumb\"},\"inLanguage\":\"de\",\"potentialAction\":[{\"@type\":\"ReadAction\",\"target\":[\"https:\\\/\\\/www.allgeier.com\\\/de\\\/investor-relations\\\/adhoc-announcements\\\/allgeier-se-allgeier-berichtet-im-geschaeftsjahr-2017-wachstum-in-umsatz-und-wertschoepfung\\\/\"]}]},{\"@type\":\"BreadcrumbList\",\"@id\":\"https:\\\/\\\/www.allgeier.com\\\/de\\\/investor-relations\\\/adhoc-announcements\\\/allgeier-se-allgeier-berichtet-im-geschaeftsjahr-2017-wachstum-in-umsatz-und-wertschoepfung\\\/#breadcrumb\",\"itemListElement\":[{\"@type\":\"ListItem\",\"position\":1,\"name\":\"Home\",\"item\":\"https:\\\/\\\/www.allgeier.com\\\/de\\\/\"},{\"@type\":\"ListItem\",\"position\":2,\"name\":\"Investor Relations\",\"item\":\"https:\\\/\\\/www.allgeier.com\\\/de\\\/investor-relations\\\/\"},{\"@type\":\"ListItem\",\"position\":3,\"name\":\"Ad hoc-Mitteilungen\",\"item\":\"https:\\\/\\\/www.allgeier.com\\\/de\\\/investor-relations\\\/adhoc-announcements\\\/\"},{\"@type\":\"ListItem\",\"position\":4,\"name\":\"Allgeier SE: Allgeier berichtet im Gesch\u00e4ftsjahr 2017 Wachstum in Umsatz und Wertsch\u00f6pfung\"}]},{\"@type\":\"WebSite\",\"@id\":\"https:\\\/\\\/www.allgeier.com\\\/de\\\/#website\",\"url\":\"https:\\\/\\\/www.allgeier.com\\\/de\\\/\",\"name\":\"Allgeier SE\",\"description\":\"Software &amp; IT Services for digital transformation\",\"potentialAction\":[{\"@type\":\"SearchAction\",\"target\":{\"@type\":\"EntryPoint\",\"urlTemplate\":\"https:\\\/\\\/www.allgeier.com\\\/de\\\/?s={search_term_string}\"},\"query-input\":{\"@type\":\"PropertyValueSpecification\",\"valueRequired\":true,\"valueName\":\"search_term_string\"}}],\"inLanguage\":\"de\"}]}<\/script>\n<!-- \/ Yoast SEO plugin. -->","yoast_head_json":{"title":"Allgeier SE: Allgeier berichtet im Gesch\u00e4ftsjahr 2017 Wachstum in Umsatz und Wertsch\u00f6pfung - Allgeier SE","robots":{"index":"index","follow":"follow","max-snippet":"max-snippet:-1","max-image-preview":"max-image-preview:large","max-video-preview":"max-video-preview:-1"},"canonical":"https:\/\/www.allgeier.com\/de\/investor-relations\/adhoc-announcements\/allgeier-se-allgeier-berichtet-im-geschaeftsjahr-2017-wachstum-in-umsatz-und-wertschoepfung\/","og_locale":"de_DE","og_type":"article","og_title":"Allgeier SE: Allgeier berichtet im Gesch\u00e4ftsjahr 2017 Wachstum in Umsatz und Wertsch\u00f6pfung - Allgeier SE","og_description":"ALLGEIER SE \/ Schlagwort(e): Vorl\u00e4ufiges Ergebnis Allgeier SE: Allgeier berichtet im Gesch\u00e4ftsjahr 2017 Wachstum in Umsatz und Wertsch\u00f6pfung 15.03.2018 \/ 17:34 CET\/CEST Ver\u00f6ffentlichung einer Insiderinformationen nach Artikel 17 der Verordnung (EU) Nr. 596\/2014, \u00fcbermittelt durch DGAP - ein Service","og_url":"https:\/\/www.allgeier.com\/de\/investor-relations\/adhoc-announcements\/allgeier-se-allgeier-berichtet-im-geschaeftsjahr-2017-wachstum-in-umsatz-und-wertschoepfung\/","og_site_name":"Allgeier SE","article_modified_time":"2023-01-22T17:10:01+00:00","twitter_card":"summary_large_image","twitter_misc":{"Gesch\u00e4tzte Lesezeit":"4\u00a0Minuten"},"schema":{"@context":"https:\/\/schema.org","@graph":[{"@type":"WebPage","@id":"https:\/\/www.allgeier.com\/de\/investor-relations\/adhoc-announcements\/allgeier-se-allgeier-berichtet-im-geschaeftsjahr-2017-wachstum-in-umsatz-und-wertschoepfung\/","url":"https:\/\/www.allgeier.com\/de\/investor-relations\/adhoc-announcements\/allgeier-se-allgeier-berichtet-im-geschaeftsjahr-2017-wachstum-in-umsatz-und-wertschoepfung\/","name":"Allgeier SE: Allgeier berichtet im Gesch\u00e4ftsjahr 2017 Wachstum in Umsatz und Wertsch\u00f6pfung - Allgeier SE","isPartOf":{"@id":"https:\/\/www.allgeier.com\/de\/#website"},"datePublished":"2018-03-15T16:34:41+00:00","dateModified":"2023-01-22T17:10:01+00:00","breadcrumb":{"@id":"https:\/\/www.allgeier.com\/de\/investor-relations\/adhoc-announcements\/allgeier-se-allgeier-berichtet-im-geschaeftsjahr-2017-wachstum-in-umsatz-und-wertschoepfung\/#breadcrumb"},"inLanguage":"de","potentialAction":[{"@type":"ReadAction","target":["https:\/\/www.allgeier.com\/de\/investor-relations\/adhoc-announcements\/allgeier-se-allgeier-berichtet-im-geschaeftsjahr-2017-wachstum-in-umsatz-und-wertschoepfung\/"]}]},{"@type":"BreadcrumbList","@id":"https:\/\/www.allgeier.com\/de\/investor-relations\/adhoc-announcements\/allgeier-se-allgeier-berichtet-im-geschaeftsjahr-2017-wachstum-in-umsatz-und-wertschoepfung\/#breadcrumb","itemListElement":[{"@type":"ListItem","position":1,"name":"Home","item":"https:\/\/www.allgeier.com\/de\/"},{"@type":"ListItem","position":2,"name":"Investor Relations","item":"https:\/\/www.allgeier.com\/de\/investor-relations\/"},{"@type":"ListItem","position":3,"name":"Ad hoc-Mitteilungen","item":"https:\/\/www.allgeier.com\/de\/investor-relations\/adhoc-announcements\/"},{"@type":"ListItem","position":4,"name":"Allgeier SE: Allgeier berichtet im Gesch\u00e4ftsjahr 2017 Wachstum in Umsatz und Wertsch\u00f6pfung"}]},{"@type":"WebSite","@id":"https:\/\/www.allgeier.com\/de\/#website","url":"https:\/\/www.allgeier.com\/de\/","name":"Allgeier SE","description":"Software &amp; IT Services for digital transformation","potentialAction":[{"@type":"SearchAction","target":{"@type":"EntryPoint","urlTemplate":"https:\/\/www.allgeier.com\/de\/?s={search_term_string}"},"query-input":{"@type":"PropertyValueSpecification","valueRequired":true,"valueName":"search_term_string"}}],"inLanguage":"de"}]}},"_links":{"self":[{"href":"https:\/\/www.allgeier.com\/de\/wp-json\/wp\/v2\/pages\/5452","targetHints":{"allow":["GET"]}}],"collection":[{"href":"https:\/\/www.allgeier.com\/de\/wp-json\/wp\/v2\/pages"}],"about":[{"href":"https:\/\/www.allgeier.com\/de\/wp-json\/wp\/v2\/types\/page"}],"author":[{"embeddable":true,"href":"https:\/\/www.allgeier.com\/de\/wp-json\/wp\/v2\/users\/4"}],"replies":[{"embeddable":true,"href":"https:\/\/www.allgeier.com\/de\/wp-json\/wp\/v2\/comments?post=5452"}],"version-history":[{"count":1,"href":"https:\/\/www.allgeier.com\/de\/wp-json\/wp\/v2\/pages\/5452\/revisions"}],"predecessor-version":[{"id":5453,"href":"https:\/\/www.allgeier.com\/de\/wp-json\/wp\/v2\/pages\/5452\/revisions\/5453"}],"up":[{"embeddable":true,"href":"https:\/\/www.allgeier.com\/de\/wp-json\/wp\/v2\/pages\/1155"}],"wp:attachment":[{"href":"https:\/\/www.allgeier.com\/de\/wp-json\/wp\/v2\/media?parent=5452"}],"wp:term":[{"taxonomy":"category","embeddable":true,"href":"https:\/\/www.allgeier.com\/de\/wp-json\/wp\/v2\/categories?post=5452"},{"taxonomy":"post_tag","embeddable":true,"href":"https:\/\/www.allgeier.com\/de\/wp-json\/wp\/v2\/tags?post=5452"}],"curies":[{"name":"wp","href":"https:\/\/api.w.org\/{rel}","templated":true}]}}