{"id":5456,"date":"2017-12-18T15:00:01","date_gmt":"2017-12-18T16:00:01","guid":{"rendered":"https:\/\/www.allgeier.com\/de\/?page_id=5456"},"modified":"2023-01-22T17:10:01","modified_gmt":"2023-01-22T17:10:01","slug":"allgeier-se-forecast-2017-und-prognose-2018","status":"publish","type":"page","link":"https:\/\/www.allgeier.com\/de\/investor-relations\/adhoc-announcements\/allgeier-se-forecast-2017-und-prognose-2018\/","title":{"rendered":"Allgeier SE: Forecast 2017 und Prognose 2018"},"content":{"rendered":"<table class=\"news_layout style2015\" border=\"0\" cellpadding=\"0\" cellspacing=\"0\">\n<tr>\n<td>\n<p class=\"news_top\">ALLGEIER SE \/ Schlagwort(e): Prognose\/Planzahlen<br \/>Allgeier SE: Forecast 2017 und Prognose 2018<\/p>\n<p><span class=\"news_top_date\">18.12.2017 \/ 17:00 CET\/CEST<\/span><br \/>Ver\u00f6ffentlichung einer Insiderinformation gem\u00e4\u00df Artikel 17 MAR, \u00fcbermittelt durch DGAP &#8211; ein Service der EQS Group AG.<br \/>F\u00fcr den Inhalt der Mitteilung ist der Emittent verantwortlich.<\/p>\n<hr \/>\n<div class=\"break-word news_main\">\n<p style=\"text-align: justify\"><i>M\u00fcnchen, 18. Dezember 2017 &#8211;<\/i> Der Vorstand der Allgeier SE (ISIN DE000A2GS633, WKN A2GS63), M\u00fcnchen, hat am heutigen Tag die Konzernplanung f\u00fcr das Jahr 2018 verabschiedet und auf Basis der seit heute vorliegenden vorl\u00e4ufigen Konzernzahlen f\u00fcr November 2017 einen Forecast auf das Jahresende 2017 erstellt.<br \/>\u00a0<\/p>\n<p style=\"text-align: justify\">Im Gesch\u00e4ftsbericht f\u00fcr das Jahr 2016 hatte der Vorstand f\u00fcr das Jahr 2017 die folgende Prognose f\u00fcr die einzelnen Gesch\u00e4ftsbereiche der Gruppe abgegeben: Der Bereich Solutions (umbenannt in Enterprise Services) sollte um 60 bis 70% im Umsatz wachsen und eine EBITDA-Marge von 4% erzielen; der Bereich Experts sollte um 4 bis 5% im Umsatz wachsen und eine EBITDA-Marge von 3% erzielen; der Bereich Technology sollte um 14% im Umsatz wachsen und eine EBITDA-Marge von 10 bis 15% erzielen.<br \/>\u00a0<\/p>\n<p style=\"text-align: justify\">Gemessen an dem aktuellen Forecast f\u00fcr das Gesamtjahr 2017 werden die genannten Ziele wie folgt erreicht:<br \/>\u00a0<\/p>\n<p style=\"margin-left:40px\">&#8211; Der Gesch\u00e4ftsbereich Enterprise Services w\u00e4chst im Gesch\u00e4ftsjahr 2017 voraussichtlich um mehr als 100% im Umsatz und wird eine EBITDA-Marge von ca. 5% erzielen; vor den au\u00dferordentlichen Kosten aus dem Aufbau des SAP-Gesch\u00e4fts wird die EBITDA-Marge knapp 7% betragen.<br \/>\u00a0<\/p>\n<p style=\"margin-left:40px\">&#8211; Der Gesch\u00e4ftsbereich Experts w\u00e4chst 2017 voraussichtlich mit etwas mehr als 2% im Umsatz. Nach einem Umsatzr\u00fcckgang im ersten Halbjahr 2017, der wesentlich durch den Verlust eines Kunden sowie die Reorganisation des Gesch\u00e4ftsbereichs bedingt ist, wird die Wachstumsrate im zweiten Halbjahr 7% gegen\u00fcber Vorjahr betragen. Die EBITDA-Marge f\u00fcr das Gesamtjahr wird somit etwas mehr als 2% betragen und ist belastet von den geplanten Kosten der Reorganisation des Gesch\u00e4ftsbereichs und des in diesem Zuge erfolgten Personalaufbaus als Investition in k\u00fcnftiges Wachstum.<br \/>\u00a0<\/p>\n<p style=\"margin-left:40px\">&#8211; Der Gesch\u00e4ftsbereich Technology w\u00e4chst voraussichtlich um ca. 10% im Umsatz und wird eine EBITDA-Marge von \u00fcber 12% erzielen. Umsatz und Ergebnis 2017 sind durch die Entwicklung der Wechselkurse zwischen Euro und US-Dollar sowie der Indischen Rupie im Jahresverlauf beeinflusst.<br \/>\u00a0<\/p>\n<p style=\"text-align: justify\">F\u00fcr den Konzern erwartet der Vorstand f\u00fcr das Gesamtjahr 2017 ein Wachstum der Gesamtleistung von 15% und ein Wachstum der Wertsch\u00f6pfung von 14%. Die EBITDA-Marge betr\u00e4gt voraussichtlich 4,6%. Vor au\u00dferordentlichen und periodenfremden Kosten wird die EBITDA-Marge voraussichtlich ca. 4,9% betragen. Das bedeutet eine erwartete Gesamtleistung von etwa 582 Mio. EUR und ein EBITDA von 26,6 Mio. EUR bzw. ein EBITDA vor au\u00dferordentlichen und periodenfremden Kosten von 28,6 Mio. EUR.<br \/>\u00a0<\/p>\n<p style=\"text-align: justify\">Die Planung f\u00fcr das Gesch\u00e4ftsjahr 2018 zeigt eine Entwicklung, die den positiven Trend des zweiten Halbjahres 2017 fortsetzt:<br \/>\u00a0<\/p>\n<p style=\"margin-left:40px\">&#8211; Der Gesch\u00e4ftsbereich Enterprise Services plant in 2018, mit der vollen ganzj\u00e4hrigen Zugeh\u00f6rigkeit des neu aufgebauten SAP-Gesch\u00e4fts gegen\u00fcber 2017 weiter um 19% im Umsatz zu wachsen und eine EBITDA-Marge von knapp 8% zu erzielen. Zielmarge f\u00fcr die kommenden Jahre ist eine Gr\u00f6\u00dfenordnung von mehr als 10%.<br \/>\u00a0<\/p>\n<p style=\"margin-left:40px\">&#8211; Der Gesch\u00e4ftsbereich Experts plant 2018 ein Umsatzwachstum von 22% mit einer EBITDA-Marge von 4%. Zielmarge f\u00fcr die kommenden Jahre ist eine Gr\u00f6\u00dfenordnung von mehr als 5%.<br \/>\u00a0<\/p>\n<p style=\"margin-left:40px\">&#8211; Der Gesch\u00e4ftsbereich Technology plant f\u00fcr das Gesch\u00e4ftsjahr 2018 ein Umsatzwachstum von 13% mit einer EBITDA-Marge zwischen 12 und 13%. Zielmarge f\u00fcr die kommenden Jahre ist eine Gr\u00f6\u00dfenordnung von mehr als 15%.<br \/>\u00a0<\/p>\n<p style=\"text-align: justify\">In Summe ergibt die Planung f\u00fcr das Jahr 2018 f\u00fcr den Konzern ein geplantes Umsatzwachstum von 19% bei einer EBITDA-Marge zwischen 6 und 6,5%. Das bedeutet einen geplanten Umsatz von 685 Mio. EUR und ein geplantes EBITDA von rund 43 Mio. EUR.<br \/>\u00a0<\/p>\n<p style=\"text-align: justify\">Die Planung bezieht sich dabei ausschlie\u00dflich auf das organische Konzernwachstum. Akquisitionen in den einzelnen Gesch\u00e4ftsbereichen k\u00f6nnen einen zus\u00e4tzlichen Beitrag zum Wachstum leisten.<br \/>\u00a0<\/p>\n<p>Hinweis<\/p>\n<p style=\"text-align: justify\">Es wird darauf hingewiesen, dass alle genannten Zahlen f\u00fcr 2017 Erwartungen des Vorstands darstellen und somit vorl\u00e4ufig sind. Alle in Zukunft gerichteten Aussagen zur Planung beruhen dabei auf Annahmen und Sch\u00e4tzungen des Konzernvorstands. Auch wenn der Vorstand der Ansicht ist, dass diese Annahmen und Sch\u00e4tzungen zutreffend sind, k\u00f6nnen die k\u00fcnftigen tats\u00e4chlichen Entwicklungen und die k\u00fcnftigen tats\u00e4chlichen Ergebnisse von diesen Annahmen und Sch\u00e4tzungen aufgrund vielf\u00e4ltiger Faktoren erheblich abweichen. Zu diesen Faktoren k\u00f6nnen beispielsweise die Ver\u00e4nderung der gesamtwirtschaftlichen Lage, der Wechselkurse, der Zinss\u00e4tze sowie Ver\u00e4nderungen innerhalb der Marktentwicklung und der sich ver\u00e4nderten Wettbewerbssituation geh\u00f6ren. Die Allgeier SE \u00fcbernimmt keine Gew\u00e4hrleistung und keine Haftung daf\u00fcr, dass die k\u00fcnftigen Entwicklungen und die k\u00fcnftig erzielten tats\u00e4chlichen Ergebnisse mit den in dieser Ad hoc-Mitteilung ge\u00e4u\u00dferten Annahmen und Sch\u00e4tzungen \u00fcbereinstimmen werden.<br \/>\u00a0<\/p>\n<p>Kontakt:<\/p>\n<p>Allgeier SE<br \/>Corporate Communications &amp; Investor Relations<br \/>Dr. Christopher Gro\u00dfe<br \/>Wehrlestra\u00dfe 12<br \/>81679 M\u00fcnchen<br \/>Tel.: +49 (0)89\/998421-0<br \/>Fax: +49 (0)89\/998421-11<br \/>E-Mail: ir@allgeier.com<br \/>Web: www.allgeier.com<br \/>\u00a0<\/p>\n<p style=\"text-align: justify\">Allgeier SE ist eines der f\u00fchrenden IT-Unternehmen f\u00fcr digitale Transformation: Mit einer auf Innovationen und Zukunftstrends ausgerichteten Wachstumsstrategie sowie einem integrativen unternehmerischen Modell ergreift Allgeier die Chancen der Digitalisierung. Drei Segmente mit individuellen fachlichen und branchenbezogenen Schwerpunkten arbeiten gemeinsam f\u00fcr rund 3.000 Kunden aus nahezu allen Branchen. Mit \u00fcber 6.800 angestellten Mitarbeitern und mehr als 1.300 freiberuflichen Experten bietet Allgeier den Kunden als One-Stop-Shop ein umfassendes L\u00f6sungs- und Leistungsportfolio. Allgeier bildet mit einem hochflexiblen Delivery-Modell das komplette IT-Leistungsspektrum von Onsite \u00fcber Nearshore bis hin zu Offshore ab: Mit einem starken Standbein in Indien werden Flexibilit\u00e4t und h\u00f6chste Skalierbarkeit der Leistungen sowie hochqualifiziertes Expertenwissen in der High-End-Softwareentwicklung sichergestellt. Zu den Kunden von Allgeier z\u00e4hlen global arbeitende Konzerne genauso wie innovative mittelst\u00e4ndische Betriebe, die sich durch leistungsstarke IT-L\u00f6sungen, intelligente Software und flexible Personaldienstleistungen strategische Vorteile sichern wollen. Die stark wachsende Gruppe mit Hauptsitz in M\u00fcnchen verf\u00fcgt \u00fcber mehr als 100 Niederlassungen in der DACH-Region, in neun weiteren europ\u00e4ischen L\u00e4ndern sowie in Indien, Singapur, Vietnam, Malaysia, Japan, Australien, Mexiko und den USA. 2016 erzielte Allgeier im fortgef\u00fchrten Gesch\u00e4ft einen Umsatz von 498 Mio. Euro. Allgeier SE belegt in der L\u00fcnendonk(R)-Sonderanalyse 2017 &#8222;F\u00fchrende deutsche mittelst\u00e4ndische IT-Beratungs- und Systemintegrations-Unternehmen&#8220; den ersten Platz. Allgeier Experts ist nach L\u00fcnendonk(R)-Marktsegmentstudie 2017 &#8222;Der Markt f\u00fcr Rekrutierung, Vermittlung und Steuerung von IT-Freelancern in Deutschland&#8220; unter den TOP 3 IT-Personaldienstleistern in Deutschland. Allgeier SE ist am Regulierten Markt der Frankfurter Wertpapierb\u00f6rse im General Standard gelistet (WKN A2GS63, ISIN DE000A2GS633). Weitere Informationen unter: www.allgeier.com.<\/p>\n<\/div>\n<hr \/>\n<hr \/>\n<\/td>\n<\/tr>\n<\/table>\n<p><\/p>\n<div class=\"\">\n<p class=\"\">\n<\/div>\n","protected":false},"excerpt":{"rendered":"<p>ALLGEIER SE \/ Schlagwort(e): Prognose\/Planzahlen Allgeier SE: Forecast 2017 und Prognose 2018 18.12.2017 \/ 17:00 CET\/CEST Ver\u00f6ffentlichung einer Insiderinformation gem\u00e4\u00df Artikel 17 MAR, \u00fcbermittelt durch DGAP &#8211; ein Service der EQS Group AG. F\u00fcr den Inhalt der Mitteilung ist der Emittent verantwortlich.<\/p>\n","protected":false},"author":4,"featured_media":0,"parent":1155,"menu_order":0,"comment_status":"close","ping_status":"closed","template":"","meta":{"_acf_changed":false,"footnotes":""},"categories":[],"tags":[],"class_list":["post-5456","page","type-page","status-publish","hentry"],"acf":[],"yoast_head":"<!-- This site is optimized with the Yoast SEO plugin v27.4 - https:\/\/yoast.com\/product\/yoast-seo-wordpress\/ -->\n<title>Allgeier SE: Forecast 2017 und Prognose 2018 - Allgeier SE<\/title>\n<meta name=\"robots\" content=\"index, follow, max-snippet:-1, max-image-preview:large, max-video-preview:-1\" \/>\n<link rel=\"canonical\" href=\"https:\/\/www.allgeier.com\/de\/investor-relations\/adhoc-announcements\/allgeier-se-forecast-2017-und-prognose-2018\/\" \/>\n<meta property=\"og:locale\" content=\"de_DE\" \/>\n<meta property=\"og:type\" content=\"article\" \/>\n<meta property=\"og:title\" content=\"Allgeier SE: Forecast 2017 und Prognose 2018 - Allgeier SE\" \/>\n<meta property=\"og:description\" content=\"ALLGEIER SE \/ Schlagwort(e): Prognose\/Planzahlen Allgeier SE: Forecast 2017 und Prognose 2018 18.12.2017 \/ 17:00 CET\/CEST Ver\u00f6ffentlichung einer Insiderinformation gem\u00e4\u00df Artikel 17 MAR, \u00fcbermittelt durch DGAP - ein Service der EQS Group AG. F\u00fcr den Inhalt der Mitteilung ist der Emittent verantwortlich.\" \/>\n<meta property=\"og:url\" content=\"https:\/\/www.allgeier.com\/de\/investor-relations\/adhoc-announcements\/allgeier-se-forecast-2017-und-prognose-2018\/\" \/>\n<meta property=\"og:site_name\" content=\"Allgeier SE\" \/>\n<meta property=\"article:modified_time\" content=\"2023-01-22T17:10:01+00:00\" \/>\n<meta name=\"twitter:card\" content=\"summary_large_image\" \/>\n<meta name=\"twitter:label1\" content=\"Gesch\u00e4tzte Lesezeit\" \/>\n\t<meta name=\"twitter:data1\" content=\"5\u00a0Minuten\" \/>\n<script type=\"application\/ld+json\" class=\"yoast-schema-graph\">{\"@context\":\"https:\\\/\\\/schema.org\",\"@graph\":[{\"@type\":\"WebPage\",\"@id\":\"https:\\\/\\\/www.allgeier.com\\\/de\\\/investor-relations\\\/adhoc-announcements\\\/allgeier-se-forecast-2017-und-prognose-2018\\\/\",\"url\":\"https:\\\/\\\/www.allgeier.com\\\/de\\\/investor-relations\\\/adhoc-announcements\\\/allgeier-se-forecast-2017-und-prognose-2018\\\/\",\"name\":\"Allgeier SE: Forecast 2017 und Prognose 2018 - Allgeier SE\",\"isPartOf\":{\"@id\":\"https:\\\/\\\/www.allgeier.com\\\/de\\\/#website\"},\"datePublished\":\"2017-12-18T16:00:01+00:00\",\"dateModified\":\"2023-01-22T17:10:01+00:00\",\"breadcrumb\":{\"@id\":\"https:\\\/\\\/www.allgeier.com\\\/de\\\/investor-relations\\\/adhoc-announcements\\\/allgeier-se-forecast-2017-und-prognose-2018\\\/#breadcrumb\"},\"inLanguage\":\"de\",\"potentialAction\":[{\"@type\":\"ReadAction\",\"target\":[\"https:\\\/\\\/www.allgeier.com\\\/de\\\/investor-relations\\\/adhoc-announcements\\\/allgeier-se-forecast-2017-und-prognose-2018\\\/\"]}]},{\"@type\":\"BreadcrumbList\",\"@id\":\"https:\\\/\\\/www.allgeier.com\\\/de\\\/investor-relations\\\/adhoc-announcements\\\/allgeier-se-forecast-2017-und-prognose-2018\\\/#breadcrumb\",\"itemListElement\":[{\"@type\":\"ListItem\",\"position\":1,\"name\":\"Home\",\"item\":\"https:\\\/\\\/www.allgeier.com\\\/de\\\/\"},{\"@type\":\"ListItem\",\"position\":2,\"name\":\"Investor Relations\",\"item\":\"https:\\\/\\\/www.allgeier.com\\\/de\\\/investor-relations\\\/\"},{\"@type\":\"ListItem\",\"position\":3,\"name\":\"Ad hoc-Mitteilungen\",\"item\":\"https:\\\/\\\/www.allgeier.com\\\/de\\\/investor-relations\\\/adhoc-announcements\\\/\"},{\"@type\":\"ListItem\",\"position\":4,\"name\":\"Allgeier SE: Forecast 2017 und Prognose 2018\"}]},{\"@type\":\"WebSite\",\"@id\":\"https:\\\/\\\/www.allgeier.com\\\/de\\\/#website\",\"url\":\"https:\\\/\\\/www.allgeier.com\\\/de\\\/\",\"name\":\"Allgeier SE\",\"description\":\"Software &amp; IT Services for digital transformation\",\"potentialAction\":[{\"@type\":\"SearchAction\",\"target\":{\"@type\":\"EntryPoint\",\"urlTemplate\":\"https:\\\/\\\/www.allgeier.com\\\/de\\\/?s={search_term_string}\"},\"query-input\":{\"@type\":\"PropertyValueSpecification\",\"valueRequired\":true,\"valueName\":\"search_term_string\"}}],\"inLanguage\":\"de\"}]}<\/script>\n<!-- \/ Yoast SEO plugin. -->","yoast_head_json":{"title":"Allgeier SE: Forecast 2017 und Prognose 2018 - Allgeier SE","robots":{"index":"index","follow":"follow","max-snippet":"max-snippet:-1","max-image-preview":"max-image-preview:large","max-video-preview":"max-video-preview:-1"},"canonical":"https:\/\/www.allgeier.com\/de\/investor-relations\/adhoc-announcements\/allgeier-se-forecast-2017-und-prognose-2018\/","og_locale":"de_DE","og_type":"article","og_title":"Allgeier SE: Forecast 2017 und Prognose 2018 - Allgeier SE","og_description":"ALLGEIER SE \/ Schlagwort(e): Prognose\/Planzahlen Allgeier SE: Forecast 2017 und Prognose 2018 18.12.2017 \/ 17:00 CET\/CEST Ver\u00f6ffentlichung einer Insiderinformation gem\u00e4\u00df Artikel 17 MAR, \u00fcbermittelt durch DGAP - ein Service der EQS Group AG. F\u00fcr den Inhalt der Mitteilung ist der Emittent verantwortlich.","og_url":"https:\/\/www.allgeier.com\/de\/investor-relations\/adhoc-announcements\/allgeier-se-forecast-2017-und-prognose-2018\/","og_site_name":"Allgeier SE","article_modified_time":"2023-01-22T17:10:01+00:00","twitter_card":"summary_large_image","twitter_misc":{"Gesch\u00e4tzte Lesezeit":"5\u00a0Minuten"},"schema":{"@context":"https:\/\/schema.org","@graph":[{"@type":"WebPage","@id":"https:\/\/www.allgeier.com\/de\/investor-relations\/adhoc-announcements\/allgeier-se-forecast-2017-und-prognose-2018\/","url":"https:\/\/www.allgeier.com\/de\/investor-relations\/adhoc-announcements\/allgeier-se-forecast-2017-und-prognose-2018\/","name":"Allgeier SE: Forecast 2017 und Prognose 2018 - Allgeier SE","isPartOf":{"@id":"https:\/\/www.allgeier.com\/de\/#website"},"datePublished":"2017-12-18T16:00:01+00:00","dateModified":"2023-01-22T17:10:01+00:00","breadcrumb":{"@id":"https:\/\/www.allgeier.com\/de\/investor-relations\/adhoc-announcements\/allgeier-se-forecast-2017-und-prognose-2018\/#breadcrumb"},"inLanguage":"de","potentialAction":[{"@type":"ReadAction","target":["https:\/\/www.allgeier.com\/de\/investor-relations\/adhoc-announcements\/allgeier-se-forecast-2017-und-prognose-2018\/"]}]},{"@type":"BreadcrumbList","@id":"https:\/\/www.allgeier.com\/de\/investor-relations\/adhoc-announcements\/allgeier-se-forecast-2017-und-prognose-2018\/#breadcrumb","itemListElement":[{"@type":"ListItem","position":1,"name":"Home","item":"https:\/\/www.allgeier.com\/de\/"},{"@type":"ListItem","position":2,"name":"Investor Relations","item":"https:\/\/www.allgeier.com\/de\/investor-relations\/"},{"@type":"ListItem","position":3,"name":"Ad hoc-Mitteilungen","item":"https:\/\/www.allgeier.com\/de\/investor-relations\/adhoc-announcements\/"},{"@type":"ListItem","position":4,"name":"Allgeier SE: Forecast 2017 und Prognose 2018"}]},{"@type":"WebSite","@id":"https:\/\/www.allgeier.com\/de\/#website","url":"https:\/\/www.allgeier.com\/de\/","name":"Allgeier SE","description":"Software &amp; IT Services for digital transformation","potentialAction":[{"@type":"SearchAction","target":{"@type":"EntryPoint","urlTemplate":"https:\/\/www.allgeier.com\/de\/?s={search_term_string}"},"query-input":{"@type":"PropertyValueSpecification","valueRequired":true,"valueName":"search_term_string"}}],"inLanguage":"de"}]}},"_links":{"self":[{"href":"https:\/\/www.allgeier.com\/de\/wp-json\/wp\/v2\/pages\/5456","targetHints":{"allow":["GET"]}}],"collection":[{"href":"https:\/\/www.allgeier.com\/de\/wp-json\/wp\/v2\/pages"}],"about":[{"href":"https:\/\/www.allgeier.com\/de\/wp-json\/wp\/v2\/types\/page"}],"author":[{"embeddable":true,"href":"https:\/\/www.allgeier.com\/de\/wp-json\/wp\/v2\/users\/4"}],"replies":[{"embeddable":true,"href":"https:\/\/www.allgeier.com\/de\/wp-json\/wp\/v2\/comments?post=5456"}],"version-history":[{"count":1,"href":"https:\/\/www.allgeier.com\/de\/wp-json\/wp\/v2\/pages\/5456\/revisions"}],"predecessor-version":[{"id":5457,"href":"https:\/\/www.allgeier.com\/de\/wp-json\/wp\/v2\/pages\/5456\/revisions\/5457"}],"up":[{"embeddable":true,"href":"https:\/\/www.allgeier.com\/de\/wp-json\/wp\/v2\/pages\/1155"}],"wp:attachment":[{"href":"https:\/\/www.allgeier.com\/de\/wp-json\/wp\/v2\/media?parent=5456"}],"wp:term":[{"taxonomy":"category","embeddable":true,"href":"https:\/\/www.allgeier.com\/de\/wp-json\/wp\/v2\/categories?post=5456"},{"taxonomy":"post_tag","embeddable":true,"href":"https:\/\/www.allgeier.com\/de\/wp-json\/wp\/v2\/tags?post=5456"}],"curies":[{"name":"wp","href":"https:\/\/api.w.org\/{rel}","templated":true}]}}