{"id":5460,"date":"2017-10-23T15:22:35","date_gmt":"2017-10-23T15:22:35","guid":{"rendered":"https:\/\/www.allgeier.com\/de\/?page_id=5460"},"modified":"2023-01-22T17:10:01","modified_gmt":"2023-01-22T17:10:01","slug":"allgeier-se-schliesst-langfristige-finanzierung-ab","status":"publish","type":"page","link":"https:\/\/www.allgeier.com\/de\/investor-relations\/adhoc-announcements\/allgeier-se-schliesst-langfristige-finanzierung-ab\/","title":{"rendered":"Allgeier SE schlie\u00dft langfristige Finanzierung ab"},"content":{"rendered":"<table class=\"news_layout style2015\" border=\"0\" cellpadding=\"0\" cellspacing=\"0\">\n<tr>\n<td>\n<p class=\"news_top\">ALLGEIER SE \/ Schlagwort(e): Finanzierung<br \/>Allgeier SE schlie\u00dft langfristige Finanzierung ab<\/p>\n<p><span class=\"news_top_date\">23.10.2017 \/ 17:22 CET\/CEST<\/span><br \/>Ver\u00f6ffentlichung einer Insiderinformation gem\u00e4\u00df Artikel 17 MAR, \u00fcbermittelt durch DGAP &#8211; ein Service der EQS Group AG.<br \/>F\u00fcr den Inhalt der Mitteilung ist der Emittent verantwortlich.<\/p>\n<hr \/>\n<div class=\"break-word news_main\">\n<p style=\"text-align: justify\"><i>M\u00fcnchen, 23.10.2017 &#8211;<\/i> Am heutigen Tag hat die Allgeier SE (ISIN DE000A2GS633, WKN A2GS63), M\u00fcnchen, mit sechs Kreditinstituten (Bayerische Landesbank, Commerzbank Aktiengesellschaft, ING Bank, a branch of ING-DIBA AG, Landesbank Baden-W\u00fcrttemberg, Landesbank Hessen-Th\u00fcringen Girozentrale und Norddeutsche Landesbank &#8211; Girozentrale) eine neue Kreditfazilit\u00e4t f\u00fcr die Allgeier Gruppe abgeschlossen. Dabei wurde sie von GCA Altium und Latham &amp; Watkins unterst\u00fctzt. Die flexibel nutzbare, revolvierende Kreditlinie in H\u00f6he von 180 Mio. EUR hat eine initiale Laufzeit von f\u00fcnf Jahren, die zweimal um je ein Jahr verl\u00e4ngert werden kann.<\/p>\n<p>Der wesentliche Zweck der Kreditlinie ist die langfristige Finanzierung der Gruppe: Neben der R\u00fcckf\u00fchrung der bestehenden Fremdfinanzierungen dient sie vor allem der Finanzierung k\u00fcnftiger Akquisitionen der Gruppe. Zu diesem Zweck konnten an entscheidenden Stellen Elemente im Kreditvertrag vereinbart werden, die f\u00fcr LBO-Finanzierungen von Private Equity Unternehmen \u00fcblich sind. Bei k\u00fcnftigem Bedarf kann im Rahmen einer Erh\u00f6hungsoption bei den Banken ferner eine Aufstockung des Kreditvolumens angefragt werden.<\/p>\n<p>Damit hat Allgeier nach der St\u00e4rkung der Eigenkapitalseite mit der erfolgreichen Durchf\u00fchrung der Kapitalerh\u00f6hung im Juni 2017 nun auch die Fremdkapitalseite vollst\u00e4ndig neu strukturiert. Mit der neuen Kreditfazilit\u00e4t verf\u00fcgt die Allgeier Gruppe \u00fcber sehr bedarfsgenau nutzbare Finanzierungsmittel zu attraktiven Konditionen mit einem deutlich erh\u00f6hten Volumen, das in Korrelation mit dem k\u00fcnftigen Wachstum der Gruppe abgerufen werden kann. Das Closing der Kreditlinie wird bis Ende Oktober erwartet.<br \/>\u00a0<\/p>\n<p>Kontakt:<\/p>\n<p>Allgeier SE<br \/>Corporate Communications &amp; Investor Relations<br \/>Dr. Christopher Gro\u00dfe<br \/>Wehrlestra\u00dfe 12<br \/>81679 M\u00fcnchen<br \/>Tel.: +49 (0)89\/998421-0<br \/>Fax: +49 (0)89\/998421-11<br \/>E-Mail: ir@allgeier.com<br \/>Web: www.allgeier.com<br \/>\u00a0<\/p>\n<p style=\"text-align: justify\">Allgeier SE ist eines der f\u00fchrenden IT-Unternehmen f\u00fcr digitale Transformation: Mit einer auf Innovationen und Zukunftstrends ausgerichteten Wachstumsstrategie sowie einem integrativen unternehmerischen Modell ergreift Allgeier die Chancen der Digitalisierung. Drei Segmente mit individuellen fachlichen und branchenbezogenen Schwerpunkten arbeiten gemeinsam f\u00fcr rund 3.000 Kunden aus nahezu allen Branchen. Mit \u00fcber 6.800 angestellten Mitarbeitern und mehr als 1.300 freiberuflichen Experten bietet Allgeier den Kunden als One-Stop-Shop ein umfassendes L\u00f6sungs- und Leistungsportfolio. Allgeier bildet mit einem hochflexiblen Delivery-Modell das komplette IT-Leistungsspektrum von Onsite \u00fcber Nearshore bis hin zu Offshore ab: Mit einem starken Standbein in Indien werden Flexibilit\u00e4t und h\u00f6chste Skalierbarkeit der Leistungen sowie hochqualifiziertes Expertenwissen in der High-End-Softwareentwicklung sichergestellt. Zu den Kunden von Allgeier z\u00e4hlen global arbeitende Konzerne genauso wie innovative mittelst\u00e4ndische Betriebe, die sich durch leistungsstarke IT-L\u00f6sungen, intelligente Software und flexible Personaldienstleistungen strategische Vorteile sichern wollen. Die stark wachsende Gruppe mit Hauptsitz in M\u00fcnchen verf\u00fcgt \u00fcber mehr als 100 Niederlassungen in der DACH-Region, in neun weiteren europ\u00e4ischen L\u00e4ndern sowie in Indien, Singapur, Vietnam, Malaysia, Japan, Australien, Mexiko und den USA. 2016 erzielte Allgeier im fortgef\u00fchrten Gesch\u00e4ft einen Umsatz von 498 Mio. Euro. Allgeier SE belegt in der L\u00fcnendonk(R)-Sonderanalyse 2017 &#8222;F\u00fchrende deutsche mittelst\u00e4ndische IT-Beratungs- und Systemintegrations-Unternehmen&#8220; den ersten Platz. Allgeier Experts ist nach L\u00fcnendonk(R)-Marktsegmentstudie 2017 &#8222;Der Markt f\u00fcr Rekrutierung, Vermittlung und Steuerung von IT-Freelancern in Deutschland&#8220; unter den TOP 3 IT-Personaldienstleistern in Deutschland. Allgeier SE ist am Regulierten Markt der Frankfurter Wertpapierb\u00f6rse im General Standard gelistet (WKN A2GS63, ISIN DE000A2GS633). Weitere Informationen unter: www.allgeier.com.<\/p>\n<\/div>\n<hr \/>\n<hr \/>\n<\/td>\n<\/tr>\n<\/table>\n<p><\/p>\n<div class=\"\">\n<p class=\"\">\n<\/div>\n","protected":false},"excerpt":{"rendered":"<p>ALLGEIER SE \/ Schlagwort(e): Finanzierung Allgeier SE schlie\u00dft langfristige Finanzierung ab 23.10.2017 \/ 17:22 CET\/CEST Ver\u00f6ffentlichung einer Insiderinformation gem\u00e4\u00df Artikel 17 MAR, \u00fcbermittelt durch DGAP &#8211; ein Service der EQS Group AG. F\u00fcr den Inhalt der Mitteilung ist der Emittent verantwortlich.<\/p>\n","protected":false},"author":4,"featured_media":0,"parent":1155,"menu_order":0,"comment_status":"close","ping_status":"closed","template":"","meta":{"_acf_changed":false,"footnotes":""},"categories":[],"tags":[],"class_list":["post-5460","page","type-page","status-publish","hentry"],"acf":[],"yoast_head":"<!-- This site is optimized with the Yoast SEO plugin v27.4 - https:\/\/yoast.com\/product\/yoast-seo-wordpress\/ -->\n<title>Allgeier SE schlie\u00dft langfristige Finanzierung ab - Allgeier SE<\/title>\n<meta name=\"robots\" content=\"index, follow, max-snippet:-1, max-image-preview:large, max-video-preview:-1\" \/>\n<link rel=\"canonical\" href=\"https:\/\/www.allgeier.com\/de\/investor-relations\/adhoc-announcements\/allgeier-se-schliesst-langfristige-finanzierung-ab\/\" \/>\n<meta property=\"og:locale\" content=\"de_DE\" \/>\n<meta property=\"og:type\" content=\"article\" \/>\n<meta property=\"og:title\" content=\"Allgeier SE schlie\u00dft langfristige Finanzierung ab - Allgeier SE\" \/>\n<meta property=\"og:description\" content=\"ALLGEIER SE \/ Schlagwort(e): Finanzierung Allgeier SE schlie\u00dft langfristige Finanzierung ab 23.10.2017 \/ 17:22 CET\/CEST Ver\u00f6ffentlichung einer Insiderinformation gem\u00e4\u00df Artikel 17 MAR, \u00fcbermittelt durch DGAP - ein Service der EQS Group AG. F\u00fcr den Inhalt der Mitteilung ist der Emittent verantwortlich.\" \/>\n<meta property=\"og:url\" content=\"https:\/\/www.allgeier.com\/de\/investor-relations\/adhoc-announcements\/allgeier-se-schliesst-langfristige-finanzierung-ab\/\" \/>\n<meta property=\"og:site_name\" content=\"Allgeier SE\" \/>\n<meta property=\"article:modified_time\" content=\"2023-01-22T17:10:01+00:00\" \/>\n<meta name=\"twitter:card\" content=\"summary_large_image\" \/>\n<meta name=\"twitter:label1\" content=\"Gesch\u00e4tzte Lesezeit\" \/>\n\t<meta name=\"twitter:data1\" content=\"3\u00a0Minuten\" \/>\n<script type=\"application\/ld+json\" class=\"yoast-schema-graph\">{\"@context\":\"https:\\\/\\\/schema.org\",\"@graph\":[{\"@type\":\"WebPage\",\"@id\":\"https:\\\/\\\/www.allgeier.com\\\/de\\\/investor-relations\\\/adhoc-announcements\\\/allgeier-se-schliesst-langfristige-finanzierung-ab\\\/\",\"url\":\"https:\\\/\\\/www.allgeier.com\\\/de\\\/investor-relations\\\/adhoc-announcements\\\/allgeier-se-schliesst-langfristige-finanzierung-ab\\\/\",\"name\":\"Allgeier SE schlie\u00dft langfristige Finanzierung ab - Allgeier SE\",\"isPartOf\":{\"@id\":\"https:\\\/\\\/www.allgeier.com\\\/de\\\/#website\"},\"datePublished\":\"2017-10-23T15:22:35+00:00\",\"dateModified\":\"2023-01-22T17:10:01+00:00\",\"breadcrumb\":{\"@id\":\"https:\\\/\\\/www.allgeier.com\\\/de\\\/investor-relations\\\/adhoc-announcements\\\/allgeier-se-schliesst-langfristige-finanzierung-ab\\\/#breadcrumb\"},\"inLanguage\":\"de\",\"potentialAction\":[{\"@type\":\"ReadAction\",\"target\":[\"https:\\\/\\\/www.allgeier.com\\\/de\\\/investor-relations\\\/adhoc-announcements\\\/allgeier-se-schliesst-langfristige-finanzierung-ab\\\/\"]}]},{\"@type\":\"BreadcrumbList\",\"@id\":\"https:\\\/\\\/www.allgeier.com\\\/de\\\/investor-relations\\\/adhoc-announcements\\\/allgeier-se-schliesst-langfristige-finanzierung-ab\\\/#breadcrumb\",\"itemListElement\":[{\"@type\":\"ListItem\",\"position\":1,\"name\":\"Home\",\"item\":\"https:\\\/\\\/www.allgeier.com\\\/de\\\/\"},{\"@type\":\"ListItem\",\"position\":2,\"name\":\"Investor Relations\",\"item\":\"https:\\\/\\\/www.allgeier.com\\\/de\\\/investor-relations\\\/\"},{\"@type\":\"ListItem\",\"position\":3,\"name\":\"Ad hoc-Mitteilungen\",\"item\":\"https:\\\/\\\/www.allgeier.com\\\/de\\\/investor-relations\\\/adhoc-announcements\\\/\"},{\"@type\":\"ListItem\",\"position\":4,\"name\":\"Allgeier SE schlie\u00dft langfristige Finanzierung ab\"}]},{\"@type\":\"WebSite\",\"@id\":\"https:\\\/\\\/www.allgeier.com\\\/de\\\/#website\",\"url\":\"https:\\\/\\\/www.allgeier.com\\\/de\\\/\",\"name\":\"Allgeier SE\",\"description\":\"Software &amp; IT Services for digital transformation\",\"potentialAction\":[{\"@type\":\"SearchAction\",\"target\":{\"@type\":\"EntryPoint\",\"urlTemplate\":\"https:\\\/\\\/www.allgeier.com\\\/de\\\/?s={search_term_string}\"},\"query-input\":{\"@type\":\"PropertyValueSpecification\",\"valueRequired\":true,\"valueName\":\"search_term_string\"}}],\"inLanguage\":\"de\"}]}<\/script>\n<!-- \/ Yoast SEO plugin. -->","yoast_head_json":{"title":"Allgeier SE schlie\u00dft langfristige Finanzierung ab - Allgeier SE","robots":{"index":"index","follow":"follow","max-snippet":"max-snippet:-1","max-image-preview":"max-image-preview:large","max-video-preview":"max-video-preview:-1"},"canonical":"https:\/\/www.allgeier.com\/de\/investor-relations\/adhoc-announcements\/allgeier-se-schliesst-langfristige-finanzierung-ab\/","og_locale":"de_DE","og_type":"article","og_title":"Allgeier SE schlie\u00dft langfristige Finanzierung ab - Allgeier SE","og_description":"ALLGEIER SE \/ Schlagwort(e): Finanzierung Allgeier SE schlie\u00dft langfristige Finanzierung ab 23.10.2017 \/ 17:22 CET\/CEST Ver\u00f6ffentlichung einer Insiderinformation gem\u00e4\u00df Artikel 17 MAR, \u00fcbermittelt durch DGAP - ein Service der EQS Group AG. F\u00fcr den Inhalt der Mitteilung ist der Emittent verantwortlich.","og_url":"https:\/\/www.allgeier.com\/de\/investor-relations\/adhoc-announcements\/allgeier-se-schliesst-langfristige-finanzierung-ab\/","og_site_name":"Allgeier SE","article_modified_time":"2023-01-22T17:10:01+00:00","twitter_card":"summary_large_image","twitter_misc":{"Gesch\u00e4tzte Lesezeit":"3\u00a0Minuten"},"schema":{"@context":"https:\/\/schema.org","@graph":[{"@type":"WebPage","@id":"https:\/\/www.allgeier.com\/de\/investor-relations\/adhoc-announcements\/allgeier-se-schliesst-langfristige-finanzierung-ab\/","url":"https:\/\/www.allgeier.com\/de\/investor-relations\/adhoc-announcements\/allgeier-se-schliesst-langfristige-finanzierung-ab\/","name":"Allgeier SE schlie\u00dft langfristige Finanzierung ab - Allgeier SE","isPartOf":{"@id":"https:\/\/www.allgeier.com\/de\/#website"},"datePublished":"2017-10-23T15:22:35+00:00","dateModified":"2023-01-22T17:10:01+00:00","breadcrumb":{"@id":"https:\/\/www.allgeier.com\/de\/investor-relations\/adhoc-announcements\/allgeier-se-schliesst-langfristige-finanzierung-ab\/#breadcrumb"},"inLanguage":"de","potentialAction":[{"@type":"ReadAction","target":["https:\/\/www.allgeier.com\/de\/investor-relations\/adhoc-announcements\/allgeier-se-schliesst-langfristige-finanzierung-ab\/"]}]},{"@type":"BreadcrumbList","@id":"https:\/\/www.allgeier.com\/de\/investor-relations\/adhoc-announcements\/allgeier-se-schliesst-langfristige-finanzierung-ab\/#breadcrumb","itemListElement":[{"@type":"ListItem","position":1,"name":"Home","item":"https:\/\/www.allgeier.com\/de\/"},{"@type":"ListItem","position":2,"name":"Investor Relations","item":"https:\/\/www.allgeier.com\/de\/investor-relations\/"},{"@type":"ListItem","position":3,"name":"Ad hoc-Mitteilungen","item":"https:\/\/www.allgeier.com\/de\/investor-relations\/adhoc-announcements\/"},{"@type":"ListItem","position":4,"name":"Allgeier SE schlie\u00dft langfristige Finanzierung ab"}]},{"@type":"WebSite","@id":"https:\/\/www.allgeier.com\/de\/#website","url":"https:\/\/www.allgeier.com\/de\/","name":"Allgeier SE","description":"Software &amp; IT Services for digital transformation","potentialAction":[{"@type":"SearchAction","target":{"@type":"EntryPoint","urlTemplate":"https:\/\/www.allgeier.com\/de\/?s={search_term_string}"},"query-input":{"@type":"PropertyValueSpecification","valueRequired":true,"valueName":"search_term_string"}}],"inLanguage":"de"}]}},"_links":{"self":[{"href":"https:\/\/www.allgeier.com\/de\/wp-json\/wp\/v2\/pages\/5460","targetHints":{"allow":["GET"]}}],"collection":[{"href":"https:\/\/www.allgeier.com\/de\/wp-json\/wp\/v2\/pages"}],"about":[{"href":"https:\/\/www.allgeier.com\/de\/wp-json\/wp\/v2\/types\/page"}],"author":[{"embeddable":true,"href":"https:\/\/www.allgeier.com\/de\/wp-json\/wp\/v2\/users\/4"}],"replies":[{"embeddable":true,"href":"https:\/\/www.allgeier.com\/de\/wp-json\/wp\/v2\/comments?post=5460"}],"version-history":[{"count":1,"href":"https:\/\/www.allgeier.com\/de\/wp-json\/wp\/v2\/pages\/5460\/revisions"}],"predecessor-version":[{"id":5461,"href":"https:\/\/www.allgeier.com\/de\/wp-json\/wp\/v2\/pages\/5460\/revisions\/5461"}],"up":[{"embeddable":true,"href":"https:\/\/www.allgeier.com\/de\/wp-json\/wp\/v2\/pages\/1155"}],"wp:attachment":[{"href":"https:\/\/www.allgeier.com\/de\/wp-json\/wp\/v2\/media?parent=5460"}],"wp:term":[{"taxonomy":"category","embeddable":true,"href":"https:\/\/www.allgeier.com\/de\/wp-json\/wp\/v2\/categories?post=5460"},{"taxonomy":"post_tag","embeddable":true,"href":"https:\/\/www.allgeier.com\/de\/wp-json\/wp\/v2\/tags?post=5460"}],"curies":[{"name":"wp","href":"https:\/\/api.w.org\/{rel}","templated":true}]}}