{"id":5462,"date":"2017-08-08T16:21:20","date_gmt":"2017-08-08T16:21:20","guid":{"rendered":"https:\/\/www.allgeier.com\/de\/?page_id=5462"},"modified":"2023-01-22T17:10:01","modified_gmt":"2023-01-22T17:10:01","slug":"allgeier-se-allgeier-zeigt-im-ersten-halbjahr-2017-zweistelliges-umsatzwachstum-bei-einem-durch-investitionen-beeinflussten-ergebnis","status":"publish","type":"page","link":"https:\/\/www.allgeier.com\/de\/investor-relations\/adhoc-announcements\/allgeier-se-allgeier-zeigt-im-ersten-halbjahr-2017-zweistelliges-umsatzwachstum-bei-einem-durch-investitionen-beeinflussten-ergebnis\/","title":{"rendered":"Allgeier SE: Allgeier zeigt im ersten Halbjahr 2017 zweistelliges Umsatzwachstum bei einem durch Investitionen beeinflussten Ergebnis"},"content":{"rendered":"<table class=\"news_layout style2015\" border=\"0\" cellpadding=\"0\" cellspacing=\"0\">\n<tr>\n<td>\n<p class=\"news_top\">ALLGEIER SE \/ Schlagwort(e): Halbjahresergebnis<\/p>\n<p><span class=\"news_top_date\">08.08.2017 \/ 18:21 CET\/CEST<\/span><br \/>Ver\u00f6ffentlichung einer Insiderinformation gem\u00e4\u00df Artikel 17 MAR, \u00fcbermittelt durch DGAP &#8211; ein Service der EQS Group AG.<br \/>F\u00fcr den Inhalt der Mitteilung ist der Emittent verantwortlich.<\/p>\n<hr \/>\n<div class=\"break-word news_main\">\n<p style=\"text-align: justify\"><i>M\u00fcnchen, 08. August 2017 &#8211;<\/i> Allgeier SE (ISIN DE0005086300, WKN 508630) verzeichnet gem\u00e4\u00df vorl\u00e4ufiger Zahlen in den ersten sechs Monaten des Gesch\u00e4ftsjahres 2017 (01. Januar 2017 &#8211; 30. Juni 2017) ein zweistelliges Wachstum in der Gesamtleistung. Das Ergebnis des ersten Halbjahres ist plangem\u00e4\u00df von erheblichen Investitionen in den Aufbau der Gesch\u00e4ftsbereiche Enterprise Services und Experts gepr\u00e4gt. Die Investitionen erfolgten vor allem in den deutlichen Aufbau von Mitarbeitern und die Schaffung neuer Unternehmensstrukturen. Das operative Ergebnis ist zudem durch vergleichsweise h\u00f6here Produktionskosten im Gesch\u00e4ftsbereich Technology aufgrund des gestiegenen Kurses der Indischen Rupie belastet.<br \/>\u00a0<\/p>\n<p style=\"text-align: justify\">Gesch\u00e4ftsentwicklung im zweiten Quartal 2017<br \/>\u00a0<\/p>\n<p style=\"text-align: justify\">Im zweiten Quartal 2017 (01. April 2017 &#8211; 30. Juni 2017) verzeichnete der Konzern gem\u00e4\u00df vorl\u00e4ufiger Zahlen einen Anstieg der Gesamtleistung gegen\u00fcber dem Vergleichszeitraum des Vorjahres um 13 Prozent auf 142 Mio. Euro (Vorjahr: 126 Mio. Euro, alle Vorjahresangaben beziehen sich auf das fortgef\u00fchrte Gesch\u00e4ft). Das vorl\u00e4ufige bereinigte Konzern-EBITDA (EBITDA vor Effekten, die betriebswirtschaftlich als au\u00dferordentlich oder periodenfremd qualifiziert werden) lag mit 4,8 Mio. Euro unter dem Vorjahresergebnis (Vorjahr: 10,3 Mio. Euro). Das vorl\u00e4ufige Konzern-EBITDA des zweiten Quartals betrug 4,8 Mio. Euro (Vorjahr: 7,9 Mio. Euro). Das vorl\u00e4ufige Konzern-EBIT (Ergebnis vor Zinsen und Steuern) betrug 1,5 Mio. Euro (Vorjahr: 5,2 Mio. Euro).<br \/>\u00a0<\/p>\n<p style=\"text-align: justify\">Gesch\u00e4ftsentwicklung im ersten Halbjahr 2017<br \/>\u00a0<\/p>\n<p style=\"text-align: justify\">In Summe stieg die vorl\u00e4ufige Gesamtleistung im Konzern im ersten Halbjahr 2017 gegen\u00fcber den ersten sechs Monaten des Jahres 2016 um 14,6 Prozent auf 276 Mio. Euro (Vorjahr: 241 Mio. Euro). Das vorl\u00e4ufige bereinigte Konzern-EBITDA (EBITDA vor Effekten, die betriebswirtschaftlich als au\u00dferordentlich oder periodenfremd qualifiziert werden) betrug 9,5 Mio. Euro (Vorjahr: 15,4 Mio. Euro). Das vorl\u00e4ufige Konzern-EBITDA lag bei 10,1 Mio. Euro (Vorjahr: 13,4 Mio. Euro). Das vorl\u00e4ufige Konzern-EBIT (Ergebnis vor Zinsen und Steuern) betrug 4,0 Mio. Euro (Vorjahr: 8,1 Mio. Euro).<br \/>\u00a0<\/p>\n<p style=\"text-align: justify\">W\u00e4hrend die Wertsch\u00f6pfung (Gesamtleistung abz\u00fcglich direkte Personal- und sonstige Kosten) im Konzern im ersten Halbjahr gem\u00e4\u00df vorl\u00e4ufiger Zahlen um 14,9 Prozent stieg, ist das Ergebnis des ersten Halbjahres 2017 plangem\u00e4\u00df durch erhebliche Investitionen in den Gesch\u00e4ftsaufbau in den Gesch\u00e4ftsbereichen Enterprise Services und Experts reduziert. Der Bereich Enterprise Services hat seine Personalkosten im ersten Halbjahr durch die Einstellung von mehr als 400 Mitarbeitern, \u00fcberwiegend SAP-Spezialisten, deutlich gegen\u00fcber dem Vorjahreszeitraum erh\u00f6ht. Der Bereich Experts hat durch die Einstellung von netto ca. 80 Mitarbeitern seine Personalkosten deutlich \u00fcberproportional gegen\u00fcber dem Vorjahreszeitraum erh\u00f6ht. Der Vorstand sieht dies als erhebliche Investition in das Wachstum und die k\u00fcnftige Gesch\u00e4ftsentwicklung in den Jahren 2018ff.<br \/>\u00a0<\/p>\n<p style=\"text-align: justify\">Eckdaten der Bilanz zum 30. Juni 2017<br \/>\u00a0<\/p>\n<p style=\"text-align: justify\">Das vorl\u00e4ufige Eigenkapital betrug zum Stichtag 30. Juni 2017 124,0 Mio. Euro (31. Dezember 2016: 116,9 Mio. Euro). Dem Allgeier Konzern standen zum Bilanzstichtag gem\u00e4\u00df vorl\u00e4ufiger Zahlen liquide Mittel in H\u00f6he von 61,1 Mio. Euro zur Verf\u00fcgung (31. Dezember 2016: 71,8 Mio. Euro). Die vorl\u00e4ufige Bilanzsumme betrug zum 30. Juni 2017 357,0 Mio. Euro (31. Dezember 2016: 344,4 Mio. Euro).<br \/>\u00a0<\/p>\n<p style=\"text-align: justify\">Ausblick auf die zweite Jahresh\u00e4lfte 2017<br \/>\u00a0<\/p>\n<p style=\"text-align: justify\">Der Vorstand erwartet f\u00fcr die zweite Jahresh\u00e4lfte 2017 gem\u00e4\u00df derzeitiger Planung eine Fortsetzung des zweistelligen Wachstums gegen\u00fcber dem Vergleichszeitraum des Vorjahres. Die Gesamtleistung soll gem\u00e4\u00df der Konzernplanung in den zweiten sechs Monaten 2017 in einer Gr\u00f6\u00dfenordnung von 20 Prozent wachsen, wozu vor allem der Gesch\u00e4ftsbereich Enterprise Services \u00fcberproportional beitragen wird. Das bereinigte Konzern-EBITDA (EBITDA vor Effekten, die betriebswirtschaftlich als au\u00dferordentlich oder periodenfremd qualifiziert werden) soll gem\u00e4\u00df der Planung im zweiten Halbjahr 2017 gegen\u00fcber dem Vorjahreszeitraum leicht im einstelligen Prozentbereich wachsen.<br \/>\u00a0<\/p>\n<p style=\"text-align: justify\">Alle genannten IFRS-Zahlen sind vorl\u00e4ufig. Alle Angaben zum Vorjahr beziehen sich auf das fortgef\u00fchrte Gesch\u00e4ft. Der Halbjahresfinanzbericht 2017 der Allgeier SE wird am 31. August 2017 ver\u00f6ffentlicht und ist dann unter www.allgeier.com einzusehen.<br \/>\u00a0<\/p>\n<p>Kontakt:<\/p>\n<p>Allgeier SE<br \/>Corporate Communications &amp; Investor Relations<br \/>Dr. Christopher Gro\u00dfe<br \/>Wehrlestra\u00dfe 12<br \/>81679 M\u00fcnchen<br \/>Tel.: +49 (0)89\/998421-0<br \/>Fax: +49 (0)89\/998421-11<br \/>E-Mail: ir@allgeier.com<br \/>Web: www.allgeier.com<br \/>\u00a0<\/p>\n<p style=\"text-align: justify\">Allgeier SE ist eines der f\u00fchrenden IT-Unternehmen f\u00fcr digitale Transformation: Mit einer auf Innovationen und Zukunftstrends ausgerichteten Wachstumsstrategie sowie einem integrativen unternehmerischen Modell ergreift Allgeier die Chancen der Digitalisierung. Drei Segmente mit individuellen fachlichen und branchenbezogenen Schwerpunkten arbeiten gemeinsam f\u00fcr rund 3.000 Kunden aus nahezu allen Branchen. Mit \u00fcber 6.800 angestellten Mitarbeitern und mehr als 1.300 freiberuflichen Experten bietet Allgeier den Kunden als One-Stop-Shop ein umfassendes L\u00f6sungs- und Leistungsportfolio. Allgeier bildet mit einem hochflexiblen Delivery-Modell das komplette IT-Leistungsspektrum von Onsite \u00fcber Nearshore bis hin zu Offshore ab: Mit einem starken Standbein in Indien werden Flexibilit\u00e4t und h\u00f6chste Skalierbarkeit der Leistungen sowie hochqualifiziertes Expertenwissen in der High-End-Softwareentwicklung sichergestellt. Zu den Kunden von Allgeier z\u00e4hlen global arbeitende Konzerne genauso wie innovative mittelst\u00e4ndische Betriebe, die sich durch leistungsstarke IT-L\u00f6sungen, intelligente Software und flexible Personaldienstleistungen strategische Vorteile sichern wollen. Die stark wachsende Gruppe mit Hauptsitz in M\u00fcnchen verf\u00fcgt \u00fcber mehr als 100 Niederlassungen in der DACH-Region, in neun weiteren europ\u00e4ischen L\u00e4ndern sowie in Indien, Singapur, Vietnam, Mexiko und den USA. 2016 erzielte Allgeier im fortgef\u00fchrten Gesch\u00e4ft einen Umsatz von 498 Mio. Euro. Allgeier SE belegt in der L\u00fcnendonk(R)-Sonderanalyse 2017 &#8222;F\u00fchrende deutsche mittelst\u00e4ndische IT-Beratungs- und Systemintegrations-Unternehmen&#8220; den ersten Platz. Allgeier Experts ist nach L\u00fcnendonk(R)-Marktsegmentstudie 2017 &#8222;Der Markt f\u00fcr Rekrutierung, Vermittlung und Steuerung von IT-Freelancern in Deutschland&#8220; unter den TOP 3 IT-Personaldienstleistern in Deutschland. Allgeier SE ist am Regulierten Markt der Frankfurter Wertpapierb\u00f6rse im General Standard gelistet (WKN 508630, ISIN DE0005086300). Weitere Informationen unter: www.allgeier.com.<\/p>\n<\/div>\n<hr \/>\n<hr \/>\n<\/td>\n<\/tr>\n<\/table>\n<p><\/p>\n<div class=\"time_layout_email\">\n<p class=\"\">\n<\/div>\n","protected":false},"excerpt":{"rendered":"<p>ALLGEIER SE \/ Schlagwort(e): Halbjahresergebnis 08.08.2017 \/ 18:21 CET\/CEST Ver\u00f6ffentlichung einer Insiderinformation gem\u00e4\u00df Artikel 17 MAR, \u00fcbermittelt durch DGAP &#8211; ein Service der EQS Group AG. F\u00fcr den Inhalt der Mitteilung ist der Emittent verantwortlich. M\u00fcnchen, 08. August 2017 &#8211; Allgeier SE (ISIN<\/p>\n","protected":false},"author":4,"featured_media":0,"parent":1155,"menu_order":0,"comment_status":"close","ping_status":"closed","template":"","meta":{"_acf_changed":false,"footnotes":""},"categories":[],"tags":[],"class_list":["post-5462","page","type-page","status-publish","hentry"],"acf":[],"yoast_head":"<!-- This site is optimized with the Yoast SEO plugin v27.4 - https:\/\/yoast.com\/product\/yoast-seo-wordpress\/ -->\n<title>Allgeier SE: Allgeier zeigt im ersten Halbjahr 2017 zweistelliges Umsatzwachstum bei einem durch Investitionen beeinflussten Ergebnis - Allgeier SE<\/title>\n<meta name=\"robots\" content=\"index, follow, max-snippet:-1, max-image-preview:large, max-video-preview:-1\" \/>\n<link rel=\"canonical\" href=\"https:\/\/www.allgeier.com\/de\/investor-relations\/adhoc-announcements\/allgeier-se-allgeier-zeigt-im-ersten-halbjahr-2017-zweistelliges-umsatzwachstum-bei-einem-durch-investitionen-beeinflussten-ergebnis\/\" \/>\n<meta property=\"og:locale\" content=\"de_DE\" \/>\n<meta property=\"og:type\" content=\"article\" \/>\n<meta property=\"og:title\" content=\"Allgeier SE: Allgeier zeigt im ersten Halbjahr 2017 zweistelliges Umsatzwachstum bei einem durch Investitionen beeinflussten Ergebnis - Allgeier SE\" \/>\n<meta property=\"og:description\" content=\"ALLGEIER SE \/ Schlagwort(e): Halbjahresergebnis 08.08.2017 \/ 18:21 CET\/CEST Ver\u00f6ffentlichung einer Insiderinformation gem\u00e4\u00df Artikel 17 MAR, \u00fcbermittelt durch DGAP - ein Service der EQS Group AG. F\u00fcr den Inhalt der Mitteilung ist der Emittent verantwortlich. M\u00fcnchen, 08. August 2017 - Allgeier SE (ISIN\" \/>\n<meta property=\"og:url\" content=\"https:\/\/www.allgeier.com\/de\/investor-relations\/adhoc-announcements\/allgeier-se-allgeier-zeigt-im-ersten-halbjahr-2017-zweistelliges-umsatzwachstum-bei-einem-durch-investitionen-beeinflussten-ergebnis\/\" \/>\n<meta property=\"og:site_name\" content=\"Allgeier SE\" \/>\n<meta property=\"article:modified_time\" content=\"2023-01-22T17:10:01+00:00\" \/>\n<meta name=\"twitter:card\" content=\"summary_large_image\" \/>\n<meta name=\"twitter:label1\" content=\"Gesch\u00e4tzte Lesezeit\" \/>\n\t<meta name=\"twitter:data1\" content=\"4\u00a0Minuten\" \/>\n<script type=\"application\/ld+json\" class=\"yoast-schema-graph\">{\"@context\":\"https:\\\/\\\/schema.org\",\"@graph\":[{\"@type\":\"WebPage\",\"@id\":\"https:\\\/\\\/www.allgeier.com\\\/de\\\/investor-relations\\\/adhoc-announcements\\\/allgeier-se-allgeier-zeigt-im-ersten-halbjahr-2017-zweistelliges-umsatzwachstum-bei-einem-durch-investitionen-beeinflussten-ergebnis\\\/\",\"url\":\"https:\\\/\\\/www.allgeier.com\\\/de\\\/investor-relations\\\/adhoc-announcements\\\/allgeier-se-allgeier-zeigt-im-ersten-halbjahr-2017-zweistelliges-umsatzwachstum-bei-einem-durch-investitionen-beeinflussten-ergebnis\\\/\",\"name\":\"Allgeier SE: Allgeier zeigt im ersten Halbjahr 2017 zweistelliges Umsatzwachstum bei einem durch Investitionen beeinflussten Ergebnis - Allgeier SE\",\"isPartOf\":{\"@id\":\"https:\\\/\\\/www.allgeier.com\\\/de\\\/#website\"},\"datePublished\":\"2017-08-08T16:21:20+00:00\",\"dateModified\":\"2023-01-22T17:10:01+00:00\",\"breadcrumb\":{\"@id\":\"https:\\\/\\\/www.allgeier.com\\\/de\\\/investor-relations\\\/adhoc-announcements\\\/allgeier-se-allgeier-zeigt-im-ersten-halbjahr-2017-zweistelliges-umsatzwachstum-bei-einem-durch-investitionen-beeinflussten-ergebnis\\\/#breadcrumb\"},\"inLanguage\":\"de\",\"potentialAction\":[{\"@type\":\"ReadAction\",\"target\":[\"https:\\\/\\\/www.allgeier.com\\\/de\\\/investor-relations\\\/adhoc-announcements\\\/allgeier-se-allgeier-zeigt-im-ersten-halbjahr-2017-zweistelliges-umsatzwachstum-bei-einem-durch-investitionen-beeinflussten-ergebnis\\\/\"]}]},{\"@type\":\"BreadcrumbList\",\"@id\":\"https:\\\/\\\/www.allgeier.com\\\/de\\\/investor-relations\\\/adhoc-announcements\\\/allgeier-se-allgeier-zeigt-im-ersten-halbjahr-2017-zweistelliges-umsatzwachstum-bei-einem-durch-investitionen-beeinflussten-ergebnis\\\/#breadcrumb\",\"itemListElement\":[{\"@type\":\"ListItem\",\"position\":1,\"name\":\"Home\",\"item\":\"https:\\\/\\\/www.allgeier.com\\\/de\\\/\"},{\"@type\":\"ListItem\",\"position\":2,\"name\":\"Investor Relations\",\"item\":\"https:\\\/\\\/www.allgeier.com\\\/de\\\/investor-relations\\\/\"},{\"@type\":\"ListItem\",\"position\":3,\"name\":\"Ad hoc-Mitteilungen\",\"item\":\"https:\\\/\\\/www.allgeier.com\\\/de\\\/investor-relations\\\/adhoc-announcements\\\/\"},{\"@type\":\"ListItem\",\"position\":4,\"name\":\"Allgeier SE: Allgeier zeigt im ersten Halbjahr 2017 zweistelliges Umsatzwachstum bei einem durch Investitionen beeinflussten Ergebnis\"}]},{\"@type\":\"WebSite\",\"@id\":\"https:\\\/\\\/www.allgeier.com\\\/de\\\/#website\",\"url\":\"https:\\\/\\\/www.allgeier.com\\\/de\\\/\",\"name\":\"Allgeier SE\",\"description\":\"Software &amp; IT Services for digital transformation\",\"potentialAction\":[{\"@type\":\"SearchAction\",\"target\":{\"@type\":\"EntryPoint\",\"urlTemplate\":\"https:\\\/\\\/www.allgeier.com\\\/de\\\/?s={search_term_string}\"},\"query-input\":{\"@type\":\"PropertyValueSpecification\",\"valueRequired\":true,\"valueName\":\"search_term_string\"}}],\"inLanguage\":\"de\"}]}<\/script>\n<!-- \/ Yoast SEO plugin. -->","yoast_head_json":{"title":"Allgeier SE: Allgeier zeigt im ersten Halbjahr 2017 zweistelliges Umsatzwachstum bei einem durch Investitionen beeinflussten Ergebnis - Allgeier SE","robots":{"index":"index","follow":"follow","max-snippet":"max-snippet:-1","max-image-preview":"max-image-preview:large","max-video-preview":"max-video-preview:-1"},"canonical":"https:\/\/www.allgeier.com\/de\/investor-relations\/adhoc-announcements\/allgeier-se-allgeier-zeigt-im-ersten-halbjahr-2017-zweistelliges-umsatzwachstum-bei-einem-durch-investitionen-beeinflussten-ergebnis\/","og_locale":"de_DE","og_type":"article","og_title":"Allgeier SE: Allgeier zeigt im ersten Halbjahr 2017 zweistelliges Umsatzwachstum bei einem durch Investitionen beeinflussten Ergebnis - Allgeier SE","og_description":"ALLGEIER SE \/ Schlagwort(e): Halbjahresergebnis 08.08.2017 \/ 18:21 CET\/CEST Ver\u00f6ffentlichung einer Insiderinformation gem\u00e4\u00df Artikel 17 MAR, \u00fcbermittelt durch DGAP - ein Service der EQS Group AG. F\u00fcr den Inhalt der Mitteilung ist der Emittent verantwortlich. M\u00fcnchen, 08. August 2017 - Allgeier SE (ISIN","og_url":"https:\/\/www.allgeier.com\/de\/investor-relations\/adhoc-announcements\/allgeier-se-allgeier-zeigt-im-ersten-halbjahr-2017-zweistelliges-umsatzwachstum-bei-einem-durch-investitionen-beeinflussten-ergebnis\/","og_site_name":"Allgeier SE","article_modified_time":"2023-01-22T17:10:01+00:00","twitter_card":"summary_large_image","twitter_misc":{"Gesch\u00e4tzte Lesezeit":"4\u00a0Minuten"},"schema":{"@context":"https:\/\/schema.org","@graph":[{"@type":"WebPage","@id":"https:\/\/www.allgeier.com\/de\/investor-relations\/adhoc-announcements\/allgeier-se-allgeier-zeigt-im-ersten-halbjahr-2017-zweistelliges-umsatzwachstum-bei-einem-durch-investitionen-beeinflussten-ergebnis\/","url":"https:\/\/www.allgeier.com\/de\/investor-relations\/adhoc-announcements\/allgeier-se-allgeier-zeigt-im-ersten-halbjahr-2017-zweistelliges-umsatzwachstum-bei-einem-durch-investitionen-beeinflussten-ergebnis\/","name":"Allgeier SE: Allgeier zeigt im ersten Halbjahr 2017 zweistelliges Umsatzwachstum bei einem durch Investitionen beeinflussten Ergebnis - Allgeier SE","isPartOf":{"@id":"https:\/\/www.allgeier.com\/de\/#website"},"datePublished":"2017-08-08T16:21:20+00:00","dateModified":"2023-01-22T17:10:01+00:00","breadcrumb":{"@id":"https:\/\/www.allgeier.com\/de\/investor-relations\/adhoc-announcements\/allgeier-se-allgeier-zeigt-im-ersten-halbjahr-2017-zweistelliges-umsatzwachstum-bei-einem-durch-investitionen-beeinflussten-ergebnis\/#breadcrumb"},"inLanguage":"de","potentialAction":[{"@type":"ReadAction","target":["https:\/\/www.allgeier.com\/de\/investor-relations\/adhoc-announcements\/allgeier-se-allgeier-zeigt-im-ersten-halbjahr-2017-zweistelliges-umsatzwachstum-bei-einem-durch-investitionen-beeinflussten-ergebnis\/"]}]},{"@type":"BreadcrumbList","@id":"https:\/\/www.allgeier.com\/de\/investor-relations\/adhoc-announcements\/allgeier-se-allgeier-zeigt-im-ersten-halbjahr-2017-zweistelliges-umsatzwachstum-bei-einem-durch-investitionen-beeinflussten-ergebnis\/#breadcrumb","itemListElement":[{"@type":"ListItem","position":1,"name":"Home","item":"https:\/\/www.allgeier.com\/de\/"},{"@type":"ListItem","position":2,"name":"Investor Relations","item":"https:\/\/www.allgeier.com\/de\/investor-relations\/"},{"@type":"ListItem","position":3,"name":"Ad hoc-Mitteilungen","item":"https:\/\/www.allgeier.com\/de\/investor-relations\/adhoc-announcements\/"},{"@type":"ListItem","position":4,"name":"Allgeier SE: Allgeier zeigt im ersten Halbjahr 2017 zweistelliges Umsatzwachstum bei einem durch Investitionen beeinflussten Ergebnis"}]},{"@type":"WebSite","@id":"https:\/\/www.allgeier.com\/de\/#website","url":"https:\/\/www.allgeier.com\/de\/","name":"Allgeier SE","description":"Software &amp; IT Services for digital transformation","potentialAction":[{"@type":"SearchAction","target":{"@type":"EntryPoint","urlTemplate":"https:\/\/www.allgeier.com\/de\/?s={search_term_string}"},"query-input":{"@type":"PropertyValueSpecification","valueRequired":true,"valueName":"search_term_string"}}],"inLanguage":"de"}]}},"_links":{"self":[{"href":"https:\/\/www.allgeier.com\/de\/wp-json\/wp\/v2\/pages\/5462","targetHints":{"allow":["GET"]}}],"collection":[{"href":"https:\/\/www.allgeier.com\/de\/wp-json\/wp\/v2\/pages"}],"about":[{"href":"https:\/\/www.allgeier.com\/de\/wp-json\/wp\/v2\/types\/page"}],"author":[{"embeddable":true,"href":"https:\/\/www.allgeier.com\/de\/wp-json\/wp\/v2\/users\/4"}],"replies":[{"embeddable":true,"href":"https:\/\/www.allgeier.com\/de\/wp-json\/wp\/v2\/comments?post=5462"}],"version-history":[{"count":1,"href":"https:\/\/www.allgeier.com\/de\/wp-json\/wp\/v2\/pages\/5462\/revisions"}],"predecessor-version":[{"id":5463,"href":"https:\/\/www.allgeier.com\/de\/wp-json\/wp\/v2\/pages\/5462\/revisions\/5463"}],"up":[{"embeddable":true,"href":"https:\/\/www.allgeier.com\/de\/wp-json\/wp\/v2\/pages\/1155"}],"wp:attachment":[{"href":"https:\/\/www.allgeier.com\/de\/wp-json\/wp\/v2\/media?parent=5462"}],"wp:term":[{"taxonomy":"category","embeddable":true,"href":"https:\/\/www.allgeier.com\/de\/wp-json\/wp\/v2\/categories?post=5462"},{"taxonomy":"post_tag","embeddable":true,"href":"https:\/\/www.allgeier.com\/de\/wp-json\/wp\/v2\/tags?post=5462"}],"curies":[{"name":"wp","href":"https:\/\/api.w.org\/{rel}","templated":true}]}}