{"id":5464,"date":"2017-06-21T06:59:53","date_gmt":"2017-06-21T06:59:53","guid":{"rendered":"https:\/\/www.allgeier.com\/de\/?page_id=5464"},"modified":"2023-01-22T17:10:01","modified_gmt":"2023-01-22T17:10:01","slug":"allgeier-schliesst-kapitalerhoehung-erfolgreich-ab-2","status":"publish","type":"page","link":"https:\/\/www.allgeier.com\/de\/investor-relations\/adhoc-announcements\/allgeier-schliesst-kapitalerhoehung-erfolgreich-ab-2\/","title":{"rendered":"Allgeier schlie\u00dft Kapitalerh\u00f6hung erfolgreich ab"},"content":{"rendered":"<table class=\"news_layout style2015\" border=\"0\" cellpadding=\"0\" cellspacing=\"0\">\n<tr>\n<td>\n<p class=\"news_top\">ALLGEIER SE \/ Schlagwort(e): Kapitalerh\u00f6hung<\/p>\n<p><span class=\"news_top_date\">21.06.2017 \/ 08:59 CET\/CEST<\/span><br \/>Ver\u00f6ffentlichung einer Insiderinformation gem\u00e4\u00df Artikel 17 MAR, \u00fcbermittelt durch DGAP &#8211; ein Service der EQS Group AG.<br \/>F\u00fcr den Inhalt der Mitteilung ist der Emittent verantwortlich.<\/p>\n<hr \/>\n<div class=\"break-word news_main\">\n<p style=\"text-align: justify\"><i>M\u00fcnchen, 21.06.2017 &#8211; <\/i>Die Allgeier SE (ISIN DE0005086300, WKN 508630) hat die Kapitalerh\u00f6hung entsprechend der Beschl\u00fcsse vom 20. Juni 2017 erfolgreich abgeschlossen.<br \/>\u00a0<\/p>\n<p style=\"text-align: justify\">Die Gesellschaft hat ihr Grundkapital auf der Grundlage des genehmigten Kapitals von derzeit EUR 9.071.500,00 um EUR 907.149 auf EUR 9.978.649,00 durch Ausgabe von insgesamt 907.149 auf den Inhaber lautenden St\u00fcckaktien gegen Bareinlage unter Ausschluss des gesetzlichen Bezugsrechts der Aktion\u00e4re erh\u00f6ht. Die neuen Aktien sind ab dem 01. Januar 2017 gewinnberechtigt.<br \/>\u00a0<\/p>\n<p style=\"text-align: justify\">Die Kapitalerh\u00f6hung wurde in der maximal m\u00f6glichen H\u00f6he durchgef\u00fchrt. Der vom Vorstand der Gesellschaft mit Zustimmung des Aufsichtsrates festgelegte Platzierungspreis betrug EUR 18,10 je Aktie. Die neuen Aktien wurden bei internationalen institutionellen Investoren, Organmitgliedern der Gesellschaft und weiteren F\u00fchrungskr\u00e4ften der Allgeier Gruppe sowie ausgew\u00e4hlten weiteren Anlegern platziert.<br \/>\u00a0<\/p>\n<p style=\"text-align: justify\">Nach Eintragung der Durchf\u00fchrung der Kapitalerh\u00f6hung in das Handelsregister des Amtsgerichts M\u00fcnchen betr\u00e4gt das neue Grundkapital EUR 9.978.649,00 und ist eingeteilt in 9.978.649 auf den Inhaber lautende St\u00fcckaktien ohne Nennbetrag. Die Eintragung der Durchf\u00fchrung der Kapitalerh\u00f6hung in das Handelsregister des Amtsgerichts M\u00fcnchen erfolgt voraussichtlich am Donnerstag, den 22. Juni 2017. Die neuen Aktien werden prospektfrei voraussichtlich am Donnerstag, den 22. Juni 2017 zum Handel im regulierten Markt an der Frankfurter Wertpapierb\u00f6rse (General Standard) zugelassen. Die Notierungsaufnahme der neuen Aktien aus der Kapitalerh\u00f6hung ist vorgesehen f\u00fcr Freitag, den 23. Juni 2017. Die neuen Aktien werden nach der am 28. Juni 2017 stattfindenden ordentlichen Hauptversammlung der Gesellschaft, voraussichtlich am 03. Juli 2017, in die bestehende Notierung der Aktien der Gesellschaft einbezogen. Die Transaktion wurde von der Baader Bank Aktiengesellschaft begleitet.<br \/>\u00a0<\/p>\n<p style=\"text-align: justify\">Durch die Kapitalerh\u00f6hung flie\u00dft der Gesellschaft ein Bruttoemissionserl\u00f6s in H\u00f6he von EUR 16.419.396,90 zu, der zur Finanzierung weiterer Wachstumsinvestitionen sowie insbesondere auch zur Durchf\u00fchrung weiterer Akquisitionen verwendet werden soll.<br \/>\u00a0<\/p>\n<p style=\"text-align: justify\"><u>Wichtige Hinweise<\/u>:<br \/>\u00a0<\/p>\n<p style=\"text-align: justify\">Die in diesem Dokument enthaltenen Informationen sind nicht zur Weitergabe in die USA, Australien, Kanada oder Japan bzw. zur Ver\u00f6ffentlichung in den USA, Australien, Kanada oder Japan bestimmt.<br \/>\u00a0<\/p>\n<p style=\"text-align: justify\">Dieses Dokument stellt weder ein Angebot zum Verkauf noch eine Aufforderung zum Kauf von Wertpapieren dar.<br \/>\u00a0<\/p>\n<p style=\"text-align: justify\">Dieses Dokument ist insbesondere kein Angebot zum Kauf von Wertpapieren in den Vereinigten Staaten von Amerika. Wertpapiere d\u00fcrfen in den Vereinigten Staaten von Amerika nur mit vorheriger Registrierung unter den Vorschriften des U.S. Securities Act von 1933 in derzeit g\u00fcltiger Fassung oder ohne vorherige Registrierung nur aufgrund einer Ausnahmeregelung verkauft oder zum Kauf angeboten werden. Die Aktien der Allgeier SE sind nicht und werden nicht nach den Vorschriften des U.S. Securities Act von 1933 in derzeit g\u00fcltiger Fassung registriert und werden in den Vereinigten Staaten von Amerika weder verkauft noch zum Kauf angeboten.<br \/>\u00a0<\/p>\n<p><u>Kontakt<\/u>:<\/p>\n<p>Allgeier SE<br \/>Dr. Christopher Gro\u00dfe<br \/>Corporate Communications &amp; Investor Relations<br \/>Wehrlestra\u00dfe 12<br \/>81679 M\u00fcnchen<br \/>Tel.: +49 (0)89\/998421-0<br \/>Fax: +49 (0)89\/998421-11<br \/>E-Mail: ir@allgeier.com<br \/>Web: www.allgeier.com<br \/>\u00a0<\/p>\n<p style=\"text-align: justify\">Allgeier SE ist eines der f\u00fchrenden IT-Unternehmen f\u00fcr digitale Transformation: Mit einer auf Innovationen und Zukunftstrends ausgerichteten Wachstumsstrategie sowie einem integrativen unternehmerischen Modell ergreift Allgeier die Chancen der Digitalisierung. Drei Segmente mit individuellen fachlichen und branchenbezogenen Schwerpunkten arbeiten gemeinsam f\u00fcr rund 3.000 Kunden aus nahezu allen Branchen. Mit \u00fcber 6.500 angestellten Mitarbeitern und rund 1.300 freiberuflichen Experten bietet Allgeier den Kunden als One-Stop-Shop ein umfassendes L\u00f6sungs- und Leistungsportfolio. Allgeier bildet mit einem hochflexiblen Delivery-Modell das komplette IT-Leistungsspektrum von Onsite \u00fcber Nearshore bis hin zu Offshore ab: Mit einem starken Standbein in Indien werden Flexibilit\u00e4t und h\u00f6chste Skalierbarkeit der Leistungen sowie hochqualifiziertes Expertenwissen in der High-End-Softwareentwicklung sichergestellt. Zu den Kunden von Allgeier z\u00e4hlen global arbeitende Konzerne genauso wie innovative mittelst\u00e4ndische Betriebe, die sich durch leistungsstarke IT-L\u00f6sungen, intelligente Software und flexible Personaldienstleistungen strategische Vorteile sichern wollen. Die stark wachsende Gruppe mit Hauptsitz in M\u00fcnchen verf\u00fcgt \u00fcber mehr als 100 Niederlassungen in der DACH-Region, in neun weiteren europ\u00e4ischen L\u00e4ndern sowie in Indien, Singapur, Vietnam, Mexiko und den USA. 2016 erzielte Allgeier im fortgef\u00fchrten Gesch\u00e4ft einen Umsatz von 498 Mio. Euro. Allgeier SE belegt in der L\u00fcnendonk(R)-Liste 2016 &#8222;F\u00fchrende deutsche mittelst\u00e4ndische IT-Beratungs- und Systemintegrations-Unternehmen&#8220; den ersten Platz. Allgeier Experts ist nach L\u00fcnendonk(R)-Marktsegmentstudie 2016 &#8222;Der Markt f\u00fcr Rekrutierung, Vermittlung und Steuerung von IT-Freelancern in Deutschland&#8220; unter den TOP 3 IT-Personaldienstleistern in Deutschland. Allgeier SE ist am Regulierten Markt der Frankfurter Wertpapierb\u00f6rse im General Standard gelistet (WKN 508630, ISIN DE0005086300). Weitere Informationen unter: <a href=\"http:\/\/public-cockpit.eqs.com\/cgi-bin\/fncls.ssp?fn=redirect&amp;url=f7a71e6582574a658221d7c7e5016043&amp;application_id=584829&amp;site_id=news_data&amp;application_name=news\" target=\"_blank\" rel=\"noopener\">www.allgeier.com<\/a>.<\/p>\n<\/div>\n<hr \/>\n<hr \/>\n<\/td>\n<\/tr>\n<\/table>\n<p><\/p>\n<div class=\"time_layout_email\">\n<p class=\"\">\n<\/div>\n","protected":false},"excerpt":{"rendered":"<p>ALLGEIER SE \/ Schlagwort(e): Kapitalerh\u00f6hung 21.06.2017 \/ 08:59 CET\/CEST Ver\u00f6ffentlichung einer Insiderinformation gem\u00e4\u00df Artikel 17 MAR, \u00fcbermittelt durch DGAP &#8211; ein Service der EQS Group AG. F\u00fcr den Inhalt der Mitteilung ist der Emittent verantwortlich. M\u00fcnchen, 21.06.2017 &#8211; Die Allgeier SE (ISIN<\/p>\n","protected":false},"author":4,"featured_media":0,"parent":1155,"menu_order":0,"comment_status":"close","ping_status":"closed","template":"","meta":{"_acf_changed":false,"footnotes":""},"categories":[],"tags":[],"class_list":["post-5464","page","type-page","status-publish","hentry"],"acf":[],"yoast_head":"<!-- This site is optimized with the Yoast SEO plugin v27.4 - https:\/\/yoast.com\/product\/yoast-seo-wordpress\/ -->\n<title>Allgeier schlie\u00dft Kapitalerh\u00f6hung erfolgreich ab - Allgeier SE<\/title>\n<meta name=\"robots\" content=\"index, follow, max-snippet:-1, max-image-preview:large, max-video-preview:-1\" \/>\n<link rel=\"canonical\" href=\"https:\/\/www.allgeier.com\/de\/investor-relations\/adhoc-announcements\/allgeier-schliesst-kapitalerhoehung-erfolgreich-ab-2\/\" \/>\n<meta property=\"og:locale\" content=\"de_DE\" \/>\n<meta property=\"og:type\" content=\"article\" \/>\n<meta property=\"og:title\" content=\"Allgeier schlie\u00dft Kapitalerh\u00f6hung erfolgreich ab - Allgeier SE\" \/>\n<meta property=\"og:description\" content=\"ALLGEIER SE \/ Schlagwort(e): Kapitalerh\u00f6hung 21.06.2017 \/ 08:59 CET\/CEST Ver\u00f6ffentlichung einer Insiderinformation gem\u00e4\u00df Artikel 17 MAR, \u00fcbermittelt durch DGAP - ein Service der EQS Group AG. F\u00fcr den Inhalt der Mitteilung ist der Emittent verantwortlich. M\u00fcnchen, 21.06.2017 - Die Allgeier SE (ISIN\" \/>\n<meta property=\"og:url\" content=\"https:\/\/www.allgeier.com\/de\/investor-relations\/adhoc-announcements\/allgeier-schliesst-kapitalerhoehung-erfolgreich-ab-2\/\" \/>\n<meta property=\"og:site_name\" content=\"Allgeier SE\" \/>\n<meta property=\"article:modified_time\" content=\"2023-01-22T17:10:01+00:00\" \/>\n<meta name=\"twitter:card\" content=\"summary_large_image\" \/>\n<meta name=\"twitter:label1\" content=\"Gesch\u00e4tzte Lesezeit\" \/>\n\t<meta name=\"twitter:data1\" content=\"4\u00a0Minuten\" \/>\n<script type=\"application\/ld+json\" class=\"yoast-schema-graph\">{\"@context\":\"https:\\\/\\\/schema.org\",\"@graph\":[{\"@type\":\"WebPage\",\"@id\":\"https:\\\/\\\/www.allgeier.com\\\/de\\\/investor-relations\\\/adhoc-announcements\\\/allgeier-schliesst-kapitalerhoehung-erfolgreich-ab-2\\\/\",\"url\":\"https:\\\/\\\/www.allgeier.com\\\/de\\\/investor-relations\\\/adhoc-announcements\\\/allgeier-schliesst-kapitalerhoehung-erfolgreich-ab-2\\\/\",\"name\":\"Allgeier schlie\u00dft Kapitalerh\u00f6hung erfolgreich ab - Allgeier SE\",\"isPartOf\":{\"@id\":\"https:\\\/\\\/www.allgeier.com\\\/de\\\/#website\"},\"datePublished\":\"2017-06-21T06:59:53+00:00\",\"dateModified\":\"2023-01-22T17:10:01+00:00\",\"breadcrumb\":{\"@id\":\"https:\\\/\\\/www.allgeier.com\\\/de\\\/investor-relations\\\/adhoc-announcements\\\/allgeier-schliesst-kapitalerhoehung-erfolgreich-ab-2\\\/#breadcrumb\"},\"inLanguage\":\"de\",\"potentialAction\":[{\"@type\":\"ReadAction\",\"target\":[\"https:\\\/\\\/www.allgeier.com\\\/de\\\/investor-relations\\\/adhoc-announcements\\\/allgeier-schliesst-kapitalerhoehung-erfolgreich-ab-2\\\/\"]}]},{\"@type\":\"BreadcrumbList\",\"@id\":\"https:\\\/\\\/www.allgeier.com\\\/de\\\/investor-relations\\\/adhoc-announcements\\\/allgeier-schliesst-kapitalerhoehung-erfolgreich-ab-2\\\/#breadcrumb\",\"itemListElement\":[{\"@type\":\"ListItem\",\"position\":1,\"name\":\"Home\",\"item\":\"https:\\\/\\\/www.allgeier.com\\\/de\\\/\"},{\"@type\":\"ListItem\",\"position\":2,\"name\":\"Investor Relations\",\"item\":\"https:\\\/\\\/www.allgeier.com\\\/de\\\/investor-relations\\\/\"},{\"@type\":\"ListItem\",\"position\":3,\"name\":\"Ad hoc-Mitteilungen\",\"item\":\"https:\\\/\\\/www.allgeier.com\\\/de\\\/investor-relations\\\/adhoc-announcements\\\/\"},{\"@type\":\"ListItem\",\"position\":4,\"name\":\"Allgeier schlie\u00dft Kapitalerh\u00f6hung erfolgreich ab\"}]},{\"@type\":\"WebSite\",\"@id\":\"https:\\\/\\\/www.allgeier.com\\\/de\\\/#website\",\"url\":\"https:\\\/\\\/www.allgeier.com\\\/de\\\/\",\"name\":\"Allgeier SE\",\"description\":\"Software &amp; IT Services for digital transformation\",\"potentialAction\":[{\"@type\":\"SearchAction\",\"target\":{\"@type\":\"EntryPoint\",\"urlTemplate\":\"https:\\\/\\\/www.allgeier.com\\\/de\\\/?s={search_term_string}\"},\"query-input\":{\"@type\":\"PropertyValueSpecification\",\"valueRequired\":true,\"valueName\":\"search_term_string\"}}],\"inLanguage\":\"de\"}]}<\/script>\n<!-- \/ Yoast SEO plugin. -->","yoast_head_json":{"title":"Allgeier schlie\u00dft Kapitalerh\u00f6hung erfolgreich ab - Allgeier SE","robots":{"index":"index","follow":"follow","max-snippet":"max-snippet:-1","max-image-preview":"max-image-preview:large","max-video-preview":"max-video-preview:-1"},"canonical":"https:\/\/www.allgeier.com\/de\/investor-relations\/adhoc-announcements\/allgeier-schliesst-kapitalerhoehung-erfolgreich-ab-2\/","og_locale":"de_DE","og_type":"article","og_title":"Allgeier schlie\u00dft Kapitalerh\u00f6hung erfolgreich ab - Allgeier SE","og_description":"ALLGEIER SE \/ Schlagwort(e): Kapitalerh\u00f6hung 21.06.2017 \/ 08:59 CET\/CEST Ver\u00f6ffentlichung einer Insiderinformation gem\u00e4\u00df Artikel 17 MAR, \u00fcbermittelt durch DGAP - ein Service der EQS Group AG. F\u00fcr den Inhalt der Mitteilung ist der Emittent verantwortlich. M\u00fcnchen, 21.06.2017 - Die Allgeier SE (ISIN","og_url":"https:\/\/www.allgeier.com\/de\/investor-relations\/adhoc-announcements\/allgeier-schliesst-kapitalerhoehung-erfolgreich-ab-2\/","og_site_name":"Allgeier SE","article_modified_time":"2023-01-22T17:10:01+00:00","twitter_card":"summary_large_image","twitter_misc":{"Gesch\u00e4tzte Lesezeit":"4\u00a0Minuten"},"schema":{"@context":"https:\/\/schema.org","@graph":[{"@type":"WebPage","@id":"https:\/\/www.allgeier.com\/de\/investor-relations\/adhoc-announcements\/allgeier-schliesst-kapitalerhoehung-erfolgreich-ab-2\/","url":"https:\/\/www.allgeier.com\/de\/investor-relations\/adhoc-announcements\/allgeier-schliesst-kapitalerhoehung-erfolgreich-ab-2\/","name":"Allgeier schlie\u00dft Kapitalerh\u00f6hung erfolgreich ab - Allgeier SE","isPartOf":{"@id":"https:\/\/www.allgeier.com\/de\/#website"},"datePublished":"2017-06-21T06:59:53+00:00","dateModified":"2023-01-22T17:10:01+00:00","breadcrumb":{"@id":"https:\/\/www.allgeier.com\/de\/investor-relations\/adhoc-announcements\/allgeier-schliesst-kapitalerhoehung-erfolgreich-ab-2\/#breadcrumb"},"inLanguage":"de","potentialAction":[{"@type":"ReadAction","target":["https:\/\/www.allgeier.com\/de\/investor-relations\/adhoc-announcements\/allgeier-schliesst-kapitalerhoehung-erfolgreich-ab-2\/"]}]},{"@type":"BreadcrumbList","@id":"https:\/\/www.allgeier.com\/de\/investor-relations\/adhoc-announcements\/allgeier-schliesst-kapitalerhoehung-erfolgreich-ab-2\/#breadcrumb","itemListElement":[{"@type":"ListItem","position":1,"name":"Home","item":"https:\/\/www.allgeier.com\/de\/"},{"@type":"ListItem","position":2,"name":"Investor Relations","item":"https:\/\/www.allgeier.com\/de\/investor-relations\/"},{"@type":"ListItem","position":3,"name":"Ad hoc-Mitteilungen","item":"https:\/\/www.allgeier.com\/de\/investor-relations\/adhoc-announcements\/"},{"@type":"ListItem","position":4,"name":"Allgeier schlie\u00dft Kapitalerh\u00f6hung erfolgreich ab"}]},{"@type":"WebSite","@id":"https:\/\/www.allgeier.com\/de\/#website","url":"https:\/\/www.allgeier.com\/de\/","name":"Allgeier SE","description":"Software &amp; IT Services for digital transformation","potentialAction":[{"@type":"SearchAction","target":{"@type":"EntryPoint","urlTemplate":"https:\/\/www.allgeier.com\/de\/?s={search_term_string}"},"query-input":{"@type":"PropertyValueSpecification","valueRequired":true,"valueName":"search_term_string"}}],"inLanguage":"de"}]}},"_links":{"self":[{"href":"https:\/\/www.allgeier.com\/de\/wp-json\/wp\/v2\/pages\/5464","targetHints":{"allow":["GET"]}}],"collection":[{"href":"https:\/\/www.allgeier.com\/de\/wp-json\/wp\/v2\/pages"}],"about":[{"href":"https:\/\/www.allgeier.com\/de\/wp-json\/wp\/v2\/types\/page"}],"author":[{"embeddable":true,"href":"https:\/\/www.allgeier.com\/de\/wp-json\/wp\/v2\/users\/4"}],"replies":[{"embeddable":true,"href":"https:\/\/www.allgeier.com\/de\/wp-json\/wp\/v2\/comments?post=5464"}],"version-history":[{"count":1,"href":"https:\/\/www.allgeier.com\/de\/wp-json\/wp\/v2\/pages\/5464\/revisions"}],"predecessor-version":[{"id":5465,"href":"https:\/\/www.allgeier.com\/de\/wp-json\/wp\/v2\/pages\/5464\/revisions\/5465"}],"up":[{"embeddable":true,"href":"https:\/\/www.allgeier.com\/de\/wp-json\/wp\/v2\/pages\/1155"}],"wp:attachment":[{"href":"https:\/\/www.allgeier.com\/de\/wp-json\/wp\/v2\/media?parent=5464"}],"wp:term":[{"taxonomy":"category","embeddable":true,"href":"https:\/\/www.allgeier.com\/de\/wp-json\/wp\/v2\/categories?post=5464"},{"taxonomy":"post_tag","embeddable":true,"href":"https:\/\/www.allgeier.com\/de\/wp-json\/wp\/v2\/tags?post=5464"}],"curies":[{"name":"wp","href":"https:\/\/api.w.org\/{rel}","templated":true}]}}