{"id":5468,"date":"2017-06-06T15:48:01","date_gmt":"2017-06-06T15:48:01","guid":{"rendered":"https:\/\/www.allgeier.com\/de\/?page_id=5468"},"modified":"2023-01-22T17:10:02","modified_gmt":"2023-01-22T17:10:02","slug":"allgeier-beabsichtigt-kapitalerhoehung-zur-finanzierung-weiterer-wachstumsinvestitionen","status":"publish","type":"page","link":"https:\/\/www.allgeier.com\/de\/investor-relations\/adhoc-announcements\/allgeier-beabsichtigt-kapitalerhoehung-zur-finanzierung-weiterer-wachstumsinvestitionen\/","title":{"rendered":"Allgeier beabsichtigt Kapitalerh\u00f6hung zur Finanzierung weiterer Wachstumsinvestitionen"},"content":{"rendered":"<table class=\"news_layout style2015\" border=\"0\" cellpadding=\"0\" cellspacing=\"0\">\n<tr>\n<td>\n<p class=\"news_top\">ALLGEIER SE \/ Schlagwort(e): Kapitalerh\u00f6hung<\/p>\n<p><span class=\"news_top_date\">06.06.2017 \/ 17:48 CET\/CEST<\/span><br \/>Ver\u00f6ffentlichung einer Insiderinformation gem\u00e4\u00df Artikel 17 MAR, \u00fcbermittelt durch DGAP &#8211; ein Service der EQS Group AG.<br \/>F\u00fcr den Inhalt der Mitteilung ist der Emittent verantwortlich.<\/p>\n<hr \/>\n<div class=\"break-word news_main\">\n<p style=\"text-align: justify\">M<i>\u00fcnchen, 06.06.2017 &#8211; <\/i>Allgeier SE (ISIN DE0005086300, WKN 508630) beabsichtigt vor dem Hintergrund der erfolgten hohen Investitionen in den Ausbau der Gesch\u00e4ftsbereiche Allgeier Experts und Allgeier Enterprise Services, zur Finanzierung weiterer Wachstumsinvestitionen, insbesondere auch zur Durchf\u00fchrung weiterer Akquisitionen, eine Kapitalerh\u00f6hung durchzuf\u00fchren. Dies soll noch vor der ordentlichen Hauptversammlung am 28. Juni 2017 unter Ausnutzung des genehmigten Kapitals der Gesellschaft in Form einer Barkapitalerh\u00f6hung erfolgen. Dabei soll das Grundkapital von aktuell EUR 9.071.500,00 um bis zu knapp 10% des derzeitigen Grundkapitals auf bis zu EUR 9.978.649,00 durch Ausgabe von bis zu 907.149 St\u00fcckaktien unter Ausschluss des gesetzlichen Bezugsrechts zu einem Ausgabepreis erh\u00f6ht werden, der den B\u00f6rsenkurs nicht wesentlich unterschreitet. Die neuen Aktien sollen mittels eines Platzierungsverfahrens (Bookbuilding) institutionellen Anlegern, Organmitgliedern der Gesellschaft sowie weiteren F\u00fchrungskr\u00e4ften der Allgeier Gruppe gem\u00e4\u00df den anwendbaren Ausnahmebestimmungen f\u00fcr Privatplatzierungen in Europa prospektfrei angeboten und zum Handel am regulierten Markt der Frankfurter Wertpapierb\u00f6rse (General Standard) zugelassen werden. Das Platzierungsverfahren wird von der Baader Bank Aktiengesellschaft begleitet. Das Management der Allgeier SE beabsichtigt zur Unterstreichung seines langfristigen Commitments zum Unternehmen die Zeichnung neuer Aktien im Rahmen der geplanten Kapitalma\u00dfnahme. Die Beschlussfassung \u00fcber die beabsichtigte Kapitalerh\u00f6hung und die anschlie\u00dfende Durchf\u00fchrung der Kapitalerh\u00f6hung wird die Allgeier SE in separaten Ad-hoc-Mitteilungen bekanntgeben.<\/p>\n<p style=\"text-align: justify\">Die in diesem Dokument enthaltenen Informationen sind nicht zur Weitergabe in die USA, Australien, Kanada oder Japan bzw. zur Ver\u00f6ffentlichung in den USA, Australien, Kanada oder Japan bestimmt.<\/p>\n<p style=\"text-align: justify\">Dieses Dokument stellt weder ein Angebot zum Verkauf noch eine Aufforderung zum Kauf von Wertpapieren dar. Dieses Dokument ist kein Angebot zum Kauf von Wertpapieren in den Vereinigten Staaten von Amerika. Wertpapiere d\u00fcrfen in den Vereinigten Staaten von Amerika nur mit vorheriger Registrierung unter den Vorschriften des U.S. Securities Act von 1933 in derzeit g\u00fcltiger Fassung oder ohne vorherige Registrierung nur aufgrund einer Ausnahmeregelung verkauft oder zum Kauf angeboten werden. Die Aktien der Allgeier SE sind nicht und werden nicht nach den Vorschriften des U.S. Securities Act von 1933 in derzeit g\u00fcltiger Fassung registriert und werden in den Vereinigten Staaten von Amerika weder verkauft noch zum Kauf angeboten.<\/p>\n<p>Kontakt:<\/p>\n<p>Allgeier SE<br \/>Corporate Communications &amp; Investor Relations<br \/>Dr. Christopher Gro\u00dfe<br \/>Wehrlestra\u00dfe 12<br \/>81679 M\u00fcnchen<br \/>Tel.: +49 (0)89\/998421-0<br \/>Fax: +49 (0)89\/998421-11<br \/>E-Mail: ir@allgeier.com<br \/>Web: www.allgeier.com<\/p>\n<p style=\"text-align: justify\">Allgeier SE ist eines der f\u00fchrenden IT-Unternehmen f\u00fcr digitale Transformation: Mit einer auf Innovationen und Zukunftstrends ausgerichteten Wachstumsstrategie sowie einem integrativen unternehmerischen Modell ergreift Allgeier die Chancen der Digitalisierung. Drei Segmente mit individuellen fachlichen und branchenbezogenen Schwerpunkten arbeiten gemeinsam f\u00fcr rund 3.000 Kunden aus nahezu allen Branchen. Mit \u00fcber 6.500 angestellten Mitarbeitern und rund 1.300 freiberuflichen Experten bietet Allgeier den Kunden als One-Stop-Shop ein umfassendes L\u00f6sungs- und Leistungsportfolio. Allgeier bildet mit einem hochflexiblen Delivery-Modell das komplette IT-Leistungsspektrum von Onsite \u00fcber Nearshore bis hin zu Offshore ab: Mit einem starken Standbein in Indien werden Flexibilit\u00e4t und h\u00f6chste Skalierbarkeit der Leistungen sowie hochqualifiziertes Expertenwissen in der High-End-Softwareentwicklung sichergestellt. Zu den Kunden von Allgeier z\u00e4hlen global arbeitende Konzerne genauso wie innovative mittelst\u00e4ndische Betriebe, die sich durch leistungsstarke IT-L\u00f6sungen, intelligente Software und flexible Personaldienstleistungen strategische Vorteile sichern wollen. Die stark wachsende Gruppe mit Hauptsitz in M\u00fcnchen verf\u00fcgt \u00fcber mehr als 100 Niederlassungen in der DACH-Region, in neun weiteren europ\u00e4ischen L\u00e4ndern sowie in Indien, Singapur, Vietnam, Mexiko und den USA. 2016 erzielte Allgeier im fortgef\u00fchrten Gesch\u00e4ft einen Umsatz von 498 Mio. Euro. Allgeier SE belegt in der L\u00fcnendonk(R)-Liste 2016 &#8222;F\u00fchrende deutsche mittelst\u00e4ndische IT-Beratungs- und Systemintegrations-Unternehmen&#8220; den ersten Platz. Allgeier Experts ist nach L\u00fcnendonk(R)-Marktsegmentstudie 2016 &#8222;Der Markt f\u00fcr Rekrutierung, Vermittlung und Steuerung von IT-Freelancern in Deutschland&#8220; unter den TOP 3 IT-Personaldienstleistern in Deutschland. Allgeier SE ist am Regulierten Markt der Frankfurter Wertpapierb\u00f6rse im General Standard gelistet (WKN 508630, ISIN DE0005086300). Weitere Informationen unter: www.allgeier.com.<\/p>\n<\/div>\n<hr \/>\n<hr \/>\n<\/td>\n<\/tr>\n<\/table>\n<p><\/p>\n<div class=\"time_layout_email\">\n<p class=\"\">\n<\/div>\n","protected":false},"excerpt":{"rendered":"<p>ALLGEIER SE \/ Schlagwort(e): Kapitalerh\u00f6hung 06.06.2017 \/ 17:48 CET\/CEST Ver\u00f6ffentlichung einer Insiderinformation gem\u00e4\u00df Artikel 17 MAR, \u00fcbermittelt durch DGAP &#8211; ein Service der EQS Group AG. F\u00fcr den Inhalt der Mitteilung ist der Emittent verantwortlich. M\u00fcnchen, 06.06.2017 &#8211; Allgeier SE (ISIN DE0005086300,<\/p>\n","protected":false},"author":4,"featured_media":0,"parent":1155,"menu_order":0,"comment_status":"close","ping_status":"closed","template":"","meta":{"_acf_changed":false,"footnotes":""},"categories":[],"tags":[],"class_list":["post-5468","page","type-page","status-publish","hentry"],"acf":[],"yoast_head":"<!-- This site is optimized with the Yoast SEO plugin v27.4 - https:\/\/yoast.com\/product\/yoast-seo-wordpress\/ -->\n<title>Allgeier beabsichtigt Kapitalerh\u00f6hung zur Finanzierung weiterer Wachstumsinvestitionen - Allgeier SE<\/title>\n<meta name=\"robots\" content=\"index, follow, max-snippet:-1, max-image-preview:large, max-video-preview:-1\" \/>\n<link rel=\"canonical\" href=\"https:\/\/www.allgeier.com\/de\/investor-relations\/adhoc-announcements\/allgeier-beabsichtigt-kapitalerhoehung-zur-finanzierung-weiterer-wachstumsinvestitionen\/\" \/>\n<meta property=\"og:locale\" content=\"de_DE\" \/>\n<meta property=\"og:type\" content=\"article\" \/>\n<meta property=\"og:title\" content=\"Allgeier beabsichtigt Kapitalerh\u00f6hung zur Finanzierung weiterer Wachstumsinvestitionen - Allgeier SE\" \/>\n<meta property=\"og:description\" content=\"ALLGEIER SE \/ Schlagwort(e): Kapitalerh\u00f6hung 06.06.2017 \/ 17:48 CET\/CEST Ver\u00f6ffentlichung einer Insiderinformation gem\u00e4\u00df Artikel 17 MAR, \u00fcbermittelt durch DGAP - ein Service der EQS Group AG. F\u00fcr den Inhalt der Mitteilung ist der Emittent verantwortlich. M\u00fcnchen, 06.06.2017 - Allgeier SE (ISIN DE0005086300,\" \/>\n<meta property=\"og:url\" content=\"https:\/\/www.allgeier.com\/de\/investor-relations\/adhoc-announcements\/allgeier-beabsichtigt-kapitalerhoehung-zur-finanzierung-weiterer-wachstumsinvestitionen\/\" \/>\n<meta property=\"og:site_name\" content=\"Allgeier SE\" \/>\n<meta property=\"article:modified_time\" content=\"2023-01-22T17:10:02+00:00\" \/>\n<meta name=\"twitter:card\" content=\"summary_large_image\" \/>\n<meta name=\"twitter:label1\" content=\"Gesch\u00e4tzte Lesezeit\" \/>\n\t<meta name=\"twitter:data1\" content=\"3\u00a0Minuten\" \/>\n<script type=\"application\/ld+json\" class=\"yoast-schema-graph\">{\"@context\":\"https:\\\/\\\/schema.org\",\"@graph\":[{\"@type\":\"WebPage\",\"@id\":\"https:\\\/\\\/www.allgeier.com\\\/de\\\/investor-relations\\\/adhoc-announcements\\\/allgeier-beabsichtigt-kapitalerhoehung-zur-finanzierung-weiterer-wachstumsinvestitionen\\\/\",\"url\":\"https:\\\/\\\/www.allgeier.com\\\/de\\\/investor-relations\\\/adhoc-announcements\\\/allgeier-beabsichtigt-kapitalerhoehung-zur-finanzierung-weiterer-wachstumsinvestitionen\\\/\",\"name\":\"Allgeier beabsichtigt Kapitalerh\u00f6hung zur Finanzierung weiterer Wachstumsinvestitionen - Allgeier SE\",\"isPartOf\":{\"@id\":\"https:\\\/\\\/www.allgeier.com\\\/de\\\/#website\"},\"datePublished\":\"2017-06-06T15:48:01+00:00\",\"dateModified\":\"2023-01-22T17:10:02+00:00\",\"breadcrumb\":{\"@id\":\"https:\\\/\\\/www.allgeier.com\\\/de\\\/investor-relations\\\/adhoc-announcements\\\/allgeier-beabsichtigt-kapitalerhoehung-zur-finanzierung-weiterer-wachstumsinvestitionen\\\/#breadcrumb\"},\"inLanguage\":\"de\",\"potentialAction\":[{\"@type\":\"ReadAction\",\"target\":[\"https:\\\/\\\/www.allgeier.com\\\/de\\\/investor-relations\\\/adhoc-announcements\\\/allgeier-beabsichtigt-kapitalerhoehung-zur-finanzierung-weiterer-wachstumsinvestitionen\\\/\"]}]},{\"@type\":\"BreadcrumbList\",\"@id\":\"https:\\\/\\\/www.allgeier.com\\\/de\\\/investor-relations\\\/adhoc-announcements\\\/allgeier-beabsichtigt-kapitalerhoehung-zur-finanzierung-weiterer-wachstumsinvestitionen\\\/#breadcrumb\",\"itemListElement\":[{\"@type\":\"ListItem\",\"position\":1,\"name\":\"Home\",\"item\":\"https:\\\/\\\/www.allgeier.com\\\/de\\\/\"},{\"@type\":\"ListItem\",\"position\":2,\"name\":\"Investor Relations\",\"item\":\"https:\\\/\\\/www.allgeier.com\\\/de\\\/investor-relations\\\/\"},{\"@type\":\"ListItem\",\"position\":3,\"name\":\"Ad hoc-Mitteilungen\",\"item\":\"https:\\\/\\\/www.allgeier.com\\\/de\\\/investor-relations\\\/adhoc-announcements\\\/\"},{\"@type\":\"ListItem\",\"position\":4,\"name\":\"Allgeier beabsichtigt Kapitalerh\u00f6hung zur Finanzierung weiterer Wachstumsinvestitionen\"}]},{\"@type\":\"WebSite\",\"@id\":\"https:\\\/\\\/www.allgeier.com\\\/de\\\/#website\",\"url\":\"https:\\\/\\\/www.allgeier.com\\\/de\\\/\",\"name\":\"Allgeier SE\",\"description\":\"Software &amp; IT Services for digital transformation\",\"potentialAction\":[{\"@type\":\"SearchAction\",\"target\":{\"@type\":\"EntryPoint\",\"urlTemplate\":\"https:\\\/\\\/www.allgeier.com\\\/de\\\/?s={search_term_string}\"},\"query-input\":{\"@type\":\"PropertyValueSpecification\",\"valueRequired\":true,\"valueName\":\"search_term_string\"}}],\"inLanguage\":\"de\"}]}<\/script>\n<!-- \/ Yoast SEO plugin. -->","yoast_head_json":{"title":"Allgeier beabsichtigt Kapitalerh\u00f6hung zur Finanzierung weiterer Wachstumsinvestitionen - Allgeier SE","robots":{"index":"index","follow":"follow","max-snippet":"max-snippet:-1","max-image-preview":"max-image-preview:large","max-video-preview":"max-video-preview:-1"},"canonical":"https:\/\/www.allgeier.com\/de\/investor-relations\/adhoc-announcements\/allgeier-beabsichtigt-kapitalerhoehung-zur-finanzierung-weiterer-wachstumsinvestitionen\/","og_locale":"de_DE","og_type":"article","og_title":"Allgeier beabsichtigt Kapitalerh\u00f6hung zur Finanzierung weiterer Wachstumsinvestitionen - Allgeier SE","og_description":"ALLGEIER SE \/ Schlagwort(e): Kapitalerh\u00f6hung 06.06.2017 \/ 17:48 CET\/CEST Ver\u00f6ffentlichung einer Insiderinformation gem\u00e4\u00df Artikel 17 MAR, \u00fcbermittelt durch DGAP - ein Service der EQS Group AG. F\u00fcr den Inhalt der Mitteilung ist der Emittent verantwortlich. M\u00fcnchen, 06.06.2017 - Allgeier SE (ISIN DE0005086300,","og_url":"https:\/\/www.allgeier.com\/de\/investor-relations\/adhoc-announcements\/allgeier-beabsichtigt-kapitalerhoehung-zur-finanzierung-weiterer-wachstumsinvestitionen\/","og_site_name":"Allgeier SE","article_modified_time":"2023-01-22T17:10:02+00:00","twitter_card":"summary_large_image","twitter_misc":{"Gesch\u00e4tzte Lesezeit":"3\u00a0Minuten"},"schema":{"@context":"https:\/\/schema.org","@graph":[{"@type":"WebPage","@id":"https:\/\/www.allgeier.com\/de\/investor-relations\/adhoc-announcements\/allgeier-beabsichtigt-kapitalerhoehung-zur-finanzierung-weiterer-wachstumsinvestitionen\/","url":"https:\/\/www.allgeier.com\/de\/investor-relations\/adhoc-announcements\/allgeier-beabsichtigt-kapitalerhoehung-zur-finanzierung-weiterer-wachstumsinvestitionen\/","name":"Allgeier beabsichtigt Kapitalerh\u00f6hung zur Finanzierung weiterer Wachstumsinvestitionen - Allgeier SE","isPartOf":{"@id":"https:\/\/www.allgeier.com\/de\/#website"},"datePublished":"2017-06-06T15:48:01+00:00","dateModified":"2023-01-22T17:10:02+00:00","breadcrumb":{"@id":"https:\/\/www.allgeier.com\/de\/investor-relations\/adhoc-announcements\/allgeier-beabsichtigt-kapitalerhoehung-zur-finanzierung-weiterer-wachstumsinvestitionen\/#breadcrumb"},"inLanguage":"de","potentialAction":[{"@type":"ReadAction","target":["https:\/\/www.allgeier.com\/de\/investor-relations\/adhoc-announcements\/allgeier-beabsichtigt-kapitalerhoehung-zur-finanzierung-weiterer-wachstumsinvestitionen\/"]}]},{"@type":"BreadcrumbList","@id":"https:\/\/www.allgeier.com\/de\/investor-relations\/adhoc-announcements\/allgeier-beabsichtigt-kapitalerhoehung-zur-finanzierung-weiterer-wachstumsinvestitionen\/#breadcrumb","itemListElement":[{"@type":"ListItem","position":1,"name":"Home","item":"https:\/\/www.allgeier.com\/de\/"},{"@type":"ListItem","position":2,"name":"Investor Relations","item":"https:\/\/www.allgeier.com\/de\/investor-relations\/"},{"@type":"ListItem","position":3,"name":"Ad hoc-Mitteilungen","item":"https:\/\/www.allgeier.com\/de\/investor-relations\/adhoc-announcements\/"},{"@type":"ListItem","position":4,"name":"Allgeier beabsichtigt Kapitalerh\u00f6hung zur Finanzierung weiterer Wachstumsinvestitionen"}]},{"@type":"WebSite","@id":"https:\/\/www.allgeier.com\/de\/#website","url":"https:\/\/www.allgeier.com\/de\/","name":"Allgeier SE","description":"Software &amp; IT Services for digital transformation","potentialAction":[{"@type":"SearchAction","target":{"@type":"EntryPoint","urlTemplate":"https:\/\/www.allgeier.com\/de\/?s={search_term_string}"},"query-input":{"@type":"PropertyValueSpecification","valueRequired":true,"valueName":"search_term_string"}}],"inLanguage":"de"}]}},"_links":{"self":[{"href":"https:\/\/www.allgeier.com\/de\/wp-json\/wp\/v2\/pages\/5468","targetHints":{"allow":["GET"]}}],"collection":[{"href":"https:\/\/www.allgeier.com\/de\/wp-json\/wp\/v2\/pages"}],"about":[{"href":"https:\/\/www.allgeier.com\/de\/wp-json\/wp\/v2\/types\/page"}],"author":[{"embeddable":true,"href":"https:\/\/www.allgeier.com\/de\/wp-json\/wp\/v2\/users\/4"}],"replies":[{"embeddable":true,"href":"https:\/\/www.allgeier.com\/de\/wp-json\/wp\/v2\/comments?post=5468"}],"version-history":[{"count":1,"href":"https:\/\/www.allgeier.com\/de\/wp-json\/wp\/v2\/pages\/5468\/revisions"}],"predecessor-version":[{"id":5469,"href":"https:\/\/www.allgeier.com\/de\/wp-json\/wp\/v2\/pages\/5468\/revisions\/5469"}],"up":[{"embeddable":true,"href":"https:\/\/www.allgeier.com\/de\/wp-json\/wp\/v2\/pages\/1155"}],"wp:attachment":[{"href":"https:\/\/www.allgeier.com\/de\/wp-json\/wp\/v2\/media?parent=5468"}],"wp:term":[{"taxonomy":"category","embeddable":true,"href":"https:\/\/www.allgeier.com\/de\/wp-json\/wp\/v2\/categories?post=5468"},{"taxonomy":"post_tag","embeddable":true,"href":"https:\/\/www.allgeier.com\/de\/wp-json\/wp\/v2\/tags?post=5468"}],"curies":[{"name":"wp","href":"https:\/\/api.w.org\/{rel}","templated":true}]}}