{"id":5470,"date":"2017-05-02T16:42:51","date_gmt":"2017-05-02T16:42:51","guid":{"rendered":"https:\/\/www.allgeier.com\/de\/?page_id=5470"},"modified":"2023-01-22T17:10:02","modified_gmt":"2023-01-22T17:10:02","slug":"allgeier-se-allgeier-erzielt-im-ersten-quartal-2017-weiteres-umsatzwachstum","status":"publish","type":"page","link":"https:\/\/www.allgeier.com\/de\/investor-relations\/adhoc-announcements\/allgeier-se-allgeier-erzielt-im-ersten-quartal-2017-weiteres-umsatzwachstum\/","title":{"rendered":"ALLGEIER SE: Allgeier erzielt im ersten Quartal 2017 weiteres Umsatzwachstum"},"content":{"rendered":"<table class=\"news_layout style2015\" border=\"0\" cellpadding=\"0\" cellspacing=\"0\">\n<tr>\n<td>\n<p class=\"news_top\">ALLGEIER SE \/ Schlagwort(e): Quartals-\/Zwischenmitteilung<\/p>\n<p><span class=\"news_top_date\">02.05.2017 \/ 18:42 CET\/CEST<\/span><br \/>Ver\u00f6ffentlichung einer Insiderinformation gem\u00e4\u00df Artikel 17 MAR, \u00fcbermittelt durch DGAP &#8211; ein Service der EQS Group AG.<br \/>F\u00fcr den Inhalt der Mitteilung ist der Emittent verantwortlich.<\/p>\n<hr \/>\n<div class=\"break-word news_main\">\n<p><i>M\u00fcnchen, 02.05.2017 &#8211;<\/i> Allgeier SE (ISIN DE0005086300, WKN 508630) erzielt im ersten Quartal 2017 (01. Januar 2017 &#8211; 31. M\u00e4rz 2017) ein anhaltendes Wachstum im Umsatz bei gegen\u00fcber dem fortgef\u00fchrten Gesch\u00e4ft des Vorjahres leicht reduziertem Ergebnis.<\/p>\n<p>Umsatz- und Ergebnisentwicklung im ersten Quartal 2017<\/p>\n<p>Im ersten Quartal 2017 (01. Januar 2017 bis 31. M\u00e4rz 2017) lag die Gesamtleistung bei 133,8 Mio. Euro und damit um 16 Prozent \u00fcber dem Wert des Vorjahres (Vorjahr: 114,9 Mio. Euro). Das bereinigte Konzern-EBITDA (EBITDA vor Effekten, die betriebswirtschaftlich als au\u00dferordentlich oder periodenfremd qualifiziert werden) der ersten drei Monate 2017 lag bei 4,6 Mio. Euro (Vorjahr: 5,1 Mio. Euro). Das EBITDA der Periode lag bei 5,3 Mio. Euro (Vorjahr: 5,6 Mio. Euro). Im Ergebnis spiegeln sich die Investitionen des Konzerns in Gesch\u00e4ftsausbau und Personal im Segment Allgeier Experts sowie in den SAP-Einheiten der Allgeier Enterprise Services wider. Der Konzern erzielte damit im ersten Quartal 2017 ein EBIT von 2,4 Mio. Euro (Vorjahr: 2,9 Mio. Euro).<\/p>\n<p>Eckdaten der Bilanz zum 31. M\u00e4rz 2017<\/p>\n<p>Das Konzern-Eigenkapital betrug zum Stichtag 31. M\u00e4rz 2017 117,6 Mio. Euro (31. Dezember 2016: 116,9 Mio. Euro). Dem Allgeier Konzern standen zum Ende des ersten Quartals 2017 liquide Mittel in H\u00f6he von 58,3 Mio. Euro zur Verf\u00fcgung (31. Dezember 2016: 71,8 Mio. Euro). F\u00fcr den R\u00fcckgang sind insbesondere ein unterj\u00e4hriger Anstieg des Working Capital, Earn-Out-Zahlungen, Investitionen sowie Zinszahlungen urs\u00e4chlich. Die kurz- und langfristigen Finanzschulden sanken zum Bilanzstichtag leicht auf 107,8 Mio. Euro (31. Dezember 2016: 109,1 Mio. Euro). Die Bilanzsumme betrug zum Stichtag 31. M\u00e4rz 2017 341,3 Mio. Euro (31. Dezember 2016: 344,4 Mio. Euro).<\/p>\n<p>Hinweis<\/p>\n<p>Die genannten Vorjahresergebnisse sind aufgrund der r\u00fcckwirkenden Bereinigung des Vorjahres um die ver\u00e4u\u00dferten Einheiten nicht mit den Finanzinformationen des Vorjahres vergleichbar. Alle genannten Zahlen des ersten Quartals 2017 sind gem\u00e4\u00df IFRS ermittelt. Eine freiwillige Zwischeninformation zum 31. M\u00e4rz 2017 der Allgeier SE wird am 19. Mai 2017 ver\u00f6ffentlicht und ist dann unter www.allgeier.com einzusehen.<\/p>\n<p>Kontakt:<\/p>\n<p>Allgeier SE<br \/>Corporate Communications &amp; Investor Relations<br \/>Dr. Christopher Gro\u00dfe<br \/>Wehrlestra\u00dfe 12<br \/>81679 M\u00fcnchen<br \/>Tel.: +49 (0)89\/998421-0<br \/>Fax: +49 (0)89\/998421-11<br \/>E-Mail: ir@allgeier.com<br \/>Web: www.allgeier.com<\/p>\n<p>Allgeier SE ist eines der f\u00fchrenden IT-Unternehmen f\u00fcr digitale Transformation: Mit einer auf Innovationen und Zukunftstrends ausgerichteten Wachstumsstrategie sowie einem integrativen unternehmerischen Modell ergreift Allgeier die Chancen der Digitalisierung. Drei Segmente mit individuellen fachlichen und branchenbezogenen Schwerpunkten arbeiten gemeinsam f\u00fcr rund 3.000 Kunden aus nahezu allen Branchen. Mit \u00fcber 6.500 angestellten Mitarbeitern und rund 1.300 freiberuflichen Experten bietet Allgeier den Kunden als One-Stop-Shop ein umfassendes L\u00f6sungs- und Leistungsportfolio. Allgeier bildet mit einem hochflexiblen Delivery-Modell das komplette IT-Leistungsspektrum von Onsite \u00fcber Nearshore bis hin zu Offshore ab: Mit einem starken Standbein in Indien werden Flexibilit\u00e4t und h\u00f6chste Skalierbarkeit der Leistungen sowie hochqualifiziertes Expertenwissen in der High-End-Softwareentwicklung sichergestellt. Zu den Kunden von Allgeier z\u00e4hlen global arbeitende Konzerne genauso wie innovative mittelst\u00e4ndische Betriebe, die sich durch leistungsstarke IT-L\u00f6sungen, intelligente Software und flexible Personaldienstleistungen strategische Vorteile sichern wollen. Die stark wachsende Gruppe mit Hauptsitz in M\u00fcnchen verf\u00fcgt \u00fcber mehr als 100 Niederlassungen in der DACH-Region, in neun weiteren europ\u00e4ischen L\u00e4ndern sowie in Indien, Singapur, Vietnam, Mexiko und den USA. 2016 erzielte Allgeier im fortgef\u00fchrten Gesch\u00e4ft einen Umsatz von 498 Mio. Euro. Allgeier SE belegt in der L\u00fcnendonk(R)-Liste 2016 &#8222;F\u00fchrende deutsche mittelst\u00e4ndische IT-Beratungs- und Systemintegrations-Unternehmen&#8220; den ersten Platz. Allgeier Experts ist nach L\u00fcnendonk(R)-Marktsegmentstudie 2016 &#8222;Der Markt f\u00fcr Rekrutierung, Vermittlung und Steuerung von IT-Freelancern in Deutschland&#8220; unter den TOP 3 IT-Personaldienstleistern in Deutschland. Allgeier SE ist am Regulierten Markt der Frankfurter Wertpapierb\u00f6rse im General Standard gelistet (WKN 508630, ISIN DE0005086300). Weitere Informationen unter: www.allgeier.com.<\/p>\n<\/div>\n<hr \/>\n<hr \/>\n<\/td>\n<\/tr>\n<\/table>\n<p><\/p>\n<div class=\"time_layout_email\">\n<p class=\"\">\n<\/div>\n","protected":false},"excerpt":{"rendered":"<p>ALLGEIER SE \/ Schlagwort(e): Quartals-\/Zwischenmitteilung 02.05.2017 \/ 18:42 CET\/CEST Ver\u00f6ffentlichung einer Insiderinformation gem\u00e4\u00df Artikel 17 MAR, \u00fcbermittelt durch DGAP &#8211; ein Service der EQS Group AG. F\u00fcr den Inhalt der Mitteilung ist der Emittent verantwortlich. M\u00fcnchen, 02.05.2017 &#8211; Allgeier<\/p>\n","protected":false},"author":4,"featured_media":0,"parent":1155,"menu_order":0,"comment_status":"close","ping_status":"closed","template":"","meta":{"_acf_changed":false,"footnotes":""},"categories":[],"tags":[],"class_list":["post-5470","page","type-page","status-publish","hentry"],"acf":[],"yoast_head":"<!-- This site is optimized with the Yoast SEO plugin v27.4 - https:\/\/yoast.com\/product\/yoast-seo-wordpress\/ -->\n<title>ALLGEIER SE: Allgeier erzielt im ersten Quartal 2017 weiteres Umsatzwachstum - Allgeier SE<\/title>\n<meta name=\"robots\" content=\"index, follow, max-snippet:-1, max-image-preview:large, max-video-preview:-1\" \/>\n<link rel=\"canonical\" href=\"https:\/\/www.allgeier.com\/de\/investor-relations\/adhoc-announcements\/allgeier-se-allgeier-erzielt-im-ersten-quartal-2017-weiteres-umsatzwachstum\/\" \/>\n<meta property=\"og:locale\" content=\"de_DE\" \/>\n<meta property=\"og:type\" content=\"article\" \/>\n<meta property=\"og:title\" content=\"ALLGEIER SE: Allgeier erzielt im ersten Quartal 2017 weiteres Umsatzwachstum - Allgeier SE\" \/>\n<meta property=\"og:description\" content=\"ALLGEIER SE \/ Schlagwort(e): Quartals-\/Zwischenmitteilung 02.05.2017 \/ 18:42 CET\/CEST Ver\u00f6ffentlichung einer Insiderinformation gem\u00e4\u00df Artikel 17 MAR, \u00fcbermittelt durch DGAP - ein Service der EQS Group AG. F\u00fcr den Inhalt der Mitteilung ist der Emittent verantwortlich. M\u00fcnchen, 02.05.2017 - Allgeier\" \/>\n<meta property=\"og:url\" content=\"https:\/\/www.allgeier.com\/de\/investor-relations\/adhoc-announcements\/allgeier-se-allgeier-erzielt-im-ersten-quartal-2017-weiteres-umsatzwachstum\/\" \/>\n<meta property=\"og:site_name\" content=\"Allgeier SE\" \/>\n<meta property=\"article:modified_time\" content=\"2023-01-22T17:10:02+00:00\" \/>\n<meta name=\"twitter:card\" content=\"summary_large_image\" \/>\n<meta name=\"twitter:label1\" content=\"Gesch\u00e4tzte Lesezeit\" \/>\n\t<meta name=\"twitter:data1\" content=\"3\u00a0Minuten\" \/>\n<script type=\"application\/ld+json\" class=\"yoast-schema-graph\">{\"@context\":\"https:\\\/\\\/schema.org\",\"@graph\":[{\"@type\":\"WebPage\",\"@id\":\"https:\\\/\\\/www.allgeier.com\\\/de\\\/investor-relations\\\/adhoc-announcements\\\/allgeier-se-allgeier-erzielt-im-ersten-quartal-2017-weiteres-umsatzwachstum\\\/\",\"url\":\"https:\\\/\\\/www.allgeier.com\\\/de\\\/investor-relations\\\/adhoc-announcements\\\/allgeier-se-allgeier-erzielt-im-ersten-quartal-2017-weiteres-umsatzwachstum\\\/\",\"name\":\"ALLGEIER SE: Allgeier erzielt im ersten Quartal 2017 weiteres Umsatzwachstum - Allgeier SE\",\"isPartOf\":{\"@id\":\"https:\\\/\\\/www.allgeier.com\\\/de\\\/#website\"},\"datePublished\":\"2017-05-02T16:42:51+00:00\",\"dateModified\":\"2023-01-22T17:10:02+00:00\",\"breadcrumb\":{\"@id\":\"https:\\\/\\\/www.allgeier.com\\\/de\\\/investor-relations\\\/adhoc-announcements\\\/allgeier-se-allgeier-erzielt-im-ersten-quartal-2017-weiteres-umsatzwachstum\\\/#breadcrumb\"},\"inLanguage\":\"de\",\"potentialAction\":[{\"@type\":\"ReadAction\",\"target\":[\"https:\\\/\\\/www.allgeier.com\\\/de\\\/investor-relations\\\/adhoc-announcements\\\/allgeier-se-allgeier-erzielt-im-ersten-quartal-2017-weiteres-umsatzwachstum\\\/\"]}]},{\"@type\":\"BreadcrumbList\",\"@id\":\"https:\\\/\\\/www.allgeier.com\\\/de\\\/investor-relations\\\/adhoc-announcements\\\/allgeier-se-allgeier-erzielt-im-ersten-quartal-2017-weiteres-umsatzwachstum\\\/#breadcrumb\",\"itemListElement\":[{\"@type\":\"ListItem\",\"position\":1,\"name\":\"Home\",\"item\":\"https:\\\/\\\/www.allgeier.com\\\/de\\\/\"},{\"@type\":\"ListItem\",\"position\":2,\"name\":\"Investor Relations\",\"item\":\"https:\\\/\\\/www.allgeier.com\\\/de\\\/investor-relations\\\/\"},{\"@type\":\"ListItem\",\"position\":3,\"name\":\"Ad hoc-Mitteilungen\",\"item\":\"https:\\\/\\\/www.allgeier.com\\\/de\\\/investor-relations\\\/adhoc-announcements\\\/\"},{\"@type\":\"ListItem\",\"position\":4,\"name\":\"ALLGEIER SE: Allgeier erzielt im ersten Quartal 2017 weiteres Umsatzwachstum\"}]},{\"@type\":\"WebSite\",\"@id\":\"https:\\\/\\\/www.allgeier.com\\\/de\\\/#website\",\"url\":\"https:\\\/\\\/www.allgeier.com\\\/de\\\/\",\"name\":\"Allgeier SE\",\"description\":\"Software &amp; IT Services for digital transformation\",\"potentialAction\":[{\"@type\":\"SearchAction\",\"target\":{\"@type\":\"EntryPoint\",\"urlTemplate\":\"https:\\\/\\\/www.allgeier.com\\\/de\\\/?s={search_term_string}\"},\"query-input\":{\"@type\":\"PropertyValueSpecification\",\"valueRequired\":true,\"valueName\":\"search_term_string\"}}],\"inLanguage\":\"de\"}]}<\/script>\n<!-- \/ Yoast SEO plugin. -->","yoast_head_json":{"title":"ALLGEIER SE: Allgeier erzielt im ersten Quartal 2017 weiteres Umsatzwachstum - Allgeier SE","robots":{"index":"index","follow":"follow","max-snippet":"max-snippet:-1","max-image-preview":"max-image-preview:large","max-video-preview":"max-video-preview:-1"},"canonical":"https:\/\/www.allgeier.com\/de\/investor-relations\/adhoc-announcements\/allgeier-se-allgeier-erzielt-im-ersten-quartal-2017-weiteres-umsatzwachstum\/","og_locale":"de_DE","og_type":"article","og_title":"ALLGEIER SE: Allgeier erzielt im ersten Quartal 2017 weiteres Umsatzwachstum - Allgeier SE","og_description":"ALLGEIER SE \/ Schlagwort(e): Quartals-\/Zwischenmitteilung 02.05.2017 \/ 18:42 CET\/CEST Ver\u00f6ffentlichung einer Insiderinformation gem\u00e4\u00df Artikel 17 MAR, \u00fcbermittelt durch DGAP - ein Service der EQS Group AG. F\u00fcr den Inhalt der Mitteilung ist der Emittent verantwortlich. M\u00fcnchen, 02.05.2017 - Allgeier","og_url":"https:\/\/www.allgeier.com\/de\/investor-relations\/adhoc-announcements\/allgeier-se-allgeier-erzielt-im-ersten-quartal-2017-weiteres-umsatzwachstum\/","og_site_name":"Allgeier SE","article_modified_time":"2023-01-22T17:10:02+00:00","twitter_card":"summary_large_image","twitter_misc":{"Gesch\u00e4tzte Lesezeit":"3\u00a0Minuten"},"schema":{"@context":"https:\/\/schema.org","@graph":[{"@type":"WebPage","@id":"https:\/\/www.allgeier.com\/de\/investor-relations\/adhoc-announcements\/allgeier-se-allgeier-erzielt-im-ersten-quartal-2017-weiteres-umsatzwachstum\/","url":"https:\/\/www.allgeier.com\/de\/investor-relations\/adhoc-announcements\/allgeier-se-allgeier-erzielt-im-ersten-quartal-2017-weiteres-umsatzwachstum\/","name":"ALLGEIER SE: Allgeier erzielt im ersten Quartal 2017 weiteres Umsatzwachstum - Allgeier SE","isPartOf":{"@id":"https:\/\/www.allgeier.com\/de\/#website"},"datePublished":"2017-05-02T16:42:51+00:00","dateModified":"2023-01-22T17:10:02+00:00","breadcrumb":{"@id":"https:\/\/www.allgeier.com\/de\/investor-relations\/adhoc-announcements\/allgeier-se-allgeier-erzielt-im-ersten-quartal-2017-weiteres-umsatzwachstum\/#breadcrumb"},"inLanguage":"de","potentialAction":[{"@type":"ReadAction","target":["https:\/\/www.allgeier.com\/de\/investor-relations\/adhoc-announcements\/allgeier-se-allgeier-erzielt-im-ersten-quartal-2017-weiteres-umsatzwachstum\/"]}]},{"@type":"BreadcrumbList","@id":"https:\/\/www.allgeier.com\/de\/investor-relations\/adhoc-announcements\/allgeier-se-allgeier-erzielt-im-ersten-quartal-2017-weiteres-umsatzwachstum\/#breadcrumb","itemListElement":[{"@type":"ListItem","position":1,"name":"Home","item":"https:\/\/www.allgeier.com\/de\/"},{"@type":"ListItem","position":2,"name":"Investor Relations","item":"https:\/\/www.allgeier.com\/de\/investor-relations\/"},{"@type":"ListItem","position":3,"name":"Ad hoc-Mitteilungen","item":"https:\/\/www.allgeier.com\/de\/investor-relations\/adhoc-announcements\/"},{"@type":"ListItem","position":4,"name":"ALLGEIER SE: Allgeier erzielt im ersten Quartal 2017 weiteres Umsatzwachstum"}]},{"@type":"WebSite","@id":"https:\/\/www.allgeier.com\/de\/#website","url":"https:\/\/www.allgeier.com\/de\/","name":"Allgeier SE","description":"Software &amp; IT Services for digital transformation","potentialAction":[{"@type":"SearchAction","target":{"@type":"EntryPoint","urlTemplate":"https:\/\/www.allgeier.com\/de\/?s={search_term_string}"},"query-input":{"@type":"PropertyValueSpecification","valueRequired":true,"valueName":"search_term_string"}}],"inLanguage":"de"}]}},"_links":{"self":[{"href":"https:\/\/www.allgeier.com\/de\/wp-json\/wp\/v2\/pages\/5470","targetHints":{"allow":["GET"]}}],"collection":[{"href":"https:\/\/www.allgeier.com\/de\/wp-json\/wp\/v2\/pages"}],"about":[{"href":"https:\/\/www.allgeier.com\/de\/wp-json\/wp\/v2\/types\/page"}],"author":[{"embeddable":true,"href":"https:\/\/www.allgeier.com\/de\/wp-json\/wp\/v2\/users\/4"}],"replies":[{"embeddable":true,"href":"https:\/\/www.allgeier.com\/de\/wp-json\/wp\/v2\/comments?post=5470"}],"version-history":[{"count":1,"href":"https:\/\/www.allgeier.com\/de\/wp-json\/wp\/v2\/pages\/5470\/revisions"}],"predecessor-version":[{"id":5471,"href":"https:\/\/www.allgeier.com\/de\/wp-json\/wp\/v2\/pages\/5470\/revisions\/5471"}],"up":[{"embeddable":true,"href":"https:\/\/www.allgeier.com\/de\/wp-json\/wp\/v2\/pages\/1155"}],"wp:attachment":[{"href":"https:\/\/www.allgeier.com\/de\/wp-json\/wp\/v2\/media?parent=5470"}],"wp:term":[{"taxonomy":"category","embeddable":true,"href":"https:\/\/www.allgeier.com\/de\/wp-json\/wp\/v2\/categories?post=5470"},{"taxonomy":"post_tag","embeddable":true,"href":"https:\/\/www.allgeier.com\/de\/wp-json\/wp\/v2\/tags?post=5470"}],"curies":[{"name":"wp","href":"https:\/\/api.w.org\/{rel}","templated":true}]}}