{"id":5476,"date":"2017-04-05T16:20:37","date_gmt":"2017-04-05T16:20:37","guid":{"rendered":"https:\/\/www.allgeier.com\/de\/?page_id=5476"},"modified":"2023-01-22T17:10:02","modified_gmt":"2023-01-22T17:10:02","slug":"allgeier-se-allgeier-verhandelt-mit-ciber-insolvenzverwalter-ueber-fortfuehrung-des-geschaefts-der-deutschen-ciber-gesellschaften","status":"publish","type":"page","link":"https:\/\/www.allgeier.com\/de\/investor-relations\/adhoc-announcements\/allgeier-se-allgeier-verhandelt-mit-ciber-insolvenzverwalter-ueber-fortfuehrung-des-geschaefts-der-deutschen-ciber-gesellschaften\/","title":{"rendered":"Allgeier SE: Allgeier verhandelt mit Ciber-Insolvenzverwalter \u00fcber Fortf\u00fchrung des Gesch\u00e4fts der deutschen Ciber-Gesellschaften"},"content":{"rendered":"<table class=\"news_layout style2015\" border=\"0\" cellpadding=\"0\" cellspacing=\"0\">\n<tr>\n<td>\n<p class=\"news_top\">ALLGEIER SE \/ Schlagwort(e): Firmen\u00fcbernahme<\/p>\n<p><span class=\"news_top_date\">05.04.2017 \/ 18:20 CET\/CEST<\/span><br \/>Ver\u00f6ffentlichung einer Insiderinformation gem\u00e4\u00df Artikel 17 MAR, \u00fcbermittelt durch DGAP &#8211; ein Service der EQS Group AG.<br \/>F\u00fcr den Inhalt der Mitteilung ist der Emittent verantwortlich.<\/p>\n<hr \/>\n<div class=\"break-word news_main\">\n<p><i>M\u00fcnchen, 05. April 2017 &#8211;<\/i> Die Allgeier SE (ISIN DE0005086300, WKN 508630) und Rechtsanwalt Hans-Gerd Jauch, der als vorl\u00e4ufiger Insolvenzverwalter der Ciber AG und der Ciber Managed Services GmbH bestellt ist, befinden sich in intensiven und weit fortgeschrittenen Verhandlungen \u00fcber eine Vereinbarung, die die Fortf\u00fchrung des operativen Gesch\u00e4fts der deutschen Gesellschaften der Ciber Gruppe durch Allgeier erm\u00f6glichen wird. Die in Erstellung befindliche Vereinbarung sieht vor, dass Allgeier die Kundenbeziehungen sowie weitere Verm\u00f6gensgegenst\u00e4nde \u00fcbernehmen wird.<\/p>\n<p style=\"text-align: justify\">Derzeit werden weitere Einzelheiten der Transaktion abgestimmt. Es ist das gemeinsame Ziel, eine vertragliche Vereinbarung bis Ende dieser Woche zu unterzeichnen. Die Umsetzung der Vereinbarung wird jedoch formal die Er\u00f6ffnung des Insolvenzverfahrens voraussetzen.<br \/>\u00a0<\/p>\n<p>Kontakt:<\/p>\n<p>Allgeier SE<br \/>Corporate Communications &amp; Investor Relations<br \/>Dr. Christopher Gro\u00dfe<br \/>Wehrlestra\u00dfe 12<br \/>81679 M\u00fcnchen<br \/>Tel.: +49 (0)89\/998421-0<br \/>Fax: +49 (0)89\/998421-11<br \/>E-Mail: ir@allgeier.com<br \/>Web: www.allgeier.com<\/p>\n<p style=\"text-align: justify\">\n<p>Allgeier SE ist eines der f\u00fchrenden IT-Unternehmen f\u00fcr digitale Transformation: Mit einer auf Innovationen und Zukunftstrends ausgerichteten Wachstumsstrategie sowie einem integrativen unternehmerischen Modell ergreift Allgeier die Chancen der Digitalisierung. Drei Segmente mit individuellen fachlichen und branchenbezogenen Schwerpunkten arbeiten gemeinsam f\u00fcr rund 3.000 Kunden aus nahezu allen Branchen. Mit \u00fcber 6.300 angestellten Mitarbeitern und mehr als 1.300 freiberuflichen Experten bietet Allgeier den Kunden als One-Stop-Shop ein umfassendes L\u00f6sungs- und Leistungsportfolio. Allgeier bildet mit einem hochflexiblen Delivery-Modell das komplette IT-Leistungsspektrum von Onsite \u00fcber Nearshore bis hin zu Offshore ab: Mit einem starken Standbein in Indien werden Flexibilit\u00e4t und h\u00f6chste Skalierbarkeit der Leistungen sowie hochqualifiziertes Expertenwissen in der High-End-Softwareentwicklung sichergestellt. Zu den Kunden von Allgeier z\u00e4hlen global arbeitende Konzerne genauso wie innovative mittelst\u00e4ndische Betriebe, die sich durch leistungsstarke IT-L\u00f6sungen, intelligente Software und flexible Personaldienstleistungen strategische Vorteile sichern wollen. Die stark wachsende Gruppe mit Hauptsitz in M\u00fcnchen verf\u00fcgt \u00fcber mehr als 100 Niederlassungen in der DACH-Region, in neun weiteren europ\u00e4ischen L\u00e4ndern sowie in Indien, Singapur, Vietnam, Mexiko und den USA. 2016 erzielte Allgeier gem\u00e4\u00df vorl\u00e4ufiger Zahlen einen Umsatz von 498 Mio. Euro (fortgef\u00fchrtes Gesch\u00e4ft). Allgeier SE belegt in der L\u00fcnendonk(R)-Liste 2016 &#8222;F\u00fchrende deutsche mittelst\u00e4ndische IT-Beratungs- und Systemintegrations-Unternehmen&#8220; den ersten Platz. Allgeier Experts ist nach L\u00fcnendonk(R)-Marktsegmentstudie 2016 &#8222;Der Markt f\u00fcr Rekrutierung, Vermittlung und Steuerung von IT-Freelancern in Deutschland&#8220; unter den TOP 3 IT-Personaldienstleistern in Deutschland. Allgeier SE ist am Regulierten Markt der Frankfurter Wertpapierb\u00f6rse im General Standard gelistet (WKN 508630, ISIN DE0005086300). Weitere Informationen unter: www.allgeier.com.<\/p>\n<\/div>\n<hr \/>\n<hr \/>\n<\/td>\n<\/tr>\n<\/table>\n<p><\/p>\n<div class=\"time_layout_email\">\n<p class=\"\">\n<\/div>\n","protected":false},"excerpt":{"rendered":"<p>ALLGEIER SE \/ Schlagwort(e): Firmen\u00fcbernahme 05.04.2017 \/ 18:20 CET\/CEST Ver\u00f6ffentlichung einer Insiderinformation gem\u00e4\u00df Artikel 17 MAR, \u00fcbermittelt durch DGAP &#8211; ein Service der EQS Group AG. F\u00fcr den Inhalt der Mitteilung ist der Emittent verantwortlich. M\u00fcnchen, 05. April 2017 &#8211; Die Allgeier SE (ISIN<\/p>\n","protected":false},"author":4,"featured_media":0,"parent":1155,"menu_order":0,"comment_status":"close","ping_status":"closed","template":"","meta":{"_acf_changed":false,"footnotes":""},"categories":[],"tags":[],"class_list":["post-5476","page","type-page","status-publish","hentry"],"acf":[],"yoast_head":"<!-- This site is optimized with the Yoast SEO plugin v27.4 - https:\/\/yoast.com\/product\/yoast-seo-wordpress\/ -->\n<title>Allgeier SE: Allgeier verhandelt mit Ciber-Insolvenzverwalter \u00fcber Fortf\u00fchrung des Gesch\u00e4fts der deutschen Ciber-Gesellschaften - Allgeier SE<\/title>\n<meta name=\"robots\" content=\"index, follow, max-snippet:-1, max-image-preview:large, max-video-preview:-1\" \/>\n<link rel=\"canonical\" href=\"https:\/\/www.allgeier.com\/de\/investor-relations\/adhoc-announcements\/allgeier-se-allgeier-verhandelt-mit-ciber-insolvenzverwalter-ueber-fortfuehrung-des-geschaefts-der-deutschen-ciber-gesellschaften\/\" \/>\n<meta property=\"og:locale\" content=\"de_DE\" \/>\n<meta property=\"og:type\" content=\"article\" \/>\n<meta property=\"og:title\" content=\"Allgeier SE: Allgeier verhandelt mit Ciber-Insolvenzverwalter \u00fcber Fortf\u00fchrung des Gesch\u00e4fts der deutschen Ciber-Gesellschaften - Allgeier SE\" \/>\n<meta property=\"og:description\" content=\"ALLGEIER SE \/ Schlagwort(e): Firmen\u00fcbernahme 05.04.2017 \/ 18:20 CET\/CEST Ver\u00f6ffentlichung einer Insiderinformation gem\u00e4\u00df Artikel 17 MAR, \u00fcbermittelt durch DGAP - ein Service der EQS Group AG. F\u00fcr den Inhalt der Mitteilung ist der Emittent verantwortlich. M\u00fcnchen, 05. April 2017 - Die Allgeier SE (ISIN\" \/>\n<meta property=\"og:url\" content=\"https:\/\/www.allgeier.com\/de\/investor-relations\/adhoc-announcements\/allgeier-se-allgeier-verhandelt-mit-ciber-insolvenzverwalter-ueber-fortfuehrung-des-geschaefts-der-deutschen-ciber-gesellschaften\/\" \/>\n<meta property=\"og:site_name\" content=\"Allgeier SE\" \/>\n<meta property=\"article:modified_time\" content=\"2023-01-22T17:10:02+00:00\" \/>\n<meta name=\"twitter:card\" content=\"summary_large_image\" \/>\n<meta name=\"twitter:label1\" content=\"Gesch\u00e4tzte Lesezeit\" \/>\n\t<meta name=\"twitter:data1\" content=\"2\u00a0Minuten\" \/>\n<script type=\"application\/ld+json\" class=\"yoast-schema-graph\">{\"@context\":\"https:\\\/\\\/schema.org\",\"@graph\":[{\"@type\":\"WebPage\",\"@id\":\"https:\\\/\\\/www.allgeier.com\\\/de\\\/investor-relations\\\/adhoc-announcements\\\/allgeier-se-allgeier-verhandelt-mit-ciber-insolvenzverwalter-ueber-fortfuehrung-des-geschaefts-der-deutschen-ciber-gesellschaften\\\/\",\"url\":\"https:\\\/\\\/www.allgeier.com\\\/de\\\/investor-relations\\\/adhoc-announcements\\\/allgeier-se-allgeier-verhandelt-mit-ciber-insolvenzverwalter-ueber-fortfuehrung-des-geschaefts-der-deutschen-ciber-gesellschaften\\\/\",\"name\":\"Allgeier SE: Allgeier verhandelt mit Ciber-Insolvenzverwalter \u00fcber Fortf\u00fchrung des Gesch\u00e4fts der deutschen Ciber-Gesellschaften - Allgeier SE\",\"isPartOf\":{\"@id\":\"https:\\\/\\\/www.allgeier.com\\\/de\\\/#website\"},\"datePublished\":\"2017-04-05T16:20:37+00:00\",\"dateModified\":\"2023-01-22T17:10:02+00:00\",\"breadcrumb\":{\"@id\":\"https:\\\/\\\/www.allgeier.com\\\/de\\\/investor-relations\\\/adhoc-announcements\\\/allgeier-se-allgeier-verhandelt-mit-ciber-insolvenzverwalter-ueber-fortfuehrung-des-geschaefts-der-deutschen-ciber-gesellschaften\\\/#breadcrumb\"},\"inLanguage\":\"de\",\"potentialAction\":[{\"@type\":\"ReadAction\",\"target\":[\"https:\\\/\\\/www.allgeier.com\\\/de\\\/investor-relations\\\/adhoc-announcements\\\/allgeier-se-allgeier-verhandelt-mit-ciber-insolvenzverwalter-ueber-fortfuehrung-des-geschaefts-der-deutschen-ciber-gesellschaften\\\/\"]}]},{\"@type\":\"BreadcrumbList\",\"@id\":\"https:\\\/\\\/www.allgeier.com\\\/de\\\/investor-relations\\\/adhoc-announcements\\\/allgeier-se-allgeier-verhandelt-mit-ciber-insolvenzverwalter-ueber-fortfuehrung-des-geschaefts-der-deutschen-ciber-gesellschaften\\\/#breadcrumb\",\"itemListElement\":[{\"@type\":\"ListItem\",\"position\":1,\"name\":\"Home\",\"item\":\"https:\\\/\\\/www.allgeier.com\\\/de\\\/\"},{\"@type\":\"ListItem\",\"position\":2,\"name\":\"Investor Relations\",\"item\":\"https:\\\/\\\/www.allgeier.com\\\/de\\\/investor-relations\\\/\"},{\"@type\":\"ListItem\",\"position\":3,\"name\":\"Ad hoc-Mitteilungen\",\"item\":\"https:\\\/\\\/www.allgeier.com\\\/de\\\/investor-relations\\\/adhoc-announcements\\\/\"},{\"@type\":\"ListItem\",\"position\":4,\"name\":\"Allgeier SE: Allgeier verhandelt mit Ciber-Insolvenzverwalter \u00fcber Fortf\u00fchrung des Gesch\u00e4fts der deutschen Ciber-Gesellschaften\"}]},{\"@type\":\"WebSite\",\"@id\":\"https:\\\/\\\/www.allgeier.com\\\/de\\\/#website\",\"url\":\"https:\\\/\\\/www.allgeier.com\\\/de\\\/\",\"name\":\"Allgeier SE\",\"description\":\"Software &amp; IT Services for digital transformation\",\"potentialAction\":[{\"@type\":\"SearchAction\",\"target\":{\"@type\":\"EntryPoint\",\"urlTemplate\":\"https:\\\/\\\/www.allgeier.com\\\/de\\\/?s={search_term_string}\"},\"query-input\":{\"@type\":\"PropertyValueSpecification\",\"valueRequired\":true,\"valueName\":\"search_term_string\"}}],\"inLanguage\":\"de\"}]}<\/script>\n<!-- \/ Yoast SEO plugin. -->","yoast_head_json":{"title":"Allgeier SE: Allgeier verhandelt mit Ciber-Insolvenzverwalter \u00fcber Fortf\u00fchrung des Gesch\u00e4fts der deutschen Ciber-Gesellschaften - Allgeier SE","robots":{"index":"index","follow":"follow","max-snippet":"max-snippet:-1","max-image-preview":"max-image-preview:large","max-video-preview":"max-video-preview:-1"},"canonical":"https:\/\/www.allgeier.com\/de\/investor-relations\/adhoc-announcements\/allgeier-se-allgeier-verhandelt-mit-ciber-insolvenzverwalter-ueber-fortfuehrung-des-geschaefts-der-deutschen-ciber-gesellschaften\/","og_locale":"de_DE","og_type":"article","og_title":"Allgeier SE: Allgeier verhandelt mit Ciber-Insolvenzverwalter \u00fcber Fortf\u00fchrung des Gesch\u00e4fts der deutschen Ciber-Gesellschaften - Allgeier SE","og_description":"ALLGEIER SE \/ Schlagwort(e): Firmen\u00fcbernahme 05.04.2017 \/ 18:20 CET\/CEST Ver\u00f6ffentlichung einer Insiderinformation gem\u00e4\u00df Artikel 17 MAR, \u00fcbermittelt durch DGAP - ein Service der EQS Group AG. F\u00fcr den Inhalt der Mitteilung ist der Emittent verantwortlich. M\u00fcnchen, 05. April 2017 - Die Allgeier SE (ISIN","og_url":"https:\/\/www.allgeier.com\/de\/investor-relations\/adhoc-announcements\/allgeier-se-allgeier-verhandelt-mit-ciber-insolvenzverwalter-ueber-fortfuehrung-des-geschaefts-der-deutschen-ciber-gesellschaften\/","og_site_name":"Allgeier SE","article_modified_time":"2023-01-22T17:10:02+00:00","twitter_card":"summary_large_image","twitter_misc":{"Gesch\u00e4tzte Lesezeit":"2\u00a0Minuten"},"schema":{"@context":"https:\/\/schema.org","@graph":[{"@type":"WebPage","@id":"https:\/\/www.allgeier.com\/de\/investor-relations\/adhoc-announcements\/allgeier-se-allgeier-verhandelt-mit-ciber-insolvenzverwalter-ueber-fortfuehrung-des-geschaefts-der-deutschen-ciber-gesellschaften\/","url":"https:\/\/www.allgeier.com\/de\/investor-relations\/adhoc-announcements\/allgeier-se-allgeier-verhandelt-mit-ciber-insolvenzverwalter-ueber-fortfuehrung-des-geschaefts-der-deutschen-ciber-gesellschaften\/","name":"Allgeier SE: Allgeier verhandelt mit Ciber-Insolvenzverwalter \u00fcber Fortf\u00fchrung des Gesch\u00e4fts der deutschen Ciber-Gesellschaften - Allgeier SE","isPartOf":{"@id":"https:\/\/www.allgeier.com\/de\/#website"},"datePublished":"2017-04-05T16:20:37+00:00","dateModified":"2023-01-22T17:10:02+00:00","breadcrumb":{"@id":"https:\/\/www.allgeier.com\/de\/investor-relations\/adhoc-announcements\/allgeier-se-allgeier-verhandelt-mit-ciber-insolvenzverwalter-ueber-fortfuehrung-des-geschaefts-der-deutschen-ciber-gesellschaften\/#breadcrumb"},"inLanguage":"de","potentialAction":[{"@type":"ReadAction","target":["https:\/\/www.allgeier.com\/de\/investor-relations\/adhoc-announcements\/allgeier-se-allgeier-verhandelt-mit-ciber-insolvenzverwalter-ueber-fortfuehrung-des-geschaefts-der-deutschen-ciber-gesellschaften\/"]}]},{"@type":"BreadcrumbList","@id":"https:\/\/www.allgeier.com\/de\/investor-relations\/adhoc-announcements\/allgeier-se-allgeier-verhandelt-mit-ciber-insolvenzverwalter-ueber-fortfuehrung-des-geschaefts-der-deutschen-ciber-gesellschaften\/#breadcrumb","itemListElement":[{"@type":"ListItem","position":1,"name":"Home","item":"https:\/\/www.allgeier.com\/de\/"},{"@type":"ListItem","position":2,"name":"Investor Relations","item":"https:\/\/www.allgeier.com\/de\/investor-relations\/"},{"@type":"ListItem","position":3,"name":"Ad hoc-Mitteilungen","item":"https:\/\/www.allgeier.com\/de\/investor-relations\/adhoc-announcements\/"},{"@type":"ListItem","position":4,"name":"Allgeier SE: Allgeier verhandelt mit Ciber-Insolvenzverwalter \u00fcber Fortf\u00fchrung des Gesch\u00e4fts der deutschen Ciber-Gesellschaften"}]},{"@type":"WebSite","@id":"https:\/\/www.allgeier.com\/de\/#website","url":"https:\/\/www.allgeier.com\/de\/","name":"Allgeier SE","description":"Software &amp; IT Services for digital transformation","potentialAction":[{"@type":"SearchAction","target":{"@type":"EntryPoint","urlTemplate":"https:\/\/www.allgeier.com\/de\/?s={search_term_string}"},"query-input":{"@type":"PropertyValueSpecification","valueRequired":true,"valueName":"search_term_string"}}],"inLanguage":"de"}]}},"_links":{"self":[{"href":"https:\/\/www.allgeier.com\/de\/wp-json\/wp\/v2\/pages\/5476","targetHints":{"allow":["GET"]}}],"collection":[{"href":"https:\/\/www.allgeier.com\/de\/wp-json\/wp\/v2\/pages"}],"about":[{"href":"https:\/\/www.allgeier.com\/de\/wp-json\/wp\/v2\/types\/page"}],"author":[{"embeddable":true,"href":"https:\/\/www.allgeier.com\/de\/wp-json\/wp\/v2\/users\/4"}],"replies":[{"embeddable":true,"href":"https:\/\/www.allgeier.com\/de\/wp-json\/wp\/v2\/comments?post=5476"}],"version-history":[{"count":1,"href":"https:\/\/www.allgeier.com\/de\/wp-json\/wp\/v2\/pages\/5476\/revisions"}],"predecessor-version":[{"id":5477,"href":"https:\/\/www.allgeier.com\/de\/wp-json\/wp\/v2\/pages\/5476\/revisions\/5477"}],"up":[{"embeddable":true,"href":"https:\/\/www.allgeier.com\/de\/wp-json\/wp\/v2\/pages\/1155"}],"wp:attachment":[{"href":"https:\/\/www.allgeier.com\/de\/wp-json\/wp\/v2\/media?parent=5476"}],"wp:term":[{"taxonomy":"category","embeddable":true,"href":"https:\/\/www.allgeier.com\/de\/wp-json\/wp\/v2\/categories?post=5476"},{"taxonomy":"post_tag","embeddable":true,"href":"https:\/\/www.allgeier.com\/de\/wp-json\/wp\/v2\/tags?post=5476"}],"curies":[{"name":"wp","href":"https:\/\/api.w.org\/{rel}","templated":true}]}}