{"id":5478,"date":"2017-03-30T14:38:01","date_gmt":"2017-03-30T14:38:01","guid":{"rendered":"https:\/\/www.allgeier.com\/de\/?page_id=5478"},"modified":"2023-01-22T17:10:02","modified_gmt":"2023-01-22T17:10:02","slug":"allgeier-se-aufgrund-des-insolvenzantrags-der-deutschen-ciber-gesellschaften-kann-der-kaufvertrag-nicht-wie-geplant-umgesetzt-werden-verhandlungen-ueber-den-bereits-angedachten-asset-deal-sollen-de","status":"publish","type":"page","link":"https:\/\/www.allgeier.com\/de\/investor-relations\/adhoc-announcements\/allgeier-se-aufgrund-des-insolvenzantrags-der-deutschen-ciber-gesellschaften-kann-der-kaufvertrag-nicht-wie-geplant-umgesetzt-werden-verhandlungen-ueber-den-bereits-angedachten-asset-deal-sollen-de\/","title":{"rendered":"Allgeier SE: Aufgrund des Insolvenzantrags der deutschen Ciber-Gesellschaften kann der Kaufvertrag nicht wie geplant umgesetzt werden &#8211; Verhandlungen \u00fcber den bereits angedachten Asset Deal sollen dennoch fortgef\u00fchrt werden"},"content":{"rendered":"<table class=\"news_layout style2015\" border=\"0\" cellpadding=\"0\" cellspacing=\"0\">\n<tr>\n<td>\n<p class=\"news_top\">ALLGEIER SE \/ Schlagwort(e): Firmen\u00fcbernahme<\/p>\n<p><span class=\"news_top_date\">30.03.2017 \/ 16:38 CET\/CEST<\/span><br \/>Ver\u00f6ffentlichung einer Insiderinformation gem\u00e4\u00df Artikel 17 MAR, \u00fcbermittelt durch DGAP &#8211; ein Service der EQS Group AG.<br \/>F\u00fcr den Inhalt der Mitteilung ist der Emittent verantwortlich.<\/p>\n<hr \/>\n<div class=\"break-word news_main\">\n<p style=\"text-align: justify\"><i>M\u00fcnchen, 30. M\u00e4rz 2017 &#8211;<\/i> Allgeier SE <i>(ISIN DE0005086300, WKN 508630)<\/i> hat am 3. Februar 2017 mit Ciber, Inc., Greenwood Village, Colorado, USA, einen Kaufvertrag \u00fcber die deutschen Gesellschaften Ciber AG und Ciber Managed Services GmbH, die Ciber France SAS sowie weitere Verm\u00f6gensgegenst\u00e4nde geschlossen (siehe Ad-hoc-Mitteilung vom 3. Februar 2017). Mit Ad-hoc-Mitteilung vom 22. M\u00e4rz 2017 hat Allgeier SE mitgeteilt, dass die Transaktion nicht in der vereinbarten Weise durchgef\u00fchrt werden kann, da entscheidende Voraussetzungen f\u00fcr das Closing nicht vorliegen. Die Parteien hatten deshalb Verhandlungen \u00fcber eine alternative Gestaltung der Transaktion im Wege eines Asset Deal aufgenommen. Ein solcher konnte aufgrund der bestehenden hohen Unsicherheit durch bef\u00fcrchtete Anfechtungsrisiken bislang nicht final umgesetzt werden.<\/p>\n<p style=\"text-align: justify\">Am heutigen Tag wurden wir dar\u00fcber informiert, dass die deutschen Ciber-Gesellschaften beim Amtsgericht K\u00f6ln einen Insolvenzantrag gestellt haben. Dies bedeutet aus Sicht von Allgeier, dass der urspr\u00fcngliche Kaufvertrag nun endg\u00fcltig nicht mehr umgesetzt werden kann.<\/p>\n<p style=\"text-align: justify\">Dennoch bewertet Allgeier das Portfolio und die Dienstleistungen der deutschen Ciber-Gesellschaften als positiv und wird daher dem Insolvenzverwalter anbieten, die Verhandlungen \u00fcber den bereits angedachten Asset Deal fortzusetzen.<br \/>Allgeier steht nach wie vor bereit, f\u00fcr die Kunden und Mitarbeiter von Ciber Deutschland eine rasche L\u00f6sung f\u00fcr die Fortf\u00fchrung und Restrukturierung des Gesch\u00e4fts zu bieten. Wir werden hierzu unmittelbar den Kontakt zu dem Insolvenzverwalter aufnehmen.<br \/>\u00a0<\/p>\n<p>Kontakt:<\/p>\n<p>Allgeier SE<br \/>Corporate Communications &amp; Investor Relations<br \/>Dr. Christopher Gro\u00dfe<br \/>Wehrlestra\u00dfe 12<br \/>81679 M\u00fcnchen<br \/>Tel.: +49 (0)89\/998421-0<br \/>Fax: +49 (0)89\/998421-11<br \/>E-Mail: ir@allgeier.com<br \/>Web: www.allgeier.com<br \/>\u00a0<\/p>\n<p style=\"text-align: justify\">Allgeier SE ist eines der f\u00fchrenden IT-Unternehmen f\u00fcr digitale Transformation: Mit einer auf Innovationen und Zukunftstrends ausgerichteten Wachstumsstrategie sowie einem integrativen unternehmerischen Modell ergreift Allgeier die Chancen der Digitalisierung. Drei Segmente mit individuellen fachlichen und branchenbezogenen Schwerpunkten arbeiten gemeinsam f\u00fcr rund 3.000 Kunden aus nahezu allen Branchen. Mit \u00fcber 6.300 angestellten Mitarbeitern und mehr als 1.300 freiberuflichen Experten bietet Allgeier den Kunden als One-Stop-Shop ein umfassendes L\u00f6sungs- und Leistungsportfolio. Allgeier bildet mit einem hochflexiblen Delivery-Modell das komplette IT-Leistungsspektrum von Onsite \u00fcber Nearshore bis hin zu Offshore ab: Mit einem starken Standbein in Indien werden Flexibilit\u00e4t und h\u00f6chste Skalierbarkeit der Leistungen sowie hochqualifiziertes Expertenwissen in der High-End-Softwareentwicklung sichergestellt. Zu den Kunden von Allgeier z\u00e4hlen global arbeitende Konzerne genauso wie innovative mittelst\u00e4ndische Betriebe, die sich durch leistungsstarke IT-L\u00f6sungen, intelligente Software und flexible Personaldienstleistungen strategische Vorteile sichern wollen. Die stark wachsende Gruppe mit Hauptsitz in M\u00fcnchen verf\u00fcgt \u00fcber mehr als 100 Niederlassungen in der DACH-Region, in neun weiteren europ\u00e4ischen L\u00e4ndern sowie in Indien, Singapur, Vietnam, Mexiko und den USA. 2016 erzielte Allgeier gem\u00e4\u00df vorl\u00e4ufiger Zahlen einen Umsatz von 498 Mio. Euro (fortgef\u00fchrtes Gesch\u00e4ft). Allgeier SE belegt in der L\u00fcnendonk(R)-Liste 2016 &#8222;F\u00fchrende deutsche mittelst\u00e4ndische IT-Beratungs- und Systemintegrations-Unternehmen&#8220; den ersten Platz. Allgeier Experts ist nach L\u00fcnendonk(R)-Marktsegmentstudie 2016 &#8222;Der Markt f\u00fcr Rekrutierung, Vermittlung und Steuerung von IT-Freelancern in Deutschland&#8220; unter den TOP 3 IT-Personaldienstleistern in Deutschland. Allgeier SE ist am Regulierten Markt der Frankfurter Wertpapierb\u00f6rse im General Standard gelistet (WKN 508630, ISIN DE0005086300). Weitere Informationen unter: www.allgeier.com.<\/p>\n<p>\u00a0<\/p><\/div>\n<hr \/>\n<hr \/>\n<\/td>\n<\/tr>\n<\/table>\n<p><\/p>\n<div class=\"time_layout_email\">\n<p class=\"\">\n<\/div>\n","protected":false},"excerpt":{"rendered":"<p>ALLGEIER SE \/ Schlagwort(e): Firmen\u00fcbernahme 30.03.2017 \/ 16:38 CET\/CEST Ver\u00f6ffentlichung einer Insiderinformation gem\u00e4\u00df Artikel 17 MAR, \u00fcbermittelt durch DGAP &#8211; ein Service der EQS Group AG. F\u00fcr den Inhalt der Mitteilung ist der Emittent verantwortlich. M\u00fcnchen, 30. M\u00e4rz 2017 &#8211; Allgeier SE (ISIN DE0005086300,<\/p>\n","protected":false},"author":4,"featured_media":0,"parent":1155,"menu_order":0,"comment_status":"close","ping_status":"closed","template":"","meta":{"_acf_changed":false,"footnotes":""},"categories":[],"tags":[],"class_list":["post-5478","page","type-page","status-publish","hentry"],"acf":[],"yoast_head":"<!-- This site is optimized with the Yoast SEO plugin v27.4 - https:\/\/yoast.com\/product\/yoast-seo-wordpress\/ -->\n<title>Allgeier SE: Aufgrund des Insolvenzantrags der deutschen Ciber-Gesellschaften kann der Kaufvertrag nicht wie geplant umgesetzt werden - Verhandlungen \u00fcber den bereits angedachten Asset Deal sollen dennoch fortgef\u00fchrt werden - Allgeier SE<\/title>\n<meta name=\"robots\" content=\"index, follow, max-snippet:-1, max-image-preview:large, max-video-preview:-1\" \/>\n<link rel=\"canonical\" href=\"https:\/\/www.allgeier.com\/de\/investor-relations\/adhoc-announcements\/allgeier-se-aufgrund-des-insolvenzantrags-der-deutschen-ciber-gesellschaften-kann-der-kaufvertrag-nicht-wie-geplant-umgesetzt-werden-verhandlungen-ueber-den-bereits-angedachten-asset-deal-sollen-de\/\" \/>\n<meta property=\"og:locale\" content=\"de_DE\" \/>\n<meta property=\"og:type\" content=\"article\" \/>\n<meta property=\"og:title\" content=\"Allgeier SE: Aufgrund des Insolvenzantrags der deutschen Ciber-Gesellschaften kann der Kaufvertrag nicht wie geplant umgesetzt werden - Verhandlungen \u00fcber den bereits angedachten Asset Deal sollen dennoch fortgef\u00fchrt werden - Allgeier SE\" \/>\n<meta property=\"og:description\" content=\"ALLGEIER SE \/ Schlagwort(e): Firmen\u00fcbernahme 30.03.2017 \/ 16:38 CET\/CEST Ver\u00f6ffentlichung einer Insiderinformation gem\u00e4\u00df Artikel 17 MAR, \u00fcbermittelt durch DGAP - ein Service der EQS Group AG. F\u00fcr den Inhalt der Mitteilung ist der Emittent verantwortlich. M\u00fcnchen, 30. M\u00e4rz 2017 - Allgeier SE (ISIN DE0005086300,\" \/>\n<meta property=\"og:url\" content=\"https:\/\/www.allgeier.com\/de\/investor-relations\/adhoc-announcements\/allgeier-se-aufgrund-des-insolvenzantrags-der-deutschen-ciber-gesellschaften-kann-der-kaufvertrag-nicht-wie-geplant-umgesetzt-werden-verhandlungen-ueber-den-bereits-angedachten-asset-deal-sollen-de\/\" \/>\n<meta property=\"og:site_name\" content=\"Allgeier SE\" \/>\n<meta property=\"article:modified_time\" content=\"2023-01-22T17:10:02+00:00\" \/>\n<meta name=\"twitter:card\" content=\"summary_large_image\" \/>\n<meta name=\"twitter:label1\" content=\"Gesch\u00e4tzte Lesezeit\" \/>\n\t<meta name=\"twitter:data1\" content=\"3\u00a0Minuten\" \/>\n<script type=\"application\/ld+json\" class=\"yoast-schema-graph\">{\"@context\":\"https:\\\/\\\/schema.org\",\"@graph\":[{\"@type\":\"WebPage\",\"@id\":\"https:\\\/\\\/www.allgeier.com\\\/de\\\/investor-relations\\\/adhoc-announcements\\\/allgeier-se-aufgrund-des-insolvenzantrags-der-deutschen-ciber-gesellschaften-kann-der-kaufvertrag-nicht-wie-geplant-umgesetzt-werden-verhandlungen-ueber-den-bereits-angedachten-asset-deal-sollen-de\\\/\",\"url\":\"https:\\\/\\\/www.allgeier.com\\\/de\\\/investor-relations\\\/adhoc-announcements\\\/allgeier-se-aufgrund-des-insolvenzantrags-der-deutschen-ciber-gesellschaften-kann-der-kaufvertrag-nicht-wie-geplant-umgesetzt-werden-verhandlungen-ueber-den-bereits-angedachten-asset-deal-sollen-de\\\/\",\"name\":\"Allgeier SE: Aufgrund des Insolvenzantrags der deutschen Ciber-Gesellschaften kann der Kaufvertrag nicht wie geplant umgesetzt werden - Verhandlungen \u00fcber den bereits angedachten Asset Deal sollen dennoch fortgef\u00fchrt werden - Allgeier SE\",\"isPartOf\":{\"@id\":\"https:\\\/\\\/www.allgeier.com\\\/de\\\/#website\"},\"datePublished\":\"2017-03-30T14:38:01+00:00\",\"dateModified\":\"2023-01-22T17:10:02+00:00\",\"breadcrumb\":{\"@id\":\"https:\\\/\\\/www.allgeier.com\\\/de\\\/investor-relations\\\/adhoc-announcements\\\/allgeier-se-aufgrund-des-insolvenzantrags-der-deutschen-ciber-gesellschaften-kann-der-kaufvertrag-nicht-wie-geplant-umgesetzt-werden-verhandlungen-ueber-den-bereits-angedachten-asset-deal-sollen-de\\\/#breadcrumb\"},\"inLanguage\":\"de\",\"potentialAction\":[{\"@type\":\"ReadAction\",\"target\":[\"https:\\\/\\\/www.allgeier.com\\\/de\\\/investor-relations\\\/adhoc-announcements\\\/allgeier-se-aufgrund-des-insolvenzantrags-der-deutschen-ciber-gesellschaften-kann-der-kaufvertrag-nicht-wie-geplant-umgesetzt-werden-verhandlungen-ueber-den-bereits-angedachten-asset-deal-sollen-de\\\/\"]}]},{\"@type\":\"BreadcrumbList\",\"@id\":\"https:\\\/\\\/www.allgeier.com\\\/de\\\/investor-relations\\\/adhoc-announcements\\\/allgeier-se-aufgrund-des-insolvenzantrags-der-deutschen-ciber-gesellschaften-kann-der-kaufvertrag-nicht-wie-geplant-umgesetzt-werden-verhandlungen-ueber-den-bereits-angedachten-asset-deal-sollen-de\\\/#breadcrumb\",\"itemListElement\":[{\"@type\":\"ListItem\",\"position\":1,\"name\":\"Home\",\"item\":\"https:\\\/\\\/www.allgeier.com\\\/de\\\/\"},{\"@type\":\"ListItem\",\"position\":2,\"name\":\"Investor Relations\",\"item\":\"https:\\\/\\\/www.allgeier.com\\\/de\\\/investor-relations\\\/\"},{\"@type\":\"ListItem\",\"position\":3,\"name\":\"Ad hoc-Mitteilungen\",\"item\":\"https:\\\/\\\/www.allgeier.com\\\/de\\\/investor-relations\\\/adhoc-announcements\\\/\"},{\"@type\":\"ListItem\",\"position\":4,\"name\":\"Allgeier SE: Aufgrund des Insolvenzantrags der deutschen Ciber-Gesellschaften kann der Kaufvertrag nicht wie geplant umgesetzt werden &#8211; Verhandlungen \u00fcber den bereits angedachten Asset Deal sollen dennoch fortgef\u00fchrt werden\"}]},{\"@type\":\"WebSite\",\"@id\":\"https:\\\/\\\/www.allgeier.com\\\/de\\\/#website\",\"url\":\"https:\\\/\\\/www.allgeier.com\\\/de\\\/\",\"name\":\"Allgeier SE\",\"description\":\"Software &amp; IT Services for digital transformation\",\"potentialAction\":[{\"@type\":\"SearchAction\",\"target\":{\"@type\":\"EntryPoint\",\"urlTemplate\":\"https:\\\/\\\/www.allgeier.com\\\/de\\\/?s={search_term_string}\"},\"query-input\":{\"@type\":\"PropertyValueSpecification\",\"valueRequired\":true,\"valueName\":\"search_term_string\"}}],\"inLanguage\":\"de\"}]}<\/script>\n<!-- \/ Yoast SEO plugin. -->","yoast_head_json":{"title":"Allgeier SE: Aufgrund des Insolvenzantrags der deutschen Ciber-Gesellschaften kann der Kaufvertrag nicht wie geplant umgesetzt werden - Verhandlungen \u00fcber den bereits angedachten Asset Deal sollen dennoch fortgef\u00fchrt werden - Allgeier SE","robots":{"index":"index","follow":"follow","max-snippet":"max-snippet:-1","max-image-preview":"max-image-preview:large","max-video-preview":"max-video-preview:-1"},"canonical":"https:\/\/www.allgeier.com\/de\/investor-relations\/adhoc-announcements\/allgeier-se-aufgrund-des-insolvenzantrags-der-deutschen-ciber-gesellschaften-kann-der-kaufvertrag-nicht-wie-geplant-umgesetzt-werden-verhandlungen-ueber-den-bereits-angedachten-asset-deal-sollen-de\/","og_locale":"de_DE","og_type":"article","og_title":"Allgeier SE: Aufgrund des Insolvenzantrags der deutschen Ciber-Gesellschaften kann der Kaufvertrag nicht wie geplant umgesetzt werden - Verhandlungen \u00fcber den bereits angedachten Asset Deal sollen dennoch fortgef\u00fchrt werden - Allgeier SE","og_description":"ALLGEIER SE \/ Schlagwort(e): Firmen\u00fcbernahme 30.03.2017 \/ 16:38 CET\/CEST Ver\u00f6ffentlichung einer Insiderinformation gem\u00e4\u00df Artikel 17 MAR, \u00fcbermittelt durch DGAP - ein Service der EQS Group AG. F\u00fcr den Inhalt der Mitteilung ist der Emittent verantwortlich. M\u00fcnchen, 30. M\u00e4rz 2017 - Allgeier SE (ISIN DE0005086300,","og_url":"https:\/\/www.allgeier.com\/de\/investor-relations\/adhoc-announcements\/allgeier-se-aufgrund-des-insolvenzantrags-der-deutschen-ciber-gesellschaften-kann-der-kaufvertrag-nicht-wie-geplant-umgesetzt-werden-verhandlungen-ueber-den-bereits-angedachten-asset-deal-sollen-de\/","og_site_name":"Allgeier SE","article_modified_time":"2023-01-22T17:10:02+00:00","twitter_card":"summary_large_image","twitter_misc":{"Gesch\u00e4tzte Lesezeit":"3\u00a0Minuten"},"schema":{"@context":"https:\/\/schema.org","@graph":[{"@type":"WebPage","@id":"https:\/\/www.allgeier.com\/de\/investor-relations\/adhoc-announcements\/allgeier-se-aufgrund-des-insolvenzantrags-der-deutschen-ciber-gesellschaften-kann-der-kaufvertrag-nicht-wie-geplant-umgesetzt-werden-verhandlungen-ueber-den-bereits-angedachten-asset-deal-sollen-de\/","url":"https:\/\/www.allgeier.com\/de\/investor-relations\/adhoc-announcements\/allgeier-se-aufgrund-des-insolvenzantrags-der-deutschen-ciber-gesellschaften-kann-der-kaufvertrag-nicht-wie-geplant-umgesetzt-werden-verhandlungen-ueber-den-bereits-angedachten-asset-deal-sollen-de\/","name":"Allgeier SE: Aufgrund des Insolvenzantrags der deutschen Ciber-Gesellschaften kann der Kaufvertrag nicht wie geplant umgesetzt werden - Verhandlungen \u00fcber den bereits angedachten Asset Deal sollen dennoch fortgef\u00fchrt werden - Allgeier SE","isPartOf":{"@id":"https:\/\/www.allgeier.com\/de\/#website"},"datePublished":"2017-03-30T14:38:01+00:00","dateModified":"2023-01-22T17:10:02+00:00","breadcrumb":{"@id":"https:\/\/www.allgeier.com\/de\/investor-relations\/adhoc-announcements\/allgeier-se-aufgrund-des-insolvenzantrags-der-deutschen-ciber-gesellschaften-kann-der-kaufvertrag-nicht-wie-geplant-umgesetzt-werden-verhandlungen-ueber-den-bereits-angedachten-asset-deal-sollen-de\/#breadcrumb"},"inLanguage":"de","potentialAction":[{"@type":"ReadAction","target":["https:\/\/www.allgeier.com\/de\/investor-relations\/adhoc-announcements\/allgeier-se-aufgrund-des-insolvenzantrags-der-deutschen-ciber-gesellschaften-kann-der-kaufvertrag-nicht-wie-geplant-umgesetzt-werden-verhandlungen-ueber-den-bereits-angedachten-asset-deal-sollen-de\/"]}]},{"@type":"BreadcrumbList","@id":"https:\/\/www.allgeier.com\/de\/investor-relations\/adhoc-announcements\/allgeier-se-aufgrund-des-insolvenzantrags-der-deutschen-ciber-gesellschaften-kann-der-kaufvertrag-nicht-wie-geplant-umgesetzt-werden-verhandlungen-ueber-den-bereits-angedachten-asset-deal-sollen-de\/#breadcrumb","itemListElement":[{"@type":"ListItem","position":1,"name":"Home","item":"https:\/\/www.allgeier.com\/de\/"},{"@type":"ListItem","position":2,"name":"Investor Relations","item":"https:\/\/www.allgeier.com\/de\/investor-relations\/"},{"@type":"ListItem","position":3,"name":"Ad hoc-Mitteilungen","item":"https:\/\/www.allgeier.com\/de\/investor-relations\/adhoc-announcements\/"},{"@type":"ListItem","position":4,"name":"Allgeier SE: Aufgrund des Insolvenzantrags der deutschen Ciber-Gesellschaften kann der Kaufvertrag nicht wie geplant umgesetzt werden &#8211; Verhandlungen \u00fcber den bereits angedachten Asset Deal sollen dennoch fortgef\u00fchrt werden"}]},{"@type":"WebSite","@id":"https:\/\/www.allgeier.com\/de\/#website","url":"https:\/\/www.allgeier.com\/de\/","name":"Allgeier SE","description":"Software &amp; IT Services for digital transformation","potentialAction":[{"@type":"SearchAction","target":{"@type":"EntryPoint","urlTemplate":"https:\/\/www.allgeier.com\/de\/?s={search_term_string}"},"query-input":{"@type":"PropertyValueSpecification","valueRequired":true,"valueName":"search_term_string"}}],"inLanguage":"de"}]}},"_links":{"self":[{"href":"https:\/\/www.allgeier.com\/de\/wp-json\/wp\/v2\/pages\/5478","targetHints":{"allow":["GET"]}}],"collection":[{"href":"https:\/\/www.allgeier.com\/de\/wp-json\/wp\/v2\/pages"}],"about":[{"href":"https:\/\/www.allgeier.com\/de\/wp-json\/wp\/v2\/types\/page"}],"author":[{"embeddable":true,"href":"https:\/\/www.allgeier.com\/de\/wp-json\/wp\/v2\/users\/4"}],"replies":[{"embeddable":true,"href":"https:\/\/www.allgeier.com\/de\/wp-json\/wp\/v2\/comments?post=5478"}],"version-history":[{"count":1,"href":"https:\/\/www.allgeier.com\/de\/wp-json\/wp\/v2\/pages\/5478\/revisions"}],"predecessor-version":[{"id":5479,"href":"https:\/\/www.allgeier.com\/de\/wp-json\/wp\/v2\/pages\/5478\/revisions\/5479"}],"up":[{"embeddable":true,"href":"https:\/\/www.allgeier.com\/de\/wp-json\/wp\/v2\/pages\/1155"}],"wp:attachment":[{"href":"https:\/\/www.allgeier.com\/de\/wp-json\/wp\/v2\/media?parent=5478"}],"wp:term":[{"taxonomy":"category","embeddable":true,"href":"https:\/\/www.allgeier.com\/de\/wp-json\/wp\/v2\/categories?post=5478"},{"taxonomy":"post_tag","embeddable":true,"href":"https:\/\/www.allgeier.com\/de\/wp-json\/wp\/v2\/tags?post=5478"}],"curies":[{"name":"wp","href":"https:\/\/api.w.org\/{rel}","templated":true}]}}