{"id":5490,"date":"2016-04-29T10:32:50","date_gmt":"2016-04-29T10:32:50","guid":{"rendered":"https:\/\/www.allgeier.com\/de\/?page_id=5490"},"modified":"2023-01-22T17:10:03","modified_gmt":"2023-01-22T17:10:03","slug":"allgeier-se-aufsichtsrat-billigt-jahresabschluss-2015-und-schlaegt-dividende-vor-umsatz-und-ergebniswachstum-im-1-quartal-2016","status":"publish","type":"page","link":"https:\/\/www.allgeier.com\/de\/investor-relations\/adhoc-announcements\/allgeier-se-aufsichtsrat-billigt-jahresabschluss-2015-und-schlaegt-dividende-vor-umsatz-und-ergebniswachstum-im-1-quartal-2016\/","title":{"rendered":"Allgeier SE: Aufsichtsrat billigt Jahresabschluss 2015 und schl\u00e4gt Dividende vor; Umsatz- und Ergebniswachstum im 1. Quartal 2016"},"content":{"rendered":"<p><b>ALLGEIER SE  \/ Schlagwort(e): Jahresergebnis\/Quartalsergebnis<\/b>29.04.2016 12:32Ver\u00f6ffentlichung einer Ad-hoc-Mitteilung nach \u00a7 15 WpHG, \u00fcbermittelt durchDGAP &#8211; ein Service der EQS Group AG.F\u00fcr den Inhalt der Mitteilung ist der Emittent verantwortlich.&#8212;&#8212;&#8212;&#8212;&#8212;&#8212;&#8212;&#8212;&#8212;&#8212;&#8212;&#8212;&#8212;&#8212;&#8212;&#8212;&#8212;&#8212;&#8212;&#8212;&#8212;&#8212;&#8212;&#8212;&#8212;M\u00fcnchen, 29.04.2016 &#8211; Der Aufsichtsrat der Allgeier SE (ISIN DE0005086300,WKN 508630) hat in seiner heutigen Sitzung den testierten Jahres- undKonzernabschluss der Allgeier SE f\u00fcr das Gesch\u00e4ftsjahr 2015 gebilligt. DerJahresabschluss ist damit festgestellt. Die finalen Konzernzahlenentsprechen im Wesentlichen den in der Ad hoc-Mitteilung vom 18. M\u00e4rz 2016angek\u00fcndigten vorl\u00e4ufigen Zahlen. Die innerhalb des vergangenenGesch\u00e4ftsjahres ver\u00e4u\u00dferten Gesch\u00e4ftseinheiten b+m Informatik AG, Melsdorf,die terna Gruppe mit Sitz in Innsbruck, \u00d6sterreich, sowie derGesch\u00e4ftsbereich Storage der Allgeier (Schweiz) AG mit Sitz in Thalwil,Schweiz, werden als aufgegebenes Gesch\u00e4ft gezeigt. Innerhalb desaufgegebenen Gesch\u00e4fts wird aufgrund laufender Verhandlungsgespr\u00e4che \u00fcbereine Ver\u00e4nderung des Gesellschafterkreises zur strategischenWeiterentwicklung zudem die Talentry GmbH mit Sitz in M\u00fcnchen gezeigt.Umsatz- und Ergebnisentwicklung nach IFRSIn Summe stieg der Gesamtumsatz des Konzerns aus fortgef\u00fchrtem undaufgegebenem Gesch\u00e4ft im abgelaufenen Gesch\u00e4ftsjahr 2015 (01. Januar 2015bis 31. Dezember 2015) um 9 Prozent auf 498,9 Mio. Euro (Vorjahr: 456,5Mio. Euro). Das bereinigte Konzern-EBITDA (EBITDA vor Effekten, diebetriebswirtschaftlich als au\u00dferordentlich oder periodenfremd qualifiziertwerden) aus fortgef\u00fchrtem und aufgegebenem Gesch\u00e4ft stieg gegen\u00fcber demVergleichszeitraum des Vorjahres \u00fcberproportional um 16 Prozent auf 29,3Mio. Euro (Vorjahr: 25,3 Mio. Euro). Das Konzern-EBITDA erh\u00f6hte sichw\u00e4hrend der Periode um 13 Prozent auf 27,1 Mio. Euro (Vorjahr: 24,0 Mio.Euro). Das Konzern-EBIT der Periode lag bei 12,7 Mio. Euro und damit um 20Prozent \u00fcber dem Vorjahresergebnis (Vorjahr: 10,5 Mio. Euro). Der Konzernerzielte ohne die Ver\u00e4u\u00dferungserl\u00f6se ein Ergebnis vor Steuern in H\u00f6he von8,8 Mio. Euro (Vorjahr: 5,5 Mio. Euro). Aus dem Verkauf der ver\u00e4u\u00dfertenGesch\u00e4ftseinheiten erzielte der Konzern einen Erl\u00f6s vor Steuern von 10,0Mio. Euro. Der Ertragsteueraufwand (ohne Ertragsteuern auf denVer\u00e4u\u00dferungsgewinn) betrug im Berichtszeitraum 5,6 Mio. Euro (Vorjahr: 5,4Mio. Euro). Der Konzern erzielte somit insgesamt ein Ergebnis der Periode(einschlie\u00dflich Gewinn aus Ver\u00e4u\u00dferung) von 12,8 Mio. Euro (Vorjahr: 2,6Mio. Euro). Das Ergebnis je Aktie des gesamten Allgeier Konzerns betr\u00e4gt imBerichtsjahr 2015 1,39 Euro (Vorjahr: 0,23 Euro).Gesch\u00e4ftsentwicklung im fortgef\u00fchrten Gesch\u00e4ftIm fortgef\u00fchrten Gesch\u00e4ft des Allgeier Konzerns erh\u00f6hte sich derKonzernumsatz nach IFRS innerhalb des Gesch\u00e4ftsjahres 2015 auf 452,2 Mio.Euro (fortgef\u00fchrtes Gesch\u00e4ft des Vorjahres: 384,2 Mio. Euro), was einemWachstum von 18 Prozent entspricht. Das bereinigte Konzern-EBITDA stieg imfortgef\u00fchrten Gesch\u00e4ft um 11 Prozent auf 25,3 Mio. Euro (fortgef\u00fchrtesGesch\u00e4ft des Vorjahres: 22,8 Mio. Euro). Das Konzern-EBITDA desfortgef\u00fchrten Gesch\u00e4fts konnte im Berichtszeitraum um 10 Prozent auf 23,2Mio. Euro gesteigert werden (fortgef\u00fchrtes Gesch\u00e4ft des Vorjahres: 21,0Mio. Euro). Das Konzern-EBIT der Periode lag im fortgef\u00fchrten Gesch\u00e4ft bei10,3 Mio. Euro (fortgef\u00fchrtes Gesch\u00e4ft des Vorjahres: 10,3 Mio. Euro). DerKonzern erzielte ein Ergebnis vor Steuern des fortgef\u00fchrten Gesch\u00e4fts inH\u00f6he von 6,3 Mio. Euro (fortgef\u00fchrtes Gesch\u00e4ft des Vorjahres: 5,4 Mio.Euro). Im Ergebnis sind Erl\u00f6se in H\u00f6he von 0,3 Mio. Euro enthalten, dieaufgrund missbr\u00e4uchlicher Nutzung von Rechten an Software des Unternehmensdurch Dritte gegen\u00fcber diesen geltend gemacht wurden. Weitere F\u00e4lle dieserArt werden juristisch gepr\u00fcft und verfolgt und k\u00f6nnen k\u00fcnftig zu weiterenErl\u00f6sen im sechs- oder siebenstelligen Bereich f\u00fchren. Das um dieAbschreibungen aus Akquisitionst\u00e4tigkeit bereinigte und mit normalisiertenSteuern gerechnete Ergebnis je Aktie des fortgef\u00fchrten Gesch\u00e4fts betrug imBerichtsjahr 1,09 Euro (Vorjahr: 1,00 Euro).Eckdaten der Bilanz zum 31. Dezember 2015Zum Bilanzstichtag 31. Dezember 2015 betrug das Eigenkapital 115,7 Mio.Euro (Vorjahr: 100,7 Mio. Euro). Dem Allgeier Konzern standen zumJahresende 2015 liquide Mittel in H\u00f6he von 83,7 Mio. Euro zur Verf\u00fcgung(Vorjahr: 98,0 Mio. Euro). Die kurz- und langfristigen Finanzschuldenreduzierten sich zum Stichtag auf 110,7 Mio. Euro (Vorjahr: 125,2 Mio.Euro). Die Bilanzsumme betrug zum Ende des Gesch\u00e4ftsjahres 2015 328,0 Mio.Euro (Vorjahr: 329,8 Mio. Euro).GewinnverwendungDer Aufsichtsrat hat heute, am 29. April 2016, beschlossen, derHauptversammlung vorzuschlagen, aus dem im Jahresabschluss der Allgeier SEausgewiesenen Bilanzgewinn per 31. Dezember 2015 in H\u00f6he von 34.452.551,90Euro eine Dividende in H\u00f6he von 0,70 Euro je Aktie an die Aktion\u00e4reauszusch\u00fctten. Der verbleibende Bilanzgewinn soll auf neue Rechnungvorgetragen werden.Umsatz- und Ergebnisentwicklung im ersten Quartal 2016Im ersten Quartal 2016 (01. Januar 2016 bis 31. M\u00e4rz 2016) lag dievorl\u00e4ufige Gesamtleistung des fortgef\u00fchrten Gesch\u00e4fts bei 116,1 Mio. Euround damit um 14 Prozent \u00fcber dem Wert des Vorjahres (fortgef\u00fchrtes Gesch\u00e4ftdes Vorjahres: 101,7 Mio. Euro). Das Wachstum resultiert aus organischemWachstum und der Konsolidierung der im ersten Quartal des Vorjahres nochnicht erworbenen und konsolidierten Gesellschaften. Das vorl\u00e4ufigebereinigte Konzern-EBITDA (EBITDA vor Effekten, die betriebswirtschaftlichals au\u00dferordentlich oder periodenfremd qualifiziert werden) stieg gegen\u00fcberdem Vergleichszeitraum des Vorjahres um 22 Prozent auf 4,7 Mio. Euro(fortgef\u00fchrtes Gesch\u00e4ft des Vorjahres: 3,8 Mio. Euro). Nachdem zum Ende desersten Quartals 2016 anders als im ersten Quartal des Vorjahres keinenegativen au\u00dferordentlichen Effekte, insbesondere aus W\u00e4hrungsschwankungen,zu verzeichnen waren, erreichte das vorl\u00e4ufige EBITDA der Periode 5,4 Mio.Euro (fortgef\u00fchrtes Gesch\u00e4fts des Vorjahres: 2,2 Mio. Euro). Das vorl\u00e4ufigeEBIT erreichte entsprechend 2,6 Mio. Euro (fortgef\u00fchrtes Gesch\u00e4ft desVorjahres: -0,5 Mio. Euro).Eckdaten der Bilanz zum 31. M\u00e4rz 2016Das vorl\u00e4ufige Eigenkapital betrug zum Stichtag 31. M\u00e4rz 2016 114 Mio. Euro(31. Dezember 2015: 115,7 Mio. Euro). Dem Allgeier Konzern standen zumBilanzstichtag gem\u00e4\u00df vorl\u00e4ufiger Zahlen liquide Mittel in H\u00f6he von 60,5Mio. Euro zur Verf\u00fcgung (31. Dezember 2015: 83,7 Mio. Euro). Die kurz- undlangfristigen Finanzschulden beliefen sich zum 31. M\u00e4rz 2016 auf 110,3 Mio.Euro (31. Dezember 2015: 110,7 Mio. Euro). Die vorl\u00e4ufige Bilanzsummebetrug zum 31. M\u00e4rz 2016 320 Mio. Euro (31. Dezember 2015: 328,0 Mio.Euro).HinweisDie genannten Vorjahresergebnisse des fortgef\u00fchrten Gesch\u00e4fts sind aufgrundder r\u00fcckwirkenden Bereinigung des Vorjahres um die ver\u00e4u\u00dferten Einheitennicht mit dem Allgeier Gesch\u00e4ftsbericht 2014 vergleichbar. Die IFRS-Zahlendes ersten Quartals 2016 sind vorl\u00e4ufig. Der Gesch\u00e4ftsbericht 2015 wird amheutigen 29. April 2016 ver\u00f6ffentlicht und ist dann unter www.allgeier.comeinzusehen. Eine Zwischenmitteilung zum 31. M\u00e4rz 2016 der Allgeier SE wirdam 17. Mai 2016 ver\u00f6ffentlicht und ist dann unter www.allgeier.comeinzusehen.Kontakt:Allgeier SECorporate Communications &amp; Investor RelationsDr. Christopher Gro\u00dfeWehrlestra\u00dfe 1281679 M\u00fcnchenTel.: +49 (0)89\/998421-0Fax: +49 (0)89\/998421-11E-Mail: ir@allgeier.comWeb: www.allgeier.comAllgeier SE ist eines der f\u00fchrenden IT-Unternehmen f\u00fcr BusinessPerformance: Mit einer auf Innovationen und Zukunftstrends ausgerichtetenWachstumsstrategie sowie einem integrativen unternehmerischen Modellverbindet Allgeier die Vorteile eines internationalen Anbieters mit denTugenden mittelst\u00e4ndischer Unternehmer. Operative Gesch\u00e4ftsbereiche mitindividuellen fachlichen oder branchenbezogenen Schwerpunkten arbeitengemeinsam f\u00fcr \u00fcber 3.000 Kunden aus nahezu allen Branchen. Mit rund 6.000angestellten Mitarbeitern und mehr als 1.200 freiberuflichen Expertenbietet Allgeier den Kunden als One-Stop-Shop ein umfassendes L\u00f6sungs- undLeistungsportfolio. Allgeier bildet mit einem hochflexiblen Delivery-Modelldas komplette IT-Leistungsspektrum von Onsite \u00fcber Nearshore bis hin zuOffshore ab: Mit einem starken Standbein in Indien werden Flexibilit\u00e4t undh\u00f6chste Skalierbarkeit der Leistungen sowie hochqualifiziertesExpertenwissen in der High-End-Softwareentwicklung sichergestellt. Zu denKunden von Allgeier z\u00e4hlen global arbeitende Konzerne genauso wieinnovative mittelst\u00e4ndische Betriebe, die sich durch leistungsstarkeIT-L\u00f6sungen, intelligente Software und flexible Personaldienstleistungenstrategische Vorteile sichern wollen. Die stark wachsende Gruppe mitHauptsitz in M\u00fcnchen verf\u00fcgt \u00fcber mehr als 90 Niederlassungen imdeutschsprachigen Raum, im \u00fcbrigen Europa sowie in Indien, Singapur,Vietnam, Mexiko und den USA. 2015 erzielte Allgeier einen Umsatz von 452Mio. Euro (fortgef\u00fchrtes Gesch\u00e4ft). Allgeier SE belegt in derL\u00fcnendonk(R)-Liste 2015 &#8222;F\u00fchrende deutsche mittelst\u00e4ndische IT-Beratungs-und Systemintegrations-Unternehmen&#8220; den ersten Platz. Allgeier Experts istnach L\u00fcnendonk(R)-Marktsegmentstudie 2015 &#8222;Der Markt f\u00fcr Rekrutierung,Vermittlung und Steuerung von IT-Freelancern in Deutschland&#8220; unter den TOP3 IT-Personaldienstleistern in Deutschland. Allgeier SE ist am ReguliertenMarkt der Frankfurter Wertpapierb\u00f6rse im General Standard gelistet (WKN508630, ISIN DE0005086300). Weitere Informationen unter: www.allgeier.com.29.04.2016 Die DGAP Distributionsservices umfassen gesetzliche Meldepflichten, Corporate News\/Finanznachrichten und Pressemitteilungen. DGAP-Medienarchive unter www.dgap-medientreff.de und www.dgap.de&#8212;&#8212;&#8212;&#8212;&#8212;&#8212;&#8212;&#8212;&#8212;&#8212;&#8212;&#8212;&#8212;&#8212;&#8212;&#8212;&#8212;&#8212;&#8212;&#8212;&#8212;&#8212;&#8212;&#8212;&#8212; Sprache:      DeutschUnternehmen:  ALLGEIER SE              Wehrlestra\u00dfe 12              81679 M\u00fcnchen              DeutschlandTelefon:      +49 (0) 89 &#8211; 99 84 21 0Fax:          +49 (0) 89 &#8211; 99 84 21 11E-Mail:       info@allgeier.comInternet:     http:\/\/www.allgeier.comISIN:         DE0005086300WKN:          508630Indizes:      CDAXB\u00f6rsen:       Regulierter Markt in Frankfurt (General Standard);              Freiverkehr in Berlin, D\u00fcsseldorf, Hamburg, Stuttgart Ende der Mitteilung                             DGAP News-Service &#8212;&#8212;&#8212;&#8212;&#8212;&#8212;&#8212;&#8212;&#8212;&#8212;&#8212;&#8212;&#8212;&#8212;&#8212;&#8212;&#8212;&#8212;&#8212;&#8212;&#8212;&#8212;&#8212;&#8212;&#8212;<\/p>\n","protected":false},"excerpt":{"rendered":"<p>M\u00fcnchen, 29.04.2016 &#8211; Der Aufsichtsrat der Allgeier SE (ISIN DE0005086300, WKN 508630) hat in seiner heutigen Sitzung den testierten Jahres- und Konzernabschluss der Allgeier SE f\u00fcr das Gesch\u00e4ftsjahr 2015 gebilligt. Der Jahresabschluss ist damit festgestellt. Die finalen Konzernzahlen entsprechen im<\/p>\n","protected":false},"author":4,"featured_media":0,"parent":1155,"menu_order":0,"comment_status":"close","ping_status":"closed","template":"","meta":{"_acf_changed":false,"footnotes":""},"categories":[],"tags":[],"class_list":["post-5490","page","type-page","status-publish","hentry"],"acf":[],"yoast_head":"<!-- This site is optimized with the Yoast SEO plugin v27.4 - https:\/\/yoast.com\/product\/yoast-seo-wordpress\/ -->\n<title>Allgeier SE: Aufsichtsrat billigt Jahresabschluss 2015 und schl\u00e4gt Dividende vor; Umsatz- und Ergebniswachstum im 1. Quartal 2016 - Allgeier SE<\/title>\n<meta name=\"robots\" content=\"index, follow, max-snippet:-1, max-image-preview:large, max-video-preview:-1\" \/>\n<link rel=\"canonical\" href=\"https:\/\/www.allgeier.com\/de\/investor-relations\/adhoc-announcements\/allgeier-se-aufsichtsrat-billigt-jahresabschluss-2015-und-schlaegt-dividende-vor-umsatz-und-ergebniswachstum-im-1-quartal-2016\/\" \/>\n<meta property=\"og:locale\" content=\"de_DE\" \/>\n<meta property=\"og:type\" content=\"article\" \/>\n<meta property=\"og:title\" content=\"Allgeier SE: Aufsichtsrat billigt Jahresabschluss 2015 und schl\u00e4gt Dividende vor; Umsatz- und Ergebniswachstum im 1. Quartal 2016 - Allgeier SE\" \/>\n<meta property=\"og:description\" content=\"M\u00fcnchen, 29.04.2016 - Der Aufsichtsrat der Allgeier SE (ISIN DE0005086300, WKN 508630) hat in seiner heutigen Sitzung den testierten Jahres- und Konzernabschluss der Allgeier SE f\u00fcr das Gesch\u00e4ftsjahr 2015 gebilligt. Der Jahresabschluss ist damit festgestellt. Die finalen Konzernzahlen entsprechen im\" \/>\n<meta property=\"og:url\" content=\"https:\/\/www.allgeier.com\/de\/investor-relations\/adhoc-announcements\/allgeier-se-aufsichtsrat-billigt-jahresabschluss-2015-und-schlaegt-dividende-vor-umsatz-und-ergebniswachstum-im-1-quartal-2016\/\" \/>\n<meta property=\"og:site_name\" content=\"Allgeier SE\" \/>\n<meta property=\"article:modified_time\" content=\"2023-01-22T17:10:03+00:00\" \/>\n<meta name=\"twitter:card\" content=\"summary_large_image\" \/>\n<meta name=\"twitter:label1\" content=\"Gesch\u00e4tzte Lesezeit\" \/>\n\t<meta name=\"twitter:data1\" content=\"6\u00a0Minuten\" \/>\n<script type=\"application\/ld+json\" class=\"yoast-schema-graph\">{\"@context\":\"https:\\\/\\\/schema.org\",\"@graph\":[{\"@type\":\"WebPage\",\"@id\":\"https:\\\/\\\/www.allgeier.com\\\/de\\\/investor-relations\\\/adhoc-announcements\\\/allgeier-se-aufsichtsrat-billigt-jahresabschluss-2015-und-schlaegt-dividende-vor-umsatz-und-ergebniswachstum-im-1-quartal-2016\\\/\",\"url\":\"https:\\\/\\\/www.allgeier.com\\\/de\\\/investor-relations\\\/adhoc-announcements\\\/allgeier-se-aufsichtsrat-billigt-jahresabschluss-2015-und-schlaegt-dividende-vor-umsatz-und-ergebniswachstum-im-1-quartal-2016\\\/\",\"name\":\"Allgeier SE: Aufsichtsrat billigt Jahresabschluss 2015 und schl\u00e4gt Dividende vor; Umsatz- und Ergebniswachstum im 1. Quartal 2016 - Allgeier SE\",\"isPartOf\":{\"@id\":\"https:\\\/\\\/www.allgeier.com\\\/de\\\/#website\"},\"datePublished\":\"2016-04-29T10:32:50+00:00\",\"dateModified\":\"2023-01-22T17:10:03+00:00\",\"breadcrumb\":{\"@id\":\"https:\\\/\\\/www.allgeier.com\\\/de\\\/investor-relations\\\/adhoc-announcements\\\/allgeier-se-aufsichtsrat-billigt-jahresabschluss-2015-und-schlaegt-dividende-vor-umsatz-und-ergebniswachstum-im-1-quartal-2016\\\/#breadcrumb\"},\"inLanguage\":\"de\",\"potentialAction\":[{\"@type\":\"ReadAction\",\"target\":[\"https:\\\/\\\/www.allgeier.com\\\/de\\\/investor-relations\\\/adhoc-announcements\\\/allgeier-se-aufsichtsrat-billigt-jahresabschluss-2015-und-schlaegt-dividende-vor-umsatz-und-ergebniswachstum-im-1-quartal-2016\\\/\"]}]},{\"@type\":\"BreadcrumbList\",\"@id\":\"https:\\\/\\\/www.allgeier.com\\\/de\\\/investor-relations\\\/adhoc-announcements\\\/allgeier-se-aufsichtsrat-billigt-jahresabschluss-2015-und-schlaegt-dividende-vor-umsatz-und-ergebniswachstum-im-1-quartal-2016\\\/#breadcrumb\",\"itemListElement\":[{\"@type\":\"ListItem\",\"position\":1,\"name\":\"Home\",\"item\":\"https:\\\/\\\/www.allgeier.com\\\/de\\\/\"},{\"@type\":\"ListItem\",\"position\":2,\"name\":\"Investor Relations\",\"item\":\"https:\\\/\\\/www.allgeier.com\\\/de\\\/investor-relations\\\/\"},{\"@type\":\"ListItem\",\"position\":3,\"name\":\"Ad hoc-Mitteilungen\",\"item\":\"https:\\\/\\\/www.allgeier.com\\\/de\\\/investor-relations\\\/adhoc-announcements\\\/\"},{\"@type\":\"ListItem\",\"position\":4,\"name\":\"Allgeier SE: Aufsichtsrat billigt Jahresabschluss 2015 und schl\u00e4gt Dividende vor; Umsatz- und Ergebniswachstum im 1. Quartal 2016\"}]},{\"@type\":\"WebSite\",\"@id\":\"https:\\\/\\\/www.allgeier.com\\\/de\\\/#website\",\"url\":\"https:\\\/\\\/www.allgeier.com\\\/de\\\/\",\"name\":\"Allgeier SE\",\"description\":\"Software &amp; IT Services for digital transformation\",\"potentialAction\":[{\"@type\":\"SearchAction\",\"target\":{\"@type\":\"EntryPoint\",\"urlTemplate\":\"https:\\\/\\\/www.allgeier.com\\\/de\\\/?s={search_term_string}\"},\"query-input\":{\"@type\":\"PropertyValueSpecification\",\"valueRequired\":true,\"valueName\":\"search_term_string\"}}],\"inLanguage\":\"de\"}]}<\/script>\n<!-- \/ Yoast SEO plugin. -->","yoast_head_json":{"title":"Allgeier SE: Aufsichtsrat billigt Jahresabschluss 2015 und schl\u00e4gt Dividende vor; Umsatz- und Ergebniswachstum im 1. Quartal 2016 - Allgeier SE","robots":{"index":"index","follow":"follow","max-snippet":"max-snippet:-1","max-image-preview":"max-image-preview:large","max-video-preview":"max-video-preview:-1"},"canonical":"https:\/\/www.allgeier.com\/de\/investor-relations\/adhoc-announcements\/allgeier-se-aufsichtsrat-billigt-jahresabschluss-2015-und-schlaegt-dividende-vor-umsatz-und-ergebniswachstum-im-1-quartal-2016\/","og_locale":"de_DE","og_type":"article","og_title":"Allgeier SE: Aufsichtsrat billigt Jahresabschluss 2015 und schl\u00e4gt Dividende vor; Umsatz- und Ergebniswachstum im 1. Quartal 2016 - Allgeier SE","og_description":"M\u00fcnchen, 29.04.2016 - Der Aufsichtsrat der Allgeier SE (ISIN DE0005086300, WKN 508630) hat in seiner heutigen Sitzung den testierten Jahres- und Konzernabschluss der Allgeier SE f\u00fcr das Gesch\u00e4ftsjahr 2015 gebilligt. Der Jahresabschluss ist damit festgestellt. Die finalen Konzernzahlen entsprechen im","og_url":"https:\/\/www.allgeier.com\/de\/investor-relations\/adhoc-announcements\/allgeier-se-aufsichtsrat-billigt-jahresabschluss-2015-und-schlaegt-dividende-vor-umsatz-und-ergebniswachstum-im-1-quartal-2016\/","og_site_name":"Allgeier SE","article_modified_time":"2023-01-22T17:10:03+00:00","twitter_card":"summary_large_image","twitter_misc":{"Gesch\u00e4tzte Lesezeit":"6\u00a0Minuten"},"schema":{"@context":"https:\/\/schema.org","@graph":[{"@type":"WebPage","@id":"https:\/\/www.allgeier.com\/de\/investor-relations\/adhoc-announcements\/allgeier-se-aufsichtsrat-billigt-jahresabschluss-2015-und-schlaegt-dividende-vor-umsatz-und-ergebniswachstum-im-1-quartal-2016\/","url":"https:\/\/www.allgeier.com\/de\/investor-relations\/adhoc-announcements\/allgeier-se-aufsichtsrat-billigt-jahresabschluss-2015-und-schlaegt-dividende-vor-umsatz-und-ergebniswachstum-im-1-quartal-2016\/","name":"Allgeier SE: Aufsichtsrat billigt Jahresabschluss 2015 und schl\u00e4gt Dividende vor; Umsatz- und Ergebniswachstum im 1. Quartal 2016 - Allgeier SE","isPartOf":{"@id":"https:\/\/www.allgeier.com\/de\/#website"},"datePublished":"2016-04-29T10:32:50+00:00","dateModified":"2023-01-22T17:10:03+00:00","breadcrumb":{"@id":"https:\/\/www.allgeier.com\/de\/investor-relations\/adhoc-announcements\/allgeier-se-aufsichtsrat-billigt-jahresabschluss-2015-und-schlaegt-dividende-vor-umsatz-und-ergebniswachstum-im-1-quartal-2016\/#breadcrumb"},"inLanguage":"de","potentialAction":[{"@type":"ReadAction","target":["https:\/\/www.allgeier.com\/de\/investor-relations\/adhoc-announcements\/allgeier-se-aufsichtsrat-billigt-jahresabschluss-2015-und-schlaegt-dividende-vor-umsatz-und-ergebniswachstum-im-1-quartal-2016\/"]}]},{"@type":"BreadcrumbList","@id":"https:\/\/www.allgeier.com\/de\/investor-relations\/adhoc-announcements\/allgeier-se-aufsichtsrat-billigt-jahresabschluss-2015-und-schlaegt-dividende-vor-umsatz-und-ergebniswachstum-im-1-quartal-2016\/#breadcrumb","itemListElement":[{"@type":"ListItem","position":1,"name":"Home","item":"https:\/\/www.allgeier.com\/de\/"},{"@type":"ListItem","position":2,"name":"Investor Relations","item":"https:\/\/www.allgeier.com\/de\/investor-relations\/"},{"@type":"ListItem","position":3,"name":"Ad hoc-Mitteilungen","item":"https:\/\/www.allgeier.com\/de\/investor-relations\/adhoc-announcements\/"},{"@type":"ListItem","position":4,"name":"Allgeier SE: Aufsichtsrat billigt Jahresabschluss 2015 und schl\u00e4gt Dividende vor; Umsatz- und Ergebniswachstum im 1. Quartal 2016"}]},{"@type":"WebSite","@id":"https:\/\/www.allgeier.com\/de\/#website","url":"https:\/\/www.allgeier.com\/de\/","name":"Allgeier SE","description":"Software &amp; IT Services for digital transformation","potentialAction":[{"@type":"SearchAction","target":{"@type":"EntryPoint","urlTemplate":"https:\/\/www.allgeier.com\/de\/?s={search_term_string}"},"query-input":{"@type":"PropertyValueSpecification","valueRequired":true,"valueName":"search_term_string"}}],"inLanguage":"de"}]}},"_links":{"self":[{"href":"https:\/\/www.allgeier.com\/de\/wp-json\/wp\/v2\/pages\/5490","targetHints":{"allow":["GET"]}}],"collection":[{"href":"https:\/\/www.allgeier.com\/de\/wp-json\/wp\/v2\/pages"}],"about":[{"href":"https:\/\/www.allgeier.com\/de\/wp-json\/wp\/v2\/types\/page"}],"author":[{"embeddable":true,"href":"https:\/\/www.allgeier.com\/de\/wp-json\/wp\/v2\/users\/4"}],"replies":[{"embeddable":true,"href":"https:\/\/www.allgeier.com\/de\/wp-json\/wp\/v2\/comments?post=5490"}],"version-history":[{"count":1,"href":"https:\/\/www.allgeier.com\/de\/wp-json\/wp\/v2\/pages\/5490\/revisions"}],"predecessor-version":[{"id":5491,"href":"https:\/\/www.allgeier.com\/de\/wp-json\/wp\/v2\/pages\/5490\/revisions\/5491"}],"up":[{"embeddable":true,"href":"https:\/\/www.allgeier.com\/de\/wp-json\/wp\/v2\/pages\/1155"}],"wp:attachment":[{"href":"https:\/\/www.allgeier.com\/de\/wp-json\/wp\/v2\/media?parent=5490"}],"wp:term":[{"taxonomy":"category","embeddable":true,"href":"https:\/\/www.allgeier.com\/de\/wp-json\/wp\/v2\/categories?post=5490"},{"taxonomy":"post_tag","embeddable":true,"href":"https:\/\/www.allgeier.com\/de\/wp-json\/wp\/v2\/tags?post=5490"}],"curies":[{"name":"wp","href":"https:\/\/api.w.org\/{rel}","templated":true}]}}