{"id":5494,"date":"2015-12-23T16:27:16","date_gmt":"2015-12-23T17:27:16","guid":{"rendered":"https:\/\/www.allgeier.com\/de\/?page_id=5494"},"modified":"2023-01-22T17:10:03","modified_gmt":"2023-01-22T17:10:03","slug":"allgeier-se-allgeier-veraeussert-tochterunternehmen-terna","status":"publish","type":"page","link":"https:\/\/www.allgeier.com\/de\/investor-relations\/adhoc-announcements\/allgeier-se-allgeier-veraeussert-tochterunternehmen-terna\/","title":{"rendered":"ALLGEIER SE: Allgeier ver\u00e4u\u00dfert Tochterunternehmen terna"},"content":{"rendered":"<p><b>ALLGEIER SE  \/ Schlagwort(e): Verkauf<\/b>23.12.2015 18:27Ver\u00f6ffentlichung einer Ad-hoc-Mitteilung nach \u00a7 15 WpHG, \u00fcbermittelt durchDGAP &#8211; ein Service der EQS Group AG.F\u00fcr den Inhalt der Mitteilung ist der Emittent verantwortlich.&#8212;&#8212;&#8212;&#8212;&#8212;&#8212;&#8212;&#8212;&#8212;&#8212;&#8212;&#8212;&#8212;&#8212;&#8212;&#8212;&#8212;&#8212;&#8212;&#8212;&#8212;&#8212;&#8212;&#8212;&#8212;M\u00fcnchen, 23.12.2015 &#8211; Allgeier SE (ISIN DE0005086300, WKN 508630) hat sichheute mit der AE BG Rho Holding GmbH \u00fcber den Verkauf der \u00f6sterreichischenterna Holding GmbH mit ihren Tochtergesellschaften terna GmbH &#8211; Zentrum f\u00fcrBusiness Software mit Sitz in Innsbruck (\u00d6sterreich) und terna SwitzerlandAG mit Sitz in Root (Schweiz)  im Rahmen eines Management Buy-out geeinigtund einen entsprechenden Kaufvertrag geschlossen. Die Durchf\u00fchrung derTransaktion wird voraussichtlich noch vor dem 31.12.2015 erfolgen.Kerngesch\u00e4ft von terna sind die Beratung von Produktions- undHandelsunternehmen in Bezug auf die Analyse und Optimierung vonGesch\u00e4ftsprozessen, der Vertrieb, die Implementierung und die Wartung vonBusiness Software, insbesondere f\u00fchrender ERP (Enterprise ResourcePlanning) Software. Hinter AE BG Rho Holding GmbH stehen das langj\u00e4hrigeManagementteam der terna und dessen Finanzierungspartner. Der Kaufpreis,der im Bereich einer f\u00fcr das verkaufte Gesch\u00e4ft \u00fcblichen Marktbewertungliegen wird, wird \u00fcberwiegend bei Durchf\u00fchrung der Transaktion in barbezahlt werden. Allgeier wird aus der Transaktion ein zweistelligerMillionenbetrag zuflie\u00dfen; ein kleinerer Betrag wird als Vendor Loangew\u00e4hrt. Ein Earnout wurde nicht vereinbart.Allgeier hat sich im Zuge der Konzentration des Gesch\u00e4fts der AllgeierGruppe zu mehr Fokus auf die Erstellung von Softwarel\u00f6sungen und Erbringungvon IT-Dienstleistungen f\u00fcr Kunden im Enterprise Bereich und des gehobenenMittelstands entschieden, die terna als eigenst\u00e4ndige Unternehmensgruppe zubelassen und zu ver\u00e4u\u00dfern. Beide Parteien sind \u00fcberzeugt davon, dass dieFortf\u00fchrung der erfolgreichen Gesch\u00e4ftsentwicklung durch das Management f\u00fcrdie weitere Entwicklung des Unternehmens das optimale Umfeld bietet. SowohlAllgeier als auch terna sind offen f\u00fcr eine k\u00fcnftige Zusammenarbeit imBereich ERP- und CRM-Software f\u00fcr mittelst\u00e4ndische Unternehmen.Kontakt:Allgeier SECorporate Communications &amp; Investor RelationsDr. Christopher Gro\u00dfeWehrlestra\u00dfe 1281679 M\u00fcnchenTel.: +49 (0)89\/998421-0Fax: +49 (0)89\/998421-11E-Mail: ir@allgeier.comWeb: www.allgeier.comAllgeier SE ist eines der f\u00fchrenden IT-Unternehmen f\u00fcr BusinessPerformance: Mit einer auf Innovationen und Zukunftstrends ausgerichtetenWachstumsstrategie sowie einem integrativen unternehmerischen Modellverbindet Allgeier die Vorteile eines internationalen Anbieters mit denTugenden mittelst\u00e4ndischer Unternehmer. Operative Gesch\u00e4ftsbereiche mitindividuellen fachlichen oder branchenbezogenen Schwerpunkten arbeitengemeinsam f\u00fcr \u00fcber 3.000 Kunden aus nahezu allen Branchen. Mit \u00fcber 6.000angestellten Mitarbeitern und rund 1.400 freiberuflichen Experten bietetAllgeier den Kunden als One-Stop-Shop ein umfassendes L\u00f6sungs- undLeistungsportfolio. Allgeier bildet mit einem hochflexiblen Delivery-Modelldas komplette IT-Leistungsspektrum von Onsite \u00fcber Nearshore bis hin zuOffshore ab: Mit einem starken Standbein in Indien werden Flexibilit\u00e4t undh\u00f6chste Skalierbarkeit der Leistungen sowie hochqualifiziertesExpertenwissen in der High-End-Softwareentwicklung sichergestellt. Zu denKunden von Allgeier z\u00e4hlen global arbeitende Konzerne genauso wieinnovative mittelst\u00e4ndische Betriebe, die sich durch leistungsstarkeIT-L\u00f6sungen, intelligente Software und flexible Personaldienstleistungenstrategische Vorteile sichern wollen. Die stark wachsende Gruppe mitHauptsitz in M\u00fcnchen verf\u00fcgt \u00fcber mehr als 100 Niederlassungen imdeutschsprachigen Raum, im \u00fcbrigen Europa sowie in Indien, Singapur, Mexikound den USA. 2015 erzielte Allgeier einen Umsatz von 428 Mio. Euro(fortgef\u00fchrtes Gesch\u00e4ft). Allgeier SE belegt in der L\u00fcnendonk(R)-Liste 2015&#8243;F\u00fchrende deutsche mittelst\u00e4ndische IT-Beratungs- undSystemintegrations-Unternehmen&#8220; den ersten Platz. Allgeier Experts ist nachL\u00fcnendonk(R)-Marktsegmentstudie 2015 &#8222;Der Markt f\u00fcr Rekrutierung,Vermittlung und Steuerung von IT-Freelancern in Deutschland&#8220; unter den TOP3 IT-Personaldienstleistern in Deutschland. Die Gesellschaft ist amRegulierten Markt der Frankfurter Wertpapierb\u00f6rse im General Standardgelistet (WKN 508630, ISIN DE0005086300). Weitere Informationen unter:www.allgeier.com.23.12.2015 Die DGAP Distributionsservices umfassen gesetzliche Meldepflichten, Corporate News\/Finanznachrichten und Pressemitteilungen. DGAP-Medienarchive unter www.dgap-medientreff.de und www.dgap.de&#8212;&#8212;&#8212;&#8212;&#8212;&#8212;&#8212;&#8212;&#8212;&#8212;&#8212;&#8212;&#8212;&#8212;&#8212;&#8212;&#8212;&#8212;&#8212;&#8212;&#8212;&#8212;&#8212;&#8212;&#8212; Sprache:      DeutschUnternehmen:  ALLGEIER SE              Wehrlestra\u00dfe 12              81679 M\u00fcnchen              DeutschlandTelefon:      +49 (0) 89 &#8211; 99 84 21 0Fax:          E-Mail:       info@allgeier.comInternet:     http:\/\/www.allgeier.comISIN:         DE0005086300WKN:          508630Indizes:      CDAXB\u00f6rsen:       Regulierter Markt in Frankfurt (General Standard);              Freiverkehr in Berlin, D\u00fcsseldorf, Hamburg, Stuttgart Ende der Mitteilung                             DGAP News-Service &#8212;&#8212;&#8212;&#8212;&#8212;&#8212;&#8212;&#8212;&#8212;&#8212;&#8212;&#8212;&#8212;&#8212;&#8212;&#8212;&#8212;&#8212;&#8212;&#8212;&#8212;&#8212;&#8212;&#8212;&#8212;<\/p>\n","protected":false},"excerpt":{"rendered":"<p>M\u00fcnchen, 23.12.2015 &#8211; Allgeier SE (ISIN DE0005086300, WKN 508630) hat sich heute mit der AE BG Rho Holding GmbH \u00fcber den Verkauf der \u00f6sterreichischen terna Holding GmbH mit ihren Tochtergesellschaften terna GmbH &#8211; Zentrum f\u00fcr Business Software mit Sitz in Innsbruck (\u00d6sterreich) und terna Switzerland<\/p>\n","protected":false},"author":4,"featured_media":0,"parent":1155,"menu_order":0,"comment_status":"close","ping_status":"closed","template":"","meta":{"_acf_changed":false,"footnotes":""},"categories":[],"tags":[],"class_list":["post-5494","page","type-page","status-publish","hentry"],"acf":[],"yoast_head":"<!-- This site is optimized with the Yoast SEO plugin v27.4 - https:\/\/yoast.com\/product\/yoast-seo-wordpress\/ -->\n<title>ALLGEIER SE: Allgeier ver\u00e4u\u00dfert Tochterunternehmen terna - Allgeier SE<\/title>\n<meta name=\"robots\" content=\"index, follow, max-snippet:-1, max-image-preview:large, max-video-preview:-1\" \/>\n<link rel=\"canonical\" href=\"https:\/\/www.allgeier.com\/de\/investor-relations\/adhoc-announcements\/allgeier-se-allgeier-veraeussert-tochterunternehmen-terna\/\" \/>\n<meta property=\"og:locale\" content=\"de_DE\" \/>\n<meta property=\"og:type\" content=\"article\" \/>\n<meta property=\"og:title\" content=\"ALLGEIER SE: Allgeier ver\u00e4u\u00dfert Tochterunternehmen terna - Allgeier SE\" \/>\n<meta property=\"og:description\" content=\"M\u00fcnchen, 23.12.2015 - Allgeier SE (ISIN DE0005086300, WKN 508630) hat sich heute mit der AE BG Rho Holding GmbH \u00fcber den Verkauf der \u00f6sterreichischen terna Holding GmbH mit ihren Tochtergesellschaften terna GmbH - Zentrum f\u00fcr Business Software mit Sitz in Innsbruck (\u00d6sterreich) und terna Switzerland\" \/>\n<meta property=\"og:url\" content=\"https:\/\/www.allgeier.com\/de\/investor-relations\/adhoc-announcements\/allgeier-se-allgeier-veraeussert-tochterunternehmen-terna\/\" \/>\n<meta property=\"og:site_name\" content=\"Allgeier SE\" \/>\n<meta property=\"article:modified_time\" content=\"2023-01-22T17:10:03+00:00\" \/>\n<meta name=\"twitter:card\" content=\"summary_large_image\" \/>\n<meta name=\"twitter:label1\" content=\"Gesch\u00e4tzte Lesezeit\" \/>\n\t<meta name=\"twitter:data1\" content=\"3\u00a0Minuten\" \/>\n<script type=\"application\/ld+json\" class=\"yoast-schema-graph\">{\"@context\":\"https:\\\/\\\/schema.org\",\"@graph\":[{\"@type\":\"WebPage\",\"@id\":\"https:\\\/\\\/www.allgeier.com\\\/de\\\/investor-relations\\\/adhoc-announcements\\\/allgeier-se-allgeier-veraeussert-tochterunternehmen-terna\\\/\",\"url\":\"https:\\\/\\\/www.allgeier.com\\\/de\\\/investor-relations\\\/adhoc-announcements\\\/allgeier-se-allgeier-veraeussert-tochterunternehmen-terna\\\/\",\"name\":\"ALLGEIER SE: Allgeier ver\u00e4u\u00dfert Tochterunternehmen terna - Allgeier SE\",\"isPartOf\":{\"@id\":\"https:\\\/\\\/www.allgeier.com\\\/de\\\/#website\"},\"datePublished\":\"2015-12-23T17:27:16+00:00\",\"dateModified\":\"2023-01-22T17:10:03+00:00\",\"breadcrumb\":{\"@id\":\"https:\\\/\\\/www.allgeier.com\\\/de\\\/investor-relations\\\/adhoc-announcements\\\/allgeier-se-allgeier-veraeussert-tochterunternehmen-terna\\\/#breadcrumb\"},\"inLanguage\":\"de\",\"potentialAction\":[{\"@type\":\"ReadAction\",\"target\":[\"https:\\\/\\\/www.allgeier.com\\\/de\\\/investor-relations\\\/adhoc-announcements\\\/allgeier-se-allgeier-veraeussert-tochterunternehmen-terna\\\/\"]}]},{\"@type\":\"BreadcrumbList\",\"@id\":\"https:\\\/\\\/www.allgeier.com\\\/de\\\/investor-relations\\\/adhoc-announcements\\\/allgeier-se-allgeier-veraeussert-tochterunternehmen-terna\\\/#breadcrumb\",\"itemListElement\":[{\"@type\":\"ListItem\",\"position\":1,\"name\":\"Home\",\"item\":\"https:\\\/\\\/www.allgeier.com\\\/de\\\/\"},{\"@type\":\"ListItem\",\"position\":2,\"name\":\"Investor Relations\",\"item\":\"https:\\\/\\\/www.allgeier.com\\\/de\\\/investor-relations\\\/\"},{\"@type\":\"ListItem\",\"position\":3,\"name\":\"Ad hoc-Mitteilungen\",\"item\":\"https:\\\/\\\/www.allgeier.com\\\/de\\\/investor-relations\\\/adhoc-announcements\\\/\"},{\"@type\":\"ListItem\",\"position\":4,\"name\":\"ALLGEIER SE: Allgeier ver\u00e4u\u00dfert Tochterunternehmen terna\"}]},{\"@type\":\"WebSite\",\"@id\":\"https:\\\/\\\/www.allgeier.com\\\/de\\\/#website\",\"url\":\"https:\\\/\\\/www.allgeier.com\\\/de\\\/\",\"name\":\"Allgeier SE\",\"description\":\"Software &amp; IT Services for digital transformation\",\"potentialAction\":[{\"@type\":\"SearchAction\",\"target\":{\"@type\":\"EntryPoint\",\"urlTemplate\":\"https:\\\/\\\/www.allgeier.com\\\/de\\\/?s={search_term_string}\"},\"query-input\":{\"@type\":\"PropertyValueSpecification\",\"valueRequired\":true,\"valueName\":\"search_term_string\"}}],\"inLanguage\":\"de\"}]}<\/script>\n<!-- \/ Yoast SEO plugin. -->","yoast_head_json":{"title":"ALLGEIER SE: Allgeier ver\u00e4u\u00dfert Tochterunternehmen terna - Allgeier SE","robots":{"index":"index","follow":"follow","max-snippet":"max-snippet:-1","max-image-preview":"max-image-preview:large","max-video-preview":"max-video-preview:-1"},"canonical":"https:\/\/www.allgeier.com\/de\/investor-relations\/adhoc-announcements\/allgeier-se-allgeier-veraeussert-tochterunternehmen-terna\/","og_locale":"de_DE","og_type":"article","og_title":"ALLGEIER SE: Allgeier ver\u00e4u\u00dfert Tochterunternehmen terna - Allgeier SE","og_description":"M\u00fcnchen, 23.12.2015 - Allgeier SE (ISIN DE0005086300, WKN 508630) hat sich heute mit der AE BG Rho Holding GmbH \u00fcber den Verkauf der \u00f6sterreichischen terna Holding GmbH mit ihren Tochtergesellschaften terna GmbH - Zentrum f\u00fcr Business Software mit Sitz in Innsbruck (\u00d6sterreich) und terna Switzerland","og_url":"https:\/\/www.allgeier.com\/de\/investor-relations\/adhoc-announcements\/allgeier-se-allgeier-veraeussert-tochterunternehmen-terna\/","og_site_name":"Allgeier SE","article_modified_time":"2023-01-22T17:10:03+00:00","twitter_card":"summary_large_image","twitter_misc":{"Gesch\u00e4tzte Lesezeit":"3\u00a0Minuten"},"schema":{"@context":"https:\/\/schema.org","@graph":[{"@type":"WebPage","@id":"https:\/\/www.allgeier.com\/de\/investor-relations\/adhoc-announcements\/allgeier-se-allgeier-veraeussert-tochterunternehmen-terna\/","url":"https:\/\/www.allgeier.com\/de\/investor-relations\/adhoc-announcements\/allgeier-se-allgeier-veraeussert-tochterunternehmen-terna\/","name":"ALLGEIER SE: Allgeier ver\u00e4u\u00dfert Tochterunternehmen terna - Allgeier SE","isPartOf":{"@id":"https:\/\/www.allgeier.com\/de\/#website"},"datePublished":"2015-12-23T17:27:16+00:00","dateModified":"2023-01-22T17:10:03+00:00","breadcrumb":{"@id":"https:\/\/www.allgeier.com\/de\/investor-relations\/adhoc-announcements\/allgeier-se-allgeier-veraeussert-tochterunternehmen-terna\/#breadcrumb"},"inLanguage":"de","potentialAction":[{"@type":"ReadAction","target":["https:\/\/www.allgeier.com\/de\/investor-relations\/adhoc-announcements\/allgeier-se-allgeier-veraeussert-tochterunternehmen-terna\/"]}]},{"@type":"BreadcrumbList","@id":"https:\/\/www.allgeier.com\/de\/investor-relations\/adhoc-announcements\/allgeier-se-allgeier-veraeussert-tochterunternehmen-terna\/#breadcrumb","itemListElement":[{"@type":"ListItem","position":1,"name":"Home","item":"https:\/\/www.allgeier.com\/de\/"},{"@type":"ListItem","position":2,"name":"Investor Relations","item":"https:\/\/www.allgeier.com\/de\/investor-relations\/"},{"@type":"ListItem","position":3,"name":"Ad hoc-Mitteilungen","item":"https:\/\/www.allgeier.com\/de\/investor-relations\/adhoc-announcements\/"},{"@type":"ListItem","position":4,"name":"ALLGEIER SE: Allgeier ver\u00e4u\u00dfert Tochterunternehmen terna"}]},{"@type":"WebSite","@id":"https:\/\/www.allgeier.com\/de\/#website","url":"https:\/\/www.allgeier.com\/de\/","name":"Allgeier SE","description":"Software &amp; IT Services for digital transformation","potentialAction":[{"@type":"SearchAction","target":{"@type":"EntryPoint","urlTemplate":"https:\/\/www.allgeier.com\/de\/?s={search_term_string}"},"query-input":{"@type":"PropertyValueSpecification","valueRequired":true,"valueName":"search_term_string"}}],"inLanguage":"de"}]}},"_links":{"self":[{"href":"https:\/\/www.allgeier.com\/de\/wp-json\/wp\/v2\/pages\/5494","targetHints":{"allow":["GET"]}}],"collection":[{"href":"https:\/\/www.allgeier.com\/de\/wp-json\/wp\/v2\/pages"}],"about":[{"href":"https:\/\/www.allgeier.com\/de\/wp-json\/wp\/v2\/types\/page"}],"author":[{"embeddable":true,"href":"https:\/\/www.allgeier.com\/de\/wp-json\/wp\/v2\/users\/4"}],"replies":[{"embeddable":true,"href":"https:\/\/www.allgeier.com\/de\/wp-json\/wp\/v2\/comments?post=5494"}],"version-history":[{"count":1,"href":"https:\/\/www.allgeier.com\/de\/wp-json\/wp\/v2\/pages\/5494\/revisions"}],"predecessor-version":[{"id":5495,"href":"https:\/\/www.allgeier.com\/de\/wp-json\/wp\/v2\/pages\/5494\/revisions\/5495"}],"up":[{"embeddable":true,"href":"https:\/\/www.allgeier.com\/de\/wp-json\/wp\/v2\/pages\/1155"}],"wp:attachment":[{"href":"https:\/\/www.allgeier.com\/de\/wp-json\/wp\/v2\/media?parent=5494"}],"wp:term":[{"taxonomy":"category","embeddable":true,"href":"https:\/\/www.allgeier.com\/de\/wp-json\/wp\/v2\/categories?post=5494"},{"taxonomy":"post_tag","embeddable":true,"href":"https:\/\/www.allgeier.com\/de\/wp-json\/wp\/v2\/tags?post=5494"}],"curies":[{"name":"wp","href":"https:\/\/api.w.org\/{rel}","templated":true}]}}