{"id":5500,"date":"2015-08-04T10:50:47","date_gmt":"2015-08-04T10:50:47","guid":{"rendered":"https:\/\/www.allgeier.com\/de\/?page_id=5500"},"modified":"2023-01-22T17:10:03","modified_gmt":"2023-01-22T17:10:03","slug":"allgeier-se-allgeier-erzielt-im-fortgefuehrten-geschaeft-nach-starkem-zweiten-quartal-im-1-halbjahr-2015-ein-zweistelliges-wachstum-in-der-gesamtleistung","status":"publish","type":"page","link":"https:\/\/www.allgeier.com\/de\/investor-relations\/adhoc-announcements\/allgeier-se-allgeier-erzielt-im-fortgefuehrten-geschaeft-nach-starkem-zweiten-quartal-im-1-halbjahr-2015-ein-zweistelliges-wachstum-in-der-gesamtleistung\/","title":{"rendered":"Allgeier SE: Allgeier erzielt im fortgef\u00fchrten Gesch\u00e4ft nach starkem zweiten Quartal im 1. Halbjahr 2015 ein zweistelliges Wachstum in der Gesamtleistung"},"content":{"rendered":"<p><b>ALLGEIER SE  \/ Schlagwort(e): Halbjahresergebnis<\/b>04.08.2015 12:50Ver\u00f6ffentlichung einer Ad-hoc-Mitteilung nach \u00a7 15 WpHG, \u00fcbermittelt durchDGAP &#8211; ein Service der EQS Group AG.F\u00fcr den Inhalt der Mitteilung ist der Emittent verantwortlich.&#8212;&#8212;&#8212;&#8212;&#8212;&#8212;&#8212;&#8212;&#8212;&#8212;&#8212;&#8212;&#8212;&#8212;&#8212;&#8212;&#8212;&#8212;&#8212;&#8212;&#8212;&#8212;&#8212;&#8212;&#8212;M\u00fcnchen, 04. August 2015 &#8211; Allgeier SE (ISIN DE0005086300, WKN 508630)verzeichnet gem\u00e4\u00df vorl\u00e4ufiger Zahlen in den ersten sechs Monaten desGesch\u00e4ftsjahres 2015 (01. Januar 2015 &#8211; 30. Juni 2015) ein zweistelligesWachstum in der Gesamtleistung des fortgef\u00fchrten Gesch\u00e4fts. Nachdem dasErgebnis im ersten Quartal deutlich hinter dem Ergebnis desVergleichszeitraums des Vorjahres lag (Ad-hoc-Mitteilung vom 04. Mai 2015),erzielte Allgeier im zweiten Quartal ein deutlich zweistelligesErgebniswachstum. Das operative Ergebnis des ersten Halbjahres 2015 vorEinbeziehung au\u00dferordentlicher und periodenfremder Effekte erreicht damitinsgesamt ein Niveau \u00fcber dem entsprechenden Ergebnis des Vorjahres.Gesch\u00e4ftsentwicklung im zweiten Quartal 2015Im zweiten Quartal 2015 (01. April 2015 &#8211; 30. Juni 2015) verzeichnete derKonzern ein deutliches Umsatz- und Ergebniswachstum. Der vorl\u00e4ufige Umsatzstieg gegen\u00fcber dem Vergleichszeitraum des Vorjahres um 20 Prozent auf 121Mio. Euro (fortgef\u00fchrtes Gesch\u00e4ft des Vorjahres: 101 Mio. Euro). Dasvorl\u00e4ufige operative EBITDA (vor au\u00dferordentlichen und periodenfremdenEffekten) lag mit 8,0 Mio. Euro um 30 Prozent \u00fcber dem Vorjahresergebnis(fortgef\u00fchrtes Gesch\u00e4ft des Vorjahres: 6,1 Mio. Euro). Das vorl\u00e4ufigeKonzern-EBITDA des zweiten Quartals betrug 7,5 Mio. Euro und lag damit um36 Prozent \u00fcber dem Vergleichswert der Vorjahresperiode (fortgef\u00fchrtesGesch\u00e4ft des Vorjahres: 5,5 Mio. Euro). Das vorl\u00e4ufige Konzern-EBIT(Ergebnis vor Zinsen und Steuern) lag mit 3,7 Mio. Euro um 54 Prozent \u00fcberdem Ergebnis des Vorjahres (fortgef\u00fchrtes Gesch\u00e4ft des Vorjahres: 2,4 Mio.Euro).Gesch\u00e4ftsentwicklung im ersten Halbjahr 2015In Summe stieg die vorl\u00e4ufige Gesamtleistung im Konzern im ersten Halbjahr2015 gegen\u00fcber den ersten sechs Monaten des Jahres 2014 um 16 Prozent auf239 Mio. Euro (fortgef\u00fchrtes Gesch\u00e4ft des Vorjahres: 206 Mio. Euro). Dasvorl\u00e4ufige operative Konzern-EBITDA (vor au\u00dferordentlichen undperiodenfremden Effekten) stieg gegen\u00fcber dem Vergleichszeitraum desVorjahres um 5 Prozent auf 12,1 Mio. Euro (fortgef\u00fchrtes Gesch\u00e4ft desVorjahres: 11,5 Mio. Euro). Das vorl\u00e4ufige Konzern-EBITDA einschlie\u00dflichder au\u00dferordentlichen und periodenfremden Effekte betrug 10,1 Mio. Euro(fortgef\u00fchrtes Gesch\u00e4ft des Vorjahres: 11,0 Mio. Euro). Das vorl\u00e4ufigeKonzern-EBIT (Ergebnis vor Zinsen und Steuern) der Periode lag mit 3,2 Mio.Euro ebenfalls noch unter dem Ergebnis des Vorjahres (fortgef\u00fchrtesGesch\u00e4ft des Vorjahres: 5,0 Mio. Euro). Ma\u00dfgeblich hierf\u00fcr waren gestiegeneAbschreibungen aus dem erstmaligen Einbezug der im Berichtshalbjahrerworbenen Gesellschaften sowie Investitionen in den stark wachsendenGesch\u00e4ftsbetrieb an den indischen Standorten.Ausblick auf die zweite Jahresh\u00e4lfte 2015Der Vorstand erwartet f\u00fcr die zweite Jahresh\u00e4lfte 2015 gem\u00e4\u00df derzeitigerPlanung eine Fortsetzung des Wachstums gegen\u00fcber dem Vergleichszeitraum desVorjahres. Der Umsatz soll gem\u00e4\u00df der Konzernplanung in den zweiten sechsMonaten 2015 um \u00fcber 20 Prozent wachsen. Das operative Konzern-EBITDA (vorau\u00dferordentlichen und periodenfremden Effekten) soll gem\u00e4\u00df der Planung imzweiten Halbjahr 2015 \u00fcberproportional wachsen.Eckdaten der Bilanz zum 30. Juni 2015Das vorl\u00e4ufige Eigenkapital stieg zum Stichtag 30. Juni 2015 auf 105 Mio.Euro (31. Dezember 2014: 100,7 Mio. Euro). Dem Allgeier Konzern standen zumStichtag gem\u00e4\u00df vorl\u00e4ufiger Zahlen liquide Mittel in H\u00f6he von 54 Mio. Eurozur Verf\u00fcgung (31. Dezember 2014: 98,0 Mio. Euro). Die Ver\u00e4nderung ist \u00fcberdie operativen Cash-flows hinaus wesentlich durch dieZahlungsstr\u00f6me aus der Akquisitionst\u00e4tigkeit, die R\u00fcckf\u00fchrung vonFinanzschulden, die erfolgten Earn-out-Zahlungen sowie dieDividendenaussch\u00fcttung begr\u00fcndet. Die vorl\u00e4ufige Bilanzsumme betrug zum 30.Juni 2015331 Mio. Euro (31. Dezember 2014: 329,8 Mio. Euro).Alle genannten IFRS-Zahlen sind vorl\u00e4ufig. Der Halbjahresfinanzbericht 2015der Allgeier SE wird am 14. August 2015 ver\u00f6ffentlicht und ist dann unterwww.allgeier.com einzusehen.Kontakt:Allgeier SECorporate Communications &amp; Investor RelationsDr. Christopher Gro\u00dfeWehrlestra\u00dfe 1281679 M\u00fcnchenTel.: +49 (0)89\/998421-0Fax: +49 (0)89\/998421-11E-Mail: ir@allgeier.comWeb: www.allgeier.comAllgeier SE ist eines der f\u00fchrenden IT-Unternehmen f\u00fcr BusinessPerformance: Mit einer auf Innovationen und Zukunftstrends ausgerichtetenWachstumsstrategie sowie einem integrativen unternehmerischen Modellverbindet Allgeier die Vorteile eines internationalen Anbieters mit denTugenden mittelst\u00e4ndischer Unternehmer. Operative Gesch\u00e4ftsbereiche mitindividuellen fachlichen oder branchenbezogenen Schwerpunkten arbeitengemeinsam f\u00fcr \u00fcber 3.000 Kunden aus nahezu allen Branchen. Mit \u00fcber 5.800angestellten Mitarbeitern und rund 1.200 freiberuflichen Experten bietetAllgeier den Kunden als One-Stop-Shop ein umfassendes L\u00f6sungs- undLeistungsportfolio. Allgeier bildet mit einem hochflexiblen Delivery-Modelldas komplette IT-Leistungsspektrum von Onsite \u00fcber Nearshore bis hin zuOffshore ab: Mit einem starken Standbein in Indien werden Flexibilit\u00e4t undh\u00f6chste Skalierbarkeit der Leistungen sowie hochqualifiziertesExpertenwissen in der High-End-Softwareentwicklung sichergestellt. Zu denKunden von Allgeier z\u00e4hlen global arbeitende Konzerne genauso wieinnovative mittelst\u00e4ndische Betriebe, die sich durch leistungsstarkeIT-L\u00f6sungen, intelligente Software und flexible Personaldienstleistungenstrategische Vorteile sichern wollen. Die stark wachsende Gruppe mitHauptsitz in M\u00fcnchen verf\u00fcgt \u00fcber mehr als 100 Niederlassungen imdeutschsprachigen Raum, im \u00fcbrigen Europa sowie in Indien, Singapur, Mexikound den USA. 2014 erzielte Allgeier einen Umsatz von 428 Mio. Euro(fortgef\u00fchrtes Gesch\u00e4ft). Allgeier SE belegt in der L\u00fcnendonk(R)-Liste 2014&#8243;F\u00fchrende deutsche mittelst\u00e4ndische IT-Beratungs- undSystemintegrations-Unternehmen&#8220; den ersten Platz. Allgeier Experts ist nachL\u00fcnendonk(R)-Marktsegmentstudie 2014 &#8222;Der Markt f\u00fcr Rekrutierung,Vermittlung und Steuerung von IT-Freelancern in Deutschland&#8220; unter den TOP3 IT-Personaldienstleistern in Deutschland. Die Gesellschaft ist amRegulierten Markt der Frankfurter Wertpapierb\u00f6rse im General Standardgelistet (WKN 508630, ISIN DE0005086300). Weitere Informationen unter:www.allgeier.com.04.08.2015 Die DGAP Distributionsservices umfassen gesetzliche Meldepflichten, Corporate News\/Finanznachrichten und Pressemitteilungen. DGAP-Medienarchive unter www.dgap-medientreff.de und www.dgap.de&#8212;&#8212;&#8212;&#8212;&#8212;&#8212;&#8212;&#8212;&#8212;&#8212;&#8212;&#8212;&#8212;&#8212;&#8212;&#8212;&#8212;&#8212;&#8212;&#8212;&#8212;&#8212;&#8212;&#8212;&#8212; Sprache:      DeutschUnternehmen:  ALLGEIER SE              Wehrlestra\u00dfe 12              81679 M\u00fcnchen              DeutschlandTelefon:      +49 (0) 89 &#8211; 99 84 21 0Fax:          +49 (0) 89 &#8211; 99 84 21 11E-Mail:       info@allgeier.comInternet:     http:\/\/www.allgeier.comISIN:         DE0005086300WKN:          508630Indizes:      CDAXB\u00f6rsen:       Regulierter Markt in Frankfurt (General Standard);              Freiverkehr in Berlin, D\u00fcsseldorf, Hamburg, Stuttgart Ende der Mitteilung                             DGAP News-Service &#8212;&#8212;&#8212;&#8212;&#8212;&#8212;&#8212;&#8212;&#8212;&#8212;&#8212;&#8212;&#8212;&#8212;&#8212;&#8212;&#8212;&#8212;&#8212;&#8212;&#8212;&#8212;&#8212;&#8212;&#8212;<\/p>\n","protected":false},"excerpt":{"rendered":"<p>M\u00fcnchen, 04. August 2015 &#8211; Allgeier SE (ISIN DE0005086300, WKN 508630) verzeichnet gem\u00e4\u00df vorl\u00e4ufiger Zahlen in den ersten sechs Monaten des Gesch\u00e4ftsjahres 2015 (01. Januar 2015 &#8211; 30. Juni 2015) ein zweistelliges Wachstum in der Gesamtleistung des fortgef\u00fchrten Gesch\u00e4fts. Nachdem das Ergebnis im ersten<\/p>\n","protected":false},"author":4,"featured_media":0,"parent":1155,"menu_order":0,"comment_status":"close","ping_status":"closed","template":"","meta":{"_acf_changed":false,"footnotes":""},"categories":[],"tags":[],"class_list":["post-5500","page","type-page","status-publish","hentry"],"acf":[],"yoast_head":"<!-- This site is optimized with the Yoast SEO plugin v27.4 - https:\/\/yoast.com\/product\/yoast-seo-wordpress\/ -->\n<title>Allgeier SE: Allgeier erzielt im fortgef\u00fchrten Gesch\u00e4ft nach starkem zweiten Quartal im 1. Halbjahr 2015 ein zweistelliges Wachstum in der Gesamtleistung - Allgeier SE<\/title>\n<meta name=\"robots\" content=\"index, follow, max-snippet:-1, max-image-preview:large, max-video-preview:-1\" \/>\n<link rel=\"canonical\" href=\"https:\/\/www.allgeier.com\/de\/investor-relations\/adhoc-announcements\/allgeier-se-allgeier-erzielt-im-fortgefuehrten-geschaeft-nach-starkem-zweiten-quartal-im-1-halbjahr-2015-ein-zweistelliges-wachstum-in-der-gesamtleistung\/\" \/>\n<meta property=\"og:locale\" content=\"de_DE\" \/>\n<meta property=\"og:type\" content=\"article\" \/>\n<meta property=\"og:title\" content=\"Allgeier SE: Allgeier erzielt im fortgef\u00fchrten Gesch\u00e4ft nach starkem zweiten Quartal im 1. Halbjahr 2015 ein zweistelliges Wachstum in der Gesamtleistung - Allgeier SE\" \/>\n<meta property=\"og:description\" content=\"M\u00fcnchen, 04. August 2015 - Allgeier SE (ISIN DE0005086300, WKN 508630) verzeichnet gem\u00e4\u00df vorl\u00e4ufiger Zahlen in den ersten sechs Monaten des Gesch\u00e4ftsjahres 2015 (01. Januar 2015 - 30. Juni 2015) ein zweistelliges Wachstum in der Gesamtleistung des fortgef\u00fchrten Gesch\u00e4fts. Nachdem das Ergebnis im ersten\" \/>\n<meta property=\"og:url\" content=\"https:\/\/www.allgeier.com\/de\/investor-relations\/adhoc-announcements\/allgeier-se-allgeier-erzielt-im-fortgefuehrten-geschaeft-nach-starkem-zweiten-quartal-im-1-halbjahr-2015-ein-zweistelliges-wachstum-in-der-gesamtleistung\/\" \/>\n<meta property=\"og:site_name\" content=\"Allgeier SE\" \/>\n<meta property=\"article:modified_time\" content=\"2023-01-22T17:10:03+00:00\" \/>\n<meta name=\"twitter:card\" content=\"summary_large_image\" \/>\n<meta name=\"twitter:label1\" content=\"Gesch\u00e4tzte Lesezeit\" \/>\n\t<meta name=\"twitter:data1\" content=\"4\u00a0Minuten\" \/>\n<script type=\"application\/ld+json\" class=\"yoast-schema-graph\">{\"@context\":\"https:\\\/\\\/schema.org\",\"@graph\":[{\"@type\":\"WebPage\",\"@id\":\"https:\\\/\\\/www.allgeier.com\\\/de\\\/investor-relations\\\/adhoc-announcements\\\/allgeier-se-allgeier-erzielt-im-fortgefuehrten-geschaeft-nach-starkem-zweiten-quartal-im-1-halbjahr-2015-ein-zweistelliges-wachstum-in-der-gesamtleistung\\\/\",\"url\":\"https:\\\/\\\/www.allgeier.com\\\/de\\\/investor-relations\\\/adhoc-announcements\\\/allgeier-se-allgeier-erzielt-im-fortgefuehrten-geschaeft-nach-starkem-zweiten-quartal-im-1-halbjahr-2015-ein-zweistelliges-wachstum-in-der-gesamtleistung\\\/\",\"name\":\"Allgeier SE: Allgeier erzielt im fortgef\u00fchrten Gesch\u00e4ft nach starkem zweiten Quartal im 1. Halbjahr 2015 ein zweistelliges Wachstum in der Gesamtleistung - Allgeier SE\",\"isPartOf\":{\"@id\":\"https:\\\/\\\/www.allgeier.com\\\/de\\\/#website\"},\"datePublished\":\"2015-08-04T10:50:47+00:00\",\"dateModified\":\"2023-01-22T17:10:03+00:00\",\"breadcrumb\":{\"@id\":\"https:\\\/\\\/www.allgeier.com\\\/de\\\/investor-relations\\\/adhoc-announcements\\\/allgeier-se-allgeier-erzielt-im-fortgefuehrten-geschaeft-nach-starkem-zweiten-quartal-im-1-halbjahr-2015-ein-zweistelliges-wachstum-in-der-gesamtleistung\\\/#breadcrumb\"},\"inLanguage\":\"de\",\"potentialAction\":[{\"@type\":\"ReadAction\",\"target\":[\"https:\\\/\\\/www.allgeier.com\\\/de\\\/investor-relations\\\/adhoc-announcements\\\/allgeier-se-allgeier-erzielt-im-fortgefuehrten-geschaeft-nach-starkem-zweiten-quartal-im-1-halbjahr-2015-ein-zweistelliges-wachstum-in-der-gesamtleistung\\\/\"]}]},{\"@type\":\"BreadcrumbList\",\"@id\":\"https:\\\/\\\/www.allgeier.com\\\/de\\\/investor-relations\\\/adhoc-announcements\\\/allgeier-se-allgeier-erzielt-im-fortgefuehrten-geschaeft-nach-starkem-zweiten-quartal-im-1-halbjahr-2015-ein-zweistelliges-wachstum-in-der-gesamtleistung\\\/#breadcrumb\",\"itemListElement\":[{\"@type\":\"ListItem\",\"position\":1,\"name\":\"Home\",\"item\":\"https:\\\/\\\/www.allgeier.com\\\/de\\\/\"},{\"@type\":\"ListItem\",\"position\":2,\"name\":\"Investor Relations\",\"item\":\"https:\\\/\\\/www.allgeier.com\\\/de\\\/investor-relations\\\/\"},{\"@type\":\"ListItem\",\"position\":3,\"name\":\"Ad hoc-Mitteilungen\",\"item\":\"https:\\\/\\\/www.allgeier.com\\\/de\\\/investor-relations\\\/adhoc-announcements\\\/\"},{\"@type\":\"ListItem\",\"position\":4,\"name\":\"Allgeier SE: Allgeier erzielt im fortgef\u00fchrten Gesch\u00e4ft nach starkem zweiten Quartal im 1. Halbjahr 2015 ein zweistelliges Wachstum in der Gesamtleistung\"}]},{\"@type\":\"WebSite\",\"@id\":\"https:\\\/\\\/www.allgeier.com\\\/de\\\/#website\",\"url\":\"https:\\\/\\\/www.allgeier.com\\\/de\\\/\",\"name\":\"Allgeier SE\",\"description\":\"Software &amp; IT Services for digital transformation\",\"potentialAction\":[{\"@type\":\"SearchAction\",\"target\":{\"@type\":\"EntryPoint\",\"urlTemplate\":\"https:\\\/\\\/www.allgeier.com\\\/de\\\/?s={search_term_string}\"},\"query-input\":{\"@type\":\"PropertyValueSpecification\",\"valueRequired\":true,\"valueName\":\"search_term_string\"}}],\"inLanguage\":\"de\"}]}<\/script>\n<!-- \/ Yoast SEO plugin. -->","yoast_head_json":{"title":"Allgeier SE: Allgeier erzielt im fortgef\u00fchrten Gesch\u00e4ft nach starkem zweiten Quartal im 1. Halbjahr 2015 ein zweistelliges Wachstum in der Gesamtleistung - Allgeier SE","robots":{"index":"index","follow":"follow","max-snippet":"max-snippet:-1","max-image-preview":"max-image-preview:large","max-video-preview":"max-video-preview:-1"},"canonical":"https:\/\/www.allgeier.com\/de\/investor-relations\/adhoc-announcements\/allgeier-se-allgeier-erzielt-im-fortgefuehrten-geschaeft-nach-starkem-zweiten-quartal-im-1-halbjahr-2015-ein-zweistelliges-wachstum-in-der-gesamtleistung\/","og_locale":"de_DE","og_type":"article","og_title":"Allgeier SE: Allgeier erzielt im fortgef\u00fchrten Gesch\u00e4ft nach starkem zweiten Quartal im 1. Halbjahr 2015 ein zweistelliges Wachstum in der Gesamtleistung - Allgeier SE","og_description":"M\u00fcnchen, 04. August 2015 - Allgeier SE (ISIN DE0005086300, WKN 508630) verzeichnet gem\u00e4\u00df vorl\u00e4ufiger Zahlen in den ersten sechs Monaten des Gesch\u00e4ftsjahres 2015 (01. Januar 2015 - 30. Juni 2015) ein zweistelliges Wachstum in der Gesamtleistung des fortgef\u00fchrten Gesch\u00e4fts. Nachdem das Ergebnis im ersten","og_url":"https:\/\/www.allgeier.com\/de\/investor-relations\/adhoc-announcements\/allgeier-se-allgeier-erzielt-im-fortgefuehrten-geschaeft-nach-starkem-zweiten-quartal-im-1-halbjahr-2015-ein-zweistelliges-wachstum-in-der-gesamtleistung\/","og_site_name":"Allgeier SE","article_modified_time":"2023-01-22T17:10:03+00:00","twitter_card":"summary_large_image","twitter_misc":{"Gesch\u00e4tzte Lesezeit":"4\u00a0Minuten"},"schema":{"@context":"https:\/\/schema.org","@graph":[{"@type":"WebPage","@id":"https:\/\/www.allgeier.com\/de\/investor-relations\/adhoc-announcements\/allgeier-se-allgeier-erzielt-im-fortgefuehrten-geschaeft-nach-starkem-zweiten-quartal-im-1-halbjahr-2015-ein-zweistelliges-wachstum-in-der-gesamtleistung\/","url":"https:\/\/www.allgeier.com\/de\/investor-relations\/adhoc-announcements\/allgeier-se-allgeier-erzielt-im-fortgefuehrten-geschaeft-nach-starkem-zweiten-quartal-im-1-halbjahr-2015-ein-zweistelliges-wachstum-in-der-gesamtleistung\/","name":"Allgeier SE: Allgeier erzielt im fortgef\u00fchrten Gesch\u00e4ft nach starkem zweiten Quartal im 1. Halbjahr 2015 ein zweistelliges Wachstum in der Gesamtleistung - Allgeier SE","isPartOf":{"@id":"https:\/\/www.allgeier.com\/de\/#website"},"datePublished":"2015-08-04T10:50:47+00:00","dateModified":"2023-01-22T17:10:03+00:00","breadcrumb":{"@id":"https:\/\/www.allgeier.com\/de\/investor-relations\/adhoc-announcements\/allgeier-se-allgeier-erzielt-im-fortgefuehrten-geschaeft-nach-starkem-zweiten-quartal-im-1-halbjahr-2015-ein-zweistelliges-wachstum-in-der-gesamtleistung\/#breadcrumb"},"inLanguage":"de","potentialAction":[{"@type":"ReadAction","target":["https:\/\/www.allgeier.com\/de\/investor-relations\/adhoc-announcements\/allgeier-se-allgeier-erzielt-im-fortgefuehrten-geschaeft-nach-starkem-zweiten-quartal-im-1-halbjahr-2015-ein-zweistelliges-wachstum-in-der-gesamtleistung\/"]}]},{"@type":"BreadcrumbList","@id":"https:\/\/www.allgeier.com\/de\/investor-relations\/adhoc-announcements\/allgeier-se-allgeier-erzielt-im-fortgefuehrten-geschaeft-nach-starkem-zweiten-quartal-im-1-halbjahr-2015-ein-zweistelliges-wachstum-in-der-gesamtleistung\/#breadcrumb","itemListElement":[{"@type":"ListItem","position":1,"name":"Home","item":"https:\/\/www.allgeier.com\/de\/"},{"@type":"ListItem","position":2,"name":"Investor Relations","item":"https:\/\/www.allgeier.com\/de\/investor-relations\/"},{"@type":"ListItem","position":3,"name":"Ad hoc-Mitteilungen","item":"https:\/\/www.allgeier.com\/de\/investor-relations\/adhoc-announcements\/"},{"@type":"ListItem","position":4,"name":"Allgeier SE: Allgeier erzielt im fortgef\u00fchrten Gesch\u00e4ft nach starkem zweiten Quartal im 1. Halbjahr 2015 ein zweistelliges Wachstum in der Gesamtleistung"}]},{"@type":"WebSite","@id":"https:\/\/www.allgeier.com\/de\/#website","url":"https:\/\/www.allgeier.com\/de\/","name":"Allgeier SE","description":"Software &amp; IT Services for digital transformation","potentialAction":[{"@type":"SearchAction","target":{"@type":"EntryPoint","urlTemplate":"https:\/\/www.allgeier.com\/de\/?s={search_term_string}"},"query-input":{"@type":"PropertyValueSpecification","valueRequired":true,"valueName":"search_term_string"}}],"inLanguage":"de"}]}},"_links":{"self":[{"href":"https:\/\/www.allgeier.com\/de\/wp-json\/wp\/v2\/pages\/5500","targetHints":{"allow":["GET"]}}],"collection":[{"href":"https:\/\/www.allgeier.com\/de\/wp-json\/wp\/v2\/pages"}],"about":[{"href":"https:\/\/www.allgeier.com\/de\/wp-json\/wp\/v2\/types\/page"}],"author":[{"embeddable":true,"href":"https:\/\/www.allgeier.com\/de\/wp-json\/wp\/v2\/users\/4"}],"replies":[{"embeddable":true,"href":"https:\/\/www.allgeier.com\/de\/wp-json\/wp\/v2\/comments?post=5500"}],"version-history":[{"count":1,"href":"https:\/\/www.allgeier.com\/de\/wp-json\/wp\/v2\/pages\/5500\/revisions"}],"predecessor-version":[{"id":5501,"href":"https:\/\/www.allgeier.com\/de\/wp-json\/wp\/v2\/pages\/5500\/revisions\/5501"}],"up":[{"embeddable":true,"href":"https:\/\/www.allgeier.com\/de\/wp-json\/wp\/v2\/pages\/1155"}],"wp:attachment":[{"href":"https:\/\/www.allgeier.com\/de\/wp-json\/wp\/v2\/media?parent=5500"}],"wp:term":[{"taxonomy":"category","embeddable":true,"href":"https:\/\/www.allgeier.com\/de\/wp-json\/wp\/v2\/categories?post=5500"},{"taxonomy":"post_tag","embeddable":true,"href":"https:\/\/www.allgeier.com\/de\/wp-json\/wp\/v2\/tags?post=5500"}],"curies":[{"name":"wp","href":"https:\/\/api.w.org\/{rel}","templated":true}]}}