{"id":5502,"date":"2015-05-07T16:41:49","date_gmt":"2015-05-07T16:41:49","guid":{"rendered":"https:\/\/www.allgeier.com\/de\/?page_id=5502"},"modified":"2023-01-22T17:10:03","modified_gmt":"2023-01-22T17:10:03","slug":"allgeier-se-it-projekt-und-personalexperte-networker-verstaerkt-allgeier-experts","status":"publish","type":"page","link":"https:\/\/www.allgeier.com\/de\/investor-relations\/adhoc-announcements\/allgeier-se-it-projekt-und-personalexperte-networker-verstaerkt-allgeier-experts\/","title":{"rendered":"Allgeier SE: IT-Projekt- und Personalexperte networker verst\u00e4rkt Allgeier Experts"},"content":{"rendered":"<p><b>ALLGEIER SE  \/ Schlagwort(e): Firmen\u00fcbernahme<\/b>07.05.2015 18:41Ver\u00f6ffentlichung einer Ad-hoc-Mitteilung nach \u00a7 15 WpHG, \u00fcbermittelt durchDGAP &#8211; ein Service der EQS Group AG.F\u00fcr den Inhalt der Mitteilung ist der Emittent verantwortlich.&#8212;&#8212;&#8212;&#8212;&#8212;&#8212;&#8212;&#8212;&#8212;&#8212;&#8212;&#8212;&#8212;&#8212;&#8212;&#8212;&#8212;&#8212;&#8212;&#8212;&#8212;&#8212;&#8212;&#8212;&#8212;M\u00fcnchen, 07.05.2015 &#8211; Allgeier SE (ISIN DE0005086300, WKN 508630) verst\u00e4rktden Gesch\u00e4ftsbereich Allgeier Experts und einigt sich \u00fcber den Erwerb von100 Prozent der Anteile an der networker Projektberatung GmbH mit Sitz inKronberg im Taunus. Das Closing der Transaktion wird kurzfristig innerhalbder n\u00e4chsten Tage erwartet. networker bietet spezialisierte End-to-End IT-Personal- und Projektdienstleistungen an und verf\u00fcgt \u00fcber langj\u00e4hrigeKundenbeziehungen zu nationalen und internationalen Gro\u00dfunternehmen sowieUnternehmen des gehobenen Mittelstands.Das 1998 gegr\u00fcndete Unternehmen ist auf die professionelle Beratung, dieStrukturierung und das Management von Projekten unter Nutzung von Sourcingund Outtasking, die Optimierung, Standardisierung und Automatisierung vonIT-Services und -Betrieb sowie die Bereitstellung von Experten undIT-L\u00f6sungen spezialisiert. Die Gesellschaft greift daf\u00fcr auf einhochqualifiziertes Netzwerk von IT-Spezialisten und die Umsetzungskompetenzaus einer Vielzahl unternehmenskritischer Projekte zur\u00fcck. In denvergangenen Jahren erzielte networker ein erhebliches Wachstum. ImGesch\u00e4ftsjahr 2014 erreichte die Gesellschaft eine Gesamtleistung von 35Mio. Euro.Durch die Beteiligung st\u00e4rkt Allgeier Experts die Position als einer derf\u00fchrenden IT- Projekt- und Personaldienstleister im deutschsprachigen Raumund baut zudem die Expertise im Bereich IT-Beratung, IT-Personalservice undManaged IT-Services weiter aus. Durch die guten Kundenzug\u00e4nge der networkervertieft Allgeier Experts zugleich die Kompetenz im wachstumsstarkenDienstleistungsmarkt f\u00fcr den Banken- und Finanzsektor. networker profitiertumgekehrt von den Ressourcen der Allgeier Gruppe in Bezug auf Vertrieb,Recruiting und Leistungsportfolio innerhalb des Gesch\u00e4ftsbereichs AllgeierExperts.Kontakt:Allgeier SECorporate Communications &amp; Investor RelationsDr. Christopher Gro\u00dfeWehrlestra\u00dfe 1281679 M\u00fcnchenTel.: +49 (0)89\/998421-0Fax: +49 (0)89\/998421-11E-Mail: ir@allgeier.comWeb: www.allgeier.comAllgeier SE ist eines der f\u00fchrenden IT-Unternehmen f\u00fcr BusinessPerformance: Mit einer auf Innovationen und Zukunftstrends ausgerichtetenWachstumsstrategie sowie einem integrativen unternehmerischen Modellverbindet Allgeier die Vorteile eines internationalen Anbieters mit denTugenden mittelst\u00e4ndischer Unternehmer. Operative Gesch\u00e4ftsbereiche mitindividuellen fachlichen oder branchenbezogenen Schwerpunkten arbeitengemeinsam f\u00fcr \u00fcber 3.000 Kunden aus nahezu allen Branchen. Mit \u00fcber 5.300angestellten Mitarbeitern und mehr als 1.200 freiberuflichen Expertenbietet Allgeier den Kunden als One-Stop-Shop ein umfassendes L\u00f6sungs- undLeistungsportfolio. Allgeier bildet mit einem hochflexiblen Delivery-Modelldas komplette IT-Leistungsspektrum von Onsite \u00fcber Nearshore bis hin zuOffshore ab: Mit einem starken Standbein in Indien werden Flexibilit\u00e4t undh\u00f6chste Skalierbarkeit der Leistungen sowie hochqualifiziertesExpertenwissen in der High-End-Softwareentwicklung sichergestellt. Zu denAllgeier Kunden z\u00e4hlen global arbeitende Konzerne genauso wie innovativemittelst\u00e4ndische Betriebe, die sich durch leistungsstarke IT-L\u00f6sungen,intelligente Software und flexible Personaldienstleistungen strategischeVorteile sichern wollen. Die stark wachsende Gruppe mit Hauptsitz inM\u00fcnchen verf\u00fcgt \u00fcber 100 Niederlassungen im deutschsprachigen Raum, im\u00fcbrigen Europa sowie in Indien, Singapur, Mexiko und den USA. 2014 erzielteAllgeier einen Umsatz von 428 Mio. Euro (fortgef\u00fchrtes Gesch\u00e4ft). AllgeierSE belegt in der L\u00fcnendonk(R)-Liste 2014 &#8222;F\u00fchrende deutschemittelst\u00e4ndische IT-Beratungs- und Systemintegrations-Unternehmen&#8220; denersten Platz. Allgeier Experts ist nach L\u00fcnendonk(R)-Marktsegmentstudie2014 &#8222;Der Markt f\u00fcr Rekrutierung, Vermittlung und Steuerung vonIT-Freelancern in Deutschland&#8220; unter den TOP 3 IT-Personaldienstleistern inDeutschland. Die Gesellschaft ist am Regulierten Markt der FrankfurterWertpapierb\u00f6rse im General Standard gelistet (WKN 508630, ISINDE0005086300). Weitere Informationen unter: www.allgeier.com.07.05.2015 Die DGAP Distributionsservices umfassen gesetzliche Meldepflichten, Corporate News\/Finanznachrichten und Pressemitteilungen. DGAP-Medienarchive unter www.dgap-medientreff.de und www.dgap.de&#8212;&#8212;&#8212;&#8212;&#8212;&#8212;&#8212;&#8212;&#8212;&#8212;&#8212;&#8212;&#8212;&#8212;&#8212;&#8212;&#8212;&#8212;&#8212;&#8212;&#8212;&#8212;&#8212;&#8212;&#8212; Sprache:      DeutschUnternehmen:  ALLGEIER SE              Wehrlestra\u00dfe 12              81679 M\u00fcnchen              DeutschlandTelefon:      +49 (0) 89 &#8211; 99 84 21 0Fax:          +49 (0) 89 &#8211; 99 84 21 11E-Mail:       info@allgeier.comInternet:     http:\/\/www.allgeier.comISIN:         DE0005086300WKN:          508630Indizes:      CDAXB\u00f6rsen:       Regulierter Markt in Frankfurt (General Standard);              Freiverkehr in Berlin, D\u00fcsseldorf, Hamburg, Stuttgart Ende der Mitteilung                             DGAP News-Service &#8212;&#8212;&#8212;&#8212;&#8212;&#8212;&#8212;&#8212;&#8212;&#8212;&#8212;&#8212;&#8212;&#8212;&#8212;&#8212;&#8212;&#8212;&#8212;&#8212;&#8212;&#8212;&#8212;&#8212;&#8212;<\/p>\n","protected":false},"excerpt":{"rendered":"<p>M\u00fcnchen, 07.05.2015 &#8211; Allgeier SE (ISIN DE0005086300, WKN 508630) verst\u00e4rkt den Gesch\u00e4ftsbereich Allgeier Experts und einigt sich \u00fcber den Erwerb von 100 Prozent der Anteile an der networker Projektberatung GmbH mit Sitz in Kronberg im Taunus. Das Closing der Transaktion wird kurzfristig innerhalb der<\/p>\n","protected":false},"author":4,"featured_media":0,"parent":1155,"menu_order":0,"comment_status":"close","ping_status":"closed","template":"","meta":{"_acf_changed":false,"footnotes":""},"categories":[],"tags":[],"class_list":["post-5502","page","type-page","status-publish","hentry"],"acf":[],"yoast_head":"<!-- This site is optimized with the Yoast SEO plugin v27.4 - https:\/\/yoast.com\/product\/yoast-seo-wordpress\/ -->\n<title>Allgeier SE: IT-Projekt- und Personalexperte networker verst\u00e4rkt Allgeier Experts - Allgeier SE<\/title>\n<meta name=\"robots\" content=\"index, follow, max-snippet:-1, max-image-preview:large, max-video-preview:-1\" \/>\n<link rel=\"canonical\" href=\"https:\/\/www.allgeier.com\/de\/investor-relations\/adhoc-announcements\/allgeier-se-it-projekt-und-personalexperte-networker-verstaerkt-allgeier-experts\/\" \/>\n<meta property=\"og:locale\" content=\"de_DE\" \/>\n<meta property=\"og:type\" content=\"article\" \/>\n<meta property=\"og:title\" content=\"Allgeier SE: IT-Projekt- und Personalexperte networker verst\u00e4rkt Allgeier Experts - Allgeier SE\" \/>\n<meta property=\"og:description\" content=\"M\u00fcnchen, 07.05.2015 - Allgeier SE (ISIN DE0005086300, WKN 508630) verst\u00e4rkt den Gesch\u00e4ftsbereich Allgeier Experts und einigt sich \u00fcber den Erwerb von 100 Prozent der Anteile an der networker Projektberatung GmbH mit Sitz in Kronberg im Taunus. Das Closing der Transaktion wird kurzfristig innerhalb der\" \/>\n<meta property=\"og:url\" content=\"https:\/\/www.allgeier.com\/de\/investor-relations\/adhoc-announcements\/allgeier-se-it-projekt-und-personalexperte-networker-verstaerkt-allgeier-experts\/\" \/>\n<meta property=\"og:site_name\" content=\"Allgeier SE\" \/>\n<meta property=\"article:modified_time\" content=\"2023-01-22T17:10:03+00:00\" \/>\n<meta name=\"twitter:card\" content=\"summary_large_image\" \/>\n<meta name=\"twitter:label1\" content=\"Gesch\u00e4tzte Lesezeit\" \/>\n\t<meta name=\"twitter:data1\" content=\"3\u00a0Minuten\" \/>\n<script type=\"application\/ld+json\" class=\"yoast-schema-graph\">{\"@context\":\"https:\\\/\\\/schema.org\",\"@graph\":[{\"@type\":\"WebPage\",\"@id\":\"https:\\\/\\\/www.allgeier.com\\\/de\\\/investor-relations\\\/adhoc-announcements\\\/allgeier-se-it-projekt-und-personalexperte-networker-verstaerkt-allgeier-experts\\\/\",\"url\":\"https:\\\/\\\/www.allgeier.com\\\/de\\\/investor-relations\\\/adhoc-announcements\\\/allgeier-se-it-projekt-und-personalexperte-networker-verstaerkt-allgeier-experts\\\/\",\"name\":\"Allgeier SE: IT-Projekt- und Personalexperte networker verst\u00e4rkt Allgeier Experts - Allgeier SE\",\"isPartOf\":{\"@id\":\"https:\\\/\\\/www.allgeier.com\\\/de\\\/#website\"},\"datePublished\":\"2015-05-07T16:41:49+00:00\",\"dateModified\":\"2023-01-22T17:10:03+00:00\",\"breadcrumb\":{\"@id\":\"https:\\\/\\\/www.allgeier.com\\\/de\\\/investor-relations\\\/adhoc-announcements\\\/allgeier-se-it-projekt-und-personalexperte-networker-verstaerkt-allgeier-experts\\\/#breadcrumb\"},\"inLanguage\":\"de\",\"potentialAction\":[{\"@type\":\"ReadAction\",\"target\":[\"https:\\\/\\\/www.allgeier.com\\\/de\\\/investor-relations\\\/adhoc-announcements\\\/allgeier-se-it-projekt-und-personalexperte-networker-verstaerkt-allgeier-experts\\\/\"]}]},{\"@type\":\"BreadcrumbList\",\"@id\":\"https:\\\/\\\/www.allgeier.com\\\/de\\\/investor-relations\\\/adhoc-announcements\\\/allgeier-se-it-projekt-und-personalexperte-networker-verstaerkt-allgeier-experts\\\/#breadcrumb\",\"itemListElement\":[{\"@type\":\"ListItem\",\"position\":1,\"name\":\"Home\",\"item\":\"https:\\\/\\\/www.allgeier.com\\\/de\\\/\"},{\"@type\":\"ListItem\",\"position\":2,\"name\":\"Investor Relations\",\"item\":\"https:\\\/\\\/www.allgeier.com\\\/de\\\/investor-relations\\\/\"},{\"@type\":\"ListItem\",\"position\":3,\"name\":\"Ad hoc-Mitteilungen\",\"item\":\"https:\\\/\\\/www.allgeier.com\\\/de\\\/investor-relations\\\/adhoc-announcements\\\/\"},{\"@type\":\"ListItem\",\"position\":4,\"name\":\"Allgeier SE: IT-Projekt- und Personalexperte networker verst\u00e4rkt Allgeier Experts\"}]},{\"@type\":\"WebSite\",\"@id\":\"https:\\\/\\\/www.allgeier.com\\\/de\\\/#website\",\"url\":\"https:\\\/\\\/www.allgeier.com\\\/de\\\/\",\"name\":\"Allgeier SE\",\"description\":\"Software &amp; IT Services for digital transformation\",\"potentialAction\":[{\"@type\":\"SearchAction\",\"target\":{\"@type\":\"EntryPoint\",\"urlTemplate\":\"https:\\\/\\\/www.allgeier.com\\\/de\\\/?s={search_term_string}\"},\"query-input\":{\"@type\":\"PropertyValueSpecification\",\"valueRequired\":true,\"valueName\":\"search_term_string\"}}],\"inLanguage\":\"de\"}]}<\/script>\n<!-- \/ Yoast SEO plugin. -->","yoast_head_json":{"title":"Allgeier SE: IT-Projekt- und Personalexperte networker verst\u00e4rkt Allgeier Experts - Allgeier SE","robots":{"index":"index","follow":"follow","max-snippet":"max-snippet:-1","max-image-preview":"max-image-preview:large","max-video-preview":"max-video-preview:-1"},"canonical":"https:\/\/www.allgeier.com\/de\/investor-relations\/adhoc-announcements\/allgeier-se-it-projekt-und-personalexperte-networker-verstaerkt-allgeier-experts\/","og_locale":"de_DE","og_type":"article","og_title":"Allgeier SE: IT-Projekt- und Personalexperte networker verst\u00e4rkt Allgeier Experts - Allgeier SE","og_description":"M\u00fcnchen, 07.05.2015 - Allgeier SE (ISIN DE0005086300, WKN 508630) verst\u00e4rkt den Gesch\u00e4ftsbereich Allgeier Experts und einigt sich \u00fcber den Erwerb von 100 Prozent der Anteile an der networker Projektberatung GmbH mit Sitz in Kronberg im Taunus. Das Closing der Transaktion wird kurzfristig innerhalb der","og_url":"https:\/\/www.allgeier.com\/de\/investor-relations\/adhoc-announcements\/allgeier-se-it-projekt-und-personalexperte-networker-verstaerkt-allgeier-experts\/","og_site_name":"Allgeier SE","article_modified_time":"2023-01-22T17:10:03+00:00","twitter_card":"summary_large_image","twitter_misc":{"Gesch\u00e4tzte Lesezeit":"3\u00a0Minuten"},"schema":{"@context":"https:\/\/schema.org","@graph":[{"@type":"WebPage","@id":"https:\/\/www.allgeier.com\/de\/investor-relations\/adhoc-announcements\/allgeier-se-it-projekt-und-personalexperte-networker-verstaerkt-allgeier-experts\/","url":"https:\/\/www.allgeier.com\/de\/investor-relations\/adhoc-announcements\/allgeier-se-it-projekt-und-personalexperte-networker-verstaerkt-allgeier-experts\/","name":"Allgeier SE: IT-Projekt- und Personalexperte networker verst\u00e4rkt Allgeier Experts - Allgeier SE","isPartOf":{"@id":"https:\/\/www.allgeier.com\/de\/#website"},"datePublished":"2015-05-07T16:41:49+00:00","dateModified":"2023-01-22T17:10:03+00:00","breadcrumb":{"@id":"https:\/\/www.allgeier.com\/de\/investor-relations\/adhoc-announcements\/allgeier-se-it-projekt-und-personalexperte-networker-verstaerkt-allgeier-experts\/#breadcrumb"},"inLanguage":"de","potentialAction":[{"@type":"ReadAction","target":["https:\/\/www.allgeier.com\/de\/investor-relations\/adhoc-announcements\/allgeier-se-it-projekt-und-personalexperte-networker-verstaerkt-allgeier-experts\/"]}]},{"@type":"BreadcrumbList","@id":"https:\/\/www.allgeier.com\/de\/investor-relations\/adhoc-announcements\/allgeier-se-it-projekt-und-personalexperte-networker-verstaerkt-allgeier-experts\/#breadcrumb","itemListElement":[{"@type":"ListItem","position":1,"name":"Home","item":"https:\/\/www.allgeier.com\/de\/"},{"@type":"ListItem","position":2,"name":"Investor Relations","item":"https:\/\/www.allgeier.com\/de\/investor-relations\/"},{"@type":"ListItem","position":3,"name":"Ad hoc-Mitteilungen","item":"https:\/\/www.allgeier.com\/de\/investor-relations\/adhoc-announcements\/"},{"@type":"ListItem","position":4,"name":"Allgeier SE: IT-Projekt- und Personalexperte networker verst\u00e4rkt Allgeier Experts"}]},{"@type":"WebSite","@id":"https:\/\/www.allgeier.com\/de\/#website","url":"https:\/\/www.allgeier.com\/de\/","name":"Allgeier SE","description":"Software &amp; IT Services for digital transformation","potentialAction":[{"@type":"SearchAction","target":{"@type":"EntryPoint","urlTemplate":"https:\/\/www.allgeier.com\/de\/?s={search_term_string}"},"query-input":{"@type":"PropertyValueSpecification","valueRequired":true,"valueName":"search_term_string"}}],"inLanguage":"de"}]}},"_links":{"self":[{"href":"https:\/\/www.allgeier.com\/de\/wp-json\/wp\/v2\/pages\/5502","targetHints":{"allow":["GET"]}}],"collection":[{"href":"https:\/\/www.allgeier.com\/de\/wp-json\/wp\/v2\/pages"}],"about":[{"href":"https:\/\/www.allgeier.com\/de\/wp-json\/wp\/v2\/types\/page"}],"author":[{"embeddable":true,"href":"https:\/\/www.allgeier.com\/de\/wp-json\/wp\/v2\/users\/4"}],"replies":[{"embeddable":true,"href":"https:\/\/www.allgeier.com\/de\/wp-json\/wp\/v2\/comments?post=5502"}],"version-history":[{"count":1,"href":"https:\/\/www.allgeier.com\/de\/wp-json\/wp\/v2\/pages\/5502\/revisions"}],"predecessor-version":[{"id":5503,"href":"https:\/\/www.allgeier.com\/de\/wp-json\/wp\/v2\/pages\/5502\/revisions\/5503"}],"up":[{"embeddable":true,"href":"https:\/\/www.allgeier.com\/de\/wp-json\/wp\/v2\/pages\/1155"}],"wp:attachment":[{"href":"https:\/\/www.allgeier.com\/de\/wp-json\/wp\/v2\/media?parent=5502"}],"wp:term":[{"taxonomy":"category","embeddable":true,"href":"https:\/\/www.allgeier.com\/de\/wp-json\/wp\/v2\/categories?post=5502"},{"taxonomy":"post_tag","embeddable":true,"href":"https:\/\/www.allgeier.com\/de\/wp-json\/wp\/v2\/tags?post=5502"}],"curies":[{"name":"wp","href":"https:\/\/api.w.org\/{rel}","templated":true}]}}