{"id":5504,"date":"2015-05-04T17:30:15","date_gmt":"2015-05-04T17:30:15","guid":{"rendered":"https:\/\/www.allgeier.com\/de\/?page_id=5504"},"modified":"2023-01-22T17:10:03","modified_gmt":"2023-01-22T17:10:03","slug":"allgeier-se-ad-hoc-berichtigung-nach-%c2%a7-15-wphg","status":"publish","type":"page","link":"https:\/\/www.allgeier.com\/de\/investor-relations\/adhoc-announcements\/allgeier-se-ad-hoc-berichtigung-nach-%c2%a7-15-wphg\/","title":{"rendered":"ALLGEIER SE: Ad-hoc-Berichtigung nach \u00a7 15 WpHG"},"content":{"rendered":"<p><b>ALLGEIER SE  \/ Schlagwort(e): Quartalsergebnis<\/b>04.05.2015 19:30Ver\u00f6ffentlichung einer Ad-hoc-Berichtigung nach \u00a7 15 WpHG, \u00fcbermitteltdurch DGAP &#8211; ein Service der EQS Group AG.F\u00fcr den Inhalt der Mitteilung ist der Emittent verantwortlich.&#8212;&#8212;&#8212;&#8212;&#8212;&#8212;&#8212;&#8212;&#8212;&#8212;&#8212;&#8212;&#8212;&#8212;&#8212;&#8212;&#8212;&#8212;&#8212;&#8212;&#8212;&#8212;&#8212;&#8212;&#8212;M\u00fcnchen, 04.05.2015 &#8211; Die Allgeier SE (ISIN DE0005086300, WKN 508630) hatin der heutigen Ad-hoc-Mitteilung (18:18 Uhr) das Datum der Meldung mit05.04.2015 angegeben. Dieses Datum ist leider Zahl falsch; das richtigeDatum lautet 04.05.2015.Kontakt:Allgeier SECorporate Communications &amp; Investor RelationsDr. Christopher Gro\u00dfeWehrlestra\u00dfe 1281679 M\u00fcnchenTel.: +49 (0)89\/998421-0Fax: +49 (0)89\/998421-11E-Mail: ir@allgeier.comWeb: www.allgeier.comAllgeier SE ist eines der f\u00fchrenden IT-Unternehmen f\u00fcr BusinessPerformance: Mit einer auf Innovationen und Zukunftstrends ausgerichtetenWachstumsstrategie sowie einem integrativen unternehmerischen Modellverbindet Allgeier die Vorteile eines internationalen Anbieters mit denTugenden mittelst\u00e4ndischer Unternehmer. Operative Gesch\u00e4ftsbereiche mitindividuellen fachlichen oder branchenbezogenen Schwerpunkten arbeitengemeinsam f\u00fcr \u00fcber 3.000 Kunden aus nahezu allen Branchen. Mit \u00fcber 5.300angestellten Mitarbeitern und mehr als 1.200 freiberuflichen Expertenbietet Allgeier den Kunden als One-Stop-Shop ein umfassendes L\u00f6sungs- undLeistungsportfolio. Allgeier bildet mit einem hochflexiblen Delivery-Modelldas komplette IT-Leistungsspektrum von Onsite \u00fcber Nearshore bis hin zuOffshore ab: Mit einem starken Standbein in Indien werden Flexibilit\u00e4t undh\u00f6chste Skalierbarkeit der Leistungen sowie hochqualifiziertesExpertenwissen in der High-End-Softwareentwicklung sichergestellt. Zu denKunden von Allgeier z\u00e4hlen global arbeitende Konzerne genauso wieinnovative mittelst\u00e4ndische Betriebe, die sich durch leistungsstarkeIT-L\u00f6sungen, intelligente Software und flexible Personaldienstleistungenstrategische Vorteile sichern wollen. Die stark wachsende Gruppe mitHauptsitz in M\u00fcnchen verf\u00fcgt \u00fcber 100 Niederlassungen im deutschsprachigenRaum, im \u00fcbrigen Europa sowie in Indien, Singapur, Mexiko und den USA. 2014erzielte Allgeier einen Umsatz von 428 Mio. Euro (fortgef\u00fchrtes Gesch\u00e4ft).Allgeier SE belegt in der L\u00fcnendonk(R)-Liste 2014 &#8222;F\u00fchrende deutschemittelst\u00e4ndische IT-Beratungs- und Systemintegrations-Unternehmen&#8220; denersten Platz. Allgeier Experts ist nach L\u00fcnendonk(R)-Marktsegmentstudie2014 &#8222;Der Markt f\u00fcr Rekrutierung, Vermittlung und Steuerung vonIT-Freelancern in Deutschland&#8220; unter den TOP 3 IT-Personaldienstleistern inDeutschland. Die Gesellschaft ist am Regulierten Markt der FrankfurterWertpapierb\u00f6rse im General Standard gelistet (WKN 508630, ISINDE0005086300). Weitere Informationen unter: www.allgeier.com.04.05.2015 Die DGAP Distributionsservices umfassen gesetzliche Meldepflichten, Corporate News\/Finanznachrichten und Pressemitteilungen. DGAP-Medienarchive unter www.dgap-medientreff.de und www.dgap.de&#8212;&#8212;&#8212;&#8212;&#8212;&#8212;&#8212;&#8212;&#8212;&#8212;&#8212;&#8212;&#8212;&#8212;&#8212;&#8212;&#8212;&#8212;&#8212;&#8212;&#8212;&#8212;&#8212;&#8212;&#8212; Sprache:      DeutschUnternehmen:  ALLGEIER SE              Wehrlestra\u00dfe 12              81679 M\u00fcnchen              DeutschlandTelefon:      +49 (0) 89 &#8211; 99 84 21 0Fax:          +49 (0) 89 &#8211; 99 84 21 11E-Mail:       info@allgeier.comInternet:     http:\/\/www.allgeier.comISIN:         DE0005086300WKN:          508630Indizes:      CDAXB\u00f6rsen:       Regulierter Markt in Frankfurt (General Standard);              Freiverkehr in Berlin, D\u00fcsseldorf, Hamburg, Stuttgart Ende der Mitteilung                             DGAP News-Service &#8212;&#8212;&#8212;&#8212;&#8212;&#8212;&#8212;&#8212;&#8212;&#8212;&#8212;&#8212;&#8212;&#8212;&#8212;&#8212;&#8212;&#8212;&#8212;&#8212;&#8212;&#8212;&#8212;&#8212;&#8212;<\/p>\n","protected":false},"excerpt":{"rendered":"<p>M\u00fcnchen, 04.05.2015 &#8211; Die Allgeier SE (ISIN DE0005086300, WKN 508630) hat in der heutigen Ad-hoc-Mitteilung (18:18 Uhr) das Datum der Meldung mit 05.04.2015 angegeben. Dieses Datum ist leider Zahl falsch; das richtige Datum lautet 04.05.2015. Kontakt: Allgeier SE Corporate Communications &#038; Investor<\/p>\n","protected":false},"author":4,"featured_media":0,"parent":1155,"menu_order":0,"comment_status":"close","ping_status":"closed","template":"","meta":{"_acf_changed":false,"footnotes":""},"categories":[],"tags":[],"class_list":["post-5504","page","type-page","status-publish","hentry"],"acf":[],"yoast_head":"<!-- This site is optimized with the Yoast SEO plugin v27.4 - https:\/\/yoast.com\/product\/yoast-seo-wordpress\/ -->\n<title>ALLGEIER SE: Ad-hoc-Berichtigung nach \u00a7 15 WpHG - Allgeier SE<\/title>\n<meta name=\"robots\" content=\"index, follow, max-snippet:-1, max-image-preview:large, max-video-preview:-1\" \/>\n<link rel=\"canonical\" href=\"https:\/\/www.allgeier.com\/de\/investor-relations\/adhoc-announcements\/allgeier-se-ad-hoc-berichtigung-nach-\u00a7-15-wphg\/\" \/>\n<meta property=\"og:locale\" content=\"de_DE\" \/>\n<meta property=\"og:type\" content=\"article\" \/>\n<meta property=\"og:title\" content=\"ALLGEIER SE: Ad-hoc-Berichtigung nach \u00a7 15 WpHG - Allgeier SE\" \/>\n<meta property=\"og:description\" content=\"M\u00fcnchen, 04.05.2015 - Die Allgeier SE (ISIN DE0005086300, WKN 508630) hat in der heutigen Ad-hoc-Mitteilung (18:18 Uhr) das Datum der Meldung mit 05.04.2015 angegeben. Dieses Datum ist leider Zahl falsch; das richtige Datum lautet 04.05.2015. Kontakt: Allgeier SE Corporate Communications &amp; Investor\" \/>\n<meta property=\"og:url\" content=\"https:\/\/www.allgeier.com\/de\/investor-relations\/adhoc-announcements\/allgeier-se-ad-hoc-berichtigung-nach-\u00a7-15-wphg\/\" \/>\n<meta property=\"og:site_name\" content=\"Allgeier SE\" \/>\n<meta property=\"article:modified_time\" content=\"2023-01-22T17:10:03+00:00\" \/>\n<meta name=\"twitter:card\" content=\"summary_large_image\" \/>\n<meta name=\"twitter:label1\" content=\"Gesch\u00e4tzte Lesezeit\" \/>\n\t<meta name=\"twitter:data1\" content=\"2\u00a0Minuten\" \/>\n<script type=\"application\/ld+json\" class=\"yoast-schema-graph\">{\"@context\":\"https:\\\/\\\/schema.org\",\"@graph\":[{\"@type\":\"WebPage\",\"@id\":\"https:\\\/\\\/www.allgeier.com\\\/de\\\/investor-relations\\\/adhoc-announcements\\\/allgeier-se-ad-hoc-berichtigung-nach-%c2%a7-15-wphg\\\/\",\"url\":\"https:\\\/\\\/www.allgeier.com\\\/de\\\/investor-relations\\\/adhoc-announcements\\\/allgeier-se-ad-hoc-berichtigung-nach-%c2%a7-15-wphg\\\/\",\"name\":\"ALLGEIER SE: Ad-hoc-Berichtigung nach \u00a7 15 WpHG - Allgeier SE\",\"isPartOf\":{\"@id\":\"https:\\\/\\\/www.allgeier.com\\\/de\\\/#website\"},\"datePublished\":\"2015-05-04T17:30:15+00:00\",\"dateModified\":\"2023-01-22T17:10:03+00:00\",\"breadcrumb\":{\"@id\":\"https:\\\/\\\/www.allgeier.com\\\/de\\\/investor-relations\\\/adhoc-announcements\\\/allgeier-se-ad-hoc-berichtigung-nach-%c2%a7-15-wphg\\\/#breadcrumb\"},\"inLanguage\":\"de\",\"potentialAction\":[{\"@type\":\"ReadAction\",\"target\":[\"https:\\\/\\\/www.allgeier.com\\\/de\\\/investor-relations\\\/adhoc-announcements\\\/allgeier-se-ad-hoc-berichtigung-nach-%c2%a7-15-wphg\\\/\"]}]},{\"@type\":\"BreadcrumbList\",\"@id\":\"https:\\\/\\\/www.allgeier.com\\\/de\\\/investor-relations\\\/adhoc-announcements\\\/allgeier-se-ad-hoc-berichtigung-nach-%c2%a7-15-wphg\\\/#breadcrumb\",\"itemListElement\":[{\"@type\":\"ListItem\",\"position\":1,\"name\":\"Home\",\"item\":\"https:\\\/\\\/www.allgeier.com\\\/de\\\/\"},{\"@type\":\"ListItem\",\"position\":2,\"name\":\"Investor Relations\",\"item\":\"https:\\\/\\\/www.allgeier.com\\\/de\\\/investor-relations\\\/\"},{\"@type\":\"ListItem\",\"position\":3,\"name\":\"Ad hoc-Mitteilungen\",\"item\":\"https:\\\/\\\/www.allgeier.com\\\/de\\\/investor-relations\\\/adhoc-announcements\\\/\"},{\"@type\":\"ListItem\",\"position\":4,\"name\":\"ALLGEIER SE: Ad-hoc-Berichtigung nach \u00a7 15 WpHG\"}]},{\"@type\":\"WebSite\",\"@id\":\"https:\\\/\\\/www.allgeier.com\\\/de\\\/#website\",\"url\":\"https:\\\/\\\/www.allgeier.com\\\/de\\\/\",\"name\":\"Allgeier SE\",\"description\":\"Software &amp; IT Services for digital transformation\",\"potentialAction\":[{\"@type\":\"SearchAction\",\"target\":{\"@type\":\"EntryPoint\",\"urlTemplate\":\"https:\\\/\\\/www.allgeier.com\\\/de\\\/?s={search_term_string}\"},\"query-input\":{\"@type\":\"PropertyValueSpecification\",\"valueRequired\":true,\"valueName\":\"search_term_string\"}}],\"inLanguage\":\"de\"}]}<\/script>\n<!-- \/ Yoast SEO plugin. -->","yoast_head_json":{"title":"ALLGEIER SE: Ad-hoc-Berichtigung nach \u00a7 15 WpHG - Allgeier SE","robots":{"index":"index","follow":"follow","max-snippet":"max-snippet:-1","max-image-preview":"max-image-preview:large","max-video-preview":"max-video-preview:-1"},"canonical":"https:\/\/www.allgeier.com\/de\/investor-relations\/adhoc-announcements\/allgeier-se-ad-hoc-berichtigung-nach-\u00a7-15-wphg\/","og_locale":"de_DE","og_type":"article","og_title":"ALLGEIER SE: Ad-hoc-Berichtigung nach \u00a7 15 WpHG - Allgeier SE","og_description":"M\u00fcnchen, 04.05.2015 - Die Allgeier SE (ISIN DE0005086300, WKN 508630) hat in der heutigen Ad-hoc-Mitteilung (18:18 Uhr) das Datum der Meldung mit 05.04.2015 angegeben. Dieses Datum ist leider Zahl falsch; das richtige Datum lautet 04.05.2015. Kontakt: Allgeier SE Corporate Communications & Investor","og_url":"https:\/\/www.allgeier.com\/de\/investor-relations\/adhoc-announcements\/allgeier-se-ad-hoc-berichtigung-nach-\u00a7-15-wphg\/","og_site_name":"Allgeier SE","article_modified_time":"2023-01-22T17:10:03+00:00","twitter_card":"summary_large_image","twitter_misc":{"Gesch\u00e4tzte Lesezeit":"2\u00a0Minuten"},"schema":{"@context":"https:\/\/schema.org","@graph":[{"@type":"WebPage","@id":"https:\/\/www.allgeier.com\/de\/investor-relations\/adhoc-announcements\/allgeier-se-ad-hoc-berichtigung-nach-%c2%a7-15-wphg\/","url":"https:\/\/www.allgeier.com\/de\/investor-relations\/adhoc-announcements\/allgeier-se-ad-hoc-berichtigung-nach-%c2%a7-15-wphg\/","name":"ALLGEIER SE: Ad-hoc-Berichtigung nach \u00a7 15 WpHG - Allgeier SE","isPartOf":{"@id":"https:\/\/www.allgeier.com\/de\/#website"},"datePublished":"2015-05-04T17:30:15+00:00","dateModified":"2023-01-22T17:10:03+00:00","breadcrumb":{"@id":"https:\/\/www.allgeier.com\/de\/investor-relations\/adhoc-announcements\/allgeier-se-ad-hoc-berichtigung-nach-%c2%a7-15-wphg\/#breadcrumb"},"inLanguage":"de","potentialAction":[{"@type":"ReadAction","target":["https:\/\/www.allgeier.com\/de\/investor-relations\/adhoc-announcements\/allgeier-se-ad-hoc-berichtigung-nach-%c2%a7-15-wphg\/"]}]},{"@type":"BreadcrumbList","@id":"https:\/\/www.allgeier.com\/de\/investor-relations\/adhoc-announcements\/allgeier-se-ad-hoc-berichtigung-nach-%c2%a7-15-wphg\/#breadcrumb","itemListElement":[{"@type":"ListItem","position":1,"name":"Home","item":"https:\/\/www.allgeier.com\/de\/"},{"@type":"ListItem","position":2,"name":"Investor Relations","item":"https:\/\/www.allgeier.com\/de\/investor-relations\/"},{"@type":"ListItem","position":3,"name":"Ad hoc-Mitteilungen","item":"https:\/\/www.allgeier.com\/de\/investor-relations\/adhoc-announcements\/"},{"@type":"ListItem","position":4,"name":"ALLGEIER SE: Ad-hoc-Berichtigung nach \u00a7 15 WpHG"}]},{"@type":"WebSite","@id":"https:\/\/www.allgeier.com\/de\/#website","url":"https:\/\/www.allgeier.com\/de\/","name":"Allgeier SE","description":"Software &amp; IT Services for digital transformation","potentialAction":[{"@type":"SearchAction","target":{"@type":"EntryPoint","urlTemplate":"https:\/\/www.allgeier.com\/de\/?s={search_term_string}"},"query-input":{"@type":"PropertyValueSpecification","valueRequired":true,"valueName":"search_term_string"}}],"inLanguage":"de"}]}},"_links":{"self":[{"href":"https:\/\/www.allgeier.com\/de\/wp-json\/wp\/v2\/pages\/5504","targetHints":{"allow":["GET"]}}],"collection":[{"href":"https:\/\/www.allgeier.com\/de\/wp-json\/wp\/v2\/pages"}],"about":[{"href":"https:\/\/www.allgeier.com\/de\/wp-json\/wp\/v2\/types\/page"}],"author":[{"embeddable":true,"href":"https:\/\/www.allgeier.com\/de\/wp-json\/wp\/v2\/users\/4"}],"replies":[{"embeddable":true,"href":"https:\/\/www.allgeier.com\/de\/wp-json\/wp\/v2\/comments?post=5504"}],"version-history":[{"count":1,"href":"https:\/\/www.allgeier.com\/de\/wp-json\/wp\/v2\/pages\/5504\/revisions"}],"predecessor-version":[{"id":5505,"href":"https:\/\/www.allgeier.com\/de\/wp-json\/wp\/v2\/pages\/5504\/revisions\/5505"}],"up":[{"embeddable":true,"href":"https:\/\/www.allgeier.com\/de\/wp-json\/wp\/v2\/pages\/1155"}],"wp:attachment":[{"href":"https:\/\/www.allgeier.com\/de\/wp-json\/wp\/v2\/media?parent=5504"}],"wp:term":[{"taxonomy":"category","embeddable":true,"href":"https:\/\/www.allgeier.com\/de\/wp-json\/wp\/v2\/categories?post=5504"},{"taxonomy":"post_tag","embeddable":true,"href":"https:\/\/www.allgeier.com\/de\/wp-json\/wp\/v2\/tags?post=5504"}],"curies":[{"name":"wp","href":"https:\/\/api.w.org\/{rel}","templated":true}]}}