{"id":5514,"date":"2014-11-06T09:52:40","date_gmt":"2014-11-06T10:52:40","guid":{"rendered":"https:\/\/www.allgeier.com\/de\/?page_id=5514"},"modified":"2023-01-22T17:10:04","modified_gmt":"2023-01-22T17:10:04","slug":"allgeier-se-allgeier-meldet-neun-monats-zahlen","status":"publish","type":"page","link":"https:\/\/www.allgeier.com\/de\/investor-relations\/adhoc-announcements\/allgeier-se-allgeier-meldet-neun-monats-zahlen\/","title":{"rendered":"Allgeier SE: Allgeier meldet Neun-Monats-Zahlen"},"content":{"rendered":"<p><b>ALLGEIER SE  \/ Schlagwort(e): 9-Monatszahlen<\/b>06.11.2014 11:52Ver\u00f6ffentlichung einer Ad-hoc-Mitteilung nach \u00a7 15 WpHG, \u00fcbermittelt durchDGAP &#8211; ein Service der EQS Group AG.F\u00fcr den Inhalt der Mitteilung ist der Emittent verantwortlich.&#8212;&#8212;&#8212;&#8212;&#8212;&#8212;&#8212;&#8212;&#8212;&#8212;&#8212;&#8212;&#8212;&#8212;&#8212;&#8212;&#8212;&#8212;&#8212;&#8212;&#8212;&#8212;&#8212;&#8212;&#8212;M\u00fcnchen, 06.11.2014 &#8211; Allgeier SE (ISIN DE0005086300, WKN 508630) konnteaufgrund der Umsatzentwicklung im dritten Quartal nach einem stagnierendenersten Halbjahr in den ersten neun Monaten des Gesch\u00e4ftsjahres 2014 (01.Januar 2014 &#8211; 30. September 2014) gem\u00e4\u00df vorl\u00e4ufiger Zahlen die Umsatzerl\u00f6seleicht steigern. Dagegen lag das vorl\u00e4ufige EBITDA noch hinter demVorjahreszeitraum zur\u00fcck. Die Zahlen per 30. September 2014 sind durch eineerneute \u00c4nderung des Konsolidierungskreises beeinflusst: Allgeier hat am30. Oktober 2014 mit dem Bereich Allgeier Benelux (Allgeier N.V., Belgien,Allgeier Computer BV, Niederlande, Allgeier S.A., Luxemburg, Allgeier Ltd.,Zypern und ALLGEIER L\u0130M\u0130TED, T\u00fcrkei) einen weiteren Gesch\u00e4ftsteil ver\u00e4u\u00dfertund zeigt diesen in den Neun-Monats-Zahlen innerhalb des aufgegebenenGesch\u00e4fts.Der vorl\u00e4ufige Konzernumsatz des fortgef\u00fchrten Gesch\u00e4fts ist in den erstendrei Quartalen 2014 gegen\u00fcber den ersten neun Monaten des Jahres 2013 mit309,5 Mio. Euro leicht gestiegen (Fortgef\u00fchrtes Gesch\u00e4ft Vorjahr: 303,9Mio. Euro). Das vorl\u00e4ufige EBITDA des fortgef\u00fchrten Gesch\u00e4fts lag mit 19,3Mio. Euro unter dem Vergleichszeitraum des Vorjahres (Fortgef\u00fchrtesGesch\u00e4ft Vorjahr: 21,3 Mio. Euro). Das vorl\u00e4ufige EBIT (Ergebnis vor Zinsenund Steuern) des fortgef\u00fchrten Gesch\u00e4fts lag bei 10,2 Mio. Euro(Fortgef\u00fchrtes Gesch\u00e4ft Vorjahr: 13,1 Mio. Euro). Das entsprechendevorl\u00e4ufige EBT (Ergebnis vor Steuern) lag bei 8,1 Mio. Euro (Fortgef\u00fchrtesGesch\u00e4ft Vorjahr: 9,7 Mio. Euro). Nach Abzug eines Steueraufwands von 3,1Mio. Euro (Fortgef\u00fchrtes Gesch\u00e4ft Vorjahr: 3,2 Mio. Euro) erreichteAllgeier in den ersten neun Monaten 2014 ein vorl\u00e4ufiges Periodenergebnisdes fortgef\u00fchrten Gesch\u00e4fts von 5,1 Mio. Euro (Fortgef\u00fchrtes Gesch\u00e4ftVorjahr: 6,5 Mio. Euro). Der Gesamtkonzern verzeichnete aufgrund desErgebnisses aus der vor dem Stichtag 30. September 2014 erfolgtenVer\u00e4u\u00dferung insgesamt ein gegen\u00fcber dem Vorjahr gestiegenes vorl\u00e4ufigesPeriodenergebnis von 6,0 Mio. Euro (Vorjahr: 5,3 Mio. Euro).Die vollst\u00e4ndige Endkonsolidierung des in den Neun-Monats-Zahlen alsaufgegebenes Gesch\u00e4ft gezeigten Gesch\u00e4ftsbereichs wird voraussichtlich per31. Oktober 2014 erfolgen.Im dritten Quartal 2014 (01. Juli 2014 &#8211; 30. September 2014) konnten dieKonzerngesellschaften der Allgeier SE ihren vorl\u00e4ufigen Umsatz imfortgef\u00fchrten Gesch\u00e4ft auf 109,6 Mio. Euro steigern (Fortgef\u00fchrtes Gesch\u00e4ftVorjahr: 103,8 Mio. Euro). Das vorl\u00e4ufige EBITDA des fortgef\u00fchrtenGesch\u00e4fts lag bei 8,1 Mio. Euro (Fortgef\u00fchrtes Gesch\u00e4ft Vorjahr: 8,8 Mio.Euro). Entsprechend lag das vorl\u00e4ufige EBIT des fortgef\u00fchrten Gesch\u00e4fts bei4,9 Mio. Euro (Fortgef\u00fchrtes Gesch\u00e4ft Vorjahr: 6,2 Mio. Euro).Die Bilanzsumme reduzierte sich gem\u00e4\u00df vorl\u00e4ufiger Zahlen in den ersten neunMonaten 2014 mit 282,3 Mio. Euro am 30. September 2014 gegen\u00fcber demJahresende 2013 leicht (31. Dezember 2013: 289,3 Mio. Euro). Der R\u00fcckgangder Bilanzsumme ist im Vergleich zum 31. Dezember 2013 im Wesentlichen aufsaisonale und stichtagsbedingte Schwankungen des Working Capital, dieZahlung der Dividende auf das Ergebnis des Gesch\u00e4ftsjahres 2013 an dieAktion\u00e4re der Allgeier SE im zweiten Quartal sowie auf im erstenDreivierteljahr 2014 erfolgte Auszahlungen im Rahmen derAkquisitionst\u00e4tigkeit zur\u00fcckzuf\u00fchren.Der Allgeier Konzern verf\u00fcgt zum Bilanzstichtag \u00fcber vorl\u00e4ufige liquideMittel in H\u00f6he von 33,7 Mio. Euro (31. Dezember 2013: 50,3 Mio. Euro). Dievorl\u00e4ufigen kurz- und langfristigen Finanzschulden haben sich zum 30.September 2014 auf 81,6 Mio. Euro erh\u00f6ht (31. Dezember 2013: 75,5 Mio.Euro). Das vorl\u00e4ufige Konzerneigenkapital stieg zum Ende des drittenQuartals 2014 auf 101,3 Mio. Euro (31. Dezember 2013: 94,7 Mio. Euro).Alle genannten IFRS-Zahlen sind vorl\u00e4ufig. Die Zwischenmitteilung zum 30.September 2014 der Allgeier SE wird am 14. November 2014 ver\u00f6ffentlicht undist dann unter www.allgeier.com einzusehen.Kontakt:Allgeier SECorporate Communications &amp; Investor RelationsDr. Christopher Gro\u00dfeWehrlestra\u00dfe 1281679 M\u00fcnchenTel.: +49 (0)89\/998421-0Fax: +49 (0)89\/998421-11E-Mail: ir@allgeier.comWeb: www.allgeier.comAllgeier SE ist eines der f\u00fchrenden IT-Unternehmen f\u00fcr BusinessPerformance: Mit einer auf Innovationen und Zukunftstrends ausgerichtetenWachstumsstrategie sowie einem integrativen unternehmerischen Modellverbindet Allgeier die Vorteile eines internationalen Anbieters mit denTugenden mittelst\u00e4ndischer Unternehmer. Operative Divisionen mitindividuellen fachlichen oder branchenbezogenen Schwerpunkten arbeitengemeinsam f\u00fcr \u00fcber 2.000 Kunden aus nahezu allen Branchen. Mit \u00fcber 5.000angestellten Mitarbeitern und mehr als 1.200 freiberuflichen Expertenbietet Allgeier den Kunden als One-Stop-Shop ein umfassendes L\u00f6sungs- undLeistungsportfolio. Zu den Kunden von Allgeier z\u00e4hlen global arbeitendeKonzerne genauso wie innovative mittelst\u00e4ndische Betriebe, die sich durchleistungsstarke IT-L\u00f6sungen, intelligente Software und flexiblePersonaldienstleistungen strategische Vorteile sichern wollen. Die starkwachsende Gruppe mit Hauptsitz in M\u00fcnchen verf\u00fcgt \u00fcber mehr als 90Niederlassungen im deutschsprachigen Raum, im \u00fcbrigen Europa sowie inIndien, Mexiko und den USA. 2013 erzielte Allgeier einen Umsatz von 478Mio. Euro. Allgeier SE belegt in der L\u00fcnendonk(R)-Liste 2014 &#8222;F\u00fchrendedeutsche mittelst\u00e4ndische IT-Beratungs- und Systemintegrations-Unternehmen&#8220;den ersten Platz. Die Division Allgeier Experts ist nachL\u00fcnendonk(R)-Marktsegmentstudie 2014 &#8222;Der Markt f\u00fcr Rekrutierung,Vermittlung und Steuerung von IT-Freelancern in Deutschland&#8220; unter den TOP3 IT-Personaldienstleistern in Deutschland. Die Gesellschaft ist amRegulierten Markt der Frankfurter Wertpapierb\u00f6rse im General Standardgelistet (WKN 508630, ISIN DE0005086300). Weitere Informationen unter:www.allgeier.com.06.11.2014 Die DGAP Distributionsservices umfassen gesetzliche Meldepflichten, Corporate News\/Finanznachrichten und Pressemitteilungen. DGAP-Medienarchive unter www.dgap-medientreff.de und www.dgap.de&#8212;&#8212;&#8212;&#8212;&#8212;&#8212;&#8212;&#8212;&#8212;&#8212;&#8212;&#8212;&#8212;&#8212;&#8212;&#8212;&#8212;&#8212;&#8212;&#8212;&#8212;&#8212;&#8212;&#8212;&#8212; Sprache:      DeutschUnternehmen:  ALLGEIER SE              Wehrlestra\u00dfe 12              81679 M\u00fcnchen              DeutschlandTelefon:      +49 (0) 89 &#8211; 99 84 21 0Fax:          +49 (0) 89 &#8211; 99 84 21 11E-Mail:       info@allgeier.comInternet:     http:\/\/www.allgeier.comISIN:         DE0005086300WKN:          508630Indizes:      CDAXB\u00f6rsen:       Regulierter Markt in Frankfurt (General Standard);              Freiverkehr in Berlin, D\u00fcsseldorf, Hamburg, Stuttgart Ende der Mitteilung                             DGAP News-Service &#8212;&#8212;&#8212;&#8212;&#8212;&#8212;&#8212;&#8212;&#8212;&#8212;&#8212;&#8212;&#8212;&#8212;&#8212;&#8212;&#8212;&#8212;&#8212;&#8212;&#8212;&#8212;&#8212;&#8212;&#8212;<\/p>\n","protected":false},"excerpt":{"rendered":"<p>M\u00fcnchen, 06.11.2014 &#8211; Allgeier SE (ISIN DE0005086300, WKN 508630) konnte aufgrund der Umsatzentwicklung im dritten Quartal nach einem stagnierenden ersten Halbjahr in den ersten neun Monaten des Gesch\u00e4ftsjahres 2014 (01. Januar 2014 &#8211; 30. September 2014) gem\u00e4\u00df vorl\u00e4ufiger Zahlen die Umsatzerl\u00f6se leicht<\/p>\n","protected":false},"author":4,"featured_media":0,"parent":1155,"menu_order":0,"comment_status":"close","ping_status":"closed","template":"","meta":{"_acf_changed":false,"footnotes":""},"categories":[],"tags":[],"class_list":["post-5514","page","type-page","status-publish","hentry"],"acf":[],"yoast_head":"<!-- This site is optimized with the Yoast SEO plugin v27.4 - https:\/\/yoast.com\/product\/yoast-seo-wordpress\/ -->\n<title>Allgeier SE: Allgeier meldet Neun-Monats-Zahlen - Allgeier SE<\/title>\n<meta name=\"robots\" content=\"index, follow, max-snippet:-1, max-image-preview:large, max-video-preview:-1\" \/>\n<link rel=\"canonical\" href=\"https:\/\/www.allgeier.com\/de\/investor-relations\/adhoc-announcements\/allgeier-se-allgeier-meldet-neun-monats-zahlen\/\" \/>\n<meta property=\"og:locale\" content=\"de_DE\" \/>\n<meta property=\"og:type\" content=\"article\" \/>\n<meta property=\"og:title\" content=\"Allgeier SE: Allgeier meldet Neun-Monats-Zahlen - Allgeier SE\" \/>\n<meta property=\"og:description\" content=\"M\u00fcnchen, 06.11.2014 - Allgeier SE (ISIN DE0005086300, WKN 508630) konnte aufgrund der Umsatzentwicklung im dritten Quartal nach einem stagnierenden ersten Halbjahr in den ersten neun Monaten des Gesch\u00e4ftsjahres 2014 (01. Januar 2014 - 30. September 2014) gem\u00e4\u00df vorl\u00e4ufiger Zahlen die Umsatzerl\u00f6se leicht\" \/>\n<meta property=\"og:url\" content=\"https:\/\/www.allgeier.com\/de\/investor-relations\/adhoc-announcements\/allgeier-se-allgeier-meldet-neun-monats-zahlen\/\" \/>\n<meta property=\"og:site_name\" content=\"Allgeier SE\" \/>\n<meta property=\"article:modified_time\" content=\"2023-01-22T17:10:04+00:00\" \/>\n<meta name=\"twitter:card\" content=\"summary_large_image\" \/>\n<meta name=\"twitter:label1\" content=\"Gesch\u00e4tzte Lesezeit\" \/>\n\t<meta name=\"twitter:data1\" content=\"4\u00a0Minuten\" \/>\n<script type=\"application\/ld+json\" class=\"yoast-schema-graph\">{\"@context\":\"https:\\\/\\\/schema.org\",\"@graph\":[{\"@type\":\"WebPage\",\"@id\":\"https:\\\/\\\/www.allgeier.com\\\/de\\\/investor-relations\\\/adhoc-announcements\\\/allgeier-se-allgeier-meldet-neun-monats-zahlen\\\/\",\"url\":\"https:\\\/\\\/www.allgeier.com\\\/de\\\/investor-relations\\\/adhoc-announcements\\\/allgeier-se-allgeier-meldet-neun-monats-zahlen\\\/\",\"name\":\"Allgeier SE: Allgeier meldet Neun-Monats-Zahlen - Allgeier SE\",\"isPartOf\":{\"@id\":\"https:\\\/\\\/www.allgeier.com\\\/de\\\/#website\"},\"datePublished\":\"2014-11-06T10:52:40+00:00\",\"dateModified\":\"2023-01-22T17:10:04+00:00\",\"breadcrumb\":{\"@id\":\"https:\\\/\\\/www.allgeier.com\\\/de\\\/investor-relations\\\/adhoc-announcements\\\/allgeier-se-allgeier-meldet-neun-monats-zahlen\\\/#breadcrumb\"},\"inLanguage\":\"de\",\"potentialAction\":[{\"@type\":\"ReadAction\",\"target\":[\"https:\\\/\\\/www.allgeier.com\\\/de\\\/investor-relations\\\/adhoc-announcements\\\/allgeier-se-allgeier-meldet-neun-monats-zahlen\\\/\"]}]},{\"@type\":\"BreadcrumbList\",\"@id\":\"https:\\\/\\\/www.allgeier.com\\\/de\\\/investor-relations\\\/adhoc-announcements\\\/allgeier-se-allgeier-meldet-neun-monats-zahlen\\\/#breadcrumb\",\"itemListElement\":[{\"@type\":\"ListItem\",\"position\":1,\"name\":\"Home\",\"item\":\"https:\\\/\\\/www.allgeier.com\\\/de\\\/\"},{\"@type\":\"ListItem\",\"position\":2,\"name\":\"Investor Relations\",\"item\":\"https:\\\/\\\/www.allgeier.com\\\/de\\\/investor-relations\\\/\"},{\"@type\":\"ListItem\",\"position\":3,\"name\":\"Ad hoc-Mitteilungen\",\"item\":\"https:\\\/\\\/www.allgeier.com\\\/de\\\/investor-relations\\\/adhoc-announcements\\\/\"},{\"@type\":\"ListItem\",\"position\":4,\"name\":\"Allgeier SE: Allgeier meldet Neun-Monats-Zahlen\"}]},{\"@type\":\"WebSite\",\"@id\":\"https:\\\/\\\/www.allgeier.com\\\/de\\\/#website\",\"url\":\"https:\\\/\\\/www.allgeier.com\\\/de\\\/\",\"name\":\"Allgeier SE\",\"description\":\"Software &amp; IT Services for digital transformation\",\"potentialAction\":[{\"@type\":\"SearchAction\",\"target\":{\"@type\":\"EntryPoint\",\"urlTemplate\":\"https:\\\/\\\/www.allgeier.com\\\/de\\\/?s={search_term_string}\"},\"query-input\":{\"@type\":\"PropertyValueSpecification\",\"valueRequired\":true,\"valueName\":\"search_term_string\"}}],\"inLanguage\":\"de\"}]}<\/script>\n<!-- \/ Yoast SEO plugin. -->","yoast_head_json":{"title":"Allgeier SE: Allgeier meldet Neun-Monats-Zahlen - Allgeier SE","robots":{"index":"index","follow":"follow","max-snippet":"max-snippet:-1","max-image-preview":"max-image-preview:large","max-video-preview":"max-video-preview:-1"},"canonical":"https:\/\/www.allgeier.com\/de\/investor-relations\/adhoc-announcements\/allgeier-se-allgeier-meldet-neun-monats-zahlen\/","og_locale":"de_DE","og_type":"article","og_title":"Allgeier SE: Allgeier meldet Neun-Monats-Zahlen - Allgeier SE","og_description":"M\u00fcnchen, 06.11.2014 - Allgeier SE (ISIN DE0005086300, WKN 508630) konnte aufgrund der Umsatzentwicklung im dritten Quartal nach einem stagnierenden ersten Halbjahr in den ersten neun Monaten des Gesch\u00e4ftsjahres 2014 (01. Januar 2014 - 30. September 2014) gem\u00e4\u00df vorl\u00e4ufiger Zahlen die Umsatzerl\u00f6se leicht","og_url":"https:\/\/www.allgeier.com\/de\/investor-relations\/adhoc-announcements\/allgeier-se-allgeier-meldet-neun-monats-zahlen\/","og_site_name":"Allgeier SE","article_modified_time":"2023-01-22T17:10:04+00:00","twitter_card":"summary_large_image","twitter_misc":{"Gesch\u00e4tzte Lesezeit":"4\u00a0Minuten"},"schema":{"@context":"https:\/\/schema.org","@graph":[{"@type":"WebPage","@id":"https:\/\/www.allgeier.com\/de\/investor-relations\/adhoc-announcements\/allgeier-se-allgeier-meldet-neun-monats-zahlen\/","url":"https:\/\/www.allgeier.com\/de\/investor-relations\/adhoc-announcements\/allgeier-se-allgeier-meldet-neun-monats-zahlen\/","name":"Allgeier SE: Allgeier meldet Neun-Monats-Zahlen - Allgeier SE","isPartOf":{"@id":"https:\/\/www.allgeier.com\/de\/#website"},"datePublished":"2014-11-06T10:52:40+00:00","dateModified":"2023-01-22T17:10:04+00:00","breadcrumb":{"@id":"https:\/\/www.allgeier.com\/de\/investor-relations\/adhoc-announcements\/allgeier-se-allgeier-meldet-neun-monats-zahlen\/#breadcrumb"},"inLanguage":"de","potentialAction":[{"@type":"ReadAction","target":["https:\/\/www.allgeier.com\/de\/investor-relations\/adhoc-announcements\/allgeier-se-allgeier-meldet-neun-monats-zahlen\/"]}]},{"@type":"BreadcrumbList","@id":"https:\/\/www.allgeier.com\/de\/investor-relations\/adhoc-announcements\/allgeier-se-allgeier-meldet-neun-monats-zahlen\/#breadcrumb","itemListElement":[{"@type":"ListItem","position":1,"name":"Home","item":"https:\/\/www.allgeier.com\/de\/"},{"@type":"ListItem","position":2,"name":"Investor Relations","item":"https:\/\/www.allgeier.com\/de\/investor-relations\/"},{"@type":"ListItem","position":3,"name":"Ad hoc-Mitteilungen","item":"https:\/\/www.allgeier.com\/de\/investor-relations\/adhoc-announcements\/"},{"@type":"ListItem","position":4,"name":"Allgeier SE: Allgeier meldet Neun-Monats-Zahlen"}]},{"@type":"WebSite","@id":"https:\/\/www.allgeier.com\/de\/#website","url":"https:\/\/www.allgeier.com\/de\/","name":"Allgeier SE","description":"Software &amp; IT Services for digital transformation","potentialAction":[{"@type":"SearchAction","target":{"@type":"EntryPoint","urlTemplate":"https:\/\/www.allgeier.com\/de\/?s={search_term_string}"},"query-input":{"@type":"PropertyValueSpecification","valueRequired":true,"valueName":"search_term_string"}}],"inLanguage":"de"}]}},"_links":{"self":[{"href":"https:\/\/www.allgeier.com\/de\/wp-json\/wp\/v2\/pages\/5514","targetHints":{"allow":["GET"]}}],"collection":[{"href":"https:\/\/www.allgeier.com\/de\/wp-json\/wp\/v2\/pages"}],"about":[{"href":"https:\/\/www.allgeier.com\/de\/wp-json\/wp\/v2\/types\/page"}],"author":[{"embeddable":true,"href":"https:\/\/www.allgeier.com\/de\/wp-json\/wp\/v2\/users\/4"}],"replies":[{"embeddable":true,"href":"https:\/\/www.allgeier.com\/de\/wp-json\/wp\/v2\/comments?post=5514"}],"version-history":[{"count":1,"href":"https:\/\/www.allgeier.com\/de\/wp-json\/wp\/v2\/pages\/5514\/revisions"}],"predecessor-version":[{"id":5515,"href":"https:\/\/www.allgeier.com\/de\/wp-json\/wp\/v2\/pages\/5514\/revisions\/5515"}],"up":[{"embeddable":true,"href":"https:\/\/www.allgeier.com\/de\/wp-json\/wp\/v2\/pages\/1155"}],"wp:attachment":[{"href":"https:\/\/www.allgeier.com\/de\/wp-json\/wp\/v2\/media?parent=5514"}],"wp:term":[{"taxonomy":"category","embeddable":true,"href":"https:\/\/www.allgeier.com\/de\/wp-json\/wp\/v2\/categories?post=5514"},{"taxonomy":"post_tag","embeddable":true,"href":"https:\/\/www.allgeier.com\/de\/wp-json\/wp\/v2\/tags?post=5514"}],"curies":[{"name":"wp","href":"https:\/\/api.w.org\/{rel}","templated":true}]}}